{"id":10378,"date":"2024-02-09T17:00:02","date_gmt":"2024-02-09T17:00:02","guid":{"rendered":"http:\/\/maldives-paradise.com\/?page_id=10378"},"modified":"2024-09-14T08:09:28","modified_gmt":"2024-09-14T08:09:28","slug":"geografi-och-vader","status":"publish","type":"page","link":"http:\/\/maldives-paradise.com\/sv\/geografi-och-vader\/","title":{"rendered":"Geografi och v\u00e4der"},"content":{"rendered":"<div class=\"wpb-content-wrapper\"><div class=\"vc_row wpb_row vc_row-fluid\"><div class=\"wpb_column vc_column_container vc_col-sm-12\"><div class=\"vc_column-inner\"><div class=\"wpb_wrapper\">\n\t<div class=\"wpb_text_column wpb_content_element\" >\n\t\t<div class=\"wpb_wrapper\">\n\t\t\t<h3>Geografi och v\u00e4der p\u00e5 Maldiverna<\/h3>\n\n\t\t<\/div>\n\t<\/div>\n<\/div><\/div><\/div><\/div><div class=\"vc_row wpb_row vc_row-fluid\"><div class=\"wpb_column vc_column_container vc_col-sm-12\"><div class=\"vc_column-inner\"><div class=\"wpb_wrapper\">\n\t<div  class=\"wpb_single_image wpb_content_element vc_align_left wpb_content_element\">\n\t\t\n\t\t<figure class=\"wpb_wrapper vc_figure\">\n\t\t\t<div class=\"vc_single_image-wrapper   vc_box_border_grey\"><img loading=\"lazy\" decoding=\"async\" width=\"800\" height=\"600\" src=\"https:\/\/maldives-paradise.com\/wp-content\/uploads\/2024\/02\/maldives-1095102_1280.jpg\" class=\"vc_single_image-img attachment-full\" alt=\"En atoll p\u00e5 Maldiverna\" title=\"maldiverna-1095102_1280\" srcset=\"https:\/\/maldives-paradise.com\/wp-content\/uploads\/2024\/02\/maldives-1095102_1280.jpg 800w, https:\/\/maldives-paradise.com\/wp-content\/uploads\/2024\/02\/maldives-1095102_1280-300x225.jpg 300w, https:\/\/maldives-paradise.com\/wp-content\/uploads\/2024\/02\/maldives-1095102_1280-768x576.jpg 768w, https:\/\/maldives-paradise.com\/wp-content\/uploads\/2024\/02\/maldives-1095102_1280-16x12.jpg 16w, https:\/\/maldives-paradise.com\/wp-content\/uploads\/2024\/02\/maldives-1095102_1280-678x509.jpg 678w, https:\/\/maldives-paradise.com\/wp-content\/uploads\/2024\/02\/maldives-1095102_1280-326x245.jpg 326w, https:\/\/maldives-paradise.com\/wp-content\/uploads\/2024\/02\/maldives-1095102_1280-80x60.jpg 80w, https:\/\/maldives-paradise.com\/wp-content\/uploads\/2024\/02\/maldives-1095102_1280-500x375.jpg 500w\" sizes=\"auto, (max-width: 800px) 100vw, 800px\" \/><\/div>\n\t\t<\/figure>\n\t<\/div>\n<\/div><\/div><\/div><\/div><div class=\"vc_row wpb_row vc_row-fluid\"><div class=\"wpb_column vc_column_container vc_col-sm-12\"><div class=\"vc_column-inner\"><div class=\"wpb_wrapper\">\n\t<div class=\"wpb_text_column wpb_content_element\" >\n\t\t<div class=\"wpb_wrapper\">\n\t\t\t<p><strong>Geografi<\/strong><\/p>\n<p>Maldiverna \u00e4r ett land och en \u00f6grupp som ligger i Indiska oceanen, cirka 2000 km s\u00f6der om Indiens kust och sydv\u00e4st om Sri Lanka. Den str\u00e4ckte sig \u00f6ver 900 kilometer fr\u00e5n norr till s\u00f6der. Denna fantastiska sk\u00e4rg\u00e5rd, som best\u00e5r av 26 atoller och \u00f6ver 1 000 korall\u00f6ar. Dessa atoller, bildade av korallrev. Det \u00e4r k\u00e4nt \u00f6ver hela v\u00e4rlden f\u00f6r sin hisnande naturliga sk\u00f6nhet och o\u00f6vertr\u00e4ffade lyx. Maldiverna \u00e4r ett tropiskt paradis som lockar resen\u00e4rer med sina or\u00f6rda str\u00e4nder, azurbl\u00e5 vatten och pulserande marint liv.<\/p>\n<p><strong>Klimat<\/strong><\/p>\n<p>Maldiverna har ett tropiskt klimat som k\u00e4nnetecknas av tv\u00e5 distinkta \u00e5rstider \u2013 torrperioden (nordostmonsun) och v\u00e5tperioden (sydv\u00e4stmonsun).<br \/>\nDen torra s\u00e4songen, som vanligtvis str\u00e4cker sig fr\u00e5n december till april, har klar himmel, rikligt med solsken och lugna hav, vilket g\u00f6r det till den perfekta tiden f\u00f6r strand\u00e4lskare och vattenentusiaster att bes\u00f6ka. Under denna period varierar temperaturen fr\u00e5n 25\u00b0C till 31\u00b0C (77\u00b0F till 88\u00b0F), vilket skapar idealiska f\u00f6rh\u00e5llanden f\u00f6r snorkling, dykning och andra vattenaktiviteter.<\/p>\n<p>Omv\u00e4nt ger den v\u00e5ta s\u00e4songen, som intr\u00e4ffar fr\u00e5n maj till november, enstaka regn och starkare vindar. Trots de sporadiska skyfallen f\u00f6rblir temperaturen varma, fr\u00e5n 26\u00b0C till 30\u00b0C (79\u00b0F till 86\u00b0F). \u00c4ven om vissa kanske drar sig f\u00f6r att bes\u00f6ka under denna tid, erbjuder den regniga \u00e5rstiden sin egen tjusning, inklusive l\u00e4gre priser, f\u00e4rre folkmassor och chansen att bevittna Maldiverna i ett lugnare tillst\u00e5nd.<\/p>\n<p><a href=\"https:\/\/maldives-paradise.com\/sv\/arstider-pa-maldiverna\/\">\u00c5rstider p\u00e5 Maldiverna<\/a><\/p>\n\n\t\t<\/div>\n\t<\/div>\n<\/div><\/div><\/div><\/div>\n<\/div>","protected":false},"excerpt":{"rendered":"<div class=\"mh-excerpt\"><\/div>","protected":false},"author":1,"featured_media":10379,"parent":0,"menu_order":0,"comment_status":"closed","ping_status":"closed","template":"","meta":{"footnotes":""},"class_list":["post-10378","page","type-page","status-publish","has-post-thumbnail"],"aioseo_notices":[],"_links":{"self":[{"href":"http:\/\/maldives-paradise.com\/sv\/wp-json\/wp\/v2\/pages\/10378","targetHints":{"allow":["GET"]}}],"collection":[{"href":"http:\/\/maldives-paradise.com\/sv\/wp-json\/wp\/v2\/pages"}],"about":[{"href":"http:\/\/maldives-paradise.com\/sv\/wp-json\/wp\/v2\/types\/page"}],"author":[{"embeddable":true,"href":"http:\/\/maldives-paradise.com\/sv\/wp-json\/wp\/v2\/users\/1"}],"replies":[{"embeddable":true,"href":"http:\/\/maldives-paradise.com\/sv\/wp-json\/wp\/v2\/comments?post=10378"}],"version-history":[{"count":2,"href":"http:\/\/maldives-paradise.com\/sv\/wp-json\/wp\/v2\/pages\/10378\/revisions"}],"predecessor-version":[{"id":24639,"href":"http:\/\/maldives-paradise.com\/sv\/wp-json\/wp\/v2\/pages\/10378\/revisions\/24639"}],"wp:featuredmedia":[{"embeddable":true,"href":"http:\/\/maldives-paradise.com\/sv\/wp-json\/wp\/v2\/media\/10379"}],"wp:attachment":[{"href":"http:\/\/maldives-paradise.com\/sv\/wp-json\/wp\/v2\/media?parent=10378"}],"curies":[{"name":"wp","href":"https:\/\/api.w.org\/{rel}","templated":true}]}}