{"id":10340,"date":"2024-02-08T19:07:28","date_gmt":"2024-02-08T19:07:28","guid":{"rendered":"http:\/\/maldives-paradise.com\/?page_id=10340"},"modified":"2025-01-06T09:09:08","modified_gmt":"2025-01-06T09:09:08","slug":"populara-aktiviteter-att-gora-pa-maldiverna","status":"publish","type":"page","link":"http:\/\/maldives-paradise.com\/sv\/populara-aktiviteter-att-gora-pa-maldiverna\/","title":{"rendered":"Popul\u00e4ra aktiviteter att g\u00f6ra p\u00e5 Maldiverna"},"content":{"rendered":"<div class=\"wpb-content-wrapper\"><div class=\"vc_row wpb_row vc_row-fluid\"><div class=\"wpb_column vc_column_container vc_col-sm-12\"><div class=\"vc_column-inner\"><div class=\"wpb_wrapper\">\n\t<div  class=\"wpb_single_image wpb_content_element vc_align_left wpb_content_element\">\n\t\t\n\t\t<figure class=\"wpb_wrapper vc_figure\">\n\t\t\t<div class=\"vc_single_image-wrapper   vc_box_border_grey\"><img loading=\"lazy\" decoding=\"async\" width=\"1280\" height=\"850\" src=\"https:\/\/maldives-paradise.com\/wp-content\/uploads\/2024\/02\/atoll-2179281_1280.jpg\" class=\"vc_single_image-img attachment-full\" alt=\"Popul\u00e4ra saker att g\u00f6ra\" title=\"atoll-2179281_1280\" srcset=\"https:\/\/maldives-paradise.com\/wp-content\/uploads\/2024\/02\/atoll-2179281_1280.jpg 1280w, https:\/\/maldives-paradise.com\/wp-content\/uploads\/2024\/02\/atoll-2179281_1280-300x199.jpg 300w, https:\/\/maldives-paradise.com\/wp-content\/uploads\/2024\/02\/atoll-2179281_1280-1024x680.jpg 1024w, https:\/\/maldives-paradise.com\/wp-content\/uploads\/2024\/02\/atoll-2179281_1280-768x510.jpg 768w, https:\/\/maldives-paradise.com\/wp-content\/uploads\/2024\/02\/atoll-2179281_1280-18x12.jpg 18w, https:\/\/maldives-paradise.com\/wp-content\/uploads\/2024\/02\/atoll-2179281_1280-500x332.jpg 500w, https:\/\/maldives-paradise.com\/wp-content\/uploads\/2024\/02\/atoll-2179281_1280-800x531.jpg 800w\" sizes=\"auto, (max-width: 1280px) 100vw, 1280px\" \/><\/div>\n\t\t<\/figure>\n\t<\/div>\n<\/div><\/div><\/div><\/div><div class=\"vc_row wpb_row vc_row-fluid\"><div class=\"wpb_column vc_column_container vc_col-sm-12\"><div class=\"vc_column-inner\"><div class=\"wpb_wrapper\">\n\t<div class=\"wpb_text_column wpb_content_element\" >\n\t\t<div class=\"wpb_wrapper\">\n\t\t\t<p>Maldiverna, med sina fantastiska korallatoller, turkosa vatten och palmkantade str\u00e4nder, \u00e4r en dr\u00f6mdestination f\u00f6r resen\u00e4rer som s\u00f6ker en tropisk flykt utan dess like. Ut\u00f6ver sin hisnande sk\u00f6nhet erbjuder Maldiverna m\u00e5nga aktiviteter och upplevelser som passar alla typer av resen\u00e4rer. H\u00e4r \u00e4r de mest popul\u00e4ra aktiviteterna att g\u00f6ra p\u00e5 Maldiverna, fr\u00e5n sp\u00e4nnande vattensporter till avkopplande strandresor:<\/p>\n<p><strong>Snorkling och dykning:<\/strong><\/p>\n<p>Maldiverna \u00e4r k\u00e4nt f\u00f6r sina livliga korallrev och m\u00e5ngsidiga marina liv, vilket g\u00f6r det till ett paradis f\u00f6r snorklare och dykare. Utforska undervattenstr\u00e4dg\u00e5rdar som kryllar av f\u00e4rgglada fiskar, majest\u00e4tiska mantor och graci\u00f6sa havssk\u00f6ldpaddor. Med m\u00e5nga dykplatser utspridda \u00f6ver hela sk\u00e4rg\u00e5rden, inklusive ber\u00f6mda platser som Maaya Thila och Fish Head, finns det ingen brist p\u00e5 undervattensunderverk att uppt\u00e4cka.<\/p>\n<p><strong>Vattensporter:<br \/>\n<\/strong><br \/>\nF\u00f6r adrenalinjunkies och vattensportentusiaster erbjuder Maldiverna ett brett utbud av aktiviteter f\u00f6r att f\u00e5 ditt hj\u00e4rta att springa. Prova p\u00e5 vindsurfing, kiteboarding eller parasailing och upplev sp\u00e4nningen med att glida \u00f6ver Indiska oceanens kristallklara vatten. Kajakpaddling, paddleboard och vattenskoter \u00e4r ocks\u00e5 popul\u00e4ra alternativ f\u00f6r dem som vill utforska \u00f6ns laguner och mangroveskogar.<\/p>\n<p><strong>Kryssningar i solnedg\u00e5ngen:<\/strong><\/p>\n<p>F\u00e5 upplevelser kan j\u00e4mf\u00f6ras med att se solnedg\u00e5ngen \u00f6ver den maldiviska horisonten fr\u00e5n d\u00e4cket p\u00e5 en traditionell dhoni-b\u00e5t. Kryssningar i solnedg\u00e5ngen erbjuder det perfekta tillf\u00e4llet att koppla av och varva ner medan du tar in \u00f6arnas hisnande sk\u00f6nhet. Smutta p\u00e5 en uppfriskande cocktail, k\u00e4nn den milda havsbrisen p\u00e5 din hud och bevittna naturens spektakul\u00e4ra show n\u00e4r himlen spricker upp i nyanser av orange, rosa och lila.<\/p>\n<p><strong>Island Hopping:<\/strong><\/p>\n<p>Med \u00f6ver 1 000 \u00f6ar utspridda \u00f6ver Maldiverna \u00e4r \u00f6hoppning en aktivitet som m\u00e5ste g\u00f6ras f\u00f6r bes\u00f6kare som vill utforska sk\u00e4rg\u00e5rdens m\u00e5ngsidiga landskap och kulturer. Hoppa ombord p\u00e5 en motorb\u00e5t eller sj\u00f6flygplan och ge dig ut p\u00e5 en resa till obebodda \u00f6ar, lokala fiskebyar och lyxresorter. Varje \u00f6 erbjuder sin egen unika charm, fr\u00e5n or\u00f6rda str\u00e4nder och frodig vegetation till livliga korallrev och kristallklara laguner.<\/p>\n<p><strong>Spa Retreats:<\/strong><\/p>\n<p>Efter en dag av att utforska Maldivernas naturliga underverk kan du unna dig en f\u00f6ryngrande spaupplevelse p\u00e5 en av \u00f6ns resorter i v\u00e4rldsklass. Sk\u00e4m bort dig med lyxiga behandlingar inspirerade av traditionella maldiviska ritualer, s\u00e5som kokosn\u00f6tsmassage, havssaltskrubb och aromatiska blomsterbad. Avkoppling \u00e4r l\u00e4tt p\u00e5 Maldiverna, d\u00e4r havets lugnande ljud och milda havsbrisar skapar den perfekta atmosf\u00e4ren f\u00f6r ultimat bortsk\u00e4mning.<\/p>\n<p><strong>Delfinsk\u00e5dning:<\/strong><\/p>\n<p>Ingen resa till Maldiverna \u00e4r komplett utan att bevittna lekfulla uppt\u00e5g hos dess inhemska spinnerdelfiner. F\u00f6lj med p\u00e5 en delfinsk\u00e5dningsutflykt och s\u00e4tt segel p\u00e5 jakt efter dessa karismatiska marina d\u00e4ggdjur n\u00e4r de leker och hoppar genom v\u00e5gorna. Oavsett om du kryssar i solnedg\u00e5ngen eller soluppg\u00e5ngen, kommer synen av delfiner som dansar i Indiska oceanens varma vatten att l\u00e4mna ett best\u00e5ende intryck.<\/p>\n<p><strong>Slutsats:<\/strong><\/p>\n<p>Fr\u00e5n undervattens\u00e4ventyr till solnedg\u00e5ngskryssningar och sparesor, Maldiverna erbjuder en m\u00e4ngd upplevelser som tillgodoser alla resen\u00e4rers \u00f6nskem\u00e5l. Oavsett om du letar efter sp\u00e4nning, avkoppling eller kulturell f\u00f6rdjupning, har detta tropiska paradis n\u00e5got f\u00f6r alla. S\u00e5 packa dina v\u00e4skor, ge dig ut p\u00e5 ett \u00e4ventyr och uppt\u00e4ck Maldivernas magi sj\u00e4lv.<\/p>\n\n\t\t<\/div>\n\t<\/div>\n<\/div><\/div><\/div><\/div><div class=\"vc_row wpb_row vc_row-fluid\"><div class=\"wpb_column vc_column_container vc_col-sm-12\"><div class=\"vc_column-inner\"><div class=\"wpb_wrapper\">\n\t<div class=\"wpb_text_column wpb_content_element\" >\n\t\t<div class=\"wpb_wrapper\">\n\t\t\t<p><a title=\"B\u00e4sta dykplatserna p\u00e5 Maldiverna\" href=\"https:\/\/maldives-paradise.com\/sv\/2024\/01\/basta-dykplatserna-i-maldiverna\/\"><strong>B\u00e4sta dykplatserna p\u00e5 Maldiverna<\/strong><\/a><\/p>\n\n\t\t<\/div>\n\t<\/div>\n<\/div><\/div><\/div><\/div>\n<\/div>","protected":false},"excerpt":{"rendered":"<div class=\"mh-excerpt\"><\/div>","protected":false},"author":1,"featured_media":10341,"parent":0,"menu_order":0,"comment_status":"closed","ping_status":"closed","template":"","meta":{"footnotes":""},"class_list":["post-10340","page","type-page","status-publish","has-post-thumbnail"],"aioseo_notices":[],"_links":{"self":[{"href":"http:\/\/maldives-paradise.com\/sv\/wp-json\/wp\/v2\/pages\/10340","targetHints":{"allow":["GET"]}}],"collection":[{"href":"http:\/\/maldives-paradise.com\/sv\/wp-json\/wp\/v2\/pages"}],"about":[{"href":"http:\/\/maldives-paradise.com\/sv\/wp-json\/wp\/v2\/types\/page"}],"author":[{"embeddable":true,"href":"http:\/\/maldives-paradise.com\/sv\/wp-json\/wp\/v2\/users\/1"}],"replies":[{"embeddable":true,"href":"http:\/\/maldives-paradise.com\/sv\/wp-json\/wp\/v2\/comments?post=10340"}],"version-history":[{"count":6,"href":"http:\/\/maldives-paradise.com\/sv\/wp-json\/wp\/v2\/pages\/10340\/revisions"}],"predecessor-version":[{"id":32109,"href":"http:\/\/maldives-paradise.com\/sv\/wp-json\/wp\/v2\/pages\/10340\/revisions\/32109"}],"wp:featuredmedia":[{"embeddable":true,"href":"http:\/\/maldives-paradise.com\/sv\/wp-json\/wp\/v2\/media\/10341"}],"wp:attachment":[{"href":"http:\/\/maldives-paradise.com\/sv\/wp-json\/wp\/v2\/media?parent=10340"}],"curies":[{"name":"wp","href":"https:\/\/api.w.org\/{rel}","templated":true}]}}