{"id":10316,"date":"2024-02-08T06:52:54","date_gmt":"2024-02-08T06:52:54","guid":{"rendered":"http:\/\/maldives-paradise.com\/?page_id=10316"},"modified":"2024-02-08T06:52:54","modified_gmt":"2024-02-08T06:52:54","slug":"reethi-beach-resort","status":"publish","type":"page","link":"http:\/\/maldives-paradise.com\/sv\/reethi-beach-resort\/","title":{"rendered":"Reethi Beach Resort"},"content":{"rendered":"<div class=\"wpb-content-wrapper\"><div class=\"vc_row wpb_row vc_row-fluid\"><div class=\"wpb_column vc_column_container vc_col-sm-12\"><div class=\"vc_column-inner\"><div class=\"wpb_wrapper\">\n\t<div class=\"wpb_text_column wpb_content_element\" >\n\t\t<div class=\"wpb_wrapper\">\n\t\t\t<h3>Reethi Beach Resort: Din ink\u00f6rsport till paradiset<\/h3>\n\n\t\t<\/div>\n\t<\/div>\n<\/div><\/div><\/div><\/div><div class=\"vc_row wpb_row vc_row-fluid\"><div class=\"wpb_column vc_column_container vc_col-sm-12\"><div class=\"vc_column-inner\"><div class=\"wpb_wrapper\">\n\t<div class=\"wpb_video_widget wpb_content_element vc_clearfix   vc_video-aspect-ratio-169 vc_video-el-width-100 vc_video-align-left\" >\n\t\t<div class=\"wpb_wrapper\">\n\t\t\t\n\t\t\t<div class=\"wpb_video_wrapper\"><iframe loading=\"lazy\" title=\"V\u00c4LKOMMEN TILL REETHI BEACH\" width=\"500\" height=\"281\" src=\"https:\/\/www.youtube.com\/embed\/3GYrAkbyxW0?feature=oembed\" frameborder=\"0\" allow=\"accelerometer; autoplay; clipboard-write; encrypted-media; gyroscope; picture-in-picture; web-share\" allowfullscreen><\/iframe><\/div>\n\t\t<\/div>\n\t<\/div>\n<\/div><\/div><\/div><\/div><div class=\"vc_row wpb_row vc_row-fluid\"><div class=\"wpb_column vc_column_container vc_col-sm-12\"><div class=\"vc_column-inner\"><div class=\"wpb_wrapper\">\n\t<div class=\"wpb_text_column wpb_content_element\" >\n\t\t<div class=\"wpb_wrapper\">\n\t\t\t<p>Maldiverna, k\u00e4nda f\u00f6r sina uts\u00f6kta korallatoller, or\u00f6rda str\u00e4nder och turkosa vatten, \u00e4r en dr\u00f6mdestination f\u00f6r resen\u00e4rer som s\u00f6ker den perfekta tropiska flykten. Mitt i denna f\u00f6rtrollande sk\u00e4rg\u00e5rd ligger <strong>Reethi Beach Resort<\/strong>, en lugn oas som erbjuder en exceptionell blandning av lyx, avkoppling och maldivisk charm.<\/p>\n<p><strong>L\u00e4ge och tillg\u00e4nglighet<\/strong><\/p>\n<p>Reethi Beach Resort \u00e4r idealiskt bel\u00e4get p\u00e5 \u00f6n Fonimagoodhoo, i Baa-atollen, ett UNESCO-biosf\u00e4rreservat. Tillg\u00e5ngen till detta tropiska paradis underl\u00e4ttas av en bekv\u00e4m 35-minutersresa med sj\u00f6flygplan fr\u00e5n Velanas internationella flygplats. Denna s\u00f6ml\u00f6sa och natursk\u00f6na flygning l\u00e5ter g\u00e4sterna b\u00f6rja sitt Maldiviska \u00e4ventyr s\u00e5 snart de anl\u00e4nder.<\/p>\n<p><strong>boende<\/strong><\/p>\n<p>Anl\u00e4ggningen erbjuder en rad lyxiga boendealternativ, var och en noggrant designad f\u00f6r att ge den perfekta blandningen av komfort och modern lyx. Fr\u00e5n eleganta strandn\u00e4ra villor till uts\u00f6kta bungalower \u00f6ver vattnet kan g\u00e4sterna v\u00e4lja sin idealiska tillflyktsort. Bungalowerna ovanf\u00f6r vattnet erbjuder direkt tillg\u00e5ng till den azurbl\u00e5 lagunen och f\u00f6rdjupar dig i Indiska oceanens f\u00e4ngslande sk\u00f6nhet.<\/p>\n<p><strong>Matsal<\/strong><\/p>\n<p>Reethi Beach Resort lockar dina smakl\u00f6kar med ett varierat urval av kulinariska upplevelser. Anl\u00e4ggningens huvudrestaurang, Reethi Grill, erbjuder en h\u00e4rlig blandning av internationella och maldiviska r\u00e4tter. G\u00e4sterna kan ocks\u00e5 njuta av asiatiskt-inspirerade r\u00e4tter p\u00e5 specialrestaurangen Saima Garden. Med en h\u00e4ngivenhet att tillhandah\u00e5lla uts\u00f6kt mat \u00e4r varje m\u00e5ltid p\u00e5 resorten ett kulinariskt \u00e4ventyr.<\/p>\n<p><strong>Aktiviteter och \u00e4ventyr<\/strong><\/p>\n<p>Oavsett om du \u00e4r en \u00e4ventyrsentusiast eller s\u00f6ker avkoppling, erbjuder resorten aktiviteter f\u00f6r alla smaker. Utforska den pulserande undervattensv\u00e4rlden med snorkling och dyknings\u00e4ventyr. Delta i olika vattensporter som vindsurfing, kajakpaddling och paddleboard. F\u00f6r dem som \u00e4r ute efter avkoppling erbjuder resortens spa en rad f\u00f6ryngrande behandlingar och h\u00e4lsoaktiviteter.<\/p>\n<p><strong>H\u00e5llbarhet och bevarande<\/strong><\/p>\n<p>Reethi Beach Resort \u00e4r djupt engagerad i h\u00e5llbara metoder och marin bevarande. Anl\u00e4ggningen deltar aktivt i korallrestaureringsinitiativ, marina saneringsinsatser och st\u00f6djer lokala milj\u00f6initiativ. G\u00e4sterna uppmuntras att engagera sig i dessa aktiviteter och bidra positivt till bevarandet av Maldivernas v\u00e4rdefulla marina ekosystem.<\/p>\n<p><strong>Unika upplevelser<\/strong><\/p>\n<p>F\u00f6r att g\u00f6ra din vistelse riktigt speciell erbjuder resorten unika upplevelser som solnedg\u00e5ngskryssningar, delfinsk\u00e5dning och guidade snorklingsturer till n\u00e4rliggande korallrev. Oavsett om du vill f\u00f6rdjupa dig i den lokala kulturen, bevittna hisnande solnedg\u00e5ngar eller bara koppla av i paradiset, garanterar Reethi Beach Resort att det finns n\u00e5got f\u00f6r alla.<\/p>\n<p><strong>Slutsats<\/strong><\/p>\n<p>Sammanfattningsvis \u00e4r Reethi Beach Resort en tropisk fristad som utlovar en extraordin\u00e4r tillflyktsort. Dess idylliska l\u00e4ge, lyxiga boende, m\u00e5ngsidiga k\u00f6ket och engagemang f\u00f6r h\u00e5llbarhet g\u00f6r det till det perfekta valet f\u00f6r resen\u00e4rer som s\u00f6ker avkoppling och \u00e4ventyr. Oavsett om du firar ett speciellt tillf\u00e4lle eller s\u00f6ker en f\u00f6ryngrande flykt, erbjuder Reethi Beach Resort en upplevelse som skapar omhuldade minnen. Boka din vistelse idag och ge dig ut p\u00e5 en of\u00f6rgl\u00f6mlig resa till paradiset p\u00e5 Maldiverna.<\/p>\n\n\t\t<\/div>\n\t<\/div>\n<\/div><\/div><\/div><\/div><div class=\"vc_row wpb_row vc_row-fluid\"><div class=\"wpb_column vc_column_container vc_col-sm-12\"><div class=\"vc_column-inner\"><div class=\"wpb_wrapper\"><div class=\"vc_btn3-container vc_btn3-inline vc_do_btn\" ><a class=\"vc_general vc_btn3 vc_btn3-size-lg vc_btn3-shape-rounded vc_btn3-style-modern vc_btn3-color-danger\" href=\"https:\/\/lamp.glopss.com\/aff_c?offer_id=366&#038;aff_id=1834&#038;url=https%3A%2F%2Fwww.reethibeach.com%2F%3Futm_source%3Dglopss%26utm_medium%3Dpartners%26utm_content%3Dcountry_code\" title=\"\" target=\"_blank\">L\u00e4s mer och boka med b\u00e4sta pris h\u00e4r &gt;&gt;<\/a><\/div><\/div><\/div><\/div><\/div>\n<\/div>","protected":false},"excerpt":{"rendered":"<div class=\"mh-excerpt\"><\/div>","protected":false},"author":1,"featured_media":10317,"parent":0,"menu_order":0,"comment_status":"closed","ping_status":"closed","template":"","meta":{"footnotes":""},"class_list":["post-10316","page","type-page","status-publish","has-post-thumbnail"],"aioseo_notices":[],"_links":{"self":[{"href":"http:\/\/maldives-paradise.com\/sv\/wp-json\/wp\/v2\/pages\/10316","targetHints":{"allow":["GET"]}}],"collection":[{"href":"http:\/\/maldives-paradise.com\/sv\/wp-json\/wp\/v2\/pages"}],"about":[{"href":"http:\/\/maldives-paradise.com\/sv\/wp-json\/wp\/v2\/types\/page"}],"author":[{"embeddable":true,"href":"http:\/\/maldives-paradise.com\/sv\/wp-json\/wp\/v2\/users\/1"}],"replies":[{"embeddable":true,"href":"http:\/\/maldives-paradise.com\/sv\/wp-json\/wp\/v2\/comments?post=10316"}],"version-history":[{"count":2,"href":"http:\/\/maldives-paradise.com\/sv\/wp-json\/wp\/v2\/pages\/10316\/revisions"}],"predecessor-version":[{"id":10319,"href":"http:\/\/maldives-paradise.com\/sv\/wp-json\/wp\/v2\/pages\/10316\/revisions\/10319"}],"wp:featuredmedia":[{"embeddable":true,"href":"http:\/\/maldives-paradise.com\/sv\/wp-json\/wp\/v2\/media\/10317"}],"wp:attachment":[{"href":"http:\/\/maldives-paradise.com\/sv\/wp-json\/wp\/v2\/media?parent=10316"}],"curies":[{"name":"wp","href":"https:\/\/api.w.org\/{rel}","templated":true}]}}