{"id":10281,"date":"2024-02-07T15:43:14","date_gmt":"2024-02-07T15:43:14","guid":{"rendered":"http:\/\/maldives-paradise.com\/?page_id=10281"},"modified":"2025-10-10T14:50:48","modified_gmt":"2025-10-10T14:50:48","slug":"plumeria-maldiverna","status":"publish","type":"page","link":"http:\/\/maldives-paradise.com\/sv\/plumeria-maldiverna\/","title":{"rendered":"Plumeria Maldiverna"},"content":{"rendered":"<div class=\"wpb-content-wrapper\"><div class=\"vc_row wpb_row vc_row-fluid\"><div class=\"wpb_column vc_column_container vc_col-sm-12\"><div class=\"vc_column-inner\"><div class=\"wpb_wrapper\">\n\t<div class=\"wpb_text_column wpb_content_element\" >\n\t\t<div class=\"wpb_wrapper\">\n\t\t\t<h3>Plumeria Maldives: Din ink\u00f6rsport till tropiskt lyx<\/h3>\n\n\t\t<\/div>\n\t<\/div>\n<\/div><\/div><\/div><\/div><div class=\"vc_row wpb_row vc_row-fluid\"><div class=\"wpb_column vc_column_container vc_col-sm-12\"><div class=\"vc_column-inner\"><div class=\"wpb_wrapper\">\n\t<div class=\"wpb_video_widget wpb_content_element vc_clearfix   vc_video-aspect-ratio-169 vc_video-el-width-100 vc_video-align-left\" >\n\t\t<div class=\"wpb_wrapper\">\n\t\t\t\n\t\t\t<div class=\"wpb_video_wrapper\"><iframe loading=\"lazy\" title=\"Plumeria Maldiverna Thinadhoo Vaavu Atoll\" width=\"500\" height=\"281\" src=\"https:\/\/www.youtube.com\/embed\/_TuZkWxHK5s?feature=oembed\" frameborder=\"0\" allow=\"accelerometer; autoplay; clipboard-write; encrypted-media; gyroscope; picture-in-picture; web-share\" allowfullscreen><\/iframe><\/div>\n\t\t<\/div>\n\t<\/div>\n<\/div><\/div><\/div><\/div><div class=\"vc_row wpb_row vc_row-fluid\"><div class=\"wpb_column vc_column_container vc_col-sm-12\"><div class=\"vc_column-inner\"><div class=\"wpb_wrapper\">\n\t<div class=\"wpb_text_column wpb_content_element\" >\n\t\t<div class=\"wpb_wrapper\">\n\t\t\t<p>Maldiverna, k\u00e4nda f\u00f6r sina hisnande korallatoller, or\u00f6rda str\u00e4nder och turkosa vatten, \u00e4r ett eftertraktat resm\u00e5l f\u00f6r resen\u00e4rer som s\u00f6ker den ultimata tropiska flykten. <strong>Plumeria Maldiverna<\/strong> \u00e4r en lyxig resort som utlovar en o\u00f6vertr\u00e4ffad blandning av avkoppling, \u00e4ventyr och maldivisk charm.<\/p>\n<p><strong>L\u00e4ge och tillg\u00e4nglighet<\/strong><\/p>\n<p>Plumeria Maldives \u00e4r strategiskt bel\u00e4get p\u00e5 den fantastiska \u00f6n Dhigurah, i s\u00f6dra Ari-atollen. Tillg\u00e5ng till detta tropiska paradis \u00e4r m\u00f6jligt genom ett natursk\u00f6nt 20-minuters inrikesflyg fr\u00e5n Velana International Airport till Maamigili Airport, f\u00f6ljt av en kort tur med motorb\u00e5t till resorten. Denna s\u00f6ml\u00f6sa resa s\u00e4kerst\u00e4ller att ditt Maldiviska \u00e4ventyr b\u00f6rjar s\u00e5 snart du anl\u00e4nder.<\/p>\n<p><strong>boende<\/strong><\/p>\n<p>Anl\u00e4ggningen erbjuder en rad lyxiga boendealternativ, alla designade f\u00f6r att ge den perfekta blandningen av komfort och modern lyx. Fr\u00e5n villor vid stranden till bungalower \u00f6ver vattnet kan g\u00e4sterna v\u00e4lja sin perfekta tillflyktsort. Bungalowerna ovanf\u00f6r vattnet erbjuder direkt tillg\u00e5ng till den kristallklara lagunen, som f\u00f6rdjupar dig i Indiska oceanens fascinerande sk\u00f6nhet.<\/p>\n<p><strong>Matsal<\/strong><\/p>\n<p>Plumeria Maldives lockar dina smakl\u00f6kar med ett varierat urval av kulinariska upplevelser. Anl\u00e4ggningens huvudrestaurang, Palms, erbjuder en h\u00e4rlig blandning av internationella och maldiviska r\u00e4tter. G\u00e4sterna kan ocks\u00e5 njuta av skaldjursspecialiteter p\u00e5 specialrestaurangen Saffron. Med fokus p\u00e5 att tillhandah\u00e5lla uts\u00f6kt mat \u00e4r varje m\u00e5ltid p\u00e5 resorten en minnesv\u00e4rd upplevelse.<\/p>\n<p><strong>Aktiviteter och \u00e4ventyr<\/strong><\/p>\n<p>Oavsett om du \u00e4r en \u00e4ventyrsentusiast eller s\u00f6ker avkoppling, erbjuder resorten aktiviteter f\u00f6r alla smaker. Utforska den pulserande undervattensv\u00e4rlden med snorkling och dyknings\u00e4ventyr. Delta i olika vattensporter som vindsurfing, kajakpaddling och paddleboard. F\u00f6r dem som s\u00f6ker avkoppling erbjuder resortens spa en rad f\u00f6ryngrande behandlingar och h\u00e4lsoaktiviteter.<\/p>\n<p><strong>H\u00e5llbarhet och bevarande<\/strong><\/p>\n<p>Plumeria Maldives \u00e4r djupt engagerade i h\u00e5llbara metoder och marin bevarande. Anl\u00e4ggningen deltar aktivt i korallrestaureringsinitiativ, marina saneringsinsatser och st\u00f6djer lokala milj\u00f6initiativ. G\u00e4ster uppmuntras att g\u00e5 med i dessa aktiviteter, vilket bidrar positivt till bevarandet av Maldivernas v\u00e4rdefulla marina ekosystem.<\/p>\n<p><strong>Unika upplevelser<\/strong><\/p>\n<p>F\u00f6r att g\u00f6ra din vistelse riktigt speciell erbjuder resorten unika upplevelser som delfinkryssningar, sandbankspicknickar och guidade snorklingsturer till n\u00e4rliggande korallrev. Oavsett om du vill bevittna hisnande solnedg\u00e5ngar, f\u00f6rdjupa dig i den lokala kulturen eller bara koppla av i paradiset, ser Plumeria Maldives till att det finns n\u00e5got f\u00f6r alla.<\/p>\n<p><strong>Slutsats<\/strong><\/p>\n<p>Sammanfattningsvis \u00e4r Plumeria Maldives en tropisk fristad som utlovar en extraordin\u00e4r tillflyktsort. Dess idylliska l\u00e4ge, lyxiga boende, m\u00e5ngsidiga k\u00f6ket och engagemang f\u00f6r h\u00e5llbarhet g\u00f6r det till det perfekta valet f\u00f6r resen\u00e4rer som s\u00f6ker avkoppling och \u00e4ventyr. Oavsett om du firar ett speciellt tillf\u00e4lle eller s\u00f6ker en f\u00f6ryngrande flykt, erbjuder Plumeria Maldives en upplevelse som skapar omhuldade minnen. Boka din vistelse idag och ge dig ut p\u00e5 en of\u00f6rgl\u00f6mlig resa till paradiset p\u00e5 Maldiverna.<\/p>\n\n\t\t<\/div>\n\t<\/div>\n<\/div><\/div><\/div><\/div><div class=\"vc_row wpb_row vc_row-fluid\"><div class=\"wpb_column vc_column_container vc_col-sm-12\"><div class=\"vc_column-inner\"><div class=\"wpb_wrapper\">\n\t<div class=\"wpb_text_column wpb_content_element\" >\n\t\t<div class=\"wpb_wrapper\">\n\t\t\t<h3><a title=\"Plumeria Maldiverna\" href=\"https:\/\/trip.tpo.lv\/NkQ8x6J8\" target=\"blanc2\" rel=\"nofollow\">Check availability and best price at Plumeria Maldives here &gt;&gt;<\/a><\/h3>\n\n\t\t<\/div>\n\t<\/div>\n<\/div><\/div><\/div><\/div>\n<\/div>","protected":false},"excerpt":{"rendered":"<div class=\"mh-excerpt\"><\/div>","protected":false},"author":1,"featured_media":10282,"parent":0,"menu_order":0,"comment_status":"closed","ping_status":"closed","template":"","meta":{"footnotes":""},"class_list":["post-10281","page","type-page","status-publish","has-post-thumbnail"],"aioseo_notices":[],"_links":{"self":[{"href":"http:\/\/maldives-paradise.com\/sv\/wp-json\/wp\/v2\/pages\/10281","targetHints":{"allow":["GET"]}}],"collection":[{"href":"http:\/\/maldives-paradise.com\/sv\/wp-json\/wp\/v2\/pages"}],"about":[{"href":"http:\/\/maldives-paradise.com\/sv\/wp-json\/wp\/v2\/types\/page"}],"author":[{"embeddable":true,"href":"http:\/\/maldives-paradise.com\/sv\/wp-json\/wp\/v2\/users\/1"}],"replies":[{"embeddable":true,"href":"http:\/\/maldives-paradise.com\/sv\/wp-json\/wp\/v2\/comments?post=10281"}],"version-history":[{"count":3,"href":"http:\/\/maldives-paradise.com\/sv\/wp-json\/wp\/v2\/pages\/10281\/revisions"}],"predecessor-version":[{"id":43498,"href":"http:\/\/maldives-paradise.com\/sv\/wp-json\/wp\/v2\/pages\/10281\/revisions\/43498"}],"wp:featuredmedia":[{"embeddable":true,"href":"http:\/\/maldives-paradise.com\/sv\/wp-json\/wp\/v2\/media\/10282"}],"wp:attachment":[{"href":"http:\/\/maldives-paradise.com\/sv\/wp-json\/wp\/v2\/media?parent=10281"}],"curies":[{"name":"wp","href":"https:\/\/api.w.org\/{rel}","templated":true}]}}