{"id":10263,"date":"2024-02-06T19:56:25","date_gmt":"2024-02-06T19:56:25","guid":{"rendered":"http:\/\/maldives-paradise.com\/?page_id=10263"},"modified":"2025-10-10T14:46:51","modified_gmt":"2025-10-10T14:46:51","slug":"maldivernas-parlsand","status":"publish","type":"page","link":"http:\/\/maldives-paradise.com\/sv\/maldivernas-parlsand\/","title":{"rendered":"Maldivernas p\u00e4rlsand"},"content":{"rendered":"<div class=\"wpb-content-wrapper\"><div class=\"vc_row wpb_row vc_row-fluid\"><div class=\"wpb_column vc_column_container vc_col-sm-12\"><div class=\"vc_column-inner\"><div class=\"wpb_wrapper\">\n\t<div class=\"wpb_text_column wpb_content_element\" >\n\t\t<div class=\"wpb_wrapper\">\n\t\t\t<h3>Pearl Sands of Maldives: Avt\u00e4ckning av ett tropiskt paradis<\/h3>\n\n\t\t<\/div>\n\t<\/div>\n<\/div><\/div><\/div><\/div><div class=\"vc_row wpb_row vc_row-fluid\"><div class=\"wpb_column vc_column_container vc_col-sm-12\"><div class=\"vc_column-inner\"><div class=\"wpb_wrapper\">\n\t<div class=\"wpb_video_widget wpb_content_element vc_clearfix   vc_video-aspect-ratio-169 vc_video-el-width-100 vc_video-align-left\" >\n\t\t<div class=\"wpb_wrapper\">\n\t\t\t\n\t\t\t<div class=\"wpb_video_wrapper\"><iframe loading=\"lazy\" title=\"P\u00c4RLSAND AV MALDIVER | PARADIS P\u00c5 JORDEN\" width=\"500\" height=\"281\" src=\"https:\/\/www.youtube.com\/embed\/o_gO41sZBuY?feature=oembed\" frameborder=\"0\" allow=\"accelerometer; autoplay; clipboard-write; encrypted-media; gyroscope; picture-in-picture; web-share\" allowfullscreen><\/iframe><\/div>\n\t\t<\/div>\n\t<\/div>\n<\/div><\/div><\/div><\/div><div class=\"vc_row wpb_row vc_row-fluid\"><div class=\"wpb_column vc_column_container vc_col-sm-12\"><div class=\"vc_column-inner\"><div class=\"wpb_wrapper\">\n\t<div class=\"wpb_text_column wpb_content_element\" >\n\t\t<div class=\"wpb_wrapper\">\n\t\t\t<p>Maldiverna, med sina fantastiska korallatoller, or\u00f6rda str\u00e4nder och kristallklart vatten, \u00e4r ett eftertraktat resm\u00e5l f\u00f6r resen\u00e4rer som s\u00f6ker den ultimata tropiska flykten.<\/p>\n<p><strong>L\u00e4ge och tillg\u00e4nglighet<\/strong><\/p>\n<p>Pearl Sands of Maldives har ett perfekt l\u00e4ge p\u00e5 \u00f6n Fodhdhoo, i Baa-atollen, k\u00e4nd f\u00f6r sin status som biosf\u00e4rreservat p\u00e5 UNESCO. Tillg\u00e5ng till detta avl\u00e4gsna paradis \u00e4r m\u00f6jligt genom att ta ett 45-minuters inrikesflyg fr\u00e5n Velana International Airport till Dharavandhoo Airport, f\u00f6ljt av en kort tur med motorb\u00e5t till resorten. Denna s\u00f6ml\u00f6sa resa ger resen\u00e4rer en glimt av Maldivernas naturliga sk\u00f6nhet fr\u00e5n det \u00f6gonblick de anl\u00e4nder.<\/p>\n<p><strong>boende<\/strong><\/p>\n<p>Anl\u00e4ggningen erbjuder en rad lyxiga boendealternativ, alla designade f\u00f6r att ge den perfekta blandningen av komfort och modern lyx. Fr\u00e5n villor vid stranden till bungalower \u00f6ver vattnet kan g\u00e4sterna v\u00e4lja sin perfekta tillflyktsort. S\u00e4rskilt bungalowerna ovanf\u00f6r vattnet erbjuder direkt tillg\u00e5ng till den turkosa lagunen, och f\u00f6rdjupar dig i Indiska oceanens fascinerande sk\u00f6nhet.<\/p>\n<p><strong>Matsal<\/strong><\/p>\n<p><strong>Maldivernas p\u00e4rlsand<\/strong> tillgodoser dina kulinariska \u00f6nskem\u00e5l med ett varierat utbud av matupplevelser. Anl\u00e4ggningens huvudrestaurang, The Sand Kitchen, erbjuder en h\u00e4rlig blandning av internationella och maldiviska r\u00e4tter. G\u00e4sterna kan ocks\u00e5 njuta av fisk- och skaldjursspecialiteter p\u00e5 specialrestaurangen The Pearl Grill. Med fokus p\u00e5 att tillhandah\u00e5lla uts\u00f6kt mat \u00e4r varje m\u00e5ltid p\u00e5 resorten en minnesv\u00e4rd upplevelse.<\/p>\n<p><strong>Aktiviteter och \u00e4ventyr<\/strong><\/p>\n<p>Oavsett om du s\u00f6ker \u00e4ventyr eller avkoppling, erbjuder Pearl Sands of Maldives aktiviteter f\u00f6r alla smaker. Utforska den pulserande undervattensv\u00e4rlden med snorkling och dyknings\u00e4ventyr. Delta i olika vattensporter som vindsurfing, kajakpaddling och paddleboard. F\u00f6r dem som s\u00f6ker avkoppling erbjuder resortens spa en rad f\u00f6ryngrande behandlingar och h\u00e4lsoaktiviteter.<\/p>\n<p><strong>H\u00e5llbarhet och bevarande<\/strong><\/p>\n<p>Pearl Sands of Maldives \u00e4r till\u00e4gnad h\u00e5llbara metoder och marin bevarande. Anl\u00e4ggningen deltar aktivt i korallrestaureringsinitiativ, marina saneringsinsatser och st\u00f6djer lokala milj\u00f6initiativ. G\u00e4ster uppmuntras att g\u00e5 med i dessa aktiviteter, vilket bidrar positivt till bevarandet av Maldivernas v\u00e4rdefulla marina ekosystem.<\/p>\n<p><strong>Unika upplevelser<\/strong><\/p>\n<p>F\u00f6r att g\u00f6ra din vistelse riktigt speciell erbjuder resorten unika upplevelser som stj\u00e4rnsk\u00e5dningssessioner, kulturella utflykter till lokala \u00f6ar och guidade snorklingsturer till n\u00e4rliggande korallrev. Oavsett om du vill f\u00f6rdjupa dig i den lokala kulturen, bevittna hisnande stj\u00e4rnhimlar eller bara koppla av i paradiset, garanterar Pearl Sands of Maldives att det finns n\u00e5got f\u00f6r alla.<\/p>\n<p><strong>Slutsats<\/strong><\/p>\n<p>Sammanfattningsvis \u00e4r Pearl Sands of Maldives en dold tropisk p\u00e4rla som utlovar en extraordin\u00e4r tillflyktsort. Dess avl\u00e4gset l\u00e4ge, lyxiga boende, m\u00e5ngsidiga k\u00f6ket och engagemang f\u00f6r h\u00e5llbarhet g\u00f6r det till det perfekta valet f\u00f6r resen\u00e4rer som s\u00f6ker avkoppling och \u00e4ventyr. Oavsett om du firar ett speciellt tillf\u00e4lle eller s\u00f6ker en f\u00f6ryngrande flykt, erbjuder Pearl Sands of Maldives en upplevelse som skapar omhuldade minnen. Boka din vistelse idag och ge dig ut p\u00e5 en of\u00f6rgl\u00f6mlig resa till paradiset p\u00e5 Maldiverna.<\/p>\n\n\t\t<\/div>\n\t<\/div>\n<\/div><\/div><\/div><\/div><div class=\"vc_row wpb_row vc_row-fluid\"><div class=\"wpb_column vc_column_container vc_col-sm-12\"><div class=\"vc_column-inner\"><div class=\"wpb_wrapper\">\n\t<div class=\"wpb_text_column wpb_content_element\" >\n\t\t<div class=\"wpb_wrapper\">\n\t\t\t<h3><a title=\"Maldivernas p\u00e4rlsand\" href=\"https:\/\/trip.tpo.lv\/XsJ2XyY1\" target=\"blanc2\" rel=\"nofollow\">Kontrollera tillg\u00e4nglighet och b\u00e4sta pris p\u00e5 Pearl Sands of Maldives h\u00e4r &gt;&gt;<\/a><\/h3>\n\n\t\t<\/div>\n\t<\/div>\n<\/div><\/div><\/div><\/div>\n<\/div>","protected":false},"excerpt":{"rendered":"<div class=\"mh-excerpt\"><\/div>","protected":false},"author":1,"featured_media":10264,"parent":0,"menu_order":0,"comment_status":"closed","ping_status":"closed","template":"","meta":{"footnotes":""},"class_list":["post-10263","page","type-page","status-publish","has-post-thumbnail"],"aioseo_notices":[],"_links":{"self":[{"href":"http:\/\/maldives-paradise.com\/sv\/wp-json\/wp\/v2\/pages\/10263","targetHints":{"allow":["GET"]}}],"collection":[{"href":"http:\/\/maldives-paradise.com\/sv\/wp-json\/wp\/v2\/pages"}],"about":[{"href":"http:\/\/maldives-paradise.com\/sv\/wp-json\/wp\/v2\/types\/page"}],"author":[{"embeddable":true,"href":"http:\/\/maldives-paradise.com\/sv\/wp-json\/wp\/v2\/users\/1"}],"replies":[{"embeddable":true,"href":"http:\/\/maldives-paradise.com\/sv\/wp-json\/wp\/v2\/comments?post=10263"}],"version-history":[{"count":3,"href":"http:\/\/maldives-paradise.com\/sv\/wp-json\/wp\/v2\/pages\/10263\/revisions"}],"predecessor-version":[{"id":43497,"href":"http:\/\/maldives-paradise.com\/sv\/wp-json\/wp\/v2\/pages\/10263\/revisions\/43497"}],"wp:featuredmedia":[{"embeddable":true,"href":"http:\/\/maldives-paradise.com\/sv\/wp-json\/wp\/v2\/media\/10264"}],"wp:attachment":[{"href":"http:\/\/maldives-paradise.com\/sv\/wp-json\/wp\/v2\/media?parent=10263"}],"curies":[{"name":"wp","href":"https:\/\/api.w.org\/{rel}","templated":true}]}}