{"id":10260,"date":"2024-02-06T19:47:58","date_gmt":"2024-02-06T19:47:58","guid":{"rendered":"http:\/\/maldives-paradise.com\/?page_id=10260"},"modified":"2025-10-10T14:44:04","modified_gmt":"2025-10-10T14:44:04","slug":"palm-beach-island-resort-spa","status":"publish","type":"page","link":"http:\/\/maldives-paradise.com\/sv\/palm-beach-island-resort-spa\/","title":{"rendered":"Palm Beach Island Resort &amp; Spa"},"content":{"rendered":"<div class=\"wpb-content-wrapper\"><div class=\"vc_row wpb_row vc_row-fluid\"><div class=\"wpb_column vc_column_container vc_col-sm-12\"><div class=\"vc_column-inner\"><div class=\"wpb_wrapper\">\n\t<div class=\"wpb_text_column wpb_content_element\" >\n\t\t<div class=\"wpb_wrapper\">\n\t\t\t<h3>Palm Beach Island Resort &amp; Spa Maldives: En tropisk oas av naturlig sk\u00f6nhet<\/h3>\n\n\t\t<\/div>\n\t<\/div>\n<\/div><\/div><\/div><\/div><div class=\"vc_row wpb_row vc_row-fluid\"><div class=\"wpb_column vc_column_container vc_col-sm-12\"><div class=\"vc_column-inner\"><div class=\"wpb_wrapper\">\n\t<div class=\"wpb_video_widget wpb_content_element vc_clearfix   vc_video-aspect-ratio-169 vc_video-el-width-100 vc_video-align-left\" >\n\t\t<div class=\"wpb_wrapper\">\n\t\t\t\n\t\t\t<div class=\"wpb_video_wrapper\"><iframe loading=\"lazy\" title=\"Palm Beach Island Resort &amp; Spa - Res med stil\" width=\"500\" height=\"281\" src=\"https:\/\/www.youtube.com\/embed\/FwcPHo8nsNg?feature=oembed\" frameborder=\"0\" allow=\"accelerometer; autoplay; clipboard-write; encrypted-media; gyroscope; picture-in-picture; web-share\" allowfullscreen><\/iframe><\/div>\n\t\t<\/div>\n\t<\/div>\n<\/div><\/div><\/div><\/div><div class=\"vc_row wpb_row vc_row-fluid\"><div class=\"wpb_column vc_column_container vc_col-sm-12\"><div class=\"vc_column-inner\"><div class=\"wpb_wrapper\">\n\t<div class=\"wpb_text_column wpb_content_element\" >\n\t\t<div class=\"wpb_wrapper\">\n\t\t\t<p>Maldiverna, med sina hisnande korallrev, or\u00f6rda str\u00e4nder och azurbl\u00e5 vatten, \u00e4r en dr\u00f6mdestination f\u00f6r resen\u00e4rer p\u00e5 jakt efter den perfekta tropiska flykten. Inb\u00e4ddat i detta paradis \u00e4r <strong>Palm Beach Island Resort &amp; Spa<\/strong>, en lyxig oas som utlovar en o\u00f6vertr\u00e4ffad blandning av avkoppling, \u00e4ventyr och maldivisk charm.<\/p>\n<p><strong>L\u00e4ge och tillg\u00e4nglighet<\/strong><\/p>\n<p>Palm Beach Island Resort &amp; Spa har ett perfekt l\u00e4ge p\u00e5 Madhiriguraidhoo Island, i Lhaviyani-atollen. G\u00e4sterna kan bekv\u00e4mt n\u00e5 detta tropiska paradis genom att ta en pittoresk 30-minutersresa med sj\u00f6flygplan fr\u00e5n Velanas internationella flygplats. Sj\u00e4lva resan ger en f\u00e4ngslande flygvy \u00f6ver Maldivernas naturliga sk\u00f6nhet, vilket skapar f\u00f6ruts\u00e4ttningar f\u00f6r din tropiska semester.<\/p>\n<p><strong>boende<\/strong><\/p>\n<p>Anl\u00e4ggningen erbjuder en rad lyxiga boendealternativ, var och en noggrant designad f\u00f6r att ge den perfekta blandningen av komfort och modern lyx. Fr\u00e5n villor vid stranden till bungalower \u00f6ver vattnet kan g\u00e4sterna v\u00e4lja sin idealiska tillflyktsort. S\u00e4rskilt bungalowerna ovanf\u00f6r vattnet erbjuder direkt tillg\u00e5ng till den kristallklara lagunen, som f\u00f6rdjupar dig i Indiska oceanens sk\u00f6nhet.<\/p>\n<p><strong>Matsal<\/strong><\/p>\n<p>Palm Beach Island Resort &amp; Spa gl\u00e4djer dina smakl\u00f6kar med ett varierat urval av kulinariska upplevelser. Anl\u00e4ggningens huvudrestaurang, Maaniyaa, erbjuder en h\u00e4rlig blandning av internationella och maldiviska r\u00e4tter. G\u00e4sterna kan ocks\u00e5 njuta av autentiska italienska r\u00e4tter p\u00e5 Ristorante al Tramonto, specialitetsrestaurangen. Anl\u00e4ggningens engagemang f\u00f6r att erbjuda ett brett utbud av uts\u00f6kt mat s\u00e4kerst\u00e4ller att varje m\u00e5ltid blir en minnesv\u00e4rd upplevelse.<\/p>\n<p><strong>Aktiviteter och \u00e4ventyr<\/strong><\/p>\n<p>Oavsett om du \u00e4r en \u00e4ventyrsentusiast eller s\u00f6ker avkoppling, erbjuder resorten aktiviteter f\u00f6r alla smaker. Utforska den pulserande undervattensv\u00e4rlden med snorkling och dyknings\u00e4ventyr. Delta i olika vattensporter som vindsurfing, kajakpaddling och paddleboard. F\u00f6r dem som \u00e4r ute efter avkoppling erbjuder resortens spa en rad f\u00f6ryngrande behandlingar och h\u00e4lsoaktiviteter.<\/p>\n<p><strong>H\u00e5llbarhet och bevarande<\/strong><\/p>\n<p>Palm Beach Island Resort &amp; Spa \u00e4r djupt engagerade i h\u00e5llbara metoder och marin bevarande. Anl\u00e4ggningen deltar aktivt i korallrestaureringsinitiativ, marina saneringsinsatser och st\u00f6djer lokala milj\u00f6initiativ. G\u00e4ster uppmuntras att g\u00e5 med i dessa aktiviteter, vilket bidrar positivt till bevarandet av Maldivernas v\u00e4rdefulla marina ekosystem.<\/p>\n<p><strong>Unika upplevelser<\/strong><\/p>\n<p>F\u00f6r att g\u00f6ra din vistelse riktigt speciell erbjuder resorten unika upplevelser som solnedg\u00e5ngskryssningar, \u00f6-picknickar och guidade snorklingsutflykter till n\u00e4rliggande korallrev. Oavsett om du vill f\u00f6rdjupa dig i den lokala kulturen, bevittna hisnande solnedg\u00e5ngar eller bara varva ner i paradiset, garanterar Palm Beach Island Resort &amp; Spa att det finns n\u00e5got f\u00f6r alla.<\/p>\n<p><strong>Slutsats<\/strong><\/p>\n<p>Sammanfattningsvis \u00e4r Palm Beach Island Resort &amp; Spa en tropisk fristad som utlovar en extraordin\u00e4r tillflyktsort. Dess hisnande l\u00e4ge, lyxiga boenden, m\u00e5ngsidiga k\u00f6ket och h\u00e4ngivenhet f\u00f6r h\u00e5llbarhet g\u00f6r det till det perfekta valet f\u00f6r resen\u00e4rer som s\u00f6ker avkoppling och \u00e4ventyr. Oavsett om du firar ett speciellt tillf\u00e4lle eller s\u00f6ker en f\u00f6ryngrande flykt, erbjuder Palm Beach Island Resort &amp; Spa en upplevelse som skapar omhuldade minnen. Boka din vistelse idag och ge dig ut p\u00e5 en of\u00f6rgl\u00f6mlig resa till paradiset p\u00e5 Maldiverna.<\/p>\n\n\t\t<\/div>\n\t<\/div>\n<\/div><\/div><\/div><\/div><div class=\"vc_row wpb_row vc_row-fluid\"><div class=\"wpb_column vc_column_container vc_col-sm-12\"><div class=\"vc_column-inner\"><div class=\"wpb_wrapper\">\n\t<div class=\"wpb_text_column wpb_content_element\" >\n\t\t<div class=\"wpb_wrapper\">\n\t\t\t<h3><a title=\"Palm Beach Island Resort &amp; Spa\" href=\"https:\/\/trip.tpo.lv\/ReEXW4JK\" target=\"blanc2\" rel=\"nofollow\">Check availability and best price at Palm Beach Island Resort &amp; Spa here &gt;&gt;<\/a><\/h3>\n\n\t\t<\/div>\n\t<\/div>\n<\/div><\/div><\/div><\/div>\n<\/div>","protected":false},"excerpt":{"rendered":"<div class=\"mh-excerpt\"><\/div>","protected":false},"author":1,"featured_media":10261,"parent":0,"menu_order":0,"comment_status":"closed","ping_status":"closed","template":"","meta":{"footnotes":""},"class_list":["post-10260","page","type-page","status-publish","has-post-thumbnail"],"aioseo_notices":[],"_links":{"self":[{"href":"http:\/\/maldives-paradise.com\/sv\/wp-json\/wp\/v2\/pages\/10260","targetHints":{"allow":["GET"]}}],"collection":[{"href":"http:\/\/maldives-paradise.com\/sv\/wp-json\/wp\/v2\/pages"}],"about":[{"href":"http:\/\/maldives-paradise.com\/sv\/wp-json\/wp\/v2\/types\/page"}],"author":[{"embeddable":true,"href":"http:\/\/maldives-paradise.com\/sv\/wp-json\/wp\/v2\/users\/1"}],"replies":[{"embeddable":true,"href":"http:\/\/maldives-paradise.com\/sv\/wp-json\/wp\/v2\/comments?post=10260"}],"version-history":[{"count":3,"href":"http:\/\/maldives-paradise.com\/sv\/wp-json\/wp\/v2\/pages\/10260\/revisions"}],"predecessor-version":[{"id":43496,"href":"http:\/\/maldives-paradise.com\/sv\/wp-json\/wp\/v2\/pages\/10260\/revisions\/43496"}],"wp:featuredmedia":[{"embeddable":true,"href":"http:\/\/maldives-paradise.com\/sv\/wp-json\/wp\/v2\/media\/10261"}],"wp:attachment":[{"href":"http:\/\/maldives-paradise.com\/sv\/wp-json\/wp\/v2\/media?parent=10260"}],"curies":[{"name":"wp","href":"https:\/\/api.w.org\/{rel}","templated":true}]}}