{"id":9977,"date":"2024-02-03T14:04:43","date_gmt":"2024-02-03T14:04:43","guid":{"rendered":"http:\/\/maldives-paradise.com\/?page_id=9977"},"modified":"2024-08-03T15:37:17","modified_gmt":"2024-08-03T15:37:17","slug":"resort-malahini-kuda-bandos","status":"publish","type":"page","link":"http:\/\/maldives-paradise.com\/pt\/resort-malahini-kuda-bandos\/","title":{"rendered":"Malahini Kuda Bandos Resort"},"content":{"rendered":"<div class=\"wpb-content-wrapper\"><div class=\"vc_row wpb_row vc_row-fluid\"><div class=\"wpb_column vc_column_container vc_col-sm-12\"><div class=\"vc_column-inner\"><div class=\"wpb_wrapper\">\n\t<div class=\"wpb_text_column wpb_content_element\" >\n\t\t<div class=\"wpb_wrapper\">\n\t\t\t<h3>Malahini Kuda Bandos Resort Maldivas: sua porta de entrada para a felicidade tropical<\/h3>\n\n\t\t<\/div>\n\t<\/div>\n<\/div><\/div><\/div><\/div><div class=\"vc_row wpb_row vc_row-fluid\"><div class=\"wpb_column vc_column_container vc_col-sm-12\"><div class=\"vc_column-inner\"><div class=\"wpb_wrapper\">\n\t<div class=\"wpb_video_widget wpb_content_element vc_clearfix   vc_video-aspect-ratio-169 vc_video-el-width-100 vc_video-align-left\" >\n\t\t<div class=\"wpb_wrapper\">\n\t\t\t\n\t\t\t<div class=\"wpb_video_wrapper\"><iframe loading=\"lazy\" title=\"Melhor Resort Econ\u00f4mico nas Maldivas | Malahini Kuda Bandos Resort | Avalia\u00e7\u00e3o do Resort Maldivas\" width=\"500\" height=\"281\" src=\"https:\/\/www.youtube.com\/embed\/VtasvDmnDV4?feature=oembed\" frameborder=\"0\" allow=\"accelerometer; autoplay; clipboard-write; encrypted-media; gyroscope; picture-in-picture; web-share\" allowfullscreen><\/iframe><\/div>\n\t\t<\/div>\n\t<\/div>\n<\/div><\/div><\/div><\/div><div class=\"vc_row wpb_row vc_row-fluid\"><div class=\"wpb_column vc_column_container vc_col-sm-12\"><div class=\"vc_column-inner\"><div class=\"wpb_wrapper\">\n\t<div class=\"wpb_text_column wpb_content_element\" >\n\t\t<div class=\"wpb_wrapper\">\n\t\t\t<p>As Maldivas, um para\u00edso tropical com praias imaculadas, \u00e1guas azuis e vida marinha vibrante, \u00e9 um destino de sonho para viajantes que buscam uma fuga perfeita. Aninhado neste cen\u00e1rio pitoresco est\u00e1 <a href=\"http:\/\/lamp.glopss.com\/SHUX\" target=\"_blank\" rel=\"nofollow noopener\"><strong>Malahini Kuda Bandos Resort<\/strong><\/a>, um ref\u00fagio convidativo que promete uma mistura \u00fanica de relaxamento, aventura e o fasc\u00ednio de tirar o f\u00f4lego do arquip\u00e9lago das Maldivas. Neste artigo, exploraremos o que torna o Malahini Kuda Bandos Resort um destino irresist\u00edvel para sua escapada tropical dos sonhos.<\/p>\n<p><strong>Localiza\u00e7\u00e3o e acessibilidade<\/strong><\/p>\n<p>O Malahini Kuda Bandos Resort est\u00e1 estrategicamente localizado na Ilha de Bandos, a uma curta viagem de lancha de 15 minutos do Aeroporto Internacional de Velana. Este traslado perfeito garante que suas f\u00e9rias comecem imediatamente ap\u00f3s a chegada, permitindo que voc\u00ea abrace o para\u00edso que o aguarda.<\/p>\n<p><strong>Alojamento<\/strong><\/p>\n<p>O resort oferece uma variedade de op\u00e7\u00f5es de acomoda\u00e7\u00f5es confort\u00e1veis e bem equipadas para atender a diversos gostos e prefer\u00eancias. De bangal\u00f4s \u00e0 beira-mar a vilas sobre a \u00e1gua, cada unidade \u00e9 cuidadosamente projetada para fornecer a mistura perfeita de conforto e luxo. Comodidades modernas, terra\u00e7os privativos e acesso direto \u00e0 praia imaculada ou \u00e0 lagoa turquesa criam um ambiente de relaxamento.<\/p>\n<p><strong>Jantar<\/strong><\/p>\n<p>O Malahini Kuda Bandos Resort provoca seu paladar com uma deliciosa sele\u00e7\u00e3o de experi\u00eancias culin\u00e1rias. O restaurante principal do resort, Bluu, oferece um menu diversificado com culin\u00e1ria internacional e das Maldivas. Voc\u00ea tamb\u00e9m pode saborear frutos do mar frescos e especialidades de churrasco no restaurante \u00e0 beira da piscina, Raiyvilla Beach Restaurant. Os chefs do resort est\u00e3o comprometidos em oferecer aos h\u00f3spedes experi\u00eancias gastron\u00f4micas memor\u00e1veis.<\/p>\n<p><strong>Atividades e Aventuras<\/strong><\/p>\n<p>Os aventureiros e os entusiastas do relaxamento encontrar\u00e3o uma variedade de atividades para aproveitar no Malahini Kuda Bandos Resort. Explore o cativante mundo subaqu\u00e1tico com aventuras de mergulho com snorkel e cilindro. Pratique v\u00e1rios esportes aqu\u00e1ticos, como windsurf, paddleboarding e caiaque. Para aqueles que buscam relaxamento, o spa do resort oferece uma variedade de tratamentos rejuvenescedores e atividades de bem-estar.<\/p>\n<p><strong>Sustentabilidade e Conserva\u00e7\u00e3o<\/strong><\/p>\n<p>O Malahini Kuda Bandos Resort \u00e9 dedicado a pr\u00e1ticas sustent\u00e1veis e \u00e0 conserva\u00e7\u00e3o marinha. O resort se envolve ativamente em iniciativas de restaura\u00e7\u00e3o de corais e apoia esfor\u00e7os ambientais locais. Os h\u00f3spedes podem participar dessas atividades, fazendo uma contribui\u00e7\u00e3o positiva para a preserva\u00e7\u00e3o do precioso ecossistema marinho das Maldivas.<\/p>\n<p><strong>Experi\u00eancias \u00fanicas<\/strong><\/p>\n<p>Para tornar sua estadia realmente excepcional, o resort oferece experi\u00eancias \u00fanicas, como cruzeiros ao p\u00f4r do sol, excurs\u00f5es para observa\u00e7\u00e3o de golfinhos e passeios guiados de mergulho com snorkel para recifes de corais pr\u00f3ximos. Se voc\u00ea deseja mergulhar na cultura local, testemunhar pores do sol de tirar o f\u00f4lego ou simplesmente relaxar no para\u00edso, o Malahini Kuda Bandos Resort garante que h\u00e1 algo para todos.<\/p>\n<p><strong>Conclus\u00e3o<\/strong><\/p>\n<p>Concluindo, o Malahini Kuda Bandos Resort \u00e9 um santu\u00e1rio tropical que promete uma escapada extraordin\u00e1ria. Sua localiza\u00e7\u00e3o conveniente, acomoda\u00e7\u00f5es confort\u00e1veis, culin\u00e1ria deliciosa e compromisso com a sustentabilidade fazem dele a escolha perfeita para viajantes que buscam relaxamento e aventura. Quer voc\u00ea esteja comemorando uma ocasi\u00e3o especial ou buscando uma fuga rejuvenescedora, o Malahini Kuda Bandos Resort oferece uma experi\u00eancia que cria mem\u00f3rias queridas. Reserve sua estadia hoje e embarque em uma jornada inesquec\u00edvel para o para\u00edso nas Maldivas.<\/p>\n\n\t\t<\/div>\n\t<\/div>\n<\/div><\/div><\/div><\/div><div class=\"vc_row wpb_row vc_row-fluid\"><div class=\"wpb_column vc_column_container vc_col-sm-12\"><div class=\"vc_column-inner\"><div class=\"wpb_wrapper\"><div class=\"vc_btn3-container vc_btn3-inline vc_do_btn\" ><a class=\"vc_general vc_btn3 vc_btn3-size-lg vc_btn3-shape-rounded vc_btn3-style-modern vc_btn3-color-danger\" href=\"http:\/\/lamp.glopss.com\/SHUX\" title=\"\" target=\"_blank\">Leia mais e reserve com o melhor pre\u00e7o aqui &gt;&gt;<\/a><\/div><\/div><\/div><\/div><\/div>\n<\/div>","protected":false},"excerpt":{"rendered":"<div class=\"mh-excerpt\"><\/div>","protected":false},"author":1,"featured_media":9978,"parent":0,"menu_order":0,"comment_status":"closed","ping_status":"closed","template":"","meta":{"footnotes":""},"class_list":["post-9977","page","type-page","status-publish","has-post-thumbnail"],"aioseo_notices":[],"_links":{"self":[{"href":"http:\/\/maldives-paradise.com\/pt\/wp-json\/wp\/v2\/pages\/9977","targetHints":{"allow":["GET"]}}],"collection":[{"href":"http:\/\/maldives-paradise.com\/pt\/wp-json\/wp\/v2\/pages"}],"about":[{"href":"http:\/\/maldives-paradise.com\/pt\/wp-json\/wp\/v2\/types\/page"}],"author":[{"embeddable":true,"href":"http:\/\/maldives-paradise.com\/pt\/wp-json\/wp\/v2\/users\/1"}],"replies":[{"embeddable":true,"href":"http:\/\/maldives-paradise.com\/pt\/wp-json\/wp\/v2\/comments?post=9977"}],"version-history":[{"count":2,"href":"http:\/\/maldives-paradise.com\/pt\/wp-json\/wp\/v2\/pages\/9977\/revisions"}],"predecessor-version":[{"id":21123,"href":"http:\/\/maldives-paradise.com\/pt\/wp-json\/wp\/v2\/pages\/9977\/revisions\/21123"}],"wp:featuredmedia":[{"embeddable":true,"href":"http:\/\/maldives-paradise.com\/pt\/wp-json\/wp\/v2\/media\/9978"}],"wp:attachment":[{"href":"http:\/\/maldives-paradise.com\/pt\/wp-json\/wp\/v2\/media?parent=9977"}],"curies":[{"name":"wp","href":"https:\/\/api.w.org\/{rel}","templated":true}]}}