{"id":9952,"date":"2024-02-02T07:45:52","date_gmt":"2024-02-02T07:45:52","guid":{"rendered":"http:\/\/maldives-paradise.com\/?page_id=9952"},"modified":"2025-10-10T10:02:23","modified_gmt":"2025-10-10T10:02:23","slug":"hotel-riu-atoll","status":"publish","type":"page","link":"http:\/\/maldives-paradise.com\/pt\/hotel-riu-atoll\/","title":{"rendered":"Hotel Riu Atol"},"content":{"rendered":"<div class=\"wpb-content-wrapper\"><div class=\"vc_row wpb_row vc_row-fluid\"><div class=\"wpb_column vc_column_container vc_col-sm-12\"><div class=\"vc_column-inner\"><div class=\"wpb_wrapper\">\n\t<div class=\"wpb_text_column wpb_content_element\" >\n\t\t<div class=\"wpb_wrapper\">\n\t\t\t<h3>Descubra o luxo tropical no Hotel Riu Atoll Maldives.<\/h3>\n\n\t\t<\/div>\n\t<\/div>\n<\/div><\/div><\/div><\/div><div class=\"vc_row wpb_row vc_row-fluid\"><div class=\"wpb_column vc_column_container vc_col-sm-12\"><div class=\"vc_column-inner\"><div class=\"wpb_wrapper\">\n\t<div class=\"wpb_video_widget wpb_content_element vc_clearfix   vc_video-aspect-ratio-169 vc_video-el-width-100 vc_video-align-left\" >\n\t\t<div class=\"wpb_wrapper\">\n\t\t\t\n\t\t\t<div class=\"wpb_video_wrapper\"><iframe loading=\"lazy\" title=\"Hotel Riu Atoll e Riu Palace Maldivas - Maldivas com tudo inclu\u00eddo - RIU Hotels &amp; Resorts\" width=\"500\" height=\"281\" src=\"https:\/\/www.youtube.com\/embed\/Be9M89BB248?feature=oembed\" frameborder=\"0\" allow=\"accelerometer; autoplay; clipboard-write; encrypted-media; gyroscope; picture-in-picture; web-share\" allowfullscreen><\/iframe><\/div>\n\t\t<\/div>\n\t<\/div>\n<\/div><\/div><\/div><\/div><div class=\"vc_row wpb_row vc_row-fluid\"><div class=\"wpb_column vc_column_container vc_col-sm-12\"><div class=\"vc_column-inner\"><div class=\"wpb_wrapper\">\n\t<div class=\"wpb_text_column wpb_content_element\" >\n\t\t<div class=\"wpb_wrapper\">\n\t\t\t<p>As Maldivas, um para\u00edso tropical conhecido por suas deslumbrantes ilhas de coral e \u00e1guas cristalinas, s\u00e3o um destino dos sonhos para viajantes em busca de uma escapada luxuosa. Entre as muitas op\u00e7\u00f5es, as <strong>Hotel Riu Atol<\/strong> O Hotel Riu Atoll destaca-se como um \u00edcone de luxo e relaxamento, sendo um destino inesquec\u00edvel para quem busca a combina\u00e7\u00e3o perfeita entre tranquilidade e requinte.<\/p>\n<p><strong>Localiza\u00e7\u00e3o e acessibilidade<\/strong><\/p>\n<p>O Hotel Riu Atoll est\u00e1 estrategicamente situado na Ilha Maafushi, uma parte do Atol de Mal\u00e9 do Sul. O resort \u00e9 acess\u00edvel por um passeio panor\u00e2mico de lancha de 45 minutos do Aeroporto Internacional de Velana, tornando conveniente para os h\u00f3spedes come\u00e7arem suas f\u00e9rias logo ap\u00f3s a chegada.<\/p>\n<p><strong>Alojamento<\/strong><\/p>\n<p>O resort oferece uma sele\u00e7\u00e3o de acomoda\u00e7\u00f5es requintadas, incluindo bangal\u00f4s sobre a \u00e1gua e vilas \u00e0 beira-mar. Cada unidade foi projetada com bom gosto e equipada com comodidades modernas para garantir uma estadia confort\u00e1vel e prazerosa. Os bangal\u00f4s sobre a \u00e1gua oferecem acesso direto \u00e0 lagoa de \u00e1guas cristalinas, proporcionando uma experi\u00eancia incompar\u00e1vel de luxo tropical.<\/p>\n<p><strong>Jantar<\/strong><\/p>\n<p>O Hotel Riu Atoll eleva as experi\u00eancias culin\u00e1rias a um novo patamar com suas diversas op\u00e7\u00f5es gastron\u00f4micas. O restaurante principal do resort, Maani, serve uma deliciosa sele\u00e7\u00e3o de pratos da culin\u00e1ria internacional e maldiviana. Os h\u00f3spedes tamb\u00e9m podem saborear especialidades japonesas no Sakura ou deliciar-se com frutos do mar frescos no Krystal. Com v\u00e1rias op\u00e7\u00f5es de restaurantes, cada refei\u00e7\u00e3o se torna uma jornada requintada para o paladar.<\/p>\n<p><strong>Atividades e Aventuras<\/strong><\/p>\n<p>O resort oferece uma ampla gama de atividades e aventuras para seus h\u00f3spedes. Explore a vibrante vida marinha com excurs\u00f5es de mergulho livre ou aut\u00f4nomo. Pratique esportes aqu\u00e1ticos como windsurf e caiaque. Se o seu objetivo \u00e9 relaxar, descontraia no spa, onde uma variedade de tratamentos rejuvenescedores o aguarda.<\/p>\n<p><strong>Sustentabilidade e Conserva\u00e7\u00e3o<\/strong><\/p>\n<p>O Hotel Riu Atoll est\u00e1 comprometido com pr\u00e1ticas sustent\u00e1veis e conserva\u00e7\u00e3o marinha. O resort participa ativamente de projetos de restaura\u00e7\u00e3o de corais e apoia iniciativas ambientais locais. Os h\u00f3spedes s\u00e3o incentivados a conhecer esses esfor\u00e7os e a contribuir positivamente para a preserva\u00e7\u00e3o do delicado ecossistema das Maldivas.<\/p>\n<p><strong>Experi\u00eancias \u00fanicas<\/strong><\/p>\n<p>Para tornar a sua estadia verdadeiramente memor\u00e1vel, o resort oferece experi\u00eancias \u00fanicas, como cruzeiros ao p\u00f4r do sol, observa\u00e7\u00e3o de golfinhos e excurs\u00f5es guiadas pelas ilhas. Quer tenha interesse em explorar a cultura local, apreciar pores do sol deslumbrantes ou simplesmente relaxar no para\u00edso, o Hotel Riu Atoll garante que h\u00e1 algo para todos os gostos.<\/p>\n<p><strong>Conclus\u00e3o<\/strong><\/p>\n<p>Em resumo, o Hotel Riu Atoll \u00e9 um para\u00edso tropical que promete uma escapadela extraordin\u00e1ria. Sua localiza\u00e7\u00e3o deslumbrante, acomoda\u00e7\u00f5es luxuosas, gastronomia diversificada e compromisso com a sustentabilidade o tornam a escolha ideal para viajantes em busca de relaxamento e aventura. Seja para celebrar uma ocasi\u00e3o especial ou para uma escapadela revigorante, o Hotel Riu Atoll oferece uma experi\u00eancia que cria mem\u00f3rias inesquec\u00edveis. Reserve sua estadia hoje mesmo e embarque em uma jornada inesquec\u00edvel para o para\u00edso nas Maldivas.<\/p>\n\n\t\t<\/div>\n\t<\/div>\n<\/div><\/div><\/div><\/div><div class=\"vc_row wpb_row vc_row-fluid\"><div class=\"wpb_column vc_column_container vc_col-sm-12\"><div class=\"vc_column-inner\"><div class=\"wpb_wrapper\">\n\t<div class=\"wpb_text_column wpb_content_element\" >\n\t\t<div class=\"wpb_wrapper\">\n\t\t\t<h3><a title=\"Hotel Riu Atol\" href=\"https:\/\/trip.tpo.lv\/ivrhmuNj\" target=\"blanc2\" rel=\"nofollow\">Confira a disponibilidade e o melhor pre\u00e7o no Hotel Riu Atoll aqui &gt;&gt;<\/a><\/h3>\n\n\t\t<\/div>\n\t<\/div>\n<\/div><\/div><\/div><\/div>\n<\/div>","protected":false},"excerpt":{"rendered":"<div class=\"mh-excerpt\"><\/div>","protected":false},"author":1,"featured_media":9953,"parent":0,"menu_order":0,"comment_status":"closed","ping_status":"closed","template":"","meta":{"footnotes":""},"class_list":["post-9952","page","type-page","status-publish","has-post-thumbnail"],"aioseo_notices":[],"_links":{"self":[{"href":"http:\/\/maldives-paradise.com\/pt\/wp-json\/wp\/v2\/pages\/9952","targetHints":{"allow":["GET"]}}],"collection":[{"href":"http:\/\/maldives-paradise.com\/pt\/wp-json\/wp\/v2\/pages"}],"about":[{"href":"http:\/\/maldives-paradise.com\/pt\/wp-json\/wp\/v2\/types\/page"}],"author":[{"embeddable":true,"href":"http:\/\/maldives-paradise.com\/pt\/wp-json\/wp\/v2\/users\/1"}],"replies":[{"embeddable":true,"href":"http:\/\/maldives-paradise.com\/pt\/wp-json\/wp\/v2\/comments?post=9952"}],"version-history":[{"count":4,"href":"http:\/\/maldives-paradise.com\/pt\/wp-json\/wp\/v2\/pages\/9952\/revisions"}],"predecessor-version":[{"id":43458,"href":"http:\/\/maldives-paradise.com\/pt\/wp-json\/wp\/v2\/pages\/9952\/revisions\/43458"}],"wp:featuredmedia":[{"embeddable":true,"href":"http:\/\/maldives-paradise.com\/pt\/wp-json\/wp\/v2\/media\/9953"}],"wp:attachment":[{"href":"http:\/\/maldives-paradise.com\/pt\/wp-json\/wp\/v2\/media?parent=9952"}],"curies":[{"name":"wp","href":"https:\/\/api.w.org\/{rel}","templated":true}]}}