{"id":9641,"date":"2024-01-28T18:19:31","date_gmt":"2024-01-28T18:19:31","guid":{"rendered":"http:\/\/maldives-paradise.com\/?page_id=9641"},"modified":"2025-10-09T16:20:41","modified_gmt":"2025-10-09T16:20:41","slug":"o-eco-hotel-descalco","status":"publish","type":"page","link":"http:\/\/maldives-paradise.com\/pt\/o-eco-hotel-descalco\/","title":{"rendered":"O Hotel Ecol\u00f3gico Descal\u00e7o"},"content":{"rendered":"<div class=\"wpb-content-wrapper\"><div class=\"vc_row wpb_row vc_row-fluid\"><div class=\"wpb_column vc_column_container vc_col-sm-12\"><div class=\"vc_column-inner\"><div class=\"wpb_wrapper\">\n\t<div class=\"wpb_text_column wpb_content_element\" >\n\t\t<div class=\"wpb_wrapper\">\n\t\t\t<h3>The Barefoot Eco Hotel \u2013 um o\u00e1sis sustent\u00e1vel nas Maldivas<\/h3>\n\n\t\t<\/div>\n\t<\/div>\n<\/div><\/div><\/div><\/div><div class=\"vc_row wpb_row vc_row-fluid\"><div class=\"wpb_column vc_column_container vc_col-sm-12\"><div class=\"vc_column-inner\"><div class=\"wpb_wrapper\">\n\t<div class=\"wpb_video_widget wpb_content_element vc_clearfix   vc_video-aspect-ratio-169 vc_video-el-width-100 vc_video-align-left\" >\n\t\t<div class=\"wpb_wrapper\">\n\t\t\t\n\t\t\t<div class=\"wpb_video_wrapper\"><iframe loading=\"lazy\" title=\"O Barefoot Eco Hotel - Hanimaadhoo Maldivas\" width=\"500\" height=\"281\" src=\"https:\/\/www.youtube.com\/embed\/6-YQWRDt3q8?feature=oembed\" frameborder=\"0\" allow=\"accelerometer; autoplay; clipboard-write; encrypted-media; gyroscope; picture-in-picture; web-share\" allowfullscreen><\/iframe><\/div>\n\t\t<\/div>\n\t<\/div>\n<\/div><\/div><\/div><\/div><div class=\"vc_row wpb_row vc_row-fluid\"><div class=\"wpb_column vc_column_container vc_col-sm-12\"><div class=\"vc_column-inner\"><div class=\"wpb_wrapper\">\n\t<div class=\"wpb_text_column wpb_content_element\" >\n\t\t<div class=\"wpb_wrapper\">\n\t\t\t<p>Situado no cora\u00e7\u00e3o do Oceano \u00cdndico, <strong>O Hotel Ecol\u00f3gico Descal\u00e7o<\/strong> \u00e9 um retiro \u00fanico e ambientalmente consciente que oferece aos viajantes uma experi\u00eancia excepcional nas Maldivas. Aninhado na bela Ilha Hanimadhoo, este ref\u00fagio ecol\u00f3gico combina luxo, sustentabilidade e aventura para criar uma fuga memor\u00e1vel para os amantes da natureza e viajantes ecologicamente conscientes.<\/p>\n<p><strong>Chegada ao Para\u00edso<\/strong><\/p>\n<p>Para chegar ao The Barefoot Eco Hotel, os h\u00f3spedes pegam um voo dom\u00e9stico do Aeroporto Internacional de Mal\u00e9 para o Aeroporto de Hanimadhoo, seguido por uma curta transfer\u00eancia de lancha. A viagem em si oferece um vislumbre da beleza natural deslumbrante que o aguarda.<\/p>\n<p><strong>Acomoda\u00e7\u00f5es Ecol\u00f3gicas<\/strong><\/p>\n<p>O Barefoot Eco Hotel \u00e9 conhecido por seu comprometimento com a sustentabilidade. O resort oferece uma variedade de acomoda\u00e7\u00f5es projetadas com a ecologia em mente. De espa\u00e7osas vilas \u00e0 beira-mar a bangal\u00f4s sobre a \u00e1gua, cada quarto combina conforto moderno com pr\u00e1ticas ambientalmente respons\u00e1veis. Pain\u00e9is solares, coleta de \u00e1gua da chuva e aparelhos com efici\u00eancia energ\u00e9tica contribuem para o ethos ecol\u00f3gico do resort.<\/p>\n<p><strong>Saboreando a culin\u00e1ria sustent\u00e1vel<\/strong><\/p>\n<p>O restaurante do resort, \u201cDhivehi\u201d, \u00e9 especializado em culin\u00e1ria org\u00e2nica e de origem local. O menu apresenta uma fus\u00e3o de sabores das Maldivas e pratos internacionais. Desfrute de um jantar em meio a jardins exuberantes enquanto aprecia os ingredientes mais frescos colhidos de fazendas locais.<\/p>\n<p><strong>Abrace a Natureza<\/strong><\/p>\n<p>No The Barefoot Eco Hotel, a natureza \u00e9 o centro das aten\u00e7\u00f5es. A propriedade \u00e9 cercada por vegeta\u00e7\u00e3o tropical exuberante, e as praias imaculadas abrigam tartarugas marinhas nidificantes. Caminhadas guiadas pela natureza, observa\u00e7\u00e3o de p\u00e1ssaros e passeios de bicicleta permitem que os h\u00f3spedes explorem a flora e a fauna \u00fanicas da ilha.<\/p>\n<p><strong>Aventuras Marinhas<\/strong><\/p>\n<p>O PADI 5-Star Dive Center do resort oferece uma variedade de aventuras aqu\u00e1ticas, incluindo mergulho com snorkel, mergulho e at\u00e9 excurs\u00f5es com tubar\u00f5es-baleia. Explore os vibrantes recifes de corais e nade ao lado de uma variedade de vida marinha. O resort \u00e9 dedicado aos esfor\u00e7os de restaura\u00e7\u00e3o de corais, contribuindo para a preserva\u00e7\u00e3o deste fr\u00e1gil ecossistema.<\/p>\n<p><strong>Iniciativas Ecol\u00f3gicas<\/strong><\/p>\n<p>O Barefoot Eco Hotel \u00e9 um pioneiro em turismo sustent\u00e1vel nas Maldivas. Eles se envolvem ativamente em iniciativas de conserva\u00e7\u00e3o, como programas de nidifica\u00e7\u00e3o de tartarugas e esfor\u00e7os de prote\u00e7\u00e3o marinha. Os h\u00f3spedes s\u00e3o incentivados a participar de pr\u00e1ticas ecologicamente corretas e aprender sobre o ambiente local durante sua estadia.<\/p>\n<p><strong>Spa e Bem-Estar<\/strong><\/p>\n<p>Para o m\u00e1ximo relaxamento, o \u201cEarth and Sky Spa\u201d do resort oferece uma variedade de tratamentos hol\u00edsticos usando produtos naturais e org\u00e2nicos. Relaxe seu corpo e mente enquanto est\u00e1 cercado pelos sons suaves do oceano e pela car\u00edcia suave da brisa do mar.<\/p>\n<p><strong>Envolvimento da Comunidade<\/strong><\/p>\n<p>O Barefoot Eco Hotel mant\u00e9m fortes la\u00e7os com a comunidade local. Os h\u00f3spedes podem visitar ilhas pr\u00f3ximas para mergulhar na cultura das Maldivas, explorar artesanatos locais e se conectar com os moradores amig\u00e1veis da Ilha Hanimadhoo.<\/p>\n<p><strong>Conclus\u00e3o<\/strong><\/p>\n<p>O Barefoot Eco Hotel nas Maldivas convida os viajantes a abra\u00e7ar a natureza enquanto pisam levemente no meio ambiente. Com suas acomoda\u00e7\u00f5es ecol\u00f3gicas, op\u00e7\u00f5es de refei\u00e7\u00f5es sustent\u00e1veis e uma ampla gama de aventuras naturais, \u00e9 um destino que permite que voc\u00ea aprecie a beleza das Maldivas enquanto contribui para sua preserva\u00e7\u00e3o.<\/p>\n<p>Se voc\u00ea est\u00e1 buscando uma fuga ecologicamente consciente que combine luxo com sustentabilidade, o The Barefoot Eco Hotel oferece uma experi\u00eancia inesquec\u00edvel. Deixe apenas pegadas, leve apenas mem\u00f3rias e cause um impacto positivo no meio ambiente durante sua estadia neste not\u00e1vel retiro ecologicamente consciente nas Maldivas.<\/p>\n<p>O Barefoot Eco Hotel \u00e9 um <strong>Resort de 4 estrelas com pre\u00e7os baixos<\/strong>.<\/p>\n\n\t\t<\/div>\n\t<\/div>\n<\/div><\/div><\/div><\/div><div class=\"vc_row wpb_row vc_row-fluid\"><div class=\"wpb_column vc_column_container vc_col-sm-12\"><div class=\"vc_column-inner\"><div class=\"wpb_wrapper\">\n\t<div class=\"wpb_text_column wpb_content_element\" >\n\t\t<div class=\"wpb_wrapper\">\n\t\t\t<h3><a title=\"O Hotel Ecol\u00f3gico Descal\u00e7o\" href=\"https:\/\/trip.tpo.lv\/KC81uBLh\" target=\"blanc2\" rel=\"nofollow\">Verifique a disponibilidade e o melhor pre\u00e7o no The Barefoot Eco Hotel aqui &gt;&gt;<\/a><\/h3>\n\n\t\t<\/div>\n\t<\/div>\n<\/div><\/div><\/div><\/div>\n<\/div>","protected":false},"excerpt":{"rendered":"<div class=\"mh-excerpt\"><\/div>","protected":false},"author":1,"featured_media":9642,"parent":0,"menu_order":0,"comment_status":"closed","ping_status":"closed","template":"","meta":{"footnotes":""},"class_list":["post-9641","page","type-page","status-publish","has-post-thumbnail"],"aioseo_notices":[],"_links":{"self":[{"href":"http:\/\/maldives-paradise.com\/pt\/wp-json\/wp\/v2\/pages\/9641","targetHints":{"allow":["GET"]}}],"collection":[{"href":"http:\/\/maldives-paradise.com\/pt\/wp-json\/wp\/v2\/pages"}],"about":[{"href":"http:\/\/maldives-paradise.com\/pt\/wp-json\/wp\/v2\/types\/page"}],"author":[{"embeddable":true,"href":"http:\/\/maldives-paradise.com\/pt\/wp-json\/wp\/v2\/users\/1"}],"replies":[{"embeddable":true,"href":"http:\/\/maldives-paradise.com\/pt\/wp-json\/wp\/v2\/comments?post=9641"}],"version-history":[{"count":3,"href":"http:\/\/maldives-paradise.com\/pt\/wp-json\/wp\/v2\/pages\/9641\/revisions"}],"predecessor-version":[{"id":43397,"href":"http:\/\/maldives-paradise.com\/pt\/wp-json\/wp\/v2\/pages\/9641\/revisions\/43397"}],"wp:featuredmedia":[{"embeddable":true,"href":"http:\/\/maldives-paradise.com\/pt\/wp-json\/wp\/v2\/media\/9642"}],"wp:attachment":[{"href":"http:\/\/maldives-paradise.com\/pt\/wp-json\/wp\/v2\/media?parent=9641"}],"curies":[{"name":"wp","href":"https:\/\/api.w.org\/{rel}","templated":true}]}}