{"id":9605,"date":"2024-01-28T14:06:46","date_gmt":"2024-01-28T14:06:46","guid":{"rendered":"http:\/\/maldives-paradise.com\/?page_id=9605"},"modified":"2025-10-09T16:06:39","modified_gmt":"2025-10-09T16:06:39","slug":"spa-do-resort-da-ilha-de-angaga","status":"publish","type":"page","link":"http:\/\/maldives-paradise.com\/pt\/spa-do-resort-da-ilha-de-angaga\/","title":{"rendered":"Angaga Island Resort &amp; Spa"},"content":{"rendered":"<div class=\"wpb-content-wrapper\"><div class=\"vc_row wpb_row vc_row-fluid\"><div class=\"wpb_column vc_column_container vc_col-sm-12\"><div class=\"vc_column-inner\"><div class=\"wpb_wrapper\">\n\t<div class=\"wpb_text_column wpb_content_element\" >\n\t\t<div class=\"wpb_wrapper\">\n\t\t\t<h3>Angaga Island Resort &amp; Spa: Para\u00edso na Terra<\/h3>\n\n\t\t<\/div>\n\t<\/div>\n<\/div><\/div><\/div><\/div><div class=\"vc_row wpb_row vc_row-fluid\"><div class=\"wpb_column vc_column_container vc_col-sm-12\"><div class=\"vc_column-inner\"><div class=\"wpb_wrapper\">\n\t<div class=\"wpb_video_widget wpb_content_element vc_clearfix   vc_video-aspect-ratio-169 vc_video-el-width-100 vc_video-align-left\" >\n\t\t<div class=\"wpb_wrapper\">\n\t\t\t\n\t\t\t<div class=\"wpb_video_wrapper\"><iframe loading=\"lazy\" title=\"Angaga Island Resort &amp; Spa - South Ari Atoll - Maldivas 4K 2019\" width=\"500\" height=\"281\" src=\"https:\/\/www.youtube.com\/embed\/JXPAbd_WetA?feature=oembed\" frameborder=\"0\" allow=\"accelerometer; autoplay; clipboard-write; encrypted-media; gyroscope; picture-in-picture; web-share\" allowfullscreen><\/iframe><\/div>\n\t\t<\/div>\n\t<\/div>\n<\/div><\/div><\/div><\/div><div class=\"vc_row wpb_row vc_row-fluid\"><div class=\"wpb_column vc_column_container vc_col-sm-12\"><div class=\"vc_column-inner\"><div class=\"wpb_wrapper\">\n\t<div class=\"wpb_text_column wpb_content_element\" >\n\t\t<div class=\"wpb_wrapper\">\n\t\t\t<p>Angaga Island Resort &amp; Spa nas Maldivas \u00e9 um para\u00edso tropical que promete uma escapadela inesquec\u00edvel. Com suas praias de areia branca, \u00e1guas azul-turquesa e vegeta\u00e7\u00e3o exuberante, este resort ecol\u00f3gico oferece um peda\u00e7o do para\u00edso para viajantes que buscam tranquilidade e beleza natural.<\/p>\n<p><strong>Ilha Para\u00edso<\/strong><\/p>\n<p>O Angaga Island Resort &amp; Spa est\u00e1 situado no Atol de Ari do Sul, conhecido pelos seus deslumbrantes recifes de coral e vida marinha diversificada. O resort \u00e9 facilmente acess\u00edvel por hidroavi\u00e3o a partir do Aeroporto Internacional de Mal\u00e9, tornando-o uma escolha conveniente para viajantes que procuram uma escapadela id\u00edlica.<\/p>\n<p><strong>Acomoda\u00e7\u00f5es<\/strong><\/p>\n<p>O resort oferece uma variedade de acomoda\u00e7\u00f5es para atender a diversas prefer\u00eancias, desde aconchegantes bangal\u00f4s \u00e0 beira-mar at\u00e9 vilas sobre a \u00e1gua. Cada quarto foi projetado pensando no conforto e no luxo, com comodidades modernas, espa\u00e7os externos privativos e acesso direto \u00e0 praia ou lagoa. Acorde ao som das ondas suaves e desfrute de vistas deslumbrantes do nascer do sol bem na sua porta.<\/p>\n<p><strong>Experi\u00eancia de jantar<\/strong><\/p>\n<p><strong>Angaga Island Resort &amp; Spa<\/strong> possui diversas op\u00e7\u00f5es gastron\u00f4micas, permitindo aos h\u00f3spedes saborear uma ampla variedade de del\u00edcias culin\u00e1rias. O restaurante principal oferece refei\u00e7\u00f5es internacionais em estilo buffet com noites tem\u00e1ticas, garantindo uma variedade de sabores para satisfazer todos os paladares. Para uma experi\u00eancia gastron\u00f4mica rom\u00e2ntica e \u00edntima, o restaurante sobre a \u00e1gua serve deliciosos pratos de frutos do mar e vinhos finos.<\/p>\n<p><strong>Para\u00edso Subaqu\u00e1tico<\/strong><\/p>\n<p>Um dos destaques do resort \u00e9 a proximidade de alguns dos melhores locais de mergulho das Maldivas. As \u00e1guas cristalinas ao redor de Angaga est\u00e3o repletas de vida marinha vibrante, incluindo recifes de corais coloridos, tubar\u00f5es, raias manta e tartarugas. Quer voc\u00ea seja um mergulhador experiente ou iniciante, o resort oferece um centro de mergulho certificado pela PADI com instrutores experientes para gui\u00e1-lo pelas maravilhas subaqu\u00e1ticas.<\/p>\n<p><strong>Esportes e atividades aqu\u00e1ticas<\/strong><\/p>\n<p>Al\u00e9m do mergulho, os h\u00f3spedes podem desfrutar de uma variedade de esportes e atividades aqu\u00e1ticas, incluindo mergulho com snorkel, windsurf, canoagem e pesca. O resort tamb\u00e9m oferece excurs\u00f5es como observa\u00e7\u00e3o de golfinhos, cruzeiros ao p\u00f4r do sol e passeios por ilhas, permitindo-lhe explorar a beleza natural das Maldivas.<\/p>\n<p><strong>Spa e Bem-Estar<\/strong><\/p>\n<p>O Angaga Island Resort &amp; Spa disp\u00f5e de um spa sereno onde os h\u00f3spedes podem desfrutar de tratamentos rejuvenescedores e massagens. O ambiente tranquilo do spa, rodeado por exuberantes jardins tropicais, melhora a experi\u00eancia de relaxamento, deixando-o revigorado e revitalizado.<\/p>\n<p><strong>Iniciativas Ecol\u00f3gicas<\/strong><\/p>\n<p>O resort est\u00e1 empenhado em preservar o ambiente natural das Maldivas. Implementaram v\u00e1rias iniciativas ecol\u00f3gicas, tais como conserva\u00e7\u00e3o de energia, redu\u00e7\u00e3o de res\u00edduos e esfor\u00e7os de conserva\u00e7\u00e3o marinha, incluindo a protec\u00e7\u00e3o de locais locais de nidifica\u00e7\u00e3o de tartarugas marinhas.<\/p>\n<p><strong>Conclus\u00e3o<\/strong><\/p>\n<p>O Angaga Island Resort &amp; Spa nas Maldivas \u00e9 mais do que apenas um destino de f\u00e9rias; \u00e9 uma oportunidade de mergulhar na beleza e tranquilidade da natureza. Quer voc\u00ea esteja em busca de aventura no mundo subaqu\u00e1tico, relaxamento em praias imaculadas ou uma escapadela rom\u00e2ntica, este resort ecol\u00f3gico oferece tudo isso. Com a sua calorosa hospitalidade e compromisso com a sustentabilidade, o Angaga Island Resort &amp; Spa convida voc\u00ea a experimentar o para\u00edso na Terra como nunca antes. Crie mem\u00f3rias que durar\u00e3o a vida toda neste santu\u00e1rio de tirar o f\u00f4lego das Maldivas.<\/p>\n\n\t\t<\/div>\n\t<\/div>\n<\/div><\/div><\/div><\/div><div class=\"vc_row wpb_row vc_row-fluid\"><div class=\"wpb_column vc_column_container vc_col-sm-12\"><div class=\"vc_column-inner\"><div class=\"wpb_wrapper\">\n\t<div class=\"wpb_text_column wpb_content_element\" >\n\t\t<div class=\"wpb_wrapper\">\n\t\t\t<h3><a title=\"Angaga Island Resort &amp; Spa\" href=\"https:\/\/trip.tpo.lv\/2WRkt9yh\" target=\"blanc2\" rel=\"nofollow\">Confira a disponibilidade e o melhor pre\u00e7o no Angaga Island Resort &amp; Spa aqui &gt;&gt;<\/a><\/h3>\n\n\t\t<\/div>\n\t<\/div>\n<\/div><\/div><\/div><\/div>\n<\/div>","protected":false},"excerpt":{"rendered":"<div class=\"mh-excerpt\"><\/div>","protected":false},"author":1,"featured_media":9606,"parent":0,"menu_order":0,"comment_status":"closed","ping_status":"closed","template":"","meta":{"footnotes":""},"class_list":["post-9605","page","type-page","status-publish","has-post-thumbnail"],"aioseo_notices":[],"_links":{"self":[{"href":"http:\/\/maldives-paradise.com\/pt\/wp-json\/wp\/v2\/pages\/9605","targetHints":{"allow":["GET"]}}],"collection":[{"href":"http:\/\/maldives-paradise.com\/pt\/wp-json\/wp\/v2\/pages"}],"about":[{"href":"http:\/\/maldives-paradise.com\/pt\/wp-json\/wp\/v2\/types\/page"}],"author":[{"embeddable":true,"href":"http:\/\/maldives-paradise.com\/pt\/wp-json\/wp\/v2\/users\/1"}],"replies":[{"embeddable":true,"href":"http:\/\/maldives-paradise.com\/pt\/wp-json\/wp\/v2\/comments?post=9605"}],"version-history":[{"count":4,"href":"http:\/\/maldives-paradise.com\/pt\/wp-json\/wp\/v2\/pages\/9605\/revisions"}],"predecessor-version":[{"id":43385,"href":"http:\/\/maldives-paradise.com\/pt\/wp-json\/wp\/v2\/pages\/9605\/revisions\/43385"}],"wp:featuredmedia":[{"embeddable":true,"href":"http:\/\/maldives-paradise.com\/pt\/wp-json\/wp\/v2\/media\/9606"}],"wp:attachment":[{"href":"http:\/\/maldives-paradise.com\/pt\/wp-json\/wp\/v2\/media?parent=9605"}],"curies":[{"name":"wp","href":"https:\/\/api.w.org\/{rel}","templated":true}]}}