{"id":9067,"date":"2024-01-19T06:42:20","date_gmt":"2024-01-19T06:42:20","guid":{"rendered":"http:\/\/maldives-paradise.com\/?page_id=9067"},"modified":"2025-02-23T08:05:29","modified_gmt":"2025-02-23T08:05:29","slug":"melhor-garantia-de-taxa","status":"publish","type":"page","link":"http:\/\/maldives-paradise.com\/pt\/melhor-garantia-de-taxa\/","title":{"rendered":"Garantia da melhor tarifa"},"content":{"rendered":"<div class=\"wpb-content-wrapper\"><div class=\"vc_row wpb_row vc_row-fluid\"><div class=\"wpb_column vc_column_container vc_col-sm-12\"><div class=\"vc_column-inner\"><div class=\"wpb_wrapper\">\n\t<div  class=\"wpb_single_image wpb_content_element vc_align_left wpb_content_element\">\n\t\t\n\t\t<figure class=\"wpb_wrapper vc_figure\">\n\t\t\t<div class=\"vc_single_image-wrapper   vc_box_border_grey\"><img decoding=\"async\" class=\"vc_single_image-img\" src=\"https:\/\/maldives-paradise.com\/wp-content\/uploads\/2024\/01\/bestrateguarantee.jpg\" width=\"368\" height=\"137\" alt=\"Garantia de melhor tarifa\" title=\"melhor garantia de taxa\" loading=\"lazy\" \/><\/div>\n\t\t<\/figure>\n\t<\/div>\n<\/div><\/div><\/div><\/div><div class=\"vc_row wpb_row vc_row-fluid\"><div class=\"wpb_column vc_column_container vc_col-sm-12\"><div class=\"vc_column-inner\"><div class=\"wpb_wrapper\">\n\t<div class=\"wpb_text_column wpb_content_element\" >\n\t\t<div class=\"wpb_wrapper\">\n\t\t\t<h3>Garantia de Melhor Tarifa diretamente dos hot\u00e9is<\/h3>\n\n\t\t<\/div>\n\t<\/div>\n<\/div><\/div><\/div><\/div><div class=\"vc_row wpb_row vc_row-fluid\"><div class=\"wpb_column vc_column_container vc_col-sm-12\"><div class=\"vc_column-inner\"><div class=\"wpb_wrapper\">\n\t<div class=\"wpb_text_column wpb_content_element\" >\n\t\t<div class=\"wpb_wrapper\">\n\t\t\t<p>Programas de Garantia de Melhor Tarifa ou Garantia de Melhor Pre\u00e7o, como tamb\u00e9m \u00e9 chamado, \u00e9 uma tend\u00eancia de marketing que mais e mais hot\u00e9is ao redor do mundo est\u00e3o adotando para competir com os grandes sites de reservas de viagens online. Ele garante que um h\u00f3spede do hotel receba o menor pre\u00e7o dispon\u00edvel para uma noite ou uma estadia de v\u00e1rias noites ao reservar diretamente com o hotel.<\/p>\n<p>Os hot\u00e9is garantem que se voc\u00ea encontrar uma tarifa melhor, publicamente dispon\u00edvel, em outro site que n\u00e3o o site oficial do hotel depois de ter feito a reserva, voc\u00ea pode enviar uma reivindica\u00e7\u00e3o de Melhor Garantia online. Se sua reivindica\u00e7\u00e3o for aprovada, n\u00e3o s\u00f3 o pre\u00e7o mais baixo ser\u00e1 igualado, mas voc\u00ea tamb\u00e9m receber\u00e1 um desconto adicional de 10 a 30% e outros benef\u00edcios, dependendo da pol\u00edtica de cada hotel.<\/p>\n<p>Os hot\u00e9is geralmente reservam suas melhores ofertas para h\u00f3spedes que reservam diretamente. De upgrades de quarto de cortesia a comodidades exclusivas, essas vantagens ado\u00e7am o neg\u00f3cio e melhoram sua experi\u00eancia geral. Pontos de fidelidade e promo\u00e7\u00f5es especiais s\u00e3o incentivos adicionais que s\u00f3 podem ser acessados por meio de reservas diretas.<\/p>\n<p>As v\u00e1rias garantias de melhor tarifa de hotel v\u00eam com condi\u00e7\u00f5es. Cada hotel tem condi\u00e7\u00f5es diferentes para a garantia de melhor tarifa, mas a maioria dos principais termos e condi\u00e7\u00f5es s\u00e3o compartilhados entre os hot\u00e9is.<br \/>\nOs termos-chave s\u00e3o:<\/p>\n<p>Voc\u00ea j\u00e1 deve ter reservado o quarto diretamente pelo site do hotel.<br \/>\nA taxa mais baixa deve ser encontrada em um site concorrente v\u00e1lido.<br \/>\nIsso exclui sites que n\u00e3o informam a marca do hotel at\u00e9 que a reserva seja conclu\u00edda, sites que oferecem pre\u00e7os de assinatura, sites que n\u00e3o oferecem confirma\u00e7\u00f5es imediatas e alguns outros.<\/p>\n<p>A tarifa mais baixa deve ter exatamente as mesmas condi\u00e7\u00f5es da tarifa reservada diretamente pelo site do hotel:<\/p>\n<p>Mesmas datas de reserva<br \/>\nMesmo tipo de quarto<br \/>\nMesmas pol\u00edticas de cancelamento<br \/>\nMesmo n\u00famero de h\u00f3spedes por quarto<\/p>\n<p>Reservar diretamente economiza dinheiro para o hotel, que pode ser usado para repassar economias. Tamb\u00e9m beneficia voc\u00ea, permitindo que voc\u00ea ganhe benef\u00edcios, assim como pontos de hotel.<\/p>\n\n\t\t<\/div>\n\t<\/div>\n<\/div><\/div><\/div><\/div><div class=\"vc_row wpb_row vc_row-fluid\"><div class=\"wpb_column vc_column_container vc_col-sm-12\"><div class=\"vc_column-inner\"><div class=\"wpb_wrapper\">\n\t<div class=\"wpb_text_column wpb_content_element\" >\n\t\t<div class=\"wpb_wrapper\">\n\t\t\t<h3><a href=\"http:\/\/maldives-paradise.com\/pt\/os-12-melhores-resorts-com-melhor-preco-garantido-nas-maldivas\/\">Os 12 melhores resorts com garantia do melhor pre\u00e7o nas Maldivas<\/a><\/h3>\n\n\t\t<\/div>\n\t<\/div>\n<\/div><\/div><\/div><\/div>\n<\/div>","protected":false},"excerpt":{"rendered":"<div class=\"mh-excerpt\"><\/div>","protected":false},"author":1,"featured_media":9070,"parent":0,"menu_order":0,"comment_status":"closed","ping_status":"closed","template":"","meta":{"footnotes":""},"class_list":["post-9067","page","type-page","status-publish","has-post-thumbnail"],"aioseo_notices":[],"_links":{"self":[{"href":"http:\/\/maldives-paradise.com\/pt\/wp-json\/wp\/v2\/pages\/9067","targetHints":{"allow":["GET"]}}],"collection":[{"href":"http:\/\/maldives-paradise.com\/pt\/wp-json\/wp\/v2\/pages"}],"about":[{"href":"http:\/\/maldives-paradise.com\/pt\/wp-json\/wp\/v2\/types\/page"}],"author":[{"embeddable":true,"href":"http:\/\/maldives-paradise.com\/pt\/wp-json\/wp\/v2\/users\/1"}],"replies":[{"embeddable":true,"href":"http:\/\/maldives-paradise.com\/pt\/wp-json\/wp\/v2\/comments?post=9067"}],"version-history":[{"count":3,"href":"http:\/\/maldives-paradise.com\/pt\/wp-json\/wp\/v2\/pages\/9067\/revisions"}],"predecessor-version":[{"id":14728,"href":"http:\/\/maldives-paradise.com\/pt\/wp-json\/wp\/v2\/pages\/9067\/revisions\/14728"}],"wp:featuredmedia":[{"embeddable":true,"href":"http:\/\/maldives-paradise.com\/pt\/wp-json\/wp\/v2\/media\/9070"}],"wp:attachment":[{"href":"http:\/\/maldives-paradise.com\/pt\/wp-json\/wp\/v2\/media?parent=9067"}],"curies":[{"name":"wp","href":"https:\/\/api.w.org\/{rel}","templated":true}]}}