{"id":9020,"date":"2024-01-18T18:37:15","date_gmt":"2024-01-18T18:37:15","guid":{"rendered":"http:\/\/maldives-paradise.com\/?page_id=9020"},"modified":"2025-11-26T09:35:52","modified_gmt":"2025-11-26T09:35:52","slug":"os-12-melhores-romanticos-nas-maldivas","status":"publish","type":"page","link":"http:\/\/maldives-paradise.com\/pt\/os-12-melhores-romanticos-nas-maldivas\/","title":{"rendered":"Os melhores resorts rom\u00e2nticos nas Maldivas"},"content":{"rendered":"<div class=\"wpb-content-wrapper\"><div class=\"vc_row wpb_row vc_row-fluid\"><div class=\"wpb_column vc_column_container vc_col-sm-12\"><div class=\"vc_column-inner\"><div class=\"wpb_wrapper\">\n\t<div class=\"wpb_text_column wpb_content_element\" >\n\t\t<div class=\"wpb_wrapper\">\n\t\t\t<p>Renda-se ao romance em resorts rom\u00e2nticos de luxo nas Maldivas. Aprecie bangal\u00f4s privados sobre as \u00e1guas, praias imaculadas e jantares \u00edntimos sob as estrelas. Delicie-se com tratamentos de spa, mergulho com snorkel em \u00e1guas cristalinas e p\u00f4r do sol com champanhe. Ideal para casais que buscam uma fuga encantadora em um cen\u00e1rio paradis\u00edaco.<\/p>\n<p>Reservar uma villa de praia ou um bangal\u00f4 em um desses resorts rom\u00e2nticos nas Maldivas promete uma experi\u00eancia inesquec\u00edvel para casais. Cada resort oferece uma mistura \u00fanica de luxo, privacidade e servi\u00e7o personalizado, garantindo que cada momento passado juntos seja repleto de romance e tranquilidade. Quer voc\u00ea esteja comemorando uma lua de mel, um anivers\u00e1rio ou simplesmente a alegria de estarem juntos, esses resorts das Maldivas fornecem o cen\u00e1rio perfeito para sua hist\u00f3ria de amor.<\/p>\n\n\t\t<\/div>\n\t<\/div>\n<\/div><\/div><\/div><\/div><div class=\"vc_row wpb_row vc_row-fluid\"><div class=\"wpb_column vc_column_container vc_col-sm-3\"><div class=\"vc_column-inner\"><div class=\"wpb_wrapper\">\n\t<div  class=\"wpb_single_image wpb_content_element vc_align_left wpb_content_element\">\n\t\t\n\t\t<figure class=\"wpb_wrapper vc_figure\">\n\t\t\t<a href=\"https:\/\/lamp.glopss.com\/aff_c?offer_id=338&#038;aff_id=1834&#038;url=https%3A%2F%2Fwww.adaaran.com%2Fprestigewatervillas%2F\" target=\"_self\" class=\"vc_single_image-wrapper   vc_box_border_grey\"><img loading=\"lazy\" decoding=\"async\" width=\"150\" height=\"150\" src=\"https:\/\/maldives-paradise.com\/wp-content\/uploads\/2024\/01\/Adaaran-Prestige-Water-Villas-5-150x150.jpg\" class=\"vc_single_image-img attachment-thumbnail\" alt=\"Vilas aqu\u00e1ticas Adaaran Prestige\" title=\"Adaaran-Prestige-Water-Villas-5\" \/><\/a>\n\t\t<\/figure>\n\t<\/div>\n<\/div><\/div><\/div><div class=\"wpb_column vc_column_container vc_col-sm-9\"><div class=\"vc_column-inner\"><div class=\"wpb_wrapper\">\n\t<div class=\"wpb_text_column wpb_content_element\" >\n\t\t<div class=\"wpb_wrapper\">\n\t\t\t<h3><a href=\"https:\/\/lamp.glopss.com\/aff_c?offer_id=338&amp;aff_id=1834&amp;url=https%3A%2F%2Fwww.adaaran.com%2Fprestigewatervillas%2F\" rel=\"nofollow \">Vilas aqu\u00e1ticas Adaaran Prestige<\/a><\/h3>\n<p>O Adaaran Club Resort Rannalhi \u00e9 um resort cinco estrelas de luxo em uma atmosfera rom\u00e2ntica que oferece aos h\u00f3spedes uma incr\u00edvel escapada na ilha. Desde o momento em que voc\u00ea chega, voc\u00ea ser\u00e1 presenteado com comodidades exclusivas e belos arredores. As vilas aqu\u00e1ticas apresentam quartos e su\u00edtes espa\u00e7osos, todos elegantemente decorados e oferecem vistas deslumbrantes do oceano. Os h\u00f3spedes podem desfrutar de uma variedade de atividades no Adaaran Club Resort Rannalhi, incluindo nata\u00e7\u00e3o, mergulho com snorkel, caiaque, pesca e windsurf. H\u00e1 tamb\u00e9m v\u00e1rios restaurantes e bares no local.<\/p>\n\n\t\t<\/div>\n\t<\/div>\n<\/div><\/div><\/div><\/div><div class=\"vc_row wpb_row vc_row-fluid\"><div class=\"wpb_column vc_column_container vc_col-sm-3\"><div class=\"vc_column-inner\"><div class=\"wpb_wrapper\">\n\t<div  class=\"wpb_single_image wpb_content_element vc_align_left wpb_content_element\">\n\t\t\n\t\t<figure class=\"wpb_wrapper vc_figure\">\n\t\t\t<a href=\"https:\/\/lamp.glopss.com\/aff_c?offer_id=9&#038;aff_id=1834&#038;url=https%3A%2F%2Fwww.anantara.com%2Fen%2Fveli-maldives\" target=\"_self\" class=\"vc_single_image-wrapper   vc_box_border_grey\"><img loading=\"lazy\" decoding=\"async\" width=\"150\" height=\"150\" src=\"https:\/\/maldives-paradise.com\/wp-content\/uploads\/2023\/12\/anantara-veli-93-1080x480-1-150x150.jpg\" class=\"vc_single_image-img attachment-thumbnail\" alt=\"Anantara Veli Resort e Spa Maldivas\" title=\"anantara-veli-93-1080x480\" \/><\/a>\n\t\t<\/figure>\n\t<\/div>\n<\/div><\/div><\/div><div class=\"wpb_column vc_column_container vc_col-sm-9\"><div class=\"vc_column-inner\"><div class=\"wpb_wrapper\">\n\t<div class=\"wpb_text_column wpb_content_element\" >\n\t\t<div class=\"wpb_wrapper\">\n\t\t\t<h3><a href=\"https:\/\/lamp.glopss.com\/SHUt\" target=\"_blank\" rel=\"nofollow noopener\">Anantara Veli Maldivas Resort<\/a><\/h3>\n<p>Entregue-se ao ep\u00edtome do luxo rom\u00e2ntico no Anantara Veli Maldives Resort, um dos nossos resorts de lua de mel 5 estrelas favoritos somente para adultos nas Maldivas! Este retiro id\u00edlico \u00e9 perfeito para mergulhar em um mundo de lagoas azul-turquesa, bangal\u00f4s sobre a \u00e1gua e vistas m\u00e1gicas do p\u00f4r do sol. Voc\u00ea pode optar por uma Beach Pool Villa com acesso direto a areias macias e uma piscina de imers\u00e3o privativa \u00e0 beira-mar, ou fazer um upgrade para uma Overwater Villa com Private Plunge Pool e o luxo de Villa Host para aten\u00e7\u00e3o personalizada.<br \/>\n<span style=\"color: #ff0000;\"><strong>Garantia de melhor pre\u00e7o com reserva direta neste hotel.<\/strong><\/span><\/p>\n\n\t\t<\/div>\n\t<\/div>\n<\/div><\/div><\/div><\/div><div class=\"vc_row wpb_row vc_row-fluid\"><div class=\"wpb_column vc_column_container vc_col-sm-3\"><div class=\"vc_column-inner\"><div class=\"wpb_wrapper\">\n\t<div  class=\"wpb_single_image wpb_content_element vc_align_left wpb_content_element\">\n\t\t\n\t\t<figure class=\"wpb_wrapper vc_figure\">\n\t\t\t<a href=\"https:\/\/lamp.glopss.com\/aff_c?offer_id=259&#038;aff_id=1834\" target=\"_self\" class=\"vc_single_image-wrapper   vc_box_border_grey\"><img loading=\"lazy\" decoding=\"async\" width=\"150\" height=\"150\" src=\"https:\/\/maldives-paradise.com\/wp-content\/uploads\/2024\/01\/baros-maldives3-150x150.jpg\" class=\"vc_single_image-img attachment-thumbnail\" alt=\"Baros Maldivas\" title=\"baros-maldivas3\" \/><\/a>\n\t\t<\/figure>\n\t<\/div>\n<\/div><\/div><\/div><div class=\"wpb_column vc_column_container vc_col-sm-9\"><div class=\"vc_column-inner\"><div class=\"wpb_wrapper\">\n\t<div class=\"wpb_text_column wpb_content_element\" >\n\t\t<div class=\"wpb_wrapper\">\n\t\t\t<h3><a href=\"https:\/\/lamp.glopss.com\/SHUm\" target=\"_blank\" rel=\"nofollow noopener\">Baros Maldivas<\/a><\/h3>\n<p>Baros, o resort de luxo 5 estrelas nas Maldivas, \u00e9 o destino dos sonhos definitivo. Ele ganhou o pr\u00eamio de Resort Mais Rom\u00e2ntico do Mundo por sete anos consecutivos, conforme votado pelo World Travel Awards.<br \/>\nAs vilas aqu\u00e1ticas de Baros com piscina privativa oferecem uma experi\u00eancia inesquec\u00edvel enquanto voc\u00ea aproveita as vistas panor\u00e2micas, t\u00e3o tranquilas que voc\u00ea n\u00e3o vai querer ir embora.<\/p>\n\n\t\t<\/div>\n\t<\/div>\n<\/div><\/div><\/div><\/div><div class=\"vc_row wpb_row vc_row-fluid\"><div class=\"wpb_column vc_column_container vc_col-sm-3\"><div class=\"vc_column-inner\"><div class=\"wpb_wrapper\">\n\t<div  class=\"wpb_single_image wpb_content_element vc_align_left wpb_content_element\">\n\t\t\n\t\t<figure class=\"wpb_wrapper vc_figure\">\n\t\t\t<a href=\"https:\/\/lamp.glopss.com\/aff_c?offer_id=1354&#038;aff_id=1834&#038;url=https%3A%2F%2Fwww.comohotels.com%2Fmaldives%2Fcomo-cocoa-island\" target=\"_self\" class=\"vc_single_image-wrapper   vc_box_border_grey\"><img loading=\"lazy\" decoding=\"async\" width=\"150\" height=\"150\" src=\"https:\/\/maldives-paradise.com\/wp-content\/uploads\/2024\/01\/como-cocoa-island2-150x150.jpg\" class=\"vc_single_image-img attachment-thumbnail\" alt=\"COMO Ilha do Cacau\" title=\"como-cocoa-island2\" \/><\/a>\n\t\t<\/figure>\n\t<\/div>\n<\/div><\/div><\/div><div class=\"wpb_column vc_column_container vc_col-sm-9\"><div class=\"vc_column-inner\"><div class=\"wpb_wrapper\">\n\t<div class=\"wpb_text_column wpb_content_element\" >\n\t\t<div class=\"wpb_wrapper\">\n\t\t\t<h3><a href=\"https:\/\/lamp.glopss.com\/SHU8\" target=\"_blank\" rel=\"nofollow noopener\">Ilha do Cacau de Como<\/a><\/h3>\n<p>O COMO Cocoa Island \u00e9 um para\u00edso tropical com su\u00edtes de estilo \u00fanico e vilas sobre a \u00e1gua com telhado de palha de palmeiras inspiradas nos barcos de pesca locais dhoni. Este retiro rom\u00e2ntico situado ao longo da praia de areia branca oferece tratamentos de spa indulgentes, piscina infinita grande ao ar livre e dois recifes de mergulho privados que est\u00e3o fora deste mundo. Este ref\u00fagio de ilha dos sonhos no Oceano \u00cdndico \u00e9 a fuga perfeita para dois.<\/p>\n\n\t\t<\/div>\n\t<\/div>\n<\/div><\/div><\/div><\/div><div class=\"vc_row wpb_row vc_row-fluid\"><div class=\"wpb_column vc_column_container vc_col-sm-3\"><div class=\"vc_column-inner\"><div class=\"wpb_wrapper\">\n\t<div  class=\"wpb_single_image wpb_content_element vc_align_left wpb_content_element\">\n\t\t\n\t\t<figure class=\"wpb_wrapper vc_figure\">\n\t\t\t<a href=\"https:\/\/lamp.glopss.com\/aff_c?offer_id=1384&#038;aff_id=1834\" target=\"_self\" class=\"vc_single_image-wrapper   vc_box_border_grey\"><img loading=\"lazy\" decoding=\"async\" width=\"150\" height=\"150\" src=\"https:\/\/maldives-paradise.com\/wp-content\/uploads\/2023\/12\/Hideaway-Beach-Resort-Spa-Shines-as-the-Most-Picturesque-Resort-in-the-Maldives-at-TTM-Awards-2023-1-1024x576-1-150x150.jpg\" class=\"vc_single_image-img attachment-thumbnail\" alt=\"Hideaway Beach Resort &amp; Spa\" title=\"Hideaway-Beach-Resort-Spa-brilha-como-o-resort-mais-pitoresco-das-Maldivas-no-TTM-Awards-2023-1-1024x576.jpg\" \/><\/a>\n\t\t<\/figure>\n\t<\/div>\n<\/div><\/div><\/div><div class=\"wpb_column vc_column_container vc_col-sm-9\"><div class=\"vc_column-inner\"><div class=\"wpb_wrapper\">\n\t<div class=\"wpb_text_column wpb_content_element\" >\n\t\t<div class=\"wpb_wrapper\">\n\t\t\t<h3><a href=\"https:\/\/lamp.glopss.com\/aff_c?offer_id=1384&amp;aff_id=1834\" target=\"_blank\" rel=\"nofollow noopener\">Hideaway Beach Resort &amp; Spa<\/a><\/h3>\n<p>Hideaway Beach Resort &amp; Spa \u00e9 uma escolha ideal para uma lua de mel, com algumas das maiores e mais privadas vilas nas Maldivas. Fique em seu pr\u00f3prio pedacinho de para\u00edso, longe do resto do mundo e aproveite o puro luxo e reclus\u00e3o.<br \/>\nConfira o pacote especial para todos os casais em lua de mel que ficar\u00e3o quatro noites ou mais.<\/p>\n\n\t\t<\/div>\n\t<\/div>\n<\/div><\/div><\/div><\/div><div class=\"vc_row wpb_row vc_row-fluid\"><div class=\"wpb_column vc_column_container vc_col-sm-3\"><div class=\"vc_column-inner\"><div class=\"wpb_wrapper\">\n\t<div  class=\"wpb_single_image wpb_content_element vc_align_left wpb_content_element\">\n\t\t\n\t\t<figure class=\"wpb_wrapper vc_figure\">\n\t\t\t<a href=\"https:\/\/lamp.glopss.com\/aff_c?offer_id=264&#038;aff_id=1834&#038;url=https%3A%2F%2Fwww.hurawalhi.com%2F\" target=\"_self\" class=\"vc_single_image-wrapper   vc_box_border_grey\"><img loading=\"lazy\" decoding=\"async\" width=\"150\" height=\"150\" src=\"https:\/\/maldives-paradise.com\/wp-content\/uploads\/2024\/01\/Hurawalhi-Island2-150x150.jpg\" class=\"vc_single_image-img attachment-thumbnail\" alt=\"Ilha Hurawalhi \u2013 Resort somente para adultos e tudo inclu\u00eddo\" title=\"Ilha Hurawalhi2\" \/><\/a>\n\t\t<\/figure>\n\t<\/div>\n<\/div><\/div><\/div><div class=\"wpb_column vc_column_container vc_col-sm-9\"><div class=\"vc_column-inner\"><div class=\"wpb_wrapper\">\n\t<div class=\"wpb_text_column wpb_content_element\" >\n\t\t<div class=\"wpb_wrapper\">\n\t\t\t<h3><a href=\"https:\/\/hotellook.tp.st\/6FluoLuO\" target=\"_blank\" rel=\"nofollow noopener\">Resort da Ilha Hurawalhi<\/a><\/h3>\n<p>No intocado Atol de Lhaviyani, o Hurawalhi Island Resort \u00e9 nossa principal escolha para resorts de lua de mel somente para adultos nas Maldivas. Este retiro sereno \u00e9 ideal para casais que procuram um para\u00edso nas Maldivas. Cercado por \u00e1guas cristalinas, um cen\u00e1rio de lua de mel de beleza incompar\u00e1vel aguarda. O resort oferece uma variedade de acomoda\u00e7\u00f5es. As Beach Sunset Pool Villas s\u00e3o luxuosas, com piscinas de borda infinita privativas. Para um deleite de lua de mel, as Ocean Pool Villas s\u00e3o deslumbrantes.<\/p>\n\n\t\t<\/div>\n\t<\/div>\n<\/div><\/div><\/div><\/div><div class=\"vc_row wpb_row vc_row-fluid\"><div class=\"wpb_column vc_column_container vc_col-sm-3\"><div class=\"vc_column-inner\"><div class=\"wpb_wrapper\">\n\t<div  class=\"wpb_single_image wpb_content_element vc_align_left wpb_content_element\">\n\t\t\n\t\t<figure class=\"wpb_wrapper vc_figure\">\n\t\t\t<a href=\"https:\/\/lamp.glopss.com\/aff_c?offer_id=427&#038;aff_id=1834\" target=\"_self\" class=\"vc_single_image-wrapper   vc_box_border_grey\"><img loading=\"lazy\" decoding=\"async\" width=\"150\" height=\"150\" src=\"https:\/\/maldives-paradise.com\/wp-content\/uploads\/2024\/01\/Kandolhu2-150x150.jpg\" class=\"vc_single_image-img attachment-thumbnail\" alt=\"Ilha Kandolhu\" title=\"Kandolhu2\" \/><\/a>\n\t\t<\/figure>\n\t<\/div>\n<\/div><\/div><\/div><div class=\"wpb_column vc_column_container vc_col-sm-9\"><div class=\"vc_column-inner\"><div class=\"wpb_wrapper\">\n\t<div class=\"wpb_text_column wpb_content_element\" >\n\t\t<div class=\"wpb_wrapper\">\n\t\t\t<h3><a href=\"https:\/\/lamp.glopss.com\/SHUW\" target=\"_blank\" rel=\"nofollow noopener\">Kandolhu Maldivas<\/a><\/h3>\n<p>Resorts rom\u00e2nticos nas Maldivas, perfeitos para uma lua de mel ou uma escapada de casais. Kandolhu Maldives \u00e9 um destino perfeito para lua de mel, pois \u00e9 pequeno, calmo e rom\u00e2ntico. Recifes de corais e areias brancas e sedosas s\u00e3o comuns aqui, e o tamanho modesto do resort (ele tem apenas 30 vilas) garante que voc\u00ea tenha a maior solid\u00e3o poss\u00edvel durante as f\u00e9rias. Veja a oferta de lua de mel no site deles!<\/p>\n\n\t\t<\/div>\n\t<\/div>\n<\/div><\/div><\/div><\/div><div class=\"vc_row wpb_row vc_row-fluid\"><div class=\"wpb_column vc_column_container vc_col-sm-3\"><div class=\"vc_column-inner\"><div class=\"wpb_wrapper\">\n\t<div  class=\"wpb_single_image wpb_content_element vc_align_left wpb_content_element\">\n\t\t\n\t\t<figure class=\"wpb_wrapper vc_figure\">\n\t\t\t<a href=\"https:\/\/lamp.glopss.com\/aff_c?offer_id=264&#038;aff_id=1834&#038;url=https%3A%2F%2Fwww.komandoo.com%2F\" target=\"_self\" class=\"vc_single_image-wrapper   vc_box_border_grey\"><img loading=\"lazy\" decoding=\"async\" width=\"150\" height=\"150\" src=\"https:\/\/maldives-paradise.com\/wp-content\/uploads\/2023\/12\/komandoo-150x150.jpg\" class=\"vc_single_image-img attachment-thumbnail\" alt=\"Resort Komandoo Maldivas\" title=\"komandoo\" \/><\/a>\n\t\t<\/figure>\n\t<\/div>\n<\/div><\/div><\/div><div class=\"wpb_column vc_column_container vc_col-sm-9\"><div class=\"vc_column-inner\"><div class=\"wpb_wrapper\">\n\t<div class=\"wpb_text_column wpb_content_element\" >\n\t\t<div class=\"wpb_wrapper\">\n\t\t\t<h3><a href=\"https:\/\/hotellook.tp.st\/m18hEKIZ\" target=\"_blank\" rel=\"nofollow noopener\">Komandoo Island Resort &amp; Spa<\/a><\/h3>\n<p>No pitoresco Atol de Lhaviyani, o Komandoo Island Resort &amp; Spa \u00e9 o ref\u00fagio rom\u00e2ntico perfeito e uma das principais escolhas para resorts de lua de mel somente para adultos nas Maldivas. H\u00e1 uma variedade de vilas dispon\u00edveis no Komandoo, mas as Ocean Jacuzzi Water Villas, situadas sobre a lagoa, t\u00eam as vistas mais lindas e cativantes do nascer do sol. Com banheiras de hidromassagem e decks de madeira privativos que se estendem sobre a \u00e1gua, o sonho id\u00edlico das Maldivas!<\/p>\n\n\t\t<\/div>\n\t<\/div>\n<\/div><\/div><\/div><\/div><div class=\"vc_row wpb_row vc_row-fluid\"><div class=\"wpb_column vc_column_container vc_col-sm-3\"><div class=\"vc_column-inner\"><div class=\"wpb_wrapper\">\n\t<div  class=\"wpb_single_image wpb_content_element vc_align_left wpb_content_element\">\n\t\t\n\t\t<figure class=\"wpb_wrapper vc_figure\">\n\t\t\t<a href=\"https:\/\/lamp.glopss.com\/aff_c?offer_id=261&#038;aff_id=1834\" target=\"_self\" class=\"vc_single_image-wrapper   vc_box_border_grey\"><img loading=\"lazy\" decoding=\"async\" width=\"150\" height=\"150\" src=\"https:\/\/maldives-paradise.com\/wp-content\/uploads\/2023\/10\/milaidhoo3-150x150.jpg\" class=\"vc_single_image-img attachment-thumbnail\" alt=\"Milaidhoo Maldivas\" title=\"milaidhoo3\" \/><\/a>\n\t\t<\/figure>\n\t<\/div>\n<\/div><\/div><\/div><div class=\"wpb_column vc_column_container vc_col-sm-9\"><div class=\"vc_column-inner\"><div class=\"wpb_wrapper\">\n\t<div class=\"wpb_text_column wpb_content_element\" >\n\t\t<div class=\"wpb_wrapper\">\n\t\t\t<h3><a href=\"https:\/\/lamp.glopss.com\/SHUd\" target=\"_blank\" rel=\"nofollow noopener\">Milaidhoo Island Resort<\/a><\/h3>\n<p>Os rec\u00e9m-casados se sentem em casa em Milaidhoo, onde, quando voc\u00ea reserva o pacote &quot;Lua de Mel Perfeita&quot;, eles at\u00e9 mesmo nomeiam uma estrela no c\u00e9u noturno em sua homenagem, e lhe d\u00e3o o certificado e as coordenadas para que voc\u00ea possa v\u00ea-la \u00e0 noite. O nome da sua estrela ser\u00e1 protegido por direitos autorais com suas coordenadas para que voc\u00ea e as gera\u00e7\u00f5es futuras possam identific\u00e1-la no diret\u00f3rio e localiz\u00e1-la no c\u00e9u.<\/p>\n\n\t\t<\/div>\n\t<\/div>\n<\/div><\/div><\/div><\/div><div class=\"vc_row wpb_row vc_row-fluid\"><div class=\"wpb_column vc_column_container vc_col-sm-3\"><div class=\"vc_column-inner\"><div class=\"wpb_wrapper\">\n\t<div  class=\"wpb_single_image wpb_content_element vc_align_left wpb_content_element\">\n\t\t\n\t\t<figure class=\"wpb_wrapper vc_figure\">\n\t\t\t<a href=\"https:\/\/lamp.glopss.com\/aff_c?offer_id=989&#038;aff_id=1834&#038;url=https%3A%2F%2Fwww.outrigger.com%2Fmaldives%2Fmaldives-maafushivaru-resort%3Futm_source%3Dglopss%26utm_medium%3Daffiliate%26utm_campaign%3Dcampaign\" target=\"_self\" class=\"vc_single_image-wrapper   vc_box_border_grey\"><img loading=\"lazy\" decoding=\"async\" width=\"150\" height=\"150\" src=\"https:\/\/maldives-paradise.com\/wp-content\/uploads\/2024\/01\/outrigger2-150x150.jpg\" class=\"vc_single_image-img attachment-thumbnail\" alt=\"Outrigger Maldivas Maafushivaru\" title=\"estabilizador2\" \/><\/a>\n\t\t<\/figure>\n\t<\/div>\n<\/div><\/div><\/div><div class=\"wpb_column vc_column_container vc_col-sm-9\"><div class=\"vc_column-inner\"><div class=\"wpb_wrapper\">\n\t<div class=\"wpb_text_column wpb_content_element\" >\n\t\t<div class=\"wpb_wrapper\">\n\t\t\t<h3><a href=\"https:\/\/lamp.glopss.com\/SHUM\" target=\"_blank\" rel=\"nofollow noopener\">Outrigger Maafushivaru Maldivas<\/a><\/h3>\n<p>Reserve o pacote de lua de mel dos seus sonhos. O OUTRIGGER Maldives Maafushivaru Resort est\u00e1 localizado no Oceano \u00cdndico e oferece uma experi\u00eancia \u00fanica na ilha com vegeta\u00e7\u00e3o exuberante, \u00e1guas cristalinas e praias brancas.<\/p>\n\n\t\t<\/div>\n\t<\/div>\n<\/div><\/div><\/div><\/div><div class=\"vc_row wpb_row vc_row-fluid\"><div class=\"wpb_column vc_column_container vc_col-sm-3\"><div class=\"vc_column-inner\"><div class=\"wpb_wrapper\">\n\t<div  class=\"wpb_single_image wpb_content_element vc_align_left wpb_content_element\">\n\t\t\n\t\t<figure class=\"wpb_wrapper vc_figure\">\n\t\t\t<a href=\"https:\/\/lamp.glopss.com\/aff_c?offer_id=1062&#038;aff_id=1834&#038;url=https%3A%2F%2Fvaru-atmosphere.com%2F\" target=\"_self\" class=\"vc_single_image-wrapper   vc_box_border_grey\"><img loading=\"lazy\" decoding=\"async\" width=\"150\" height=\"150\" src=\"https:\/\/maldives-paradise.com\/wp-content\/uploads\/2023\/11\/varu-by-atmosphere-150x150.jpg\" class=\"vc_single_image-img attachment-thumbnail\" alt=\"Varu por Atmosfera\" title=\"varu-por-atmosfera\" \/><\/a>\n\t\t<\/figure>\n\t<\/div>\n<\/div><\/div><\/div><div class=\"wpb_column vc_column_container vc_col-sm-9\"><div class=\"vc_column-inner\"><div class=\"wpb_wrapper\">\n\t<div class=\"wpb_text_column wpb_content_element\" >\n\t\t<div class=\"wpb_wrapper\">\n\t\t\t<h3><a href=\"https:\/\/trip.tpo.lv\/XTX8WSQn\" target=\"_blank\" rel=\"nofollow noopener\">Varu por Atmosfera<\/a><\/h3>\n<p>VARU by Atmosphere \u2013 Um resort premium com tudo inclu\u00eddo. Desvende um mundo onde o amor pinta o horizonte e o tempo para. Eleve sua jornada de uni\u00e3o com o pacote de lua de mel VARU by Atmosphere de 4 noites e 5 dias.<\/p>\n\n\t\t<\/div>\n\t<\/div>\n<\/div><\/div><\/div><\/div><div class=\"vc_row wpb_row vc_row-fluid\"><div class=\"wpb_column vc_column_container vc_col-sm-3\"><div class=\"vc_column-inner\"><div class=\"wpb_wrapper\">\n\t<div  class=\"wpb_single_image wpb_content_element vc_align_left wpb_content_element\">\n\t\t\n\t\t<figure class=\"wpb_wrapper vc_figure\">\n\t\t\t<a href=\"https:\/\/lamp.glopss.com\/aff_c?offer_id=1019&#038;aff_id=1834\" target=\"_self\" class=\"vc_single_image-wrapper   vc_box_border_grey\"><img loading=\"lazy\" decoding=\"async\" width=\"150\" height=\"150\" src=\"https:\/\/maldives-paradise.com\/wp-content\/uploads\/2019\/01\/Nothing-quite-prepares-you-for-a-view-like-this-150x150.jpg\" class=\"vc_single_image-img attachment-thumbnail\" alt=\"You &amp; Me Cocoon Maldivas\" title=\"Nada-prepara-voc\u00ea-para-uma-vista-como-essa.jpg\" \/><\/a>\n\t\t<\/figure>\n\t<\/div>\n<\/div><\/div><\/div><div class=\"wpb_column vc_column_container vc_col-sm-9\"><div class=\"vc_column-inner\"><div class=\"wpb_wrapper\">\n\t<div class=\"wpb_text_column wpb_content_element\" >\n\t\t<div class=\"wpb_wrapper\">\n\t\t\t<h3><a href=\"https:\/\/lamp.glopss.com\/aff_c?offer_id=1019&amp;aff_id=1834\" target=\"_blank\" rel=\"nofollow noopener\">Voc\u00ea e eu por Cocoon Maldivas<\/a><\/h3>\n<p>You &amp; Me \u00e9 uma ilha privada, r\u00fastica e rom\u00e2ntica, em um canto lindo e intocado das Maldivas. Um mundo longe do estresse da vida cotidiana, You &amp; Me \u00e9 o lugar para relaxar, se aconchegar e passar um tempo de qualidade conosco. Ilha somente para adultos, voltada para casais, rec\u00e9m-casados e amigos, o resort \u00e9 um retiro tranquilo e relaxante, longe de outros hot\u00e9is.<\/p>\n\n\t\t<\/div>\n\t<\/div>\n<\/div><\/div><\/div><\/div><div class=\"vc_row wpb_row vc_row-fluid\"><div class=\"wpb_column vc_column_container vc_col-sm-12\"><div class=\"vc_column-inner\"><div class=\"wpb_wrapper\">\n\t<div class=\"wpb_text_column wpb_content_element\" >\n\t\t<div class=\"wpb_wrapper\">\n\t\t\t<p><a href=\"http:\/\/maldives-paradise.com\/pt\/marcacao\/romance-maldivas\/\"><strong>Mais sobre hot\u00e9is e resorts rom\u00e2nticos nas Maldivas<\/strong><\/a><\/p>\n<p class=\"has-small-font-size\"><strong><a title=\"Os 12 melhores resorts para lua de mel nas Maldivas\" href=\"https:\/\/maldives-paradise.com\/pt\/os-12-melhores-resorts-para-lua-de-mel-nas-maldivas\/\">Os melhores resorts para lua de mel nas Maldivas<\/a><\/strong><\/p>\n<p class=\"has-small-font-size\"><strong><a title=\"Os 12 melhores resorts para casamentos nas Maldivas\" href=\"https:\/\/maldives-paradise.com\/pt\/os-12-melhores-resorts-para-casamentos-nas-maldivas-2\/\">Os melhores resorts para casamentos nas Maldivas<\/a><\/strong><\/p>\n\n\t\t<\/div>\n\t<\/div>\n<\/div><\/div><\/div><\/div>\n<\/div>","protected":false},"excerpt":{"rendered":"<div class=\"mh-excerpt\"><\/div>","protected":false},"author":1,"featured_media":9194,"parent":0,"menu_order":0,"comment_status":"closed","ping_status":"closed","template":"","meta":{"footnotes":""},"class_list":["post-9020","page","type-page","status-publish","has-post-thumbnail"],"aioseo_notices":[],"_links":{"self":[{"href":"http:\/\/maldives-paradise.com\/pt\/wp-json\/wp\/v2\/pages\/9020","targetHints":{"allow":["GET"]}}],"collection":[{"href":"http:\/\/maldives-paradise.com\/pt\/wp-json\/wp\/v2\/pages"}],"about":[{"href":"http:\/\/maldives-paradise.com\/pt\/wp-json\/wp\/v2\/types\/page"}],"author":[{"embeddable":true,"href":"http:\/\/maldives-paradise.com\/pt\/wp-json\/wp\/v2\/users\/1"}],"replies":[{"embeddable":true,"href":"http:\/\/maldives-paradise.com\/pt\/wp-json\/wp\/v2\/comments?post=9020"}],"version-history":[{"count":7,"href":"http:\/\/maldives-paradise.com\/pt\/wp-json\/wp\/v2\/pages\/9020\/revisions"}],"predecessor-version":[{"id":45316,"href":"http:\/\/maldives-paradise.com\/pt\/wp-json\/wp\/v2\/pages\/9020\/revisions\/45316"}],"wp:featuredmedia":[{"embeddable":true,"href":"http:\/\/maldives-paradise.com\/pt\/wp-json\/wp\/v2\/media\/9194"}],"wp:attachment":[{"href":"http:\/\/maldives-paradise.com\/pt\/wp-json\/wp\/v2\/media?parent=9020"}],"curies":[{"name":"wp","href":"https:\/\/api.w.org\/{rel}","templated":true}]}}