{"id":8933,"date":"2024-01-16T19:55:53","date_gmt":"2024-01-16T19:55:53","guid":{"rendered":"http:\/\/maldives-paradise.com\/?page_id=8933"},"modified":"2025-11-26T09:26:14","modified_gmt":"2025-11-26T09:26:14","slug":"os-12-melhores-resorts-familiares-nas-maldivas","status":"publish","type":"page","link":"http:\/\/maldives-paradise.com\/pt\/os-12-melhores-resorts-familiares-nas-maldivas\/","title":{"rendered":"Os melhores resorts familiares nas Maldivas"},"content":{"rendered":"<div class=\"wpb-content-wrapper\"><div class=\"vc_row wpb_row vc_row-fluid\"><div class=\"wpb_column vc_column_container vc_col-sm-12\"><div class=\"vc_column-inner\"><div class=\"wpb_wrapper\">\n\t<div class=\"wpb_text_column wpb_content_element\" >\n\t\t<div class=\"wpb_wrapper\">\n\t\t\t<p>Experimente momentos inesquec\u00edveis em fam\u00edlia em resorts familiares de luxo nas Maldivas. Aproveite praias imaculadas e atividades emocionantes para crian\u00e7as. Mergulhe no vibrante mundo marinho, saboreie refei\u00e7\u00f5es gourmet e crie mem\u00f3rias duradouras neste para\u00edso tropical. Ideal para fam\u00edlias que buscam uma mistura de relaxamento e aventura em um ambiente luxuoso.<\/p>\n<p>Os resorts nas Maldivas atendem fam\u00edlias com vilas espa\u00e7osas, muitas com piscinas privativas e acesso direto \u00e0 praia. As crian\u00e7as podem aproveitar uma variedade de atividades, como mergulho com snorkel em recifes de corais vibrantes, cruzeiros para observa\u00e7\u00e3o de golfinhos e esportes aqu\u00e1ticos cheios de divers\u00e3o. Muitos resorts oferecem clubes infantis dedicados com programas envolventes, permitindo que os pais relaxem enquanto as crian\u00e7as se divertem. Com seu ambiente seguro, beleza natural deslumbrante e servi\u00e7o excepcional, as Maldivas oferecem um cen\u00e1rio perfeito para criar mem\u00f3rias familiares duradouras.<\/p>\n\n\t\t<\/div>\n\t<\/div>\n<\/div><\/div><\/div><\/div><div class=\"vc_row wpb_row vc_row-fluid\"><div class=\"wpb_column vc_column_container vc_col-sm-3\"><div class=\"vc_column-inner\"><div class=\"wpb_wrapper\">\n\t<div  class=\"wpb_single_image wpb_content_element vc_align_left wpb_content_element\">\n\t\t\n\t\t<figure class=\"wpb_wrapper vc_figure\">\n\t\t\t<a href=\"https:\/\/lamp.glopss.com\/aff_c?offer_id=9&#038;aff_id=1834&#038;url=https%3A%2F%2Fwww.anantara.com%2Fen%2Fdhigu-maldives\" target=\"_self\" class=\"vc_single_image-wrapper   vc_box_border_grey\"><img loading=\"lazy\" decoding=\"async\" width=\"150\" height=\"150\" src=\"https:\/\/maldives-paradise.com\/wp-content\/uploads\/2024\/01\/anantara-dhigu-150x150.jpg\" class=\"vc_single_image-img attachment-thumbnail\" alt=\"Anantara Dhigu Maldivas Resort\" title=\"anantara-dhigu\" \/><\/a>\n\t\t<\/figure>\n\t<\/div>\n<\/div><\/div><\/div><div class=\"wpb_column vc_column_container vc_col-sm-9\"><div class=\"vc_column-inner\"><div class=\"wpb_wrapper\">\n\t<div class=\"wpb_text_column wpb_content_element\" >\n\t\t<div class=\"wpb_wrapper\">\n\t\t\t<h3><a href=\"https:\/\/lamp.glopss.com\/SHUr\" target=\"_blank\" rel=\"nofollow noopener\">Anantara Dhigu Maldivas Resort<\/a><\/h3>\n<p>O Anantara Dhigu Maldives Resort \u00e9 o destino perfeito para turistas que viajam com suas fam\u00edlias. O resort oferece vilas luxuosas e espa\u00e7osas, um fant\u00e1stico clube infantil e v\u00e1rias atividades aqu\u00e1ticas para seus pequenos.<br \/>\nEste resort garantir\u00e1 que seus filhos tenham as f\u00e9rias dos sonhos! O lugar oferece atividades aqu\u00e1ticas, incluindo observa\u00e7\u00e3o de baiacus e filhotes de tubar\u00e3o-de-recife, piscina infantil, passeio no p\u00eder e muito mais!<br \/>\nO Anantara Dhigu Maldives Resort tamb\u00e9m oferece um menu especial para crian\u00e7as, que \u00e9 carregado com deliciosas op\u00e7\u00f5es de guloseimas. O local oferece v\u00e1rios pacotes de f\u00e9rias acess\u00edveis para fam\u00edlias.<br \/>\n<span style=\"color: #ff0000;\"><strong>Garantia de melhor pre\u00e7o com reserva direta neste hotel.<\/strong><\/span><\/p>\n\n\t\t<\/div>\n\t<\/div>\n<\/div><\/div><\/div><\/div><div class=\"vc_row wpb_row vc_row-fluid\"><div class=\"wpb_column vc_column_container vc_col-sm-3\"><div class=\"vc_column-inner\"><div class=\"wpb_wrapper\">\n\t<div  class=\"wpb_single_image wpb_content_element vc_align_left wpb_content_element\">\n\t\t\n\t\t<figure class=\"wpb_wrapper vc_figure\">\n\t\t\t<a href=\"https:\/\/lamp.glopss.com\/aff_c?offer_id=1062&#038;aff_id=1834&#038;url=https%3A%2F%2Fatmosphere-kanifushi.com%2F\" target=\"_self\" class=\"vc_single_image-wrapper   vc_box_border_grey\"><img loading=\"lazy\" decoding=\"async\" width=\"150\" height=\"150\" src=\"https:\/\/maldives-paradise.com\/wp-content\/uploads\/2023\/12\/atmosphere-kanifushi2-150x150.jpg\" class=\"vc_single_image-img attachment-thumbnail\" alt=\"Atmosfera Kanifushi Maldivas\" title=\"atmosfera-kanifushi2\" \/><\/a>\n\t\t<\/figure>\n\t<\/div>\n<\/div><\/div><\/div><div class=\"wpb_column vc_column_container vc_col-sm-9\"><div class=\"vc_column-inner\"><div class=\"wpb_wrapper\">\n\t<div class=\"wpb_text_column wpb_content_element\" >\n\t\t<div class=\"wpb_wrapper\">\n\t\t\t<h3><a href=\"https:\/\/trip.tpo.lv\/FjeSQCnR\" target=\"_blank\" rel=\"nofollow noopener\">Atmosfera Kanifushi Maldivas<\/a><\/h3>\n<p>Este resort cinco estrelas com tudo inclu\u00eddo n\u00e3o \u00e9 apenas espetacularmente lindo, mas tamb\u00e9m de classe mundial em servi\u00e7o. \u00c9 muito familiar e as vilas Kanifushi Residence do resort s\u00e3o projetadas com as necessidades de crian\u00e7as e adultos em mente. Fora das vilas, h\u00e1 muito para mant\u00ea-lo ocupado, incluindo um spa relaxante, esportes aqu\u00e1ticos, um restaurante - o primeiro do tipo nas Maldivas - que serve pratos ambientalmente respons\u00e1veis. H\u00e1 tamb\u00e9m um \u00f3timo clube infantil, playground, creche e servi\u00e7os de bab\u00e1 para aquelas noites em que voc\u00ea quer um jantar rom\u00e2ntico apenas para adultos.<\/p>\n\n\t\t<\/div>\n\t<\/div>\n<\/div><\/div><\/div><\/div><div class=\"vc_row wpb_row vc_row-fluid\"><div class=\"wpb_column vc_column_container vc_col-sm-3\"><div class=\"vc_column-inner\"><div class=\"wpb_wrapper\">\n\t<div  class=\"wpb_single_image wpb_content_element vc_align_left wpb_content_element\">\n\t\t\n\t\t<figure class=\"wpb_wrapper vc_figure\">\n\t\t\t<a href=\"https:\/\/lamp.glopss.com\/aff_c?offer_id=1354&#038;aff_id=1834&#038;url=https%3A%2F%2Fwww.comohotels.com%2Fmaldives%2Fcomo-maalifushi\" target=\"_self\" class=\"vc_single_image-wrapper   vc_box_border_grey\"><img loading=\"lazy\" decoding=\"async\" width=\"150\" height=\"150\" src=\"https:\/\/maldives-paradise.com\/wp-content\/uploads\/2024\/01\/COMO-Maalifushi2-150x150.jpg\" class=\"vc_single_image-img attachment-thumbnail\" alt=\"COMO Maalifushi\" title=\"COMO-Maalifushi2\" \/><\/a>\n\t\t<\/figure>\n\t<\/div>\n<\/div><\/div><\/div><div class=\"wpb_column vc_column_container vc_col-sm-9\"><div class=\"vc_column-inner\"><div class=\"wpb_wrapper\">\n\t<div class=\"wpb_text_column wpb_content_element\" >\n\t\t<div class=\"wpb_wrapper\">\n\t\t\t<h3><a href=\"https:\/\/lamp.glopss.com\/SHU9\" target=\"_blank\" rel=\"nofollow noopener\">COMO Maalifushi<\/a><\/h3>\n<p>O melhor para os pequenos!<br \/>\nO Play by COMO foca em jovens jet setters! Seu programa dedicado oferece menus de bem-estar incr\u00edveis (para crian\u00e7as!) e muitas atividades familiares exclusivas, como mergulho com snorkel com um bi\u00f3logo marinho, cruzeiros com golfinhos em redes de mergulho e surfe. Seu Play by COMO Space dedicado foi projetado para inspirar brincadeiras propositais e criativas dirigidas por crian\u00e7as de 4 a 12 anos, com brinquedos, livros, jogos e materiais de arte cuidadosamente selecionados.<\/p>\n\n\t\t<\/div>\n\t<\/div>\n<\/div><\/div><\/div><\/div><div class=\"vc_row wpb_row vc_row-fluid\"><div class=\"wpb_column vc_column_container vc_col-sm-3\"><div class=\"vc_column-inner\"><div class=\"wpb_wrapper\">\n\t<div  class=\"wpb_single_image wpb_content_element vc_align_left wpb_content_element\">\n\t\t\n\t\t<figure class=\"wpb_wrapper vc_figure\">\n\t\t\t<a href=\"https:\/\/lamp.glopss.com\/aff_c?offer_id=1085&#038;aff_id=1834\" target=\"_self\" class=\"vc_single_image-wrapper   vc_box_border_grey\"><img loading=\"lazy\" decoding=\"async\" width=\"150\" height=\"150\" src=\"https:\/\/maldives-paradise.com\/wp-content\/uploads\/2023\/12\/finolhu-maldives-150x150.jpeg\" class=\"vc_single_image-img attachment-thumbnail\" alt=\"Finolhu Maldivas\" title=\"finolhu-maldivas\" \/><\/a>\n\t\t<\/figure>\n\t<\/div>\n<\/div><\/div><\/div><div class=\"wpb_column vc_column_container vc_col-sm-9\"><div class=\"vc_column-inner\"><div class=\"wpb_wrapper\">\n\t<div class=\"wpb_text_column wpb_content_element\" >\n\t\t<div class=\"wpb_wrapper\">\n\t\t\t<h3><a href=\"https:\/\/lamp.glopss.com\/SHUE\" rel=\"nofollow \">Finolhu<\/a><\/h3>\n<p>Melhor para mergulho com snorkel!<br \/>\nPegue seu balde e p\u00e1 \u2014 o grande atrativo deste resort extravagante \u00e9 sua magn\u00edfica praia de areia branca e banco de areia, que atravessa o Atol Baa como um cometa. H\u00e1 um parque aqu\u00e1tico infl\u00e1vel localizado pr\u00f3ximo \u00e0 costa, uma piscina em formato de lagoa e uma vida marinha fant\u00e1stica com corais coloridos e redemoinhos de peixes tropicais no recife da casa e golfinhos-rotadores, tartarugas marinhas e arraias-manta, todos por perto. O Oceaneer&#039;s Club tem uma longa lista de atividades di\u00e1rias \u2014 workshops de piratas, arte na areia, competi\u00e7\u00f5es de caiaque \u2014 e pode dar festas de anivers\u00e1rio com presentes, jogos e bolo.<\/p>\n\n\t\t<\/div>\n\t<\/div>\n<\/div><\/div><\/div><\/div><div class=\"vc_row wpb_row vc_row-fluid\"><div class=\"wpb_column vc_column_container vc_col-sm-3\"><div class=\"vc_column-inner\"><div class=\"wpb_wrapper\">\n\t<div  class=\"wpb_single_image wpb_content_element vc_align_left wpb_content_element\">\n\t\t\n\t\t<figure class=\"wpb_wrapper vc_figure\">\n\t\t\t<a href=\"https:\/\/lamp.glopss.com\/aff_c?offer_id=1384&#038;aff_id=1834\" target=\"_self\" class=\"vc_single_image-wrapper   vc_box_border_grey\"><img loading=\"lazy\" decoding=\"async\" width=\"150\" height=\"150\" src=\"https:\/\/maldives-paradise.com\/wp-content\/uploads\/2023\/12\/Hideaway-Beach-Resort-Spa-Shines-as-the-Most-Picturesque-Resort-in-the-Maldives-at-TTM-Awards-2023-1-1024x576-1-150x150.jpg\" class=\"vc_single_image-img attachment-thumbnail\" alt=\"Hideaway Beach Resort &amp; Spa\" title=\"Hideaway-Beach-Resort-Spa-brilha-como-o-resort-mais-pitoresco-das-Maldivas-no-TTM-Awards-2023-1-1024x576.jpg\" \/><\/a>\n\t\t<\/figure>\n\t<\/div>\n<\/div><\/div><\/div><div class=\"wpb_column vc_column_container vc_col-sm-9\"><div class=\"vc_column-inner\"><div class=\"wpb_wrapper\">\n\t<div class=\"wpb_text_column wpb_content_element\" >\n\t\t<div class=\"wpb_wrapper\">\n\t\t\t<h3><a href=\"https:\/\/lamp.glopss.com\/aff_c?offer_id=1384&amp;aff_id=1834\" target=\"_blank\" rel=\"nofollow noopener\">Hideaway Beach Resort &amp; Spa<\/a><\/h3>\n<p>Vencedor do pr\u00eamio Tripadvisor Travellers&#039; Choice Best of the Best Award 2022. Se os adultos precisam de uma pausa dos filhos, o resort tem a solu\u00e7\u00e3o: o excelente Tender Hearts Kids&#039; Club. Deixe seus pequenos soltos no clube infantil de 50 m\u00b2 e observe-os participar das atividades selecionadas que certamente impressionar\u00e3o. Isso inclui constru\u00e7\u00e3o de castelos de areia, aulas de pesca, ca\u00e7a ao tesouro, pintura, desenho, aulas de culin\u00e1ria, ciclismo, esconde-esconde, passeios educativos e muito mais.<\/p>\n\n\t\t<\/div>\n\t<\/div>\n<\/div><\/div><\/div><\/div><div class=\"vc_row wpb_row vc_row-fluid\"><div class=\"wpb_column vc_column_container vc_col-sm-3\"><div class=\"vc_column-inner\"><div class=\"wpb_wrapper\">\n\t<div  class=\"wpb_single_image wpb_content_element vc_align_left wpb_content_element\">\n\t\t\n\t\t<figure class=\"wpb_wrapper vc_figure\">\n\t\t\t<div class=\"vc_single_image-wrapper   vc_box_border_grey\"><img loading=\"lazy\" decoding=\"async\" width=\"150\" height=\"150\" src=\"https:\/\/maldives-paradise.com\/wp-content\/uploads\/2024\/01\/Kandima-150x150.jpg\" class=\"vc_single_image-img attachment-thumbnail\" alt=\"Kandima Maldivas\" title=\"Kandima.jpg\" \/><\/div>\n\t\t<\/figure>\n\t<\/div>\n<\/div><\/div><\/div><div class=\"wpb_column vc_column_container vc_col-sm-9\"><div class=\"vc_column-inner\"><div class=\"wpb_wrapper\">\n\t<div class=\"wpb_text_column wpb_content_element\" >\n\t\t<div class=\"wpb_wrapper\">\n\t\t\t<h3><a href=\"https:\/\/lamp.glopss.com\/SHUV\" target=\"_blank\" rel=\"nofollow noopener\">Kandima Maldivas<\/a><\/h3>\n<p>O emocionante hotel familiar, Kandima, arrasa com sua vibra\u00e7\u00e3o moderna e descolada, ethos relaxado e enorme playground e \u00e1rea de mergulho para crian\u00e7as. Eles s\u00e3o todos sobre seus pequenos VIPs e t\u00eam um Kandiland dedicado, Kandima Kids Club administrado por uma equipe multil\u00edngue de cuidadores de crian\u00e7as totalmente certificados, e oferece atividades, al\u00e9m de um playground de aventura, trampolim, parede de escalada, t\u00eanis de mesa e \u00e1reas de recrea\u00e7\u00e3o cobertas. A ilha oferece mais de tr\u00eas quil\u00f4metros de praia e duas piscinas, incluindo uma piscina de 100 metros - a maior das Maldivas.<\/p>\n\n\t\t<\/div>\n\t<\/div>\n<\/div><\/div><\/div><\/div><div class=\"vc_row wpb_row vc_row-fluid\"><div class=\"wpb_column vc_column_container vc_col-sm-3\"><div class=\"vc_column-inner\"><div class=\"wpb_wrapper\">\n\t<div  class=\"wpb_single_image wpb_content_element vc_align_left wpb_content_element\">\n\t\t\n\t\t<figure class=\"wpb_wrapper vc_figure\">\n\t\t\t<a href=\"https:\/\/lamp.glopss.com\/aff_c?offer_id=1471&#038;aff_id=1834&#038;url=https%3A%2F%2Fwww.luxresorts.com%2Fen%2Fmaldives%2Fresort%2Fluxsouthariatoll%3Futm_source%3Dglopss%26utm_medium%3Daffiliate%26utm_campaign%3Dcampaign\" target=\"_self\" class=\"vc_single_image-wrapper   vc_box_border_grey\"><img loading=\"lazy\" decoding=\"async\" width=\"150\" height=\"150\" src=\"https:\/\/maldives-paradise.com\/wp-content\/uploads\/2024\/01\/lux2-150x150.jpg\" class=\"vc_single_image-img attachment-thumbnail\" alt=\"LUX * Maldivas South Ari Atoll\" title=\"lux2\" \/><\/a>\n\t\t<\/figure>\n\t<\/div>\n<\/div><\/div><\/div><div class=\"wpb_column vc_column_container vc_col-sm-9\"><div class=\"vc_column-inner\"><div class=\"wpb_wrapper\">\n\t<div class=\"wpb_text_column wpb_content_element\" >\n\t\t<div class=\"wpb_wrapper\">\n\t\t\t<h3><a href=\"https:\/\/lamp.glopss.com\/aff_c?offer_id=1471&amp;aff_id=1834&amp;url=https%3A%2F%2Fwww.luxresorts.com%2Fen%2Fmaldives%2Fresort%2Fluxsouthariatoll%3Futm_source%3Dglopss%26utm_medium%3Daffiliate%26utm_campaign%3Dcampaign\" target=\"_blank\" rel=\"nofollow noopener\">LUX* Atol de Ari do Sul Resort &amp; Villas<\/a><\/h3>\n<p>Melhor para tipos esportivos.<br \/>\nOs pais v\u00e3o adorar o design descolado estilo Ibiza, os tratamentos de spa que fazem voc\u00ea se sentir bem e a escolha de cinco bares diferentes. As crian\u00e7as, por sua vez, v\u00e3o adorar os clubes (um para crian\u00e7as e um para adolescentes), esportes de praia e viagens de aventura. O all-inclusive provavelmente deixar\u00e1 todos sorrindo; ele cobre tudo, desde aulas de t\u00eanis e ioga at\u00e9 minibares no quarto e caf\u00e9 feito por baristas, bem como sorvete ilimitado e esportes aqu\u00e1ticos n\u00e3o motorizados. As vilas familiares na lagoa s\u00e3o a acomoda\u00e7\u00e3o de escolha, rolando direto para a praia de areia branca brilhante e para as \u00e1guas pl\u00e1cidas azul-Tiffany.<\/p>\n\n\t\t<\/div>\n\t<\/div>\n<\/div><\/div><\/div><\/div><div class=\"vc_row wpb_row vc_row-fluid\"><div class=\"wpb_column vc_column_container vc_col-sm-3\"><div class=\"vc_column-inner\"><div class=\"wpb_wrapper\">\n\t<div  class=\"wpb_single_image wpb_content_element vc_align_left wpb_content_element\">\n\t\t\n\t\t<figure class=\"wpb_wrapper vc_figure\">\n\t\t\t<a href=\"https:\/\/lamp.glopss.com\/aff_c?offer_id=264&#038;aff_id=1834&#038;url=https%3A%2F%2Fwww.meeru.com%2F\" target=\"_self\" class=\"vc_single_image-wrapper   vc_box_border_grey\"><img loading=\"lazy\" decoding=\"async\" width=\"150\" height=\"150\" src=\"https:\/\/maldives-paradise.com\/wp-content\/uploads\/2023\/08\/Jawakara-Maldives-Island-Hero-800x467-1-150x150.jpg\" class=\"vc_single_image-img attachment-thumbnail\" alt=\"meeru ilha resort maldivas\" title=\"Jawakara-Maldivas-Ilha-Her\u00f3i-800x467\" \/><\/a>\n\t\t<\/figure>\n\t<\/div>\n<\/div><\/div><\/div><div class=\"wpb_column vc_column_container vc_col-sm-9\"><div class=\"vc_column-inner\"><div class=\"wpb_wrapper\">\n\t<div class=\"wpb_text_column wpb_content_element\" >\n\t\t<div class=\"wpb_wrapper\">\n\t\t\t<h3><a href=\"https:\/\/lamp.glopss.com\/SHUg\" target=\"_blank\" rel=\"nofollow noopener\">Meeru Island Resort &amp; Spa<\/a><\/h3>\n<p>O Meeru Island Resort &amp; Spa Maldives \u00e9 uma ilha resort ideal para fam\u00edlias com crian\u00e7as pequenas. O Plano Fam\u00edlia do Meeru torna as f\u00e9rias mais acess\u00edveis. As taxas de quarto para crian\u00e7as, plano de refei\u00e7\u00f5es e traslado de lancha s\u00e3o reduzidas para 50% da taxa de adulto. As taxas do Plano Fam\u00edlia s\u00e3o aplic\u00e1veis a crian\u00e7as menores de 15 anos. H\u00e1 uma sala de jogos para crian\u00e7as. Perto da Piscina Dhoni Bar, h\u00e1 uma piscina infantil, uma \u00e1rea de recrea\u00e7\u00e3o ao ar livre e o Komas Kid&#039;s Club, instala\u00e7\u00f5es separadas, brinquedos, jogos e divers\u00e3o para crian\u00e7as de (3 a 12) e adolescentes (13 a 17).<br \/>\n<span style=\"color: #ff0000;\"><strong>Garantia de melhor pre\u00e7o com reserva direta neste hotel.<\/strong><\/span><\/p>\n\n\t\t<\/div>\n\t<\/div>\n<\/div><\/div><\/div><\/div><div class=\"vc_row wpb_row vc_row-fluid\"><div class=\"wpb_column vc_column_container vc_col-sm-3\"><div class=\"vc_column-inner\"><div class=\"wpb_wrapper\">\n\t<div  class=\"wpb_single_image wpb_content_element vc_align_left wpb_content_element\">\n\t\t\n\t\t<figure class=\"wpb_wrapper vc_figure\">\n\t\t\t<a href=\"https:\/\/lamp.glopss.com\/aff_c?offer_id=9&#038;aff_id=1834&#038;url=https%3A%2F%2Fwww.niyama.com%2F\" target=\"_self\" class=\"vc_single_image-wrapper   vc_box_border_grey\"><img loading=\"lazy\" decoding=\"async\" width=\"150\" height=\"150\" src=\"https:\/\/maldives-paradise.com\/wp-content\/uploads\/2024\/01\/niyama2-150x150.jpg\" class=\"vc_single_image-img attachment-thumbnail\" alt=\"Ilhas Privadas de Niyama Maldivas\" title=\"niyama2\" \/><\/a>\n\t\t<\/figure>\n\t<\/div>\n<\/div><\/div><\/div><div class=\"wpb_column vc_column_container vc_col-sm-9\"><div class=\"vc_column-inner\"><div class=\"wpb_wrapper\">\n\t<div class=\"wpb_text_column wpb_content_element\" >\n\t\t<div class=\"wpb_wrapper\">\n\t\t\t<h3><a href=\"https:\/\/lamp.glopss.com\/SHUv\" target=\"_blank\" rel=\"nofollow noopener\">Ilhas Privadas de Niyama Maldivas<\/a><\/h3>\n<p>Melhor para escola de surf.<br \/>\nEste resort familiar de duas ilhas no sul do Atol de Dhaalu tem seu pr\u00f3prio ponto de surfe a uma dist\u00e2ncia de remo da costa. As aulas abrangem todos os n\u00edveis e todos os membros da fam\u00edlia, come\u00e7ando com o b\u00e1sico na tranquila lagoa azul de Niyama antes de graduar para mergulhos de pato e cutbacks em mar aberto. De volta \u00e0 terra, voc\u00ea tamb\u00e9m encontrar\u00e1 um clube infantil com todos os cantos e dan\u00e7as, um restaurante em casa na \u00e1rvore, um restaurante subaqu\u00e1tico, um spa sobre a \u00e1gua e grandes vilas familiares, tanto na praia quanto em palafitas sobre o Oceano \u00cdndico.<br \/>\n<span style=\"color: #ff0000;\"><strong>Garantia de melhor pre\u00e7o com reserva direta neste hotel.<\/strong><\/span><\/p>\n\n\t\t<\/div>\n\t<\/div>\n<\/div><\/div><\/div><\/div><div class=\"vc_row wpb_row vc_row-fluid\"><div class=\"wpb_column vc_column_container vc_col-sm-3\"><div class=\"vc_column-inner\"><div class=\"wpb_wrapper\">\n\t<div  class=\"wpb_single_image wpb_content_element vc_align_left wpb_content_element\">\n\t\t\n\t\t<figure class=\"wpb_wrapper vc_figure\">\n\t\t\t<a href=\"https:\/\/lamp.glopss.com\/aff_c?offer_id=1062&#038;aff_id=1834&#038;url=https%3A%2F%2Ftheozencollection.com%2Fozenlife-maadhoo%2F\" target=\"_self\" class=\"vc_single_image-wrapper   vc_box_border_grey\"><img loading=\"lazy\" decoding=\"async\" width=\"150\" height=\"150\" src=\"https:\/\/maldives-paradise.com\/wp-content\/uploads\/2024\/01\/ozen-life-2-150x150.jpg\" class=\"vc_single_image-img attachment-thumbnail\" alt=\"OZEN Life Maadhoo\" title=\"ozen-vida-2\" \/><\/a>\n\t\t<\/figure>\n\t<\/div>\n<\/div><\/div><\/div><div class=\"wpb_column vc_column_container vc_col-sm-9\"><div class=\"vc_column-inner\"><div class=\"wpb_wrapper\">\n\t<div class=\"wpb_text_column wpb_content_element\" >\n\t\t<div class=\"wpb_wrapper\">\n\t\t\t<h3><a href=\"https:\/\/trip.tpo.lv\/i4Tqqyq0\" target=\"_blank\" rel=\"nofollow noopener\">Ozen Vida Maadhoo<\/a><\/h3>\n<p>Ideal para um programa esportivo com tudo inclu\u00eddo.<br \/>\nO incr\u00edvel programa de resort com tudo inclu\u00eddo no OZEN Life Maadhoo garante que toda a fam\u00edlia esteja sorrindo e aproveitando as Maldivas do seu jeito. Aproveite o benef\u00edcio de uma experi\u00eancia de aventura fabulosa e uma excurs\u00e3o aut\u00eantica de pesca ao p\u00f4r do sol inclu\u00edda como parte da oferta com tudo inclu\u00eddo. Voc\u00ea tamb\u00e9m ter\u00e1 acesso a esportes aqu\u00e1ticos n\u00e3o motorizados de cortesia e excurs\u00f5es de mergulho com snorkel. Os pais, enquanto isso, recebem um tratamento de spa de cortesia a cada quatro a cinco noites de estadia.<\/p>\n\n\t\t<\/div>\n\t<\/div>\n<\/div><\/div><\/div><\/div><div class=\"vc_row wpb_row vc_row-fluid\"><div class=\"wpb_column vc_column_container vc_col-sm-3\"><div class=\"vc_column-inner\"><div class=\"wpb_wrapper\">\n\t<div  class=\"wpb_single_image wpb_content_element vc_align_left wpb_content_element\">\n\t\t\n\t\t<figure class=\"wpb_wrapper vc_figure\">\n\t\t\t<a href=\"https:\/\/lamp.glopss.com\/aff_c?offer_id=1506&#038;aff_id=1834\" target=\"_self\" class=\"vc_single_image-wrapper   vc_box_border_grey\"><img loading=\"lazy\" decoding=\"async\" width=\"150\" height=\"150\" src=\"https:\/\/maldives-paradise.com\/wp-content\/uploads\/2023\/11\/Patina-150x150.jpg\" class=\"vc_single_image-img attachment-thumbnail\" alt=\"Patina Maldivas\" title=\"Patina.jpg\" \/><\/a>\n\t\t<\/figure>\n\t<\/div>\n<\/div><\/div><\/div><div class=\"wpb_column vc_column_container vc_col-sm-9\"><div class=\"vc_column-inner\"><div class=\"wpb_wrapper\">\n\t<div class=\"wpb_text_column wpb_content_element\" >\n\t\t<div class=\"wpb_wrapper\">\n\t\t\t<h3><a href=\"https:\/\/lamp.glopss.com\/aff_c?offer_id=1506&amp;aff_id=1834\" rel=\"nofollow \">Patina Maldivas<\/a><\/h3>\n<p>Muitas coisas para crian\u00e7as. Footprints \u00e9 o centro de atividades inspirado na educa\u00e7\u00e3o infantil, situado em belos jardins com estruturas de escalada e uma piscina infantil. As atividades internas incluem impress\u00e3o 3D e tecnologia de corte a laser, aulas de culin\u00e1ria, etc. As crian\u00e7as tamb\u00e9m podem aproveitar experi\u00eancias interativas na ilha e conserva\u00e7\u00e3o marinha. Os pais ficar\u00e3o muito felizes em saber que seus filhos podem passar in\u00fameras horas se mantendo ocupados.<\/p>\n\n\t\t<\/div>\n\t<\/div>\n<\/div><\/div><\/div><\/div><div class=\"vc_row wpb_row vc_row-fluid\"><div class=\"wpb_column vc_column_container vc_col-sm-3\"><div class=\"vc_column-inner\"><div class=\"wpb_wrapper\">\n\t<div  class=\"wpb_single_image wpb_content_element vc_align_left wpb_content_element\">\n\t\t\n\t\t<figure class=\"wpb_wrapper vc_figure\">\n\t\t\t<a href=\"https:\/\/lamp.glopss.com\/aff_c?offer_id=1476&#038;aff_id=1834&#038;url=https%3A%2F%2Fwww.sunsiyam.com%2Fsiyam-world%2F\" target=\"_self\" class=\"vc_single_image-wrapper   vc_box_border_grey\"><img loading=\"lazy\" decoding=\"async\" width=\"150\" height=\"150\" src=\"https:\/\/maldives-paradise.com\/wp-content\/uploads\/2024\/01\/sun-siyam-world-150x150.jpg\" class=\"vc_single_image-img attachment-thumbnail\" alt=\"Mundo Sun Siyam\" title=\"mundo sun-siyam\" \/><\/a>\n\t\t<\/figure>\n\t<\/div>\n<\/div><\/div><\/div><div class=\"wpb_column vc_column_container vc_col-sm-9\"><div class=\"vc_column-inner\"><div class=\"wpb_wrapper\">\n\t<div class=\"wpb_text_column wpb_content_element\" >\n\t\t<div class=\"wpb_wrapper\">\n\t\t\t<h3><a href=\"https:\/\/lamp.glopss.com\/SHUy\" target=\"_blank\" rel=\"nofollow noopener\">Siyam World Maldivas<\/a><\/h3>\n<p>Siyam World \u00e9 o novo garoto do peda\u00e7o onde as crian\u00e7as v\u00eam em primeiro lugar! No entanto, todos n\u00f3s sabemos que as crian\u00e7as v\u00eam em todas as formas e tamanhos e quando um escorregador para o oceano \u00e9 anexado a todas as vilas aqu\u00e1ticas, elas v\u00eam em todas as idades tamb\u00e9m!<br \/>\nEste resort com tudo inclu\u00eddo, inaugurado em outubro de 2021, oferece 19 categorias de acomoda\u00e7\u00f5es elegantes, todas com piscina privativa \u2013 vilas, quartos, pavilh\u00f5es e resid\u00eancias \u2013 abrangendo de 89 a 3.000 metros quadrados, tanto em terra quanto sobre a \u00e1gua.<\/p>\n\n\t\t<\/div>\n\t<\/div>\n<\/div><\/div><\/div><\/div><div class=\"vc_row wpb_row vc_row-fluid\"><div class=\"wpb_column vc_column_container vc_col-sm-12\"><div class=\"vc_column-inner\"><div class=\"wpb_wrapper\">\n\t<div class=\"wpb_text_column wpb_content_element\" >\n\t\t<div class=\"wpb_wrapper\">\n\t\t\t<p><a href=\"http:\/\/maldives-paradise.com\/pt\/marcacao\/resort-familiar\/\"><strong>Mais sobre hot\u00e9is e resorts familiares nas Maldivas<\/strong><\/a><\/p>\n<p><strong><a title=\"Os melhores resorts com tudo inclu\u00eddo\" href=\"https:\/\/maldives-paradise.com\/pt\/?page_id=8762\">Os melhores resorts com tudo inclu\u00eddo nas Maldivas<\/a><\/strong><\/p>\n\n\t\t<\/div>\n\t<\/div>\n<\/div><\/div><\/div><\/div>\n<\/div>","protected":false},"excerpt":{"rendered":"<div class=\"mh-excerpt\"><\/div>","protected":false},"author":1,"featured_media":8934,"parent":0,"menu_order":0,"comment_status":"closed","ping_status":"closed","template":"","meta":{"footnotes":""},"class_list":["post-8933","page","type-page","status-publish","has-post-thumbnail"],"aioseo_notices":[],"_links":{"self":[{"href":"http:\/\/maldives-paradise.com\/pt\/wp-json\/wp\/v2\/pages\/8933","targetHints":{"allow":["GET"]}}],"collection":[{"href":"http:\/\/maldives-paradise.com\/pt\/wp-json\/wp\/v2\/pages"}],"about":[{"href":"http:\/\/maldives-paradise.com\/pt\/wp-json\/wp\/v2\/types\/page"}],"author":[{"embeddable":true,"href":"http:\/\/maldives-paradise.com\/pt\/wp-json\/wp\/v2\/users\/1"}],"replies":[{"embeddable":true,"href":"http:\/\/maldives-paradise.com\/pt\/wp-json\/wp\/v2\/comments?post=8933"}],"version-history":[{"count":7,"href":"http:\/\/maldives-paradise.com\/pt\/wp-json\/wp\/v2\/pages\/8933\/revisions"}],"predecessor-version":[{"id":45308,"href":"http:\/\/maldives-paradise.com\/pt\/wp-json\/wp\/v2\/pages\/8933\/revisions\/45308"}],"wp:featuredmedia":[{"embeddable":true,"href":"http:\/\/maldives-paradise.com\/pt\/wp-json\/wp\/v2\/media\/8934"}],"wp:attachment":[{"href":"http:\/\/maldives-paradise.com\/pt\/wp-json\/wp\/v2\/media?parent=8933"}],"curies":[{"name":"wp","href":"https:\/\/api.w.org\/{rel}","templated":true}]}}