{"id":8790,"date":"2024-01-15T15:38:49","date_gmt":"2024-01-15T15:38:49","guid":{"rendered":"http:\/\/maldives-paradise.com\/?page_id=8790"},"modified":"2025-11-26T09:21:45","modified_gmt":"2025-11-26T09:21:45","slug":"os-12-melhores-resorts-somente-para-adultos-nas-maldivas","status":"publish","type":"page","link":"http:\/\/maldives-paradise.com\/pt\/os-12-melhores-resorts-somente-para-adultos-nas-maldivas\/","title":{"rendered":"Os melhores resorts exclusivos para adultos nas Maldivas"},"content":{"rendered":"<div class=\"wpb-content-wrapper\"><div class=\"vc_row wpb_row vc_row-fluid\"><div class=\"wpb_column vc_column_container vc_col-sm-12\"><div class=\"vc_column-inner\"><div class=\"wpb_wrapper\">\n\t<div class=\"wpb_text_column wpb_content_element\" >\n\t\t<div class=\"wpb_wrapper\">\n\t\t\t<p>Descubra a indulg\u00eancia pura em resorts de luxo somente para adultos nas Maldivas. Esses ref\u00fagios exclusivos oferecem vilas rom\u00e2nticas sobre a \u00e1gua, praias privadas, restaurantes gourmet e serenidade inigual\u00e1vel. Perfeito para casais que buscam uma fuga \u00edntima no para\u00edso. Experimente o luxo m\u00e1ximo, onde cada detalhe \u00e9 projetado para seu prazer.<\/p>\n<p>Os resorts somente para adultos nas Maldivas oferecem uma fuga serena e sofisticada, perfeita para aqueles que buscam tranquilidade e romance. Esses resorts oferecem uma atmosfera \u00edntima, livre da agita\u00e7\u00e3o, permitindo que os h\u00f3spedes relaxem e descontraiam completamente. Com luxuosas vilas sobre a \u00e1gua, piscinas privativas e experi\u00eancias gastron\u00f4micas exclusivas, os adultos podem se deliciar com o m\u00e1ximo de mimos. Desfrute de tratamentos de spa serenos, cruzeiros rom\u00e2nticos ao p\u00f4r do sol e tempo de praia ininterrupto. A beleza natural deslumbrante e as comodidades luxuosas das Maldivas criam um cen\u00e1rio id\u00edlico para casais, amigos ou viajantes individuais que procuram uma escapada pac\u00edfica e rejuvenescedora.<\/p>\n\n\t\t<\/div>\n\t<\/div>\n<\/div><\/div><\/div><\/div><div class=\"vc_row wpb_row vc_row-fluid\"><div class=\"wpb_column vc_column_container vc_col-sm-3\"><div class=\"vc_column-inner\"><div class=\"wpb_wrapper\">\n\t<div  class=\"wpb_single_image wpb_content_element vc_align_left wpb_content_element\">\n\t\t\n\t\t<figure class=\"wpb_wrapper vc_figure\">\n\t\t\t<a href=\"https:\/\/lamp.glopss.com\/aff_c?offer_id=338&#038;aff_id=1834&#038;url=https%3A%2F%2Fwww.adaaran.com%2Fprestigewatervillas%2F\" target=\"_self\" class=\"vc_single_image-wrapper   vc_box_border_grey\"><img loading=\"lazy\" decoding=\"async\" width=\"150\" height=\"150\" src=\"https:\/\/maldives-paradise.com\/wp-content\/uploads\/2024\/01\/Adaaran-Prestige-Water-Villas-5-150x150.jpg\" class=\"vc_single_image-img attachment-thumbnail\" alt=\"Vilas aqu\u00e1ticas Adaaran Prestige\" title=\"Adaaran-Prestige-Water-Villas-5\" \/><\/a>\n\t\t<\/figure>\n\t<\/div>\n<\/div><\/div><\/div><div class=\"wpb_column vc_column_container vc_col-sm-9\"><div class=\"vc_column-inner\"><div class=\"wpb_wrapper\">\n\t<div class=\"wpb_text_column wpb_content_element\" >\n\t\t<div class=\"wpb_wrapper\">\n\t\t\t<h3><a href=\"https:\/\/lamp.glopss.com\/aff_c?offer_id=338&amp;aff_id=1834&amp;url=https%3A%2F%2Fwww.adaaran.com%2Fprestigewatervillas%2F\" target=\"_blank\" rel=\"nofollow noopener\">Vilas aqu\u00e1ticas Adaaran Prestige<\/a><\/h3>\n<p>Um destino de lua de mel perfeito, o Adaaran Prestige Water Villas \u00e9 um resort de luxo exclusivo situado na ilha de Meedhupparu, no Atol Raa das Maldivas. A ilha privada \u00e9 compartilhada com a propriedade irm\u00e3 do Adaaran Resort, mas o Adaaran Prestige Water Villas \u00e9 mais exclusivo.<br \/>\nCom 20 villas sobre a \u00e1gua que oferecem interiores luxuosos, modernos e espa\u00e7osos, estas villas tamb\u00e9m oferecem muita privacidade, tornando-as uma excelente escolha se procura uma escapadela tranquila. Cada um ainda vem com um servi\u00e7o de mordomo pessoal.<br \/>\nH\u00e1 uma grande variedade de restaurantes e bares no local, onde os h\u00f3spedes podem desfrutar de uma grande variedade de pratos de diversas culin\u00e1rias.<br \/>\n<strong><span style=\"color: #ff0000;\">Garantia de melhor pre\u00e7o com reserva direta neste hotel.<\/span><\/strong><\/p>\n\n\t\t<\/div>\n\t<\/div>\n<\/div><\/div><\/div><\/div><div class=\"vc_row wpb_row vc_row-fluid\"><div class=\"wpb_column vc_column_container vc_col-sm-3\"><div class=\"vc_column-inner\"><div class=\"wpb_wrapper\">\n\t<div  class=\"wpb_single_image wpb_content_element vc_align_left wpb_content_element\">\n\t\t\n\t\t<figure class=\"wpb_wrapper vc_figure\">\n\t\t\t<a href=\"https:\/\/lamp.glopss.com\/aff_c?offer_id=9&#038;aff_id=1834&#038;url=https%3A%2F%2Fwww.anantara.com%2Fen%2Fveli-maldives\" target=\"_self\" class=\"vc_single_image-wrapper   vc_box_border_grey\"><img loading=\"lazy\" decoding=\"async\" width=\"150\" height=\"150\" src=\"https:\/\/maldives-paradise.com\/wp-content\/uploads\/2023\/12\/anantara-veli-93-1080x480-1-150x150.jpg\" class=\"vc_single_image-img attachment-thumbnail\" alt=\"Anantara Veli Resort e Spa Maldivas\" title=\"anantara-veli-93-1080x480\" \/><\/a>\n\t\t<\/figure>\n\t<\/div>\n<\/div><\/div><\/div><div class=\"wpb_column vc_column_container vc_col-sm-9\"><div class=\"vc_column-inner\"><div class=\"wpb_wrapper\">\n\t<div class=\"wpb_text_column wpb_content_element\" >\n\t\t<div class=\"wpb_wrapper\">\n\t\t\t<h3><a href=\"https:\/\/lamp.glopss.com\/SHUt\" target=\"_blank\" rel=\"nofollow noopener\">Anantara Veli Maldivas Resort<\/a><\/h3>\n<p>Esta estadia boutique \u00e9 um dos resorts das Maldivas que far\u00e1 com que as pessoas reservem uma segunda lua de mel. O Anantara Veli Resort nas Maldivas incentiva os h\u00f3spedes a descansar em suas villas voltadas para o mar ou a desfrutar de uma refei\u00e7\u00e3o elegante ao p\u00f4r do sol. Basta uma curta viagem de lancha do Aeroporto Internacional de Mal\u00e9 para chegar a este retiro 5 estrelas apenas para adultos, que tamb\u00e9m oferece um pacote com tudo inclu\u00eddo. Neste pacote, os h\u00f3spedes podem ter acesso a vantagens como buffet di\u00e1rio, card\u00e1pio de bebidas com tudo inclu\u00eddo e descontos para estadias prolongadas.<br \/>\n<strong><span style=\"color: #ff0000;\">Garantia de melhor pre\u00e7o com reserva direta neste hotel.<\/span><\/strong><\/p>\n\n\t\t<\/div>\n\t<\/div>\n<\/div><\/div><\/div><\/div><div class=\"vc_row wpb_row vc_row-fluid\"><div class=\"wpb_column vc_column_container vc_col-sm-3\"><div class=\"vc_column-inner\"><div class=\"wpb_wrapper\">\n\t<div  class=\"wpb_single_image wpb_content_element vc_align_left wpb_content_element\">\n\t\t\n\t\t<figure class=\"wpb_wrapper vc_figure\">\n\t\t\t<a href=\"https:\/\/lamp.glopss.com\/aff_c?offer_id=1442&#038;aff_id=1834&#038;url=https%3A%2F%2Fwww.centarahotelsresorts.com%2Fcentara%2Fcrf\" target=\"_self\" class=\"vc_single_image-wrapper   vc_box_border_grey\"><img loading=\"lazy\" decoding=\"async\" width=\"150\" height=\"150\" src=\"https:\/\/maldives-paradise.com\/wp-content\/uploads\/2024\/01\/centara-ras-fushi-150x150.jpg\" class=\"vc_single_image-img attachment-thumbnail\" alt=\"Centara Ras Fushi Resort &amp; Spa\" title=\"centara-ras-fushi\" \/><\/a>\n\t\t<\/figure>\n\t<\/div>\n<\/div><\/div><\/div><div class=\"wpb_column vc_column_container vc_col-sm-9\"><div class=\"vc_column-inner\"><div class=\"wpb_wrapper\">\n\t<div class=\"wpb_text_column wpb_content_element\" >\n\t\t<div class=\"wpb_wrapper\">\n\t\t\t<h3><a href=\"https:\/\/lamp.glopss.com\/aff_c?offer_id=1442&amp;aff_id=1834&amp;url=https%3A%2F%2Fwww.centarahotelsresorts.com%2Fcentara%2Fcrf\" target=\"_blank\" rel=\"nofollow noopener\">Centara Ras Fushi Resort &amp; Spa<\/a><\/h3>\n<p>Desfrute do luxo no Centara Ras Fushi Resort &amp; Spa com algu\u00e9m especial! Este retiro apenas para adultos inclui villas na praia e sobre a \u00e1gua para desfrutar dos despojos das Maldivas. O resort oferece op\u00e7\u00f5es de planos de alimenta\u00e7\u00e3o para incentivar f\u00e9rias despreocupadas, incluindo op\u00e7\u00f5es de meia pens\u00e3o e pens\u00e3o completa. Os h\u00f3spedes podem at\u00e9 optar pela op\u00e7\u00e3o de plano de refei\u00e7\u00f5es com tudo inclu\u00eddo do resort, que inclui plano de refei\u00e7\u00f5es com pens\u00e3o completa, cr\u00e9ditos do resort para comer em outros restaurantes no local e muito mais.<\/p>\n\n\t\t<\/div>\n\t<\/div>\n<\/div><\/div><\/div><\/div><div class=\"vc_row wpb_row vc_row-fluid\"><div class=\"wpb_column vc_column_container vc_col-sm-3\"><div class=\"vc_column-inner\"><div class=\"wpb_wrapper\">\n\t<div  class=\"wpb_single_image wpb_content_element vc_align_left wpb_content_element\">\n\t\t\n\t\t<figure class=\"wpb_wrapper vc_figure\">\n\t\t\t<a href=\"https:\/\/lamp.glopss.com\/aff_c?offer_id=259&#038;aff_id=1834\" target=\"_self\" class=\"vc_single_image-wrapper   vc_box_border_grey\"><img loading=\"lazy\" decoding=\"async\" width=\"150\" height=\"150\" src=\"https:\/\/maldives-paradise.com\/wp-content\/uploads\/2024\/01\/baros-maldives3-150x150.jpg\" class=\"vc_single_image-img attachment-thumbnail\" alt=\"Baros Maldivas\" title=\"baros-maldivas3\" \/><\/a>\n\t\t<\/figure>\n\t<\/div>\n<\/div><\/div><\/div><div class=\"wpb_column vc_column_container vc_col-sm-9\"><div class=\"vc_column-inner\"><div class=\"wpb_wrapper\">\n\t<div class=\"wpb_text_column wpb_content_element\" >\n\t\t<div class=\"wpb_wrapper\">\n\t\t\t<h3><a href=\"https:\/\/lamp.glopss.com\/SHUm\" target=\"_blank\" rel=\"nofollow noopener\">Baros Maldivas<\/a><\/h3>\n<p>Uma ilha tropical exuberante situada nas \u00e1guas cintilantes de uma lagoa rasa, cercada por um recife vibrante com vida marinha. Hospede-se com eleg\u00e2ncia em Villas criadas em madeira e arenito, equilibradas e pac\u00edficas sobre uma lagoa transl\u00facida, ou discretamente aninhadas entre flores ex\u00f3ticas na praia. Deleite-se com privacidade rom\u00e2ntica nas f\u00e9rias perfeitas. A ess\u00eancia das Maldivas, definida em Baros.<\/p>\n\n\t\t<\/div>\n\t<\/div>\n<\/div><\/div><\/div><\/div><div class=\"vc_row wpb_row vc_row-fluid\"><div class=\"wpb_column vc_column_container vc_col-sm-3\"><div class=\"vc_column-inner\"><div class=\"wpb_wrapper\">\n\t<div  class=\"wpb_single_image wpb_content_element vc_align_left wpb_content_element\">\n\t\t\n\t\t<figure class=\"wpb_wrapper vc_figure\">\n\t\t\t<a href=\"https:\/\/lamp.glopss.com\/aff_c?offer_id=1354&#038;aff_id=1834&#038;url=https%3A%2F%2Fwww.comohotels.com%2Fmaldives%2Fcomo-cocoa-island%2F\" target=\"_self\" class=\"vc_single_image-wrapper   vc_box_border_grey\"><img loading=\"lazy\" decoding=\"async\" width=\"150\" height=\"150\" src=\"https:\/\/maldives-paradise.com\/wp-content\/uploads\/2024\/01\/como-cocoa-island2-150x150.jpg\" class=\"vc_single_image-img attachment-thumbnail\" alt=\"COMO Ilha do Cacau\" title=\"como-cocoa-island2\" \/><\/a>\n\t\t<\/figure>\n\t<\/div>\n<\/div><\/div><\/div><div class=\"wpb_column vc_column_container vc_col-sm-9\"><div class=\"vc_column-inner\"><div class=\"wpb_wrapper\">\n\t<div class=\"wpb_text_column wpb_content_element\" >\n\t\t<div class=\"wpb_wrapper\">\n\t\t\t<h3><a href=\"https:\/\/lamp.glopss.com\/SHU8\" target=\"_blank\" rel=\"nofollow noopener\">Ilha do Cacau de Como<\/a><\/h3>\n<p>Classificado como um dos melhores resorts para lua de mel, o COMO Cocoa Island est\u00e1 localizado a apenas 40 minutos de lancha do Aeroporto de Mal\u00e9 e tem uma sele\u00e7\u00e3o exclusiva de apenas 33 vilas rom\u00e2nticas na \u00e1gua e 3 su\u00edtes elegantes. As vilas sobre a \u00e1gua possuem excelente privacidade e foram criadas para parecerem um barco de pesca tradicional das Maldivas, tornando-as o \u00fanico resort desse tipo. O resort oferece culin\u00e1ria excelente, um bar lindo, mergulho e snorkeling e um spa no local.<\/p>\n\n\t\t<\/div>\n\t<\/div>\n<\/div><\/div><\/div><\/div><div class=\"vc_row wpb_row vc_row-fluid\"><div class=\"wpb_column vc_column_container vc_col-sm-3\"><div class=\"vc_column-inner\"><div class=\"wpb_wrapper\">\n\t<div  class=\"wpb_single_image wpb_content_element vc_align_left wpb_content_element\">\n\t\t\n\t\t<figure class=\"wpb_wrapper vc_figure\">\n\t\t\t<a href=\"https:\/\/lamp.glopss.com\/aff_c?offer_id=264&#038;aff_id=1834&#038;url=https%3A%2F%2Fwww.hurawalhi.com%2F\" target=\"_self\" class=\"vc_single_image-wrapper   vc_box_border_grey\"><img loading=\"lazy\" decoding=\"async\" width=\"150\" height=\"150\" src=\"https:\/\/maldives-paradise.com\/wp-content\/uploads\/2024\/01\/Hurawalhi-Island2-150x150.jpg\" class=\"vc_single_image-img attachment-thumbnail\" alt=\"Ilha Hurawalhi \u2013 Resort somente para adultos e tudo inclu\u00eddo\" title=\"Ilha Hurawalhi2\" \/><\/a>\n\t\t<\/figure>\n\t<\/div>\n<\/div><\/div><\/div><div class=\"wpb_column vc_column_container vc_col-sm-9\"><div class=\"vc_column-inner\"><div class=\"wpb_wrapper\">\n\t<div class=\"wpb_text_column wpb_content_element\" >\n\t\t<div class=\"wpb_wrapper\">\n\t\t\t<h3><a href=\"https:\/\/hotellook.tp.st\/6FluoLuO\" target=\"_blank\" rel=\"nofollow noopener\">Resort da Ilha Hurawalhi<\/a><\/h3>\n<p>Nada \u00e9 mais rom\u00e2ntico do que desfrutar da companhia de algu\u00e9m importante nas costas arenosas das Maldivas, bem no deslumbrante Atol de Lhavaiyani. O <strong>Resort da Ilha Hurawalhi<\/strong> est\u00e1 familiarizado com a cria\u00e7\u00e3o de um clima rom\u00e2ntico! Este resort apenas para adultos tamb\u00e9m garante que os h\u00f3spedes possam desfrutar da ilha sem stress com o seu plano tudo inclu\u00eddo. Com o plano, os viajantes podem acessar a academia de gin\u00e1stica e outras instala\u00e7\u00f5es esportivas do resort, refei\u00e7\u00f5es em estilo buffet no Restaurante Canneli, bebidas ilimitadas (excluindo determinadas bebidas) e o One Sunset Dolphin Cruise.<\/p>\n\n\t\t<\/div>\n\t<\/div>\n<\/div><\/div><\/div><\/div><div class=\"vc_row wpb_row vc_row-fluid\"><div class=\"wpb_column vc_column_container vc_col-sm-3\"><div class=\"vc_column-inner\"><div class=\"wpb_wrapper\">\n\t<div  class=\"wpb_single_image wpb_content_element vc_align_left wpb_content_element\">\n\t\t\n\t\t<figure class=\"wpb_wrapper vc_figure\">\n\t\t\t<a href=\"https:\/\/lamp.glopss.com\/aff_c?offer_id=264&#038;aff_id=1834&#038;url=https%3A%2F%2Fkagimaldives.com%2F\" target=\"_self\" class=\"vc_single_image-wrapper   vc_box_border_grey\"><img loading=\"lazy\" decoding=\"async\" width=\"150\" height=\"150\" src=\"https:\/\/maldives-paradise.com\/wp-content\/uploads\/2024\/01\/Kagi-Maldives3-150x150.jpg\" class=\"vc_single_image-img attachment-thumbnail\" alt=\"Kagi Maldivas Resort &amp; Spa\" title=\"Kagi-Maldivas3\" \/><\/a>\n\t\t<\/figure>\n\t<\/div>\n<\/div><\/div><\/div><div class=\"wpb_column vc_column_container vc_col-sm-9\"><div class=\"vc_column-inner\"><div class=\"wpb_wrapper\">\n\t<div class=\"wpb_text_column wpb_content_element\" >\n\t\t<div class=\"wpb_wrapper\">\n\t\t\t<h3><a href=\"https:\/\/lamp.glopss.com\/SHUk\" target=\"_blank\" rel=\"nofollow noopener\">Ilha Spa Kagi Maldivas<\/a><\/h3>\n<p>Kagi Maldives Spa Island \u00e9 um resort boutique 5 estrelas apenas para adultos, o primeiro do g\u00eanero nas Maldivas. Este exclusivo retiro de bem-estar est\u00e1 situado no Atol Norte de Mal\u00e9.<br \/>\nEste resort concentra-se no bem-estar em todos os aspectos deste resort, desde as 50 villas espa\u00e7osas e arejadas, tanto sobre a \u00e1gua como na praia, o seu design funde aspectos tradicionais e contempor\u00e2neos para proporcionar aos h\u00f3spedes um relaxamento total em todas as \u00e1reas do resort. . Existem dois restaurantes e tr\u00eas bares para escolher neste resort, e h\u00e1 muitas atividades e instala\u00e7\u00f5es de bem-estar para descobrir, incluindo um centro de mergulho PADI no local, o complexo Baani Spa e uma excelente academia de \u00faltima gera\u00e7\u00e3o. .<br \/>\n<strong><span style=\"color: #ff0000;\">Garantia de melhor pre\u00e7o com reserva direta neste hotel.<\/span><\/strong><\/p>\n\n\t\t<\/div>\n\t<\/div>\n<\/div><\/div><\/div><\/div><div class=\"vc_row wpb_row vc_row-fluid\"><div class=\"wpb_column vc_column_container vc_col-sm-3\"><div class=\"vc_column-inner\"><div class=\"wpb_wrapper\">\n\t<div  class=\"wpb_single_image wpb_content_element vc_align_left wpb_content_element\">\n\t\t\n\t\t<figure class=\"wpb_wrapper vc_figure\">\n\t\t\t<div class=\"vc_single_image-wrapper   vc_box_border_grey\"><img loading=\"lazy\" decoding=\"async\" width=\"150\" height=\"150\" src=\"https:\/\/maldives-paradise.com\/wp-content\/uploads\/2023\/11\/Ramona-Kandima-_-Lahaina-Lifestyle-1-2-Website-Hero-150x150.jpg\" class=\"vc_single_image-img attachment-thumbnail\" alt=\"Kandima Maldivas\" title=\"Ramona-Kandima-_-Lahaina-Estilo-de-Vida-1-2-Her\u00f3i-do-Site.jpg\" \/><\/div>\n\t\t<\/figure>\n\t<\/div>\n<\/div><\/div><\/div><div class=\"wpb_column vc_column_container vc_col-sm-9\"><div class=\"vc_column-inner\"><div class=\"wpb_wrapper\">\n\t<div class=\"wpb_text_column wpb_content_element\" >\n\t\t<div class=\"wpb_wrapper\">\n\t\t\t<h3><a href=\"http:\/\/maldives-paradise.com\/pt\/kandima-maldivas\/\">Kandima Maldivas<\/a><\/h3>\n<p>O Kandima Maldives \u00e9 muito mais do que apenas f\u00e9rias. Este novo destino revolucion\u00e1rio oferece um cen\u00e1rio de ilha seriamente estiloso com restaurantes e bares extraordin\u00e1rios e muitas atividades no local para escolher. Aqui, tudo se resume \u00e0 hospitalidade genu\u00edna com um toque humano e solu\u00e7\u00f5es inteligentes que fazem uso das \u00faltimas inova\u00e7\u00f5es!<\/p>\n\n\t\t<\/div>\n\t<\/div>\n<\/div><\/div><\/div><\/div><div class=\"vc_row wpb_row vc_row-fluid\"><div class=\"wpb_column vc_column_container vc_col-sm-3\"><div class=\"vc_column-inner\"><div class=\"wpb_wrapper\">\n\t<div  class=\"wpb_single_image wpb_content_element vc_align_left wpb_content_element\">\n\t\t\n\t\t<figure class=\"wpb_wrapper vc_figure\">\n\t\t\t<a href=\"https:\/\/lamp.glopss.com\/aff_c?offer_id=264&#038;aff_id=1834&#038;url=https%3A%2F%2Fwww.komandoo.com%2F\" target=\"_self\" class=\"vc_single_image-wrapper   vc_box_border_grey\"><img loading=\"lazy\" decoding=\"async\" width=\"150\" height=\"150\" src=\"https:\/\/maldives-paradise.com\/wp-content\/uploads\/2024\/01\/komandoo3.-150x150.jpg\" class=\"vc_single_image-img attachment-thumbnail\" alt=\"Komandoo Island Resort &amp; Spa\" title=\"Piscina infinita Komandoo\" \/><\/a>\n\t\t<\/figure>\n\t<\/div>\n<\/div><\/div><\/div><div class=\"wpb_column vc_column_container vc_col-sm-9\"><div class=\"vc_column-inner\"><div class=\"wpb_wrapper\">\n\t<div class=\"wpb_text_column wpb_content_element\" >\n\t\t<div class=\"wpb_wrapper\">\n\t\t\t<h3><a href=\"https:\/\/hotellook.tp.st\/m18hEKIZ\" target=\"_blank\" rel=\"nofollow noopener\">Komandoo Island Resort &amp; Spa<\/a><\/h3>\n<p>O Komandoo Island Resort &amp; Spa \u00e9 um dos resorts exclusivos para adultos mais bem avaliados das Maldivas. Os casais podem desfrutar da companhia um do outro neste resort premiado em um ambiente \u00edntimo entre a beleza do Atol de Lhaviyani. Os viajantes tamb\u00e9m v\u00e3o adorar os pacotes com tudo inclu\u00eddo do Komandoo. Os pacotes plus e gold do resort incluem vantagens como refei\u00e7\u00f5es em estilo buffet durante o caf\u00e9 da manh\u00e3, almo\u00e7o e jantar, bebidas ilimitadas, acesso ao minibar, uso gratuito da academia do resort e equipamentos recreativos selecionados.<\/p>\n\n\t\t<\/div>\n\t<\/div>\n<\/div><\/div><\/div><\/div><div class=\"vc_row wpb_row vc_row-fluid\"><div class=\"wpb_column vc_column_container vc_col-sm-3\"><div class=\"vc_column-inner\"><div class=\"wpb_wrapper\">\n\t<div  class=\"wpb_single_image wpb_content_element vc_align_left wpb_content_element\">\n\t\t\n\t\t<figure class=\"wpb_wrapper vc_figure\">\n\t\t\t<a href=\"https:\/\/lamp.glopss.com\/aff_c?offer_id=261&#038;aff_id=1834\" target=\"_self\" class=\"vc_single_image-wrapper   vc_box_border_grey\"><img loading=\"lazy\" decoding=\"async\" width=\"150\" height=\"150\" src=\"https:\/\/maldives-paradise.com\/wp-content\/uploads\/2023\/10\/milaidhoo3-150x150.jpg\" class=\"vc_single_image-img attachment-thumbnail\" alt=\"Milaidhoo Maldivas\" title=\"milaidhoo3\" \/><\/a>\n\t\t<\/figure>\n\t<\/div>\n<\/div><\/div><\/div><div class=\"wpb_column vc_column_container vc_col-sm-9\"><div class=\"vc_column-inner\"><div class=\"wpb_wrapper\">\n\t<div class=\"wpb_text_column wpb_content_element\" >\n\t\t<div class=\"wpb_wrapper\">\n\t\t\t<h3><a href=\"https:\/\/lamp.glopss.com\/SHUd\" target=\"_blank\" rel=\"nofollow noopener\">Ilha Milaidhoo Maldivas<\/a><\/h3>\n<p>O resort boutique Milaidhoo redefine o luxo e exibe com orgulho suas ra\u00edzes locais. Os h\u00f3spedes experimentam um estilo de vida casual, luxuoso e descal\u00e7o na ilha e sentem que pertencem enquanto est\u00e3o no ambiente natural e exuberante de uma ilha tropical. Todos os desejos rom\u00e2nticos podem ser realizados aqui: desde observar golfinhos ao p\u00f4r do sol at\u00e9 visitar um banco de areia abandonado para um piquenique na praia particular. Os passeios de mergulho com snorkel e cilindro pelo recife de corais colorido diretamente em frente \u00e0 ilha ou na famosa Ba\u00eda de Hanifaru tamb\u00e9m s\u00e3o maravilhosos. No Milaidhoo, os h\u00f3spedes encontrar\u00e3o seu segundo lar no Oceano \u00cdndico: elegante, familiar e pr\u00f3ximo \u00e0 natureza.<\/p>\n\n\t\t<\/div>\n\t<\/div>\n<\/div><\/div><\/div><\/div><div class=\"vc_row wpb_row vc_row-fluid\"><div class=\"wpb_column vc_column_container vc_col-sm-3\"><div class=\"vc_column-inner\"><div class=\"wpb_wrapper\">\n\t<div  class=\"wpb_single_image wpb_content_element vc_align_left wpb_content_element\">\n\t\t\n\t\t<figure class=\"wpb_wrapper vc_figure\">\n\t\t\t<a href=\"https:\/\/lamp.glopss.com\/aff_c?offer_id=1062&#038;aff_id=1834&#038;url=https%3A%2F%2Fwww.coloursofoblu.com%2Foblu-select-lobigili\" target=\"_self\" class=\"vc_single_image-wrapper   vc_box_border_grey\"><img loading=\"lazy\" decoding=\"async\" width=\"150\" height=\"150\" src=\"https:\/\/maldives-paradise.com\/wp-content\/uploads\/2024\/01\/oblu-select-lobigili-150x150.jpg\" class=\"vc_single_image-img attachment-thumbnail\" alt=\"OBLU SELECT Lobigili\" title=\"oblu-select-lobigili\" \/><\/a>\n\t\t<\/figure>\n\t<\/div>\n<\/div><\/div><\/div><div class=\"wpb_column vc_column_container vc_col-sm-9\"><div class=\"vc_column-inner\"><div class=\"wpb_wrapper\">\n\t<div class=\"wpb_text_column wpb_content_element\" >\n\t\t<div class=\"wpb_wrapper\">\n\t\t\t<h3><a href=\"https:\/\/trip.tpo.lv\/dzh7lpnI\" target=\"_blank\" rel=\"nofollow noopener\">OBLU SELECT Lobigili<\/a><\/h3>\n<p>Sinta-se como um n\u00e1ufrago no Oblu Select Lobigili, um resort 5 estrelas somente para adultos situado nos tr\u00f3picos do Atol Norte de Mal\u00e9. Desfrutar do para\u00edso neste resort \u00e9 f\u00e1cil, pois fica a poucos minutos do Aeroporto Internacional de Mal\u00e9! Al\u00e9m disso, os visitantes podem aproveitar o Plano Lobi do resort para desfrutar de uma s\u00e9rie de privil\u00e9gios. Com o plano, os h\u00f3spedes podem acessar diversas experi\u00eancias gastron\u00f4micas, pedidos ilimitados de coquet\u00e9is exclusivos no Swing Bar e uso gratuito de equipamentos para esportes aqu\u00e1ticos.<\/p>\n\n\t\t<\/div>\n\t<\/div>\n<\/div><\/div><\/div><\/div><div class=\"vc_row wpb_row vc_row-fluid\"><div class=\"wpb_column vc_column_container vc_col-sm-3\"><div class=\"vc_column-inner\"><div class=\"wpb_wrapper\">\n\t<div  class=\"wpb_single_image wpb_content_element vc_align_left wpb_content_element\">\n\t\t\n\t\t<figure class=\"wpb_wrapper vc_figure\">\n\t\t\t<a href=\"https:\/\/lamp.glopss.com\/aff_c?offer_id=1019&#038;aff_id=1834\" target=\"_self\" class=\"vc_single_image-wrapper   vc_box_border_grey\"><img loading=\"lazy\" decoding=\"async\" width=\"150\" height=\"150\" src=\"https:\/\/maldives-paradise.com\/wp-content\/uploads\/2019\/01\/Nothing-quite-prepares-you-for-a-view-like-this-150x150.jpg\" class=\"vc_single_image-img attachment-thumbnail\" alt=\"You &amp; Me Cocoon Maldivas\" title=\"Nada-prepara-voc\u00ea-para-uma-vista-como-essa.jpg\" \/><\/a>\n\t\t<\/figure>\n\t<\/div>\n<\/div><\/div><\/div><div class=\"wpb_column vc_column_container vc_col-sm-9\"><div class=\"vc_column-inner\"><div class=\"wpb_wrapper\">\n\t<div class=\"wpb_text_column wpb_content_element\" >\n\t\t<div class=\"wpb_wrapper\">\n\t\t\t<h3><a href=\"https:\/\/lamp.glopss.com\/aff_c?offer_id=1019&amp;aff_id=1834\" target=\"_blank\" rel=\"nofollow noopener\">Voc\u00ea e eu por Cocoon Maldivas<\/a><\/h3>\n<p>Os viajantes podem experimentar o luxo no You &amp; Me Resort Maldives, que inclui bangal\u00f4s r\u00fasticos sobre a \u00e1gua e um restaurante subaqu\u00e1tico. Os h\u00f3spedes podem desfrutar da sua experi\u00eancia gastron\u00f3mica no resort com v\u00e1rios planos de refei\u00e7\u00f5es, desde meia pens\u00e3o at\u00e9 uma op\u00e7\u00e3o com tudo inclu\u00eddo. Com essas op\u00e7\u00f5es, o h\u00f3spede pode escolher onde deseja almo\u00e7ar e jantar (exceto no Restaurante H2O Underwater), com caf\u00e9 da manh\u00e3 no restaurante principal do resort. Desde 2021, o plano de refei\u00e7\u00f5es \u201cExtreme Tudo Inclu\u00eddo\u201d do resort tamb\u00e9m inclui comodidades para preparar ch\u00e1\/caf\u00e9 no quarto, servi\u00e7o de bebidas e \u00e1guas engarrafadas e ch\u00e1 ou lanches da tarde.<\/p>\n\n\t\t<\/div>\n\t<\/div>\n<\/div><\/div><\/div><\/div><div class=\"vc_row wpb_row vc_row-fluid\"><div class=\"wpb_column vc_column_container vc_col-sm-12\"><div class=\"vc_column-inner\"><div class=\"wpb_wrapper\">\n\t<div class=\"wpb_text_column wpb_content_element\" >\n\t\t<div class=\"wpb_wrapper\">\n\t\t\t<p><a href=\"http:\/\/maldives-paradise.com\/pt\/marcacao\/resort-somente-para-adultos\/\"><strong>Mais sobre hot\u00e9is e resorts somente para adultos nas Maldivas<\/strong><\/a><\/p>\n<p><strong><a title=\"Os 12 melhores resorts all inclusive somente para adultos\" href=\"https:\/\/maldives-paradise.com\/pt\/os-12-melhores-resorts-all-inclusive-apenas-para-adultos-nas-maldivas\/\">Os melhores resorts all-inclusive somente para adultos<\/a><\/strong><\/p>\n\n\t\t<\/div>\n\t<\/div>\n<\/div><\/div><\/div><\/div>\n<\/div>","protected":false},"excerpt":{"rendered":"<div class=\"mh-excerpt\"><\/div>","protected":false},"author":1,"featured_media":9593,"parent":0,"menu_order":0,"comment_status":"closed","ping_status":"closed","template":"","meta":{"footnotes":""},"class_list":["post-8790","page","type-page","status-publish","has-post-thumbnail"],"aioseo_notices":[],"_links":{"self":[{"href":"http:\/\/maldives-paradise.com\/pt\/wp-json\/wp\/v2\/pages\/8790","targetHints":{"allow":["GET"]}}],"collection":[{"href":"http:\/\/maldives-paradise.com\/pt\/wp-json\/wp\/v2\/pages"}],"about":[{"href":"http:\/\/maldives-paradise.com\/pt\/wp-json\/wp\/v2\/types\/page"}],"author":[{"embeddable":true,"href":"http:\/\/maldives-paradise.com\/pt\/wp-json\/wp\/v2\/users\/1"}],"replies":[{"embeddable":true,"href":"http:\/\/maldives-paradise.com\/pt\/wp-json\/wp\/v2\/comments?post=8790"}],"version-history":[{"count":7,"href":"http:\/\/maldives-paradise.com\/pt\/wp-json\/wp\/v2\/pages\/8790\/revisions"}],"predecessor-version":[{"id":45305,"href":"http:\/\/maldives-paradise.com\/pt\/wp-json\/wp\/v2\/pages\/8790\/revisions\/45305"}],"wp:featuredmedia":[{"embeddable":true,"href":"http:\/\/maldives-paradise.com\/pt\/wp-json\/wp\/v2\/media\/9593"}],"wp:attachment":[{"href":"http:\/\/maldives-paradise.com\/pt\/wp-json\/wp\/v2\/media?parent=8790"}],"curies":[{"name":"wp","href":"https:\/\/api.w.org\/{rel}","templated":true}]}}