{"id":8384,"date":"2024-01-07T06:41:38","date_gmt":"2024-01-07T06:41:38","guid":{"rendered":"http:\/\/maldives-paradise.com\/?page_id=8384"},"modified":"2025-02-22T09:15:19","modified_gmt":"2025-02-22T09:15:19","slug":"hoteis-resorts-5-estrelas-nas-maldivas-7","status":"publish","type":"page","link":"http:\/\/maldives-paradise.com\/pt\/hoteis-resorts-5-estrelas-nas-maldivas-7\/","title":{"rendered":"Hot\u00e9is e resorts 5 estrelas nas Maldivas 7"},"content":{"rendered":"<div class=\"wpb-content-wrapper\"><div class=\"vc_row wpb_row vc_row-fluid\"><div class=\"wpb_column vc_column_container vc_col-sm-12\"><div class=\"vc_column-inner\"><div class=\"wpb_wrapper\">\n\t<div class=\"wpb_text_column wpb_content_element\" >\n\t\t<div class=\"wpb_wrapper\">\n\t\t\t<h3>Uma sele\u00e7\u00e3o de hot\u00e9is e resorts 5 estrelas nas Maldivas<\/h3>\n<p>As Maldivas s\u00e3o famosas por sua <strong data-start=\"82\" data-end=\"121\">hot\u00e9is e resorts luxuosos de 5 estrelas<\/strong>, oferecendo incompar\u00e1vel <strong data-start=\"145\" data-end=\"191\">eleg\u00e2ncia, privacidade e servi\u00e7o de classe mundial<\/strong>. Esses retiros exclusivos apresentam <strong data-start=\"226\" data-end=\"316\">vilas sobre a \u00e1gua, piscinas de borda infinita, restaurantes requintados e servi\u00e7os de mordomo privativo<\/strong>. Os h\u00f3spedes podem desfrutar <strong data-start=\"335\" data-end=\"354\">Experi\u00eancias VIP<\/strong> como tratamentos de spa personalizados, refei\u00e7\u00f5es subaqu\u00e1ticas e excurs\u00f5es de iate particulares.<\/p>\n\n\t\t<\/div>\n\t<\/div>\n<\/div><\/div><\/div><\/div><div class=\"vc_row wpb_row vc_row-fluid\"><div class=\"wpb_column vc_column_container vc_col-sm-3\"><div class=\"vc_column-inner\"><div class=\"wpb_wrapper\">\n\t<div  class=\"wpb_single_image wpb_content_element vc_align_left wpb_content_element\">\n\t\t\n\t\t<figure class=\"wpb_wrapper vc_figure\">\n\t\t\t<a href=\"http:\/\/maldives-paradise.com\/pt\/?page_id=7665\" target=\"_self\" class=\"vc_single_image-wrapper   vc_box_border_grey\"><img loading=\"lazy\" decoding=\"async\" width=\"150\" height=\"150\" src=\"https:\/\/maldives-paradise.com\/wp-content\/uploads\/2024\/01\/taj-exotica2-150x150.jpg\" class=\"vc_single_image-img attachment-thumbnail\" alt=\"Taj Coral Reef Resort &amp; Spa\" title=\"taj-ex\u00f3tica2\" \/><\/a>\n\t\t<\/figure>\n\t<\/div>\n<\/div><\/div><\/div><div class=\"wpb_column vc_column_container vc_col-sm-9\"><div class=\"vc_column-inner\"><div class=\"wpb_wrapper\">\n\t<div class=\"wpb_text_column wpb_content_element\" >\n\t\t<div class=\"wpb_wrapper\">\n\t\t\t<h4><a href=\"http:\/\/maldives-paradise.com\/pt\/?page_id=7665\">Taj Coral Reef Resort &amp; Spa<\/a><\/h4>\n<p>Delicie-se com o luxo em <strong>Taj Coral Reef Resort<\/strong>, onde cada detalhe \u00e9 meticulosamente criado para elevar sua escapada nas Maldivas. Relaxe em um ref\u00fagio de opul\u00eancia, onde a beleza das Maldivas converge com hospitalidade de classe mundial para criar uma experi\u00eancia al\u00e9m da imagina\u00e7\u00e3o. Sua jornada para o para\u00edso come\u00e7a aqui \u2014 reserve seu peda\u00e7o de felicidade hoje.<\/p>\n\n\t\t<\/div>\n\t<\/div>\n<\/div><\/div><\/div><\/div><div class=\"vc_row wpb_row vc_row-fluid\"><div class=\"wpb_column vc_column_container vc_col-sm-3\"><div class=\"vc_column-inner\"><div class=\"wpb_wrapper\">\n\t<div  class=\"wpb_single_image wpb_content_element vc_align_left wpb_content_element\">\n\t\t\n\t\t<figure class=\"wpb_wrapper vc_figure\">\n\t\t\t<a href=\"http:\/\/maldives-paradise.com\/pt\/?page_id=7669\" target=\"_self\" class=\"vc_single_image-wrapper   vc_box_border_grey\"><img loading=\"lazy\" decoding=\"async\" width=\"150\" height=\"150\" src=\"https:\/\/maldives-paradise.com\/wp-content\/uploads\/2024\/01\/taj-exotica3-150x150.jpg\" class=\"vc_single_image-img attachment-thumbnail\" alt=\"Taj Exotica Resort &amp; Spa Maldivas\" title=\"taj-ex\u00f3tica3\" \/><\/a>\n\t\t<\/figure>\n\t<\/div>\n<\/div><\/div><\/div><div class=\"wpb_column vc_column_container vc_col-sm-9\"><div class=\"vc_column-inner\"><div class=\"wpb_wrapper\">\n\t<div class=\"wpb_text_column wpb_content_element\" >\n\t\t<div class=\"wpb_wrapper\">\n\t\t\t<h4><a href=\"http:\/\/maldives-paradise.com\/pt\/?page_id=7669\">Taj Exotica Resort &amp; Spa Maldivas<\/a><\/h4>\n<p><strong>Taj Exotica Resort e Spa<\/strong>, Maldivas \u00e9 um resort exclusivo, privado e rom\u00e2ntico com plantas tropicais e cercado por \u00e1guas azuis cristalinas. Aninhado na imaculada Ilha Emboodhu Finolhu, este resort requintado combina perfeitamente beleza natural de tirar o f\u00f4lego com luxo de classe mundial, oferecendo uma fuga incompar\u00e1vel para viajantes exigentes.<\/p>\n\n\t\t<\/div>\n\t<\/div>\n<\/div><\/div><\/div><\/div><div class=\"vc_row wpb_row vc_row-fluid\"><div class=\"wpb_column vc_column_container vc_col-sm-3\"><div class=\"vc_column-inner\"><div class=\"wpb_wrapper\">\n\t<div  class=\"wpb_single_image wpb_content_element vc_align_left wpb_content_element\">\n\t\t\n\t\t<figure class=\"wpb_wrapper vc_figure\">\n\t\t\t<a href=\"http:\/\/maldives-paradise.com\/pt\/?page_id=7673\" target=\"_self\" class=\"vc_single_image-wrapper   vc_box_border_grey\"><img loading=\"lazy\" decoding=\"async\" width=\"150\" height=\"150\" src=\"https:\/\/maldives-paradise.com\/wp-content\/uploads\/2024\/01\/Vakkaru-Overwater-Residence2-150x150.jpg\" class=\"vc_single_image-img attachment-thumbnail\" alt=\"Vakkuru Maldivas\" title=\"Vakkaru-Overwater-Residence2\" \/><\/a>\n\t\t<\/figure>\n\t<\/div>\n<\/div><\/div><\/div><div class=\"wpb_column vc_column_container vc_col-sm-9\"><div class=\"vc_column-inner\"><div class=\"wpb_wrapper\">\n\t<div class=\"wpb_text_column wpb_content_element\" >\n\t\t<div class=\"wpb_wrapper\">\n\t\t\t<h4><a href=\"http:\/\/maldives-paradise.com\/pt\/?page_id=7673\">Vakkuru Maldivas<\/a><\/h4>\n<p>Vakkaru Maldives Resort, um resort de luxo 5 estrelas na Ilha Vakkaru. N\u00e3o \u00e9 apenas um destino; \u00e9 uma experi\u00eancia transcendente que combina luxo inigual\u00e1vel com o esplendor natural das Maldivas. Fuja para um mundo onde o tempo para, e cada momento \u00e9 uma celebra\u00e7\u00e3o do extraordin\u00e1rio.<\/p>\n\n\t\t<\/div>\n\t<\/div>\n<\/div><\/div><\/div><\/div><div class=\"vc_row wpb_row vc_row-fluid\"><div class=\"wpb_column vc_column_container vc_col-sm-3\"><div class=\"vc_column-inner\"><div class=\"wpb_wrapper\">\n\t<div  class=\"wpb_single_image wpb_content_element vc_align_left wpb_content_element\">\n\t\t\n\t\t<figure class=\"wpb_wrapper vc_figure\">\n\t\t\t<a href=\"http:\/\/maldives-paradise.com\/pt\/?page_id=7688\" target=\"_self\" class=\"vc_single_image-wrapper   vc_box_border_grey\"><img loading=\"lazy\" decoding=\"async\" width=\"150\" height=\"150\" src=\"https:\/\/maldives-paradise.com\/wp-content\/uploads\/2024\/01\/veela-private-island2-150x150.jpg\" class=\"vc_single_image-img attachment-thumbnail\" alt=\"Velaa Private Island Maldivas\" title=\"veela-ilha-privada2\" \/><\/a>\n\t\t<\/figure>\n\t<\/div>\n<\/div><\/div><\/div><div class=\"wpb_column vc_column_container vc_col-sm-9\"><div class=\"vc_column-inner\"><div class=\"wpb_wrapper\">\n\t<div class=\"wpb_text_column wpb_content_element\" >\n\t\t<div class=\"wpb_wrapper\">\n\t\t\t<h4><a href=\"http:\/\/maldives-paradise.com\/pt\/?page_id=7688\">Velaa Private Island Maldivas<\/a><\/h4>\n<p>Desfrute da melhor escapadela de luxo em <strong>Velaa Private Island Maldivas<\/strong>, onde cada momento \u00e9 criado com perfei\u00e7\u00e3o, e cada detalhe \u00e9 um testamento \u00e0 arte da hospitalidade. Reserve sua estadia e descubra um mundo onde o luxo n\u00e3o conhece limites.<\/p>\n\n\t\t<\/div>\n\t<\/div>\n<\/div><\/div><\/div><\/div><div class=\"vc_row wpb_row vc_row-fluid\"><div class=\"wpb_column vc_column_container vc_col-sm-3\"><div class=\"vc_column-inner\"><div class=\"wpb_wrapper\">\n\t<div  class=\"wpb_single_image wpb_content_element vc_align_left wpb_content_element\">\n\t\t\n\t\t<figure class=\"wpb_wrapper vc_figure\">\n\t\t\t<a href=\"http:\/\/maldives-paradise.com\/pt\/?page_id=7692\" target=\"_self\" class=\"vc_single_image-wrapper   vc_box_border_grey\"><img loading=\"lazy\" decoding=\"async\" width=\"150\" height=\"150\" src=\"https:\/\/maldives-paradise.com\/wp-content\/uploads\/2024\/01\/velassaru-maldives_2-150x150.jpg\" class=\"vc_single_image-img attachment-thumbnail\" alt=\"Velassaru Maldivas\" title=\"velassaru-maldivas_2\" \/><\/a>\n\t\t<\/figure>\n\t<\/div>\n<\/div><\/div><\/div><div class=\"wpb_column vc_column_container vc_col-sm-9\"><div class=\"vc_column-inner\"><div class=\"wpb_wrapper\">\n\t<div class=\"wpb_text_column wpb_content_element\" >\n\t\t<div class=\"wpb_wrapper\">\n\t\t\t<h4><a href=\"http:\/\/maldives-paradise.com\/pt\/?page_id=7692\">Velassaru Maldivas<\/a><\/h4>\n<p>Desfrute de umas f\u00e9rias relaxantes em <strong>Velassaru Maldivas<\/strong> resort um ref\u00fagio ideal com acomoda\u00e7\u00f5es de luxo em uma ilha de coral particular. Mergulhe no colo do luxo, onde a beleza natural das Maldivas converge com comodidades de classe mundial para criar uma fuga incompar\u00e1vel no cora\u00e7\u00e3o do Oceano \u00cdndico.<\/p>\n\n\t\t<\/div>\n\t<\/div>\n<\/div><\/div><\/div><\/div><div class=\"vc_row wpb_row vc_row-fluid\"><div class=\"wpb_column vc_column_container vc_col-sm-3\"><div class=\"vc_column-inner\"><div class=\"wpb_wrapper\">\n\t<div  class=\"wpb_single_image wpb_content_element vc_align_left wpb_content_element\">\n\t\t\n\t\t<figure class=\"wpb_wrapper vc_figure\">\n\t\t\t<a href=\"http:\/\/maldives-paradise.com\/pt\/?page_id=7696\" target=\"_self\" class=\"vc_single_image-wrapper   vc_box_border_grey\"><img loading=\"lazy\" decoding=\"async\" width=\"150\" height=\"150\" src=\"https:\/\/maldives-paradise.com\/wp-content\/uploads\/2024\/01\/w-maldives-2-150x150.jpg\" class=\"vc_single_image-img attachment-thumbnail\" alt=\"W Maldivas\" title=\"w-maldivas-2\" \/><\/a>\n\t\t<\/figure>\n\t<\/div>\n<\/div><\/div><\/div><div class=\"wpb_column vc_column_container vc_col-sm-9\"><div class=\"vc_column-inner\"><div class=\"wpb_wrapper\">\n\t<div class=\"wpb_text_column wpb_content_element\" >\n\t\t<div class=\"wpb_wrapper\">\n\t\t\t<h4><a href=\"http:\/\/maldives-paradise.com\/pt\/?page_id=7696\">W Maldivas<\/a><\/h4>\n<p>W Maldives \u2013 Um resort de luxo de 5 estrelas em uma ilha particular. Praias de areia branca e lagoas turquesas, <strong>W Maldivas<\/strong> \u00e9 um resort de luxo em uma ilha privada. Voc\u00ea pode explorar o recife particular da ilha, relaxar nas praias, praticar mergulho com snorkel ou praticar esportes aqu\u00e1ticos.<\/p>\n\n\t\t<\/div>\n\t<\/div>\n<\/div><\/div><\/div><\/div><div class=\"vc_row wpb_row vc_row-fluid\"><div class=\"wpb_column vc_column_container vc_col-sm-3\"><div class=\"vc_column-inner\"><div class=\"wpb_wrapper\">\n\t<div  class=\"wpb_single_image wpb_content_element vc_align_left wpb_content_element\">\n\t\t\n\t\t<figure class=\"wpb_wrapper vc_figure\">\n\t\t\t<a href=\"http:\/\/maldives-paradise.com\/pt\/?page_id=7700\" target=\"_self\" class=\"vc_single_image-wrapper   vc_box_border_grey\"><img loading=\"lazy\" decoding=\"async\" width=\"150\" height=\"150\" src=\"https:\/\/maldives-paradise.com\/wp-content\/uploads\/2024\/01\/WALDORF-ASTORIA-MALDIVES-2-150x150.jpg\" class=\"vc_single_image-img attachment-thumbnail\" alt=\"Waldorf Astoria Maldivas Ithaafushi\" title=\"WALDORF-ASTORIA-MALDIVAS-2\" srcset=\"https:\/\/maldives-paradise.com\/wp-content\/uploads\/2024\/01\/WALDORF-ASTORIA-MALDIVES-2-150x150.jpg 150w, https:\/\/maldives-paradise.com\/wp-content\/uploads\/2024\/01\/WALDORF-ASTORIA-MALDIVES-2-800x800.jpg 800w\" sizes=\"auto, (max-width: 150px) 100vw, 150px\" \/><\/a>\n\t\t<\/figure>\n\t<\/div>\n<\/div><\/div><\/div><div class=\"wpb_column vc_column_container vc_col-sm-9\"><div class=\"vc_column-inner\"><div class=\"wpb_wrapper\">\n\t<div class=\"wpb_text_column wpb_content_element\" >\n\t\t<div class=\"wpb_wrapper\">\n\t\t\t<h4><a href=\"http:\/\/maldives-paradise.com\/pt\/?page_id=7700\">Waldorf Astoria Maldivas Ithaafushi<\/a><\/h4>\n<p>Situado em um para\u00edso tropical, o resort e as vilas na praia, nos recifes e sobre a \u00e1gua se estendem por tr\u00eas ilhas com uma riqueza de luxos e experi\u00eancias. <strong>Waldorf Astoria Maldivas<\/strong> oferece um o\u00e1sis para viajantes que buscam relaxar em suas f\u00e9rias no Oceano \u00cdndico.<\/p>\n\n\t\t<\/div>\n\t<\/div>\n<\/div><\/div><\/div><\/div><div class=\"vc_row wpb_row vc_row-fluid\"><div class=\"wpb_column vc_column_container vc_col-sm-3\"><div class=\"vc_column-inner\"><div class=\"wpb_wrapper\">\n\t<div  class=\"wpb_single_image wpb_content_element vc_align_left wpb_content_element\">\n\t\t\n\t\t<figure class=\"wpb_wrapper vc_figure\">\n\t\t\t<a href=\"http:\/\/maldives-paradise.com\/pt\/o-ritz-carlton-maldivas\/\" target=\"_self\" class=\"vc_single_image-wrapper   vc_box_border_grey\"><img loading=\"lazy\" decoding=\"async\" width=\"150\" height=\"150\" src=\"https:\/\/maldives-paradise.com\/wp-content\/uploads\/2024\/01\/ritz-carlton-maldives-400x-150x150.jpg\" class=\"vc_single_image-img attachment-thumbnail\" alt=\"The Ritz-Carlton Maldivas\" title=\"ritz-carlton-maldivas-400x\" \/><\/a>\n\t\t<\/figure>\n\t<\/div>\n<\/div><\/div><\/div><div class=\"wpb_column vc_column_container vc_col-sm-9\"><div class=\"vc_column-inner\"><div class=\"wpb_wrapper\">\n\t<div class=\"wpb_text_column wpb_content_element\" >\n\t\t<div class=\"wpb_wrapper\">\n\t\t\t<h3><a href=\"http:\/\/maldives-paradise.com\/pt\/o-ritz-carlton-maldivas\/\">The Ritz-Carlton Maldivas<\/a><\/h3>\n<p>Aninhado nas Ilhas Fari, um atol isolado no Atol de Mal\u00e9 do Norte, o The Ritz-Carlton Maldives ostenta uma localiza\u00e7\u00e3o incompar\u00e1vel. A apenas uma curta viagem de barco do Aeroporto Internacional de Mal\u00e9, este retiro luxuoso oferece f\u00e1cil acesso \u00e0 vibrante vida marinha e aos recifes de corais pelos quais as Maldivas s\u00e3o famosas. O cen\u00e1rio do resort proporciona uma sensa\u00e7\u00e3o de exclusividade e isolamento, tornando-o perfeito para rec\u00e9m-casados, casais e viajantes exigentes.<\/p>\n\n\t\t<\/div>\n\t<\/div>\n<\/div><\/div><\/div><\/div><div class=\"vc_row wpb_row vc_row-fluid\"><div class=\"wpb_column vc_column_container vc_col-sm-3\"><div class=\"vc_column-inner\"><div class=\"wpb_wrapper\">\n\t<div  class=\"wpb_single_image wpb_content_element vc_align_left wpb_content_element\">\n\t\t\n\t\t<figure class=\"wpb_wrapper vc_figure\">\n\t\t\t<a href=\"http:\/\/maldives-paradise.com\/pt\/adaaran-prestigio-vadoo\/\" target=\"_self\" class=\"vc_single_image-wrapper   vc_box_border_grey\"><img loading=\"lazy\" decoding=\"async\" width=\"150\" height=\"150\" src=\"https:\/\/maldives-paradise.com\/wp-content\/uploads\/2024\/01\/adaaran-prestige-vadoo-maldives-150x150.jpg\" class=\"vc_single_image-img attachment-thumbnail\" alt=\"Adaaran Prest\u00edgio Vadoo\" title=\"adaaran-prestige-vadoo-maldivas\" \/><\/a>\n\t\t<\/figure>\n\t<\/div>\n<\/div><\/div><\/div><div class=\"wpb_column vc_column_container vc_col-sm-9\"><div class=\"vc_column-inner\"><div class=\"wpb_wrapper\">\n\t<div class=\"wpb_text_column wpb_content_element\" >\n\t\t<div class=\"wpb_wrapper\">\n\t\t\t<h3><a href=\"http:\/\/maldives-paradise.com\/pt\/adaaran-prestigio-vadoo\/\">Adaaran Prest\u00edgio Vadoo<\/a><\/h3>\n<p>Voc\u00ea est\u00e1 sonhando com uma escapada tropical que oferece n\u00e3o apenas uma beleza natural de tirar o f\u00f4lego, mas tamb\u00e9m o ep\u00edtome do luxo e relaxamento? N\u00e3o procure mais do que <strong>Adaaran Prest\u00edgio Vadoo<\/strong>, um ref\u00fagio luxuoso aninhado no cora\u00e7\u00e3o das Maldivas. Este resort exclusivo promete uma experi\u00eancia inesquec\u00edvel, e algumas de suas principais caracter\u00edsticas o tornam o destino perfeito para suas pr\u00f3ximas f\u00e9rias.<\/p>\n\n\t\t<\/div>\n\t<\/div>\n<\/div><\/div><\/div><\/div><div class=\"vc_row wpb_row vc_row-fluid\"><div class=\"wpb_column vc_column_container vc_col-sm-3\"><div class=\"vc_column-inner\"><div class=\"wpb_wrapper\">\n\t<div  class=\"wpb_single_image wpb_content_element vc_align_left wpb_content_element\">\n\t\t\n\t\t<figure class=\"wpb_wrapper vc_figure\">\n\t\t\t<a href=\"http:\/\/maldives-paradise.com\/pt\/adaaran-prestige-water-villas\/\" target=\"_self\" class=\"vc_single_image-wrapper   vc_box_border_grey\"><img loading=\"lazy\" decoding=\"async\" width=\"150\" height=\"150\" src=\"https:\/\/maldives-paradise.com\/wp-content\/uploads\/2024\/01\/Adaaran-Prestige-Water-Villas-5-1-150x150.jpg\" class=\"vc_single_image-img attachment-thumbnail\" alt=\"Vilas aqu\u00e1ticas Adaaran Prestige\" title=\"Adaaran-Prestige-Water-Villas-5\" \/><\/a>\n\t\t<\/figure>\n\t<\/div>\n<\/div><\/div><\/div><div class=\"wpb_column vc_column_container vc_col-sm-9\"><div class=\"vc_column-inner\"><div class=\"wpb_wrapper\">\n\t<div class=\"wpb_text_column wpb_content_element\" >\n\t\t<div class=\"wpb_wrapper\">\n\t\t\t<h3><a href=\"http:\/\/maldives-paradise.com\/pt\/adaaran-prestige-water-villas\/\">Vilas aqu\u00e1ticas Adaaran Prestige<\/a><\/h3>\n<p>Voc\u00ea est\u00e1 em busca do melhor ref\u00fagio tropical que combina luxo, tranquilidade e beleza natural deslumbrante? N\u00e3o procure mais do que o <strong>Vilas aqu\u00e1ticas Adaaran Prestige<\/strong> nas Maldivas. Este resort de luxo 5 estrelas com tudo inclu\u00eddo \u00e9 um para\u00edso na terra, oferecendo uma experi\u00eancia inesquec\u00edvel que o deixar\u00e1 rejuvenescido e impressionado. Vamos mergulhar nas principais caracter\u00edsticas que fazem deste resort um destino de sonho.<\/p>\n\n\t\t<\/div>\n\t<\/div>\n<\/div><\/div><\/div><\/div><div class=\"vc_row wpb_row vc_row-fluid\"><div class=\"wpb_column vc_column_container vc_col-sm-3\"><div class=\"vc_column-inner\"><div class=\"wpb_wrapper\">\n\t<div  class=\"wpb_single_image wpb_content_element vc_align_left wpb_content_element\">\n\t\t\n\t\t<figure class=\"wpb_wrapper vc_figure\">\n\t\t\t<a href=\"http:\/\/maldives-paradise.com\/pt\/patina-maldivas\/\" target=\"_self\" class=\"vc_single_image-wrapper   vc_box_border_grey\"><img loading=\"lazy\" decoding=\"async\" width=\"150\" height=\"150\" src=\"https:\/\/maldives-paradise.com\/wp-content\/uploads\/2024\/02\/PatinaMaldives5-400-150x150.jpg\" class=\"vc_single_image-img attachment-thumbnail\" alt=\"Patina Maldivas\" title=\"Patina+Maldivas5-400\" \/><\/a>\n\t\t<\/figure>\n\t<\/div>\n<\/div><\/div><\/div><div class=\"wpb_column vc_column_container vc_col-sm-9\"><div class=\"vc_column-inner\"><div class=\"wpb_wrapper\">\n\t<div class=\"wpb_text_column wpb_content_element\" >\n\t\t<div class=\"wpb_wrapper\">\n\t\t\t<h4><a href=\"http:\/\/maldives-paradise.com\/pt\/patina-maldivas\/\">Patina Maldivas<\/a><\/h4>\n<p>Patina Maldives \u00e9 uma premiada joia, oferecendo aos viajantes exigentes uma luxuosa escapada para o para\u00edso. Com suas deslumbrantes vilas sobre a \u00e1gua, experi\u00eancias gastron\u00f4micas requintadas, comodidades de classe mundial e compromisso com a sustentabilidade, o resort promete um retiro inesquec\u00edvel em um dos destinos mais deslumbrantes do mundo.<\/p>\n\n\t\t<\/div>\n\t<\/div>\n<\/div><\/div><\/div><\/div><div class=\"vc_row wpb_row vc_row-fluid\"><div class=\"wpb_column vc_column_container vc_col-sm-3\"><div class=\"vc_column-inner\"><div class=\"wpb_wrapper\">\n\t<div  class=\"wpb_single_image wpb_content_element vc_align_left wpb_content_element\">\n\t\t\n\t\t<figure class=\"wpb_wrapper vc_figure\">\n\t\t\t<a href=\"http:\/\/maldives-paradise.com\/pt\/kandima-maldivas\/\" target=\"_self\" class=\"vc_single_image-wrapper   vc_box_border_grey\"><img loading=\"lazy\" decoding=\"async\" width=\"150\" height=\"150\" src=\"https:\/\/maldives-paradise.com\/wp-content\/uploads\/2024\/02\/kandima-maldives400-150x150.jpg\" class=\"vc_single_image-img attachment-thumbnail\" alt=\"Kandima Maldivas\" title=\"Galeria de fotos Kandima Maldivas\" \/><\/a>\n\t\t<\/figure>\n\t<\/div>\n<\/div><\/div><\/div><div class=\"wpb_column vc_column_container vc_col-sm-9\"><div class=\"vc_column-inner\"><div class=\"wpb_wrapper\">\n\t<div class=\"wpb_text_column wpb_content_element\" >\n\t\t<div class=\"wpb_wrapper\">\n\t\t\t<h4><a href=\"http:\/\/maldives-paradise.com\/pt\/kandima-maldivas\/\">Kandima Maldivas<\/a><\/h4>\n<p>O Kandima Maldives \u00e9 um luxuoso resort all-inclusive que promete uma fuga inesquec\u00edvel para o para\u00edso. Localizado na exuberante ilha tropical de Dhaalu Atoll, <strong>Kandima Maldivas<\/strong> oferece aos viajantes exigentes uma mistura perfeita de luxo, aventura e relaxamento.<\/p>\n\n\t\t<\/div>\n\t<\/div>\n<\/div><\/div><\/div><\/div><div class=\"vc_row wpb_row vc_row-fluid\"><div class=\"wpb_column vc_column_container vc_col-sm-12\"><div class=\"vc_column-inner\"><div class=\"wpb_wrapper\">\n\t<div class=\"wpb_text_column wpb_content_element\" >\n\t\t<div class=\"wpb_wrapper\">\n\t\t\t<h3>Hot\u00e9is e resorts 5 estrelas em Maldivas\u00a0 <a href=\"http:\/\/maldives-paradise.com\/pt\/?page_id=4124\">P\u00e1gina 1<\/a> <a href=\"http:\/\/maldives-paradise.com\/pt\/?page_id=7968\">P\u00e1gina 2<\/a> \u00a0 <a href=\"http:\/\/maldives-paradise.com\/pt\/?page_id=7996\">P\u00e1gina 3<\/a>\u00a0 <a href=\"http:\/\/maldives-paradise.com\/pt\/?page_id=8053\">P\u00e1gina 4<\/a>\u00a0 <a href=\"http:\/\/maldives-paradise.com\/pt\/?page_id=8128\">P\u00e1gina 5<\/a>\u00a0\u00a0 <a href=\"http:\/\/maldives-paradise.com\/pt\/?page_id=8170\">P\u00e1gina 6<\/a> \u00a0<a href=\"http:\/\/maldives-paradise.com\/pt\/resorts-hoteis-5-estrelas-nas-maldivas-8\/\">P\u00e1gina 8<\/a>\u00a0\u00a0<a href=\"https:\/\/maldives-paradise.com\/pt\/hoteis-resorts-5-estrelas-nas-maldivas-9\/\">P\u00e1gina 9<\/a><\/h3>\n\n\t\t<\/div>\n\t<\/div>\n<\/div><\/div><\/div><\/div>\n<\/div>","protected":false},"excerpt":{"rendered":"<div class=\"mh-excerpt\"><\/div>","protected":false},"author":1,"featured_media":8400,"parent":0,"menu_order":0,"comment_status":"closed","ping_status":"closed","template":"","meta":{"footnotes":""},"class_list":["post-8384","page","type-page","status-publish","has-post-thumbnail"],"aioseo_notices":[],"_links":{"self":[{"href":"http:\/\/maldives-paradise.com\/pt\/wp-json\/wp\/v2\/pages\/8384","targetHints":{"allow":["GET"]}}],"collection":[{"href":"http:\/\/maldives-paradise.com\/pt\/wp-json\/wp\/v2\/pages"}],"about":[{"href":"http:\/\/maldives-paradise.com\/pt\/wp-json\/wp\/v2\/types\/page"}],"author":[{"embeddable":true,"href":"http:\/\/maldives-paradise.com\/pt\/wp-json\/wp\/v2\/users\/1"}],"replies":[{"embeddable":true,"href":"http:\/\/maldives-paradise.com\/pt\/wp-json\/wp\/v2\/comments?post=8384"}],"version-history":[{"count":6,"href":"http:\/\/maldives-paradise.com\/pt\/wp-json\/wp\/v2\/pages\/8384\/revisions"}],"predecessor-version":[{"id":34302,"href":"http:\/\/maldives-paradise.com\/pt\/wp-json\/wp\/v2\/pages\/8384\/revisions\/34302"}],"wp:featuredmedia":[{"embeddable":true,"href":"http:\/\/maldives-paradise.com\/pt\/wp-json\/wp\/v2\/media\/8400"}],"wp:attachment":[{"href":"http:\/\/maldives-paradise.com\/pt\/wp-json\/wp\/v2\/media?parent=8384"}],"curies":[{"name":"wp","href":"https:\/\/api.w.org\/{rel}","templated":true}]}}