{"id":7939,"date":"2024-01-02T08:22:05","date_gmt":"2024-01-02T08:22:05","guid":{"rendered":"http:\/\/maldives-paradise.com\/?page_id=7939"},"modified":"2024-12-27T17:21:36","modified_gmt":"2024-12-27T17:21:36","slug":"melhores-resorts","status":"publish","type":"page","link":"http:\/\/maldives-paradise.com\/pt\/melhores-resorts\/","title":{"rendered":"Melhores resorts"},"content":{"rendered":"<p>Aqui est\u00e1 uma ampla sele\u00e7\u00e3o dos melhores resorts de luxo nas Maldivas. <br \/>Este pa\u00eds arquipel\u00e1gico \u00e9 repleto de resorts 5 estrelas, bangal\u00f4s sobre a \u00e1gua, retiros em ilhas e vilas \u00e0 beira-mar que realmente s\u00e3o algo especial. <br \/>Quer conhecer os lugares mais lindos para ficar na ilha? Temos tudo o que voc\u00ea precisa com nossa lista selecionada de resorts para casais, fam\u00edlias, somente para adultos e viajantes ativos.<\/p>\r\n\r\n\r\n\r\n<p>As Maldivas s\u00e3o consideradas o destino de f\u00e9rias mais exclusivo do mundo, as Maldivas abrigam uma s\u00e9rie de hot\u00e9is e resorts luxuosos que incorporam o <a href='http:\/\/maldives-paradise.com\/pt\/2019\/09\/o-destino-perfeito-para-uma-lua-de-mel\/'>o melhor ref\u00fagio paradis\u00edaco tropical para casais em lua de mel,<\/a> adoradores do sol, viajantes exigentes, mergulhadores e celebridades. <\/p>\r\n<p><a href=\"http:\/\/maldives-paradise.com\/pt\/resorts-hoteis-5-estrelas-nas-maldivas\/\"><strong>Hot\u00e9is e resorts 5 estrelas nas Maldivas<\/strong><\/a><\/p>\r\n<p> <\/p>","protected":false},"excerpt":{"rendered":"<div class=\"mh-excerpt\">Here is an extensive selection of the best luxury resorts in the Maldives. This archipelagic country is all about 5-star resorts, overwater bungalows, island retreats and beachside villas that really are something else. Want in <a class=\"mh-excerpt-more\" href=\"http:\/\/maldives-paradise.com\/pt\/melhores-resorts\/\" title=\"Best Resorts\">[&#8230;]<\/a><\/div>\n","protected":false},"author":1,"featured_media":0,"parent":0,"menu_order":0,"comment_status":"closed","ping_status":"closed","template":"","meta":{"footnotes":""},"class_list":["post-7939","page","type-page","status-publish"],"aioseo_notices":[],"_links":{"self":[{"href":"http:\/\/maldives-paradise.com\/pt\/wp-json\/wp\/v2\/pages\/7939","targetHints":{"allow":["GET"]}}],"collection":[{"href":"http:\/\/maldives-paradise.com\/pt\/wp-json\/wp\/v2\/pages"}],"about":[{"href":"http:\/\/maldives-paradise.com\/pt\/wp-json\/wp\/v2\/types\/page"}],"author":[{"embeddable":true,"href":"http:\/\/maldives-paradise.com\/pt\/wp-json\/wp\/v2\/users\/1"}],"replies":[{"embeddable":true,"href":"http:\/\/maldives-paradise.com\/pt\/wp-json\/wp\/v2\/comments?post=7939"}],"version-history":[{"count":4,"href":"http:\/\/maldives-paradise.com\/pt\/wp-json\/wp\/v2\/pages\/7939\/revisions"}],"predecessor-version":[{"id":31410,"href":"http:\/\/maldives-paradise.com\/pt\/wp-json\/wp\/v2\/pages\/7939\/revisions\/31410"}],"wp:attachment":[{"href":"http:\/\/maldives-paradise.com\/pt\/wp-json\/wp\/v2\/media?parent=7939"}],"curies":[{"name":"wp","href":"https:\/\/api.w.org\/{rel}","templated":true}]}}