{"id":7838,"date":"2023-12-31T07:27:13","date_gmt":"2023-12-31T07:27:13","guid":{"rendered":"http:\/\/maldives-paradise.com\/?page_id=7838"},"modified":"2025-10-02T07:12:53","modified_gmt":"2025-10-02T07:12:53","slug":"angsana-resort-and-spa-ihuru","status":"publish","type":"page","link":"http:\/\/maldives-paradise.com\/pt\/angsana-resort-and-spa-ihuru\/","title":{"rendered":"Angsana Resort e Spa Ihuru"},"content":{"rendered":"<div class=\"wpb-content-wrapper\"><div class=\"vc_row wpb_row vc_row-fluid\"><div class=\"wpb_column vc_column_container vc_col-sm-12\"><div class=\"vc_column-inner\"><div class=\"wpb_wrapper\">\n\t<div class=\"wpb_text_column wpb_content_element\" >\n\t\t<div class=\"wpb_wrapper\">\n\t\t\t<h3>Descubra as principais caracter\u00edsticas do Angsana Resort and Spa Ihuru nas Maldivas.<\/h3>\n\n\t\t<\/div>\n\t<\/div>\n<\/div><\/div><\/div><\/div><div class=\"vc_row wpb_row vc_row-fluid\"><div class=\"wpb_column vc_column_container vc_col-sm-12\"><div class=\"vc_column-inner\"><div class=\"wpb_wrapper\">\n\t<div class=\"wpb_video_widget wpb_content_element vc_clearfix   vc_video-aspect-ratio-169 vc_video-el-width-100 vc_video-align-left\" >\n\t\t<div class=\"wpb_wrapper\">\n\t\t\t\n\t\t\t<div class=\"wpb_video_wrapper\"><iframe loading=\"lazy\" title=\"Angsana Ihuru\" width=\"500\" height=\"281\" src=\"https:\/\/www.youtube.com\/embed\/tYdRKx2V0po?feature=oembed\" frameborder=\"0\" allow=\"accelerometer; autoplay; clipboard-write; encrypted-media; gyroscope; picture-in-picture; web-share\" allowfullscreen><\/iframe><\/div>\n\t\t<\/div>\n\t<\/div>\n<\/div><\/div><\/div><\/div><div class=\"vc_row wpb_row vc_row-fluid\"><div class=\"wpb_column vc_column_container vc_col-sm-12\"><div class=\"vc_column-inner\"><div class=\"wpb_wrapper\">\n\t<div class=\"wpb_text_column wpb_content_element\" >\n\t\t<div class=\"wpb_wrapper\">\n\t\t\t<p>Fuja para um reino de luxo incompar\u00e1vel e para\u00edso tropical em <strong>Angsana Resort e Spa Ihuru<\/strong>, onde cada momento \u00e9 uma obra-prima de opul\u00eancia e esplendor natural. Este santu\u00e1rio exclusivo das Maldivas atrai viajantes exigentes com suas caracter\u00edsticas extraordin\u00e1rias, prometendo uma fuga indulgente como nenhuma outra.<\/p>\n<p><strong>Bangal\u00f4s sobre a \u00e1gua:<\/strong><br \/>\nO Angsana Resort and Spa Ihuru possui uma cole\u00e7\u00e3o de requintados bangal\u00f4s sobre a \u00e1gua, permitindo que os h\u00f3spedes acordem com vistas deslumbrantes do Oceano \u00cdndico. Essas vilas privativas s\u00e3o equipadas com pisos de vidro, proporcionando uma vis\u00e3o fascinante da vibrante vida marinha que prospera sob a superf\u00edcie.<\/p>\n<p><strong>Vilas privativas \u00e0 beira-mar:<\/strong><br \/>\nPara quem busca uma experi\u00eancia mais aut\u00eantica, o resort oferece vilas privativas \u00e0 beira-mar, cercadas por vegeta\u00e7\u00e3o exuberante. Os h\u00f3spedes podem desfrutar de acesso direto \u00e0 praia, criando um ambiente \u00edntimo e id\u00edlico para relaxar.<\/p>\n<p><strong>Para\u00edso do mergulho com snorkel:<\/strong><br \/>\nO recife que circunda o Ihuru \u00e9 um para\u00edso para os entusiastas do mergulho com snorkel. O resort oferece equipamentos de snorkel gratuitos, permitindo que os h\u00f3spedes explorem os vibrantes jardins de corais e encontrem uma variedade de vida marinha colorida a poucos passos de suas acomoda\u00e7\u00f5es.<\/p>\n<p><strong>Spa premiado:<\/strong><br \/>\nO Angsana Spa \u00e9 um santu\u00e1rio de rejuvenescimento, onde os h\u00f3spedes podem desfrutar de uma variedade de tratamentos terap\u00eauticos inspirados nas tradi\u00e7\u00f5es asi\u00e1ticas. Rodeado pelos sons relaxantes do oceano, o spa proporciona uma experi\u00eancia de bem-estar hol\u00edstica que harmoniza mente, corpo e esp\u00edrito.<\/p>\n<p><strong>Jantares Gourmet:<\/strong><br \/>\nDel\u00edcias culin\u00e1rias aguardam voc\u00ea nos restaurantes do resort, onde chefs de renome internacional criam um card\u00e1pio diversificado inspirado em sabores locais e na culin\u00e1ria internacional. Os h\u00f3spedes podem desfrutar de refei\u00e7\u00f5es ao ar livre com os p\u00e9s na areia ou saborear um jantar rom\u00e2ntico sob o c\u00e9u estrelado das Maldivas.<\/p>\n<p><strong>Excurs\u00f5es de mergulho:<\/strong><br \/>\nOs aventureiros podem embarcar em expedi\u00e7\u00f5es de mergulho para explorar o fascinante mundo subaqu\u00e1tico das Maldivas. O centro de mergulho certificado pela PADI do resort oferece uma variedade de cursos e excurs\u00f5es adequados tanto para iniciantes quanto para mergulhadores experientes.<\/p>\n<p><strong>Conserva\u00e7\u00e3o ambiental:<\/strong><br \/>\nO Angsana Resort and Spa Ihuru est\u00e1 comprometido com pr\u00e1ticas sustent\u00e1veis e ecol\u00f3gicas. O resort participa ativamente de programas de conserva\u00e7\u00e3o de corais e os h\u00f3spedes podem participar de atividades educativas para aprender sobre o delicado ecossistema das Maldivas.<\/p>\n<p><strong>Experi\u00eancias personalizadas:<\/strong><br \/>\nSeja um jantar rom\u00e2ntico na praia, um cruzeiro privativo ao p\u00f4r do sol ou um pacote de spa personalizado, a atenciosa equipe do resort se empenha ao m\u00e1ximo para atender \u00e0s prefer\u00eancias individuais dos h\u00f3spedes, garantindo uma estadia verdadeiramente personalizada e inesquec\u00edvel.<\/p>\n<p>Em suma, o Angsana Resort and Spa Ihuru se destaca como um testemunho de luxo nas Maldivas, oferecendo uma combina\u00e7\u00e3o harmoniosa de beleza natural, acomoda\u00e7\u00f5es sofisticadas e experi\u00eancias incompar\u00e1veis. \u00c9 um destino onde cada momento \u00e9 uma oportunidade para criar mem\u00f3rias inesquec\u00edveis em um dos cen\u00e1rios mais encantadores do mundo.<\/p>\n\n\t\t<\/div>\n\t<\/div>\n<\/div><\/div><\/div><\/div><div class=\"vc_row wpb_row vc_row-fluid\"><div class=\"wpb_column vc_column_container vc_col-sm-12\"><div class=\"vc_column-inner\"><div class=\"wpb_wrapper\">\n\t<div class=\"wpb_text_column wpb_content_element\" >\n\t\t<div class=\"wpb_wrapper\">\n\t\t\t<p><strong><a title=\"Dhawa Ihuru\" href=\"https:\/\/trip.tpo.lv\/59Cvcbmi\" target=\"blanc2\" rel=\"nofollow\">Verifique a disponibilidade e reserve com o melhor pre\u00e7o no Dhawa Ihuru aqui &gt;&gt;<\/a><\/strong><\/p>\n\n\t\t<\/div>\n\t<\/div>\n<\/div><\/div><\/div><\/div><div class=\"vc_row wpb_row vc_row-fluid\"><div class=\"wpb_column vc_column_container vc_col-sm-12\"><div class=\"vc_column-inner\"><div class=\"wpb_wrapper\">\n<div class=\"vc_grid-container-wrapper vc_clearfix vc_grid-animation-fadeIn\">\n\t<div class=\"vc_grid-container vc_clearfix wpb_content_element vc_basic_grid\" data-initial-loading-animation=\"fadeIn\" data-vc-grid-settings=\"{&quot;page_id&quot;:7838,&quot;style&quot;:&quot;all&quot;,&quot;action&quot;:&quot;vc_get_vc_grid_data&quot;,&quot;shortcode_id&quot;:&quot;1759389046717-a0954494-cde1-4&quot;,&quot;tag&quot;:&quot;vc_basic_grid&quot;}\" data-vc-request=\"https:\/\/maldives-paradise.com\/wp-admin\/admin-ajax.php\" data-vc-post-id=\"7838\" data-vc-public-nonce=\"6134f6540d\">\n\t\t\n\t<\/div>\n<\/div><\/div><\/div><\/div><\/div>\n<\/div>","protected":false},"excerpt":{"rendered":"<div class=\"mh-excerpt\"><\/div>","protected":false},"author":1,"featured_media":7839,"parent":0,"menu_order":0,"comment_status":"closed","ping_status":"closed","template":"","meta":{"footnotes":""},"class_list":["post-7838","page","type-page","status-publish","has-post-thumbnail"],"aioseo_notices":[],"_links":{"self":[{"href":"http:\/\/maldives-paradise.com\/pt\/wp-json\/wp\/v2\/pages\/7838","targetHints":{"allow":["GET"]}}],"collection":[{"href":"http:\/\/maldives-paradise.com\/pt\/wp-json\/wp\/v2\/pages"}],"about":[{"href":"http:\/\/maldives-paradise.com\/pt\/wp-json\/wp\/v2\/types\/page"}],"author":[{"embeddable":true,"href":"http:\/\/maldives-paradise.com\/pt\/wp-json\/wp\/v2\/users\/1"}],"replies":[{"embeddable":true,"href":"http:\/\/maldives-paradise.com\/pt\/wp-json\/wp\/v2\/comments?post=7838"}],"version-history":[{"count":3,"href":"http:\/\/maldives-paradise.com\/pt\/wp-json\/wp\/v2\/pages\/7838\/revisions"}],"predecessor-version":[{"id":42534,"href":"http:\/\/maldives-paradise.com\/pt\/wp-json\/wp\/v2\/pages\/7838\/revisions\/42534"}],"wp:featuredmedia":[{"embeddable":true,"href":"http:\/\/maldives-paradise.com\/pt\/wp-json\/wp\/v2\/media\/7839"}],"wp:attachment":[{"href":"http:\/\/maldives-paradise.com\/pt\/wp-json\/wp\/v2\/media?parent=7838"}],"curies":[{"name":"wp","href":"https:\/\/api.w.org\/{rel}","templated":true}]}}