{"id":6504,"date":"2023-12-16T20:43:58","date_gmt":"2023-12-16T20:43:58","guid":{"rendered":"http:\/\/maldives-paradise.com\/?page_id=6504"},"modified":"2025-02-21T07:12:22","modified_gmt":"2025-02-21T07:12:22","slug":"hoteis-resorts-4-estrelas-nas-maldivas","status":"publish","type":"page","link":"http:\/\/maldives-paradise.com\/pt\/hoteis-resorts-4-estrelas-nas-maldivas\/","title":{"rendered":"Hot\u00e9is e resorts 4 estrelas em Maldivas"},"content":{"rendered":"<div class=\"wpb-content-wrapper\"><div class=\"vc_row wpb_row vc_row-fluid\"><div class=\"wpb_column vc_column_container vc_col-sm-12\"><div class=\"vc_column-inner\"><div class=\"wpb_wrapper\">\n\t<div class=\"wpb_text_column wpb_content_element\" >\n\t\t<div class=\"wpb_wrapper\">\n\t\t\t<h3>Uma sele\u00e7\u00e3o de hot\u00e9is e resorts 4 estrelas nas Maldivas<\/h3>\n<p>Escolha entre uma variedade de resorts 4 estrelas nas Maldivas. Aproveite uma escapada luxuosa em meio \u00e0s praias arenosas e c\u00e9us limpos.<\/p>\n\n\t\t<\/div>\n\t<\/div>\n<\/div><\/div><\/div><\/div><div class=\"vc_row wpb_row vc_row-fluid\"><div class=\"wpb_column vc_column_container vc_col-sm-3\"><div class=\"vc_column-inner\"><div class=\"wpb_wrapper\">\n\t<div  class=\"wpb_single_image wpb_content_element vc_align_left wpb_content_element\">\n\t\t\n\t\t<figure class=\"wpb_wrapper vc_figure\">\n\t\t\t<a href=\"http:\/\/maldives-paradise.com\/pt\/adaaran-select-huduran-fushi\/\" target=\"_self\" class=\"vc_single_image-wrapper   vc_box_border_grey\"><img loading=\"lazy\" decoding=\"async\" width=\"150\" height=\"150\" src=\"https:\/\/maldives-paradise.com\/wp-content\/uploads\/2024\/01\/Adaaran-Select-Hudhuranfushi-islandii.com-1-10-1-150x150.jpg\" class=\"vc_single_image-img attachment-thumbnail\" alt=\"Adaaran Selecione Hudhuran Fushi\" title=\"Adaaran-Select-Hudhuranfushi-islandii.com-1-10\" \/><\/a>\n\t\t<\/figure>\n\t<\/div>\n<\/div><\/div><\/div><div class=\"wpb_column vc_column_container vc_col-sm-9\"><div class=\"vc_column-inner\"><div class=\"wpb_wrapper\">\n\t<div class=\"wpb_text_column wpb_content_element\" >\n\t\t<div class=\"wpb_wrapper\">\n\t\t\t<h4><a href=\"http:\/\/maldives-paradise.com\/pt\/adaaran-select-huduran-fushi\/\">Adaaran Selecione Hudhuran Fushi<\/a><\/h4>\n<p><strong>Adaaran Selecione Huduran Fushi<\/strong> \u00e9 um resort de luxo por excel\u00eancia que promete uma fuga inesquec\u00edvel no para\u00edso. Com suas praias de areia branca imaculada, \u00e1guas cristalinas e comodidades de primeira linha, este ref\u00fagio isolado oferece uma experi\u00eancia \u00fanica na vida para viajantes que buscam o melhor ref\u00fagio tropical.<\/p>\n\n\t\t<\/div>\n\t<\/div>\n<\/div><\/div><\/div><\/div><div class=\"vc_row wpb_row vc_row-fluid\"><div class=\"wpb_column vc_column_container vc_col-sm-3\"><div class=\"vc_column-inner\"><div class=\"wpb_wrapper\">\n\t<div  class=\"wpb_single_image wpb_content_element vc_align_left wpb_content_element\">\n\t\t\n\t\t<figure class=\"wpb_wrapper vc_figure\">\n\t\t\t<a href=\"http:\/\/maldives-paradise.com\/pt\/adaaran-selecione-meedhupparu\/\" target=\"_self\" class=\"vc_single_image-wrapper   vc_box_border_grey\"><img loading=\"lazy\" decoding=\"async\" width=\"150\" height=\"150\" src=\"https:\/\/maldives-paradise.com\/wp-content\/uploads\/2024\/01\/Adaaran-Select-Meedhupparu-150x150.jpg\" class=\"vc_single_image-img attachment-thumbnail\" alt=\"Adaaran Selecione Meedhupparu\" title=\"Adaaran-Selecione-Meedhupparu\" \/><\/a>\n\t\t<\/figure>\n\t<\/div>\n<\/div><\/div><\/div><div class=\"wpb_column vc_column_container vc_col-sm-9\"><div class=\"vc_column-inner\"><div class=\"wpb_wrapper\">\n\t<div class=\"wpb_text_column wpb_content_element\" >\n\t\t<div class=\"wpb_wrapper\">\n\t\t\t<h4><a href=\"http:\/\/maldives-paradise.com\/pt\/adaaran-selecione-meedhupparu\/\">Adaaran Selecione Meedhupparu<\/a><\/h4>\n<p>O Adaaran Select Meedhupparu nas Maldivas oferece uma experi\u00eancia paradis\u00edaca inigual\u00e1vel. Com suas acomoda\u00e7\u00f5es luxuosas, arredores naturais deslumbrantes, restaurantes de classe mundial e uma ampla variedade de atividades, \u00e9 o destino perfeito para rec\u00e9m-casados, casais e viajantes que buscam um gostinho do para\u00edso na Terra.<\/p>\n\n\t\t<\/div>\n\t<\/div>\n<\/div><\/div><\/div><\/div><div class=\"vc_row wpb_row vc_row-fluid\"><div class=\"wpb_column vc_column_container vc_col-sm-3\"><div class=\"vc_column-inner\"><div class=\"wpb_wrapper\">\n\t<div  class=\"wpb_single_image wpb_content_element vc_align_left wpb_content_element\">\n\t\t\n\t\t<figure class=\"wpb_wrapper vc_figure\">\n\t\t\t<a href=\"http:\/\/maldives-paradise.com\/pt\/spa-do-resort-da-ilha-de-angaga\/\" target=\"_self\" class=\"vc_single_image-wrapper   vc_box_border_grey\"><img loading=\"lazy\" decoding=\"async\" width=\"150\" height=\"150\" src=\"https:\/\/maldives-paradise.com\/wp-content\/uploads\/2024\/01\/angaga-150x150.jpg\" class=\"vc_single_image-img attachment-thumbnail\" alt=\"Angaga Island Resort &amp; Spa\" title=\"angaga\" \/><\/a>\n\t\t<\/figure>\n\t<\/div>\n<\/div><\/div><\/div><div class=\"wpb_column vc_column_container vc_col-sm-9\"><div class=\"vc_column-inner\"><div class=\"wpb_wrapper\">\n\t<div class=\"wpb_text_column wpb_content_element\" >\n\t\t<div class=\"wpb_wrapper\">\n\t\t\t<h4><a href=\"http:\/\/maldives-paradise.com\/pt\/spa-do-resort-da-ilha-de-angaga\/\">Angaga Island Resort &amp; Spa<\/a><\/h4>\n<p>O Angaga Island Resort &amp; Spa nas Maldivas \u00e9 mais do que apenas um destino de f\u00e9rias; \u00e9 uma oportunidade de mergulhar na beleza e tranquilidade da natureza. Quer voc\u00ea esteja buscando aventura no mundo subaqu\u00e1tico, relaxamento em praias imaculadas ou uma escapada rom\u00e2ntica, este resort ecol\u00f3gico oferece tudo isso.<\/p>\n\n\t\t<\/div>\n\t<\/div>\n<\/div><\/div><\/div><\/div><div class=\"vc_row wpb_row vc_row-fluid\"><div class=\"wpb_column vc_column_container vc_col-sm-3\"><div class=\"vc_column-inner\"><div class=\"wpb_wrapper\">\n\t<div  class=\"wpb_single_image wpb_content_element vc_align_left wpb_content_element\">\n\t\t\n\t\t<figure class=\"wpb_wrapper vc_figure\">\n\t\t\t<a href=\"http:\/\/maldives-paradise.com\/pt\/bandos-maldivas\/\" target=\"_self\" class=\"vc_single_image-wrapper   vc_box_border_grey\"><\/a>\n\t\t<\/figure>\n\t<\/div>\n<\/div><\/div><\/div><div class=\"wpb_column vc_column_container vc_col-sm-9\"><div class=\"vc_column-inner\"><div class=\"wpb_wrapper\">\n\t<div class=\"wpb_text_column wpb_content_element\" >\n\t\t<div class=\"wpb_wrapper\">\n\t\t\t<h4><a href=\"http:\/\/maldives-paradise.com\/pt\/bandos-maldivas\/\">Bandos Maldivas<\/a><\/h4>\n<p>Quer voc\u00ea esteja buscando aventura no mundo subaqu\u00e1tico, relaxamento em praias imaculadas ou uma escapada rom\u00e2ntica, este resort oferece tudo. Com sua hospitalidade calorosa e comprometimento com a sustentabilidade, o Bandos Maldives Resort convida voc\u00ea a experimentar o para\u00edso como nunca antes.<\/p>\n\n\t\t<\/div>\n\t<\/div>\n<\/div><\/div><\/div><\/div><div class=\"vc_row wpb_row vc_row-fluid\"><div class=\"wpb_column vc_column_container vc_col-sm-3\"><div class=\"vc_column-inner\"><div class=\"wpb_wrapper\">\n\t<div  class=\"wpb_single_image wpb_content_element vc_align_left wpb_content_element\">\n\t\t\n\t\t<figure class=\"wpb_wrapper vc_figure\">\n\t\t\t<a href=\"http:\/\/maldives-paradise.com\/pt\/o-eco-hotel-descalco\/\" target=\"_self\" class=\"vc_single_image-wrapper   vc_box_border_grey\"><img loading=\"lazy\" decoding=\"async\" width=\"150\" height=\"150\" src=\"https:\/\/maldives-paradise.com\/wp-content\/uploads\/2024\/01\/the-barefoot-eco-hotel-150x150.jpg\" class=\"vc_single_image-img attachment-thumbnail\" alt=\"O Hotel Ecol\u00f3gico Descal\u00e7o\" title=\"o-hotel-eco-descal\u00e7o\" \/><\/a>\n\t\t<\/figure>\n\t<\/div>\n<\/div><\/div><\/div><div class=\"wpb_column vc_column_container vc_col-sm-9\"><div class=\"vc_column-inner\"><div class=\"wpb_wrapper\">\n\t<div class=\"wpb_text_column wpb_content_element\" >\n\t\t<div class=\"wpb_wrapper\">\n\t\t\t<h4><a href=\"http:\/\/maldives-paradise.com\/pt\/o-eco-hotel-descalco\/\">O Hotel Ecol\u00f3gico Descal\u00e7o<\/a><\/h4>\n<p>O Barefoot Eco Hotel nas Maldivas convida os viajantes a abra\u00e7ar a natureza enquanto pisam levemente no meio ambiente. Com suas acomoda\u00e7\u00f5es ecol\u00f3gicas, op\u00e7\u00f5es de refei\u00e7\u00f5es sustent\u00e1veis e uma ampla gama de aventuras naturais, \u00e9 um destino que permite que voc\u00ea aprecie a beleza das Maldivas enquanto contribui para sua preserva\u00e7\u00e3o.<\/p>\n\n\t\t<\/div>\n\t<\/div>\n<\/div><\/div><\/div><\/div><div class=\"vc_row wpb_row vc_row-fluid\"><div class=\"wpb_column vc_column_container vc_col-sm-3\"><div class=\"vc_column-inner\"><div class=\"wpb_wrapper\">\n\t<div  class=\"wpb_single_image wpb_content_element vc_align_left wpb_content_element\">\n\t\t\n\t\t<figure class=\"wpb_wrapper vc_figure\">\n\t\t\t<a href=\"http:\/\/maldives-paradise.com\/pt\/resort-canareef-maldivas\/\" target=\"_self\" class=\"vc_single_image-wrapper   vc_box_border_grey\"><img loading=\"lazy\" decoding=\"async\" width=\"150\" height=\"150\" src=\"https:\/\/maldives-paradise.com\/wp-content\/uploads\/2024\/01\/canareef-resort-maldives-150x150.jpg\" class=\"vc_single_image-img attachment-thumbnail\" alt=\"O Canareef Resort Maldives \u00e9 um resort de luxo na ilha\" title=\"canareef-resort-maldivas\" \/><\/a>\n\t\t<\/figure>\n\t<\/div>\n<\/div><\/div><\/div><div class=\"wpb_column vc_column_container vc_col-sm-9\"><div class=\"vc_column-inner\"><div class=\"wpb_wrapper\">\n\t<div class=\"wpb_text_column wpb_content_element\" >\n\t\t<div class=\"wpb_wrapper\">\n\t\t\t<h4><a href=\"http:\/\/maldives-paradise.com\/pt\/resort-canareef-maldivas\/\">Canareef Resort Maldivas<\/a><\/h4>\n<p>O Canareef Resort Maldives \u00e9 mais do que apenas um destino; \u00e9 uma experi\u00eancia inesquec\u00edvel que captura a ess\u00eancia do para\u00edso tropical. N\u00e3o importa se voc\u00ea est\u00e1 procurando romance, aventura ou simplesmente um retiro tranquilo, este resort tem algo para todos. Com sua beleza natural deslumbrante, acomoda\u00e7\u00f5es luxuosas e uma infinidade de atividades, o Canareef Resort Maldives \u00e9 a escolha perfeita para suas pr\u00f3ximas f\u00e9rias dos sonhos nas Maldivas.<\/p>\n\n\t\t<\/div>\n\t<\/div>\n<\/div><\/div><\/div><\/div><div class=\"vc_row wpb_row vc_row-fluid\"><div class=\"wpb_column vc_column_container vc_col-sm-3\"><div class=\"vc_column-inner\"><div class=\"wpb_wrapper\">\n\t<div  class=\"wpb_single_image wpb_content_element vc_align_left wpb_content_element\">\n\t\t\n\t\t<figure class=\"wpb_wrapper vc_figure\">\n\t\t\t<a href=\"http:\/\/maldives-paradise.com\/pt\/centara-ras-fushi-resort-spa\/\" target=\"_self\" class=\"vc_single_image-wrapper   vc_box_border_grey\"><img loading=\"lazy\" decoding=\"async\" width=\"150\" height=\"150\" src=\"https:\/\/maldives-paradise.com\/wp-content\/uploads\/2024\/01\/centara-ras-fushi-150x150.jpg\" class=\"vc_single_image-img attachment-thumbnail\" alt=\"Centara Ras Fushi Resort &amp; Spa\" title=\"centara-ras-fushi\" \/><\/a>\n\t\t<\/figure>\n\t<\/div>\n<\/div><\/div><\/div><div class=\"wpb_column vc_column_container vc_col-sm-9\"><div class=\"vc_column-inner\"><div class=\"wpb_wrapper\">\n\t<div class=\"wpb_text_column wpb_content_element\" >\n\t\t<div class=\"wpb_wrapper\">\n\t\t\t<h4><a href=\"http:\/\/maldives-paradise.com\/pt\/centara-ras-fushi-resort-spa\/\">Centara Ras Fushi Resort &amp; Spa<\/a><\/h4>\n<p>Quer voc\u00ea esteja buscando aventura sob as ondas, relaxamento em praias imaculadas ou uma escapada rom\u00e2ntica, este resort oferece tudo. Com sua hospitalidade calorosa e beleza natural de tirar o f\u00f4lego, o Centara Ras Fushi Resort &amp; Spa convida voc\u00ea a embarcar em uma jornada de indulg\u00eancia e descoberta.<\/p>\n\n\t\t<\/div>\n\t<\/div>\n<\/div><\/div><\/div><\/div><div class=\"vc_row wpb_row vc_row-fluid\"><div class=\"wpb_column vc_column_container vc_col-sm-3\"><div class=\"vc_column-inner\"><div class=\"wpb_wrapper\">\n\t<div  class=\"wpb_single_image wpb_content_element vc_align_left wpb_content_element\">\n\t\t\n\t\t<figure class=\"wpb_wrapper vc_figure\">\n\t\t\t<a href=\"http:\/\/maldives-paradise.com\/pt\/canela-dhonveli-maldivas\/\" target=\"_self\" class=\"vc_single_image-wrapper   vc_box_border_grey\"><img loading=\"lazy\" decoding=\"async\" width=\"150\" height=\"150\" src=\"https:\/\/maldives-paradise.com\/wp-content\/uploads\/2024\/01\/cinnamon_dhonveli_maldives_5-150x150.jpg\" class=\"vc_single_image-img attachment-thumbnail\" alt=\"Cinnamon Dhonveli Maldives - Sua porta de entrada para o luxo tropical\" title=\"canela_dhonveli_maldivas_5\" \/><\/a>\n\t\t<\/figure>\n\t<\/div>\n<\/div><\/div><\/div><div class=\"wpb_column vc_column_container vc_col-sm-9\"><div class=\"vc_column-inner\"><div class=\"wpb_wrapper\">\n\t<div class=\"wpb_text_column wpb_content_element\" >\n\t\t<div class=\"wpb_wrapper\">\n\t\t\t<h4><a href=\"http:\/\/maldives-paradise.com\/pt\/canela-dhonveli-maldivas\/\">Canela Dhonveli Maldivas<\/a><\/h4>\n<p>O Cinnamon Dhonveli Maldives \u00e9 um resort de primeira linha que exemplifica a melhor fuga tropical. Localizado na deslumbrante ilha de Dhonveli, este resort oferece aos viajantes uma mistura requintada de beleza natural, aventuras aqu\u00e1ticas e confortos luxuosos, tornando-o um destino de sonho para aqueles que buscam o para\u00edso na Terra.<\/p>\n\n\t\t<\/div>\n\t<\/div>\n<\/div><\/div><\/div><\/div><div class=\"vc_row wpb_row vc_row-fluid\"><div class=\"wpb_column vc_column_container vc_col-sm-3\"><div class=\"vc_column-inner\"><div class=\"wpb_wrapper\">\n\t<div  class=\"wpb_single_image wpb_content_element vc_align_left wpb_content_element\">\n\t\t\n\t\t<figure class=\"wpb_wrapper vc_figure\">\n\t\t\t<a href=\"http:\/\/maldives-paradise.com\/pt\/canela-hakuraa-huraa-maldivas\/\" target=\"_self\" class=\"vc_single_image-wrapper   vc_box_border_grey\"><img loading=\"lazy\" decoding=\"async\" width=\"150\" height=\"150\" src=\"https:\/\/maldives-paradise.com\/wp-content\/uploads\/2024\/01\/cinnamon-hakuraa-150x150.jpg\" class=\"vc_single_image-img attachment-thumbnail\" alt=\"Canela Hakuraa Huraa Maldivas\" title=\"canela-hakuraa\" \/><\/a>\n\t\t<\/figure>\n\t<\/div>\n<\/div><\/div><\/div><div class=\"wpb_column vc_column_container vc_col-sm-9\"><div class=\"vc_column-inner\"><div class=\"wpb_wrapper\">\n\t<div class=\"wpb_text_column wpb_content_element\" >\n\t\t<div class=\"wpb_wrapper\">\n\t\t\t<h4><a href=\"http:\/\/maldives-paradise.com\/pt\/canela-hakuraa-huraa-maldivas\/\">Canela Hakuraa Huraa Maldivas<\/a><\/h4>\n<p>O Cinnamon Hakuraa Huraa Maldives \u00e9 mais do que apenas um destino de f\u00e9rias; \u00e9 um portal para o luxo e a beleza natural. Quer voc\u00ea esteja buscando aventura sob as ondas, relaxamento em praias imaculadas ou uma escapada rom\u00e2ntica, este resort oferece tudo isso. Com sua hospitalidade calorosa e arredores de tirar o f\u00f4lego, o Cinnamon Hakuraa Huraa Maldives convida voc\u00ea a criar mem\u00f3rias duradouras neste para\u00edso cativante.<\/p>\n\n\t\t<\/div>\n\t<\/div>\n<\/div><\/div><\/div><\/div><div class=\"vc_row wpb_row vc_row-fluid\"><div class=\"wpb_column vc_column_container vc_col-sm-3\"><div class=\"vc_column-inner\"><div class=\"wpb_wrapper\">\n\t<div  class=\"wpb_single_image wpb_content_element vc_align_left wpb_content_element\">\n\t\t\n\t\t<figure class=\"wpb_wrapper vc_figure\">\n\t\t\t<a href=\"http:\/\/maldives-paradise.com\/pt\/resort-na-ilha-eriyadu\/\" target=\"_self\" class=\"vc_single_image-wrapper   vc_box_border_grey\"><img loading=\"lazy\" decoding=\"async\" width=\"150\" height=\"150\" src=\"https:\/\/maldives-paradise.com\/wp-content\/uploads\/2024\/01\/eriyadu4-150x150.jpeg\" class=\"vc_single_image-img attachment-thumbnail\" alt=\"Resort da Ilha Eriyadu\" title=\"eriy\u00e1du4\" \/><\/a>\n\t\t<\/figure>\n\t<\/div>\n<\/div><\/div><\/div><div class=\"wpb_column vc_column_container vc_col-sm-9\"><div class=\"vc_column-inner\"><div class=\"wpb_wrapper\">\n\t<div class=\"wpb_text_column wpb_content_element\" >\n\t\t<div class=\"wpb_wrapper\">\n\t\t\t<h4><a href=\"http:\/\/maldives-paradise.com\/pt\/resort-na-ilha-eriyadu\/\">Resort da Ilha Eriyadu<\/a><\/h4>\n<p>Experimente a magia das Maldivas no Eriyadu Island Resort, onde a natureza e o conforto se combinam para criar um retiro inigual\u00e1vel. Transforme seus sonhos de uma escapada nas Maldivas em realidade e mergulhe na beleza extraordin\u00e1ria que o cerca.<\/p>\n\n\t\t<\/div>\n\t<\/div>\n<\/div><\/div><\/div><\/div><div class=\"vc_row wpb_row vc_row-fluid\"><div class=\"wpb_column vc_column_container vc_col-sm-3\"><div class=\"vc_column-inner\"><div class=\"wpb_wrapper\">\n\t<div  class=\"wpb_single_image wpb_content_element vc_align_left wpb_content_element\">\n\t\t\n\t\t<figure class=\"wpb_wrapper vc_figure\">\n\t\t\t<a href=\"http:\/\/maldives-paradise.com\/pt\/deriva-thelu-veliga-retiro\/\" target=\"_self\" class=\"vc_single_image-wrapper   vc_box_border_grey\"><img loading=\"lazy\" decoding=\"async\" width=\"150\" height=\"150\" src=\"https:\/\/maldives-paradise.com\/wp-content\/uploads\/2024\/01\/drift-retreat-150x150.jpg\" class=\"vc_single_image-img attachment-thumbnail\" alt=\"Drift Thelu Veliga Retiro\" title=\"retirada de deriva\" \/><\/a>\n\t\t<\/figure>\n\t<\/div>\n<\/div><\/div><\/div><div class=\"wpb_column vc_column_container vc_col-sm-9\"><div class=\"vc_column-inner\"><div class=\"wpb_wrapper\">\n\t<div class=\"wpb_text_column wpb_content_element\" >\n\t\t<div class=\"wpb_wrapper\">\n\t\t\t<h4><a href=\"http:\/\/maldives-paradise.com\/pt\/deriva-thelu-veliga-retiro\/\">Drift Thelu Veliga Retiro<\/a><\/h4>\n<p>Quer voc\u00ea busque aventura sob as ondas, relaxamento em praias imaculadas ou uma escapada rom\u00e2ntica, este retiro ecologicamente consciente oferece tudo isso. Com hospitalidade calorosa e um compromisso com a preserva\u00e7\u00e3o do meio ambiente, o Drift Thelu Veliga Retreat convida voc\u00ea a criar mem\u00f3rias duradouras neste para\u00edso intocado.<\/p>\n\n\t\t<\/div>\n\t<\/div>\n<\/div><\/div><\/div><\/div><div class=\"vc_row wpb_row vc_row-fluid\"><div class=\"wpb_column vc_column_container vc_col-sm-3\"><div class=\"vc_column-inner\"><div class=\"wpb_wrapper\">\n\t<div  class=\"wpb_single_image wpb_content_element vc_align_left wpb_content_element\">\n\t\t\n\t\t<figure class=\"wpb_wrapper vc_figure\">\n\t\t\t<a href=\"http:\/\/maldives-paradise.com\/pt\/resort-na-ilha-de-filitheyo\/\" target=\"_self\" class=\"vc_single_image-wrapper   vc_box_border_grey\"><img loading=\"lazy\" decoding=\"async\" width=\"150\" height=\"150\" src=\"https:\/\/maldives-paradise.com\/wp-content\/uploads\/2024\/01\/filitheyo-island-resort-150x150.jpg\" class=\"vc_single_image-img attachment-thumbnail\" alt=\"Filitheyo Island Resort\" title=\"filitheyo-ilha-resort\" \/><\/a>\n\t\t<\/figure>\n\t<\/div>\n<\/div><\/div><\/div><div class=\"wpb_column vc_column_container vc_col-sm-9\"><div class=\"vc_column-inner\"><div class=\"wpb_wrapper\">\n\t<div class=\"wpb_text_column wpb_content_element\" >\n\t\t<div class=\"wpb_wrapper\">\n\t\t\t<h4><a href=\"http:\/\/maldives-paradise.com\/pt\/resort-na-ilha-de-filitheyo\/\">Filitheyo Island Resort<\/a><\/h4>\n<p>O Filitheyo Island Resort Maldives n\u00e3o \u00e9 apenas um destino de f\u00e9rias; \u00e9 um para\u00edso esperando para ser explorado. N\u00e3o importa se voc\u00ea est\u00e1 buscando aventura sob as ondas, relaxamento em praias imaculadas ou uma escapada rom\u00e2ntica, este resort oferece tudo isso.<br \/>\nO resort est\u00e1 comprometido com o turismo sustent\u00e1vel, participando ativamente em projetos de restaura\u00e7\u00e3o de corais e em esfor\u00e7os de conserva\u00e7\u00e3o ambiental. Envolver-se nas suas iniciativas ecol\u00f3gicas para contribuir para a preserva\u00e7\u00e3o do ecossistema marinho.<\/p>\n\n\t\t<\/div>\n\t<\/div>\n<\/div><\/div><\/div><\/div><div class=\"vc_row wpb_row vc_row-fluid\"><div class=\"wpb_column vc_column_container vc_col-sm-12\"><div class=\"vc_column-inner\"><div class=\"wpb_wrapper\">\n\t<div class=\"wpb_text_column wpb_content_element\" >\n\t\t<div class=\"wpb_wrapper\">\n\t\t\t<h3>Hot\u00e9is e resorts 4 estrelas nas Maldivas\u00a0\u00a0 <a href=\"http:\/\/maldives-paradise.com\/pt\/hoteis-resorts-4-estrelas-nas-maldivas-2\/\">P\u00e1gina 2<\/a>\u00a0\u00a0 <a href=\"http:\/\/maldives-paradise.com\/pt\/hoteis-resorts-4-estrelas-nas-maldivas-3\/\">P\u00e1gina 3<\/a>\u00a0\u00a0 <a href=\"http:\/\/maldives-paradise.com\/pt\/hoteis-resorts-4-estrelas-nas-maldivas-4\/\">P\u00e1gina 4<\/a><\/h3>\n\n\t\t<\/div>\n\t<\/div>\n<\/div><\/div><\/div><\/div>\n<\/div>","protected":false},"excerpt":{"rendered":"<div class=\"mh-excerpt\"><\/div>","protected":false},"author":1,"featured_media":9814,"parent":0,"menu_order":0,"comment_status":"closed","ping_status":"closed","template":"","meta":{"footnotes":""},"class_list":["post-6504","page","type-page","status-publish","has-post-thumbnail"],"aioseo_notices":[],"_links":{"self":[{"href":"http:\/\/maldives-paradise.com\/pt\/wp-json\/wp\/v2\/pages\/6504","targetHints":{"allow":["GET"]}}],"collection":[{"href":"http:\/\/maldives-paradise.com\/pt\/wp-json\/wp\/v2\/pages"}],"about":[{"href":"http:\/\/maldives-paradise.com\/pt\/wp-json\/wp\/v2\/types\/page"}],"author":[{"embeddable":true,"href":"http:\/\/maldives-paradise.com\/pt\/wp-json\/wp\/v2\/users\/1"}],"replies":[{"embeddable":true,"href":"http:\/\/maldives-paradise.com\/pt\/wp-json\/wp\/v2\/comments?post=6504"}],"version-history":[{"count":6,"href":"http:\/\/maldives-paradise.com\/pt\/wp-json\/wp\/v2\/pages\/6504\/revisions"}],"predecessor-version":[{"id":19349,"href":"http:\/\/maldives-paradise.com\/pt\/wp-json\/wp\/v2\/pages\/6504\/revisions\/19349"}],"wp:featuredmedia":[{"embeddable":true,"href":"http:\/\/maldives-paradise.com\/pt\/wp-json\/wp\/v2\/media\/9814"}],"wp:attachment":[{"href":"http:\/\/maldives-paradise.com\/pt\/wp-json\/wp\/v2\/media?parent=6504"}],"curies":[{"name":"wp","href":"https:\/\/api.w.org\/{rel}","templated":true}]}}