{"id":19548,"date":"2024-07-20T09:28:05","date_gmt":"2024-07-20T09:28:05","guid":{"rendered":"http:\/\/maldives-paradise.com\/?page_id=19548"},"modified":"2025-11-26T09:24:35","modified_gmt":"2025-11-26T09:24:35","slug":"os-12-melhores-resorts-de-mergulho-nas-maldivas","status":"publish","type":"page","link":"http:\/\/maldives-paradise.com\/pt\/os-12-melhores-resorts-de-mergulho-nas-maldivas\/","title":{"rendered":"Os melhores resorts de mergulho nas Maldivas"},"content":{"rendered":"<div class=\"wpb-content-wrapper\"><div class=\"vc_row wpb_row vc_row-fluid\"><div class=\"wpb_column vc_column_container vc_col-sm-12\"><div class=\"vc_column-inner\"><div class=\"wpb_wrapper\">\n\t<div class=\"wpb_text_column wpb_content_element\" >\n\t\t<div class=\"wpb_wrapper\">\n\t\t\t<h4>Explorando os melhores resorts de mergulho nas Maldivas<\/h4>\n<p>As Maldivas, com suas \u00e1guas cristalinas, recifes de coral vibrantes e abundante vida marinha, s\u00e3o um para\u00edso para mergulhadores. Lar de alguns dos resorts de mergulho mais luxuosos do mundo, as Maldivas oferecem experi\u00eancias de mergulho incompar\u00e1veis. Aqui, exploramos alguns dos melhores resorts de mergulho das Maldivas, cada um oferecendo comodidades exclusivas, aventuras subaqu\u00e1ticas deslumbrantes e acomoda\u00e7\u00f5es luxuosas.<\/p>\n\n\t\t<\/div>\n\t<\/div>\n<\/div><\/div><\/div><\/div><div class=\"vc_row wpb_row vc_row-fluid\"><div class=\"wpb_column vc_column_container vc_col-sm-3\"><div class=\"vc_column-inner\"><div class=\"wpb_wrapper\">\n\t<div  class=\"wpb_single_image wpb_content_element vc_align_left wpb_content_element\">\n\t\t\n\t\t<figure class=\"wpb_wrapper vc_figure\">\n\t\t\t<div class=\"vc_single_image-wrapper   vc_box_border_grey\"><img loading=\"lazy\" decoding=\"async\" width=\"150\" height=\"150\" src=\"https:\/\/maldives-paradise.com\/wp-content\/uploads\/2024\/07\/vilamendhoo-150x150.jpg\" class=\"vc_single_image-img attachment-thumbnail\" alt=\"Vilamendhoo Island Resort\" title=\"vilamendhoo\" \/><\/div>\n\t\t<\/figure>\n\t<\/div>\n<\/div><\/div><\/div><div class=\"wpb_column vc_column_container vc_col-sm-9\"><div class=\"vc_column-inner\"><div class=\"wpb_wrapper\">\n\t<div class=\"wpb_text_column wpb_content_element\" >\n\t\t<div class=\"wpb_wrapper\">\n\t\t\t<h4><a href=\"https:\/\/lamp.glopss.com\/SHUi\" target=\"_blank\" rel=\"nofollow noopener\">Vilamendhoo Island Resort<\/a><\/h4>\n<p>Localizado no Atol de Ari Sul, o Vilamendhoo Island Resort \u00e9 conhecido por sua proximidade com alguns dos melhores pontos de mergulho das Maldivas. O resort oferece vilas sobre a \u00e1gua e com vista para o jardim, gastronomia de classe mundial e uma variedade de esportes aqu\u00e1ticos. Os mergulhadores podem explorar recifes de coral vibrantes, encontrar raias-manta e at\u00e9 mesmo avistar tubar\u00f5es-baleia.<\/p>\n\n\t\t<\/div>\n\t<\/div>\n<\/div><\/div><\/div><\/div><div class=\"vc_row wpb_row vc_row-fluid\"><div class=\"wpb_column vc_column_container vc_col-sm-3\"><div class=\"vc_column-inner\"><div class=\"wpb_wrapper\">\n\t<div  class=\"wpb_single_image wpb_content_element vc_align_left wpb_content_element\">\n\t\t\n\t\t<figure class=\"wpb_wrapper vc_figure\">\n\t\t\t<div class=\"vc_single_image-wrapper   vc_box_border_grey\"><img loading=\"lazy\" decoding=\"async\" width=\"150\" height=\"150\" src=\"https:\/\/maldives-paradise.com\/wp-content\/uploads\/2024\/07\/Kuredu-house-reef-2-150x150.jpg\" class=\"vc_single_image-img attachment-thumbnail\" alt=\"Kuredu Island Resort &amp; Spa casa recife\" title=\"Kuredu-casa-recife-2\" \/><\/div>\n\t\t<\/figure>\n\t<\/div>\n<\/div><\/div><\/div><div class=\"wpb_column vc_column_container vc_col-sm-9\"><div class=\"vc_column-inner\"><div class=\"wpb_wrapper\">\n\t<div class=\"wpb_text_column wpb_content_element\" >\n\t\t<div class=\"wpb_wrapper\">\n\t\t\t<h4><a href=\"https:\/\/lamp.glopss.com\/SHUf\" target=\"_blank\" rel=\"nofollow noopener\">Kuredu Resort &amp; Spa<\/a><\/h4>\n<p>Situado no Atol de Lhaviyani, o Kuredu Resort &amp; Spa oferece uma ampla variedade de experi\u00eancias de mergulho. Com seu pr\u00f3prio centro Prodivers, os h\u00f3spedes podem aproveitar mergulhos guiados, cursos e aluguel de equipamentos. O resort \u00e9 perfeito tanto para iniciantes quanto para mergulhadores experientes, oferecendo acesso a mais de 60 pontos de mergulho, incluindo as famosas Cavernas de Kuredu.<\/p>\n\n\t\t<\/div>\n\t<\/div>\n<\/div><\/div><\/div><\/div><div class=\"vc_row wpb_row vc_row-fluid\"><div class=\"wpb_column vc_column_container vc_col-sm-3\"><div class=\"vc_column-inner\"><div class=\"wpb_wrapper\">\n\t<div  class=\"wpb_single_image wpb_content_element vc_align_left wpb_content_element\">\n\t\t\n\t\t<figure class=\"wpb_wrapper vc_figure\">\n\t\t\t<div class=\"vc_single_image-wrapper   vc_box_border_grey\"><img loading=\"lazy\" decoding=\"async\" width=\"150\" height=\"150\" src=\"https:\/\/maldives-paradise.com\/wp-content\/uploads\/2024\/07\/komandoo-150x150.jpg\" class=\"vc_single_image-img attachment-thumbnail\" alt=\"Komandoo Maldivas Resort\" title=\"komandoo\" \/><\/div>\n\t\t<\/figure>\n\t<\/div>\n<\/div><\/div><\/div><div class=\"wpb_column vc_column_container vc_col-sm-9\"><div class=\"vc_column-inner\"><div class=\"wpb_wrapper\">\n\t<div class=\"wpb_text_column wpb_content_element\" >\n\t\t<div class=\"wpb_wrapper\">\n\t\t\t<h4><a href=\"https:\/\/hotellook.tp.st\/m18hEKIZ\" target=\"_blank\" rel=\"nofollow noopener\">Komandoo Maldivas Resort<\/a><\/h4>\n<p>Localizado no Atol Lhaviyani, o Komandoo Maldives Resort, um resort boutique com tudo inclu\u00eddo, oferece um ambiente tranquilo e intimista para os amantes do mergulho. O recife em frente ao resort \u00e9 repleto de vida marinha, e seu centro de mergulho oferece servi\u00e7o personalizado e orienta\u00e7\u00e3o especializada. O Komandoo \u00e9 ideal para casais que buscam uma escapada rom\u00e2ntica combinada com emocionantes aventuras subaqu\u00e1ticas.<\/p>\n\n\t\t<\/div>\n\t<\/div>\n<\/div><\/div><\/div><\/div><div class=\"vc_row wpb_row vc_row-fluid\"><div class=\"wpb_column vc_column_container vc_col-sm-3\"><div class=\"vc_column-inner\"><div class=\"wpb_wrapper\">\n\t<div  class=\"wpb_single_image wpb_content_element vc_align_left wpb_content_element\">\n\t\t\n\t\t<figure class=\"wpb_wrapper vc_figure\">\n\t\t\t<div class=\"vc_single_image-wrapper   vc_box_border_grey\"><img loading=\"lazy\" decoding=\"async\" width=\"150\" height=\"150\" src=\"https:\/\/maldives-paradise.com\/wp-content\/uploads\/2024\/01\/soneva-fushi2-150x150.jpg\" class=\"vc_single_image-img attachment-thumbnail\" alt=\"Soneva Fushi\" title=\"soneva-fushi2\" \/><\/div>\n\t\t<\/figure>\n\t<\/div>\n<\/div><\/div><\/div><div class=\"wpb_column vc_column_container vc_col-sm-9\"><div class=\"vc_column-inner\"><div class=\"wpb_wrapper\">\n\t<div class=\"wpb_text_column wpb_content_element\" >\n\t\t<div class=\"wpb_wrapper\">\n\t\t\t<h4><a href=\"https:\/\/trip.tpo.lv\/s4Vbr1lj\" target=\"_blank\" rel=\"nofollow noopener\">Soneva Fushi<\/a><\/h4>\n<p>O Soneva Fushi, localizado no Atol Baa, \u00e9 um resort ecol\u00f3gico de luxo que oferece uma experi\u00eancia de mergulho exclusiva. O centro de mergulho do resort, Soleni Dive Centre, atende mergulhadores de todos os n\u00edveis, com programas de mergulho personalizados e excurs\u00f5es \u00e0 Reserva da Biosfera da UNESCO. Os h\u00f3spedes podem explorar deslumbrantes jardins de corais, esta\u00e7\u00f5es de limpeza de raias-manta e uma rica biodiversidade marinha.<\/p>\n\n\t\t<\/div>\n\t<\/div>\n<\/div><\/div><\/div><\/div><div class=\"vc_row wpb_row vc_row-fluid\"><div class=\"wpb_column vc_column_container vc_col-sm-3\"><div class=\"vc_column-inner\"><div class=\"wpb_wrapper\">\n\t<div  class=\"wpb_single_image wpb_content_element vc_align_left wpb_content_element\">\n\t\t\n\t\t<figure class=\"wpb_wrapper vc_figure\">\n\t\t\t<div class=\"vc_single_image-wrapper   vc_box_border_grey\"><img loading=\"lazy\" decoding=\"async\" width=\"150\" height=\"150\" src=\"https:\/\/maldives-paradise.com\/wp-content\/uploads\/2024\/07\/mirihi-project-hope-coral-reef-150x150.jpg\" class=\"vc_single_image-img attachment-thumbnail\" alt=\"Mirihi Island Resort casa recife\" title=\"mirihi-projeto-esperan\u00e7a-recife-de-coral\" \/><\/div>\n\t\t<\/figure>\n\t<\/div>\n<\/div><\/div><\/div><div class=\"wpb_column vc_column_container vc_col-sm-9\"><div class=\"vc_column-inner\"><div class=\"wpb_wrapper\">\n\t<div class=\"wpb_text_column wpb_content_element\" >\n\t\t<div class=\"wpb_wrapper\">\n\t\t\t<h4><a href=\"https:\/\/trip.tpo.lv\/eo4xHL7L\" target=\"_blank\" rel=\"nofollow noopener\">Resort da Ilha Mirihi<\/a><\/h4>\n<p>Uma joia escondida no Atol de Ari Sul, o Mirihi Island Resort \u00e9 conhecido por seu recife de coral intocado e acomoda\u00e7\u00f5es luxuosas. O resort oferece uma variedade de pacotes e cursos de mergulho, permitindo que os h\u00f3spedes explorem pontos de mergulho pr\u00f3ximos, famosos por seus tubar\u00f5es-baleia, arraias-manta e vibrantes recifes de coral. Mirihi proporciona a combina\u00e7\u00e3o perfeita de relaxamento e aventura.<\/p>\n\n\t\t<\/div>\n\t<\/div>\n<\/div><\/div><\/div><\/div><div class=\"vc_row wpb_row vc_row-fluid\"><div class=\"wpb_column vc_column_container vc_col-sm-3\"><div class=\"vc_column-inner\"><div class=\"wpb_wrapper\">\n\t<div  class=\"wpb_single_image wpb_content_element vc_align_left wpb_content_element\">\n\t\t\n\t\t<figure class=\"wpb_wrapper vc_figure\">\n\t\t\t<div class=\"vc_single_image-wrapper   vc_box_border_grey\"><img loading=\"lazy\" decoding=\"async\" width=\"150\" height=\"150\" src=\"https:\/\/maldives-paradise.com\/wp-content\/uploads\/2024\/07\/oblu-nature-helengeli-coral-reef-150x150.jpg\" class=\"vc_single_image-img attachment-thumbnail\" alt=\"Recife da casa Oblu Nature Helengeli\" title=\"oblu-natureza-helengeli-recife de coral\" \/><\/div>\n\t\t<\/figure>\n\t<\/div>\n<\/div><\/div><\/div><div class=\"wpb_column vc_column_container vc_col-sm-9\"><div class=\"vc_column-inner\"><div class=\"wpb_wrapper\">\n\t<div class=\"wpb_text_column wpb_content_element\" >\n\t\t<div class=\"wpb_wrapper\">\n\t\t\t<h4><a href=\"https:\/\/trip.tpo.lv\/WIqOrYJZ\" target=\"_blank\" rel=\"nofollow noopener\">Oblu Natureza Helengeli<\/a><\/h4>\n<p>Localizado no Atol de Mal\u00e9 Norte, o Oblu Nature Helengeli \u00e9 um para\u00edso para mergulhadores, com seu pr\u00f3prio centro de mergulho certificado pela PADI. A localiza\u00e7\u00e3o privilegiada do resort oferece acesso a mais de 30 pontos de mergulho, incluindo paredes de coral coloridas, cavernas e canais repletos de vida marinha. O Oblu Nature Helengeli tamb\u00e9m \u00e9 conhecido por seu vibrante recife de coral e grande popula\u00e7\u00e3o de peixes.<\/p>\n\n\t\t<\/div>\n\t<\/div>\n<\/div><\/div><\/div><\/div><div class=\"vc_row wpb_row vc_row-fluid\"><div class=\"wpb_column vc_column_container vc_col-sm-3\"><div class=\"vc_column-inner\"><div class=\"wpb_wrapper\">\n\t<div  class=\"wpb_single_image wpb_content_element vc_align_left wpb_content_element\">\n\t\t\n\t\t<figure class=\"wpb_wrapper vc_figure\">\n\t\t\t<div class=\"vc_single_image-wrapper   vc_box_border_grey\"><img loading=\"lazy\" decoding=\"async\" width=\"150\" height=\"150\" src=\"https:\/\/maldives-paradise.com\/wp-content\/uploads\/2024\/07\/Filitheyo_Diving1-150x150.jpg\" class=\"vc_single_image-img attachment-thumbnail\" alt=\"Filitheyo Island Resort\" title=\"Filitheyo_Mergulho1\" \/><\/div>\n\t\t<\/figure>\n\t<\/div>\n<\/div><\/div><\/div><div class=\"wpb_column vc_column_container vc_col-sm-9\"><div class=\"vc_column-inner\"><div class=\"wpb_wrapper\">\n\t<div class=\"wpb_text_column wpb_content_element\" >\n\t\t<div class=\"wpb_wrapper\">\n\t\t\t<h4><a href=\"https:\/\/trip.tpo.lv\/7UgokmDV\" target=\"_blank\" rel=\"nofollow noopener\">Filitheyo Island Resort<\/a><\/h4>\n<p>O Filitheyo Island Resort, no Atol de Faafu, \u00e9 um para\u00edso para mergulhadores que buscam explorar recifes intocados e uma vida marinha abundante. O centro de mergulho do resort, Werner Lau Dive Center, oferece uma ampla gama de oportunidades de mergulho, desde mergulhos no recife da ilha at\u00e9 excurs\u00f5es para locais pr\u00f3ximos. A localiza\u00e7\u00e3o remota de Filitheyo garante uma experi\u00eancia de mergulho tranquila e isolada.<\/p>\n\n\t\t<\/div>\n\t<\/div>\n<\/div><\/div><\/div><\/div><div class=\"vc_row wpb_row vc_row-fluid\"><div class=\"wpb_column vc_column_container vc_col-sm-3\"><div class=\"vc_column-inner\"><div class=\"wpb_wrapper\">\n\t<div  class=\"wpb_single_image wpb_content_element vc_align_left wpb_content_element\">\n\t\t\n\t\t<figure class=\"wpb_wrapper vc_figure\">\n\t\t\t<div class=\"vc_single_image-wrapper   vc_box_border_grey\"><img loading=\"lazy\" decoding=\"async\" width=\"150\" height=\"150\" src=\"https:\/\/maldives-paradise.com\/wp-content\/uploads\/2024\/07\/six-senses-laamu-150x150.jpg\" class=\"vc_single_image-img attachment-thumbnail\" alt=\"Seis Sentidos Laamu\" title=\"seis-sentidos-laamu\" \/><\/div>\n\t\t<\/figure>\n\t<\/div>\n<\/div><\/div><\/div><div class=\"wpb_column vc_column_container vc_col-sm-9\"><div class=\"vc_column-inner\"><div class=\"wpb_wrapper\">\n\t<div class=\"wpb_text_column wpb_content_element\" >\n\t\t<div class=\"wpb_wrapper\">\n\t\t\t<h4><a href=\"https:\/\/trip.tpo.lv\/ok4LiuYE\" target=\"_blank\" rel=\"nofollow noopener\">Seis Sentidos Laamu<\/a><\/h4>\n<p>Situado no Atol de Laamu, o Six Senses Laamu oferece uma experi\u00eancia de mergulho luxuosa e sustent\u00e1vel. O centro de mergulho do resort, Deep Blue Divers, proporciona acesso a locais de mergulho intocados, incluindo canais, sali\u00eancias e jardins de corais. Os h\u00f3spedes podem encontrar uma variedade de vida marinha, como raias-manta, tartarugas e tubar\u00f5es de recife, enquanto desfrutam do luxo ecol\u00f3gico do resort.<\/p>\n\n\t\t<\/div>\n\t<\/div>\n<\/div><\/div><\/div><\/div><div class=\"vc_row wpb_row vc_row-fluid\"><div class=\"wpb_column vc_column_container vc_col-sm-3\"><div class=\"vc_column-inner\"><div class=\"wpb_wrapper\">\n\t<div  class=\"wpb_single_image wpb_content_element vc_align_left wpb_content_element\">\n\t\t\n\t\t<figure class=\"wpb_wrapper vc_figure\">\n\t\t\t<div class=\"vc_single_image-wrapper   vc_box_border_grey\"><img loading=\"lazy\" decoding=\"async\" width=\"150\" height=\"150\" src=\"https:\/\/maldives-paradise.com\/wp-content\/uploads\/2024\/01\/anantara-fish-150x150.jpg\" class=\"vc_single_image-img attachment-thumbnail\" alt=\"Anantara Kihavah Maldivas Villas\" title=\"peixe-anantara\" \/><\/div>\n\t\t<\/figure>\n\t<\/div>\n<\/div><\/div><\/div><div class=\"wpb_column vc_column_container vc_col-sm-9\"><div class=\"vc_column-inner\"><div class=\"wpb_wrapper\">\n\t<div class=\"wpb_text_column wpb_content_element\" >\n\t\t<div class=\"wpb_wrapper\">\n\t\t\t<h4><a href=\"https:\/\/lamp.glopss.com\/SHUs\" target=\"_blank\" rel=\"nofollow noopener\">Anantara Kihavah Maldivas Villas<\/a><\/h4>\n<p>O Anantara Kihavah Maldives Villas, localizado no Atol Baa, oferece mergulho de classe mundial em uma Reserva da Biosfera da UNESCO. O centro de mergulho do resort, Dive Butler International, proporciona experi\u00eancias de mergulho personalizadas, incluindo mergulhos noturnos e excurs\u00f5es privadas. Os h\u00f3spedes podem explorar vibrantes recifes de coral, esta\u00e7\u00f5es de limpeza de arraias-manta e at\u00e9 mesmo praticar snorkel com tubar\u00f5es-baleia.<\/p>\n\n\t\t<\/div>\n\t<\/div>\n<\/div><\/div><\/div><\/div><div class=\"vc_row wpb_row vc_row-fluid\"><div class=\"wpb_column vc_column_container vc_col-sm-3\"><div class=\"vc_column-inner\"><div class=\"wpb_wrapper\">\n\t<div  class=\"wpb_single_image wpb_content_element vc_align_left wpb_content_element\">\n\t\t\n\t\t<figure class=\"wpb_wrapper vc_figure\">\n\t\t\t<div class=\"vc_single_image-wrapper   vc_box_border_grey\"><img loading=\"lazy\" decoding=\"async\" width=\"150\" height=\"150\" src=\"https:\/\/maldives-paradise.com\/wp-content\/uploads\/2024\/07\/hurawalhi-diving-prodivers-coral-reef-150x150.jpg\" class=\"vc_single_image-img attachment-thumbnail\" alt=\"Hurawalhi Island Resort casa recife\" title=\"hurawalhi-mergulho-profissionais-recife-de-coral\" \/><\/div>\n\t\t<\/figure>\n\t<\/div>\n<\/div><\/div><\/div><div class=\"wpb_column vc_column_container vc_col-sm-9\"><div class=\"vc_column-inner\"><div class=\"wpb_wrapper\">\n\t<div class=\"wpb_text_column wpb_content_element\" >\n\t\t<div class=\"wpb_wrapper\">\n\t\t\t<h4><a href=\"https:\/\/hotellook.tp.st\/6FluoLuO\" target=\"_blank\" rel=\"nofollow noopener\">Resort da Ilha Hurawalhi<\/a><\/h4>\n<p>O Hurawalhi Island Resort, no Atol Lhaviyani, \u00e9 um luxuoso resort all-inclusive exclusivo para adultos, conhecido por suas deslumbrantes experi\u00eancias subaqu\u00e1ticas. O centro de mergulho do resort oferece acesso a mais de 50 pontos de mergulho, incluindo o famoso Manta Point. O Hurawalhi tamb\u00e9m abriga o maior restaurante subaqu\u00e1tico totalmente envidra\u00e7ado do mundo, proporcionando uma experi\u00eancia gastron\u00f4mica \u00fanica cercada pela vida marinha.<\/p>\n\n\t\t<\/div>\n\t<\/div>\n<\/div><\/div><\/div><\/div><div class=\"vc_row wpb_row vc_row-fluid\"><div class=\"wpb_column vc_column_container vc_col-sm-3\"><div class=\"vc_column-inner\"><div class=\"wpb_wrapper\">\n\t<div  class=\"wpb_single_image wpb_content_element vc_align_left wpb_content_element\">\n\t\t\n\t\t<figure class=\"wpb_wrapper vc_figure\">\n\t\t\t<div class=\"vc_single_image-wrapper   vc_box_border_grey\"><img loading=\"lazy\" decoding=\"async\" width=\"150\" height=\"150\" src=\"https:\/\/maldives-paradise.com\/wp-content\/uploads\/2024\/07\/baros-coral-reef-150x150.jpg\" class=\"vc_single_image-img attachment-thumbnail\" alt=\"Baros Maldivas Casa recife\" title=\"baros-recife-de-coral\" \/><\/div>\n\t\t<\/figure>\n\t<\/div>\n<\/div><\/div><\/div><div class=\"wpb_column vc_column_container vc_col-sm-9\"><div class=\"vc_column-inner\"><div class=\"wpb_wrapper\">\n\t<div class=\"wpb_text_column wpb_content_element\" >\n\t\t<div class=\"wpb_wrapper\">\n\t\t\t<h4><a href=\"https:\/\/lamp.glopss.com\/SHUm\" target=\"_blank\" rel=\"nofollow noopener\">Baros Maldivas<\/a><\/h4>\n<p>Localizado no Atol de Mal\u00e9 Norte, o Baros Maldives \u00e9 um renomado resort de luxo com forte foco em mergulho. O centro de mergulho do resort, Dive Baros Maldives, oferece experi\u00eancias de mergulho personalizadas, incluindo mergulhos no recife da casa e excurs\u00f5es para locais pr\u00f3ximos. O Baros \u00e9 ideal tanto para mergulhadores iniciantes quanto experientes, com sua abundante vida marinha e recifes de coral intocados.<\/p>\n\n\t\t<\/div>\n\t<\/div>\n<\/div><\/div><\/div><\/div><div class=\"vc_row wpb_row vc_row-fluid\"><div class=\"wpb_column vc_column_container vc_col-sm-3\"><div class=\"vc_column-inner\"><div class=\"wpb_wrapper\">\n\t<div  class=\"wpb_single_image wpb_content_element vc_align_left wpb_content_element\">\n\t\t\n\t\t<figure class=\"wpb_wrapper vc_figure\">\n\t\t\t<div class=\"vc_single_image-wrapper   vc_box_border_grey\"><img loading=\"lazy\" decoding=\"async\" width=\"150\" height=\"150\" src=\"https:\/\/maldives-paradise.com\/wp-content\/uploads\/2024\/07\/Milaidhoo-Maldives_diving-150x150.jpg\" class=\"vc_single_image-img attachment-thumbnail\" alt=\"Ilha Milaidhoo Maldivas\" title=\"Milaidhoo-Maldivas_mergulho\" \/><\/div>\n\t\t<\/figure>\n\t<\/div>\n<\/div><\/div><\/div><div class=\"wpb_column vc_column_container vc_col-sm-9\"><div class=\"vc_column-inner\"><div class=\"wpb_wrapper\">\n\t<div class=\"wpb_text_column wpb_content_element\" >\n\t\t<div class=\"wpb_wrapper\">\n\t\t\t<h4><a href=\"https:\/\/lamp.glopss.com\/SHUd\" target=\"_blank\" rel=\"nofollow noopener\">Ilha Milaidhoo Maldivas<\/a><\/h4>\n<p>O Milaidhoo Island Maldives, situado no Atol Baa, oferece uma experi\u00eancia de mergulho exclusiva em um cen\u00e1rio deslumbrante. O centro de mergulho do resort proporciona acesso \u00e0 rica biodiversidade marinha do Atol Baa, incluindo esta\u00e7\u00f5es de limpeza de raias-manta e vibrantes jardins de corais. As luxuosas vilas e o servi\u00e7o personalizado do Milaidhoo fazem dele a escolha perfeita para mergulhadores exigentes.<\/p>\n\n\t\t<\/div>\n\t<\/div>\n<\/div><\/div><\/div><\/div><div class=\"vc_row wpb_row vc_row-fluid\"><div class=\"wpb_column vc_column_container vc_col-sm-12\"><div class=\"vc_column-inner\"><div class=\"wpb_wrapper\">\n\t<div class=\"wpb_text_column wpb_content_element\" >\n\t\t<div class=\"wpb_wrapper\">\n\t\t\t<p>As Maldivas abrigam alguns dos melhores resorts de mergulho do mundo, cada um oferecendo experi\u00eancias \u00fanicas e acomoda\u00e7\u00f5es luxuosas. Seja voc\u00ea um mergulhador iniciante ou experiente, esses resorts proporcionam acesso a paisagens subaqu\u00e1ticas deslumbrantes, vida marinha abundante e luxo incompar\u00e1vel. Do tranquilo Komandoo Island Resort &amp; Spa ao ecologicamente correto Six Senses Laamu, as Maldivas t\u00eam um resort de mergulho para todos os gostos e prefer\u00eancias.<\/p>\n\n\t\t<\/div>\n\t<\/div>\n<\/div><\/div><\/div><\/div><div class=\"vc_row wpb_row vc_row-fluid\"><div class=\"wpb_column vc_column_container vc_col-sm-12\"><div class=\"vc_column-inner\"><div class=\"wpb_wrapper\">\n\t<div class=\"wpb_text_column wpb_content_element\" >\n\t\t<div class=\"wpb_wrapper\">\n\t\t\t<p><strong>Veja tamb\u00e9m <a title=\"Os 12 resorts com a melhor casa de recife nas Maldivas\" href=\"http:\/\/maldives-paradise.com\/pt\/os-12-resorts-com-o-melhor-recife-de-casa-nas-maldivas\/\">Os 12 Resorts com Melhor House Reef nas Maldivas<\/a><\/strong><\/p>\n\n\t\t<\/div>\n\t<\/div>\n<\/div><\/div><\/div><\/div>\n<\/div>","protected":false},"excerpt":{"rendered":"<div class=\"mh-excerpt\"><\/div>","protected":false},"author":1,"featured_media":19248,"parent":0,"menu_order":0,"comment_status":"closed","ping_status":"closed","template":"","meta":{"footnotes":""},"class_list":["post-19548","page","type-page","status-publish","has-post-thumbnail"],"aioseo_notices":[],"_links":{"self":[{"href":"http:\/\/maldives-paradise.com\/pt\/wp-json\/wp\/v2\/pages\/19548","targetHints":{"allow":["GET"]}}],"collection":[{"href":"http:\/\/maldives-paradise.com\/pt\/wp-json\/wp\/v2\/pages"}],"about":[{"href":"http:\/\/maldives-paradise.com\/pt\/wp-json\/wp\/v2\/types\/page"}],"author":[{"embeddable":true,"href":"http:\/\/maldives-paradise.com\/pt\/wp-json\/wp\/v2\/users\/1"}],"replies":[{"embeddable":true,"href":"http:\/\/maldives-paradise.com\/pt\/wp-json\/wp\/v2\/comments?post=19548"}],"version-history":[{"count":6,"href":"http:\/\/maldives-paradise.com\/pt\/wp-json\/wp\/v2\/pages\/19548\/revisions"}],"predecessor-version":[{"id":45307,"href":"http:\/\/maldives-paradise.com\/pt\/wp-json\/wp\/v2\/pages\/19548\/revisions\/45307"}],"wp:featuredmedia":[{"embeddable":true,"href":"http:\/\/maldives-paradise.com\/pt\/wp-json\/wp\/v2\/media\/19248"}],"wp:attachment":[{"href":"http:\/\/maldives-paradise.com\/pt\/wp-json\/wp\/v2\/media?parent=19548"}],"curies":[{"name":"wp","href":"https:\/\/api.w.org\/{rel}","templated":true}]}}