{"id":19235,"date":"2024-07-16T15:04:56","date_gmt":"2024-07-16T15:04:56","guid":{"rendered":"http:\/\/maldives-paradise.com\/?page_id=19235"},"modified":"2025-10-10T14:18:05","modified_gmt":"2025-10-10T14:18:05","slug":"os-12-resorts-com-o-melhor-recife-de-casa-nas-maldivas","status":"publish","type":"page","link":"http:\/\/maldives-paradise.com\/pt\/os-12-resorts-com-o-melhor-recife-de-casa-nas-maldivas\/","title":{"rendered":"12 Resorts com o Melhor House Reef nas Maldivas"},"content":{"rendered":"<div class=\"wpb-content-wrapper\"><div class=\"vc_row wpb_row vc_row-fluid\"><div class=\"wpb_column vc_column_container vc_col-sm-12\"><div class=\"vc_column-inner\"><div class=\"wpb_wrapper\">\n\t<div class=\"wpb_text_column wpb_content_element\" >\n\t\t<div class=\"wpb_wrapper\">\n\t\t\t<h4>Explorando os melhores recifes dom\u00e9sticos nas Maldivas: os melhores resorts para entusiastas marinhos<\/h4>\n<p>Entre a mir\u00edade de resorts de luxo nas Maldivas, v\u00e1rios se destacam por seus excepcionais recifes de casas, oferecendo aos h\u00f3spedes a oportunidade de mergulhar com snorkel e mergulhar diretamente da costa. Aqui, exploramos os resorts com os melhores recifes de casas nas Maldivas, proporcionando aos entusiastas marinhos uma experi\u00eancia subaqu\u00e1tica inesquec\u00edvel. Aqui est\u00e3o os melhores resorts com o Melhor Recife de Casas nas Maldivas.<\/p>\n\n\t\t<\/div>\n\t<\/div>\n<\/div><\/div><\/div><\/div><div class=\"vc_row wpb_row vc_row-fluid\"><div class=\"wpb_column vc_column_container vc_col-sm-3\"><div class=\"vc_column-inner\"><div class=\"wpb_wrapper\">\n\t<div  class=\"wpb_single_image wpb_content_element vc_align_left wpb_content_element\">\n\t\t\n\t\t<figure class=\"wpb_wrapper vc_figure\">\n\t\t\t<div class=\"vc_single_image-wrapper   vc_box_border_grey\"><img loading=\"lazy\" decoding=\"async\" width=\"150\" height=\"150\" src=\"https:\/\/maldives-paradise.com\/wp-content\/uploads\/2024\/07\/Anantara-Kihavah-Maldives-Villas-coral-reef-150x150.jpg\" class=\"vc_single_image-img attachment-thumbnail\" alt=\"Anantara Kihavah Maldivas Villas\" title=\"Anantara Kihavah Maldives Villas recife de corais\" \/><\/div>\n\t\t<\/figure>\n\t<\/div>\n<\/div><\/div><\/div><div class=\"wpb_column vc_column_container vc_col-sm-9\"><div class=\"vc_column-inner\"><div class=\"wpb_wrapper\">\n\t<div class=\"wpb_text_column wpb_content_element\" >\n\t\t<div class=\"wpb_wrapper\">\n\t\t\t<h4><a href=\"https:\/\/lamp.glopss.com\/SHUs\" target=\"_blank\" rel=\"nofollow noopener\">Anantara Kihavah Maldivas Villas<\/a><\/h4>\n<p>O Anantara Kihavah Maldives Villas ostenta um recife de casa deslumbrante repleto de corais coloridos e diversas esp\u00e9cies marinhas. Localizado na Reserva da Biosfera da UNESCO do Atol Baa, os h\u00f3spedes podem esperar encontros com arraias-manta, tartarugas e uma infinidade de peixes tropicais. O restaurante subaqu\u00e1tico do resort, SEA, oferece uma experi\u00eancia gastron\u00f4mica \u00fanica cercada pela vibrante vida marinha do recife da casa.<\/p>\n\n\t\t<\/div>\n\t<\/div>\n<\/div><\/div><\/div><\/div><div class=\"vc_row wpb_row vc_row-fluid\"><div class=\"wpb_column vc_column_container vc_col-sm-3\"><div class=\"vc_column-inner\"><div class=\"wpb_wrapper\">\n\t<div  class=\"wpb_single_image wpb_content_element vc_align_left wpb_content_element\">\n\t\t\n\t\t<figure class=\"wpb_wrapper vc_figure\">\n\t\t\t<div class=\"vc_single_image-wrapper   vc_box_border_grey\"><img loading=\"lazy\" decoding=\"async\" width=\"150\" height=\"150\" src=\"https:\/\/maldives-paradise.com\/wp-content\/uploads\/2024\/07\/como-cocoa-island-house-reef-150x150.jpg\" class=\"vc_single_image-img attachment-thumbnail\" alt=\"COMO Cocoa Island House Reef\" title=\"como-cocoa-ilha-casa-recife\" \/><\/div>\n\t\t<\/figure>\n\t<\/div>\n<\/div><\/div><\/div><div class=\"wpb_column vc_column_container vc_col-sm-9\"><div class=\"vc_column-inner\"><div class=\"wpb_wrapper\">\n\t<div class=\"wpb_text_column wpb_content_element\" >\n\t\t<div class=\"wpb_wrapper\">\n\t\t\t<h4><a href=\"https:\/\/lamp.glopss.com\/SHU8\" target=\"_blank\" rel=\"nofollow noopener\">COMO Ilha do Cacau<\/a><\/h4>\n<p>O COMO Cocoa Island, localizado no Atol de Mal\u00e9 do Sul, apresenta um not\u00e1vel recife de casas que \u00e9 facilmente acess\u00edvel a partir das vilas sobre a \u00e1gua do resort. O recife abriga uma variedade de vida marinha, incluindo tubar\u00f5es de recife, arraias e uma variedade de peixes coloridos. Excurs\u00f5es de mergulho com snorkel e cilindro est\u00e3o prontamente dispon\u00edveis, permitindo que os h\u00f3spedes explorem o rico mundo subaqu\u00e1tico \u00e0 sua porta.<\/p>\n\n\t\t<\/div>\n\t<\/div>\n<\/div><\/div><\/div><\/div><div class=\"vc_row wpb_row vc_row-fluid\"><div class=\"wpb_column vc_column_container vc_col-sm-3\"><div class=\"vc_column-inner\"><div class=\"wpb_wrapper\">\n\t<div  class=\"wpb_single_image wpb_content_element vc_align_left wpb_content_element\">\n\t\t\n\t\t<figure class=\"wpb_wrapper vc_figure\">\n\t\t\t<div class=\"vc_single_image-wrapper   vc_box_border_grey\"><img loading=\"lazy\" decoding=\"async\" width=\"150\" height=\"150\" src=\"https:\/\/maldives-paradise.com\/wp-content\/uploads\/2024\/07\/hideaway-beach-coral-reef-150x150.jpg\" class=\"vc_single_image-img attachment-thumbnail\" alt=\"Hideaway Beach Resort &amp; Spa casa recife\" title=\"praia-escondida-recife-de-coral\" \/><\/div>\n\t\t<\/figure>\n\t<\/div>\n<\/div><\/div><\/div><div class=\"wpb_column vc_column_container vc_col-sm-9\"><div class=\"vc_column-inner\"><div class=\"wpb_wrapper\">\n\t<div class=\"wpb_text_column wpb_content_element\" >\n\t\t<div class=\"wpb_wrapper\">\n\t\t\t<h4><a href=\"https:\/\/lamp.glopss.com\/aff_c?offer_id=1384&amp;aff_id=1834\" target=\"_blank\" rel=\"nofollow noopener\">Hideaway Beach Resort &amp; Spa<\/a><\/h4>\n<p>O Hideaway Beach Resort &amp; Spa, situado no Atol Haa Alifu, oferece uma experi\u00eancia excepcional de recife dom\u00e9stico. O recife de corais circunda a ilha, proporcionando f\u00e1cil acesso para entusiastas de mergulho com snorkel. Mergulhadores podem explorar o vizinho \u201cHaa Alifu Atoll Underwater Wonderland\u201d, famoso por suas forma\u00e7\u00f5es de corais intocadas e diversas esp\u00e9cies marinhas, incluindo barracudas, peixes-le\u00e3o e moreias.<\/p>\n\n\t\t<\/div>\n\t<\/div>\n<\/div><\/div><\/div><\/div><div class=\"vc_row wpb_row vc_row-fluid\"><div class=\"wpb_column vc_column_container vc_col-sm-3\"><div class=\"vc_column-inner\"><div class=\"wpb_wrapper\">\n\t<div  class=\"wpb_single_image wpb_content_element vc_align_left wpb_content_element\">\n\t\t\n\t\t<figure class=\"wpb_wrapper vc_figure\">\n\t\t\t<div class=\"vc_single_image-wrapper   vc_box_border_grey\"><img loading=\"lazy\" decoding=\"async\" width=\"150\" height=\"150\" src=\"https:\/\/maldives-paradise.com\/wp-content\/uploads\/2024\/07\/baros-coral-reef-150x150.jpg\" class=\"vc_single_image-img attachment-thumbnail\" alt=\"Baros Maldivas Casa recife\" title=\"baros-recife-de-coral\" \/><\/div>\n\t\t<\/figure>\n\t<\/div>\n<\/div><\/div><\/div><div class=\"wpb_column vc_column_container vc_col-sm-9\"><div class=\"vc_column-inner\"><div class=\"wpb_wrapper\">\n\t<div class=\"wpb_text_column wpb_content_element\" >\n\t\t<div class=\"wpb_wrapper\">\n\t\t\t<h4><a href=\"https:\/\/lamp.glopss.com\/SHUm\" target=\"_blank\" rel=\"nofollow noopener\">Baros Maldivas<\/a><\/h4>\n<p>O Baros Maldives, um luxuoso resort boutique, \u00e9 famoso por seu vibrante recife de casas localizado a poucos metros da costa. O recife \u00e9 um para\u00edso para mergulhadores e praticantes de snorkel, com jardins de corais deslumbrantes e uma abund\u00e2ncia de vida marinha, incluindo tartarugas, tubar\u00f5es de recife e uma variedade de peixes tropicais. O resort oferece passeios guiados de snorkel e mergulhos noturnos para uma experi\u00eancia subaqu\u00e1tica \u00fanica.<\/p>\n\n\t\t<\/div>\n\t<\/div>\n<\/div><\/div><\/div><\/div><div class=\"vc_row wpb_row vc_row-fluid\"><div class=\"wpb_column vc_column_container vc_col-sm-3\"><div class=\"vc_column-inner\"><div class=\"wpb_wrapper\">\n\t<div  class=\"wpb_single_image wpb_content_element vc_align_left wpb_content_element\">\n\t\t\n\t\t<figure class=\"wpb_wrapper vc_figure\">\n\t\t\t<div class=\"vc_single_image-wrapper   vc_box_border_grey\"><img loading=\"lazy\" decoding=\"async\" width=\"150\" height=\"150\" src=\"https:\/\/maldives-paradise.com\/wp-content\/uploads\/2024\/07\/oblu-nature-helengeli-coral-reef-150x150.jpg\" class=\"vc_single_image-img attachment-thumbnail\" alt=\"Recife da casa Oblu Nature Helengeli\" title=\"oblu-natureza-helengeli-recife de coral\" \/><\/div>\n\t\t<\/figure>\n\t<\/div>\n<\/div><\/div><\/div><div class=\"wpb_column vc_column_container vc_col-sm-9\"><div class=\"vc_column-inner\"><div class=\"wpb_wrapper\">\n\t<div class=\"wpb_text_column wpb_content_element\" >\n\t\t<div class=\"wpb_wrapper\">\n\t\t\t<h4><a href=\"https:\/\/trip.tpo.lv\/WIqOrYJZ\" target=\"_blank\" rel=\"nofollow noopener\">Oblu Natureza Helengeli<\/a><\/h4>\n<p>Oblu Nature Helengeli, localizado no Atol de Mal\u00e9 do Norte, \u00e9 famoso por seu rico recife dom\u00e9stico que atrai mergulhadores e praticantes de snorkel. O recife abriga uma variedade de esp\u00e9cies marinhas, incluindo tubar\u00f5es-lixa, trevallies gigantes e arraias. O centro de mergulho certificado pela PADI do resort oferece uma variedade de cursos e excurs\u00f5es para explorar o vibrante mundo subaqu\u00e1tico.<\/p>\n\n\t\t<\/div>\n\t<\/div>\n<\/div><\/div><\/div><\/div><div class=\"vc_row wpb_row vc_row-fluid\"><div class=\"wpb_column vc_column_container vc_col-sm-3\"><div class=\"vc_column-inner\"><div class=\"wpb_wrapper\">\n\t<div  class=\"wpb_single_image wpb_content_element vc_align_left wpb_content_element\">\n\t\t\n\t\t<figure class=\"wpb_wrapper vc_figure\">\n\t\t\t<div class=\"vc_single_image-wrapper   vc_box_border_grey\"><img loading=\"lazy\" decoding=\"async\" width=\"150\" height=\"150\" src=\"https:\/\/maldives-paradise.com\/wp-content\/uploads\/2024\/07\/hurawalhi-diving-prodivers-coral-reef-150x150.jpg\" class=\"vc_single_image-img attachment-thumbnail\" alt=\"Hurawalhi Island Resort casa recife\" title=\"hurawalhi-mergulho-profissionais-recife-de-coral\" \/><\/div>\n\t\t<\/figure>\n\t<\/div>\n<\/div><\/div><\/div><div class=\"wpb_column vc_column_container vc_col-sm-9\"><div class=\"vc_column-inner\"><div class=\"wpb_wrapper\">\n\t<div class=\"wpb_text_column wpb_content_element\" >\n\t\t<div class=\"wpb_wrapper\">\n\t\t\t<h4><a href=\"https:\/\/hotellook.tp.st\/6FluoLuO\" target=\"_blank\" rel=\"nofollow noopener\">Resort da Ilha Hurawalhi<\/a><\/h4>\n<p>O Hurawalhi Island Resort, situado no Atol de Lhaviyani, oferece um recife impressionante que \u00e9 facilmente acess\u00edvel para mergulho com snorkel. O recife abriga uma variedade de vida marinha, incluindo arraias manta, tubar\u00f5es e corais coloridos. O 5.8 Undersea Restaurant do resort oferece uma experi\u00eancia gastron\u00f4mica \u00fanica cercada pelas maravilhas marinhas do recife.<\/p>\n\n\t\t<\/div>\n\t<\/div>\n<\/div><\/div><\/div><\/div><div class=\"vc_row wpb_row vc_row-fluid\"><div class=\"wpb_column vc_column_container vc_col-sm-3\"><div class=\"vc_column-inner\"><div class=\"wpb_wrapper\">\n\t<div  class=\"wpb_single_image wpb_content_element vc_align_left wpb_content_element\">\n\t\t\n\t\t<figure class=\"wpb_wrapper vc_figure\">\n\t\t\t<div class=\"vc_single_image-wrapper   vc_box_border_grey\"><img loading=\"lazy\" decoding=\"async\" width=\"150\" height=\"150\" src=\"https:\/\/maldives-paradise.com\/wp-content\/uploads\/2024\/07\/kandolhu-maldives-coral-reef-150x150.jpg\" class=\"vc_single_image-img attachment-thumbnail\" alt=\"Kandolhu Maldivas casa recife\" title=\"kandolhu-maldivas-recife-de-coral\" \/><\/div>\n\t\t<\/figure>\n\t<\/div>\n<\/div><\/div><\/div><div class=\"wpb_column vc_column_container vc_col-sm-9\"><div class=\"vc_column-inner\"><div class=\"wpb_wrapper\">\n\t<div class=\"wpb_text_column wpb_content_element\" >\n\t\t<div class=\"wpb_wrapper\">\n\t\t\t<h4><a href=\"https:\/\/lamp.glopss.com\/SHUW\" target=\"_blank\" rel=\"nofollow noopener\">Kandolhu Maldivas<\/a><\/h4>\n<p>Kandolhu Maldives, localizado no North Ari Atoll, \u00e9 um resort pequeno, mas deslumbrante, com um recife de casa excepcional. O recife fica a apenas um curto mergulho da costa, oferecendo aos h\u00f3spedes a chance de explorar vibrantes jardins de corais e encontrar vida marinha, como tartarugas, tubar\u00f5es de recife e peixes-palha\u00e7o. O resort tamb\u00e9m oferece passeios guiados de mergulho com snorkel e excurs\u00f5es de mergulho.<\/p>\n\n\t\t<\/div>\n\t<\/div>\n<\/div><\/div><\/div><\/div><div class=\"vc_row wpb_row vc_row-fluid\"><div class=\"wpb_column vc_column_container vc_col-sm-3\"><div class=\"vc_column-inner\"><div class=\"wpb_wrapper\">\n\t<div  class=\"wpb_single_image wpb_content_element vc_align_left wpb_content_element\">\n\t\t\n\t\t<figure class=\"wpb_wrapper vc_figure\">\n\t\t\t<div class=\"vc_single_image-wrapper   vc_box_border_grey\"><img loading=\"lazy\" decoding=\"async\" width=\"150\" height=\"150\" src=\"https:\/\/maldives-paradise.com\/wp-content\/uploads\/2024\/07\/vakkaru-maldives-coral-reefs-150x150.jpg\" class=\"vc_single_image-img attachment-thumbnail\" alt=\"Recife de corais Vakkaru Maldivas\" title=\"vakkaru-maldivas-recifes-de-coral\" \/><\/div>\n\t\t<\/figure>\n\t<\/div>\n<\/div><\/div><\/div><div class=\"wpb_column vc_column_container vc_col-sm-9\"><div class=\"vc_column-inner\"><div class=\"wpb_wrapper\">\n\t<div class=\"wpb_text_column wpb_content_element\" >\n\t\t<div class=\"wpb_wrapper\">\n\t\t\t<h4><a href=\"https:\/\/lamp.glopss.com\/SHVx\" target=\"_blank\" rel=\"nofollow noopener\">Vakkaru Maldivas<\/a><\/h4>\n<p>O Vakkaru Maldives, situado no Atol Baa, ostenta um lindo recife dom\u00e9stico que \u00e9 perfeito para mergulho com snorkel e com cilindro. O recife abriga uma variedade de esp\u00e9cies marinhas, incluindo arraias-\u00e1guia, tartarugas e uma variedade de peixes coloridos. O resort oferece passeios guiados de mergulho com snorkel e excurs\u00f5es de mergulho para explorar as maravilhas subaqu\u00e1ticas do Atol Baa.<\/p>\n\n\t\t<\/div>\n\t<\/div>\n<\/div><\/div><\/div><\/div><div class=\"vc_row wpb_row vc_row-fluid\"><div class=\"wpb_column vc_column_container vc_col-sm-3\"><div class=\"vc_column-inner\"><div class=\"wpb_wrapper\">\n\t<div  class=\"wpb_single_image wpb_content_element vc_align_left wpb_content_element\">\n\t\t\n\t\t<figure class=\"wpb_wrapper vc_figure\">\n\t\t\t<div class=\"vc_single_image-wrapper   vc_box_border_grey\"><img loading=\"lazy\" decoding=\"async\" width=\"150\" height=\"150\" src=\"https:\/\/maldives-paradise.com\/wp-content\/uploads\/2024\/07\/Kuredu-house-reef-2-150x150.jpg\" class=\"vc_single_image-img attachment-thumbnail\" alt=\"Kuredu Island Resort &amp; Spa casa recife\" title=\"Kuredu-casa-recife-2\" \/><\/div>\n\t\t<\/figure>\n\t<\/div>\n<\/div><\/div><\/div><div class=\"wpb_column vc_column_container vc_col-sm-9\"><div class=\"vc_column-inner\"><div class=\"wpb_wrapper\">\n\t<div class=\"wpb_text_column wpb_content_element\" >\n\t\t<div class=\"wpb_wrapper\">\n\t\t\t<h4><a href=\"https:\/\/lamp.glopss.com\/SHUf\" target=\"_blank\" rel=\"nofollow noopener\">Kuredu Island Resort &amp; Spa<\/a><\/h4>\n<p>O Kuredu Island Resort &amp; Spa, localizado no Atol de Lhaviyani, oferece uma experi\u00eancia fant\u00e1stica de recife dom\u00e9stico para os h\u00f3spedes. O recife abriga uma variedade de vida marinha, incluindo tartarugas, arraias e tubar\u00f5es de recife. O centro de mergulho do resort oferece uma variedade de cursos e excurs\u00f5es, permitindo que os h\u00f3spedes explorem a beleza subaqu\u00e1tica do atol.<\/p>\n\n\t\t<\/div>\n\t<\/div>\n<\/div><\/div><\/div><\/div><div class=\"vc_row wpb_row vc_row-fluid\"><div class=\"wpb_column vc_column_container vc_col-sm-3\"><div class=\"vc_column-inner\"><div class=\"wpb_wrapper\">\n\t<div  class=\"wpb_single_image wpb_content_element vc_align_left wpb_content_element\">\n\t\t\n\t\t<figure class=\"wpb_wrapper vc_figure\">\n\t\t\t<div class=\"vc_single_image-wrapper   vc_box_border_grey\"><img loading=\"lazy\" decoding=\"async\" width=\"150\" height=\"150\" src=\"https:\/\/maldives-paradise.com\/wp-content\/uploads\/2024\/07\/centara-grand-maldives-coral-reef-150x150.jpeg\" class=\"vc_single_image-img attachment-thumbnail\" alt=\"Centara Grand Island Resort and Spa casa recife\" title=\"centara-grand-maldivas-recife-de-coral\" \/><\/div>\n\t\t<\/figure>\n\t<\/div>\n<\/div><\/div><\/div><div class=\"wpb_column vc_column_container vc_col-sm-9\"><div class=\"vc_column-inner\"><div class=\"wpb_wrapper\">\n\t<div class=\"wpb_text_column wpb_content_element\" >\n\t\t<div class=\"wpb_wrapper\">\n\t\t\t<h4><a href=\"https:\/\/lamp.glopss.com\/aff_c?offer_id=1442&amp;aff_id=1834&amp;url=https%3A%2F%2Fwww.centarahotelsresorts.com%2Fcentaragrand%2Fcirm\" target=\"_blank\" rel=\"nofollow noopener\">Centara Grand Island Resort e Spa<\/a><\/h4>\n<p>O Centara Grand Island Resort and Spa, situado no Atol de South Ari, apresenta um recife de casa deslumbrante que \u00e9 ideal para mergulho com snorkel e com cilindro. O recife est\u00e1 repleto de vida marinha, incluindo tubar\u00f5es-baleia, arraias-manta e corais coloridos. O resort oferece passeios guiados de mergulho com snorkel e excurs\u00f5es de mergulho para explorar a rica biodiversidade marinha do Atol de South Ari.<\/p>\n\n\t\t<\/div>\n\t<\/div>\n<\/div><\/div><\/div><\/div><div class=\"vc_row wpb_row vc_row-fluid\"><div class=\"wpb_column vc_column_container vc_col-sm-3\"><div class=\"vc_column-inner\"><div class=\"wpb_wrapper\">\n\t<div  class=\"wpb_single_image wpb_content_element vc_align_left wpb_content_element\">\n\t\t\n\t\t<figure class=\"wpb_wrapper vc_figure\">\n\t\t\t<div class=\"vc_single_image-wrapper   vc_box_border_grey\"><img loading=\"lazy\" decoding=\"async\" width=\"150\" height=\"150\" src=\"https:\/\/maldives-paradise.com\/wp-content\/uploads\/2024\/07\/mirihi-project-hope-coral-reef-150x150.jpg\" class=\"vc_single_image-img attachment-thumbnail\" alt=\"Mirihi Island Resort casa recife\" title=\"mirihi-projeto-esperan\u00e7a-recife-de-coral\" \/><\/div>\n\t\t<\/figure>\n\t<\/div>\n<\/div><\/div><\/div><div class=\"wpb_column vc_column_container vc_col-sm-9\"><div class=\"vc_column-inner\"><div class=\"wpb_wrapper\">\n\t<div class=\"wpb_text_column wpb_content_element\" >\n\t\t<div class=\"wpb_wrapper\">\n\t\t\t<h4><a href=\"https:\/\/trip.tpo.lv\/eo4xHL7L\" target=\"_blank\" rel=\"nofollow noopener\">Resort da Ilha Mirihi<\/a><\/h4>\n<p>O Mirihi Island Resort, localizado no Atol de South Ari, \u00e9 famoso por seu recife dom\u00e9stico imaculado, perfeito para mergulho com snorkel. O recife abriga uma variedade de esp\u00e9cies marinhas, incluindo tartarugas, tubar\u00f5es de recife e uma variedade de peixes coloridos. O resort oferece passeios guiados de mergulho com snorkel e excurs\u00f5es de mergulho para explorar as maravilhas subaqu\u00e1ticas do atol.<\/p>\n\n\t\t<\/div>\n\t<\/div>\n<\/div><\/div><\/div><\/div><div class=\"vc_row wpb_row vc_row-fluid\"><div class=\"wpb_column vc_column_container vc_col-sm-3\"><div class=\"vc_column-inner\"><div class=\"wpb_wrapper\">\n\t<div  class=\"wpb_single_image wpb_content_element vc_align_left wpb_content_element\">\n\t\t\n\t\t<figure class=\"wpb_wrapper vc_figure\">\n\t\t\t<div class=\"vc_single_image-wrapper   vc_box_border_grey\"><img loading=\"lazy\" decoding=\"async\" width=\"150\" height=\"150\" src=\"https:\/\/maldives-paradise.com\/wp-content\/uploads\/2024\/07\/Park-hyatt-hadahaa-house-reef-150x150.jpg\" class=\"vc_single_image-img attachment-thumbnail\" alt=\"Park Hyatt Maldivas Hadahaa casa recife\" title=\"Park-hyatt-hadahaa-casa-recife\" \/><\/div>\n\t\t<\/figure>\n\t<\/div>\n<\/div><\/div><\/div><div class=\"wpb_column vc_column_container vc_col-sm-9\"><div class=\"vc_column-inner\"><div class=\"wpb_wrapper\">\n\t<div class=\"wpb_text_column wpb_content_element\" >\n\t\t<div class=\"wpb_wrapper\">\n\t\t\t<h4><a href=\"https:\/\/trip.tpo.lv\/VgLltNfb\" target=\"_blank\" rel=\"nofollow noopener\">Park Hyatt Maldivas Hadahaa<\/a><\/h4>\n<p>O Park Hyatt Maldives Hadahaa, situado no Atol de Huvadhoo, ostenta um recife de casa excepcional que \u00e9 ideal para mergulho com snorkel e com cilindro. O recife abriga uma variedade diversificada de vida marinha, incluindo tartarugas, tubar\u00f5es de recife e corais coloridos. O resort oferece passeios guiados de mergulho com snorkel e excurs\u00f5es de mergulho para explorar a beleza subaqu\u00e1tica do atol.<\/p>\n\n\t\t<\/div>\n\t<\/div>\n<\/div><\/div><\/div><\/div><div class=\"vc_row wpb_row vc_row-fluid\"><div class=\"wpb_column vc_column_container vc_col-sm-12\"><div class=\"vc_column-inner\"><div class=\"wpb_wrapper\">\n\t<div class=\"wpb_text_column wpb_content_element\" >\n\t\t<div class=\"wpb_wrapper\">\n\t\t\t<p><strong>Conclus\u00e3o<\/strong><\/p>\n<p>As Maldivas s\u00e3o um para\u00edso para os entusiastas marinhos, oferecendo alguns dos melhores recifes dom\u00e9sticos do mundo. Cada um desses resorts oferece aos h\u00f3spedes oportunidades \u00fanicas de explorar vibrantes jardins de corais, encontrar diversas esp\u00e9cies marinhas e aproveitar a beleza natural do mundo subaqu\u00e1tico. Seja voc\u00ea um mergulhador \u00e1vido ou um praticante casual de snorkel, esses resorts com os melhores recifes dom\u00e9sticos oferecem experi\u00eancias inesquec\u00edveis que mostram a biodiversidade marinha de tirar o f\u00f4lego das Maldivas.<\/p>\n\n\t\t<\/div>\n\t<\/div>\n<\/div><\/div><\/div><\/div><div class=\"vc_row wpb_row vc_row-fluid\"><div class=\"wpb_column vc_column_container vc_col-sm-12\"><div class=\"vc_column-inner\"><div class=\"wpb_wrapper\">\n\t<div class=\"wpb_text_column wpb_content_element\" >\n\t\t<div class=\"wpb_wrapper\">\n\t\t\t<p><a title=\"Melhores resorts de mergulho nas Maldivas\" href=\"https:\/\/maldives-paradise.com\/pt\/os-12-melhores-resorts-de-mergulho-nas-maldivas\/\">Os melhores resorts de mergulho nas Maldivas<\/a><\/p>\n<p><a href=\"https:\/\/maldives-paradise.com\/pt\/categoria\/pontas-2\/mergulho-com-snorkel\/\">Mergulho e snorkeling nas Maldivas<\/a><\/p>\n\n\t\t<\/div>\n\t<\/div>\n<\/div><\/div><\/div><\/div>\n<\/div>","protected":false},"excerpt":{"rendered":"<div class=\"mh-excerpt\"><\/div>","protected":false},"author":1,"featured_media":19238,"parent":0,"menu_order":0,"comment_status":"closed","ping_status":"closed","template":"","meta":{"footnotes":""},"class_list":["post-19235","page","type-page","status-publish","has-post-thumbnail"],"aioseo_notices":[],"_links":{"self":[{"href":"http:\/\/maldives-paradise.com\/pt\/wp-json\/wp\/v2\/pages\/19235","targetHints":{"allow":["GET"]}}],"collection":[{"href":"http:\/\/maldives-paradise.com\/pt\/wp-json\/wp\/v2\/pages"}],"about":[{"href":"http:\/\/maldives-paradise.com\/pt\/wp-json\/wp\/v2\/types\/page"}],"author":[{"embeddable":true,"href":"http:\/\/maldives-paradise.com\/pt\/wp-json\/wp\/v2\/users\/1"}],"replies":[{"embeddable":true,"href":"http:\/\/maldives-paradise.com\/pt\/wp-json\/wp\/v2\/comments?post=19235"}],"version-history":[{"count":6,"href":"http:\/\/maldives-paradise.com\/pt\/wp-json\/wp\/v2\/pages\/19235\/revisions"}],"predecessor-version":[{"id":43476,"href":"http:\/\/maldives-paradise.com\/pt\/wp-json\/wp\/v2\/pages\/19235\/revisions\/43476"}],"wp:featuredmedia":[{"embeddable":true,"href":"http:\/\/maldives-paradise.com\/pt\/wp-json\/wp\/v2\/media\/19238"}],"wp:attachment":[{"href":"http:\/\/maldives-paradise.com\/pt\/wp-json\/wp\/v2\/media?parent=19235"}],"curies":[{"name":"wp","href":"https:\/\/api.w.org\/{rel}","templated":true}]}}