{"id":17100,"date":"2024-06-10T17:37:57","date_gmt":"2024-06-10T17:37:57","guid":{"rendered":"http:\/\/maldives-paradise.com\/?page_id=17100"},"modified":"2025-09-18T15:49:23","modified_gmt":"2025-09-18T15:49:23","slug":"resorts-hoteis-5-estrelas-nas-maldivas-8","status":"publish","type":"page","link":"http:\/\/maldives-paradise.com\/pt\/resorts-hoteis-5-estrelas-nas-maldivas-8\/","title":{"rendered":"Hot\u00e9is e Resorts 5 Estrelas em Maldivas 8"},"content":{"rendered":"<div class=\"wpb-content-wrapper\"><div class=\"vc_row wpb_row vc_row-fluid\"><div class=\"wpb_column vc_column_container vc_col-sm-12\"><div class=\"vc_column-inner\"><div class=\"wpb_wrapper\">\n\t<div class=\"wpb_text_column wpb_content_element\" >\n\t\t<div class=\"wpb_wrapper\">\n\t\t\t<p><strong>Uma sele\u00e7\u00e3o dos melhores hot\u00e9is e resorts 5 estrelas nas Maldivas<\/strong><\/p>\n<p>As Maldivas s\u00e3o famosas por sua <strong data-start=\"82\" data-end=\"121\">hot\u00e9is e resorts luxuosos de 5 estrelas<\/strong>, oferecendo incompar\u00e1vel <strong data-start=\"145\" data-end=\"191\">eleg\u00e2ncia, privacidade e servi\u00e7o de classe mundial<\/strong>. Com <strong data-start=\"450\" data-end=\"522\">vistas deslumbrantes do oceano, praias de areia branca e lagoas cristalinas<\/strong>, <strong data-start=\"524\" data-end=\"558\">Resorts 5 estrelas nas Maldivas<\/strong> redefinir o luxo tropical, tornando-os o destino perfeito para <strong data-start=\"625\" data-end=\"677\">rec\u00e9m-casados, fam\u00edlias e viajantes exigentes<\/strong> buscando uma escapada inesquec\u00edvel.<\/p>\n\n\t\t<\/div>\n\t<\/div>\n<\/div><\/div><\/div><\/div><div class=\"vc_row wpb_row vc_row-fluid\"><div class=\"wpb_column vc_column_container vc_col-sm-3\"><div class=\"vc_column-inner\"><div class=\"wpb_wrapper\">\n\t<div  class=\"wpb_single_image wpb_content_element vc_align_left wpb_content_element\">\n\t\t\n\t\t<figure class=\"wpb_wrapper vc_figure\">\n\t\t\t<a href=\"http:\/\/maldives-paradise.com\/pt\/resort-amaya-kuda-rah\/\" target=\"_self\" class=\"vc_single_image-wrapper   vc_box_border_grey\"><img loading=\"lazy\" decoding=\"async\" width=\"150\" height=\"150\" src=\"https:\/\/maldives-paradise.com\/wp-content\/uploads\/2024\/06\/Amaya-Resort-Kuda-Rah-150x150.jpg\" class=\"vc_single_image-img attachment-thumbnail\" alt=\"Amaya Resort Kuda Rah\" title=\"Amaya Resort Kuda Rah\" \/><\/a>\n\t\t<\/figure>\n\t<\/div>\n<\/div><\/div><\/div><div class=\"wpb_column vc_column_container vc_col-sm-9\"><div class=\"vc_column-inner\"><div class=\"wpb_wrapper\">\n\t<div class=\"wpb_text_column wpb_content_element\" >\n\t\t<div class=\"wpb_wrapper\">\n\t\t\t<h4><a href=\"http:\/\/maldives-paradise.com\/pt\/resort-amaya-kuda-rah\/\">Amaya Resort Kuda Rah<\/a><\/h4>\n<p>Localizado no Atol de Ari do Sul, o Amaya Resort Kuda Rah oferece um ref\u00fagio id\u00edlico no cora\u00e7\u00e3o das Maldivas. Este resort cinco estrelas combina a beleza natural com o luxo moderno, proporcionando um retiro perfeito para quem procura relaxamento, aventura e um servi\u00e7o incompar\u00e1vel. Aqui est\u00e3o as principais caracter\u00edsticas que tornam o Amaya Resort Kuda Rah um destino de destaque nas Maldivas.<\/p>\n\n\t\t<\/div>\n\t<\/div>\n<\/div><\/div><\/div><\/div><div class=\"vc_row wpb_row vc_row-fluid\"><div class=\"wpb_column vc_column_container vc_col-sm-3\"><div class=\"vc_column-inner\"><div class=\"wpb_wrapper\">\n\t<div  class=\"wpb_single_image wpb_content_element vc_align_left wpb_content_element\">\n\t\t\n\t\t<figure class=\"wpb_wrapper vc_figure\">\n\t\t\t<a href=\"http:\/\/maldives-paradise.com\/pt\/amilla-maldivas-resort-and-residences\/\" target=\"_self\" class=\"vc_single_image-wrapper   vc_box_border_grey\"><img loading=\"lazy\" decoding=\"async\" width=\"150\" height=\"150\" src=\"https:\/\/maldives-paradise.com\/wp-content\/uploads\/2024\/03\/Amilla-Maldives-Overwater-Pool-Villa-Destination-Deluxe-150x150.jpg\" class=\"vc_single_image-img attachment-thumbnail\" alt=\"Amilla Maldivas Resort &amp; Residences\" title=\"Amilla-Maldivas-Overwater-Pool-Villa-Destination-Deluxe.jpg\" \/><\/a>\n\t\t<\/figure>\n\t<\/div>\n<\/div><\/div><\/div><div class=\"wpb_column vc_column_container vc_col-sm-9\"><div class=\"vc_column-inner\"><div class=\"wpb_wrapper\">\n\t<div class=\"wpb_text_column wpb_content_element\" >\n\t\t<div class=\"wpb_wrapper\">\n\t\t\t<h4><a href=\"http:\/\/maldives-paradise.com\/pt\/amilla-maldivas-resort-and-residences\/\">Amilla Maldivas<\/a><\/h4>\n<p>O Amilla Maldives se destaca como um s\u00edmbolo de luxo e serenidade nas Maldivas. Situado no cora\u00e7\u00e3o da Reserva Mundial da Biosfera da UNESCO do Atol Baa, este resort oferece uma combina\u00e7\u00e3o requintada de beleza natural e conforto moderno, tornando-se um destino privilegiado para viajantes que buscam uma experi\u00eancia incompar\u00e1vel. Aqui est\u00e3o os principais recursos que fazem do Amilla Maldives um ref\u00fagio de luxo imperd\u00edvel.<\/p>\n\n\t\t<\/div>\n\t<\/div>\n<\/div><\/div><\/div><\/div><div class=\"vc_row wpb_row vc_row-fluid\"><div class=\"wpb_column vc_column_container vc_col-sm-3\"><div class=\"vc_column-inner\"><div class=\"wpb_wrapper\">\n\t<div  class=\"wpb_single_image wpb_content_element vc_align_left wpb_content_element\">\n\t\t\n\t\t<figure class=\"wpb_wrapper vc_figure\">\n\t\t\t<a href=\"http:\/\/maldives-paradise.com\/pt\/resort-de-praia-escondido-spa\/\" target=\"_self\" class=\"vc_single_image-wrapper   vc_box_border_grey\"><img loading=\"lazy\" decoding=\"async\" width=\"150\" height=\"150\" src=\"https:\/\/maldives-paradise.com\/wp-content\/uploads\/2024\/06\/hideaway-beach-resort-spa-1-150x150.jpg\" class=\"vc_single_image-img attachment-thumbnail\" alt=\"Hideaway Beach Resort &amp; Spa\" title=\"resort e spa de praia escondido\" \/><\/a>\n\t\t<\/figure>\n\t<\/div>\n<\/div><\/div><\/div><div class=\"wpb_column vc_column_container vc_col-sm-9\"><div class=\"vc_column-inner\"><div class=\"wpb_wrapper\">\n\t<div class=\"wpb_text_column wpb_content_element\" >\n\t\t<div class=\"wpb_wrapper\">\n\t\t\t<h4><a href=\"http:\/\/maldives-paradise.com\/pt\/resort-de-praia-escondido-spa\/\">Hideaway Beach Resort &amp; Spa, Maldivas<\/a><\/h4>\n<p>As Maldivas, conhecidas pela sua beleza natural deslumbrante e acomoda\u00e7\u00f5es luxuosas, abrigam muitos resorts de classe mundial. Entre estes, o Hideaway Beach Resort &amp; Spa destaca-se como um modelo de extravag\u00e2ncia e tranquilidade serena. Situado na ilha de Dhonakulhi, em forma de lua crescente, este resort exclusivo oferece um santu\u00e1rio para viajantes que procuram aventura e relaxamento. Aqui est\u00e3o as principais caracter\u00edsticas que tornam o Hideaway Beach Resort &amp; Spa um destino privilegiado nas Maldivas.<\/p>\n\n\t\t<\/div>\n\t<\/div>\n<\/div><\/div><\/div><\/div><div class=\"vc_row wpb_row vc_row-fluid\"><div class=\"wpb_column vc_column_container vc_col-sm-3\"><div class=\"vc_column-inner\"><div class=\"wpb_wrapper\">\n\t<div  class=\"wpb_single_image wpb_content_element vc_align_left wpb_content_element\">\n\t\t\n\t\t<figure class=\"wpb_wrapper vc_figure\">\n\t\t\t<a href=\"http:\/\/maldives-paradise.com\/pt\/ilhas-jawakara-maldivas\/\" target=\"_self\" class=\"vc_single_image-wrapper   vc_box_border_grey\"><img loading=\"lazy\" decoding=\"async\" width=\"150\" height=\"150\" src=\"https:\/\/maldives-paradise.com\/wp-content\/uploads\/2024\/06\/jawakara-150x150.jpg\" class=\"vc_single_image-img attachment-thumbnail\" alt=\"Ilhas Jawakara Maldivas\" title=\"Jawakara\" \/><\/a>\n\t\t<\/figure>\n\t<\/div>\n<\/div><\/div><\/div><div class=\"wpb_column vc_column_container vc_col-sm-9\"><div class=\"vc_column-inner\"><div class=\"wpb_wrapper\">\n\t<div class=\"wpb_text_column wpb_content_element\" >\n\t\t<div class=\"wpb_wrapper\">\n\t\t\t<h4><a href=\"http:\/\/maldives-paradise.com\/pt\/ilhas-jawakara-maldivas\/\">Ilhas Jawakara Maldivas<\/a><\/h4>\n<p>Localizado no cora\u00e7\u00e3o do intocado Atol Raa, Jawakara Islands Maldives \u00e9 um resort de luxo que promete uma experi\u00eancia inesquec\u00edvel de opul\u00eancia e beleza natural. Este resort \u00e9 conhecido por suas acomoda\u00e7\u00f5es luxuosas, op\u00e7\u00f5es gastron\u00f4micas excepcionais e uma infinidade de atividades projetadas para atender aos desejos de todos os h\u00f3spedes. Aqui est\u00e3o as principais caracter\u00edsticas que tornam as Ilhas Jawakara Maldivas um destino privilegiado para viajantes exigentes.<\/p>\n\n\t\t<\/div>\n\t<\/div>\n<\/div><\/div><\/div><\/div><div class=\"vc_row wpb_row vc_row-fluid\"><div class=\"wpb_column vc_column_container vc_col-sm-3\"><div class=\"vc_column-inner\"><div class=\"wpb_wrapper\">\n\t<div  class=\"wpb_single_image wpb_content_element vc_align_left wpb_content_element\">\n\t\t\n\t\t<figure class=\"wpb_wrapper vc_figure\">\n\t\t\t<a href=\"http:\/\/maldives-paradise.com\/pt\/kihaa-maldivas\/\" target=\"_self\" class=\"vc_single_image-wrapper   vc_box_border_grey\"><img loading=\"lazy\" decoding=\"async\" width=\"150\" height=\"150\" src=\"https:\/\/maldives-paradise.com\/wp-content\/uploads\/2024\/06\/kihaa-maldives-resort-150x150.jpg\" class=\"vc_single_image-img attachment-thumbnail\" alt=\"Kihaa Maldivas\" title=\"kihaa-maldivas-resort\" \/><\/a>\n\t\t<\/figure>\n\t<\/div>\n<\/div><\/div><\/div><div class=\"wpb_column vc_column_container vc_col-sm-9\"><div class=\"vc_column-inner\"><div class=\"wpb_wrapper\">\n\t<div class=\"wpb_text_column wpb_content_element\" >\n\t\t<div class=\"wpb_wrapper\">\n\t\t\t<h4><a href=\"http:\/\/maldives-paradise.com\/pt\/kihaa-maldivas\/\">Kihaa Maldivas<\/a><\/h4>\n<p>Kihaa Maldives oferece uma experi\u00eancia de luxo incompar\u00e1vel que promete um retiro id\u00edlico cercado pela beleza deslumbrante do Oceano \u00cdndico. Este resort cinco estrelas, localizado no Atol Baa, uma Reserva da Biosfera da UNESCO, combina o esplendor natural com comodidades de alto n\u00edvel, tornando-o um destino de visita obrigat\u00f3ria para viajantes exigentes que procuram uma mistura perfeita de relaxamento e aventura. Aqui est\u00e3o as principais caracter\u00edsticas que diferenciam Kihaa Maldives como um resort de luxo de primeira linha.<\/p>\n\n\t\t<\/div>\n\t<\/div>\n<\/div><\/div><\/div><\/div><div class=\"vc_row wpb_row vc_row-fluid\"><div class=\"wpb_column vc_column_container vc_col-sm-3\"><div class=\"vc_column-inner\"><div class=\"wpb_wrapper\">\n\t<div  class=\"wpb_single_image wpb_content_element vc_align_left wpb_content_element\">\n\t\t\n\t\t<figure class=\"wpb_wrapper vc_figure\">\n\t\t\t<a href=\"http:\/\/maldives-paradise.com\/pt\/noku-maldivas\/\" target=\"_self\" class=\"vc_single_image-wrapper   vc_box_border_grey\"><img loading=\"lazy\" decoding=\"async\" width=\"150\" height=\"150\" src=\"https:\/\/maldives-paradise.com\/wp-content\/uploads\/2024\/06\/Noku-Maldives-150x150.jpg\" class=\"vc_single_image-img attachment-thumbnail\" alt=\"Noku Maldivas\" title=\"Noku Maldivas\" \/><\/a>\n\t\t<\/figure>\n\t<\/div>\n<\/div><\/div><\/div><div class=\"wpb_column vc_column_container vc_col-sm-9\"><div class=\"vc_column-inner\"><div class=\"wpb_wrapper\">\n\t<div class=\"wpb_text_column wpb_content_element\" >\n\t\t<div class=\"wpb_wrapper\">\n\t\t\t<h4><a href=\"http:\/\/maldives-paradise.com\/pt\/noku-maldivas\/\">Noku Maldivas Resort<\/a><\/h4>\n<p>Situado nas \u00e1guas cristalinas do Atol Noonu, o Noku Maldives Resort \u00e9 um ref\u00fagio de tranquilidade e luxo. Este resort exclusivo oferece uma combina\u00e7\u00e3o perfeita de beleza natural, comodidades modernas e servi\u00e7o excepcional, tornando-o um destino ideal para viajantes que procuram uma fuga serena e indulgente. Aqui est\u00e3o as principais caracter\u00edsticas que tornam o Noku Maldives Resort um destino de luxo de destaque nas Maldivas.<\/p>\n\n\t\t<\/div>\n\t<\/div>\n<\/div><\/div><\/div><\/div><div class=\"vc_row wpb_row vc_row-fluid\"><div class=\"wpb_column vc_column_container vc_col-sm-3\"><div class=\"vc_column-inner\"><div class=\"wpb_wrapper\">\n\t<div  class=\"wpb_single_image wpb_content_element vc_align_left wpb_content_element\">\n\t\t\n\t\t<figure class=\"wpb_wrapper vc_figure\">\n\t\t\t<a href=\"http:\/\/maldives-paradise.com\/pt\/a-residencia-maldivas-falhumaafushi\/\" target=\"_self\" class=\"vc_single_image-wrapper   vc_box_border_grey\"><img loading=\"lazy\" decoding=\"async\" width=\"150\" height=\"150\" src=\"https:\/\/maldives-paradise.com\/wp-content\/uploads\/2024\/06\/The-Residence-Maldives-Falhumaafushi-1-150x150.jpg\" class=\"vc_single_image-img attachment-thumbnail\" alt=\"The Residence Maldivas Falhumaafushi\" title=\"The Residence Maldivas Falhumaafushi\" \/><\/a>\n\t\t<\/figure>\n\t<\/div>\n<\/div><\/div><\/div><div class=\"wpb_column vc_column_container vc_col-sm-9\"><div class=\"vc_column-inner\"><div class=\"wpb_wrapper\">\n\t<div class=\"wpb_text_column wpb_content_element\" >\n\t\t<div class=\"wpb_wrapper\">\n\t\t\t<h4><a href=\"http:\/\/maldives-paradise.com\/pt\/a-residencia-maldivas-falhumaafushi\/\">The Residence Maldivas Falhumaafushi<\/a><\/h4>\n<p>O Residence Maldives Falhumaafushi, localizado na ilha imaculada de Falhumaafushi, no Atol Gaafu Alifu, oferece uma mistura requintada de luxo, conforto e beleza natural. Este resort cinco estrelas \u00e9 conhecido por seu servi\u00e7o excepcional, acomoda\u00e7\u00f5es deslumbrantes e diversas atividades recreativas, tornando-o um destino ideal para viajantes que procuram uma escapadela inesquec\u00edvel nas Maldivas. Aqui est\u00e3o as principais caracter\u00edsticas que diferenciam o The Residence Maldives Falhumaafushi.<\/p>\n\n\t\t<\/div>\n\t<\/div>\n<\/div><\/div><\/div><\/div><div class=\"vc_row wpb_row vc_row-fluid\"><div class=\"wpb_column vc_column_container vc_col-sm-3\"><div class=\"vc_column-inner\"><div class=\"wpb_wrapper\">\n\t<div  class=\"wpb_single_image wpb_content_element vc_align_left wpb_content_element\">\n\t\t\n\t\t<figure class=\"wpb_wrapper vc_figure\">\n\t\t\t<div class=\"vc_single_image-wrapper   vc_box_border_grey\"><img loading=\"lazy\" decoding=\"async\" width=\"150\" height=\"150\" src=\"https:\/\/maldives-paradise.com\/wp-content\/uploads\/2024\/07\/le-meridien-150x150.jpg\" class=\"vc_single_image-img attachment-thumbnail\" alt=\"Le M\u00e9ridien Maldivas Resort\" title=\"le-meridione\" \/><\/div>\n\t\t<\/figure>\n\t<\/div>\n<\/div><\/div><\/div><div class=\"wpb_column vc_column_container vc_col-sm-9\"><div class=\"vc_column-inner\"><div class=\"wpb_wrapper\">\n\t<div class=\"wpb_text_column wpb_content_element\" >\n\t\t<div class=\"wpb_wrapper\">\n\t\t\t<h4><a href=\"http:\/\/maldives-paradise.com\/pt\/le-meridien-maldivas-resort\/\">Le M\u00e9ridien Maldivas Resort<\/a><\/h4>\n<p>O Le M\u00e9ridien Maldives Resort, situado na id\u00edlica ilha de Thilamaafushi, no Atol de Lhaviyani, oferece uma fuga incompar\u00e1vel para um mundo de luxo e beleza natural. Este resort \u00e9 o ep\u00edtome da eleg\u00e2ncia, combinando a sofistica\u00e7\u00e3o moderna com as deslumbrantes paisagens naturais das Maldivas. Vamos nos aprofundar nas principais caracter\u00edsticas que fazem do Le M\u00e9ridien Maldives Resort um destino privilegiado para viajantes exigentes.<\/p>\n\n\t\t<\/div>\n\t<\/div>\n<\/div><\/div><\/div><\/div><div class=\"vc_row wpb_row vc_row-fluid\"><div class=\"wpb_column vc_column_container vc_col-sm-3\"><div class=\"vc_column-inner\"><div class=\"wpb_wrapper\">\n\t<div  class=\"wpb_single_image wpb_content_element vc_align_left wpb_content_element\">\n\t\t\n\t\t<figure class=\"wpb_wrapper vc_figure\">\n\t\t\t<div class=\"vc_single_image-wrapper   vc_box_border_grey\"><img loading=\"lazy\" decoding=\"async\" width=\"150\" height=\"150\" src=\"https:\/\/maldives-paradise.com\/wp-content\/uploads\/2024\/07\/siyam-world-maldives-150x150.jpg\" class=\"vc_single_image-img attachment-thumbnail\" alt=\"Siyam World Maldivas\" title=\"siyam-mundo-maldivas\" \/><\/div>\n\t\t<\/figure>\n\t<\/div>\n<\/div><\/div><\/div><div class=\"wpb_column vc_column_container vc_col-sm-9\"><div class=\"vc_column-inner\"><div class=\"wpb_wrapper\">\n\t<div class=\"wpb_text_column wpb_content_element\" >\n\t\t<div class=\"wpb_wrapper\">\n\t\t\t<h4><a href=\"http:\/\/maldives-paradise.com\/pt\/siyam-world-maldivas\/\">Siyam World Maldivas<\/a><\/h4>\n<p>Situado no cora\u00e7\u00e3o do Oceano \u00cdndico, o Siyam World Maldives \u00e9 um farol de opul\u00eancia e tranquilidade. Este resort de luxo, localizado no Atol de Noonu, oferece uma mistura \u00fanica de beleza natural, confortos modernos e comodidades de classe mundial. Aqui, exploramos os principais recursos que fazem do Siyam World Maldives um destino privilegiado para viajantes que buscam uma escapadela inesquec\u00edvel na ilha.<\/p>\n\n\t\t<\/div>\n\t<\/div>\n<\/div><\/div><\/div><\/div><div class=\"vc_row wpb_row vc_row-fluid\"><div class=\"wpb_column vc_column_container vc_col-sm-3\"><div class=\"vc_column-inner\"><div class=\"wpb_wrapper\">\n\t<div  class=\"wpb_single_image wpb_content_element vc_align_left wpb_content_element\">\n\t\t\n\t\t<figure class=\"wpb_wrapper vc_figure\">\n\t\t\t<div class=\"vc_single_image-wrapper   vc_box_border_grey\"><img loading=\"lazy\" decoding=\"async\" width=\"150\" height=\"150\" src=\"https:\/\/maldives-paradise.com\/wp-content\/uploads\/2024\/07\/ifuru-island-resort-150x150.jpg\" class=\"vc_single_image-img attachment-thumbnail\" alt=\"Ifuru Island Resort Maldivas\" title=\"ifuru-ilha-resort\" \/><\/div>\n\t\t<\/figure>\n\t<\/div>\n<\/div><\/div><\/div><div class=\"wpb_column vc_column_container vc_col-sm-9\"><div class=\"vc_column-inner\"><div class=\"wpb_wrapper\">\n\t<div class=\"wpb_text_column wpb_content_element\" >\n\t\t<div class=\"wpb_wrapper\">\n\t\t\t<h4><a href=\"http:\/\/maldives-paradise.com\/pt\/ifuru-ilha-resort-maldivas\/\">Ifuru Island Resort Maldivas<\/a><\/h4>\n<p>Localizado no pitoresco Atol de Raa, o Ifuru Island Resort Maldives \u00e9 um destino de luxo de primeira linha que promete uma fuga tropical inesquec\u00edvel. Este resort combina a opul\u00eancia moderna com a beleza natural das Maldivas, oferecendo aos h\u00f3spedes uma experi\u00eancia extraordin\u00e1ria. Vamos explorar os principais recursos que tornam o Ifuru Island Resort Maldives uma escolha de destaque para viajantes exigentes.<\/p>\n\n\t\t<\/div>\n\t<\/div>\n<\/div><\/div><\/div><\/div><div class=\"vc_row wpb_row vc_row-fluid\"><div class=\"wpb_column vc_column_container vc_col-sm-3\"><div class=\"vc_column-inner\"><div class=\"wpb_wrapper\">\n\t<div  class=\"wpb_single_image wpb_content_element vc_align_left wpb_content_element\">\n\t\t\n\t\t<figure class=\"wpb_wrapper vc_figure\">\n\t\t\t<a href=\"https:\/\/maldives-paradise.com\/pt\/avani-fares-resort-maldivas\/\" target=\"_self\" class=\"vc_single_image-wrapper   vc_box_border_grey\"><img loading=\"lazy\" decoding=\"async\" width=\"150\" height=\"150\" src=\"https:\/\/maldives-paradise.com\/wp-content\/uploads\/2024\/09\/avani-fares-overwater-villa-150x150.jpg\" class=\"vc_single_image-img attachment-thumbnail\" alt=\"Avani+ Fares Maldivas Resort\" title=\"avani-fares-sobre-a-agua-villa\" \/><\/a>\n\t\t<\/figure>\n\t<\/div>\n<\/div><\/div><\/div><div class=\"wpb_column vc_column_container vc_col-sm-9\"><div class=\"vc_column-inner\"><div class=\"wpb_wrapper\">\n\t<div class=\"wpb_text_column wpb_content_element\" >\n\t\t<div class=\"wpb_wrapper\">\n\t\t\t<h4><a href=\"https:\/\/maldives-paradise.com\/pt\/avani-fares-resort-maldivas\/\">Avani+ Fares Maldivas Resort<\/a><\/h4>\n<p>O Avani+ Fares Maldives Resort oferece um ref\u00fagio de luxo extraordin\u00e1rio cercado por \u00e1guas cristalinas, praias de areia fina e vegeta\u00e7\u00e3o exuberante. Inaugurado em 2023, este resort de luxo combina eleg\u00e2ncia moderna com o charme das Maldivas, oferecendo aos h\u00f3spedes uma mistura perfeita de relaxamento, aventura e vida sustent\u00e1vel. Aqui est\u00e3o os principais recursos que fazem o Avani+ Fares Maldives Resort se destacar como um destino de luxo de primeira linha.<\/p>\n\n\t\t<\/div>\n\t<\/div>\n<\/div><\/div><\/div><\/div><div class=\"vc_row wpb_row vc_row-fluid\"><div class=\"wpb_column vc_column_container vc_col-sm-3\"><div class=\"vc_column-inner\"><div class=\"wpb_wrapper\">\n\t<div  class=\"wpb_single_image wpb_content_element vc_align_left wpb_content_element\">\n\t\t\n\t\t<figure class=\"wpb_wrapper vc_figure\">\n\t\t\t<a href=\"https:\/\/maldives-paradise.com\/pt\/furaveri-maldivas\/\" target=\"_self\" class=\"vc_single_image-wrapper   vc_box_border_grey\"><img loading=\"lazy\" decoding=\"async\" width=\"150\" height=\"150\" src=\"https:\/\/maldives-paradise.com\/wp-content\/uploads\/2024\/09\/furaveri-maldives-150x150.jpg\" class=\"vc_single_image-img attachment-thumbnail\" alt=\"Furaveri Maldivas\" title=\"furaveri-maldivas\" \/><\/a>\n\t\t<\/figure>\n\t<\/div>\n<\/div><\/div><\/div><div class=\"wpb_column vc_column_container vc_col-sm-9\"><div class=\"vc_column-inner\"><div class=\"wpb_wrapper\">\n\t<div class=\"wpb_text_column wpb_content_element\" >\n\t\t<div class=\"wpb_wrapper\">\n\t\t\t<h4><a href=\"https:\/\/maldives-paradise.com\/pt\/furaveri-maldivas\/\">Furaveri Maldivas<\/a><\/h4>\n<p>Localizado no pitoresco Atol de Raa, o Furaveri Maldives Resort oferece uma escapada de luxo por excel\u00eancia no cora\u00e7\u00e3o das Maldivas. Cercado por praias imaculadas, \u00e1guas cristalinas e paisagens tropicais exuberantes, o Furaveri \u00e9 um para\u00edso para viajantes que buscam tranquilidade, aventura e indulg\u00eancia. Com foco no charme das Maldivas e confortos modernos, o resort oferece uma experi\u00eancia de f\u00e9rias inesquec\u00edvel. Vamos explorar as principais caracter\u00edsticas do Furaveri Maldives Resort que o tornam um destino de sonho para viajantes do mundo todo.<\/p>\n\n\t\t<\/div>\n\t<\/div>\n<\/div><\/div><\/div><\/div><div class=\"vc_row wpb_row vc_row-fluid\"><div class=\"wpb_column vc_column_container vc_col-sm-12\"><div class=\"vc_column-inner\"><div class=\"wpb_wrapper\">\n\t<div class=\"wpb_text_column wpb_content_element\" >\n\t\t<div class=\"wpb_wrapper\">\n\t\t\t<h3>Hot\u00e9is e resorts 5 estrelas em Maldivas\u00a0 <a href=\"http:\/\/maldives-paradise.com\/pt\/?page_id=4124\">P\u00e1gina 1<\/a> <a href=\"http:\/\/maldives-paradise.com\/pt\/?page_id=7968\">P\u00e1gina 2<\/a> \u00a0 <a href=\"http:\/\/maldives-paradise.com\/pt\/?page_id=7996\">P\u00e1gina 3<\/a>\u00a0 <a href=\"http:\/\/maldives-paradise.com\/pt\/?page_id=8053\">P\u00e1gina 4<\/a>\u00a0 <a href=\"http:\/\/maldives-paradise.com\/pt\/?page_id=8128\">P\u00e1gina 5<\/a>\u00a0\u00a0 <a href=\"http:\/\/maldives-paradise.com\/pt\/?page_id=8170\">P\u00e1gina 6<\/a><\/h3>\n<h3><a href=\"http:\/\/maldives-paradise.com\/pt\/hoteis-resorts-5-estrelas-nas-maldivas-7\/\">P\u00e1gina 7<\/a>\u00a0\u00a0<a href=\"https:\/\/maldives-paradise.com\/pt\/hoteis-resorts-5-estrelas-nas-maldivas-9\/\">P\u00e1gina 9<\/a><\/h3>\n\n\t\t<\/div>\n\t<\/div>\n<\/div><\/div><\/div><\/div>\n<\/div>","protected":false},"excerpt":{"rendered":"<div class=\"mh-excerpt\"><\/div>","protected":false},"author":1,"featured_media":17021,"parent":0,"menu_order":0,"comment_status":"closed","ping_status":"closed","template":"","meta":{"footnotes":""},"class_list":["post-17100","page","type-page","status-publish","has-post-thumbnail"],"aioseo_notices":[],"_links":{"self":[{"href":"http:\/\/maldives-paradise.com\/pt\/wp-json\/wp\/v2\/pages\/17100","targetHints":{"allow":["GET"]}}],"collection":[{"href":"http:\/\/maldives-paradise.com\/pt\/wp-json\/wp\/v2\/pages"}],"about":[{"href":"http:\/\/maldives-paradise.com\/pt\/wp-json\/wp\/v2\/types\/page"}],"author":[{"embeddable":true,"href":"http:\/\/maldives-paradise.com\/pt\/wp-json\/wp\/v2\/users\/1"}],"replies":[{"embeddable":true,"href":"http:\/\/maldives-paradise.com\/pt\/wp-json\/wp\/v2\/comments?post=17100"}],"version-history":[{"count":6,"href":"http:\/\/maldives-paradise.com\/pt\/wp-json\/wp\/v2\/pages\/17100\/revisions"}],"predecessor-version":[{"id":41910,"href":"http:\/\/maldives-paradise.com\/pt\/wp-json\/wp\/v2\/pages\/17100\/revisions\/41910"}],"wp:featuredmedia":[{"embeddable":true,"href":"http:\/\/maldives-paradise.com\/pt\/wp-json\/wp\/v2\/media\/17021"}],"wp:attachment":[{"href":"http:\/\/maldives-paradise.com\/pt\/wp-json\/wp\/v2\/media?parent=17100"}],"curies":[{"name":"wp","href":"https:\/\/api.w.org\/{rel}","templated":true}]}}