{"id":16915,"date":"2024-06-08T07:37:39","date_gmt":"2024-06-08T07:37:39","guid":{"rendered":"http:\/\/maldives-paradise.com\/?page_id=16915"},"modified":"2025-02-22T18:03:26","modified_gmt":"2025-02-22T18:03:26","slug":"melhores-resorts-de-luxo-no-atol-haa-alifu","status":"publish","type":"page","link":"http:\/\/maldives-paradise.com\/pt\/melhores-resorts-de-luxo-no-atol-haa-alifu\/","title":{"rendered":"Melhores resorts de luxo no Atol Haa Alifu"},"content":{"rendered":"<div class=\"wpb-content-wrapper\"><div class=\"vc_row wpb_row vc_row-fluid\"><div class=\"wpb_column vc_column_container vc_col-sm-12\"><div class=\"vc_column-inner\"><div class=\"wpb_wrapper\">\n\t<div class=\"wpb_text_column wpb_content_element\" >\n\t\t<div class=\"wpb_wrapper\">\n\t\t\t<p><strong>Atol Haa Alifu<\/strong>, localizado na parte mais ao norte das Maldivas, oferece uma fuga requintada para viajantes que buscam luxo, tranquilidade e beleza natural de tirar o f\u00f4lego. O atol abriga alguns dos resorts mais opulentos do mundo, cada um fornecendo uma mistura \u00fanica de conforto, aventura e servi\u00e7o incompar\u00e1vel. Aqui est\u00e3o os melhores resorts de luxo no Atol Haa Alifu:<\/p>\n\n\t\t<\/div>\n\t<\/div>\n<\/div><\/div><\/div><\/div><div class=\"vc_row wpb_row vc_row-fluid\"><div class=\"wpb_column vc_column_container vc_col-sm-12\"><div class=\"vc_column-inner\"><div class=\"wpb_wrapper\">\n\t<div  class=\"wpb_single_image wpb_content_element vc_align_left wpb_content_element\">\n\t\t<h2 class=\"wpb_heading wpb_singleimage_heading\">JA Manafaru<\/h2>\n\t\t<figure class=\"wpb_wrapper vc_figure\">\n\t\t\t<div class=\"vc_single_image-wrapper   vc_box_border_grey\"><img loading=\"lazy\" decoding=\"async\" width=\"791\" height=\"480\" src=\"https:\/\/maldives-paradise.com\/wp-content\/uploads\/2024\/06\/JA-Manafaru3.jpg\" class=\"vc_single_image-img attachment-large\" alt=\"JA Manafaru\" title=\"JA-Manafaru3\" srcset=\"https:\/\/maldives-paradise.com\/wp-content\/uploads\/2024\/06\/JA-Manafaru3.jpg 791w, https:\/\/maldives-paradise.com\/wp-content\/uploads\/2024\/06\/JA-Manafaru3-300x182.jpg 300w, https:\/\/maldives-paradise.com\/wp-content\/uploads\/2024\/06\/JA-Manafaru3-768x466.jpg 768w, https:\/\/maldives-paradise.com\/wp-content\/uploads\/2024\/06\/JA-Manafaru3-18x12.jpg 18w, https:\/\/maldives-paradise.com\/wp-content\/uploads\/2024\/06\/JA-Manafaru3-500x303.jpg 500w\" sizes=\"auto, (max-width: 791px) 100vw, 791px\" \/><\/div>\n\t\t<\/figure>\n\t<\/div>\n<\/div><\/div><\/div><\/div><div class=\"vc_row wpb_row vc_row-fluid\"><div class=\"wpb_column vc_column_container vc_col-sm-12\"><div class=\"vc_column-inner\"><div class=\"wpb_wrapper\">\n\t<div class=\"wpb_text_column wpb_content_element\" >\n\t\t<div class=\"wpb_wrapper\">\n\t\t\t<h4><a href=\"http:\/\/maldives-paradise.com\/pt\/ja-manafaru-maldivas\/\">JA Manafaru<\/a><\/h4>\n<p>Situado em uma ilha particular no Atol Haa Alifu, o JA Manafaru \u00e9 um ref\u00fagio de luxo e serenidade. O resort oferece vilas sobre a \u00e1gua, bangal\u00f4s de praia e su\u00edtes com piscinas privativas. Os h\u00f3spedes podem se deliciar com uma variedade de esportes aqu\u00e1ticos, jantar em v\u00e1rios restaurantes de classe mundial e relaxar no premiado Calm Spa.<\/p>\n\n\t\t<\/div>\n\t<\/div>\n<\/div><\/div><\/div><\/div><div class=\"vc_row wpb_row vc_row-fluid\"><div class=\"wpb_column vc_column_container vc_col-sm-12\"><div class=\"vc_column-inner\"><div class=\"wpb_wrapper\">\n\t<div  class=\"wpb_single_image wpb_content_element vc_align_left wpb_content_element\">\n\t\t<h2 class=\"wpb_heading wpb_singleimage_heading\">Hideaway Beach Resort &amp; Spa<\/h2>\n\t\t<figure class=\"wpb_wrapper vc_figure\">\n\t\t\t<div class=\"vc_single_image-wrapper   vc_box_border_grey\"><img loading=\"lazy\" decoding=\"async\" width=\"780\" height=\"454\" src=\"https:\/\/maldives-paradise.com\/wp-content\/uploads\/2024\/06\/Hideaway-Beach-Resort-Spa.jpg\" class=\"vc_single_image-img attachment-large\" alt=\"Hideaway Beach Resort &amp; Spa\" title=\"Hideaway-Beach-Resort-Spa\" srcset=\"https:\/\/maldives-paradise.com\/wp-content\/uploads\/2024\/06\/Hideaway-Beach-Resort-Spa.jpg 780w, https:\/\/maldives-paradise.com\/wp-content\/uploads\/2024\/06\/Hideaway-Beach-Resort-Spa-300x175.jpg 300w, https:\/\/maldives-paradise.com\/wp-content\/uploads\/2024\/06\/Hideaway-Beach-Resort-Spa-768x447.jpg 768w, https:\/\/maldives-paradise.com\/wp-content\/uploads\/2024\/06\/Hideaway-Beach-Resort-Spa-18x10.jpg 18w, https:\/\/maldives-paradise.com\/wp-content\/uploads\/2024\/06\/Hideaway-Beach-Resort-Spa-500x291.jpg 500w\" sizes=\"auto, (max-width: 780px) 100vw, 780px\" \/><\/div>\n\t\t<\/figure>\n\t<\/div>\n<\/div><\/div><\/div><\/div><div class=\"vc_row wpb_row vc_row-fluid\"><div class=\"wpb_column vc_column_container vc_col-sm-12\"><div class=\"vc_column-inner\"><div class=\"wpb_wrapper\">\n\t<div class=\"wpb_text_column wpb_content_element\" >\n\t\t<div class=\"wpb_wrapper\">\n\t\t\t<h4><a href=\"https:\/\/lamp.glopss.com\/aff_c?offer_id=1384&amp;aff_id=1834\" target=\"_blank\" rel=\"nofollow noopener\">Hideaway Beach Resort &amp; Spa<\/a><\/h4>\n<p>O Hideaway Beach Resort &amp; Spa \u00e9 conhecido por sua privacidade e espa\u00e7o, ostentando um dos maiores tamanhos de vilas nas Maldivas. O resort oferece 103 vilas, cada uma com acesso privativo \u00e0 praia ou lagoa. Suas diversas op\u00e7\u00f5es de restaurantes, spa de classe mundial e excelentes locais de mergulho o tornam a melhor escolha para h\u00f3spedes exigentes.<\/p>\n\n\t\t<\/div>\n\t<\/div>\n<\/div><\/div><\/div><\/div><div class=\"vc_row wpb_row vc_row-fluid\"><div class=\"wpb_column vc_column_container vc_col-sm-12\"><div class=\"vc_column-inner\"><div class=\"wpb_wrapper\">\n\t<div class=\"wpb_text_column wpb_content_element\" >\n\t\t<div class=\"wpb_wrapper\">\n\t\t\t<p>Cada um desses resorts no Atol Haa Alifu oferece um peda\u00e7o \u00fanico do para\u00edso, garantindo que os visitantes experimentem o m\u00e1ximo em luxo, conforto e beleza natural. Quer voc\u00ea esteja buscando uma escapada rom\u00e2ntica, f\u00e9rias em fam\u00edlia ou f\u00e9rias cheias de aventura, esses resorts fornecem o cen\u00e1rio perfeito para uma experi\u00eancia inesquec\u00edvel nas Maldivas.<\/p>\n\n\t\t<\/div>\n\t<\/div>\n<\/div><\/div><\/div><\/div>\n<\/div>","protected":false},"excerpt":{"rendered":"<div class=\"mh-excerpt\"><\/div>","protected":false},"author":1,"featured_media":16916,"parent":0,"menu_order":0,"comment_status":"closed","ping_status":"closed","template":"","meta":{"footnotes":""},"class_list":["post-16915","page","type-page","status-publish","has-post-thumbnail"],"aioseo_notices":[],"_links":{"self":[{"href":"http:\/\/maldives-paradise.com\/pt\/wp-json\/wp\/v2\/pages\/16915","targetHints":{"allow":["GET"]}}],"collection":[{"href":"http:\/\/maldives-paradise.com\/pt\/wp-json\/wp\/v2\/pages"}],"about":[{"href":"http:\/\/maldives-paradise.com\/pt\/wp-json\/wp\/v2\/types\/page"}],"author":[{"embeddable":true,"href":"http:\/\/maldives-paradise.com\/pt\/wp-json\/wp\/v2\/users\/1"}],"replies":[{"embeddable":true,"href":"http:\/\/maldives-paradise.com\/pt\/wp-json\/wp\/v2\/comments?post=16915"}],"version-history":[{"count":1,"href":"http:\/\/maldives-paradise.com\/pt\/wp-json\/wp\/v2\/pages\/16915\/revisions"}],"predecessor-version":[{"id":16919,"href":"http:\/\/maldives-paradise.com\/pt\/wp-json\/wp\/v2\/pages\/16915\/revisions\/16919"}],"wp:featuredmedia":[{"embeddable":true,"href":"http:\/\/maldives-paradise.com\/pt\/wp-json\/wp\/v2\/media\/16916"}],"wp:attachment":[{"href":"http:\/\/maldives-paradise.com\/pt\/wp-json\/wp\/v2\/media?parent=16915"}],"curies":[{"name":"wp","href":"https:\/\/api.w.org\/{rel}","templated":true}]}}