{"id":16861,"date":"2024-06-06T17:52:14","date_gmt":"2024-06-06T17:52:14","guid":{"rendered":"http:\/\/maldives-paradise.com\/?page_id=16861"},"modified":"2025-02-22T18:02:06","modified_gmt":"2025-02-22T18:02:06","slug":"melhores-resorts-de-luxo-no-atol-de-addu","status":"publish","type":"page","link":"http:\/\/maldives-paradise.com\/pt\/melhores-resorts-de-luxo-no-atol-de-addu\/","title":{"rendered":"Melhores resorts de luxo no Atol de Addu"},"content":{"rendered":"<div class=\"wpb-content-wrapper\"><div class=\"vc_row wpb_row vc_row-fluid\"><div class=\"wpb_column vc_column_container vc_col-sm-12\"><div class=\"vc_column-inner\"><div class=\"wpb_wrapper\">\n\t<div class=\"wpb_text_column wpb_content_element\" >\n\t\t<div class=\"wpb_wrapper\">\n\t\t\t<p>Addu Atoll, o atol mais ao sul das Maldivas, \u00e9 famoso por suas paisagens deslumbrantes, vida marinha vibrante e resorts luxuosos. Este atol, tamb\u00e9m conhecido como Seenu Atoll, oferece uma mistura perfeita de tranquilidade e opul\u00eancia, tornando-o um destino privilegiado para viajantes de luxo. Aqui est\u00e3o os melhores resorts de luxo em Addu Atoll, cada um oferecendo caracter\u00edsticas distintas e servi\u00e7os excepcionais.<\/p>\n\n\t\t<\/div>\n\t<\/div>\n<\/div><\/div><\/div><\/div><div class=\"vc_row wpb_row vc_row-fluid\"><div class=\"wpb_column vc_column_container vc_col-sm-12\"><div class=\"vc_column-inner\"><div class=\"wpb_wrapper\">\n\t<div  class=\"wpb_single_image wpb_content_element vc_align_left wpb_content_element\">\n\t\t<h2 class=\"wpb_heading wpb_singleimage_heading\">Shangri-La&#039;s Villingili Resort e Spa<\/h2>\n\t\t<figure class=\"wpb_wrapper vc_figure\">\n\t\t\t<div class=\"vc_single_image-wrapper   vc_box_border_grey\"><img loading=\"lazy\" decoding=\"async\" width=\"800\" height=\"534\" src=\"https:\/\/maldives-paradise.com\/wp-content\/uploads\/2024\/06\/Shangri-La-Maldives.jpg\" class=\"vc_single_image-img attachment-large\" alt=\"Shangri-La&#039;s Villingili Resort e Spa\" title=\"Shangri-La-Maldivas\" srcset=\"https:\/\/maldives-paradise.com\/wp-content\/uploads\/2024\/06\/Shangri-La-Maldives.jpg 800w, https:\/\/maldives-paradise.com\/wp-content\/uploads\/2024\/06\/Shangri-La-Maldives-300x200.jpg 300w, https:\/\/maldives-paradise.com\/wp-content\/uploads\/2024\/06\/Shangri-La-Maldives-768x513.jpg 768w, https:\/\/maldives-paradise.com\/wp-content\/uploads\/2024\/06\/Shangri-La-Maldives-18x12.jpg 18w, https:\/\/maldives-paradise.com\/wp-content\/uploads\/2024\/06\/Shangri-La-Maldives-500x334.jpg 500w\" sizes=\"auto, (max-width: 800px) 100vw, 800px\" \/><\/div>\n\t\t<\/figure>\n\t<\/div>\n<\/div><\/div><\/div><\/div><div class=\"vc_row wpb_row vc_row-fluid\"><div class=\"wpb_column vc_column_container vc_col-sm-12\"><div class=\"vc_column-inner\"><div class=\"wpb_wrapper\">\n\t<div class=\"wpb_text_column wpb_content_element\" >\n\t\t<div class=\"wpb_wrapper\">\n\t\t\t<h4><a href=\"https:\/\/hotellook.tp.st\/s102UtR1\" target=\"_blank\" rel=\"nofollow noopener\">Shangri-La&#039;s Villingili Resort e Spa<\/a><\/h4>\n<p>O Shangri-La&#039;s Villingili Resort and Spa \u00e9 a ep\u00edtome do luxo com suas vilas espa\u00e7osas e bangal\u00f4s deslumbrantes sobre a \u00e1gua. Este resort possui um campo de golfe de 9 buracos, uma oferta \u00fanica nas Maldivas. Os h\u00f3spedes podem se deliciar com tratamentos rejuvenescedores no CHI, The Spa, jantar em v\u00e1rios restaurantes de classe mundial e explorar os vibrantes recifes de corais que cercam a ilha.<\/p>\n\n\t\t<\/div>\n\t<\/div>\n<\/div><\/div><\/div><\/div><div class=\"vc_row wpb_row vc_row-fluid\"><div class=\"wpb_column vc_column_container vc_col-sm-12\"><div class=\"vc_column-inner\"><div class=\"wpb_wrapper\">\n\t<div  class=\"wpb_single_image wpb_content_element vc_align_left wpb_content_element\">\n\t\t<h2 class=\"wpb_heading wpb_singleimage_heading\">Canareef Resort Maldivas<\/h2>\n\t\t<figure class=\"wpb_wrapper vc_figure\">\n\t\t\t<div class=\"vc_single_image-wrapper   vc_box_border_grey\"><img loading=\"lazy\" decoding=\"async\" width=\"750\" height=\"500\" src=\"https:\/\/maldives-paradise.com\/wp-content\/uploads\/2024\/06\/canareef3.jpg\" class=\"vc_single_image-img attachment-large\" alt=\"Canareef Resort Maldivas\" title=\"canareef3\" srcset=\"https:\/\/maldives-paradise.com\/wp-content\/uploads\/2024\/06\/canareef3.jpg 750w, https:\/\/maldives-paradise.com\/wp-content\/uploads\/2024\/06\/canareef3-300x200.jpg 300w, https:\/\/maldives-paradise.com\/wp-content\/uploads\/2024\/06\/canareef3-18x12.jpg 18w, https:\/\/maldives-paradise.com\/wp-content\/uploads\/2024\/06\/canareef3-500x333.jpg 500w\" sizes=\"auto, (max-width: 750px) 100vw, 750px\" \/><\/div>\n\t\t<\/figure>\n\t<\/div>\n<\/div><\/div><\/div><\/div><div class=\"vc_row wpb_row vc_row-fluid\"><div class=\"wpb_column vc_column_container vc_col-sm-12\"><div class=\"vc_column-inner\"><div class=\"wpb_wrapper\">\n\t<div class=\"wpb_text_column wpb_content_element\" >\n\t\t<div class=\"wpb_wrapper\">\n\t\t\t<h4><a href=\"http:\/\/maldives-paradise.com\/pt\/resort-canareef-maldivas\/\">Canareef Resort Maldivas<\/a><\/h4>\n<p>O Canareef Resort Maldives se estende por uma ilha de 4,5 quil\u00f4metros de extens\u00e3o no Atol de Addu, oferecendo amplo espa\u00e7o e privacidade para os h\u00f3spedes. O resort disp\u00f5e de vilas luxuosas, um spa e v\u00e1rias op\u00e7\u00f5es de refei\u00e7\u00f5es. As atividades incluem observa\u00e7\u00e3o de golfinhos, mergulho e explora\u00e7\u00e3o das trilhas naturais pr\u00f3ximas.<\/p>\n\n\t\t<\/div>\n\t<\/div>\n<\/div><\/div><\/div><\/div><div class=\"vc_row wpb_row vc_row-fluid\"><div class=\"wpb_column vc_column_container vc_col-sm-12\"><div class=\"vc_column-inner\"><div class=\"wpb_wrapper\">\n\t<div  class=\"wpb_single_image wpb_content_element vc_align_left wpb_content_element\">\n\t\t<h2 class=\"wpb_heading wpb_singleimage_heading\">Vila do Equador<\/h2>\n\t\t<figure class=\"wpb_wrapper vc_figure\">\n\t\t\t<div class=\"vc_single_image-wrapper   vc_box_border_grey\"><img loading=\"lazy\" decoding=\"async\" width=\"780\" height=\"520\" src=\"https:\/\/maldives-paradise.com\/wp-content\/uploads\/2024\/06\/equator-village-resort.jpg\" class=\"vc_single_image-img attachment-large\" alt=\"Vila do Equador\" title=\"equador-vila-resort\" srcset=\"https:\/\/maldives-paradise.com\/wp-content\/uploads\/2024\/06\/equator-village-resort.jpg 780w, https:\/\/maldives-paradise.com\/wp-content\/uploads\/2024\/06\/equator-village-resort-300x200.jpg 300w, https:\/\/maldives-paradise.com\/wp-content\/uploads\/2024\/06\/equator-village-resort-768x512.jpg 768w, https:\/\/maldives-paradise.com\/wp-content\/uploads\/2024\/06\/equator-village-resort-18x12.jpg 18w, https:\/\/maldives-paradise.com\/wp-content\/uploads\/2024\/06\/equator-village-resort-500x333.jpg 500w\" sizes=\"auto, (max-width: 780px) 100vw, 780px\" \/><\/div>\n\t\t<\/figure>\n\t<\/div>\n<\/div><\/div><\/div><\/div><div class=\"vc_row wpb_row vc_row-fluid\"><div class=\"wpb_column vc_column_container vc_col-sm-12\"><div class=\"vc_column-inner\"><div class=\"wpb_wrapper\">\n\t<div class=\"wpb_text_column wpb_content_element\" >\n\t\t<div class=\"wpb_wrapper\">\n\t\t\t<h4><a href=\"http:\/\/lamp.glopss.com\/aff_c?offer_id=1521&amp;aff_id=1834&amp;url=https%3A%2F%2Fwww.equatorvillage.com%2F\" target=\"_blank\" rel=\"nofollow noopener\">Vila do Equador<\/a><\/h4>\n<p>O Equator Village, localizado na Ilha Gan, oferece uma mistura de confortos modernos e charme hist\u00f3rico. O resort fica em um antigo quartel da For\u00e7a A\u00e9rea Real e oferece bangal\u00f4s aconchegantes em meio a jardins exuberantes. Os h\u00f3spedes podem aproveitar uma variedade de atividades, incluindo mergulho, snorkeling e passeios de bicicleta para explorar a rica hist\u00f3ria e cultura do atol.<\/p>\n\n\t\t<\/div>\n\t<\/div>\n<\/div><\/div><\/div><\/div><div class=\"vc_row wpb_row vc_row-fluid\"><div class=\"wpb_column vc_column_container vc_col-sm-12\"><div class=\"vc_column-inner\"><div class=\"wpb_wrapper\">\n\t<div  class=\"wpb_single_image wpb_content_element vc_align_left wpb_content_element\">\n\t\t<h2 class=\"wpb_heading wpb_singleimage_heading\">South Palm Resort Maldivas<\/h2>\n\t\t<figure class=\"wpb_wrapper vc_figure\">\n\t\t\t<div class=\"vc_single_image-wrapper   vc_box_border_grey\"><img loading=\"lazy\" decoding=\"async\" width=\"780\" height=\"438\" src=\"https:\/\/maldives-paradise.com\/wp-content\/uploads\/2024\/06\/south-palm-resort-maldives.jpg\" class=\"vc_single_image-img attachment-large\" alt=\"South Palm Resort Maldivas\" title=\"resort-palm-sul-maldivas\" srcset=\"https:\/\/maldives-paradise.com\/wp-content\/uploads\/2024\/06\/south-palm-resort-maldives.jpg 780w, https:\/\/maldives-paradise.com\/wp-content\/uploads\/2024\/06\/south-palm-resort-maldives-300x168.jpg 300w, https:\/\/maldives-paradise.com\/wp-content\/uploads\/2024\/06\/south-palm-resort-maldives-768x431.jpg 768w, https:\/\/maldives-paradise.com\/wp-content\/uploads\/2024\/06\/south-palm-resort-maldives-18x10.jpg 18w, https:\/\/maldives-paradise.com\/wp-content\/uploads\/2024\/06\/south-palm-resort-maldives-678x381.jpg 678w, https:\/\/maldives-paradise.com\/wp-content\/uploads\/2024\/06\/south-palm-resort-maldives-500x281.jpg 500w\" sizes=\"auto, (max-width: 780px) 100vw, 780px\" \/><\/div>\n\t\t<\/figure>\n\t<\/div>\n<\/div><\/div><\/div><\/div><div class=\"vc_row wpb_row vc_row-fluid\"><div class=\"wpb_column vc_column_container vc_col-sm-12\"><div class=\"vc_column-inner\"><div class=\"wpb_wrapper\">\n\t<div class=\"wpb_text_column wpb_content_element\" >\n\t\t<div class=\"wpb_wrapper\">\n\t\t\t<h4><a href=\"http:\/\/maldives-paradise.com\/pt\/south-palm-resort-maldives\/\">South Palm Resort Maldivas<\/a><\/h4>\n<p>O South Palm Resort Maldives \u00e9 um retiro exclusivo localizado em uma ilha particular. O resort oferece vilas de frente para a praia e sobre a \u00e1gua, cada uma projetada com um toque contempor\u00e2neo. Os h\u00f3spedes podem relaxar na piscina infinita do resort, aproveitar uma variedade de esportes aqu\u00e1ticos e jantar em restaurantes que servem cozinha internacional e das Maldivas.<\/p>\n<p>Conclus\u00e3o<\/p>\n<p>O Atol de Addu, nas Maldivas, abriga alguns dos resorts mais luxuosos do mundo. Cada resort oferece uma mistura \u00fanica de opul\u00eancia, conforto e beleza natural, tornando-o um destino ideal para viajantes que buscam uma escapada luxuosa. Quer voc\u00ea esteja procurando aventura, relaxamento ou uma mistura dos dois, esses dez resorts de luxo no Atol de Addu prometem uma experi\u00eancia inesquec\u00edvel em um dos locais mais bonitos do mundo.<\/p>\n\n\t\t<\/div>\n\t<\/div>\n<\/div><\/div><\/div><\/div>\n<\/div>","protected":false},"excerpt":{"rendered":"<div class=\"mh-excerpt\"><\/div>","protected":false},"author":1,"featured_media":16862,"parent":0,"menu_order":0,"comment_status":"closed","ping_status":"closed","template":"","meta":{"footnotes":""},"class_list":["post-16861","page","type-page","status-publish","has-post-thumbnail"],"aioseo_notices":[],"_links":{"self":[{"href":"http:\/\/maldives-paradise.com\/pt\/wp-json\/wp\/v2\/pages\/16861","targetHints":{"allow":["GET"]}}],"collection":[{"href":"http:\/\/maldives-paradise.com\/pt\/wp-json\/wp\/v2\/pages"}],"about":[{"href":"http:\/\/maldives-paradise.com\/pt\/wp-json\/wp\/v2\/types\/page"}],"author":[{"embeddable":true,"href":"http:\/\/maldives-paradise.com\/pt\/wp-json\/wp\/v2\/users\/1"}],"replies":[{"embeddable":true,"href":"http:\/\/maldives-paradise.com\/pt\/wp-json\/wp\/v2\/comments?post=16861"}],"version-history":[{"count":2,"href":"http:\/\/maldives-paradise.com\/pt\/wp-json\/wp\/v2\/pages\/16861\/revisions"}],"predecessor-version":[{"id":16869,"href":"http:\/\/maldives-paradise.com\/pt\/wp-json\/wp\/v2\/pages\/16861\/revisions\/16869"}],"wp:featuredmedia":[{"embeddable":true,"href":"http:\/\/maldives-paradise.com\/pt\/wp-json\/wp\/v2\/media\/16862"}],"wp:attachment":[{"href":"http:\/\/maldives-paradise.com\/pt\/wp-json\/wp\/v2\/media?parent=16861"}],"curies":[{"name":"wp","href":"https:\/\/api.w.org\/{rel}","templated":true}]}}