{"id":16805,"date":"2024-06-05T18:15:48","date_gmt":"2024-06-05T18:15:48","guid":{"rendered":"http:\/\/maldives-paradise.com\/?page_id=16805"},"modified":"2025-10-08T13:15:38","modified_gmt":"2025-10-08T13:15:38","slug":"melhores-resorts-de-luxo-no-atol-de-male-do-norte","status":"publish","type":"page","link":"http:\/\/maldives-paradise.com\/pt\/melhores-resorts-de-luxo-no-atol-de-male-do-norte\/","title":{"rendered":"Melhores resorts de luxo no Atol de Mal\u00e9 do Norte"},"content":{"rendered":"<div class=\"wpb-content-wrapper\"><div class=\"vc_row wpb_row vc_row-fluid\"><div class=\"wpb_column vc_column_container vc_col-sm-12\"><div class=\"vc_column-inner\"><div class=\"wpb_wrapper\">\n\t<div class=\"wpb_text_column wpb_content_element\" >\n\t\t<div class=\"wpb_wrapper\">\n\t\t\t<p>As Maldivas, um para\u00edso tropical famoso por suas \u00e1guas cristalinas, recifes de corais vibrantes e bangal\u00f4s deslumbrantes sobre a \u00e1gua, abrigam alguns dos resorts mais luxuosos do mundo. Entre seus 26 at\u00f3is, <strong>Atol de Mal\u00e9 do Norte<\/strong> destaca-se como um destino de primeira linha para aqueles que buscam opul\u00eancia e tranquilidade. Aqui, exploramos os melhores resorts de luxo neste local id\u00edlico, cada um oferecendo experi\u00eancias \u00fanicas e comodidades inigual\u00e1veis.<\/p>\n\n\t\t<\/div>\n\t<\/div>\n<\/div><\/div><\/div><\/div><div class=\"vc_row wpb_row vc_row-fluid\"><div class=\"wpb_column vc_column_container vc_col-sm-12\"><div class=\"vc_column-inner\"><div class=\"wpb_wrapper\">\n\t<div  class=\"wpb_single_image wpb_content_element vc_align_left wpb_content_element\">\n\t\t<h2 class=\"wpb_heading wpb_singleimage_heading\">One&amp;Only Reethi Rah<\/h2>\n\t\t<figure class=\"wpb_wrapper vc_figure\">\n\t\t\t<div class=\"vc_single_image-wrapper   vc_box_border_grey\"><img loading=\"lazy\" decoding=\"async\" width=\"780\" height=\"438\" src=\"https:\/\/maldives-paradise.com\/wp-content\/uploads\/2024\/06\/oneandonly.jpg\" class=\"vc_single_image-img attachment-large\" alt=\"\" title=\"primeira e \u00fanica\" srcset=\"https:\/\/maldives-paradise.com\/wp-content\/uploads\/2024\/06\/oneandonly.jpg 780w, https:\/\/maldives-paradise.com\/wp-content\/uploads\/2024\/06\/oneandonly-300x168.jpg 300w, https:\/\/maldives-paradise.com\/wp-content\/uploads\/2024\/06\/oneandonly-768x431.jpg 768w, https:\/\/maldives-paradise.com\/wp-content\/uploads\/2024\/06\/oneandonly-18x10.jpg 18w, https:\/\/maldives-paradise.com\/wp-content\/uploads\/2024\/06\/oneandonly-678x381.jpg 678w, https:\/\/maldives-paradise.com\/wp-content\/uploads\/2024\/06\/oneandonly-500x281.jpg 500w\" sizes=\"auto, (max-width: 780px) 100vw, 780px\" \/><\/div>\n\t\t<\/figure>\n\t<\/div>\n<\/div><\/div><\/div><\/div><div class=\"vc_row wpb_row vc_row-fluid\"><div class=\"wpb_column vc_column_container vc_col-sm-12\"><div class=\"vc_column-inner\"><div class=\"wpb_wrapper\">\n\t<div class=\"wpb_text_column wpb_content_element\" >\n\t\t<div class=\"wpb_wrapper\">\n\t\t\t<h4><a href=\"http:\/\/maldives-paradise.com\/pt\/oneonly-reethi-rah-maldivas\/\">One&amp;Only Reethi Rah<\/a><\/h4>\n<p>O One&amp;Only Reethi Rah \u00e9 o ep\u00edtome do luxo, oferecendo 122 vilas privadas em uma ilha extensa. Este resort \u00e9 celebrado por suas grandes vilas, algumas das quais ostentam piscinas privadas e acesso direto \u00e0 praia. Os seis restaurantes do resort, incluindo o aclamado Tapasake, oferecem uma experi\u00eancia culin\u00e1ria diversificada. Al\u00e9m disso, as ofertas de bem-estar do Reethi Rah incluem tratamentos de spa personalizados e sess\u00f5es de ioga com vista para o oceano.<\/p>\n\n\t\t<\/div>\n\t<\/div>\n<\/div><\/div><\/div><\/div><div class=\"vc_row wpb_row vc_row-fluid\"><div class=\"wpb_column vc_column_container vc_col-sm-12\"><div class=\"vc_column-inner\"><div class=\"wpb_wrapper\">\n\t<div  class=\"wpb_single_image wpb_content_element vc_align_left wpb_content_element\">\n\t\t<h2 class=\"wpb_heading wpb_singleimage_heading\">Gili Lankanfushi<\/h2>\n\t\t<figure class=\"wpb_wrapper vc_figure\">\n\t\t\t<div class=\"vc_single_image-wrapper   vc_box_border_grey\"><img loading=\"lazy\" decoding=\"async\" width=\"780\" height=\"584\" src=\"https:\/\/maldives-paradise.com\/wp-content\/uploads\/2024\/06\/gili-lankanfushi3.jpg\" class=\"vc_single_image-img attachment-large\" alt=\"Gili Lankanfushi\" title=\"Gili-lankanfushi3\" srcset=\"https:\/\/maldives-paradise.com\/wp-content\/uploads\/2024\/06\/gili-lankanfushi3.jpg 780w, https:\/\/maldives-paradise.com\/wp-content\/uploads\/2024\/06\/gili-lankanfushi3-300x225.jpg 300w, https:\/\/maldives-paradise.com\/wp-content\/uploads\/2024\/06\/gili-lankanfushi3-768x575.jpg 768w, https:\/\/maldives-paradise.com\/wp-content\/uploads\/2024\/06\/gili-lankanfushi3-16x12.jpg 16w, https:\/\/maldives-paradise.com\/wp-content\/uploads\/2024\/06\/gili-lankanfushi3-678x509.jpg 678w, https:\/\/maldives-paradise.com\/wp-content\/uploads\/2024\/06\/gili-lankanfushi3-326x245.jpg 326w, https:\/\/maldives-paradise.com\/wp-content\/uploads\/2024\/06\/gili-lankanfushi3-80x60.jpg 80w, https:\/\/maldives-paradise.com\/wp-content\/uploads\/2024\/06\/gili-lankanfushi3-500x374.jpg 500w\" sizes=\"auto, (max-width: 780px) 100vw, 780px\" \/><\/div>\n\t\t<\/figure>\n\t<\/div>\n<\/div><\/div><\/div><\/div><div class=\"vc_row wpb_row vc_row-fluid\"><div class=\"wpb_column vc_column_container vc_col-sm-12\"><div class=\"vc_column-inner\"><div class=\"wpb_wrapper\">\n\t<div class=\"wpb_text_column wpb_content_element\" >\n\t\t<div class=\"wpb_wrapper\">\n\t\t\t<h4><a href=\"http:\/\/maldives-paradise.com\/pt\/gili-lanka-fushi-maldivas\/\">Gili Lankanfushi<\/a><\/h4>\n<p>Famoso por sua abordagem ecol\u00f3gica e design r\u00fastico-luxuoso, Gili Lankanfushi \u00e9 um resort de vilas com uma sensa\u00e7\u00e3o \u00edntima. O Crusoe Residences e o Private Reserve oferecem o melhor da vida sobre a \u00e1gua, com acesso direto \u00e0 lagoa. O resort enfatiza a sustentabilidade, usando materiais de origem local e oferecendo op\u00e7\u00f5es de refei\u00e7\u00f5es org\u00e2nicas. Seu Meera Spa \u00e9 um destaque, oferecendo tratamentos hol\u00edsticos em ambientes serenos no North Male Atoll.<\/p>\n\n\t\t<\/div>\n\t<\/div>\n<\/div><\/div><\/div><\/div><div class=\"vc_row wpb_row vc_row-fluid\"><div class=\"wpb_column vc_column_container vc_col-sm-12\"><div class=\"vc_column-inner\"><div class=\"wpb_wrapper\">\n\t<div  class=\"wpb_single_image wpb_content_element vc_align_left wpb_content_element\">\n\t\t<h2 class=\"wpb_heading wpb_singleimage_heading\">Coco Bodu Hithi<\/h2>\n\t\t<figure class=\"wpb_wrapper vc_figure\">\n\t\t\t<div class=\"vc_single_image-wrapper   vc_box_border_grey\"><img loading=\"lazy\" decoding=\"async\" width=\"780\" height=\"393\" src=\"https:\/\/maldives-paradise.com\/wp-content\/uploads\/2024\/06\/coco-bodu-hithi-maldives-resort.jpg\" class=\"vc_single_image-img attachment-large\" alt=\"Coco Bodu Hithi\" title=\"coco-bodu-hithi-maldives-resort\" srcset=\"https:\/\/maldives-paradise.com\/wp-content\/uploads\/2024\/06\/coco-bodu-hithi-maldives-resort.jpg 780w, https:\/\/maldives-paradise.com\/wp-content\/uploads\/2024\/06\/coco-bodu-hithi-maldives-resort-300x151.jpg 300w, https:\/\/maldives-paradise.com\/wp-content\/uploads\/2024\/06\/coco-bodu-hithi-maldives-resort-768x387.jpg 768w, https:\/\/maldives-paradise.com\/wp-content\/uploads\/2024\/06\/coco-bodu-hithi-maldives-resort-18x9.jpg 18w, https:\/\/maldives-paradise.com\/wp-content\/uploads\/2024\/06\/coco-bodu-hithi-maldives-resort-500x252.jpg 500w\" sizes=\"auto, (max-width: 780px) 100vw, 780px\" \/><\/div>\n\t\t<\/figure>\n\t<\/div>\n<\/div><\/div><\/div><\/div><div class=\"vc_row wpb_row vc_row-fluid\"><div class=\"wpb_column vc_column_container vc_col-sm-12\"><div class=\"vc_column-inner\"><div class=\"wpb_wrapper\">\n\t<div class=\"wpb_text_column wpb_content_element\" >\n\t\t<div class=\"wpb_wrapper\">\n\t\t\t<h4><a href=\"http:\/\/maldives-paradise.com\/pt\/coco-bodu-hithi\/\">Coco Bodu Hithi<\/a><\/h4>\n<p>O Coco Bodu Hithi combina luxo contempor\u00e2neo com toques tradicionais das Maldivas. O resort possui 100 vilas, incluindo as Island Villas, que v\u00eam com piscinas e jardins privativos. As v\u00e1rias op\u00e7\u00f5es de refei\u00e7\u00f5es do resort, como o restaurante Aqua sobre a \u00e1gua, oferecem culin\u00e1ria global com um toque local. O Coco Spa oferece tratamentos personalizados, misturando pr\u00e1ticas antigas com t\u00e9cnicas modernas de bem-estar.<\/p>\n\n\t\t<\/div>\n\t<\/div>\n<\/div><\/div><\/div><\/div><div class=\"vc_row wpb_row vc_row-fluid\"><div class=\"wpb_column vc_column_container vc_col-sm-12\"><div class=\"vc_column-inner\"><div class=\"wpb_wrapper\">\n\t<div  class=\"wpb_single_image wpb_content_element vc_align_left wpb_content_element\">\n\t\t<h2 class=\"wpb_heading wpb_singleimage_heading\">Baros Maldivas<\/h2>\n\t\t<figure class=\"wpb_wrapper vc_figure\">\n\t\t\t<div class=\"vc_single_image-wrapper   vc_box_border_grey\"><img loading=\"lazy\" decoding=\"async\" width=\"1000\" height=\"575\" src=\"https:\/\/maldives-paradise.com\/wp-content\/uploads\/2024\/06\/Baros-Maldives3.jpg\" class=\"vc_single_image-img attachment-large\" alt=\"Baros Maldivas\" title=\"Baros-Maldivas3\" srcset=\"https:\/\/maldives-paradise.com\/wp-content\/uploads\/2024\/06\/Baros-Maldives3.jpg 1000w, https:\/\/maldives-paradise.com\/wp-content\/uploads\/2024\/06\/Baros-Maldives3-300x173.jpg 300w, https:\/\/maldives-paradise.com\/wp-content\/uploads\/2024\/06\/Baros-Maldives3-768x442.jpg 768w, https:\/\/maldives-paradise.com\/wp-content\/uploads\/2024\/06\/Baros-Maldives3-18x10.jpg 18w, https:\/\/maldives-paradise.com\/wp-content\/uploads\/2024\/06\/Baros-Maldives3-500x288.jpg 500w, https:\/\/maldives-paradise.com\/wp-content\/uploads\/2024\/06\/Baros-Maldives3-800x460.jpg 800w\" sizes=\"auto, (max-width: 1000px) 100vw, 1000px\" \/><\/div>\n\t\t<\/figure>\n\t<\/div>\n<\/div><\/div><\/div><\/div><div class=\"vc_row wpb_row vc_row-fluid\"><div class=\"wpb_column vc_column_container vc_col-sm-12\"><div class=\"vc_column-inner\"><div class=\"wpb_wrapper\">\n\t<div class=\"wpb_text_column wpb_content_element\" >\n\t\t<div class=\"wpb_wrapper\">\n\t\t\t<h4><a href=\"http:\/\/maldives-paradise.com\/pt\/baros-maldivas\/\">Baros Maldivas<\/a><\/h4>\n<p>O Baros Maldives \u00e9 famoso por seu servi\u00e7o impec\u00e1vel e ambiente rom\u00e2ntico, o que o torna um favorito para casais em lua de mel. As 75 vilas do resort, incluindo as ic\u00f4nicas Water Villas, oferecem privacidade e luxo. O Baros tamb\u00e9m \u00e9 um centro de mergulho cinco estrelas PADI, perfeito para entusiastas subaqu\u00e1ticos. O Lighthouse Restaurant, com sua gastronomia requintada e vistas panor\u00e2micas, \u00e9 um marco culin\u00e1rio no North Male Atoll.<\/p>\n\n\t\t<\/div>\n\t<\/div>\n<\/div><\/div><\/div><\/div><div class=\"vc_row wpb_row vc_row-fluid\"><div class=\"wpb_column vc_column_container vc_col-sm-12\"><div class=\"vc_column-inner\"><div class=\"wpb_wrapper\">\n\t<div  class=\"wpb_single_image wpb_content_element vc_align_left wpb_content_element\">\n\t\t<h2 class=\"wpb_heading wpb_singleimage_heading\">Huvafen Fushi<\/h2>\n\t\t<figure class=\"wpb_wrapper vc_figure\">\n\t\t\t<div class=\"vc_single_image-wrapper   vc_box_border_grey\"><img loading=\"lazy\" decoding=\"async\" width=\"780\" height=\"313\" src=\"https:\/\/maldives-paradise.com\/wp-content\/uploads\/2024\/06\/Huvafen_Fushi_Ocean_Bungalow_with_Pool.jpg\" class=\"vc_single_image-img attachment-large\" alt=\"Huvafen Fushi\" title=\"Huvafen_Fushi_Ocean_Bungalow_com_Piscina\" srcset=\"https:\/\/maldives-paradise.com\/wp-content\/uploads\/2024\/06\/Huvafen_Fushi_Ocean_Bungalow_with_Pool.jpg 780w, https:\/\/maldives-paradise.com\/wp-content\/uploads\/2024\/06\/Huvafen_Fushi_Ocean_Bungalow_with_Pool-300x120.jpg 300w, https:\/\/maldives-paradise.com\/wp-content\/uploads\/2024\/06\/Huvafen_Fushi_Ocean_Bungalow_with_Pool-768x308.jpg 768w, https:\/\/maldives-paradise.com\/wp-content\/uploads\/2024\/06\/Huvafen_Fushi_Ocean_Bungalow_with_Pool-18x7.jpg 18w, https:\/\/maldives-paradise.com\/wp-content\/uploads\/2024\/06\/Huvafen_Fushi_Ocean_Bungalow_with_Pool-500x201.jpg 500w\" sizes=\"auto, (max-width: 780px) 100vw, 780px\" \/><\/div>\n\t\t<\/figure>\n\t<\/div>\n<\/div><\/div><\/div><\/div><div class=\"vc_row wpb_row vc_row-fluid\"><div class=\"wpb_column vc_column_container vc_col-sm-12\"><div class=\"vc_column-inner\"><div class=\"wpb_wrapper\">\n\t<div class=\"wpb_text_column wpb_content_element\" >\n\t\t<div class=\"wpb_wrapper\">\n\t\t\t<h4><a href=\"http:\/\/maldives-paradise.com\/pt\/fushi-de-huvafen\/\">Huvafen Fushi<\/a><\/h4>\n<p>O Huvafen Fushi \u00e9 conhecido por seus conceitos inovadores, como o primeiro spa subaqu\u00e1tico do mundo. Os 44 bangal\u00f4s e pavilh\u00f5es do resort s\u00e3o projetados para oferecer a m\u00e1xima privacidade. Jantar no Huvafen Fushi \u00e9 uma aventura gastron\u00f4mica, com op\u00e7\u00f5es como Celsius, Raw e Salt, proporcionando diversas experi\u00eancias culin\u00e1rias. Os tratamentos de spa subaqu\u00e1ticos s\u00e3o uma indulg\u00eancia extraordin\u00e1ria, oferecendo uma maneira \u00fanica de relaxar.<\/p>\n\n\t\t<\/div>\n\t<\/div>\n<\/div><\/div><\/div><\/div><div class=\"vc_row wpb_row vc_row-fluid\"><div class=\"wpb_column vc_column_container vc_col-sm-12\"><div class=\"vc_column-inner\"><div class=\"wpb_wrapper\">\n\t<div  class=\"wpb_single_image wpb_content_element vc_align_left wpb_content_element\">\n\t\t<h2 class=\"wpb_heading wpb_singleimage_heading\">Four Seasons Resort Maldivas em Kuda Huraa<\/h2>\n\t\t<figure class=\"wpb_wrapper vc_figure\">\n\t\t\t<div class=\"vc_single_image-wrapper   vc_box_border_grey\"><img loading=\"lazy\" decoding=\"async\" width=\"780\" height=\"437\" src=\"https:\/\/maldives-paradise.com\/wp-content\/uploads\/2024\/06\/four-seasons-kudas-huraa3.pg_.jpg\" class=\"vc_single_image-img attachment-large\" alt=\"Four Seasons Resort Maldivas em Kuda Huraa\" title=\"quatro-esta\u00e7\u00f5es-kudas-huraa3.pg\" srcset=\"https:\/\/maldives-paradise.com\/wp-content\/uploads\/2024\/06\/four-seasons-kudas-huraa3.pg_.jpg 780w, https:\/\/maldives-paradise.com\/wp-content\/uploads\/2024\/06\/four-seasons-kudas-huraa3.pg_-300x168.jpg 300w, https:\/\/maldives-paradise.com\/wp-content\/uploads\/2024\/06\/four-seasons-kudas-huraa3.pg_-768x430.jpg 768w, https:\/\/maldives-paradise.com\/wp-content\/uploads\/2024\/06\/four-seasons-kudas-huraa3.pg_-18x10.jpg 18w, https:\/\/maldives-paradise.com\/wp-content\/uploads\/2024\/06\/four-seasons-kudas-huraa3.pg_-678x381.jpg 678w, https:\/\/maldives-paradise.com\/wp-content\/uploads\/2024\/06\/four-seasons-kudas-huraa3.pg_-500x280.jpg 500w\" sizes=\"auto, (max-width: 780px) 100vw, 780px\" \/><\/div>\n\t\t<\/figure>\n\t<\/div>\n<\/div><\/div><\/div><\/div><div class=\"vc_row wpb_row vc_row-fluid\"><div class=\"wpb_column vc_column_container vc_col-sm-12\"><div class=\"vc_column-inner\"><div class=\"wpb_wrapper\">\n\t<div class=\"wpb_text_column wpb_content_element\" >\n\t\t<div class=\"wpb_wrapper\">\n\t\t\t<h4><a href=\"http:\/\/maldives-paradise.com\/pt\/quatro-temporadas-maldivas-kuda-huraa\/\">Four Seasons Maldivas em Kuda Huraa<\/a><\/h4>\n<p>O Four Seasons Resort Maldives at Kuda Huraa combina o charme tradicional das Maldivas com o luxo moderno. As 96 acomoda\u00e7\u00f5es do resort incluem bangal\u00f4s de praia e vilas aqu\u00e1ticas. O Island Spa oferece tratamentos inspirados no oceano e nas tradi\u00e7\u00f5es locais. Jantar no Baraabaru e no Reef Club oferece experi\u00eancias culin\u00e1rias requintadas.<\/p>\n\n\t\t<\/div>\n\t<\/div>\n<\/div><\/div><\/div><\/div><div class=\"vc_row wpb_row vc_row-fluid\"><div class=\"wpb_column vc_column_container vc_col-sm-12\"><div class=\"vc_column-inner\"><div class=\"wpb_wrapper\">\n\t<div  class=\"wpb_single_image wpb_content_element vc_align_left wpb_content_element\">\n\t\t<h2 class=\"wpb_heading wpb_singleimage_heading\">O Ritz-Carlton Maldivas Ilha Fari<\/h2>\n\t\t<figure class=\"wpb_wrapper vc_figure\">\n\t\t\t<div class=\"vc_single_image-wrapper   vc_box_border_grey\"><img loading=\"lazy\" decoding=\"async\" width=\"780\" height=\"520\" src=\"https:\/\/maldives-paradise.com\/wp-content\/uploads\/2024\/06\/ritz-carlton-mlera-lagoon-pool-villa-3.jpg\" class=\"vc_single_image-img attachment-large\" alt=\"O Ritz-Carlton Maldivas Ilha Fari\" title=\"ritz-carlton-mlera-lagoa-piscina-villa-3\" srcset=\"https:\/\/maldives-paradise.com\/wp-content\/uploads\/2024\/06\/ritz-carlton-mlera-lagoon-pool-villa-3.jpg 780w, https:\/\/maldives-paradise.com\/wp-content\/uploads\/2024\/06\/ritz-carlton-mlera-lagoon-pool-villa-3-300x200.jpg 300w, https:\/\/maldives-paradise.com\/wp-content\/uploads\/2024\/06\/ritz-carlton-mlera-lagoon-pool-villa-3-768x512.jpg 768w, https:\/\/maldives-paradise.com\/wp-content\/uploads\/2024\/06\/ritz-carlton-mlera-lagoon-pool-villa-3-18x12.jpg 18w, https:\/\/maldives-paradise.com\/wp-content\/uploads\/2024\/06\/ritz-carlton-mlera-lagoon-pool-villa-3-500x333.jpg 500w\" sizes=\"auto, (max-width: 780px) 100vw, 780px\" \/><\/div>\n\t\t<\/figure>\n\t<\/div>\n<\/div><\/div><\/div><\/div><div class=\"vc_row wpb_row vc_row-fluid\"><div class=\"wpb_column vc_column_container vc_col-sm-12\"><div class=\"vc_column-inner\"><div class=\"wpb_wrapper\">\n\t<div class=\"wpb_text_column wpb_content_element\" >\n\t\t<div class=\"wpb_wrapper\">\n\t\t\t<h4><a href=\"http:\/\/maldives-paradise.com\/pt\/o-ritz-carlton-maldivas\/\">O Ritz-Carlton Maldivas Ilha Fari<\/a><\/h4>\n<p>O Ritz-Carlton Estate, aninhado em uma enseada de praia isolada, oferece luxo e tranquilidade. Cada vila inclui uma piscina infinita privativa para os h\u00f3spedes aproveitarem um mergulho refrescante com vista. Al\u00e9m disso, cada vila possui um espa\u00e7oso deck, ideal para banhos de sol relaxantes ou observa\u00e7\u00e3o de estrelas. Para garantir uma experi\u00eancia luxuosa e perfeita, a aten\u00e7\u00e3o dedicada de um Aris Meeha, ou mordomo da ilha, est\u00e1 dispon\u00edvel para atender a todas as suas necessidades neste resort de luxo nas Maldivas.<\/p>\n\n\t\t<\/div>\n\t<\/div>\n<\/div><\/div><\/div><\/div><div class=\"vc_row wpb_row vc_row-fluid\"><div class=\"wpb_column vc_column_container vc_col-sm-12\"><div class=\"vc_column-inner\"><div class=\"wpb_wrapper\">\n\t<div  class=\"wpb_single_image wpb_content_element vc_align_left wpb_content_element\">\n\t\t<h2 class=\"wpb_heading wpb_singleimage_heading\">VARU por Atmosfera<\/h2>\n\t\t<figure class=\"wpb_wrapper vc_figure\">\n\t\t\t<div class=\"vc_single_image-wrapper   vc_box_border_grey\"><img loading=\"lazy\" decoding=\"async\" width=\"780\" height=\"503\" src=\"https:\/\/maldives-paradise.com\/wp-content\/uploads\/2024\/06\/varu-by-atmosphere-3.jpg\" class=\"vc_single_image-img attachment-large\" alt=\"VARU por Atmosfera\" title=\"varu-por-atmosfera-3\" srcset=\"https:\/\/maldives-paradise.com\/wp-content\/uploads\/2024\/06\/varu-by-atmosphere-3.jpg 780w, https:\/\/maldives-paradise.com\/wp-content\/uploads\/2024\/06\/varu-by-atmosphere-3-300x193.jpg 300w, https:\/\/maldives-paradise.com\/wp-content\/uploads\/2024\/06\/varu-by-atmosphere-3-768x495.jpg 768w, https:\/\/maldives-paradise.com\/wp-content\/uploads\/2024\/06\/varu-by-atmosphere-3-18x12.jpg 18w, https:\/\/maldives-paradise.com\/wp-content\/uploads\/2024\/06\/varu-by-atmosphere-3-500x322.jpg 500w\" sizes=\"auto, (max-width: 780px) 100vw, 780px\" \/><\/div>\n\t\t<\/figure>\n\t<\/div>\n<\/div><\/div><\/div><\/div><div class=\"vc_row wpb_row vc_row-fluid\"><div class=\"wpb_column vc_column_container vc_col-sm-12\"><div class=\"vc_column-inner\"><div class=\"wpb_wrapper\">\n\t<div class=\"wpb_text_column wpb_content_element\" >\n\t\t<div class=\"wpb_wrapper\">\n\t\t\t<h4><a href=\"https:\/\/trip.tpo.lv\/XTX8WSQn\" target=\"_blank\" rel=\"nofollow noopener\">VARU por Atmosfera<\/a><\/h4>\n<p>Localizado no Atol de Mal\u00e9 Norte, nas Maldivas, o resort 5 estrelas oferece uma experi\u00eancia verdadeiramente maldiva ao incorporar aspectos de tradi\u00e7\u00f5es e culturas locais, design estrutural \u2013 fundidos com explos\u00f5es de vibra\u00e7\u00f5es tropicais chiques. O VARU est\u00e1 posicionado como uma experi\u00eancia de resort contempor\u00e2nea e &quot;naturalmente maldiva&quot; com 108 vilas espalhadas pelas praias de areia branca e se expandindo sobre as lagoas azul-turquesa.<\/p>\n\n\t\t<\/div>\n\t<\/div>\n<\/div><\/div><\/div><\/div><div class=\"vc_row wpb_row vc_row-fluid\"><div class=\"wpb_column vc_column_container vc_col-sm-12\"><div class=\"vc_column-inner\"><div class=\"wpb_wrapper\">\n\t<div  class=\"wpb_single_image wpb_content_element vc_align_left wpb_content_element\">\n\t\t<h2 class=\"wpb_heading wpb_singleimage_heading\">Kuda Villingili Maldivas<\/h2>\n\t\t<figure class=\"wpb_wrapper vc_figure\">\n\t\t\t<div class=\"vc_single_image-wrapper   vc_box_border_grey\"><img loading=\"lazy\" decoding=\"async\" width=\"780\" height=\"437\" src=\"https:\/\/maldives-paradise.com\/wp-content\/uploads\/2024\/06\/kuda-villingili.jpg\" class=\"vc_single_image-img attachment-large\" alt=\"Kuda Villingili Maldivas\" title=\"kuda-villingili\" srcset=\"https:\/\/maldives-paradise.com\/wp-content\/uploads\/2024\/06\/kuda-villingili.jpg 780w, https:\/\/maldives-paradise.com\/wp-content\/uploads\/2024\/06\/kuda-villingili-300x168.jpg 300w, https:\/\/maldives-paradise.com\/wp-content\/uploads\/2024\/06\/kuda-villingili-768x430.jpg 768w, https:\/\/maldives-paradise.com\/wp-content\/uploads\/2024\/06\/kuda-villingili-18x10.jpg 18w, https:\/\/maldives-paradise.com\/wp-content\/uploads\/2024\/06\/kuda-villingili-678x381.jpg 678w, https:\/\/maldives-paradise.com\/wp-content\/uploads\/2024\/06\/kuda-villingili-500x280.jpg 500w\" sizes=\"auto, (max-width: 780px) 100vw, 780px\" \/><\/div>\n\t\t<\/figure>\n\t<\/div>\n<\/div><\/div><\/div><\/div><div class=\"vc_row wpb_row vc_row-fluid\"><div class=\"wpb_column vc_column_container vc_col-sm-12\"><div class=\"vc_column-inner\"><div class=\"wpb_wrapper\">\n\t<div class=\"wpb_text_column wpb_content_element\" >\n\t\t<div class=\"wpb_wrapper\">\n\t\t\t<h4><a href=\"http:\/\/maldives-paradise.com\/pt\/kuda-villingii-maldivas\/\">Kuda Villingili Maldivas<\/a><\/h4>\n<p>O Kuda Villingili Resort Maldives promete um ref\u00fagio id\u00edlico em uma ilha tropical localizada em um dos principais pontos de surfe do mundo, chamado Chickens, no Atol de North Male. Perfeito para casais em lua de mel, fam\u00edlias e amantes do sol, \u00e9 o cen\u00e1rio ideal para criar mem\u00f3rias preciosas em um lugar onde o tempo parece parar. As espa\u00e7osas vilas e su\u00edtes de plano aberto oferecem vista de 180 graus do vasto Oceano \u00cdndico, posicionadas tanto no lado do nascer quanto do p\u00f4r do sol da ilha. O resort desenvolveu seu conceito de alimentos e bebidas para oferecer aos h\u00f3spedes uma jornada gourmet \u00fanica.<\/p>\n\n\t\t<\/div>\n\t<\/div>\n<\/div><\/div><\/div><\/div><div class=\"vc_row wpb_row vc_row-fluid\"><div class=\"wpb_column vc_column_container vc_col-sm-12\"><div class=\"vc_column-inner\"><div class=\"wpb_wrapper\">\n\t<div  class=\"wpb_single_image wpb_content_element vc_align_left wpb_content_element\">\n\t\t<h2 class=\"wpb_heading wpb_singleimage_heading\">Hilton Maldivas Amingiri Resort &amp; Spa<\/h2>\n\t\t<figure class=\"wpb_wrapper vc_figure\">\n\t\t\t<div class=\"vc_single_image-wrapper   vc_box_border_grey\"><img loading=\"lazy\" decoding=\"async\" width=\"780\" height=\"520\" src=\"https:\/\/maldives-paradise.com\/wp-content\/uploads\/2024\/06\/hilton-maldives-3.jpg\" class=\"vc_single_image-img attachment-large\" alt=\"Hilton Maldivas Amingiri Resort &amp; Spa\" title=\"hilton-maldivas-3\" srcset=\"https:\/\/maldives-paradise.com\/wp-content\/uploads\/2024\/06\/hilton-maldives-3.jpg 780w, https:\/\/maldives-paradise.com\/wp-content\/uploads\/2024\/06\/hilton-maldives-3-300x200.jpg 300w, https:\/\/maldives-paradise.com\/wp-content\/uploads\/2024\/06\/hilton-maldives-3-768x512.jpg 768w, https:\/\/maldives-paradise.com\/wp-content\/uploads\/2024\/06\/hilton-maldives-3-18x12.jpg 18w, https:\/\/maldives-paradise.com\/wp-content\/uploads\/2024\/06\/hilton-maldives-3-500x333.jpg 500w\" sizes=\"auto, (max-width: 780px) 100vw, 780px\" \/><\/div>\n\t\t<\/figure>\n\t<\/div>\n<\/div><\/div><\/div><\/div><div class=\"vc_row wpb_row vc_row-fluid\"><div class=\"wpb_column vc_column_container vc_col-sm-12\"><div class=\"vc_column-inner\"><div class=\"wpb_wrapper\">\n\t<div class=\"wpb_text_column wpb_content_element\" >\n\t\t<div class=\"wpb_wrapper\">\n\t\t\t<h4><a href=\"http:\/\/maldives-paradise.com\/pt\/hilton-maldivas-amingiri-resort-spa\/\">Hilton Maldivas Amingiri Resort &amp; Spa<\/a><\/h4>\n<p>Cercado por areia branca imaculada e \u00e1guas azul-turquesa, nosso resort de classe mundial oferece uma experi\u00eancia inesquec\u00edvel para toda a fam\u00edlia. Aproveite nossas comodidades para fam\u00edlias, o Amingiri Spa e as extensas op\u00e7\u00f5es de refei\u00e7\u00f5es durante sua estadia. Mergulhe no oceano direto da sua villa sobre a \u00e1gua. Cada villa isolada possui uma piscina privativa e vistas ininterruptas do oceano.<\/p>\n<p>Concluindo, o North Male Atoll abriga alguns dos resorts mais luxuosos do mundo, cada um oferecendo experi\u00eancias \u00fanicas que misturam beleza natural com conforto e servi\u00e7o inigual\u00e1veis. Seja buscando aventura, relaxamento ou romance, esses resorts oferecem o cen\u00e1rio perfeito para f\u00e9rias dos sonhos nas Maldivas.<\/p>\n<h4><a href=\"http:\/\/maldives-paradise.com\/pt\/melhores-resorts-de-luxo-no-atol-de-male-do-sul\/\">Melhores resorts de luxo no Atol de Mal\u00e9 do Sul<\/a><\/h4>\n\n\t\t<\/div>\n\t<\/div>\n<\/div><\/div><\/div><\/div>\n<\/div>","protected":false},"excerpt":{"rendered":"<div class=\"mh-excerpt\"><\/div>","protected":false},"author":1,"featured_media":16806,"parent":0,"menu_order":0,"comment_status":"closed","ping_status":"closed","template":"","meta":{"footnotes":""},"class_list":["post-16805","page","type-page","status-publish","has-post-thumbnail"],"aioseo_notices":[],"_links":{"self":[{"href":"http:\/\/maldives-paradise.com\/pt\/wp-json\/wp\/v2\/pages\/16805","targetHints":{"allow":["GET"]}}],"collection":[{"href":"http:\/\/maldives-paradise.com\/pt\/wp-json\/wp\/v2\/pages"}],"about":[{"href":"http:\/\/maldives-paradise.com\/pt\/wp-json\/wp\/v2\/types\/page"}],"author":[{"embeddable":true,"href":"http:\/\/maldives-paradise.com\/pt\/wp-json\/wp\/v2\/users\/1"}],"replies":[{"embeddable":true,"href":"http:\/\/maldives-paradise.com\/pt\/wp-json\/wp\/v2\/comments?post=16805"}],"version-history":[{"count":6,"href":"http:\/\/maldives-paradise.com\/pt\/wp-json\/wp\/v2\/pages\/16805\/revisions"}],"predecessor-version":[{"id":43247,"href":"http:\/\/maldives-paradise.com\/pt\/wp-json\/wp\/v2\/pages\/16805\/revisions\/43247"}],"wp:featuredmedia":[{"embeddable":true,"href":"http:\/\/maldives-paradise.com\/pt\/wp-json\/wp\/v2\/media\/16806"}],"wp:attachment":[{"href":"http:\/\/maldives-paradise.com\/pt\/wp-json\/wp\/v2\/media?parent=16805"}],"curies":[{"name":"wp","href":"https:\/\/api.w.org\/{rel}","templated":true}]}}