{"id":16730,"date":"2024-06-05T13:39:26","date_gmt":"2024-06-05T13:39:26","guid":{"rendered":"http:\/\/maldives-paradise.com\/?page_id=16730"},"modified":"2025-02-22T18:12:03","modified_gmt":"2025-02-22T18:12:03","slug":"melhores-resorts-de-luxo-no-atol-de-male-do-sul","status":"publish","type":"page","link":"http:\/\/maldives-paradise.com\/pt\/melhores-resorts-de-luxo-no-atol-de-male-do-sul\/","title":{"rendered":"Melhores resorts de luxo no Atol de Mal\u00e9 do Sul"},"content":{"rendered":"<div class=\"wpb-content-wrapper\"><div class=\"vc_row wpb_row vc_row-fluid\"><div class=\"wpb_column vc_column_container vc_col-sm-12\"><div class=\"vc_column-inner\"><div class=\"wpb_wrapper\">\n\t<div class=\"wpb_text_column wpb_content_element\" >\n\t\t<div class=\"wpb_wrapper\">\n\t\t\t<p>As Maldivas, um para\u00edso tropical conhecido por seus deslumbrantes bangal\u00f4s sobre a \u00e1gua, praias imaculadas e vida marinha vibrante, \u00e9 um dos principais destinos para viajantes de luxo. <strong>Atol Masculino do Sul<\/strong>, em particular, oferece uma variedade de resorts de alto padr\u00e3o que atendem aqueles que buscam o m\u00e1ximo em relaxamento e indulg\u00eancia. Aqui, exploramos os melhores resorts de luxo no Atol de Mal\u00e9 do Sul, cada um conhecido por suas caracter\u00edsticas \u00fanicas e servi\u00e7o excepcional.<\/p>\n\n\t\t<\/div>\n\t<\/div>\n<\/div><\/div><\/div><\/div><div class=\"vc_row wpb_row vc_row-fluid\"><div class=\"wpb_column vc_column_container vc_col-sm-12\"><div class=\"vc_column-inner\"><div class=\"wpb_wrapper\">\n\t<div  class=\"wpb_single_image wpb_content_element vc_align_left wpb_content_element\">\n\t\t<h2 class=\"wpb_heading wpb_singleimage_heading\">Anantara Veli Maldivas Resort<\/h2>\n\t\t<figure class=\"wpb_wrapper vc_figure\">\n\t\t\t<div class=\"vc_single_image-wrapper   vc_box_border_grey\"><img loading=\"lazy\" decoding=\"async\" width=\"780\" height=\"520\" src=\"https:\/\/maldives-paradise.com\/wp-content\/uploads\/2024\/06\/anatara-veli3.jpg\" class=\"vc_single_image-img attachment-large\" alt=\"Anantara Veli Maldivas Resort\" title=\"anatara-veli3\" srcset=\"https:\/\/maldives-paradise.com\/wp-content\/uploads\/2024\/06\/anatara-veli3.jpg 780w, https:\/\/maldives-paradise.com\/wp-content\/uploads\/2024\/06\/anatara-veli3-300x200.jpg 300w, https:\/\/maldives-paradise.com\/wp-content\/uploads\/2024\/06\/anatara-veli3-768x512.jpg 768w, https:\/\/maldives-paradise.com\/wp-content\/uploads\/2024\/06\/anatara-veli3-18x12.jpg 18w, https:\/\/maldives-paradise.com\/wp-content\/uploads\/2024\/06\/anatara-veli3-500x333.jpg 500w\" sizes=\"auto, (max-width: 780px) 100vw, 780px\" \/><\/div>\n\t\t<\/figure>\n\t<\/div>\n<\/div><\/div><\/div><\/div><div class=\"vc_row wpb_row vc_row-fluid\"><div class=\"wpb_column vc_column_container vc_col-sm-12\"><div class=\"vc_column-inner\"><div class=\"wpb_wrapper\">\n\t<div class=\"wpb_text_column wpb_content_element\" >\n\t\t<div class=\"wpb_wrapper\">\n\t\t\t<h4><a href=\"http:\/\/maldives-paradise.com\/pt\/resort-e-spa-anantara-veli\/\">Anantara Veli Maldivas Resort<\/a><\/h4>\n<p>O Anantara Veli Maldives Resort \u00e9 um santu\u00e1rio somente para adultos que promete tranquilidade e romance. O resort possui 67 bangal\u00f4s sobre a \u00e1gua e no oceano, cada um elegantemente projetado com comodidades modernas e toques tradicionais. Os h\u00f3spedes podem se deliciar com refei\u00e7\u00f5es requintadas no restaurante tailand\u00eas Baan Huraa ou aproveitar a culin\u00e1ria de fus\u00e3o no Origami. O Balance Wellness by Anantara oferece uma variedade de tratamentos e programas de bem-estar, tornando-o um retiro perfeito para casais.<\/p>\n\n\t\t<\/div>\n\t<\/div>\n<\/div><\/div><\/div><\/div><div class=\"vc_row wpb_row vc_row-fluid\"><div class=\"wpb_column vc_column_container vc_col-sm-12\"><div class=\"vc_column-inner\"><div class=\"wpb_wrapper\">\n\t<div  class=\"wpb_single_image wpb_content_element vc_align_left wpb_content_element\">\n\t\t<h2 class=\"wpb_heading wpb_singleimage_heading\">Naladhu Private Island Maldivas<\/h2>\n\t\t<figure class=\"wpb_wrapper vc_figure\">\n\t\t\t<div class=\"vc_single_image-wrapper   vc_box_border_grey\"><img loading=\"lazy\" decoding=\"async\" width=\"780\" height=\"393\" src=\"https:\/\/maldives-paradise.com\/wp-content\/uploads\/2024\/06\/naladhu-private-island-maldives-14.jpg\" class=\"vc_single_image-img attachment-large\" alt=\"Naladhu Private Island Maldivas\" title=\"naladhu-ilha-privada-maldivas-14\" srcset=\"https:\/\/maldives-paradise.com\/wp-content\/uploads\/2024\/06\/naladhu-private-island-maldives-14.jpg 780w, https:\/\/maldives-paradise.com\/wp-content\/uploads\/2024\/06\/naladhu-private-island-maldives-14-300x151.jpg 300w, https:\/\/maldives-paradise.com\/wp-content\/uploads\/2024\/06\/naladhu-private-island-maldives-14-768x387.jpg 768w, https:\/\/maldives-paradise.com\/wp-content\/uploads\/2024\/06\/naladhu-private-island-maldives-14-18x9.jpg 18w, https:\/\/maldives-paradise.com\/wp-content\/uploads\/2024\/06\/naladhu-private-island-maldives-14-500x252.jpg 500w\" sizes=\"auto, (max-width: 780px) 100vw, 780px\" \/><\/div>\n\t\t<\/figure>\n\t<\/div>\n<\/div><\/div><\/div><\/div><div class=\"vc_row wpb_row vc_row-fluid\"><div class=\"wpb_column vc_column_container vc_col-sm-12\"><div class=\"vc_column-inner\"><div class=\"wpb_wrapper\">\n\t<div class=\"wpb_text_column wpb_content_element\" >\n\t\t<div class=\"wpb_wrapper\">\n\t\t\t<h4><a href=\"http:\/\/maldives-paradise.com\/pt\/ilha-privada-de-naladhu\/\">Naladhu Private Island Maldivas<\/a><\/h4>\n<p>O Naladhu Private Island Maldives oferece um ref\u00fagio exclusivo e \u00edntimo com apenas 20 casas, cada uma com piscina privativa e acesso direto \u00e0 praia. O resort se orgulha do servi\u00e7o personalizado, com cada casa tendo um mordomo dedicado. O restaurante Living Room oferece experi\u00eancias gastron\u00f4micas gourmet, enquanto o spa oferece tratamentos personalizados. O isolamento e as comodidades luxuosas da ilha a tornam ideal para uma escapada rom\u00e2ntica no Atol de Mal\u00e9 do Sul.<\/p>\n\n\t\t<\/div>\n\t<\/div>\n<\/div><\/div><\/div><\/div><div class=\"vc_row wpb_row vc_row-fluid\"><div class=\"wpb_column vc_column_container vc_col-sm-12\"><div class=\"vc_column-inner\"><div class=\"wpb_wrapper\">\n\t<div  class=\"wpb_single_image wpb_content_element vc_align_left wpb_content_element\">\n\t\t<h2 class=\"wpb_heading wpb_singleimage_heading\">Velassaru Maldivas<\/h2>\n\t\t<figure class=\"wpb_wrapper vc_figure\">\n\t\t\t<div class=\"vc_single_image-wrapper   vc_box_border_grey\"><img loading=\"lazy\" decoding=\"async\" width=\"780\" height=\"519\" src=\"https:\/\/maldives-paradise.com\/wp-content\/uploads\/2024\/06\/velassaru-maldives_3.jpg\" class=\"vc_single_image-img attachment-large\" alt=\"Velassaru Maldivas\" title=\"velassaru-maldivas_3\" srcset=\"https:\/\/maldives-paradise.com\/wp-content\/uploads\/2024\/06\/velassaru-maldives_3.jpg 780w, https:\/\/maldives-paradise.com\/wp-content\/uploads\/2024\/06\/velassaru-maldives_3-300x200.jpg 300w, https:\/\/maldives-paradise.com\/wp-content\/uploads\/2024\/06\/velassaru-maldives_3-768x511.jpg 768w, https:\/\/maldives-paradise.com\/wp-content\/uploads\/2024\/06\/velassaru-maldives_3-18x12.jpg 18w, https:\/\/maldives-paradise.com\/wp-content\/uploads\/2024\/06\/velassaru-maldives_3-500x333.jpg 500w\" sizes=\"auto, (max-width: 780px) 100vw, 780px\" \/><\/div>\n\t\t<\/figure>\n\t<\/div>\n<\/div><\/div><\/div><\/div><div class=\"vc_row wpb_row vc_row-fluid\"><div class=\"wpb_column vc_column_container vc_col-sm-12\"><div class=\"vc_column-inner\"><div class=\"wpb_wrapper\">\n\t<div class=\"wpb_text_column wpb_content_element\" >\n\t\t<div class=\"wpb_wrapper\">\n\t\t\t<h4><a href=\"http:\/\/maldives-paradise.com\/pt\/velassaru-maldivas\/\">Velassaru Maldivas<\/a><\/h4>\n<p>O Velassaru Maldives combina estilo contempor\u00e2neo com beleza natural, oferecendo 129 vilas e bangal\u00f4s de frente para a praia e sobre a \u00e1gua. Os cinco restaurantes do resort, incluindo Sand e Teppanyaki, oferecem diversas del\u00edcias culin\u00e1rias. O spa sobre a \u00e1gua do Velassaru oferece uma variedade de tratamentos com vistas deslumbrantes do oceano. A piscina infinita e o vibrante recife da casa aumentam o charme do resort, tornando-o um favorito entre os viajantes de luxo.<\/p>\n\n\t\t<\/div>\n\t<\/div>\n<\/div><\/div><\/div><\/div><div class=\"vc_row wpb_row vc_row-fluid\"><div class=\"wpb_column vc_column_container vc_col-sm-12\"><div class=\"vc_column-inner\"><div class=\"wpb_wrapper\">\n\t<div  class=\"wpb_single_image wpb_content_element vc_align_left wpb_content_element\">\n\t\t<h2 class=\"wpb_heading wpb_singleimage_heading\">Adaaran Prest\u00edgio Vadoo<\/h2>\n\t\t<figure class=\"wpb_wrapper vc_figure\">\n\t\t\t<div class=\"vc_single_image-wrapper   vc_box_border_grey\"><img loading=\"lazy\" decoding=\"async\" width=\"780\" height=\"517\" src=\"https:\/\/maldives-paradise.com\/wp-content\/uploads\/2024\/06\/adaaran-prestige-vadoo_3.jpg\" class=\"vc_single_image-img attachment-large\" alt=\"Adaaran Prest\u00edgio Vadoo\" title=\"Adaaran Prest\u00edgio Vadoo\" srcset=\"https:\/\/maldives-paradise.com\/wp-content\/uploads\/2024\/06\/adaaran-prestige-vadoo_3.jpg 780w, https:\/\/maldives-paradise.com\/wp-content\/uploads\/2024\/06\/adaaran-prestige-vadoo_3-300x199.jpg 300w, https:\/\/maldives-paradise.com\/wp-content\/uploads\/2024\/06\/adaaran-prestige-vadoo_3-768x509.jpg 768w, https:\/\/maldives-paradise.com\/wp-content\/uploads\/2024\/06\/adaaran-prestige-vadoo_3-18x12.jpg 18w, https:\/\/maldives-paradise.com\/wp-content\/uploads\/2024\/06\/adaaran-prestige-vadoo_3-500x331.jpg 500w\" sizes=\"auto, (max-width: 780px) 100vw, 780px\" \/><\/div>\n\t\t<\/figure>\n\t<\/div>\n<\/div><\/div><\/div><\/div><div class=\"vc_row wpb_row vc_row-fluid\"><div class=\"wpb_column vc_column_container vc_col-sm-12\"><div class=\"vc_column-inner\"><div class=\"wpb_wrapper\">\n\t<div class=\"wpb_text_column wpb_content_element\" >\n\t\t<div class=\"wpb_wrapper\">\n\t\t\t<h4><a href=\"http:\/\/maldives-paradise.com\/pt\/adaaran-prestigio-vadoo\/\">Adaaran Prest\u00edgio Vadoo<\/a><\/h4>\n<p>O Adaaran Prestige Vadoo \u00e9 famoso por suas vilas sobre a \u00e1gua, cada uma equipada com uma piscina de imers\u00e3o privativa e acesso direto ao oceano. Os dois restaurantes do resort, Farivalhu e Kithajima, servem uma requintada culin\u00e1ria internacional e japonesa. O Mandara Spa oferece uma variedade de tratamentos relaxantes. Com seu foco em privacidade e luxo, o Adaaran Prestige Vadoo \u00e9 perfeito para aqueles que buscam um retiro isolado no Atol de Mal\u00e9 do Sul.<\/p>\n\n\t\t<\/div>\n\t<\/div>\n<\/div><\/div><\/div><\/div><div class=\"vc_row wpb_row vc_row-fluid\"><div class=\"wpb_column vc_column_container vc_col-sm-12\"><div class=\"vc_column-inner\"><div class=\"wpb_wrapper\">\n\t<div  class=\"wpb_single_image wpb_content_element vc_align_left wpb_content_element\">\n\t\t<h2 class=\"wpb_heading wpb_singleimage_heading\">OZEN Life Maadhoo<\/h2>\n\t\t<figure class=\"wpb_wrapper vc_figure\">\n\t\t\t<div class=\"vc_single_image-wrapper   vc_box_border_grey\"><img loading=\"lazy\" decoding=\"async\" width=\"780\" height=\"519\" src=\"https:\/\/maldives-paradise.com\/wp-content\/uploads\/2024\/06\/OZEN-LIFE-MAADHOO3.jpg\" class=\"vc_single_image-img attachment-large\" alt=\"OZEN Life Maadhoo\" title=\"OZEN-VIDA-MAADHOO3\" srcset=\"https:\/\/maldives-paradise.com\/wp-content\/uploads\/2024\/06\/OZEN-LIFE-MAADHOO3.jpg 780w, https:\/\/maldives-paradise.com\/wp-content\/uploads\/2024\/06\/OZEN-LIFE-MAADHOO3-300x200.jpg 300w, https:\/\/maldives-paradise.com\/wp-content\/uploads\/2024\/06\/OZEN-LIFE-MAADHOO3-768x511.jpg 768w, https:\/\/maldives-paradise.com\/wp-content\/uploads\/2024\/06\/OZEN-LIFE-MAADHOO3-18x12.jpg 18w, https:\/\/maldives-paradise.com\/wp-content\/uploads\/2024\/06\/OZEN-LIFE-MAADHOO3-500x333.jpg 500w\" sizes=\"auto, (max-width: 780px) 100vw, 780px\" \/><\/div>\n\t\t<\/figure>\n\t<\/div>\n<\/div><\/div><\/div><\/div><div class=\"vc_row wpb_row vc_row-fluid\"><div class=\"wpb_column vc_column_container vc_col-sm-12\"><div class=\"vc_column-inner\"><div class=\"wpb_wrapper\">\n\t<div class=\"wpb_text_column wpb_content_element\" >\n\t\t<div class=\"wpb_wrapper\">\n\t\t\t<h4><a href=\"http:\/\/maldives-paradise.com\/pt\/ozen-vida-maadhoo\/\">OZEN Life Maadhoo<\/a><\/h4>\n<p>OZEN by Atmosphere at Maadhoo \u00e9 um resort de luxo com tudo inclu\u00eddo que oferece uma experi\u00eancia sem complica\u00e7\u00f5es com seu Plano INDULGENCE\u2122. As vilas do resort, tanto sobre a \u00e1gua quanto de frente para a praia, s\u00e3o projetadas com eleg\u00e2ncia moderna. As op\u00e7\u00f5es de refei\u00e7\u00f5es incluem o M6m, um restaurante subaqu\u00e1tico, e o The Palms, que oferece culin\u00e1ria global. O ELENA Spa and Wellness Complex oferece tratamentos hol\u00edsticos, garantindo que os h\u00f3spedes saiam rejuvenescidos.<\/p>\n\n\t\t<\/div>\n\t<\/div>\n<\/div><\/div><\/div><\/div><div class=\"vc_row wpb_row vc_row-fluid\"><div class=\"wpb_column vc_column_container vc_col-sm-12\"><div class=\"vc_column-inner\"><div class=\"wpb_wrapper\">\n\t<div  class=\"wpb_single_image wpb_content_element vc_align_left wpb_content_element\">\n\t\t<h2 class=\"wpb_heading wpb_singleimage_heading\">COMO Ilha do Cacau<\/h2>\n\t\t<figure class=\"wpb_wrapper vc_figure\">\n\t\t\t<div class=\"vc_single_image-wrapper   vc_box_border_grey\"><img loading=\"lazy\" decoding=\"async\" width=\"780\" height=\"438\" src=\"https:\/\/maldives-paradise.com\/wp-content\/uploads\/2024\/06\/como-cocoa-island3.jpg\" class=\"vc_single_image-img attachment-large\" alt=\"COMO Ilha do Cacau\" title=\"como-cocoa-island3\" srcset=\"https:\/\/maldives-paradise.com\/wp-content\/uploads\/2024\/06\/como-cocoa-island3.jpg 780w, https:\/\/maldives-paradise.com\/wp-content\/uploads\/2024\/06\/como-cocoa-island3-300x168.jpg 300w, https:\/\/maldives-paradise.com\/wp-content\/uploads\/2024\/06\/como-cocoa-island3-768x431.jpg 768w, https:\/\/maldives-paradise.com\/wp-content\/uploads\/2024\/06\/como-cocoa-island3-18x10.jpg 18w, https:\/\/maldives-paradise.com\/wp-content\/uploads\/2024\/06\/como-cocoa-island3-678x381.jpg 678w, https:\/\/maldives-paradise.com\/wp-content\/uploads\/2024\/06\/como-cocoa-island3-500x281.jpg 500w\" sizes=\"auto, (max-width: 780px) 100vw, 780px\" \/><\/div>\n\t\t<\/figure>\n\t<\/div>\n<\/div><\/div><\/div><\/div><div class=\"vc_row wpb_row vc_row-fluid\"><div class=\"wpb_column vc_column_container vc_col-sm-12\"><div class=\"vc_column-inner\"><div class=\"wpb_wrapper\">\n\t<div class=\"wpb_text_column wpb_content_element\" >\n\t\t<div class=\"wpb_wrapper\">\n\t\t\t<h4><a href=\"http:\/\/maldives-paradise.com\/pt\/como-ilha-do-cacau\/\">COMO Ilha do Cacau<\/a><\/h4>\n<p>O COMO Cocoa Island se destaca com suas su\u00edtes sobre a \u00e1gua inspiradas em dhoni, refletindo os barcos tradicionais das Maldivas. As 33 vilas sobre a \u00e1gua do resort oferecem uma est\u00e9tica \u00fanica e acesso direto \u00e0 lagoa no Atol de Mal\u00e9 do Sul. O COMO Shambhala Retreat foca no bem-estar hol\u00edstico com ioga, medita\u00e7\u00e3o e tratamentos de spa. O Ufaa, o restaurante do resort, serve uma culin\u00e1ria nutritiva influenciada pelo sul da \u00cdndia, tornando-o um para\u00edso para viajantes preocupados com a sa\u00fade.<\/p>\n\n\t\t<\/div>\n\t<\/div>\n<\/div><\/div><\/div><\/div><div class=\"vc_row wpb_row vc_row-fluid\"><div class=\"wpb_column vc_column_container vc_col-sm-12\"><div class=\"vc_column-inner\"><div class=\"wpb_wrapper\">\n\t<div  class=\"wpb_single_image wpb_content_element vc_align_left wpb_content_element\">\n\t\t<h2 class=\"wpb_heading wpb_singleimage_heading\">Taj Exotica Resort &amp; Spa<\/h2>\n\t\t<figure class=\"wpb_wrapper vc_figure\">\n\t\t\t<div class=\"vc_single_image-wrapper   vc_box_border_grey\"><img loading=\"lazy\" decoding=\"async\" width=\"780\" height=\"438\" src=\"https:\/\/maldives-paradise.com\/wp-content\/uploads\/2024\/06\/taj-exotica-one-bedroom-beach-suite-with-pool.jpg\" class=\"vc_single_image-img attachment-large\" alt=\"Taj Exotica Resort &amp; Spa\" title=\"taj-exotica-suite-de-praia-de-um-quarto-com-piscina\" srcset=\"https:\/\/maldives-paradise.com\/wp-content\/uploads\/2024\/06\/taj-exotica-one-bedroom-beach-suite-with-pool.jpg 780w, https:\/\/maldives-paradise.com\/wp-content\/uploads\/2024\/06\/taj-exotica-one-bedroom-beach-suite-with-pool-300x168.jpg 300w, https:\/\/maldives-paradise.com\/wp-content\/uploads\/2024\/06\/taj-exotica-one-bedroom-beach-suite-with-pool-768x431.jpg 768w, https:\/\/maldives-paradise.com\/wp-content\/uploads\/2024\/06\/taj-exotica-one-bedroom-beach-suite-with-pool-18x10.jpg 18w, https:\/\/maldives-paradise.com\/wp-content\/uploads\/2024\/06\/taj-exotica-one-bedroom-beach-suite-with-pool-678x381.jpg 678w, https:\/\/maldives-paradise.com\/wp-content\/uploads\/2024\/06\/taj-exotica-one-bedroom-beach-suite-with-pool-500x281.jpg 500w\" sizes=\"auto, (max-width: 780px) 100vw, 780px\" \/><\/div>\n\t\t<\/figure>\n\t<\/div>\n<\/div><\/div><\/div><\/div><div class=\"vc_row wpb_row vc_row-fluid\"><div class=\"wpb_column vc_column_container vc_col-sm-12\"><div class=\"vc_column-inner\"><div class=\"wpb_wrapper\">\n\t<div class=\"wpb_text_column wpb_content_element\" >\n\t\t<div class=\"wpb_wrapper\">\n\t\t\t<h4><a href=\"http:\/\/maldives-paradise.com\/pt\/taj-exotica-resort-e-spa-maldivas\/\">Taj Exotica Resort &amp; Spa<\/a><\/h4>\n<p>O Taj Exotica Resort &amp; Spa \u00e9 um retiro luxuoso localizado na Ilha Emboodhu Finolhu, tamb\u00e9m conhecida como a Ilha dos Tr\u00eas Cocos. As 64 vilas do resort, incluindo a opulenta Vila Presidencial, oferecem vistas deslumbrantes e privacidade excepcional. O Jiva Grande Spa oferece terapias de bem-estar de inspira\u00e7\u00e3o indiana, enquanto o restaurante Deep End \u00e9 famoso por sua gastronomia gourmet. A piscina infinita do resort \u00e9 um local perfeito para relaxar.<\/p>\n\n\t\t<\/div>\n\t<\/div>\n<\/div><\/div><\/div><\/div><div class=\"vc_row wpb_row vc_row-fluid\"><div class=\"wpb_column vc_column_container vc_col-sm-12\"><div class=\"vc_column-inner\"><div class=\"wpb_wrapper\">\n\t<div  class=\"wpb_single_image wpb_content_element vc_align_left wpb_content_element\">\n\t\t<h2 class=\"wpb_heading wpb_singleimage_heading\">Sun Siyam Olhuveli Beach &amp; Spa Maldivas<\/h2>\n\t\t<figure class=\"wpb_wrapper vc_figure\">\n\t\t\t<div class=\"vc_single_image-wrapper   vc_box_border_grey\"><img loading=\"lazy\" decoding=\"async\" width=\"780\" height=\"503\" src=\"https:\/\/maldives-paradise.com\/wp-content\/uploads\/2024\/06\/sun-siyam-olhuveli3.jpg\" class=\"vc_single_image-img attachment-large\" alt=\"Sun Siyam Olhuveli Beach &amp; Spa Maldivas\" title=\"sol-siyam-olhuveli3\" srcset=\"https:\/\/maldives-paradise.com\/wp-content\/uploads\/2024\/06\/sun-siyam-olhuveli3.jpg 780w, https:\/\/maldives-paradise.com\/wp-content\/uploads\/2024\/06\/sun-siyam-olhuveli3-300x193.jpg 300w, https:\/\/maldives-paradise.com\/wp-content\/uploads\/2024\/06\/sun-siyam-olhuveli3-768x495.jpg 768w, https:\/\/maldives-paradise.com\/wp-content\/uploads\/2024\/06\/sun-siyam-olhuveli3-18x12.jpg 18w, https:\/\/maldives-paradise.com\/wp-content\/uploads\/2024\/06\/sun-siyam-olhuveli3-500x322.jpg 500w\" sizes=\"auto, (max-width: 780px) 100vw, 780px\" \/><\/div>\n\t\t<\/figure>\n\t<\/div>\n<\/div><\/div><\/div><\/div><div class=\"vc_row wpb_row vc_row-fluid\"><div class=\"wpb_column vc_column_container vc_col-sm-12\"><div class=\"vc_column-inner\"><div class=\"wpb_wrapper\">\n\t<div class=\"wpb_text_column wpb_content_element\" >\n\t\t<div class=\"wpb_wrapper\">\n\t\t\t<h4><a href=\"http:\/\/maldives-paradise.com\/pt\/sol-siyam-olhuveli\/\">Sun Siyam Olhuveli Beach &amp; Spa Maldivas<\/a><\/h4>\n<p>O Olhuveli Beach &amp; Spa Maldives oferece uma mistura de luxo e beleza natural com suas 164 vilas. Os cinco restaurantes e tr\u00eas bares do resort oferecem uma variedade de experi\u00eancias gastron\u00f4micas, desde refei\u00e7\u00f5es em estilo buffet at\u00e9 refei\u00e7\u00f5es requintadas. O Sun Spa by Esthederm oferece tratamentos que combinam terapias tradicionais com t\u00e9cnicas modernas. As extensas instala\u00e7\u00f5es e atividades do resort o tornam ideal para fam\u00edlias e casais.<\/p>\n\n\t\t<\/div>\n\t<\/div>\n<\/div><\/div><\/div><\/div><div class=\"vc_row wpb_row vc_row-fluid\"><div class=\"wpb_column vc_column_container vc_col-sm-12\"><div class=\"vc_column-inner\"><div class=\"wpb_wrapper\">\n\t<div  class=\"wpb_single_image wpb_content_element vc_align_left wpb_content_element\">\n\t\t<h2 class=\"wpb_heading wpb_singleimage_heading\">SAii Lagoon Maldivas, Cole\u00e7\u00e3o Curio by Hilton<\/h2>\n\t\t<figure class=\"wpb_wrapper vc_figure\">\n\t\t\t<div class=\"vc_single_image-wrapper   vc_box_border_grey\"><img loading=\"lazy\" decoding=\"async\" width=\"780\" height=\"393\" src=\"https:\/\/maldives-paradise.com\/wp-content\/uploads\/2024\/06\/saii-lagoon-maldives-curio-collection-hilton-over-water-villa-7.jpg\" class=\"vc_single_image-img attachment-large\" alt=\"SAii Lagoon Maldivas, Cole\u00e7\u00e3o Curio by Hilton\" title=\"saii-lagoa-maldivas-cole\u00e7\u00e3o-de-curiosidades-hilton-over-water-villa-7\" srcset=\"https:\/\/maldives-paradise.com\/wp-content\/uploads\/2024\/06\/saii-lagoon-maldives-curio-collection-hilton-over-water-villa-7.jpg 780w, https:\/\/maldives-paradise.com\/wp-content\/uploads\/2024\/06\/saii-lagoon-maldives-curio-collection-hilton-over-water-villa-7-300x151.jpg 300w, https:\/\/maldives-paradise.com\/wp-content\/uploads\/2024\/06\/saii-lagoon-maldives-curio-collection-hilton-over-water-villa-7-768x387.jpg 768w, https:\/\/maldives-paradise.com\/wp-content\/uploads\/2024\/06\/saii-lagoon-maldives-curio-collection-hilton-over-water-villa-7-18x9.jpg 18w, https:\/\/maldives-paradise.com\/wp-content\/uploads\/2024\/06\/saii-lagoon-maldives-curio-collection-hilton-over-water-villa-7-500x252.jpg 500w\" sizes=\"auto, (max-width: 780px) 100vw, 780px\" \/><\/div>\n\t\t<\/figure>\n\t<\/div>\n<\/div><\/div><\/div><\/div><div class=\"vc_row wpb_row vc_row-fluid\"><div class=\"wpb_column vc_column_container vc_col-sm-12\"><div class=\"vc_column-inner\"><div class=\"wpb_wrapper\">\n\t<div class=\"wpb_text_column wpb_content_element\" >\n\t\t<div class=\"wpb_wrapper\">\n\t\t\t<h4><a href=\"http:\/\/maldives-paradise.com\/pt\/saii-lagoa-maldivas-colecao-de-curiosidades-da-hilton\/\">SAii Lagoon Maldivas, Cole\u00e7\u00e3o Curio by Hilton<\/a><\/h4>\n<p>O SAii Lagoon Maldives oferece uma abordagem vibrante e jovem ao luxo com seu design colorido e atmosfera animada no Atol de Mal\u00e9 do Sul. Os 198 quartos e vilas do resort s\u00e3o modernos e espa\u00e7osos. Os h\u00f3spedes podem desfrutar de refei\u00e7\u00f5es no Miss Olive Oyl e no Mr. Tomyam, que oferecem cozinha mediterr\u00e2nea e tailandesa, respectivamente. O L\u00e8n Be Well Spa oferece uma variedade de tratamentos projetados para relaxar e rejuvenescer.<\/p>\n\n\t\t<\/div>\n\t<\/div>\n<\/div><\/div><\/div><\/div><div class=\"vc_row wpb_row vc_row-fluid\"><div class=\"wpb_column vc_column_container vc_col-sm-12\"><div class=\"vc_column-inner\"><div class=\"wpb_wrapper\">\n\t<div  class=\"wpb_single_image wpb_content_element vc_align_left wpb_content_element\">\n\t\t<h2 class=\"wpb_heading wpb_singleimage_heading\">Hard Rock Hotel Maldivas<\/h2>\n\t\t<figure class=\"wpb_wrapper vc_figure\">\n\t\t\t<div class=\"vc_single_image-wrapper   vc_box_border_grey\"><img loading=\"lazy\" decoding=\"async\" width=\"780\" height=\"520\" src=\"https:\/\/maldives-paradise.com\/wp-content\/uploads\/2024\/06\/hard-rock-hotel-maldives3.jpg\" class=\"vc_single_image-img attachment-large\" alt=\"Hard Rock Hotel Maldivas\" title=\"hard-rock-hotel-maldivas3\" srcset=\"https:\/\/maldives-paradise.com\/wp-content\/uploads\/2024\/06\/hard-rock-hotel-maldives3.jpg 780w, https:\/\/maldives-paradise.com\/wp-content\/uploads\/2024\/06\/hard-rock-hotel-maldives3-300x200.jpg 300w, https:\/\/maldives-paradise.com\/wp-content\/uploads\/2024\/06\/hard-rock-hotel-maldives3-768x512.jpg 768w, https:\/\/maldives-paradise.com\/wp-content\/uploads\/2024\/06\/hard-rock-hotel-maldives3-18x12.jpg 18w, https:\/\/maldives-paradise.com\/wp-content\/uploads\/2024\/06\/hard-rock-hotel-maldives3-500x333.jpg 500w\" sizes=\"auto, (max-width: 780px) 100vw, 780px\" \/><\/div>\n\t\t<\/figure>\n\t<\/div>\n<\/div><\/div><\/div><\/div><div class=\"vc_row wpb_row vc_row-fluid\"><div class=\"wpb_column vc_column_container vc_col-sm-12\"><div class=\"vc_column-inner\"><div class=\"wpb_wrapper\">\n\t<div class=\"wpb_text_column wpb_content_element\" >\n\t\t<div class=\"wpb_wrapper\">\n\t\t\t<h4><a href=\"http:\/\/maldives-paradise.com\/pt\/hotel-hard-rock-maldivas\/\">Hard Rock Hotel Maldivas<\/a><\/h4>\n<p>O Hard Rock Hotel Maldives combina luxo com estilo rock-and-roll. Os 178 quartos, su\u00edtes e vilas do resort s\u00e3o projetados com decora\u00e7\u00e3o inspirada na m\u00fasica. As op\u00e7\u00f5es de refei\u00e7\u00f5es incluem Hard Rock Cafe, Sessions e The Elephant and The Butterfly, oferecendo uma mistura de culin\u00e1ria internacional e latino-americana. O Rock Spa oferece uma vis\u00e3o \u00fanica do bem-estar com tratamentos com infus\u00e3o de ritmo e m\u00fasica.<\/p>\n<p>Concluindo, o Atol de Mal\u00e9 do Sul abriga alguns dos resorts mais luxuosos das Maldivas, cada um oferecendo experi\u00eancias \u00fanicas e comodidades de classe mundial. Quer voc\u00ea esteja buscando uma escapada rom\u00e2ntica, um retiro de bem-estar ou f\u00e9rias para a fam\u00edlia, esses resorts oferecem o cen\u00e1rio perfeito para uma estadia inesquec\u00edvel no para\u00edso.<\/p>\n\n\t\t<\/div>\n\t<\/div>\n<\/div><\/div><\/div><\/div>\n<\/div>","protected":false},"excerpt":{"rendered":"<div class=\"mh-excerpt\"><\/div>","protected":false},"author":1,"featured_media":16731,"parent":0,"menu_order":0,"comment_status":"closed","ping_status":"closed","template":"","meta":{"footnotes":""},"class_list":["post-16730","page","type-page","status-publish","has-post-thumbnail"],"aioseo_notices":[],"_links":{"self":[{"href":"http:\/\/maldives-paradise.com\/pt\/wp-json\/wp\/v2\/pages\/16730","targetHints":{"allow":["GET"]}}],"collection":[{"href":"http:\/\/maldives-paradise.com\/pt\/wp-json\/wp\/v2\/pages"}],"about":[{"href":"http:\/\/maldives-paradise.com\/pt\/wp-json\/wp\/v2\/types\/page"}],"author":[{"embeddable":true,"href":"http:\/\/maldives-paradise.com\/pt\/wp-json\/wp\/v2\/users\/1"}],"replies":[{"embeddable":true,"href":"http:\/\/maldives-paradise.com\/pt\/wp-json\/wp\/v2\/comments?post=16730"}],"version-history":[{"count":5,"href":"http:\/\/maldives-paradise.com\/pt\/wp-json\/wp\/v2\/pages\/16730\/revisions"}],"predecessor-version":[{"id":16747,"href":"http:\/\/maldives-paradise.com\/pt\/wp-json\/wp\/v2\/pages\/16730\/revisions\/16747"}],"wp:featuredmedia":[{"embeddable":true,"href":"http:\/\/maldives-paradise.com\/pt\/wp-json\/wp\/v2\/media\/16731"}],"wp:attachment":[{"href":"http:\/\/maldives-paradise.com\/pt\/wp-json\/wp\/v2\/media?parent=16730"}],"curies":[{"name":"wp","href":"https:\/\/api.w.org\/{rel}","templated":true}]}}