{"id":16336,"date":"2024-05-30T18:22:53","date_gmt":"2024-05-30T18:22:53","guid":{"rendered":"http:\/\/maldives-paradise.com\/?page_id=16336"},"modified":"2025-02-22T18:07:17","modified_gmt":"2025-02-22T18:07:17","slug":"melhores-resorts-de-luxo-no-atol-de-lhaviyani","status":"publish","type":"page","link":"http:\/\/maldives-paradise.com\/pt\/melhores-resorts-de-luxo-no-atol-de-lhaviyani\/","title":{"rendered":"Melhores resorts de luxo no Atol de Lhaviyani"},"content":{"rendered":"<div class=\"wpb-content-wrapper\"><div class=\"vc_row wpb_row vc_row-fluid\"><div class=\"wpb_column vc_column_container vc_col-sm-12\"><div class=\"vc_column-inner\"><div class=\"wpb_wrapper\">\n\t<div class=\"wpb_text_column wpb_content_element\" >\n\t\t<div class=\"wpb_wrapper\">\n\t\t\t<p>O Atol de Lhaviyani, um farol de luxo tropical aninhado no vasto Oceano \u00cdndico, \u00e9 famoso por sua beleza id\u00edlica, \u00e1guas cristalinas e alguns dos resorts de luxo mais espetaculares das Maldivas. Este atol oferece aos viajantes exigentes uma variedade de retiros exclusivos, onde servi\u00e7o incompar\u00e1vel, experi\u00eancias culin\u00e1rias requintadas e cen\u00e1rios naturais de tirar o f\u00f4lego se combinam para criar escapadas inesquec\u00edveis. Aqui est\u00e3o os melhores resorts de luxo em <strong>Atol de Lhaviyani<\/strong>, cada um prometendo um peda\u00e7o \u00fanico do para\u00edso.<\/p>\n\n\t\t<\/div>\n\t<\/div>\n<\/div><\/div><\/div><\/div><div class=\"vc_row wpb_row vc_row-fluid\"><div class=\"wpb_column vc_column_container vc_col-sm-12\"><div class=\"vc_column-inner\"><div class=\"wpb_wrapper\">\n\t<div  class=\"wpb_single_image wpb_content_element vc_align_left wpb_content_element\">\n\t\t<h2 class=\"wpb_heading wpb_singleimage_heading\">Resort da Ilha Hurawalhi<\/h2>\n\t\t<figure class=\"wpb_wrapper vc_figure\">\n\t\t\t<div class=\"vc_single_image-wrapper   vc_box_border_grey\"><img loading=\"lazy\" decoding=\"async\" width=\"780\" height=\"520\" src=\"https:\/\/maldives-paradise.com\/wp-content\/uploads\/2024\/05\/hurawalhi.jpg\" class=\"vc_single_image-img attachment-large\" alt=\"Resort da Ilha Hurawalhi\" title=\"hurawalhi\" srcset=\"https:\/\/maldives-paradise.com\/wp-content\/uploads\/2024\/05\/hurawalhi.jpg 780w, https:\/\/maldives-paradise.com\/wp-content\/uploads\/2024\/05\/hurawalhi-300x200.jpg 300w, https:\/\/maldives-paradise.com\/wp-content\/uploads\/2024\/05\/hurawalhi-768x512.jpg 768w, https:\/\/maldives-paradise.com\/wp-content\/uploads\/2024\/05\/hurawalhi-18x12.jpg 18w, https:\/\/maldives-paradise.com\/wp-content\/uploads\/2024\/05\/hurawalhi-500x333.jpg 500w\" sizes=\"auto, (max-width: 780px) 100vw, 780px\" \/><\/div>\n\t\t<\/figure>\n\t<\/div>\n<\/div><\/div><\/div><\/div><div class=\"vc_row wpb_row vc_row-fluid\"><div class=\"wpb_column vc_column_container vc_col-sm-12\"><div class=\"vc_column-inner\"><div class=\"wpb_wrapper\">\n\t<div class=\"wpb_text_column wpb_content_element\" >\n\t\t<div class=\"wpb_wrapper\">\n\t\t\t<h4><a href=\"http:\/\/maldives-paradise.com\/pt\/ilha-hurawalhi-maldivas\/\">Resort da Ilha Hurawalhi<\/a><\/h4>\n<p>O Hurawalhi Island Resort abriga o maior restaurante submarino todo em vidro do mundo, oferecendo aos clientes uma vista de 360 graus da vibrante vida marinha. O resort equilibra luxo com sustentabilidade, apresentando elegantes vilas sobre a \u00e1gua e na praia que proporcionam serenidade e privacidade. Os h\u00f3spedes podem se deliciar em um spa situado acima das \u00e1guas cristalinas ou participar de esportes aqu\u00e1ticos emocionantes.<\/p>\n\n\t\t<\/div>\n\t<\/div>\n<\/div><\/div><\/div><\/div><div class=\"vc_row wpb_row vc_row-fluid\"><div class=\"wpb_column vc_column_container vc_col-sm-12\"><div class=\"vc_column-inner\"><div class=\"wpb_wrapper\">\n\t<div  class=\"wpb_single_image wpb_content_element vc_align_left wpb_content_element\">\n\t\t<h2 class=\"wpb_heading wpb_singleimage_heading\">Ilha Privada Kudadoo Maldivas<\/h2>\n\t\t<figure class=\"wpb_wrapper vc_figure\">\n\t\t\t<div class=\"vc_single_image-wrapper   vc_box_border_grey\"><img loading=\"lazy\" decoding=\"async\" width=\"780\" height=\"438\" src=\"https:\/\/maldives-paradise.com\/wp-content\/uploads\/2024\/05\/Kudadoo-Maldives-Private-Island.jpg\" class=\"vc_single_image-img attachment-large\" alt=\"Ilha Privada Kudadoo Maldivas\" title=\"Kudadoo-Maldivas-Ilha-Particular\" srcset=\"https:\/\/maldives-paradise.com\/wp-content\/uploads\/2024\/05\/Kudadoo-Maldives-Private-Island.jpg 780w, https:\/\/maldives-paradise.com\/wp-content\/uploads\/2024\/05\/Kudadoo-Maldives-Private-Island-300x168.jpg 300w, https:\/\/maldives-paradise.com\/wp-content\/uploads\/2024\/05\/Kudadoo-Maldives-Private-Island-768x431.jpg 768w, https:\/\/maldives-paradise.com\/wp-content\/uploads\/2024\/05\/Kudadoo-Maldives-Private-Island-18x10.jpg 18w, https:\/\/maldives-paradise.com\/wp-content\/uploads\/2024\/05\/Kudadoo-Maldives-Private-Island-678x381.jpg 678w, https:\/\/maldives-paradise.com\/wp-content\/uploads\/2024\/05\/Kudadoo-Maldives-Private-Island-500x281.jpg 500w\" sizes=\"auto, (max-width: 780px) 100vw, 780px\" \/><\/div>\n\t\t<\/figure>\n\t<\/div>\n<\/div><\/div><\/div><\/div><div class=\"vc_row wpb_row vc_row-fluid\"><div class=\"wpb_column vc_column_container vc_col-sm-12\"><div class=\"vc_column-inner\"><div class=\"wpb_wrapper\">\n\t<div class=\"wpb_text_column wpb_content_element\" >\n\t\t<div class=\"wpb_wrapper\">\n\t\t\t<h4><a href=\"http:\/\/maldives-paradise.com\/pt\/ilha-privada-kudadoo-maldivas\/\">Ilha Privada Kudadoo Maldivas<\/a><\/h4>\n<p>O Kudadoo Maldives Private Island oferece uma experi\u00eancia verdadeiramente exclusiva, com foco na sustentabilidade. Este resort de luxo \u00e9 alimentado inteiramente por energia solar, misturando pr\u00e1ticas ecol\u00f3gicas com luxo descomprometido. Cada uma das amplas resid\u00eancias sobre a \u00e1gua vem com um mordomo pessoal, garantindo uma estadia personalizada e despreocupada.<\/p>\n\n\t\t<\/div>\n\t<\/div>\n<\/div><\/div><\/div><\/div><div class=\"vc_row wpb_row vc_row-fluid\"><div class=\"wpb_column vc_column_container vc_col-sm-12\"><div class=\"vc_column-inner\"><div class=\"wpb_wrapper\">\n\t<div  class=\"wpb_single_image wpb_content_element vc_align_left wpb_content_element\">\n\t\t<h2 class=\"wpb_heading wpb_singleimage_heading\">Komandoo Maldivas Island Resort<\/h2>\n\t\t<figure class=\"wpb_wrapper vc_figure\">\n\t\t\t<div class=\"vc_single_image-wrapper   vc_box_border_grey\"><img loading=\"lazy\" decoding=\"async\" width=\"780\" height=\"393\" src=\"https:\/\/maldives-paradise.com\/wp-content\/uploads\/2024\/05\/Komandoo-Maldives-Island-Resort2.jpg\" class=\"vc_single_image-img attachment-large\" alt=\"Komandoo Maldivas Island Resort\" title=\"Komandoo-Maldivas-Ilha-Resort2\" srcset=\"https:\/\/maldives-paradise.com\/wp-content\/uploads\/2024\/05\/Komandoo-Maldives-Island-Resort2.jpg 780w, https:\/\/maldives-paradise.com\/wp-content\/uploads\/2024\/05\/Komandoo-Maldives-Island-Resort2-300x151.jpg 300w, https:\/\/maldives-paradise.com\/wp-content\/uploads\/2024\/05\/Komandoo-Maldives-Island-Resort2-768x387.jpg 768w, https:\/\/maldives-paradise.com\/wp-content\/uploads\/2024\/05\/Komandoo-Maldives-Island-Resort2-18x9.jpg 18w, https:\/\/maldives-paradise.com\/wp-content\/uploads\/2024\/05\/Komandoo-Maldives-Island-Resort2-500x252.jpg 500w\" sizes=\"auto, (max-width: 780px) 100vw, 780px\" \/><\/div>\n\t\t<\/figure>\n\t<\/div>\n<\/div><\/div><\/div><\/div><div class=\"vc_row wpb_row vc_row-fluid\"><div class=\"wpb_column vc_column_container vc_col-sm-12\"><div class=\"vc_column-inner\"><div class=\"wpb_wrapper\">\n\t<div class=\"wpb_text_column wpb_content_element\" >\n\t\t<div class=\"wpb_wrapper\">\n\t\t\t<h4><a href=\"http:\/\/maldives-paradise.com\/pt\/komandoo-ilha-resort-spa\/\">Komandoo Maldivas Island Resort<\/a><\/h4>\n<p>O Komandoo Maldives Island Resort \u00e9 um o\u00e1sis somente para adultos, prometendo um retiro tranquilo. Com suas vilas de praia \u00edntimas e bangal\u00f4s sobre a \u00e1gua, \u00e9 o ref\u00fagio perfeito para romance ou relaxamento. O resort oferece um spa requintado, experi\u00eancias gastron\u00f4micas excepcionais e uma infinidade de atividades aqu\u00e1ticas, de mergulho a snorkeling em sua lagoa cristalina no Atol de Lhaviyani.<\/p>\n\n\t\t<\/div>\n\t<\/div>\n<\/div><\/div><\/div><\/div><div class=\"vc_row wpb_row vc_row-fluid\"><div class=\"wpb_column vc_column_container vc_col-sm-12\"><div class=\"vc_column-inner\"><div class=\"wpb_wrapper\">\n\t<div  class=\"wpb_single_image wpb_content_element vc_align_left wpb_content_element\">\n\t\t<h2 class=\"wpb_heading wpb_singleimage_heading\">Atmosfera Kanifushi Maldivas<\/h2>\n\t\t<figure class=\"wpb_wrapper vc_figure\">\n\t\t\t<div class=\"vc_single_image-wrapper   vc_box_border_grey\"><img loading=\"lazy\" decoding=\"async\" width=\"700\" height=\"466\" src=\"https:\/\/maldives-paradise.com\/wp-content\/uploads\/2024\/05\/Atmosphere-Kanifushi-Maldives2.jpg\" class=\"vc_single_image-img attachment-large\" alt=\"Atmosfera Kanifushi Maldivas\" title=\"Atmosfera-Kanifushi-Maldivas2\" srcset=\"https:\/\/maldives-paradise.com\/wp-content\/uploads\/2024\/05\/Atmosphere-Kanifushi-Maldives2.jpg 700w, https:\/\/maldives-paradise.com\/wp-content\/uploads\/2024\/05\/Atmosphere-Kanifushi-Maldives2-300x200.jpg 300w, https:\/\/maldives-paradise.com\/wp-content\/uploads\/2024\/05\/Atmosphere-Kanifushi-Maldives2-18x12.jpg 18w, https:\/\/maldives-paradise.com\/wp-content\/uploads\/2024\/05\/Atmosphere-Kanifushi-Maldives2-500x333.jpg 500w\" sizes=\"auto, (max-width: 700px) 100vw, 700px\" \/><\/div>\n\t\t<\/figure>\n\t<\/div>\n<\/div><\/div><\/div><\/div><div class=\"vc_row wpb_row vc_row-fluid\"><div class=\"wpb_column vc_column_container vc_col-sm-12\"><div class=\"vc_column-inner\"><div class=\"wpb_wrapper\">\n\t<div class=\"wpb_text_column wpb_content_element\" >\n\t\t<div class=\"wpb_wrapper\">\n\t\t\t<h4><a href=\"http:\/\/maldives-paradise.com\/pt\/atmosfera-kanifushi\/\">Atmosfera Kanifushi Maldivas<\/a><\/h4>\n<p>Abrangendo dois quil\u00f4metros de praias de areia imaculada, o Atmosphere Kanifushi se destaca com sua vegeta\u00e7\u00e3o tropical exuberante e um recife de casas espetacular. O resort oferece espa\u00e7osas vilas de praia com acesso direto ao oceano e um plano premium all-inclusive, garantindo f\u00e9rias de luxo sem complica\u00e7\u00f5es com refei\u00e7\u00f5es requintadas, atividades e excurs\u00f5es.<\/p>\n\n\t\t<\/div>\n\t<\/div>\n<\/div><\/div><\/div><\/div><div class=\"vc_row wpb_row vc_row-fluid\"><div class=\"wpb_column vc_column_container vc_col-sm-12\"><div class=\"vc_column-inner\"><div class=\"wpb_wrapper\">\n\t<div  class=\"wpb_single_image wpb_content_element vc_align_left wpb_content_element\">\n\t\t<h2 class=\"wpb_heading wpb_singleimage_heading\">Fushifaru Maldivas<\/h2>\n\t\t<figure class=\"wpb_wrapper vc_figure\">\n\t\t\t<div class=\"vc_single_image-wrapper   vc_box_border_grey\"><img loading=\"lazy\" decoding=\"async\" width=\"780\" height=\"519\" src=\"https:\/\/maldives-paradise.com\/wp-content\/uploads\/2024\/05\/Fushifaru-Maldives2.jpg\" class=\"vc_single_image-img attachment-large\" alt=\"Fushifaru Maldivas\" title=\"Fushifaru-Maldivas2\" srcset=\"https:\/\/maldives-paradise.com\/wp-content\/uploads\/2024\/05\/Fushifaru-Maldives2.jpg 780w, https:\/\/maldives-paradise.com\/wp-content\/uploads\/2024\/05\/Fushifaru-Maldives2-300x200.jpg 300w, https:\/\/maldives-paradise.com\/wp-content\/uploads\/2024\/05\/Fushifaru-Maldives2-768x511.jpg 768w, https:\/\/maldives-paradise.com\/wp-content\/uploads\/2024\/05\/Fushifaru-Maldives2-18x12.jpg 18w, https:\/\/maldives-paradise.com\/wp-content\/uploads\/2024\/05\/Fushifaru-Maldives2-500x333.jpg 500w\" sizes=\"auto, (max-width: 780px) 100vw, 780px\" \/><\/div>\n\t\t<\/figure>\n\t<\/div>\n<\/div><\/div><\/div><\/div><div class=\"vc_row wpb_row vc_row-fluid\"><div class=\"wpb_column vc_column_container vc_col-sm-12\"><div class=\"vc_column-inner\"><div class=\"wpb_wrapper\">\n\t<div class=\"wpb_text_column wpb_content_element\" >\n\t\t<div class=\"wpb_wrapper\">\n\t\t\t<h4><a href=\"http:\/\/maldives-paradise.com\/pt\/fushifaru-maldivas\/\">Fushifaru Maldivas<\/a><\/h4>\n<p>O Fushifaru Maldives, localizado na extremidade nordeste do Atol de Lhaviyani, \u00e9 cercado por um vibrante recife de casas que abriga uma abund\u00e2ncia de vida marinha. Este resort boutique combina o design das Maldivas com a est\u00e9tica moderna, oferecendo vilas de praia e \u00e1gua que simbolizam conforto e eleg\u00e2ncia. Os h\u00f3spedes podem explorar aventuras subaqu\u00e1ticas, desfrutar de tratamentos de spa ou aproveitar as del\u00edcias culin\u00e1rias.<\/p>\n\n\t\t<\/div>\n\t<\/div>\n<\/div><\/div><\/div><\/div><div class=\"vc_row wpb_row vc_row-fluid\"><div class=\"wpb_column vc_column_container vc_col-sm-12\"><div class=\"vc_column-inner\"><div class=\"wpb_wrapper\">\n\t<div  class=\"wpb_single_image wpb_content_element vc_align_left wpb_content_element\">\n\t\t<h2 class=\"wpb_heading wpb_singleimage_heading\">Seis Sentidos Kanuhura<\/h2>\n\t\t<figure class=\"wpb_wrapper vc_figure\">\n\t\t\t<div class=\"vc_single_image-wrapper   vc_box_border_grey\"><img loading=\"lazy\" decoding=\"async\" width=\"780\" height=\"507\" src=\"https:\/\/maldives-paradise.com\/wp-content\/uploads\/2024\/05\/Six-Senses-Kanuhura2.jpg\" class=\"vc_single_image-img attachment-large\" alt=\"Seis Sentidos Kanuhura\" title=\"Seis Sentidos-Kanuhura2\" srcset=\"https:\/\/maldives-paradise.com\/wp-content\/uploads\/2024\/05\/Six-Senses-Kanuhura2.jpg 780w, https:\/\/maldives-paradise.com\/wp-content\/uploads\/2024\/05\/Six-Senses-Kanuhura2-300x195.jpg 300w, https:\/\/maldives-paradise.com\/wp-content\/uploads\/2024\/05\/Six-Senses-Kanuhura2-768x499.jpg 768w, https:\/\/maldives-paradise.com\/wp-content\/uploads\/2024\/05\/Six-Senses-Kanuhura2-18x12.jpg 18w, https:\/\/maldives-paradise.com\/wp-content\/uploads\/2024\/05\/Six-Senses-Kanuhura2-500x325.jpg 500w\" sizes=\"auto, (max-width: 780px) 100vw, 780px\" \/><\/div>\n\t\t<\/figure>\n\t<\/div>\n<\/div><\/div><\/div><\/div><div class=\"vc_row wpb_row vc_row-fluid\"><div class=\"wpb_column vc_column_container vc_col-sm-12\"><div class=\"vc_column-inner\"><div class=\"wpb_wrapper\">\n\t<div class=\"wpb_text_column wpb_content_element\" >\n\t\t<div class=\"wpb_wrapper\">\n\t\t\t<h4><a href=\"http:\/\/maldives-paradise.com\/pt\/seis-sentidos-kanuhura\/\">Seis Sentidos Kanuhura<\/a><\/h4>\n<p>Este retiro descontra\u00eddo \u00e9 conhecido por abrigar as melhores praias das Maldivas. Abrangendo tr\u00eas ilhas privadas, o resort Six Senses Kanuhura fica a uma curta viagem de hidroavi\u00e3o do Aeroporto Internacional de Mal\u00e9 ou de lancha do imaculado Atol de Lhaviyani. Com 91 espa\u00e7osas vilas de praia, fam\u00edlia e piscina sobre a \u00e1gua, a lagoa est\u00e1 a seus p\u00e9s, onde o vibrante recife protege nossas tartarugas residentes e a vida marinha.<\/p>\n\n\t\t<\/div>\n\t<\/div>\n<\/div><\/div><\/div><\/div><div class=\"vc_row wpb_row vc_row-fluid\"><div class=\"wpb_column vc_column_container vc_col-sm-12\"><div class=\"vc_column-inner\"><div class=\"wpb_wrapper\">\n\t<div  class=\"wpb_single_image wpb_content_element vc_align_left wpb_content_element\">\n\t\t<h2 class=\"wpb_heading wpb_singleimage_heading\">Casulo Maldivas<\/h2>\n\t\t<figure class=\"wpb_wrapper vc_figure\">\n\t\t\t<div class=\"vc_single_image-wrapper   vc_box_border_grey\"><img loading=\"lazy\" decoding=\"async\" width=\"780\" height=\"584\" src=\"https:\/\/maldives-paradise.com\/wp-content\/uploads\/2024\/05\/Cocoon-Maldives2.jpg\" class=\"vc_single_image-img attachment-large\" alt=\"Casulo Maldivas\" title=\"Cocoon-Maldivas2\" srcset=\"https:\/\/maldives-paradise.com\/wp-content\/uploads\/2024\/05\/Cocoon-Maldives2.jpg 780w, https:\/\/maldives-paradise.com\/wp-content\/uploads\/2024\/05\/Cocoon-Maldives2-300x225.jpg 300w, https:\/\/maldives-paradise.com\/wp-content\/uploads\/2024\/05\/Cocoon-Maldives2-768x575.jpg 768w, https:\/\/maldives-paradise.com\/wp-content\/uploads\/2024\/05\/Cocoon-Maldives2-16x12.jpg 16w, https:\/\/maldives-paradise.com\/wp-content\/uploads\/2024\/05\/Cocoon-Maldives2-678x509.jpg 678w, https:\/\/maldives-paradise.com\/wp-content\/uploads\/2024\/05\/Cocoon-Maldives2-326x245.jpg 326w, https:\/\/maldives-paradise.com\/wp-content\/uploads\/2024\/05\/Cocoon-Maldives2-80x60.jpg 80w, https:\/\/maldives-paradise.com\/wp-content\/uploads\/2024\/05\/Cocoon-Maldives2-500x374.jpg 500w\" sizes=\"auto, (max-width: 780px) 100vw, 780px\" \/><\/div>\n\t\t<\/figure>\n\t<\/div>\n<\/div><\/div><\/div><\/div><div class=\"vc_row wpb_row vc_row-fluid\"><div class=\"wpb_column vc_column_container vc_col-sm-12\"><div class=\"vc_column-inner\"><div class=\"wpb_wrapper\">\n\t<div class=\"wpb_text_column wpb_content_element\" >\n\t\t<div class=\"wpb_wrapper\">\n\t\t\t<h4><a href=\"https:\/\/hotellook.tp.st\/IwpsBQEP\" target=\"_blank\" rel=\"nofollow noopener\">Cocoon Maldivas \u2013 Tudo Inclu\u00eddo<\/a><\/h4>\n<p>O Cocoon Maldives combina o design italiano com a beleza natural deslumbrante das Maldivas. Este resort de luxo oferece uma variedade de acomoda\u00e7\u00f5es, de vilas de praia a su\u00edtes sobre a lagoa. Com suas extensas instala\u00e7\u00f5es de lazer, incluindo um centro de mergulho, spa e clube infantil, o Cocoon Maldives localizado no Atol de Lhaviyani garante uma estadia memor\u00e1vel para todos os h\u00f3spedes.<\/p>\n\n\t\t<\/div>\n\t<\/div>\n<\/div><\/div><\/div><\/div><div class=\"vc_row wpb_row vc_row-fluid\"><div class=\"wpb_column vc_column_container vc_col-sm-12\"><div class=\"vc_column-inner\"><div class=\"wpb_wrapper\">\n\t<div  class=\"wpb_single_image wpb_content_element vc_align_left wpb_content_element\">\n\t\t<h2 class=\"wpb_heading wpb_singleimage_heading\">Kuredu Island Resort &amp; Spa<\/h2>\n\t\t<figure class=\"wpb_wrapper vc_figure\">\n\t\t\t<div class=\"vc_single_image-wrapper   vc_box_border_grey\"><img loading=\"lazy\" decoding=\"async\" width=\"780\" height=\"438\" src=\"https:\/\/maldives-paradise.com\/wp-content\/uploads\/2024\/05\/kuredu_Aerial.jpg\" class=\"vc_single_image-img attachment-large\" alt=\"Kuredu Island Resort &amp; Spa\" title=\"kuredu_A\u00e9reo\" srcset=\"https:\/\/maldives-paradise.com\/wp-content\/uploads\/2024\/05\/kuredu_Aerial.jpg 780w, https:\/\/maldives-paradise.com\/wp-content\/uploads\/2024\/05\/kuredu_Aerial-300x168.jpg 300w, https:\/\/maldives-paradise.com\/wp-content\/uploads\/2024\/05\/kuredu_Aerial-768x431.jpg 768w, https:\/\/maldives-paradise.com\/wp-content\/uploads\/2024\/05\/kuredu_Aerial-18x10.jpg 18w, https:\/\/maldives-paradise.com\/wp-content\/uploads\/2024\/05\/kuredu_Aerial-678x381.jpg 678w, https:\/\/maldives-paradise.com\/wp-content\/uploads\/2024\/05\/kuredu_Aerial-500x281.jpg 500w\" sizes=\"auto, (max-width: 780px) 100vw, 780px\" \/><\/div>\n\t\t<\/figure>\n\t<\/div>\n<\/div><\/div><\/div><\/div><div class=\"vc_row wpb_row vc_row-fluid\"><div class=\"wpb_column vc_column_container vc_col-sm-12\"><div class=\"vc_column-inner\"><div class=\"wpb_wrapper\">\n\t<div class=\"wpb_text_column wpb_content_element\" >\n\t\t<div class=\"wpb_wrapper\">\n\t\t\t<h4><a href=\"http:\/\/maldives-paradise.com\/pt\/resort-e-spa-da-ilha-de-kuredu\/\">Kuredu Island Resort &amp; Spa<\/a><\/h4>\n<p>O Kuredu Island Resort &amp; Spa \u00e9 um dos maiores resorts nas Maldivas, oferecendo uma ampla sele\u00e7\u00e3o de acomoda\u00e7\u00f5es, de bangal\u00f4s de praia a luxuosas vilas Sultan Pool. O resort \u00e9 um para\u00edso para os entusiastas de esportes aqu\u00e1ticos, com um campo de golfe de 6 buracos, um centro de mergulho e uma variedade de outras atividades.<\/p>\n\n\t\t<\/div>\n\t<\/div>\n<\/div><\/div><\/div><\/div><div class=\"vc_row wpb_row vc_row-fluid\"><div class=\"wpb_column vc_column_container vc_col-sm-12\"><div class=\"vc_column-inner\"><div class=\"wpb_wrapper\">\n\t<div  class=\"wpb_single_image wpb_content_element vc_align_left wpb_content_element\">\n\t\t<h2 class=\"wpb_heading wpb_singleimage_heading\">Palm Beach Island Resort &amp; Spa<\/h2>\n\t\t<figure class=\"wpb_wrapper vc_figure\">\n\t\t\t<div class=\"vc_single_image-wrapper   vc_box_border_grey\"><img loading=\"lazy\" decoding=\"async\" width=\"780\" height=\"520\" src=\"https:\/\/maldives-paradise.com\/wp-content\/uploads\/2024\/05\/palm-beach-island-resort2.jpg\" class=\"vc_single_image-img attachment-large\" alt=\"Palm Beach Island Resort &amp; Spa\" title=\"resort-ilha-palm-beach2\" srcset=\"https:\/\/maldives-paradise.com\/wp-content\/uploads\/2024\/05\/palm-beach-island-resort2.jpg 780w, https:\/\/maldives-paradise.com\/wp-content\/uploads\/2024\/05\/palm-beach-island-resort2-300x200.jpg 300w, https:\/\/maldives-paradise.com\/wp-content\/uploads\/2024\/05\/palm-beach-island-resort2-768x512.jpg 768w, https:\/\/maldives-paradise.com\/wp-content\/uploads\/2024\/05\/palm-beach-island-resort2-18x12.jpg 18w, https:\/\/maldives-paradise.com\/wp-content\/uploads\/2024\/05\/palm-beach-island-resort2-500x333.jpg 500w\" sizes=\"auto, (max-width: 780px) 100vw, 780px\" \/><\/div>\n\t\t<\/figure>\n\t<\/div>\n<\/div><\/div><\/div><\/div><div class=\"vc_row wpb_row vc_row-fluid\"><div class=\"wpb_column vc_column_container vc_col-sm-12\"><div class=\"vc_column-inner\"><div class=\"wpb_wrapper\">\n\t<div class=\"wpb_text_column wpb_content_element\" >\n\t\t<div class=\"wpb_wrapper\">\n\t\t\t<h4><a href=\"http:\/\/maldives-paradise.com\/pt\/resort-e-spa-da-ilha-de-palm-beach\/\">Palm Beach Island Resort &amp; Spa<\/a><\/h4>\n<p>O Palm Beach Island Resort &amp; Spa, situado em uma deslumbrante ilha de 2 km de comprimento, \u00e9 conhecido por suas acomoda\u00e7\u00f5es luxuosas, que incluem algumas das maiores vilas das Maldivas. O resort oferece uma mistura de relaxamento e aventura, com um centro de mergulho abrangente, um spa relaxante e v\u00e1rias op\u00e7\u00f5es de restaurantes que servem cozinhas internacionais.<\/p>\n\n\t\t<\/div>\n\t<\/div>\n<\/div><\/div><\/div><\/div><div class=\"vc_row wpb_row vc_row-fluid\"><div class=\"wpb_column vc_column_container vc_col-sm-12\"><div class=\"vc_column-inner\"><div class=\"wpb_wrapper\">\n\t<div  class=\"wpb_single_image wpb_content_element vc_align_left wpb_content_element\">\n\t\t<h2 class=\"wpb_heading wpb_singleimage_heading\">Innahura Maldivas Resort<\/h2>\n\t\t<figure class=\"wpb_wrapper vc_figure\">\n\t\t\t<div class=\"vc_single_image-wrapper   vc_box_border_grey\"><img loading=\"lazy\" decoding=\"async\" width=\"780\" height=\"437\" src=\"https:\/\/maldives-paradise.com\/wp-content\/uploads\/2024\/05\/Innahura-Maldives-Resort2.jpg\" class=\"vc_single_image-img attachment-large\" alt=\"Innahura Maldivas Resort\" title=\"Innahura-Maldivas-Resort2\" srcset=\"https:\/\/maldives-paradise.com\/wp-content\/uploads\/2024\/05\/Innahura-Maldives-Resort2.jpg 780w, https:\/\/maldives-paradise.com\/wp-content\/uploads\/2024\/05\/Innahura-Maldives-Resort2-300x168.jpg 300w, https:\/\/maldives-paradise.com\/wp-content\/uploads\/2024\/05\/Innahura-Maldives-Resort2-768x430.jpg 768w, https:\/\/maldives-paradise.com\/wp-content\/uploads\/2024\/05\/Innahura-Maldives-Resort2-18x10.jpg 18w, https:\/\/maldives-paradise.com\/wp-content\/uploads\/2024\/05\/Innahura-Maldives-Resort2-678x381.jpg 678w, https:\/\/maldives-paradise.com\/wp-content\/uploads\/2024\/05\/Innahura-Maldives-Resort2-500x280.jpg 500w\" sizes=\"auto, (max-width: 780px) 100vw, 780px\" \/><\/div>\n\t\t<\/figure>\n\t<\/div>\n<\/div><\/div><\/div><\/div><div class=\"vc_row wpb_row vc_row-fluid\"><div class=\"wpb_column vc_column_container vc_col-sm-12\"><div class=\"vc_column-inner\"><div class=\"wpb_wrapper\">\n\t<div class=\"wpb_text_column wpb_content_element\" >\n\t\t<div class=\"wpb_wrapper\">\n\t\t\t<h4><a href=\"http:\/\/maldives-paradise.com\/pt\/resort-innahura-maldivas\/\">Innahura Maldivas Resort<\/a><\/h4>\n<p>O Innahura Maldives Resort oferece uma experi\u00eancia de luxo despretensiosa, com foco na beleza natural das Maldivas. Os bangal\u00f4s do resort s\u00e3o projetados para conforto e simplicidade, proporcionando um retiro tranquilo. A abordagem do Innahura ao luxo \u00e9 descontra\u00edda e focada em proporcionar uma experi\u00eancia aut\u00eantica de f\u00e9rias nas Maldivas.<\/p>\n<p>Os resorts de luxo do Atol de Lhaviyani s\u00e3o mais do que apenas lugares para ficar; eles s\u00e3o portais para experi\u00eancias que permanecem na mem\u00f3ria muito depois que o bronzeado desaparece. Cada resort, com suas ofertas \u00fanicas e hospitalidade inigual\u00e1vel, convida os h\u00f3spedes a descobrir o esplendor das Maldivas no colo do luxo.<\/p>\n\n\t\t<\/div>\n\t<\/div>\n<\/div><\/div><\/div><\/div>\n<\/div>","protected":false},"excerpt":{"rendered":"<div class=\"mh-excerpt\"><\/div>","protected":false},"author":1,"featured_media":16337,"parent":0,"menu_order":0,"comment_status":"closed","ping_status":"closed","template":"","meta":{"footnotes":""},"class_list":["post-16336","page","type-page","status-publish","has-post-thumbnail"],"aioseo_notices":[],"_links":{"self":[{"href":"http:\/\/maldives-paradise.com\/pt\/wp-json\/wp\/v2\/pages\/16336","targetHints":{"allow":["GET"]}}],"collection":[{"href":"http:\/\/maldives-paradise.com\/pt\/wp-json\/wp\/v2\/pages"}],"about":[{"href":"http:\/\/maldives-paradise.com\/pt\/wp-json\/wp\/v2\/types\/page"}],"author":[{"embeddable":true,"href":"http:\/\/maldives-paradise.com\/pt\/wp-json\/wp\/v2\/users\/1"}],"replies":[{"embeddable":true,"href":"http:\/\/maldives-paradise.com\/pt\/wp-json\/wp\/v2\/comments?post=16336"}],"version-history":[{"count":4,"href":"http:\/\/maldives-paradise.com\/pt\/wp-json\/wp\/v2\/pages\/16336\/revisions"}],"predecessor-version":[{"id":16352,"href":"http:\/\/maldives-paradise.com\/pt\/wp-json\/wp\/v2\/pages\/16336\/revisions\/16352"}],"wp:featuredmedia":[{"embeddable":true,"href":"http:\/\/maldives-paradise.com\/pt\/wp-json\/wp\/v2\/media\/16337"}],"wp:attachment":[{"href":"http:\/\/maldives-paradise.com\/pt\/wp-json\/wp\/v2\/media?parent=16336"}],"curies":[{"name":"wp","href":"https:\/\/api.w.org\/{rel}","templated":true}]}}