{"id":16281,"date":"2024-05-30T15:27:54","date_gmt":"2024-05-30T15:27:54","guid":{"rendered":"http:\/\/maldives-paradise.com\/?page_id=16281"},"modified":"2025-02-22T18:08:19","modified_gmt":"2025-02-22T18:08:19","slug":"melhores-resorts-de-luxo-no-atol-de-meemu","status":"publish","type":"page","link":"http:\/\/maldives-paradise.com\/pt\/melhores-resorts-de-luxo-no-atol-de-meemu\/","title":{"rendered":"Melhores resorts de luxo em Atol de Meemu"},"content":{"rendered":"<div class=\"wpb-content-wrapper\"><div class=\"vc_row wpb_row vc_row-fluid\"><div class=\"wpb_column vc_column_container vc_col-sm-12\"><div class=\"vc_column-inner\"><div class=\"wpb_wrapper\">\n\t<div class=\"wpb_text_column wpb_content_element\" >\n\t\t<div class=\"wpb_wrapper\">\n\t\t\t<p>O Atol de Meemu, aninhado no bel\u00edssimo arquip\u00e9lago das Maldivas, permanece um para\u00edso relativamente intocado, oferecendo aos viajantes mais exigentes uma experi\u00eancia de luxo mais isolada e intimista. Conhecido por seus vibrantes recifes de corais, \u00e1guas cristalinas e uma sensa\u00e7\u00e3o de tranquilidade que permeia suas ilhas, <strong>Atol de Meemu<\/strong> abriga alguns dos melhores resorts de luxo das Maldivas. Aqui est\u00e1 uma an\u00e1lise dos melhores resorts de luxo no Atol de Meemu, cada um prometendo uma escapada inesquec\u00edvel para o para\u00edso.<\/p>\n\n\t\t<\/div>\n\t<\/div>\n<\/div><\/div><\/div><\/div><div class=\"vc_row wpb_row vc_row-fluid\"><div class=\"wpb_column vc_column_container vc_col-sm-12\"><div class=\"vc_column-inner\"><div class=\"wpb_wrapper\">\n\t<div  class=\"wpb_single_image wpb_content_element vc_align_left wpb_content_element\">\n\t\t<h2 class=\"wpb_heading wpb_singleimage_heading\">Canela Hakuraa Huraa Maldivas<\/h2>\n\t\t<figure class=\"wpb_wrapper vc_figure\">\n\t\t\t<div class=\"vc_single_image-wrapper   vc_box_border_grey\"><img loading=\"lazy\" decoding=\"async\" width=\"780\" height=\"436\" src=\"https:\/\/maldives-paradise.com\/wp-content\/uploads\/2024\/05\/Cinnamon-Hakuraa-Water-Bungalow.jpg\" class=\"vc_single_image-img attachment-large\" alt=\"Canela Hakuraa Huraa Maldivas\" title=\"Bungalow Canela-Hakuraa-\u00c1gua\" srcset=\"https:\/\/maldives-paradise.com\/wp-content\/uploads\/2024\/05\/Cinnamon-Hakuraa-Water-Bungalow.jpg 780w, https:\/\/maldives-paradise.com\/wp-content\/uploads\/2024\/05\/Cinnamon-Hakuraa-Water-Bungalow-300x168.jpg 300w, https:\/\/maldives-paradise.com\/wp-content\/uploads\/2024\/05\/Cinnamon-Hakuraa-Water-Bungalow-768x429.jpg 768w, https:\/\/maldives-paradise.com\/wp-content\/uploads\/2024\/05\/Cinnamon-Hakuraa-Water-Bungalow-18x10.jpg 18w, https:\/\/maldives-paradise.com\/wp-content\/uploads\/2024\/05\/Cinnamon-Hakuraa-Water-Bungalow-500x279.jpg 500w\" sizes=\"auto, (max-width: 780px) 100vw, 780px\" \/><\/div>\n\t\t<\/figure>\n\t<\/div>\n<\/div><\/div><\/div><\/div><div class=\"vc_row wpb_row vc_row-fluid\"><div class=\"wpb_column vc_column_container vc_col-sm-12\"><div class=\"vc_column-inner\"><div class=\"wpb_wrapper\">\n\t<div class=\"wpb_text_column wpb_content_element\" >\n\t\t<div class=\"wpb_wrapper\">\n\t\t\t<h4><a href=\"http:\/\/maldives-paradise.com\/pt\/canela-hakuraa-huraa-maldivas\/\"><strong>Canela Hakuraa Huraa Maldivas<\/strong><\/a><\/h4>\n<p>O Cinnamon Hakuraa Huraa Maldives \u00e9 famoso por seus bangal\u00f4s sobre a \u00e1gua, erguidos sobre palafitas sobre a lagoa cintilante. Este resort all-inclusive oferece uma variedade de experi\u00eancias gastron\u00f4micas, um spa flutuante e uma variedade de esportes aqu\u00e1ticos, tornando-se um destino ideal para quem busca luxo em harmonia com a natureza no Atol de Meemu.<\/p>\n\n\t\t<\/div>\n\t<\/div>\n<\/div><\/div><\/div><\/div><div class=\"vc_row wpb_row vc_row-fluid\"><div class=\"wpb_column vc_column_container vc_col-sm-12\"><div class=\"vc_column-inner\"><div class=\"wpb_wrapper\">\n\t<div  class=\"wpb_single_image wpb_content_element vc_align_left wpb_content_element\">\n\t\t<h2 class=\"wpb_heading wpb_singleimage_heading\">Ilha Privada Madifushi<\/h2>\n\t\t<figure class=\"wpb_wrapper vc_figure\">\n\t\t\t<div class=\"vc_single_image-wrapper   vc_box_border_grey\"><img loading=\"lazy\" decoding=\"async\" width=\"780\" height=\"520\" src=\"https:\/\/maldives-paradise.com\/wp-content\/uploads\/2024\/05\/madifushi.jpg\" class=\"vc_single_image-img attachment-large\" alt=\"Ilha Privada Madifushi\" title=\"madifushi\" srcset=\"https:\/\/maldives-paradise.com\/wp-content\/uploads\/2024\/05\/madifushi.jpg 780w, https:\/\/maldives-paradise.com\/wp-content\/uploads\/2024\/05\/madifushi-300x200.jpg 300w, https:\/\/maldives-paradise.com\/wp-content\/uploads\/2024\/05\/madifushi-768x512.jpg 768w, https:\/\/maldives-paradise.com\/wp-content\/uploads\/2024\/05\/madifushi-18x12.jpg 18w, https:\/\/maldives-paradise.com\/wp-content\/uploads\/2024\/05\/madifushi-500x333.jpg 500w\" sizes=\"auto, (max-width: 780px) 100vw, 780px\" \/><\/div>\n\t\t<\/figure>\n\t<\/div>\n<\/div><\/div><\/div><\/div><div class=\"vc_row wpb_row vc_row-fluid\"><div class=\"wpb_column vc_column_container vc_col-sm-12\"><div class=\"vc_column-inner\"><div class=\"wpb_wrapper\">\n\t<div class=\"wpb_text_column wpb_content_element\" >\n\t\t<div class=\"wpb_wrapper\">\n\t\t\t<h4><a href=\"https:\/\/hotellook.tp.st\/ShRDgNOx\" target=\"_blank\" rel=\"nofollow noopener\">Ilha Privada Madifushi<\/a><\/h4>\n<p>O Madifushi Private Island Maldives \u00e9 altamente recomendado por suas instala\u00e7\u00f5es impec\u00e1veis e comodidades luxuosas, embora haja sugest\u00f5es de que o spa e as atividades infantis poderiam ser aprimorados. Os avaliadores elogiam o servi\u00e7o excepcional, destacando a receptividade da equipe e a atmosfera geral de eleg\u00e2ncia e tranquilidade.<\/p>\n\n\t\t<\/div>\n\t<\/div>\n<\/div><\/div><\/div><\/div><div class=\"vc_row wpb_row vc_row-fluid\"><div class=\"wpb_column vc_column_container vc_col-sm-12\"><div class=\"vc_column-inner\"><div class=\"wpb_wrapper\">\n\t<div  class=\"wpb_single_image wpb_content_element vc_align_left wpb_content_element\">\n\t\t<h2 class=\"wpb_heading wpb_singleimage_heading\">Resort da Ilha Medhufushi<\/h2>\n\t\t<figure class=\"wpb_wrapper vc_figure\">\n\t\t\t<div class=\"vc_single_image-wrapper   vc_box_border_grey\"><img loading=\"lazy\" decoding=\"async\" width=\"780\" height=\"520\" src=\"https:\/\/maldives-paradise.com\/wp-content\/uploads\/2024\/05\/Medhufushi-Island-Resort.jpg\" class=\"vc_single_image-img attachment-large\" alt=\"Resort da Ilha Medhufushi\" title=\"Resort da Ilha Medhufushi\" srcset=\"https:\/\/maldives-paradise.com\/wp-content\/uploads\/2024\/05\/Medhufushi-Island-Resort.jpg 780w, https:\/\/maldives-paradise.com\/wp-content\/uploads\/2024\/05\/Medhufushi-Island-Resort-300x200.jpg 300w, https:\/\/maldives-paradise.com\/wp-content\/uploads\/2024\/05\/Medhufushi-Island-Resort-768x512.jpg 768w, https:\/\/maldives-paradise.com\/wp-content\/uploads\/2024\/05\/Medhufushi-Island-Resort-18x12.jpg 18w, https:\/\/maldives-paradise.com\/wp-content\/uploads\/2024\/05\/Medhufushi-Island-Resort-500x333.jpg 500w\" sizes=\"auto, (max-width: 780px) 100vw, 780px\" \/><\/div>\n\t\t<\/figure>\n\t<\/div>\n<\/div><\/div><\/div><\/div><div class=\"vc_row wpb_row vc_row-fluid\"><div class=\"wpb_column vc_column_container vc_col-sm-12\"><div class=\"vc_column-inner\"><div class=\"wpb_wrapper\">\n\t<div class=\"wpb_text_column wpb_content_element\" >\n\t\t<div class=\"wpb_wrapper\">\n\t\t\t<h4><a href=\"http:\/\/maldives-paradise.com\/pt\/resort-na-ilha-medhufushi\/\">Resort da Ilha Medhufushi<\/a><\/h4>\n<p>O Medhufushi Island Resort \u00e9 um ref\u00fagio tranquilo e sereno, que combina a est\u00e9tica tradicional das Maldivas com o luxo moderno. As vilas sobre a \u00e1gua e na praia do resort oferecem vistas deslumbrantes e acesso direto \u00e0s \u00e1guas azul-turquesa. Com um spa de classe mundial, centro de esportes aqu\u00e1ticos e op\u00e7\u00f5es gastron\u00f4micas requintadas, o Medhufushi proporciona uma experi\u00eancia hol\u00edstica de luxo em um cen\u00e1rio pitoresco.<\/p>\n<p>Estes resorts de luxo no Atol de Meemu oferecem uma mistura \u00fanica de isolamento, beleza natural e conforto opulento, tornando-os destinos perfeitos para quem busca escapar da agita\u00e7\u00e3o da vida cotidiana. Seja voc\u00ea um aventureiro, um aficionado por relaxamento ou algu\u00e9m entre os dois, os resorts de luxo do Atol de Meemu prometem uma experi\u00eancia inigual\u00e1vel nas Maldivas.<\/p>\n\n\t\t<\/div>\n\t<\/div>\n<\/div><\/div><\/div><\/div>\n<\/div>","protected":false},"excerpt":{"rendered":"<div class=\"mh-excerpt\"><\/div>","protected":false},"author":1,"featured_media":16282,"parent":0,"menu_order":0,"comment_status":"closed","ping_status":"closed","template":"","meta":{"footnotes":""},"class_list":["post-16281","page","type-page","status-publish","has-post-thumbnail"],"aioseo_notices":[],"_links":{"self":[{"href":"http:\/\/maldives-paradise.com\/pt\/wp-json\/wp\/v2\/pages\/16281","targetHints":{"allow":["GET"]}}],"collection":[{"href":"http:\/\/maldives-paradise.com\/pt\/wp-json\/wp\/v2\/pages"}],"about":[{"href":"http:\/\/maldives-paradise.com\/pt\/wp-json\/wp\/v2\/types\/page"}],"author":[{"embeddable":true,"href":"http:\/\/maldives-paradise.com\/pt\/wp-json\/wp\/v2\/users\/1"}],"replies":[{"embeddable":true,"href":"http:\/\/maldives-paradise.com\/pt\/wp-json\/wp\/v2\/comments?post=16281"}],"version-history":[{"count":3,"href":"http:\/\/maldives-paradise.com\/pt\/wp-json\/wp\/v2\/pages\/16281\/revisions"}],"predecessor-version":[{"id":16288,"href":"http:\/\/maldives-paradise.com\/pt\/wp-json\/wp\/v2\/pages\/16281\/revisions\/16288"}],"wp:featuredmedia":[{"embeddable":true,"href":"http:\/\/maldives-paradise.com\/pt\/wp-json\/wp\/v2\/media\/16282"}],"wp:attachment":[{"href":"http:\/\/maldives-paradise.com\/pt\/wp-json\/wp\/v2\/media?parent=16281"}],"curies":[{"name":"wp","href":"https:\/\/api.w.org\/{rel}","templated":true}]}}