{"id":16243,"date":"2024-05-28T18:22:14","date_gmt":"2024-05-28T18:22:14","guid":{"rendered":"http:\/\/maldives-paradise.com\/?page_id=16243"},"modified":"2025-02-22T18:05:32","modified_gmt":"2025-02-22T18:05:32","slug":"melhores-resorts-de-luxo-no-atol-de-laamu","status":"publish","type":"page","link":"http:\/\/maldives-paradise.com\/pt\/melhores-resorts-de-luxo-no-atol-de-laamu\/","title":{"rendered":"Melhores resorts de luxo em Atol de Laamu"},"content":{"rendered":"<div class=\"wpb-content-wrapper\"><div class=\"vc_row wpb_row vc_row-fluid\"><div class=\"wpb_column vc_column_container vc_col-sm-12\"><div class=\"vc_column-inner\"><div class=\"wpb_wrapper\">\n\t<div class=\"wpb_text_column wpb_content_element\" >\n\t\t<div class=\"wpb_wrapper\">\n\t\t\t<p>O Atol de Laamu, situado no sul das Maldivas, \u00e9 uma tape\u00e7aria de tirar o f\u00f4lego de \u00e1guas azuis cintilantes, recifes de corais vibrantes e ilhas tropicais intocadas. Representa um retiro exclusivo para quem procura privacidade, luxo incompar\u00e1vel e uma conex\u00e3o genu\u00edna com a beleza serena da natureza. Os resorts de luxo do atol s\u00e3o masterclasses de luxo sustent\u00e1vel, combinando pr\u00e1ticas ecologicamente conscientes com experi\u00eancias indulgentes, garantindo que os h\u00f3spedes desfrutem do ambiente imaculado de forma respons\u00e1vel e luxuosa. Aqui est\u00e3o os melhores resorts de luxo em <strong>Atol de Laamu<\/strong>, cada um oferecendo um peda\u00e7o excepcional do para\u00edso.<\/p>\n\n\t\t<\/div>\n\t<\/div>\n<\/div><\/div><\/div><\/div><div class=\"vc_row wpb_row vc_row-fluid\"><div class=\"wpb_column vc_column_container vc_col-sm-12\"><div class=\"vc_column-inner\"><div class=\"wpb_wrapper\">\n\t<div  class=\"wpb_single_image wpb_content_element vc_align_left wpb_content_element\">\n\t\t<h2 class=\"wpb_heading wpb_singleimage_heading\">Seis Sentidos Laamu<\/h2>\n\t\t<figure class=\"wpb_wrapper vc_figure\">\n\t\t\t<div class=\"vc_single_image-wrapper   vc_box_border_grey\"><img loading=\"lazy\" decoding=\"async\" width=\"780\" height=\"474\" src=\"https:\/\/maldives-paradise.com\/wp-content\/uploads\/2024\/05\/six-senses-laamu.jpg\" class=\"vc_single_image-img attachment-large\" alt=\"Seis Sentidos Laamu\" title=\"Seis Sentidos Laamu\" srcset=\"https:\/\/maldives-paradise.com\/wp-content\/uploads\/2024\/05\/six-senses-laamu.jpg 780w, https:\/\/maldives-paradise.com\/wp-content\/uploads\/2024\/05\/six-senses-laamu-300x182.jpg 300w, https:\/\/maldives-paradise.com\/wp-content\/uploads\/2024\/05\/six-senses-laamu-768x467.jpg 768w, https:\/\/maldives-paradise.com\/wp-content\/uploads\/2024\/05\/six-senses-laamu-18x12.jpg 18w, https:\/\/maldives-paradise.com\/wp-content\/uploads\/2024\/05\/six-senses-laamu-500x304.jpg 500w\" sizes=\"auto, (max-width: 780px) 100vw, 780px\" \/><\/div>\n\t\t<\/figure>\n\t<\/div>\n<\/div><\/div><\/div><\/div><div class=\"vc_row wpb_row vc_row-fluid\"><div class=\"wpb_column vc_column_container vc_col-sm-12\"><div class=\"vc_column-inner\"><div class=\"wpb_wrapper\">\n\t<div class=\"wpb_text_column wpb_content_element\" >\n\t\t<div class=\"wpb_wrapper\">\n\t\t\t<h4><a href=\"http:\/\/maldives-paradise.com\/pt\/seis-sentidos-laamu\/\">Seis Sentidos Laamu<\/a><\/h4>\n<p>O Six Senses Laamu \u00e9 o ep\u00edtome do luxo sustent\u00e1vel, isolado no Atol de Laamu. Combina perfeitamente a responsabilidade ambiental com uma vida luxuosa, oferecendo vilas constru\u00eddas com materiais naturais, situadas sobre a \u00e1gua ou aninhadas em uma vegeta\u00e7\u00e3o exuberante. O compromisso do resort com a conserva\u00e7\u00e3o \u00e9 evidente nas suas hortas org\u00e2nicas, nos programas de conserva\u00e7\u00e3o marinha e no Earth Lab, que demonstram os esfor\u00e7os de sustentabilidade. Os h\u00f3spedes podem desfrutar de experi\u00eancias gastron\u00f4micas de classe mundial, tratamentos de bem-estar inovadores no Six Senses Spa e uma infinidade de atividades aqu\u00e1ticas, tudo isso cercado pela beleza natural de tirar o f\u00f4lego do atol.<\/p>\n\n\t\t<\/div>\n\t<\/div>\n<\/div><\/div><\/div><\/div><div class=\"vc_row wpb_row vc_row-fluid\"><div class=\"wpb_column vc_column_container vc_col-sm-12\"><div class=\"vc_column-inner\"><div class=\"wpb_wrapper\">\n\t<div  class=\"wpb_single_image wpb_content_element vc_align_left wpb_content_element\">\n\t\t<h2 class=\"wpb_heading wpb_singleimage_heading\">Rahaa Resort Maldivas<\/h2>\n\t\t<figure class=\"wpb_wrapper vc_figure\">\n\t\t\t<div class=\"vc_single_image-wrapper   vc_box_border_grey\"><img loading=\"lazy\" decoding=\"async\" width=\"780\" height=\"519\" src=\"https:\/\/maldives-paradise.com\/wp-content\/uploads\/2024\/05\/rahaa.jpg\" class=\"vc_single_image-img attachment-large\" alt=\"Resort Rahaa\" title=\"Rahaa\" srcset=\"https:\/\/maldives-paradise.com\/wp-content\/uploads\/2024\/05\/rahaa.jpg 780w, https:\/\/maldives-paradise.com\/wp-content\/uploads\/2024\/05\/rahaa-300x200.jpg 300w, https:\/\/maldives-paradise.com\/wp-content\/uploads\/2024\/05\/rahaa-768x511.jpg 768w, https:\/\/maldives-paradise.com\/wp-content\/uploads\/2024\/05\/rahaa-18x12.jpg 18w, https:\/\/maldives-paradise.com\/wp-content\/uploads\/2024\/05\/rahaa-500x333.jpg 500w\" sizes=\"auto, (max-width: 780px) 100vw, 780px\" \/><\/div>\n\t\t<\/figure>\n\t<\/div>\n<\/div><\/div><\/div><\/div><div class=\"vc_row wpb_row vc_row-fluid\"><div class=\"wpb_column vc_column_container vc_col-sm-12\"><div class=\"vc_column-inner\"><div class=\"wpb_wrapper\">\n\t<div class=\"wpb_text_column wpb_content_element\" >\n\t\t<div class=\"wpb_wrapper\">\n\t\t\t<h4><a href=\"http:\/\/maldives-paradise.com\/pt\/rahaa-resort-maldivas\/\">Rahaa Resort Maldivas<\/a><\/h4>\n<p>Rahaa \u00e9 um resort 4 estrelas localizado no intocado e pouco movimentado Atol de Laamu, um destino apreciado por uma ampla variedade de viajantes, desde casais em lua de mel e fam\u00edlias at\u00e9 grupos de amigos e aventureiros. Um local de beleza natural, com vegeta\u00e7\u00e3o original, amplas extens\u00f5es de praia e um lago natural de \u00e1gua salgada. Rahaa pode ser alcan\u00e7ada atrav\u00e9s de um curto voo dom\u00e9stico de 30 a 40 minutos, seguido por um r\u00e1pido passeio de lancha de 20 a 30 minutos. O resort possui duas categorias de vilas em terreno, com design moderno e minimalista vibrante, infundido com a arquitetura local das Maldivas, as Lake View Villas e as Ocean View Villas. Os h\u00f3spedes podem desfrutar de excelente cozinha internacional e local no restaurante principal &#039;Kaage&#039; e em dois bares &#039;Dhirun Bar&#039; e &#039;Ko&#039;Bar&#039;. Todos os pontos de venda ficam na praia, com vista para o mar e para o lago. Rahaa oferece adicionalmente uma ampla gama de atividades e servi\u00e7os incluindo Mergulho, Esportes Aqu\u00e1ticos, Kids Corner, SPA, Sala de Fitness, Excurs\u00f5es, surf e muito mais.<\/p>\n\n\t\t<\/div>\n\t<\/div>\n<\/div><\/div><\/div><\/div><div class=\"vc_row wpb_row vc_row-fluid\"><div class=\"wpb_column vc_column_container vc_col-sm-12\"><div class=\"vc_column-inner\"><div class=\"wpb_wrapper\">\n\t<div  class=\"wpb_single_image wpb_content_element vc_align_left wpb_content_element\">\n\t\t<h2 class=\"wpb_heading wpb_singleimage_heading\">Evexia Beach Collection Laamu<\/h2>\n\t\t<figure class=\"wpb_wrapper vc_figure\">\n\t\t\t<div class=\"vc_single_image-wrapper   vc_box_border_grey\"><img loading=\"lazy\" decoding=\"async\" width=\"780\" height=\"503\" src=\"https:\/\/maldives-paradise.com\/wp-content\/uploads\/2024\/05\/evexia-residences-beach.jpg\" class=\"vc_single_image-img attachment-large\" alt=\"cole\u00e7\u00e3o praia evexia laamu\" title=\"evexia-residences-beach\" srcset=\"https:\/\/maldives-paradise.com\/wp-content\/uploads\/2024\/05\/evexia-residences-beach.jpg 780w, https:\/\/maldives-paradise.com\/wp-content\/uploads\/2024\/05\/evexia-residences-beach-300x193.jpg 300w, https:\/\/maldives-paradise.com\/wp-content\/uploads\/2024\/05\/evexia-residences-beach-768x495.jpg 768w, https:\/\/maldives-paradise.com\/wp-content\/uploads\/2024\/05\/evexia-residences-beach-18x12.jpg 18w, https:\/\/maldives-paradise.com\/wp-content\/uploads\/2024\/05\/evexia-residences-beach-500x322.jpg 500w\" sizes=\"auto, (max-width: 780px) 100vw, 780px\" \/><\/div>\n\t\t<\/figure>\n\t<\/div>\n<\/div><\/div><\/div><\/div><div class=\"vc_row wpb_row vc_row-fluid\"><div class=\"wpb_column vc_column_container vc_col-sm-12\"><div class=\"vc_column-inner\"><div class=\"wpb_wrapper\">\n\t<div class=\"wpb_text_column wpb_content_element\" >\n\t\t<div class=\"wpb_wrapper\">\n\t\t\t<h4>Evexia Beach Collection Laamu<\/h4>\n<p>Evexia Beach Collection LaamuTM \u00e9 um resort boutique ecol\u00f3gico de primeira linha, que possui amplas instala\u00e7\u00f5es de lazer e bem-estar que excedem as expectativas de um viajante de bem-estar. Oferece tr\u00eas tipos diferentes de quartos, restaurantes, piscina longa, praia privativa intocada, Ayush SpaTM, academia, gramado para ioga e medita\u00e7\u00e3o e loja de presentes.<\/p>\n\n\t\t<\/div>\n\t<\/div>\n<\/div><\/div><\/div><\/div><div class=\"vc_row wpb_row vc_row-fluid\"><div class=\"wpb_column vc_column_container vc_col-sm-12\"><div class=\"vc_column-inner\"><div class=\"wpb_wrapper\">\n\t<div  class=\"wpb_single_image wpb_content_element vc_align_left wpb_content_element\">\n\t\t<h2 class=\"wpb_heading wpb_singleimage_heading\">Pal\u00e1cio Amra Laamu<\/h2>\n\t\t<figure class=\"wpb_wrapper vc_figure\">\n\t\t\t<div class=\"vc_single_image-wrapper   vc_box_border_grey\"><img loading=\"lazy\" decoding=\"async\" width=\"780\" height=\"520\" src=\"https:\/\/maldives-paradise.com\/wp-content\/uploads\/2024\/05\/Amra-Palace-laamu.jpeg\" class=\"vc_single_image-img attachment-large\" alt=\"Pal\u00e1cio Amra Laamu\" title=\"Amra-Palace-laamu\" srcset=\"https:\/\/maldives-paradise.com\/wp-content\/uploads\/2024\/05\/Amra-Palace-laamu.jpeg 780w, https:\/\/maldives-paradise.com\/wp-content\/uploads\/2024\/05\/Amra-Palace-laamu-300x200.jpeg 300w, https:\/\/maldives-paradise.com\/wp-content\/uploads\/2024\/05\/Amra-Palace-laamu-768x512.jpeg 768w, https:\/\/maldives-paradise.com\/wp-content\/uploads\/2024\/05\/Amra-Palace-laamu-18x12.jpeg 18w, https:\/\/maldives-paradise.com\/wp-content\/uploads\/2024\/05\/Amra-Palace-laamu-500x333.jpeg 500w\" sizes=\"auto, (max-width: 780px) 100vw, 780px\" \/><\/div>\n\t\t<\/figure>\n\t<\/div>\n<\/div><\/div><\/div><\/div><div class=\"vc_row wpb_row vc_row-fluid\"><div class=\"wpb_column vc_column_container vc_col-sm-12\"><div class=\"vc_column-inner\"><div class=\"wpb_wrapper\">\n\t<div class=\"wpb_text_column wpb_content_element\" >\n\t\t<div class=\"wpb_wrapper\">\n\t\t\t<h4><a href=\"https:\/\/hotellook.tp.st\/1BjYBZ1c\" target=\"_blank\" rel=\"nofollow noopener\">Pal\u00e1cio Amra Laamu<\/a><\/h4>\n<p>Visite Amra Palace Laamu Experimente a beleza das verdadeiras Maldivas, o sol, praias de areia branca, mar cristalino, muitos tons de c\u00e9u azul claro hospedando-se no Amra Palace, Gan Island, Laamu Atoll, Maldivas. Aproveite as instala\u00e7\u00f5es recreativas do hotel, incluindo quadra de badminton, barcos, canoa, aluguel de equipamentos de esportes aqu\u00e1ticos, mergulho com snorkel, antes de ir para seu quarto para um merecido descanso. Amra Palace combina hospitalidade calorosa com um ambiente encantador para tornar a sua estadia nas Ilhas Maldivas inesquec\u00edvel.<\/p>\n\n\t\t<\/div>\n\t<\/div>\n<\/div><\/div><\/div><\/div>\n<\/div>","protected":false},"excerpt":{"rendered":"<div class=\"mh-excerpt\"><\/div>","protected":false},"author":1,"featured_media":16244,"parent":0,"menu_order":0,"comment_status":"closed","ping_status":"closed","template":"","meta":{"footnotes":""},"class_list":["post-16243","page","type-page","status-publish","has-post-thumbnail"],"aioseo_notices":[],"_links":{"self":[{"href":"http:\/\/maldives-paradise.com\/pt\/wp-json\/wp\/v2\/pages\/16243","targetHints":{"allow":["GET"]}}],"collection":[{"href":"http:\/\/maldives-paradise.com\/pt\/wp-json\/wp\/v2\/pages"}],"about":[{"href":"http:\/\/maldives-paradise.com\/pt\/wp-json\/wp\/v2\/types\/page"}],"author":[{"embeddable":true,"href":"http:\/\/maldives-paradise.com\/pt\/wp-json\/wp\/v2\/users\/1"}],"replies":[{"embeddable":true,"href":"http:\/\/maldives-paradise.com\/pt\/wp-json\/wp\/v2\/comments?post=16243"}],"version-history":[{"count":2,"href":"http:\/\/maldives-paradise.com\/pt\/wp-json\/wp\/v2\/pages\/16243\/revisions"}],"predecessor-version":[{"id":16251,"href":"http:\/\/maldives-paradise.com\/pt\/wp-json\/wp\/v2\/pages\/16243\/revisions\/16251"}],"wp:featuredmedia":[{"embeddable":true,"href":"http:\/\/maldives-paradise.com\/pt\/wp-json\/wp\/v2\/media\/16244"}],"wp:attachment":[{"href":"http:\/\/maldives-paradise.com\/pt\/wp-json\/wp\/v2\/media?parent=16243"}],"curies":[{"name":"wp","href":"https:\/\/api.w.org\/{rel}","templated":true}]}}