{"id":14888,"date":"2024-05-05T07:32:48","date_gmt":"2024-05-05T07:32:48","guid":{"rendered":"http:\/\/maldives-paradise.com\/?page_id=14888"},"modified":"2024-05-05T07:32:48","modified_gmt":"2024-05-05T07:32:48","slug":"a-essencialidade-do-seguro-de-viagem-e-saude-para-viagens-as-maldivas","status":"publish","type":"page","link":"http:\/\/maldives-paradise.com\/pt\/a-essencialidade-do-seguro-de-viagem-e-saude-para-viagens-as-maldivas\/","title":{"rendered":"A Essencialidade do Seguro de Viagem e Sa\u00fade para Viagens \u00e0s Maldivas"},"content":{"rendered":"<div class=\"wpb-content-wrapper\"><div class=\"vc_row wpb_row vc_row-fluid\"><div class=\"wpb_column vc_column_container vc_col-sm-12\"><div class=\"vc_column-inner\"><div class=\"wpb_wrapper\">\n\t<div  class=\"wpb_single_image wpb_content_element vc_align_left wpb_content_element\">\n\t\t\n\t\t<figure class=\"wpb_wrapper vc_figure\">\n\t\t\t<div class=\"vc_single_image-wrapper   vc_box_border_grey\"><img decoding=\"async\" class=\"vc_single_image-img\" src=\"https:\/\/maldives-paradise.com\/wp-content\/uploads\/2024\/05\/travel-insurance.jpg\" width=\"780\" height=\"438\" alt=\"Seguro de viagem Maldivas\" title=\"seguro-de-viagem\" loading=\"lazy\" \/><\/div>\n\t\t<\/figure>\n\t<\/div>\n<\/div><\/div><\/div><\/div><div class=\"vc_row wpb_row vc_row-fluid\"><div class=\"wpb_column vc_column_container vc_col-sm-12\"><div class=\"vc_column-inner\"><div class=\"wpb_wrapper\">\n\t<div class=\"wpb_text_column wpb_content_element\" >\n\t\t<div class=\"wpb_wrapper\">\n\t\t\t<p>Viajar para as Maldivas \u00e9 frequentemente visto como uma jornada para um para\u00edso tropical. O fasc\u00ednio de suas \u00e1guas cristalinas, resorts luxuosos e a promessa de relaxamento tranquilo atraem in\u00fameros turistas a cada ano. Embora a excita\u00e7\u00e3o de uma escapada t\u00e3o ex\u00f3tica seja ineg\u00e1vel, viajantes inteligentes entendem a import\u00e2ncia de proteger sua viagem com seguro de viagem e sa\u00fade. Aqui est\u00e3o raz\u00f5es convincentes pelas quais garantir um seguro \u00e9 crucial ao planejar uma visita \u00e0s Maldivas.<\/p>\n<p><strong>Clima imprevis\u00edvel e desastres naturais<\/strong><\/p>\n<p>As Maldivas t\u00eam duas esta\u00e7\u00f5es principais: a esta\u00e7\u00e3o seca e a esta\u00e7\u00e3o chuvosa. Enquanto a esta\u00e7\u00e3o seca ostenta um clima lindo, a esta\u00e7\u00e3o chuvosa pode trazer mudan\u00e7as clim\u00e1ticas repentinas e severas, incluindo tempestades e chuvas pesadas. Tais condi\u00e7\u00f5es podem levar a atrasos de voos, cancelamentos e at\u00e9 mesmo fechamentos inesperados de resorts ou atra\u00e7\u00f5es. O seguro de viagem pode cobrir os custos associados a essas interrup\u00e7\u00f5es, garantindo que os viajantes n\u00e3o fiquem sem dinheiro devido a condi\u00e7\u00f5es clim\u00e1ticas imprevistas.<\/p>\n<p><strong>Localiza\u00e7\u00e3o e transporte remotos<\/strong><\/p>\n<p>O arquip\u00e9lago consiste em cerca de 1.200 ilhas, com muitos dos resorts de luxo localizados em sua pr\u00f3pria ilha particular. Esse afastamento, embora parte do charme das Maldivas, significa que se locomover normalmente envolve pequenos avi\u00f5es ou barcos. O seguro de viagem \u00e9 inestim\u00e1vel aqui, pois pode cobrir os custos de conex\u00f5es perdidas ou atrasos de transporte que s\u00e3o comuns em destinos com tanta log\u00edstica intensiva.<\/p>\n<p><strong>Emerg\u00eancias de sa\u00fade e instala\u00e7\u00f5es m\u00e9dicas<\/strong><\/p>\n<p>Embora a beleza natural das Maldivas seja incompar\u00e1vel, a disponibilidade de instala\u00e7\u00f5es m\u00e9dicas abrangentes nas ilhas \u00e9 limitada. A maioria dos resorts tem instala\u00e7\u00f5es m\u00e9dicas b\u00e1sicas, mas problemas s\u00e9rios de sa\u00fade exigem transporte para a capital Mal\u00e9 ou at\u00e9 mesmo uma evacua\u00e7\u00e3o m\u00e9dica para outro pa\u00eds. O seguro sa\u00fade se torna indispens\u00e1vel nesses cen\u00e1rios. Ele cobre despesas m\u00e9dicas e garante que, no caso de uma crise de sa\u00fade, altos padr\u00f5es de atendimento sejam acess\u00edveis sem o fardo de custos exorbitantes.<\/p>\n<p><strong>Aventura e Esportes Aqu\u00e1ticos<\/strong><\/p>\n<p>As Maldivas s\u00e3o um \u00edm\u00e3 para entusiastas de mergulho, snorkeling, surfe e outros esportes aqu\u00e1ticos. No entanto, participar dessas atividades traz riscos inerentes. Acidentes ou ferimentos durante essas atividades podem n\u00e3o apenas arruinar as f\u00e9rias, mas tamb\u00e9m levar a despesas m\u00e9dicas significativas. Muitas ap\u00f3lices de seguro de viagem oferecem cobertura adicional para esportes de aventura, proporcionando paz de esp\u00edrito aos viajantes enquanto eles aproveitam as experi\u00eancias emocionantes que as Maldivas oferecem.<\/p>\n<p><strong>Responsabilidade pessoal<\/strong><\/p>\n<p>Acidentes envolvendo outras pessoas, seja em um jet ski alugado ou durante uma excurs\u00e3o em grupo, podem levar a reivindica\u00e7\u00f5es de responsabilidade. O seguro que cobre responsabilidade pessoal pode proteger os viajantes das implica\u00e7\u00f5es financeiras de danos acidentais a terceiros ou danos \u00e0 sua propriedade.<\/p>\n<p><strong>Paz de esp\u00edrito<\/strong><\/p>\n<p>No final das contas, o benef\u00edcio abrangente de ter seguro de viagem e sa\u00fade \u00e9 a paz de esp\u00edrito que ele proporciona. Saber que a maioria das conting\u00eancias est\u00e1 coberta permite que os viajantes mergulhem completamente na beleza e no relaxamento de suas f\u00e9rias nas Maldivas, sem a preocupa\u00e7\u00e3o inc\u00f4moda de &quot;e se&quot;.<\/p>\n<p>Concluindo, seguro de viagem e sa\u00fade n\u00e3o s\u00e3o apenas recomendados, mas essenciais para qualquer um que esteja planejando visitar as Maldivas. O investimento em seguro protege n\u00e3o apenas os aspectos financeiros da viagem, mas tamb\u00e9m a sa\u00fade e o bem-estar dos viajantes, garantindo que as f\u00e9rias dos sonhos permane\u00e7am id\u00edlicas.<\/p>\n\n\t\t<\/div>\n\t<\/div>\n<\/div><\/div><\/div><\/div>\n<\/div>","protected":false},"excerpt":{"rendered":"<div class=\"mh-excerpt\"><\/div>","protected":false},"author":1,"featured_media":14889,"parent":0,"menu_order":0,"comment_status":"closed","ping_status":"closed","template":"","meta":{"footnotes":""},"class_list":["post-14888","page","type-page","status-publish","has-post-thumbnail"],"aioseo_notices":[],"_links":{"self":[{"href":"http:\/\/maldives-paradise.com\/pt\/wp-json\/wp\/v2\/pages\/14888","targetHints":{"allow":["GET"]}}],"collection":[{"href":"http:\/\/maldives-paradise.com\/pt\/wp-json\/wp\/v2\/pages"}],"about":[{"href":"http:\/\/maldives-paradise.com\/pt\/wp-json\/wp\/v2\/types\/page"}],"author":[{"embeddable":true,"href":"http:\/\/maldives-paradise.com\/pt\/wp-json\/wp\/v2\/users\/1"}],"replies":[{"embeddable":true,"href":"http:\/\/maldives-paradise.com\/pt\/wp-json\/wp\/v2\/comments?post=14888"}],"version-history":[{"count":2,"href":"http:\/\/maldives-paradise.com\/pt\/wp-json\/wp\/v2\/pages\/14888\/revisions"}],"predecessor-version":[{"id":14891,"href":"http:\/\/maldives-paradise.com\/pt\/wp-json\/wp\/v2\/pages\/14888\/revisions\/14891"}],"wp:featuredmedia":[{"embeddable":true,"href":"http:\/\/maldives-paradise.com\/pt\/wp-json\/wp\/v2\/media\/14889"}],"wp:attachment":[{"href":"http:\/\/maldives-paradise.com\/pt\/wp-json\/wp\/v2\/media?parent=14888"}],"curies":[{"name":"wp","href":"https:\/\/api.w.org\/{rel}","templated":true}]}}