{"id":14884,"date":"2024-05-04T18:09:25","date_gmt":"2024-05-04T18:09:25","guid":{"rendered":"http:\/\/maldives-paradise.com\/?page_id=14884"},"modified":"2024-09-14T08:17:34","modified_gmt":"2024-09-14T08:17:34","slug":"estacoes-nas-maldivas","status":"publish","type":"page","link":"http:\/\/maldives-paradise.com\/pt\/estacoes-nas-maldivas\/","title":{"rendered":"Temporadas nas Maldivas"},"content":{"rendered":"<div class=\"wpb-content-wrapper\"><div class=\"vc_row wpb_row vc_row-fluid\"><div class=\"wpb_column vc_column_container vc_col-sm-12\"><div class=\"vc_column-inner\"><div class=\"wpb_wrapper\">\n\t<div  class=\"wpb_single_image wpb_content_element vc_align_left wpb_content_element\">\n\t\t\n\t\t<figure class=\"wpb_wrapper vc_figure\">\n\t\t\t<div class=\"vc_single_image-wrapper   vc_box_border_grey\"><img decoding=\"async\" class=\"vc_single_image-img\" src=\"https:\/\/maldives-paradise.com\/wp-content\/uploads\/2024\/05\/maldives-beach.jpg\" width=\"780\" height=\"501\" alt=\"Praia das Maldivas\" title=\"maldivas-praia\" loading=\"lazy\" \/><\/div>\n\t\t<\/figure>\n\t<\/div>\n<\/div><\/div><\/div><\/div><div class=\"vc_row wpb_row vc_row-fluid\"><div class=\"wpb_column vc_column_container vc_col-sm-12\"><div class=\"vc_column-inner\"><div class=\"wpb_wrapper\">\n\t<div class=\"wpb_text_column wpb_content_element\" >\n\t\t<div class=\"wpb_wrapper\">\n\t\t\t<p>As Maldivas s\u00e3o famosas por suas \u00e1guas cristalinas de tirar o f\u00f4lego, recifes de corais vibrantes e resorts luxuosos. O que muitos visitantes podem n\u00e3o perceber \u00e9 que o clima id\u00edlico das Maldivas \u00e9 pontuado por duas esta\u00e7\u00f5es distintas: a esta\u00e7\u00e3o seca e a esta\u00e7\u00e3o chuvosa. Cada esta\u00e7\u00e3o oferece um charme \u00fanico e um conjunto de atividades adaptadas \u00e0s mudan\u00e7as clim\u00e1ticas.<\/p>\n<p><strong>A esta\u00e7\u00e3o seca: um ref\u00fagio para quem busca o sol<\/strong><\/p>\n<p>A esta\u00e7\u00e3o seca nas Maldivas vai de novembro a abril e \u00e9 caracterizada por menor umidade, chuvas m\u00ednimas e dias ensolarados sem fim. Este per\u00edodo se alinha com a mon\u00e7\u00e3o do nordeste, trazendo dias consistentemente brilhantes e perfeitos para atividades ao ar livre. Durante esta esta\u00e7\u00e3o, o mar permanece calmo e claro, tornando-o ideal para mergulho com snorkel, mergulho e nata\u00e7\u00e3o. A visibilidade subaqu\u00e1tica aumenta drasticamente, permitindo que os mergulhadores apreciem totalmente a rica vida marinha e as paisagens de corais.<\/p>\n<p>Os turistas se aglomeram nas ilhas durante esses meses para aproveitar o clima perfeito. A esta\u00e7\u00e3o seca tamb\u00e9m \u00e9 a temporada de pico para o turismo, com os resorts frequentemente mais movimentados. Para aqueles que procuram aproveitar a experi\u00eancia quintessencial das Maldivas \u2014 bangal\u00f4s sobre a \u00e1gua, banhos de sol em praias de areia branca e cruzeiros rom\u00e2nticos ao p\u00f4r do sol \u2014 a esta\u00e7\u00e3o seca \u00e9 a \u00e9poca para visitar.<\/p>\n<p><strong>A esta\u00e7\u00e3o chuvosa: uma fuga refrescante<\/strong><\/p>\n<p>Em contraste, a esta\u00e7\u00e3o chuvosa, que vai de maio a outubro, coincide com a mon\u00e7\u00e3o do sudoeste. Este per\u00edodo v\u00ea maior umidade, ventos mais fortes e chuvas significativas, particularmente em junho e julho. Embora isso possa parecer menos atraente, a esta\u00e7\u00e3o chuvosa traz suas pr\u00f3prias vantagens. As ilhas s\u00e3o menos lotadas, e os pre\u00e7os de acomoda\u00e7\u00e3o geralmente diminuem, tornando-se um \u00f3timo momento para viajantes preocupados com o or\u00e7amento.<\/p>\n<p>A precipita\u00e7\u00e3o durante a esta\u00e7\u00e3o chuvosa \u00e9 tipicamente breve, mas intensa, frequentemente seguida de sol. A vegeta\u00e7\u00e3o exuberante prospera neste clima, oferecendo uma explos\u00e3o vibrante de verde que real\u00e7a a beleza natural das ilhas. Al\u00e9m disso, a esta\u00e7\u00e3o chuvosa \u00e9 ideal para surfistas, pois a mon\u00e7\u00e3o agita ondas maiores e correntes mais fortes, proporcionando excelentes condi\u00e7\u00f5es para o surfe.<\/p>\n<p>Cada esta\u00e7\u00e3o nas Maldivas oferece uma perspectiva diferente do para\u00edso, atendendo a v\u00e1rios interesses e atividades. Seja aproveitando o sol infinito da esta\u00e7\u00e3o seca ou abra\u00e7ando o clima din\u00e2mico da esta\u00e7\u00e3o chuvosa, as Maldivas prometem uma fuga memor\u00e1vel para todos que as visitam.<\/p>\n\n\t\t<\/div>\n\t<\/div>\n<\/div><\/div><\/div><\/div><div class=\"vc_row wpb_row vc_row-fluid\"><div class=\"wpb_column vc_column_container vc_col-sm-12\"><div class=\"vc_column-inner\"><div class=\"wpb_wrapper\">\n\t<div class=\"wpb_text_column wpb_content_element\" >\n\t\t<div class=\"wpb_wrapper\">\n\t\t\t<p><a href=\"https:\/\/www.accuweather.com\/en\/mv\/male\/5003\/september-weather\/5003\" target=\"_blank\" rel=\"noopener\"><strong>Previs\u00e3o do tempo Maldivas<\/strong><\/a><\/p>\n\n\t\t<\/div>\n\t<\/div>\n<\/div><\/div><\/div><\/div>\n<\/div>","protected":false},"excerpt":{"rendered":"<div class=\"mh-excerpt\"><\/div>","protected":false},"author":1,"featured_media":14885,"parent":0,"menu_order":0,"comment_status":"closed","ping_status":"closed","template":"","meta":{"footnotes":""},"class_list":["post-14884","page","type-page","status-publish","has-post-thumbnail"],"aioseo_notices":[],"_links":{"self":[{"href":"http:\/\/maldives-paradise.com\/pt\/wp-json\/wp\/v2\/pages\/14884","targetHints":{"allow":["GET"]}}],"collection":[{"href":"http:\/\/maldives-paradise.com\/pt\/wp-json\/wp\/v2\/pages"}],"about":[{"href":"http:\/\/maldives-paradise.com\/pt\/wp-json\/wp\/v2\/types\/page"}],"author":[{"embeddable":true,"href":"http:\/\/maldives-paradise.com\/pt\/wp-json\/wp\/v2\/users\/1"}],"replies":[{"embeddable":true,"href":"http:\/\/maldives-paradise.com\/pt\/wp-json\/wp\/v2\/comments?post=14884"}],"version-history":[{"count":3,"href":"http:\/\/maldives-paradise.com\/pt\/wp-json\/wp\/v2\/pages\/14884\/revisions"}],"predecessor-version":[{"id":24641,"href":"http:\/\/maldives-paradise.com\/pt\/wp-json\/wp\/v2\/pages\/14884\/revisions\/24641"}],"wp:featuredmedia":[{"embeddable":true,"href":"http:\/\/maldives-paradise.com\/pt\/wp-json\/wp\/v2\/media\/14885"}],"wp:attachment":[{"href":"http:\/\/maldives-paradise.com\/pt\/wp-json\/wp\/v2\/media?parent=14884"}],"curies":[{"name":"wp","href":"https:\/\/api.w.org\/{rel}","templated":true}]}}