{"id":14711,"date":"2024-04-29T16:43:33","date_gmt":"2024-04-29T16:43:33","guid":{"rendered":"http:\/\/maldives-paradise.com\/?page_id=14711"},"modified":"2025-11-26T09:34:24","modified_gmt":"2025-11-26T09:34:24","slug":"os-12-melhores-resorts-com-melhor-preco-garantido-nas-maldivas","status":"publish","type":"page","link":"http:\/\/maldives-paradise.com\/pt\/os-12-melhores-resorts-com-melhor-preco-garantido-nas-maldivas\/","title":{"rendered":"Os melhores resorts com garantia do melhor pre\u00e7o nas Maldivas"},"content":{"rendered":"<div class=\"wpb-content-wrapper\"><div class=\"vc_row wpb_row vc_row-fluid\"><div class=\"wpb_column vc_column_container vc_col-sm-12\"><div class=\"vc_column-inner\"><div class=\"wpb_wrapper\">\n\t<div class=\"wpb_text_column wpb_content_element\" >\n\t\t<div class=\"wpb_wrapper\">\n\t\t\t<p>Aqui est\u00e3o os melhores hot\u00e9is\/resorts nas Maldivas que oferecem programas de Garantia de Melhor Tarifa ou Garantia de Melhor Pre\u00e7o, como tamb\u00e9m \u00e9 chamado, quando voc\u00ea reserva diretamente com o hotel. Eles garantem que um h\u00f3spede do hotel receba o menor pre\u00e7o dispon\u00edvel para uma noite ou uma estadia de v\u00e1rias noites ao reservar diretamente com o hotel.<\/p>\n<p>Os hot\u00e9is geralmente reservam as melhores ofertas para voc\u00ea quando voc\u00ea reserva diretamente, desde upgrades de quarto de cortesia at\u00e9 comodidades exclusivas e outras vantagens.<\/p>\n<p><a href=\"http:\/\/maldives-paradise.com\/pt\/melhor-garantia-de-taxa\/\">Leia mais sobre a Garantia de Melhor Tarifa aqui<\/a><\/p>\n\n\t\t<\/div>\n\t<\/div>\n<\/div><\/div><\/div><\/div><div class=\"vc_row wpb_row vc_row-fluid\"><div class=\"wpb_column vc_column_container vc_col-sm-3\"><div class=\"vc_column-inner\"><div class=\"wpb_wrapper\">\n\t<div  class=\"wpb_single_image wpb_content_element vc_align_left wpb_content_element\">\n\t\t\n\t\t<figure class=\"wpb_wrapper vc_figure\">\n\t\t\t<a href=\"https:\/\/lamp.glopss.com\/aff_c?offer_id=9&#038;aff_id=1834&#038;url=https%3A%2F%2Fwww.anantara.com%2Fen%2Fkihavah-maldives\" target=\"_self\" class=\"vc_single_image-wrapper   vc_box_border_grey\"><img loading=\"lazy\" decoding=\"async\" width=\"150\" height=\"150\" src=\"https:\/\/maldives-paradise.com\/wp-content\/uploads\/2024\/02\/anantara_kihavah_over_water_pool_villa_aerial_400px-150x150.jpg\" class=\"vc_single_image-img attachment-thumbnail\" alt=\"Vilas sobre a \u00e1gua Anantara Kihavah Maldivas\" title=\"anantara_kihavah_sobre_a_\u00e1gua_piscina_villa_a\u00e9rea_400px\" \/><\/a>\n\t\t<\/figure>\n\t<\/div>\n<\/div><\/div><\/div><div class=\"wpb_column vc_column_container vc_col-sm-9\"><div class=\"vc_column-inner\"><div class=\"wpb_wrapper\">\n\t<div class=\"wpb_text_column wpb_content_element\" >\n\t\t<div class=\"wpb_wrapper\">\n\t\t\t<h4><a href=\"https:\/\/lamp.glopss.com\/SHUs\" target=\"_blank\" rel=\"nofollow noopener\">Anantara Kihavah Maldivas Villas<\/a><\/h4>\n<p>Cercado por nada al\u00e9m de uma lagoa turquesa que se funde em azul safira, a ilha resort de luxo das Maldivas de Anantara Kihavah e suas areias brancas puras se erguem do oceano como uma miragem. Villas de luxo sobre a \u00e1gua com piscina privativa. Podem acomodar at\u00e9 2 adultos e 2 crian\u00e7as ou 3 adultos. Banheiro ao ar livre com banheira de hidromassagem com fundo de vidro, bicicletas privativas e anfitri\u00e3o particular da villa 24 horas.<\/p>\n\n\t\t<\/div>\n\t<\/div>\n<\/div><\/div><\/div><\/div><div class=\"vc_row wpb_row vc_row-fluid\"><div class=\"wpb_column vc_column_container vc_col-sm-3\"><div class=\"vc_column-inner\"><div class=\"wpb_wrapper\">\n\t<div  class=\"wpb_single_image wpb_content_element vc_align_left wpb_content_element\">\n\t\t\n\t\t<figure class=\"wpb_wrapper vc_figure\">\n\t\t\t<a href=\"https:\/\/lamp.glopss.com\/aff_c?offer_id=9&#038;aff_id=1834&#038;url=https%3A%2F%2Fwww.anantara.com%2Fen%2Fveli-maldives\" target=\"_self\" class=\"vc_single_image-wrapper   vc_box_border_grey\"><img loading=\"lazy\" decoding=\"async\" width=\"150\" height=\"150\" src=\"https:\/\/maldives-paradise.com\/wp-content\/uploads\/2023\/12\/anantara-veli-93-1080x480-1-150x150.jpg\" class=\"vc_single_image-img attachment-thumbnail\" alt=\"Anantara Veli Resort e Spa Maldivas\" title=\"anantara-veli-93-1080x480\" \/><\/a>\n\t\t<\/figure>\n\t<\/div>\n<\/div><\/div><\/div><div class=\"wpb_column vc_column_container vc_col-sm-9\"><div class=\"vc_column-inner\"><div class=\"wpb_wrapper\">\n\t<div class=\"wpb_text_column wpb_content_element\" >\n\t\t<div class=\"wpb_wrapper\">\n\t\t\t<h4><a href=\"https:\/\/lamp.glopss.com\/SHUt\" target=\"_blank\" rel=\"nofollow noopener\">Anantara Veli Maldivas Resort<\/a><\/h4>\n<p>Esta estadia boutique \u00e9 um dos resorts das Maldivas que far\u00e1 com que as pessoas reservem uma segunda lua de mel. O Anantara Veli Resort nas Maldivas incentiva os h\u00f3spedes a descansar em suas villas voltadas para o mar ou a desfrutar de uma refei\u00e7\u00e3o elegante ao p\u00f4r do sol. Basta uma curta viagem de lancha do Aeroporto Internacional de Mal\u00e9 para chegar a este retiro 5 estrelas apenas para adultos, que tamb\u00e9m oferece um pacote com tudo inclu\u00eddo. Neste pacote, os h\u00f3spedes podem ter acesso a vantagens como buffet di\u00e1rio, card\u00e1pio de bebidas com tudo inclu\u00eddo e descontos para estadias prolongadas.<\/p>\n\n\t\t<\/div>\n\t<\/div>\n<\/div><\/div><\/div><\/div><div class=\"vc_row wpb_row vc_row-fluid\"><div class=\"wpb_column vc_column_container vc_col-sm-3\"><div class=\"vc_column-inner\"><div class=\"wpb_wrapper\">\n\t<div  class=\"wpb_single_image wpb_content_element vc_align_left wpb_content_element\">\n\t\t\n\t\t<figure class=\"wpb_wrapper vc_figure\">\n\t\t\t<a href=\"https:\/\/lamp.glopss.com\/aff_c?offer_id=259&#038;aff_id=1834\" target=\"_self\" class=\"vc_single_image-wrapper   vc_box_border_grey\"><img loading=\"lazy\" decoding=\"async\" width=\"150\" height=\"150\" src=\"https:\/\/maldives-paradise.com\/wp-content\/uploads\/2024\/01\/baros-maldives3-150x150.jpg\" class=\"vc_single_image-img attachment-thumbnail\" alt=\"Baros Maldivas\" title=\"baros-maldivas3\" \/><\/a>\n\t\t<\/figure>\n\t<\/div>\n<\/div><\/div><\/div><div class=\"wpb_column vc_column_container vc_col-sm-9\"><div class=\"vc_column-inner\"><div class=\"wpb_wrapper\">\n\t<div class=\"wpb_text_column wpb_content_element\" >\n\t\t<div class=\"wpb_wrapper\">\n\t\t\t<h4><a href=\"https:\/\/lamp.glopss.com\/SHUm\" target=\"_blank\" rel=\"nofollow noopener\">Baros Maldivas<\/a><\/h4>\n<p>Uma ilha tropical exuberante situada nas \u00e1guas cintilantes de uma lagoa rasa, cercada por um recife vibrante com vida marinha. Hospede-se com eleg\u00e2ncia em Villas criadas em madeira e arenito, equilibradas e pac\u00edficas sobre uma lagoa transl\u00facida, ou discretamente aninhadas entre flores ex\u00f3ticas na praia. Deleite-se com privacidade rom\u00e2ntica nas f\u00e9rias perfeitas. A ess\u00eancia das Maldivas, definida em Baros.<\/p>\n\n\t\t<\/div>\n\t<\/div>\n<\/div><\/div><\/div><\/div><div class=\"vc_row wpb_row vc_row-fluid\"><div class=\"wpb_column vc_column_container vc_col-sm-3\"><div class=\"vc_column-inner\"><div class=\"wpb_wrapper\">\n\t<div  class=\"wpb_single_image wpb_content_element vc_align_left wpb_content_element\">\n\t\t\n\t\t<figure class=\"wpb_wrapper vc_figure\">\n\t\t\t<a href=\"https:\/\/lamp.glopss.com\/aff_c?offer_id=1384&#038;aff_id=1834\" target=\"_self\" class=\"vc_single_image-wrapper   vc_box_border_grey\"><img loading=\"lazy\" decoding=\"async\" width=\"150\" height=\"150\" src=\"https:\/\/maldives-paradise.com\/wp-content\/uploads\/2023\/12\/Hideaway-Beach-Resort-Spa-Shines-as-the-Most-Picturesque-Resort-in-the-Maldives-at-TTM-Awards-2023-1-1024x576-1-150x150.jpg\" class=\"vc_single_image-img attachment-thumbnail\" alt=\"Hideaway Beach Resort &amp; Spa\" title=\"Hideaway-Beach-Resort-Spa-brilha-como-o-resort-mais-pitoresco-das-Maldivas-no-TTM-Awards-2023-1-1024x576.jpg\" \/><\/a>\n\t\t<\/figure>\n\t<\/div>\n<\/div><\/div><\/div><div class=\"wpb_column vc_column_container vc_col-sm-9\"><div class=\"vc_column-inner\"><div class=\"wpb_wrapper\">\n\t<div class=\"wpb_text_column wpb_content_element\" >\n\t\t<div class=\"wpb_wrapper\">\n\t\t\t<h4><a href=\"https:\/\/lamp.glopss.com\/aff_c?offer_id=1384&amp;aff_id=1834\" target=\"_blank\" rel=\"nofollow noopener\">Hideaway Beach Resort &amp; Spa<\/a><\/h4>\n<p>Vencedor do pr\u00eamio Tripadvisor Travellers&#039; Choice Best of the Best Award 2022. Se os adultos precisam de uma pausa dos filhos, o resort tem a solu\u00e7\u00e3o: o excelente Tender Hearts Kids&#039; Club. Deixe seus pequenos soltos no clube infantil de 50 m\u00b2 e observe-os participar das atividades selecionadas que certamente impressionar\u00e3o. Isso inclui constru\u00e7\u00e3o de castelos de areia, aulas de pesca, ca\u00e7a ao tesouro, pintura, desenho, aulas de culin\u00e1ria, ciclismo, esconde-esconde, passeios educativos e muito mais.<\/p>\n\n\t\t<\/div>\n\t<\/div>\n<\/div><\/div><\/div><\/div><div class=\"vc_row wpb_row vc_row-fluid\"><div class=\"wpb_column vc_column_container vc_col-sm-3\"><div class=\"vc_column-inner\"><div class=\"wpb_wrapper\">\n\t<div  class=\"wpb_single_image wpb_content_element vc_align_left wpb_content_element\">\n\t\t\n\t\t<figure class=\"wpb_wrapper vc_figure\">\n\t\t\t<a href=\"https:\/\/lamp.glopss.com\/aff_c?offer_id=264&#038;aff_id=1834&#038;url=https%3A%2F%2Fwww.hurawalhi.com%2F\" target=\"_self\" class=\"vc_single_image-wrapper   vc_box_border_grey\"><img loading=\"lazy\" decoding=\"async\" width=\"150\" height=\"150\" src=\"https:\/\/maldives-paradise.com\/wp-content\/uploads\/2024\/01\/Hurawalhi-Island2-150x150.jpg\" class=\"vc_single_image-img attachment-thumbnail\" alt=\"Ilha Hurawalhi \u2013 Resort somente para adultos e tudo inclu\u00eddo\" title=\"Ilha Hurawalhi2\" \/><\/a>\n\t\t<\/figure>\n\t<\/div>\n<\/div><\/div><\/div><div class=\"wpb_column vc_column_container vc_col-sm-9\"><div class=\"vc_column-inner\"><div class=\"wpb_wrapper\">\n\t<div class=\"wpb_text_column wpb_content_element\" >\n\t\t<div class=\"wpb_wrapper\">\n\t\t\t<h4><a href=\"https:\/\/hotellook.tp.st\/6FluoLuO\" target=\"_blank\" rel=\"nofollow noopener\">Resort da Ilha Hurawalhi<\/a><\/h4>\n<p>Nada \u00e9 mais rom\u00e2ntico do que desfrutar da companhia de algu\u00e9m importante nas costas arenosas das Maldivas, bem no deslumbrante Atol de Lhavaiyani. O <strong>Resort da Ilha Hurawalhi<\/strong> est\u00e1 familiarizado com a cria\u00e7\u00e3o de um clima rom\u00e2ntico! Este resort apenas para adultos tamb\u00e9m garante que os h\u00f3spedes possam desfrutar da ilha sem stress com o seu plano tudo inclu\u00eddo. Com o plano, os viajantes podem acessar a academia de gin\u00e1stica e outras instala\u00e7\u00f5es esportivas do resort, refei\u00e7\u00f5es em estilo buffet no Restaurante Canneli, bebidas ilimitadas (excluindo determinadas bebidas) e o One Sunset Dolphin Cruise.<\/p>\n\n\t\t<\/div>\n\t<\/div>\n<\/div><\/div><\/div><\/div><div class=\"vc_row wpb_row vc_row-fluid\"><div class=\"wpb_column vc_column_container vc_col-sm-3\"><div class=\"vc_column-inner\"><div class=\"wpb_wrapper\">\n\t<div  class=\"wpb_single_image wpb_content_element vc_align_left wpb_content_element\">\n\t\t\n\t\t<figure class=\"wpb_wrapper vc_figure\">\n\t\t\t<a href=\"https:\/\/lamp.glopss.com\/aff_c?offer_id=372&#038;aff_id=1834\" target=\"_self\" class=\"vc_single_image-wrapper   vc_box_border_grey\"><img loading=\"lazy\" decoding=\"async\" width=\"150\" height=\"150\" src=\"https:\/\/maldives-paradise.com\/wp-content\/uploads\/2024\/03\/huvafen-fushi-celsius_1-150x150.jpg\" class=\"vc_single_image-img attachment-thumbnail\" alt=\"Huvafen Fushi\" title=\"huvafen-fushi-celsius_1\" srcset=\"https:\/\/maldives-paradise.com\/wp-content\/uploads\/2024\/03\/huvafen-fushi-celsius_1-150x150.jpg 150w, https:\/\/maldives-paradise.com\/wp-content\/uploads\/2024\/03\/huvafen-fushi-celsius_1-13x12.jpg 13w\" sizes=\"auto, (max-width: 150px) 100vw, 150px\" \/><\/a>\n\t\t<\/figure>\n\t<\/div>\n<\/div><\/div><\/div><div class=\"wpb_column vc_column_container vc_col-sm-9\"><div class=\"vc_column-inner\"><div class=\"wpb_wrapper\">\n\t<div class=\"wpb_text_column wpb_content_element\" >\n\t\t<div class=\"wpb_wrapper\">\n\t\t\t<h4><a href=\"https:\/\/lamp.glopss.com\/SHV1\" target=\"_blank\" rel=\"nofollow noopener\">Huvafen Fushi<\/a><\/h4>\n<p><strong>Huvafen Fushi<\/strong> \u00e9 um resort luxuoso de 5 estrelas localizado no Atol de Mal\u00e9 do Norte, nas Maldivas. Ele oferece bangal\u00f4s sobre a \u00e1gua e na praia com piscinas privativas e 6 restaurantes. Aromas atraentes, sabores inesquec\u00edveis, espa\u00e7os gastron\u00f4micos impressionantes. \u00c0 beira-mar, sobre a \u00e1gua, subterr\u00e2neo. As melhores culin\u00e1rias das Maldivas. Uma das experi\u00eancias gastron\u00f4micas subaqu\u00e1ticas personalizadas mais \u00edntimas do mundo, a oito metros abaixo da superf\u00edcie do Oceano \u00cdndico. Delicie-se com uma experi\u00eancia gastron\u00f4mica privativa como nenhuma outra, com vistas ininterruptas do recife cativante.<\/p>\n\n\t\t<\/div>\n\t<\/div>\n<\/div><\/div><\/div><\/div><div class=\"vc_row wpb_row vc_row-fluid\"><div class=\"wpb_column vc_column_container vc_col-sm-3\"><div class=\"vc_column-inner\"><div class=\"wpb_wrapper\">\n\t<div  class=\"wpb_single_image wpb_content_element vc_align_left wpb_content_element\">\n\t\t\n\t\t<figure class=\"wpb_wrapper vc_figure\">\n\t\t\t<a href=\"https:\/\/lamp.glopss.com\/aff_c?offer_id=264&#038;aff_id=1834&#038;url=https%3A%2F%2Fwww.komandoo.com%2F\" target=\"_self\" class=\"vc_single_image-wrapper   vc_box_border_grey\"><img loading=\"lazy\" decoding=\"async\" width=\"150\" height=\"150\" src=\"https:\/\/maldives-paradise.com\/wp-content\/uploads\/2024\/01\/komandoo3.-150x150.jpg\" class=\"vc_single_image-img attachment-thumbnail\" alt=\"Komandoo Island Resort &amp; Spa\" title=\"Piscina infinita Komandoo\" \/><\/a>\n\t\t<\/figure>\n\t<\/div>\n<\/div><\/div><\/div><div class=\"wpb_column vc_column_container vc_col-sm-9\"><div class=\"vc_column-inner\"><div class=\"wpb_wrapper\">\n\t<div class=\"wpb_text_column wpb_content_element\" >\n\t\t<div class=\"wpb_wrapper\">\n\t\t\t<h4><a href=\"https:\/\/maldives-paradise.com\/pt\/komandoo-ilha-resort-spa\/\">Komandoo Island Resort &amp; Spa<\/a><\/h4>\n<p>O Komandoo Island Resort &amp; Spa \u00e9 um dos resorts exclusivos para adultos mais bem avaliados das Maldivas. Os casais podem desfrutar da companhia um do outro neste resort premiado em um ambiente \u00edntimo entre a beleza do Atol de Lhaviyani. Os viajantes tamb\u00e9m v\u00e3o adorar os pacotes com tudo inclu\u00eddo do Komandoo. Os pacotes plus e gold do resort incluem vantagens como refei\u00e7\u00f5es em estilo buffet durante o caf\u00e9 da manh\u00e3, almo\u00e7o e jantar, bebidas ilimitadas, acesso ao minibar, uso gratuito da academia do resort e equipamentos recreativos selecionados.<\/p>\n\n\t\t<\/div>\n\t<\/div>\n<\/div><\/div><\/div><\/div><div class=\"vc_row wpb_row vc_row-fluid\"><div class=\"wpb_column vc_column_container vc_col-sm-3\"><div class=\"vc_column-inner\"><div class=\"wpb_wrapper\">\n\t<div  class=\"wpb_single_image wpb_content_element vc_align_left wpb_content_element\">\n\t\t\n\t\t<figure class=\"wpb_wrapper vc_figure\">\n\t\t\t<a href=\"https:\/\/lamp.glopss.com\/aff_c?offer_id=264&#038;aff_id=1834&#038;url=https%3A%2F%2Fwww.kudadoo.com%2F\" target=\"_self\" class=\"vc_single_image-wrapper   vc_box_border_grey\"><img loading=\"lazy\" decoding=\"async\" width=\"150\" height=\"150\" src=\"https:\/\/maldives-paradise.com\/wp-content\/uploads\/2024\/01\/kudadoo2-150x150.jpg\" class=\"vc_single_image-img attachment-thumbnail\" alt=\"Ilha Privada Kudadoo Maldivas\" title=\"kudadoo2\" \/><\/a>\n\t\t<\/figure>\n\t<\/div>\n<\/div><\/div><\/div><div class=\"wpb_column vc_column_container vc_col-sm-9\"><div class=\"vc_column-inner\"><div class=\"wpb_wrapper\">\n\t<div class=\"wpb_text_column wpb_content_element\" >\n\t\t<div class=\"wpb_wrapper\">\n\t\t\t<h4><a href=\"https:\/\/lamp.glopss.com\/aff_c?offer_id=264&amp;aff_id=1834&amp;url=https%3A%2F%2Fwww.kudadoo.com%2F\" target=\"_blank\" rel=\"nofollow noopener\">Ilha Privada Kudadoo Maldivas<\/a><\/h4>\n<p>As Ocean Pool Residences de 310 metros quadrados apresentam amplos decks sobre a \u00e1gua, uma piscina infinita privativa, muito espa\u00e7o para relaxar ao ar livre e um sof\u00e1 suspenso. Estas resid\u00eancias privadas de luxo com design requintado em Kudadoo incluem um banheiro espa\u00e7oso com banheira, chuveiro e \u00e1rea de maquiagem. Linhas ex\u00f3ticas e clean com tons terrosos e materiais naturais. <strong>Mordomo pessoal inclu\u00eddo. Qualquer coisa, em qualquer lugar, a qualquer hora.<br \/>\n<\/strong><\/p>\n\n\t\t<\/div>\n\t<\/div>\n<\/div><\/div><\/div><\/div><div class=\"vc_row wpb_row vc_row-fluid\"><div class=\"wpb_column vc_column_container vc_col-sm-3\"><div class=\"vc_column-inner\"><div class=\"wpb_wrapper\">\n\t<div  class=\"wpb_single_image wpb_content_element vc_align_left wpb_content_element\">\n\t\t\n\t\t<figure class=\"wpb_wrapper vc_figure\">\n\t\t\t<a href=\"https:\/\/lamp.glopss.com\/aff_c?offer_id=1508&#038;aff_id=1834\" target=\"_self\" class=\"vc_single_image-wrapper   vc_box_border_grey\"><img loading=\"lazy\" decoding=\"async\" width=\"150\" height=\"150\" src=\"https:\/\/maldives-paradise.com\/wp-content\/uploads\/2024\/01\/lily-beach2-150x150.jpg\" class=\"vc_single_image-img attachment-thumbnail\" alt=\"Lily Beach Resort &amp; Spa\" title=\"lily-praia2\" \/><\/a>\n\t\t<\/figure>\n\t<\/div>\n<\/div><\/div><\/div><div class=\"wpb_column vc_column_container vc_col-sm-9\"><div class=\"vc_column-inner\"><div class=\"wpb_wrapper\">\n\t<div class=\"wpb_text_column wpb_content_element\" >\n\t\t<div class=\"wpb_wrapper\">\n\t\t\t<h4><a href=\"https:\/\/lamp.glopss.com\/aff_c?offer_id=1508&amp;aff_id=1834\" target=\"_blank\" rel=\"nofollow noopener\">Lily Beach Resort &amp; Spa<\/a><\/h4>\n<p>Descubra o para\u00edso no Lily Beach Resort &amp; Spa \u2013 Luxo com tudo inclu\u00eddo nas Maldivas. Pacotes de casamento e renova\u00e7\u00e3o de votos est\u00e3o dispon\u00edveis no resort de luxo Lily Beach. Ambas as op\u00e7\u00f5es podem ser personalizadas e elaboradas para atender \u00e0s suas necessidades com uma ampla gama de experi\u00eancias adicionais.<\/p>\n\n\t\t<\/div>\n\t<\/div>\n<\/div><\/div><\/div><\/div><div class=\"vc_row wpb_row vc_row-fluid\"><div class=\"wpb_column vc_column_container vc_col-sm-3\"><div class=\"vc_column-inner\"><div class=\"wpb_wrapper\">\n\t<div  class=\"wpb_single_image wpb_content_element vc_align_left wpb_content_element\">\n\t\t\n\t\t<figure class=\"wpb_wrapper vc_figure\">\n\t\t\t<a href=\"https:\/\/lamp.glopss.com\/aff_c?offer_id=261&#038;aff_id=1834\" target=\"_self\" class=\"vc_single_image-wrapper   vc_box_border_grey\"><img loading=\"lazy\" decoding=\"async\" width=\"150\" height=\"150\" src=\"https:\/\/maldives-paradise.com\/wp-content\/uploads\/2023\/10\/milaidhoo3-150x150.jpg\" class=\"vc_single_image-img attachment-thumbnail\" alt=\"Milaidhoo Maldivas\" title=\"milaidhoo3\" \/><\/a>\n\t\t<\/figure>\n\t<\/div>\n<\/div><\/div><\/div><div class=\"wpb_column vc_column_container vc_col-sm-9\"><div class=\"vc_column-inner\"><div class=\"wpb_wrapper\">\n\t<div class=\"wpb_text_column wpb_content_element\" >\n\t\t<div class=\"wpb_wrapper\">\n\t\t\t<h4><a href=\"https:\/\/lamp.glopss.com\/SHUd\" target=\"_blank\" rel=\"nofollow noopener\">Ilha Milaidhoo Maldivas<\/a><\/h4>\n<p>O resort boutique Milaidhoo redefine o luxo e exibe com orgulho suas ra\u00edzes locais. Os h\u00f3spedes experimentam um estilo de vida casual, luxuoso e descal\u00e7o na ilha e sentem que pertencem enquanto est\u00e3o no ambiente natural e exuberante de uma ilha tropical. Todos os desejos rom\u00e2nticos podem ser realizados aqui: desde observar golfinhos ao p\u00f4r do sol at\u00e9 visitar um banco de areia abandonado para um piquenique na praia particular. Os passeios de mergulho com snorkel e cilindro pelo recife de corais colorido diretamente em frente \u00e0 ilha ou na famosa Ba\u00eda de Hanifaru tamb\u00e9m s\u00e3o maravilhosos. No Milaidhoo, os h\u00f3spedes encontrar\u00e3o seu segundo lar no Oceano \u00cdndico: elegante, familiar e pr\u00f3ximo \u00e0 natureza.<\/p>\n\n\t\t<\/div>\n\t<\/div>\n<\/div><\/div><\/div><\/div><div class=\"vc_row wpb_row vc_row-fluid\"><div class=\"wpb_column vc_column_container vc_col-sm-3\"><div class=\"vc_column-inner\"><div class=\"wpb_wrapper\">\n\t<div  class=\"wpb_single_image wpb_content_element vc_align_left wpb_content_element\">\n\t\t\n\t\t<figure class=\"wpb_wrapper vc_figure\">\n\t\t\t<a href=\"https:\/\/lamp.glopss.com\/aff_c?offer_id=9&#038;aff_id=1834&#038;url=https%3A%2F%2Fwww.niyama.com%2F\" target=\"_self\" class=\"vc_single_image-wrapper   vc_box_border_grey\"><img loading=\"lazy\" decoding=\"async\" width=\"150\" height=\"150\" src=\"https:\/\/maldives-paradise.com\/wp-content\/uploads\/2024\/01\/niyama2-150x150.jpg\" class=\"vc_single_image-img attachment-thumbnail\" alt=\"Ilhas Privadas de Niyama Maldivas\" title=\"niyama2\" \/><\/a>\n\t\t<\/figure>\n\t<\/div>\n<\/div><\/div><\/div><div class=\"wpb_column vc_column_container vc_col-sm-9\"><div class=\"vc_column-inner\"><div class=\"wpb_wrapper\">\n\t<div class=\"wpb_text_column wpb_content_element\" >\n\t\t<div class=\"wpb_wrapper\">\n\t\t\t<h4><a href=\"https:\/\/lamp.glopss.com\/SHUv\" target=\"_blank\" rel=\"nofollow noopener\">Ilhas Privadas de Niyama Maldivas<\/a><\/h4>\n<p>Melhor para escola de surf.<br \/>\nEste resort familiar de duas ilhas no sul do Atol de Dhaalu tem seu pr\u00f3prio ponto de surfe a uma dist\u00e2ncia de remo da costa. As aulas abrangem todos os n\u00edveis e todos os membros da fam\u00edlia, come\u00e7ando com o b\u00e1sico na tranquila lagoa azul de Niyama antes de graduar para mergulhos de pato e cutbacks em mar aberto. De volta \u00e0 terra, voc\u00ea tamb\u00e9m encontrar\u00e1 um clube infantil com todos os cantos e dan\u00e7as, um restaurante em casa na \u00e1rvore, um restaurante subaqu\u00e1tico, um spa sobre a \u00e1gua e grandes vilas familiares, tanto na praia quanto em palafitas sobre o Oceano \u00cdndico.<\/p>\n\n\t\t<\/div>\n\t<\/div>\n<\/div><\/div><\/div><\/div><div class=\"vc_row wpb_row vc_row-fluid\"><div class=\"wpb_column vc_column_container vc_col-sm-3\"><div class=\"vc_column-inner\"><div class=\"wpb_wrapper\">\n\t<div  class=\"wpb_single_image wpb_content_element vc_align_left wpb_content_element\">\n\t\t\n\t\t<figure class=\"wpb_wrapper vc_figure\">\n\t\t\t<a href=\"https:\/\/lamp.glopss.com\/aff_c?offer_id=1506&#038;aff_id=1834\" target=\"_self\" class=\"vc_single_image-wrapper   vc_box_border_grey\"><img loading=\"lazy\" decoding=\"async\" width=\"150\" height=\"150\" src=\"https:\/\/maldives-paradise.com\/wp-content\/uploads\/2024\/02\/PatinaMaldives5-400-150x150.jpg\" class=\"vc_single_image-img attachment-thumbnail\" alt=\"Patina Maldivas\" title=\"Patina+Maldivas5-400\" \/><\/a>\n\t\t<\/figure>\n\t<\/div>\n<\/div><\/div><\/div><div class=\"wpb_column vc_column_container vc_col-sm-9\"><div class=\"vc_column-inner\"><div class=\"wpb_wrapper\">\n\t<div class=\"wpb_text_column wpb_content_element\" >\n\t\t<div class=\"wpb_wrapper\">\n\t\t\t<h4><a href=\"https:\/\/lamp.glopss.com\/aff_c?offer_id=1506&amp;aff_id=1834\">Patina Maldivas<\/a><\/h4>\n<p>Patina Maldives \u00e9 uma premiada joia, oferecendo aos viajantes exigentes uma luxuosa escapada para o para\u00edso. Com suas deslumbrantes vilas sobre a \u00e1gua, experi\u00eancias gastron\u00f4micas requintadas, comodidades de classe mundial e compromisso com a sustentabilidade, o resort promete um retiro inesquec\u00edvel em um dos destinos mais deslumbrantes do mundo.<\/p>\n\n\t\t<\/div>\n\t<\/div>\n<\/div><\/div><\/div><\/div><div class=\"vc_row wpb_row vc_row-fluid\"><div class=\"wpb_column vc_column_container vc_col-sm-12\"><div class=\"vc_column-inner\"><div class=\"wpb_wrapper\">\n\t<div class=\"wpb_text_column wpb_content_element\" >\n\t\t<div class=\"wpb_wrapper\">\n\t\t\t<p><a href=\"http:\/\/maldives-paradise.com\/pt\/marcacao\/garantia-do-melhor-preco\/\"><strong>Mais sobre hot\u00e9is e resorts com a melhor tarifa garantida nas Maldivas<\/strong><\/a><\/p>\n\n\t\t<\/div>\n\t<\/div>\n<\/div><\/div><\/div><\/div>\n<\/div>","protected":false},"excerpt":{"rendered":"<div class=\"mh-excerpt\"><\/div>","protected":false},"author":1,"featured_media":8152,"parent":0,"menu_order":0,"comment_status":"closed","ping_status":"closed","template":"","meta":{"footnotes":""},"class_list":["post-14711","page","type-page","status-publish","has-post-thumbnail"],"aioseo_notices":[],"_links":{"self":[{"href":"http:\/\/maldives-paradise.com\/pt\/wp-json\/wp\/v2\/pages\/14711","targetHints":{"allow":["GET"]}}],"collection":[{"href":"http:\/\/maldives-paradise.com\/pt\/wp-json\/wp\/v2\/pages"}],"about":[{"href":"http:\/\/maldives-paradise.com\/pt\/wp-json\/wp\/v2\/types\/page"}],"author":[{"embeddable":true,"href":"http:\/\/maldives-paradise.com\/pt\/wp-json\/wp\/v2\/users\/1"}],"replies":[{"embeddable":true,"href":"http:\/\/maldives-paradise.com\/pt\/wp-json\/wp\/v2\/comments?post=14711"}],"version-history":[{"count":6,"href":"http:\/\/maldives-paradise.com\/pt\/wp-json\/wp\/v2\/pages\/14711\/revisions"}],"predecessor-version":[{"id":45315,"href":"http:\/\/maldives-paradise.com\/pt\/wp-json\/wp\/v2\/pages\/14711\/revisions\/45315"}],"wp:featuredmedia":[{"embeddable":true,"href":"http:\/\/maldives-paradise.com\/pt\/wp-json\/wp\/v2\/media\/8152"}],"wp:attachment":[{"href":"http:\/\/maldives-paradise.com\/pt\/wp-json\/wp\/v2\/media?parent=14711"}],"curies":[{"name":"wp","href":"https:\/\/api.w.org\/{rel}","templated":true}]}}