{"id":12744,"date":"2024-03-23T08:05:25","date_gmt":"2024-03-23T08:05:25","guid":{"rendered":"http:\/\/maldives-paradise.com\/?page_id=12744"},"modified":"2025-02-23T08:10:09","modified_gmt":"2025-02-23T08:10:09","slug":"hoteis-e-resorts-economicos-nas-maldivas","status":"publish","type":"page","link":"http:\/\/maldives-paradise.com\/pt\/hoteis-e-resorts-economicos-nas-maldivas\/","title":{"rendered":"Hot\u00e9is e resorts econ\u00f4micos nas Maldivas"},"content":{"rendered":"<div class=\"wpb-content-wrapper\"><div class=\"vc_row wpb_row vc_row-fluid\"><div class=\"wpb_column vc_column_container vc_col-sm-12\"><div class=\"vc_column-inner\"><div class=\"wpb_wrapper\">\n\t<div class=\"wpb_text_column wpb_content_element\" >\n\t\t<div class=\"wpb_wrapper\">\n\t\t\t<p>Hot\u00e9is econ\u00f4micos e pousadas nas Maldivas oferecem uma maneira acess\u00edvel de vivenciar a beleza deste para\u00edso tropical sem abrir m\u00e3o do conforto. Essas acomoda\u00e7\u00f5es geralmente oferecem quartos aconchegantes com ar-condicionado, Wi-Fi e atendimento personalizado.<br \/>\nMuitos hot\u00e9is econ\u00f4micos est\u00e3o localizados em ilhas locais, permitindo que os h\u00f3spedes explorem a cultura vibrante, praias intocadas e uma vida marinha diversificada. Os h\u00f3spedes podem desfrutar de atividades como mergulho com snorkel, mergulho aut\u00f4nomo e observa\u00e7\u00e3o de golfinhos, frequentemente organizadas a pre\u00e7os acess\u00edveis. Com op\u00e7\u00f5es que variam de pousadas familiares a hospedagens em estilo boutique, essas acomoda\u00e7\u00f5es oferecem um ambiente acolhedor e acesso a experi\u00eancias aut\u00eanticas das Maldivas, tornando-as ideais para viajantes que buscam bom custo-benef\u00edcio e aventura.<\/p>\n\n\t\t<\/div>\n\t<\/div>\n<\/div><\/div><\/div><\/div><div class=\"vc_row wpb_row vc_row-fluid\"><div class=\"wpb_column vc_column_container vc_col-sm-3\"><div class=\"vc_column-inner\"><div class=\"wpb_wrapper\">\n\t<div  class=\"wpb_single_image wpb_content_element vc_align_left wpb_content_element\">\n\t\t\n\t\t<figure class=\"wpb_wrapper vc_figure\">\n\t\t\t<a href=\"https:\/\/maldives-paradise.com\/pt\/2024\/11\/como-viver-com-orcamento-limitado-nas-maldivas-um-guia-para-o-viajante-economico\/\" target=\"_self\" class=\"vc_single_image-wrapper   vc_box_border_grey\"><img loading=\"lazy\" decoding=\"async\" width=\"150\" height=\"150\" src=\"https:\/\/maldives-paradise.com\/wp-content\/uploads\/2024\/09\/maldives-beach-150x150.jpg\" class=\"vc_single_image-img attachment-thumbnail\" alt=\"Praia nas Maldivas\" title=\"maldivas-praia\" \/><\/a>\n\t\t<\/figure>\n\t<\/div>\n<\/div><\/div><\/div><div class=\"wpb_column vc_column_container vc_col-sm-9\"><div class=\"vc_column-inner\"><div class=\"wpb_wrapper\">\n\t<div class=\"wpb_text_column wpb_content_element\" >\n\t\t<div class=\"wpb_wrapper\">\n\t\t\t<h4 class=\"entry-title\"><a href=\"https:\/\/maldives-paradise.com\/pt\/2024\/11\/como-viver-com-orcamento-limitado-nas-maldivas-um-guia-para-o-viajante-economico\/\">Como viver com or\u00e7amento limitado nas Maldivas: um guia para o viajante consciente dos custos<\/a><\/h4>\n<p>Embora as Maldivas sejam famosas por seus resorts em ilhas particulares, existem in\u00fameras ilhas locais que oferecem op\u00e7\u00f5es mais econ\u00f4micas. Essas ilhas contam com hot\u00e9is e pousadas acess\u00edveis, proporcionando uma experi\u00eancia aut\u00eantica da cultura maldiviana, com praias de areia branca, \u00e1guas azul-turquesa e uma vibrante vida marinha.<\/p>\n\n\t\t<\/div>\n\t<\/div>\n<\/div><\/div><\/div><\/div><div class=\"vc_row wpb_row vc_row-fluid\"><div class=\"wpb_column vc_column_container vc_col-sm-3\"><div class=\"vc_column-inner\"><div class=\"wpb_wrapper\">\n\t<div  class=\"wpb_single_image wpb_content_element vc_align_left wpb_content_element\">\n\t\t\n\t\t<figure class=\"wpb_wrapper vc_figure\">\n\t\t\t<a href=\"https:\/\/maldives-paradise.com\/pt\/2024\/12\/hoteis-economicos-e-pousadas-na-ilha-de-dhigurah\/\" target=\"_self\" class=\"vc_single_image-wrapper   vc_box_border_grey\"><img loading=\"lazy\" decoding=\"async\" width=\"150\" height=\"150\" src=\"https:\/\/maldives-paradise.com\/wp-content\/uploads\/2024\/12\/Dhigurah-island-150x150.jpeg\" class=\"vc_single_image-img attachment-thumbnail\" alt=\"Ilha Dhigurah\" title=\"DCIM100MEDIADJI_0239JPG\" \/><\/a>\n\t\t<\/figure>\n\t<\/div>\n<\/div><\/div><\/div><div class=\"wpb_column vc_column_container vc_col-sm-9\"><div class=\"vc_column-inner\"><div class=\"wpb_wrapper\">\n\t<div class=\"wpb_text_column wpb_content_element\" >\n\t\t<div class=\"wpb_wrapper\">\n\t\t\t<h4 class=\"entry-title\"><a href=\"https:\/\/maldives-paradise.com\/pt\/2024\/12\/hoteis-economicos-e-pousadas-na-ilha-de-dhigurah\/\">Hot\u00e9is e pens\u00f5es econ\u00f4micos na ilha de Dhigurah<\/a><\/h4>\n<p>Uma das caracter\u00edsticas mais marcantes de Dhigurah \u00e9 a sua proximidade com uma popula\u00e7\u00e3o permanente de tubar\u00f5es-baleia, o que a torna um destino privilegiado para os entusiastas do mergulho livre e aut\u00f4nomo. As \u00e1guas que circundam a ilha tamb\u00e9m abrigam raias-manta e coloridos recifes de coral, oferecendo experi\u00eancias subaqu\u00e1ticas incompar\u00e1veis.<\/p>\n<p>Para viajantes que buscam hot\u00e9is e pousadas econ\u00f4micos sem abrir m\u00e3o do conforto, Dhigurah oferece diversas op\u00e7\u00f5es excelentes.<\/p>\n\n\t\t<\/div>\n\t<\/div>\n<\/div><\/div><\/div><\/div><div class=\"vc_row wpb_row vc_row-fluid\"><div class=\"wpb_column vc_column_container vc_col-sm-3\"><div class=\"vc_column-inner\"><div class=\"wpb_wrapper\">\n\t<div  class=\"wpb_single_image wpb_content_element vc_align_left wpb_content_element\">\n\t\t\n\t\t<figure class=\"wpb_wrapper vc_figure\">\n\t\t\t<a href=\"https:\/\/maldives-paradise.com\/pt\/2024\/12\/hoteis-e-pensoes-economicos-na-ilha-de-gulhi\/\" target=\"_self\" class=\"vc_single_image-wrapper   vc_box_border_grey\"><img loading=\"lazy\" decoding=\"async\" width=\"150\" height=\"150\" src=\"https:\/\/maldives-paradise.com\/wp-content\/uploads\/2024\/12\/Gulhi-Island-view-150x150.jpg\" class=\"vc_single_image-img attachment-thumbnail\" alt=\"Ilha Gulhi\" title=\"Vista da Ilha de Gulhi\" \/><\/a>\n\t\t<\/figure>\n\t<\/div>\n<\/div><\/div><\/div><div class=\"wpb_column vc_column_container vc_col-sm-9\"><div class=\"vc_column-inner\"><div class=\"wpb_wrapper\">\n\t<div class=\"wpb_text_column wpb_content_element\" >\n\t\t<div class=\"wpb_wrapper\">\n\t\t\t<h4 class=\"entry-title\"><a href=\"https:\/\/maldives-paradise.com\/pt\/2024\/12\/hoteis-e-pensoes-economicos-na-ilha-de-gulhi\/\">Hot\u00e9is e pens\u00f5es econ\u00f4micos na ilha de Gulhi<\/a><\/h4>\n<p>A ilha de Gulhi, situada no Atol de Mal\u00e9 Sul, nas Maldivas, \u00e9 um ref\u00fagio sereno, famoso por suas praias de areia branca imaculada, \u00e1guas cristalinas azul-turquesa e ambiente tranquilo. Ao contr\u00e1rio de suas vizinhas mais comercializadas, Gulhi oferece aos visitantes uma aut\u00eantica experi\u00eancia maldiviana, caracterizada por sua pequena comunidade de pescadores e beleza natural intocada.<\/p>\n\n\t\t<\/div>\n\t<\/div>\n<\/div><\/div><\/div><\/div><div class=\"vc_row wpb_row vc_row-fluid\"><div class=\"wpb_column vc_column_container vc_col-sm-3\"><div class=\"vc_column-inner\"><div class=\"wpb_wrapper\">\n\t<div  class=\"wpb_single_image wpb_content_element vc_align_left wpb_content_element\">\n\t\t\n\t\t<figure class=\"wpb_wrapper vc_figure\">\n\t\t\t<a href=\"https:\/\/maldives-paradise.com\/pt\/2022\/10\/melhores-lugares-para-ficar-em-maafushi-maldivas\/\" target=\"_self\" class=\"vc_single_image-wrapper   vc_box_border_grey\"><img loading=\"lazy\" decoding=\"async\" width=\"150\" height=\"150\" src=\"https:\/\/maldives-paradise.com\/wp-content\/uploads\/2024\/04\/stingray-feeding-maafushi-triton-maldives-150x150.jpg\" class=\"vc_single_image-img attachment-thumbnail\" alt=\"Atol de Vaavu\" title=\"arraia-alimentando-maafushi-triton-maldivas\" \/><\/a>\n\t\t<\/figure>\n\t<\/div>\n<\/div><\/div><\/div><div class=\"wpb_column vc_column_container vc_col-sm-9\"><div class=\"vc_column-inner\"><div class=\"wpb_wrapper\">\n\t<div class=\"wpb_text_column wpb_content_element\" >\n\t\t<div class=\"wpb_wrapper\">\n\t\t\t<h4 class=\"entry-title\"><a href=\"https:\/\/maldives-paradise.com\/pt\/2022\/10\/melhores-lugares-para-ficar-em-maafushi-maldivas\/\">Melhores lugares para ficar em Maafushi, Maldivas<\/a><\/h4>\n<p>Ao escolher entre hot\u00e9is econ\u00f4micos para se hospedar em Maafushi, n\u00e3o importa em que parte da ilha voc\u00ea esteja. Alguns hot\u00e9is em Maafushi oferecem vistas panor\u00e2micas do oceano. Em contrapartida, outros est\u00e3o localizados em cantos tranquilos, longe da agita\u00e7\u00e3o e da multid\u00e3o de turistas.<\/p>\n\n\t\t<\/div>\n\t<\/div>\n<\/div><\/div><\/div><\/div><div class=\"vc_row wpb_row vc_row-fluid\"><div class=\"wpb_column vc_column_container vc_col-sm-3\"><div class=\"vc_column-inner\"><div class=\"wpb_wrapper\">\n\t<div  class=\"wpb_single_image wpb_content_element vc_align_left wpb_content_element\">\n\t\t\n\t\t<figure class=\"wpb_wrapper vc_figure\">\n\t\t\t<a href=\"https:\/\/maldives-paradise.com\/pt\/2024\/12\/budget-hotels-and-guest-houses-in-male\/\" target=\"_self\" class=\"vc_single_image-wrapper   vc_box_border_grey\"><img loading=\"lazy\" decoding=\"async\" width=\"150\" height=\"150\" src=\"https:\/\/maldives-paradise.com\/wp-content\/uploads\/2024\/07\/Male-Maldives-700x450-1-150x150.jpg\" class=\"vc_single_image-img attachment-thumbnail\" alt=\"Maldivas masculinas\" title=\"Masculino-Maldivas-700x450\" \/><\/a>\n\t\t<\/figure>\n\t<\/div>\n<\/div><\/div><\/div><div class=\"wpb_column vc_column_container vc_col-sm-9\"><div class=\"vc_column-inner\"><div class=\"wpb_wrapper\">\n\t<div class=\"wpb_text_column wpb_content_element\" >\n\t\t<div class=\"wpb_wrapper\">\n\t\t\t<h4 class=\"entry-title\"><a href=\"https:\/\/maldives-paradise.com\/pt\/2024\/12\/budget-hotels-and-guest-houses-in-male\/\">Hot\u00e9is e pens\u00f5es econ\u00f4micos em Mal\u00e9<\/a><\/h4>\n<p>Para viajantes que buscam hospedagens acess\u00edveis em Mal\u00e9, aqui est\u00e3o cinco hot\u00e9is e pousadas com pre\u00e7os acess\u00edveis. Mal\u00e9, a vibrante capital das Maldivas, oferece uma combina\u00e7\u00e3o \u00fanica de rica heran\u00e7a cultural e vida urbana moderna, diferenciando-se das tranquilas ilhas paradis\u00edacas do pa\u00eds. Situada em uma ilha compacta no Atol de Mal\u00e9 Norte, destaca-se como uma das cidades mais densamente povoadas do mundo, proporcionando aos visitantes um vislumbre aut\u00eantico do cotidiano maldiviano.<\/p>\n\n\t\t<\/div>\n\t<\/div>\n<\/div><\/div><\/div><\/div><div class=\"vc_row wpb_row vc_row-fluid\"><div class=\"wpb_column vc_column_container vc_col-sm-3\"><div class=\"vc_column-inner\"><div class=\"wpb_wrapper\">\n\t<div  class=\"wpb_single_image wpb_content_element vc_align_left wpb_content_element\">\n\t\t\n\t\t<figure class=\"wpb_wrapper vc_figure\">\n\t\t\t<a href=\"https:\/\/maldives-paradise.com\/pt\/2024\/12\/hoteis-economicos-e-pousadas-na-ilha-de-thoddoo\/\" target=\"_self\" class=\"vc_single_image-wrapper   vc_box_border_grey\"><img loading=\"lazy\" decoding=\"async\" width=\"150\" height=\"150\" src=\"https:\/\/maldives-paradise.com\/wp-content\/uploads\/2024\/11\/thoodoo-island-150x150.jpg\" class=\"vc_single_image-img attachment-thumbnail\" alt=\"Thoddoo\" title=\"ilha thoodoo\" \/><\/a>\n\t\t<\/figure>\n\t<\/div>\n<\/div><\/div><\/div><div class=\"wpb_column vc_column_container vc_col-sm-9\"><div class=\"vc_column-inner\"><div class=\"wpb_wrapper\">\n\t<div class=\"wpb_text_column wpb_content_element\" >\n\t\t<div class=\"wpb_wrapper\">\n\t\t\t<h4 class=\"entry-title\"><a href=\"https:\/\/maldives-paradise.com\/pt\/2024\/12\/hoteis-economicos-e-pousadas-na-ilha-de-thoddoo\/\">Hot\u00e9is e pens\u00f5es econ\u00f4micos na ilha de Thoddoo<\/a><\/h4>\n<p>Thoddoo oferece aos visitantes um vislumbre aut\u00eantico da vida tradicional das Maldivas, combinando harmoniosamente a agricultura com o turismo emergente. As extensas terras agr\u00edcolas da ilha e o cultivo de frutas tropicais proporcionam um cen\u00e1rio \u00fanico, diferenciando-a dos destinos tur\u00edsticos t\u00edpicos.<\/p>\n<p>Para viajantes que buscam acomoda\u00e7\u00f5es econ\u00f4micas sem abrir m\u00e3o da experi\u00eancia, Thoddoo oferece diversos hot\u00e9is e pousadas com pre\u00e7os acess\u00edveis.<\/p>\n\n\t\t<\/div>\n\t<\/div>\n<\/div><\/div><\/div><\/div><div class=\"vc_row wpb_row vc_row-fluid\"><div class=\"wpb_column vc_column_container vc_col-sm-3\"><div class=\"vc_column-inner\"><div class=\"wpb_wrapper\">\n\t<div  class=\"wpb_single_image wpb_content_element vc_align_left wpb_content_element\">\n\t\t\n\t\t<figure class=\"wpb_wrapper vc_figure\">\n\t\t\t<a href=\"https:\/\/maldives-paradise.com\/pt\/2024\/12\/hoteis-e-pensoes-economicos-na-ilha-de-thulusdhoo\/\" target=\"_self\" class=\"vc_single_image-wrapper   vc_box_border_grey\"><img loading=\"lazy\" decoding=\"async\" width=\"150\" height=\"150\" src=\"https:\/\/maldives-paradise.com\/wp-content\/uploads\/2024\/12\/Thulusdhoo-150x150.jpg\" class=\"vc_single_image-img attachment-thumbnail\" alt=\"Ilha Thulusdhoo\" title=\"DCIM100MEDIADJI_0047JPG\" \/><\/a>\n\t\t<\/figure>\n\t<\/div>\n<\/div><\/div><\/div><div class=\"wpb_column vc_column_container vc_col-sm-9\"><div class=\"vc_column-inner\"><div class=\"wpb_wrapper\">\n\t<div class=\"wpb_text_column wpb_content_element\" >\n\t\t<div class=\"wpb_wrapper\">\n\t\t\t<h4 class=\"entry-title\"><a href=\"https:\/\/maldives-paradise.com\/pt\/2024\/12\/hoteis-e-pensoes-economicos-na-ilha-de-thulusdhoo\/\">Hot\u00e9is e pens\u00f5es econ\u00f4micos na ilha de Thulusdhoo<\/a><\/h4>\n<p>A Ilha Thulusdhoo se destaca como um destino diferenciado nas Maldivas, oferecendo surfe de n\u00edvel internacional, experi\u00eancias culturais aut\u00eanticas e acomoda\u00e7\u00f5es econ\u00f4micas, o que a torna uma escolha ideal para viajantes que buscam aventura e pre\u00e7os acess\u00edveis.<br \/>\nViajantes em busca de acomoda\u00e7\u00f5es confort\u00e1veis e acess\u00edveis encontrar\u00e3o em Thulusdhoo op\u00e7\u00f5es ideais. Aqui est\u00e3o quatro alternativas econ\u00f4micas.<\/p>\n\n\t\t<\/div>\n\t<\/div>\n<\/div><\/div><\/div><\/div><div class=\"vc_row wpb_row vc_row-fluid\"><div class=\"wpb_column vc_column_container vc_col-sm-3\"><div class=\"vc_column-inner\"><div class=\"wpb_wrapper\">\n\t<div  class=\"wpb_single_image wpb_content_element vc_align_left wpb_content_element\">\n\t\t\n\t\t<figure class=\"wpb_wrapper vc_figure\">\n\t\t\t<a href=\"https:\/\/maldives-paradise.com\/pt\/2024\/11\/budget-hotels-and-guest-houses-in-ukulhas\/\" target=\"_self\" class=\"vc_single_image-wrapper   vc_box_border_grey\"><img loading=\"lazy\" decoding=\"async\" width=\"150\" height=\"150\" src=\"https:\/\/maldives-paradise.com\/wp-content\/uploads\/2024\/11\/ukulhus-1-150x150.jpg\" class=\"vc_single_image-img attachment-thumbnail\" alt=\"Ukulhas\" title=\"ukulhus\" \/><\/a>\n\t\t<\/figure>\n\t<\/div>\n<\/div><\/div><\/div><div class=\"wpb_column vc_column_container vc_col-sm-9\"><div class=\"vc_column-inner\"><div class=\"wpb_wrapper\">\n\t<div class=\"wpb_text_column wpb_content_element\" >\n\t\t<div class=\"wpb_wrapper\">\n\t\t\t<h4 class=\"entry-title\"><a href=\"https:\/\/maldives-paradise.com\/pt\/2024\/11\/budget-hotels-and-guest-houses-in-ukulhas\/\">Hot\u00e9is e pens\u00f5es econ\u00f4micos em Ukulhas<\/a><\/h4>\n<p>Para viajantes que buscam hot\u00e9is e pousadas econ\u00f4micas sem abrir m\u00e3o do conforto, Ukulhas oferece diversas op\u00e7\u00f5es excelentes.<\/p>\n\n\t\t<\/div>\n\t<\/div>\n<\/div><\/div><\/div><\/div>\n<\/div>","protected":false},"excerpt":{"rendered":"<div class=\"mh-excerpt\"><\/div>","protected":false},"author":1,"featured_media":11680,"parent":0,"menu_order":0,"comment_status":"closed","ping_status":"closed","template":"","meta":{"footnotes":""},"class_list":["post-12744","page","type-page","status-publish","has-post-thumbnail"],"aioseo_notices":[],"_links":{"self":[{"href":"http:\/\/maldives-paradise.com\/pt\/wp-json\/wp\/v2\/pages\/12744","targetHints":{"allow":["GET"]}}],"collection":[{"href":"http:\/\/maldives-paradise.com\/pt\/wp-json\/wp\/v2\/pages"}],"about":[{"href":"http:\/\/maldives-paradise.com\/pt\/wp-json\/wp\/v2\/types\/page"}],"author":[{"embeddable":true,"href":"http:\/\/maldives-paradise.com\/pt\/wp-json\/wp\/v2\/users\/1"}],"replies":[{"embeddable":true,"href":"http:\/\/maldives-paradise.com\/pt\/wp-json\/wp\/v2\/comments?post=12744"}],"version-history":[{"count":6,"href":"http:\/\/maldives-paradise.com\/pt\/wp-json\/wp\/v2\/pages\/12744\/revisions"}],"predecessor-version":[{"id":30047,"href":"http:\/\/maldives-paradise.com\/pt\/wp-json\/wp\/v2\/pages\/12744\/revisions\/30047"}],"wp:featuredmedia":[{"embeddable":true,"href":"http:\/\/maldives-paradise.com\/pt\/wp-json\/wp\/v2\/media\/11680"}],"wp:attachment":[{"href":"http:\/\/maldives-paradise.com\/pt\/wp-json\/wp\/v2\/media?parent=12744"}],"curies":[{"name":"wp","href":"https:\/\/api.w.org\/{rel}","templated":true}]}}