{"id":11672,"date":"2024-03-02T09:38:17","date_gmt":"2024-03-02T09:38:17","guid":{"rendered":"http:\/\/maldives-paradise.com\/?page_id=11672"},"modified":"2025-11-26T09:18:45","modified_gmt":"2025-11-26T09:18:45","slug":"12-melhores-resorts-gourmet-nas-maldivas","status":"publish","type":"page","link":"http:\/\/maldives-paradise.com\/pt\/12-melhores-resorts-gourmet-nas-maldivas\/","title":{"rendered":"The Best Gourmet Resorts in Maldives"},"content":{"rendered":"<div class=\"wpb-content-wrapper\"><div class=\"vc_row wpb_row vc_row-fluid\"><div class=\"wpb_column vc_column_container vc_col-sm-12\"><div class=\"vc_column-inner\"><div class=\"wpb_wrapper\">\n\t<div class=\"wpb_text_column wpb_content_element\" >\n\t\t<div class=\"wpb_wrapper\">\n\t\t\t<p>As Maldivas abrigam algumas das experi\u00eancias gastron\u00f4micas gourmet mais requintadas do mundo, principalmente em seus resorts de luxo. Esses restaurantes se destacam por oferecer uma mistura de culin\u00e1rias internacionais e locais das Maldivas, preparadas por chefs de classe mundial. O restaurante subaqu\u00e1tico 5.8 no Hurawalhi Island Resort se destaca por seu ambiente gastron\u00f4mico \u00fanico, cercado por uma vibrante vida marinha. Enquanto isso, o Fresh in the Garden do Soneva Fushi encanta os h\u00f3spedes com pratos org\u00e2nicos, do jardim \u00e0 mesa, servidos em meio \u00e0s copas das \u00e1rvores. Outra men\u00e7\u00e3o not\u00e1vel \u00e9 o Aragu, uma fus\u00e3o de v\u00e1rios pratos de pratos modernos europeus e asi\u00e1ticos. Esses estabelecimentos n\u00e3o s\u00f3 oferecem del\u00edcias culin\u00e1rias excepcionais, mas tamb\u00e9m experi\u00eancias imersivas que combinam perfeitamente com a beleza natural e o luxo das Maldivas.<\/p>\n<p>Reservar um resort gourmet nas Maldivas \u00e9 um sonho culin\u00e1rio que se torna realidade, oferecendo uma experi\u00eancia gastron\u00f4mica requintada em um dos cen\u00e1rios mais lindos do mundo. Esses resorts contam com chefs de classe mundial, menus inovadores e uma variedade de op\u00e7\u00f5es gastron\u00f4micas, de restaurantes sobre a \u00e1gua a jantares privativos \u00e0 beira-mar. Os h\u00f3spedes podem saborear frutos do mar frescos de origem local, cozinha gourmet internacional e experi\u00eancias gastron\u00f4micas personalizadas, adaptadas \u00e0s suas prefer\u00eancias.<\/p>\n\n\t\t<\/div>\n\t<\/div>\n<\/div><\/div><\/div><\/div><div class=\"vc_row wpb_row vc_row-fluid\"><div class=\"wpb_column vc_column_container vc_col-sm-3\"><div class=\"vc_column-inner\"><div class=\"wpb_wrapper\">\n\t<div  class=\"wpb_single_image wpb_content_element vc_align_left wpb_content_element\">\n\t\t\n\t\t<figure class=\"wpb_wrapper vc_figure\">\n\t\t\t<a href=\"http:\/\/maldives-paradise.com\/pt\/velaa-ilha-privada-maldivas\/\" target=\"_self\" class=\"vc_single_image-wrapper   vc_box_border_grey\"><img loading=\"lazy\" decoding=\"async\" width=\"150\" height=\"150\" src=\"https:\/\/maldives-paradise.com\/wp-content\/uploads\/2024\/03\/velaa-restaurant-150x150.jpg\" class=\"vc_single_image-img attachment-thumbnail\" alt=\"Restaurante de luxo Velaa\" title=\"restaurante velaa\" srcset=\"https:\/\/maldives-paradise.com\/wp-content\/uploads\/2024\/03\/velaa-restaurant-150x150.jpg 150w, https:\/\/maldives-paradise.com\/wp-content\/uploads\/2024\/03\/velaa-restaurant-300x300.jpg 300w, https:\/\/maldives-paradise.com\/wp-content\/uploads\/2024\/03\/velaa-restaurant-12x12.jpg 12w, https:\/\/maldives-paradise.com\/wp-content\/uploads\/2024\/03\/velaa-restaurant.jpg 400w\" sizes=\"auto, (max-width: 150px) 100vw, 150px\" \/><\/a>\n\t\t<\/figure>\n\t<\/div>\n<\/div><\/div><\/div><div class=\"wpb_column vc_column_container vc_col-sm-9\"><div class=\"vc_column-inner\"><div class=\"wpb_wrapper\">\n\t<div class=\"wpb_text_column wpb_content_element\" >\n\t\t<div class=\"wpb_wrapper\">\n\t\t\t<h4><a href=\"http:\/\/maldives-paradise.com\/pt\/velaa-ilha-privada-maldivas\/\">Ilha Privada Velaa<\/a><\/h4>\n<p>Aragu, o \u00fanico restaurante do pa\u00eds a entrar na lista dos 50 Melhores Restaurantes da \u00c1sia. Uma fus\u00e3o de v\u00e1rios pratos de pratos modernos europeus e asi\u00e1ticos. Athiri, uma equipe de chefs de 14 na\u00e7\u00f5es usa os melhores ingredientes importados e locais para servir um menu global de comida aut\u00eantica e caseira.<\/p>\n\n\t\t<\/div>\n\t<\/div>\n<\/div><\/div><\/div><\/div><div class=\"vc_row wpb_row vc_row-fluid\"><div class=\"wpb_column vc_column_container vc_col-sm-3\"><div class=\"vc_column-inner\"><div class=\"wpb_wrapper\">\n\t<div  class=\"wpb_single_image wpb_content_element vc_align_left wpb_content_element\">\n\t\t\n\t\t<figure class=\"wpb_wrapper vc_figure\">\n\t\t\t<a href=\"https:\/\/lamp.glopss.com\/aff_c?offer_id=9&#038;aff_id=1834&#038;url=https%3A%2F%2Fwww.anantara.com%2Fen%2Fveli-maldives\" target=\"_self\" class=\"vc_single_image-wrapper   vc_box_border_grey\"><img loading=\"lazy\" decoding=\"async\" width=\"150\" height=\"150\" src=\"https:\/\/maldives-paradise.com\/wp-content\/uploads\/2024\/03\/anantara_veli_dining_invilladining_teaser-400-150x150.jpg\" class=\"vc_single_image-img attachment-thumbnail\" alt=\"\" title=\"anantara_veli_jantar_em_villadining_teaser-400\" \/><\/a>\n\t\t<\/figure>\n\t<\/div>\n<\/div><\/div><\/div><div class=\"wpb_column vc_column_container vc_col-sm-9\"><div class=\"vc_column-inner\"><div class=\"wpb_wrapper\">\n\t<div class=\"wpb_text_column wpb_content_element\" >\n\t\t<div class=\"wpb_wrapper\">\n\t\t\t<h4><a href=\"https:\/\/lamp.glopss.com\/SHUt\" target=\"_blank\" rel=\"nofollow noopener\">Anantara Veli Maldivas Resort<\/a><\/h4>\n<p>Descubra culin\u00e1rias distintas em uma sele\u00e7\u00e3o de alguns dos melhores restaurantes nas Maldivas, com vistas de tirar o f\u00f4lego. Culin\u00e1rias locais e internacionais complementam experi\u00eancias excepcionais de alta gastronomia em nossos restaurantes nas Maldivas.<\/p>\n\n\t\t<\/div>\n\t<\/div>\n<\/div><\/div><\/div><\/div><div class=\"vc_row wpb_row vc_row-fluid\"><div class=\"wpb_column vc_column_container vc_col-sm-3\"><div class=\"vc_column-inner\"><div class=\"wpb_wrapper\">\n\t<div  class=\"wpb_single_image wpb_content_element vc_align_left wpb_content_element\">\n\t\t\n\t\t<figure class=\"wpb_wrapper vc_figure\">\n\t\t\t<a href=\"https:\/\/lamp.glopss.com\/aff_c?offer_id=264&#038;aff_id=1834&#038;url=https%3A%2F%2Fwww.hurawalhi.com%2F\" target=\"_self\" class=\"vc_single_image-wrapper   vc_box_border_grey\"><img loading=\"lazy\" decoding=\"async\" width=\"150\" height=\"150\" src=\"https:\/\/maldives-paradise.com\/wp-content\/uploads\/2024\/03\/58-underwater-restaurant-150x150.jpg\" class=\"vc_single_image-img attachment-thumbnail\" alt=\"Hurawalhi Island Resort 5.8 restaurante submarino\" title=\"58-restaurante-subaqu\u00e1tico\" \/><\/a>\n\t\t<\/figure>\n\t<\/div>\n<\/div><\/div><\/div><div class=\"wpb_column vc_column_container vc_col-sm-9\"><div class=\"vc_column-inner\"><div class=\"wpb_wrapper\">\n\t<div class=\"wpb_text_column wpb_content_element\" >\n\t\t<div class=\"wpb_wrapper\">\n\t\t\t<h4><a href=\"https:\/\/hotellook.tp.st\/6FluoLuO\" target=\"_blank\" rel=\"nofollow noopener\">Resort da Ilha Hurawalhi<\/a><\/h4>\n<p>5.8 Undersea Restaurant, com del\u00edcias gourmet espetaculares, \u00e9 servido 5,8 metros abaixo do mar em Hurawalhi. Kashibo Restaurant &amp; Bar combina pratos deliciosos e aut\u00eanticos inspirados na comida de rua asi\u00e1tica com o ador\u00e1vel cen\u00e1rio sobre a \u00e1gua do local.<\/p>\n\n\t\t<\/div>\n\t<\/div>\n<\/div><\/div><\/div><\/div><div class=\"vc_row wpb_row vc_row-fluid\"><div class=\"wpb_column vc_column_container vc_col-sm-3\"><div class=\"vc_column-inner\"><div class=\"wpb_wrapper\">\n\t<div  class=\"wpb_single_image wpb_content_element vc_align_left wpb_content_element\">\n\t\t\n\t\t<figure class=\"wpb_wrapper vc_figure\">\n\t\t\t<a href=\"https:\/\/lamp.glopss.com\/aff_c?offer_id=372&#038;aff_id=1834\" target=\"_self\" class=\"vc_single_image-wrapper   vc_box_border_grey\"><img loading=\"lazy\" decoding=\"async\" width=\"150\" height=\"150\" src=\"https:\/\/maldives-paradise.com\/wp-content\/uploads\/2024\/03\/huvafen-fushi-celsius_1-150x150.jpg\" class=\"vc_single_image-img attachment-thumbnail\" alt=\"Huvafen Fushi\" title=\"huvafen-fushi-celsius_1\" srcset=\"https:\/\/maldives-paradise.com\/wp-content\/uploads\/2024\/03\/huvafen-fushi-celsius_1-150x150.jpg 150w, https:\/\/maldives-paradise.com\/wp-content\/uploads\/2024\/03\/huvafen-fushi-celsius_1-13x12.jpg 13w\" sizes=\"auto, (max-width: 150px) 100vw, 150px\" \/><\/a>\n\t\t<\/figure>\n\t<\/div>\n<\/div><\/div><\/div><div class=\"wpb_column vc_column_container vc_col-sm-9\"><div class=\"vc_column-inner\"><div class=\"wpb_wrapper\">\n\t<div class=\"wpb_text_column wpb_content_element\" >\n\t\t<div class=\"wpb_wrapper\">\n\t\t\t<h4><a href=\"https:\/\/lamp.glopss.com\/SHV1\" target=\"_blank\" rel=\"nofollow noopener\">Huvafen Fushi<\/a><\/h4>\n<p>Aromas sedutores, sabores inesquec\u00edveis, espa\u00e7os gastron\u00f4micos impressionantes. \u00c0 beira-mar, sobre a \u00e1gua, no subsolo. As melhores culin\u00e1rias das Maldivas. Uma das experi\u00eancias gastron\u00f4micas subaqu\u00e1ticas personalizadas mais \u00edntimas do mundo, a oito metros abaixo da superf\u00edcie do Oceano \u00cdndico. Delicie-se com uma experi\u00eancia gastron\u00f4mica privada como nenhuma outra, com vistas ininterruptas do recife cativante.<\/p>\n\n\t\t<\/div>\n\t<\/div>\n<\/div><\/div><\/div><\/div><div class=\"vc_row wpb_row vc_row-fluid\"><div class=\"wpb_column vc_column_container vc_col-sm-3\"><div class=\"vc_column-inner\"><div class=\"wpb_wrapper\">\n\t<div  class=\"wpb_single_image wpb_content_element vc_align_left wpb_content_element\">\n\t\t\n\t\t<figure class=\"wpb_wrapper vc_figure\">\n\t\t\t<a href=\"http:\/\/maldives-paradise.com\/pt\/soneva-jani\/\" target=\"_self\" class=\"vc_single_image-wrapper   vc_box_border_grey\"><img loading=\"lazy\" decoding=\"async\" width=\"150\" height=\"150\" src=\"https:\/\/maldives-paradise.com\/wp-content\/uploads\/2024\/03\/soneva-jani_Asian-Kitchen-400-150x150.jpg\" class=\"vc_single_image-img attachment-thumbnail\" alt=\"Restaurante Soneva Jani\" title=\"soneva-jani_Cozinha-Asi\u00e1tica--400\" \/><\/a>\n\t\t<\/figure>\n\t<\/div>\n<\/div><\/div><\/div><div class=\"wpb_column vc_column_container vc_col-sm-9\"><div class=\"vc_column-inner\"><div class=\"wpb_wrapper\">\n\t<div class=\"wpb_text_column wpb_content_element\" >\n\t\t<div class=\"wpb_wrapper\">\n\t\t\t<h4><a href=\"http:\/\/maldives-paradise.com\/pt\/soneva-jani\/\">Soneva Jani<\/a><\/h4>\n<p>As experi\u00eancias culin\u00e1rias no Soneva Jani s\u00e3o diversas, apresentando menus gourmet de diversas culturas e culin\u00e1rias.<br \/>\nOverseas by Mathias Dahlgren, o menu do aclamado chef sueco \u00e9 uma ode aos produtos org\u00e2nicos e ao mar. Jante pratos individuais pescetarianos, vegetarianos e \u00e0 base de plantas, pratos para compartilhar e pratos exclusivos no almo\u00e7o e jantar.<\/p>\n\n\t\t<\/div>\n\t<\/div>\n<\/div><\/div><\/div><\/div><div class=\"vc_row wpb_row vc_row-fluid\"><div class=\"wpb_column vc_column_container vc_col-sm-3\"><div class=\"vc_column-inner\"><div class=\"wpb_wrapper\">\n\t<div  class=\"wpb_single_image wpb_content_element vc_align_left wpb_content_element\">\n\t\t\n\t\t<figure class=\"wpb_wrapper vc_figure\">\n\t\t\t<a href=\"http:\/\/maldives-paradise.com\/pt\/gili-lanka-fushi-maldivas\/\" target=\"_self\" class=\"vc_single_image-wrapper   vc_box_border_grey\"><img loading=\"lazy\" decoding=\"async\" width=\"150\" height=\"150\" src=\"https:\/\/maldives-paradise.com\/wp-content\/uploads\/2024\/03\/gili-lankanfushi-food-400-150x150.jpg\" class=\"vc_single_image-img attachment-thumbnail\" alt=\"Restaurantes em Gili Lankanfushi\" title=\"gili-lankanfushi-comida-400\" \/><\/a>\n\t\t<\/figure>\n\t<\/div>\n<\/div><\/div><\/div><div class=\"wpb_column vc_column_container vc_col-sm-9\"><div class=\"vc_column-inner\"><div class=\"wpb_wrapper\">\n\t<div class=\"wpb_text_column wpb_content_element\" >\n\t\t<div class=\"wpb_wrapper\">\n\t\t\t<h4><a href=\"http:\/\/maldives-paradise.com\/pt\/gili-lanka-fushi-maldivas\/\">Gili Lankanfushi<\/a><\/h4>\n<p>Tr\u00eas restaurantes mimam voc\u00ea com os melhores pratos que a culin\u00e1ria asi\u00e1tica tem a oferecer. Um bar sobre as \u00e1guas, constru\u00eddo sobre palafitas, paira sobre a lagoa e oferece um menu casual e uma ampla sele\u00e7\u00e3o de sushi, iguarias mediterr\u00e2neas e peixes frescos pescados diariamente.<\/p>\n\n\t\t<\/div>\n\t<\/div>\n<\/div><\/div><\/div><\/div><div class=\"vc_row wpb_row vc_row-fluid\"><div class=\"wpb_column vc_column_container vc_col-sm-3\"><div class=\"vc_column-inner\"><div class=\"wpb_wrapper\">\n\t<div  class=\"wpb_single_image wpb_content_element vc_align_left wpb_content_element\">\n\t\t\n\t\t<figure class=\"wpb_wrapper vc_figure\">\n\t\t\t<a href=\"http:\/\/maldives-paradise.com\/pt\/o-resort-st-regis-maldivas-vommuli\/\" target=\"_self\" class=\"vc_single_image-wrapper   vc_box_border_grey\"><img loading=\"lazy\" decoding=\"async\" width=\"150\" height=\"150\" src=\"https:\/\/maldives-paradise.com\/wp-content\/uploads\/2024\/03\/st-regis-food-150x150.jpg\" class=\"vc_single_image-img attachment-thumbnail\" alt=\"Restaurante St. Regis Maldivas Vommuli Island\" title=\"st-regis-comida\" srcset=\"https:\/\/maldives-paradise.com\/wp-content\/uploads\/2024\/03\/st-regis-food-150x150.jpg 150w, https:\/\/maldives-paradise.com\/wp-content\/uploads\/2024\/03\/st-regis-food-300x300.jpg 300w, https:\/\/maldives-paradise.com\/wp-content\/uploads\/2024\/03\/st-regis-food-12x12.jpg 12w, https:\/\/maldives-paradise.com\/wp-content\/uploads\/2024\/03\/st-regis-food.jpg 400w\" sizes=\"auto, (max-width: 150px) 100vw, 150px\" \/><\/a>\n\t\t<\/figure>\n\t<\/div>\n<\/div><\/div><\/div><div class=\"wpb_column vc_column_container vc_col-sm-9\"><div class=\"vc_column-inner\"><div class=\"wpb_wrapper\">\n\t<div class=\"wpb_text_column wpb_content_element\" >\n\t\t<div class=\"wpb_wrapper\">\n\t\t\t<h4><a href=\"http:\/\/maldives-paradise.com\/pt\/o-resort-st-regis-maldivas-vommuli\/\">St. Regis Maldivas Ilha Vommuli<\/a><\/h4>\n<p>Explore uma deliciosa variedade de op\u00e7\u00f5es gastron\u00f4micas no The St. Regis Maldives Vommuli Resort. A moderna culin\u00e1ria japonesa no estilo Kaiseki espera por voc\u00ea no T\u2022Pan, nosso novo ref\u00fagio gourmet na beira da praia de areia branca. Nosso restaurante exclusivo, Alba, oferece pratos inspirados em ingredientes locais. Visite a Crust &amp; Craft, nossa pizzaria familiar, e crie sua pr\u00f3pria pizza com sabor.<\/p>\n\n\t\t<\/div>\n\t<\/div>\n<\/div><\/div><\/div><\/div><div class=\"vc_row wpb_row vc_row-fluid\"><div class=\"wpb_column vc_column_container vc_col-sm-3\"><div class=\"vc_column-inner\"><div class=\"wpb_wrapper\">\n\t<div  class=\"wpb_single_image wpb_content_element vc_align_left wpb_content_element\">\n\t\t\n\t\t<figure class=\"wpb_wrapper vc_figure\">\n\t\t\t<a href=\"https:\/\/lamp.glopss.com\/aff_c?offer_id=9&#038;aff_id=1834&#038;url=https%3A%2F%2Fwww.niyama.com%2F\" target=\"_self\" class=\"vc_single_image-wrapper   vc_box_border_grey\"><img loading=\"lazy\" decoding=\"async\" width=\"150\" height=\"150\" src=\"https:\/\/maldives-paradise.com\/wp-content\/uploads\/2024\/03\/niyamamaldives_subsix-teaser_500-150x150.jpg\" class=\"vc_single_image-img attachment-thumbnail\" alt=\"Niyama Private Islands Maldivas restaurante subaqu\u00e1tico\" title=\"niyamamaldives_subsix-teaser_500\" \/><\/a>\n\t\t<\/figure>\n\t<\/div>\n<\/div><\/div><\/div><div class=\"wpb_column vc_column_container vc_col-sm-9\"><div class=\"vc_column-inner\"><div class=\"wpb_wrapper\">\n\t<div class=\"wpb_text_column wpb_content_element\" >\n\t\t<div class=\"wpb_wrapper\">\n\t\t\t<h4><a href=\"https:\/\/lamp.glopss.com\/SHUv\" target=\"_blank\" rel=\"nofollow noopener\">Ilhas Privadas de Niyama Maldivas<\/a><\/h4>\n<p>Com nove locais exclusivos para escolher, experimente o seu caminho ao redor do mundo enquanto saboreia a serenidade e o isolamento desta ilha hipnotizante das Maldivas. Comece sua refei\u00e7\u00e3o com uma sele\u00e7\u00e3o de petiscos do Sudeste Asi\u00e1tico, antes de mergulhar em um menu de iguarias tailandesas, chinesas, japonesas e indon\u00e9sias.<\/p>\n\n\t\t<\/div>\n\t<\/div>\n<\/div><\/div><\/div><\/div><div class=\"vc_row wpb_row vc_row-fluid\"><div class=\"wpb_column vc_column_container vc_col-sm-3\"><div class=\"vc_column-inner\"><div class=\"wpb_wrapper\">\n\t<div  class=\"wpb_single_image wpb_content_element vc_align_left wpb_content_element\">\n\t\t\n\t\t<figure class=\"wpb_wrapper vc_figure\">\n\t\t\t<a href=\"http:\/\/maldives-paradise.com\/pt\/o-ritz-carlton-maldivas\/\" target=\"_self\" class=\"vc_single_image-wrapper   vc_box_border_grey\"><img loading=\"lazy\" decoding=\"async\" width=\"150\" height=\"150\" src=\"https:\/\/maldives-paradise.com\/wp-content\/uploads\/2024\/03\/ritz-carlton-restaurant-400-150x150.jpg\" class=\"vc_single_image-img attachment-thumbnail\" alt=\"O restaurante Ritz-Carlton Maldivas\" title=\"restaurante ritz-carlton-400\" \/><\/a>\n\t\t<\/figure>\n\t<\/div>\n<\/div><\/div><\/div><div class=\"wpb_column vc_column_container vc_col-sm-9\"><div class=\"vc_column-inner\"><div class=\"wpb_wrapper\">\n\t<div class=\"wpb_text_column wpb_content_element\" >\n\t\t<div class=\"wpb_wrapper\">\n\t\t\t<h4><a href=\"http:\/\/maldives-paradise.com\/pt\/o-ritz-carlton-maldivas\/\">The Ritz-Carlton Maldivas<\/a><\/h4>\n<p>O Ritz-Carlton Maldives, Fari Island&#039;s Culinary Island levar\u00e1 voc\u00ea em uma jornada de ca\u00e7a aos sabores, do melhor sushi e Wagyu \u00e0 beira da piscina, elegante dim sum canton\u00eas, coquet\u00e9is inspirados no &quot;World&#039;s 50 Best&quot;, massas ousadas e espressos robustos. Os prazeres gourmet continuam no cora\u00e7\u00e3o do Fari Marina Village.<\/p>\n\n\t\t<\/div>\n\t<\/div>\n<\/div><\/div><\/div><\/div><div class=\"vc_row wpb_row vc_row-fluid\"><div class=\"wpb_column vc_column_container vc_col-sm-3\"><div class=\"vc_column-inner\"><div class=\"wpb_wrapper\">\n\t<div  class=\"wpb_single_image wpb_content_element vc_align_left wpb_content_element\">\n\t\t\n\t\t<figure class=\"wpb_wrapper vc_figure\">\n\t\t\t<a href=\"http:\/\/maldives-paradise.com\/pt\/sol-siyam-iru-fushi\/\" target=\"_self\" class=\"vc_single_image-wrapper   vc_box_border_grey\"><img loading=\"lazy\" decoding=\"async\" width=\"150\" height=\"150\" src=\"https:\/\/maldives-paradise.com\/wp-content\/uploads\/2024\/03\/SiyamWorld-400-150x150.jpg\" class=\"vc_single_image-img attachment-thumbnail\" alt=\"Restaurante Sun Siyam Iru Fushi Luxury Resort\" title=\"SiyamWorld-400\" \/><\/a>\n\t\t<\/figure>\n\t<\/div>\n<\/div><\/div><\/div><div class=\"wpb_column vc_column_container vc_col-sm-9\"><div class=\"vc_column-inner\"><div class=\"wpb_wrapper\">\n\t<div class=\"wpb_text_column wpb_content_element\" >\n\t\t<div class=\"wpb_wrapper\">\n\t\t\t<h4><a href=\"http:\/\/maldives-paradise.com\/pt\/sol-siyam-iru-fushi\/\">Resort de luxo Sun Siyam Iru Fushi<\/a><\/h4>\n<p>Descubra 14 restaurantes e bares no Sun Siyam Iru Fushi, desde restaurantes requintados at\u00e9 caf\u00e9s relaxantes, a variedade \u00e9 o tempero da vida.<br \/>\nNenhum pedido \u00e9 grande demais para nossa equipe, que est\u00e1 pronta para preparar a experi\u00eancia gastron\u00f4mica dos sonhos s\u00f3 para voc\u00ea. Seja um jantar \u00e0 luz de velas sob as estrelas, uma pizza assada na pedra no conforto da sua villa ou um churrasco \u00e0 meia-noite na praia, \u00e9 s\u00f3 dizer.<\/p>\n\n\t\t<\/div>\n\t<\/div>\n<\/div><\/div><\/div><\/div><div class=\"vc_row wpb_row vc_row-fluid\"><div class=\"wpb_column vc_column_container vc_col-sm-3\"><div class=\"vc_column-inner\"><div class=\"wpb_wrapper\">\n\t<div  class=\"wpb_single_image wpb_content_element vc_align_left wpb_content_element\">\n\t\t\n\t\t<figure class=\"wpb_wrapper vc_figure\">\n\t\t\t<a href=\"http:\/\/maldives-paradise.com\/pt\/anantara-kihavah-villas-maldivas\/\" target=\"_self\" class=\"vc_single_image-wrapper   vc_box_border_grey\"><img loading=\"lazy\" decoding=\"async\" width=\"150\" height=\"150\" src=\"https:\/\/maldives-paradise.com\/wp-content\/uploads\/2024\/03\/anantara-kihavah-maldives-villas-kudarikilu-400-150x150.jpg\" class=\"vc_single_image-img attachment-thumbnail\" alt=\"Anantara Kihavah Maldivas Villas\" title=\"anantara-kihavah-maldivas-villas-kudarikilu-400\" \/><\/a>\n\t\t<\/figure>\n\t<\/div>\n<\/div><\/div><\/div><div class=\"wpb_column vc_column_container vc_col-sm-9\"><div class=\"vc_column-inner\"><div class=\"wpb_wrapper\">\n\t<div class=\"wpb_text_column wpb_content_element\" >\n\t\t<div class=\"wpb_wrapper\">\n\t\t\t<h4><a href=\"http:\/\/maldives-paradise.com\/pt\/anantara-kihavah-villas-maldivas\/\">Anantara Kihavah Maldivas Villas<\/a><\/h4>\n<p>Um verdadeiro destaque do resort \u00e9 o conceito de jantar do Sea, Fire, Spice and Sky, que oferece uma culin\u00e1ria deliciosa em cen\u00e1rios verdadeiramente \u00fanicos. Aprecie a culin\u00e1ria gourmet sob as ondas do oceano com paredes de vidro que oferecem uma vista para o coral. Inclui tamb\u00e9m uma adega subaqu\u00e1tica.<\/p>\n\n\t\t<\/div>\n\t<\/div>\n<\/div><\/div><\/div><\/div><div class=\"vc_row wpb_row vc_row-fluid\"><div class=\"wpb_column vc_column_container vc_col-sm-3\"><div class=\"vc_column-inner\"><div class=\"wpb_wrapper\">\n\t<div  class=\"wpb_single_image wpb_content_element vc_align_left wpb_content_element\">\n\t\t\n\t\t<figure class=\"wpb_wrapper vc_figure\">\n\t\t\t<a href=\"http:\/\/maldives-paradise.com\/pt\/cora-cora-maldivas\/\" target=\"_self\" class=\"vc_single_image-wrapper   vc_box_border_grey\"><img loading=\"lazy\" decoding=\"async\" width=\"150\" height=\"150\" src=\"https:\/\/maldives-paradise.com\/wp-content\/uploads\/2024\/03\/cora-cora-restaurant-400-150x150.jpg\" class=\"vc_single_image-img attachment-thumbnail\" alt=\"Restaurante Cora Cora Maldivas\" title=\"cora-cora-restaurante-400\" \/><\/a>\n\t\t<\/figure>\n\t<\/div>\n<\/div><\/div><\/div><div class=\"wpb_column vc_column_container vc_col-sm-9\"><div class=\"vc_column-inner\"><div class=\"wpb_wrapper\">\n\t<div class=\"wpb_text_column wpb_content_element\" >\n\t\t<div class=\"wpb_wrapper\">\n\t\t\t<h4><a href=\"http:\/\/maldives-paradise.com\/pt\/cora-cora-maldivas\/\">Cora Cora Maldivas<\/a><\/h4>\n<p>Cinco restaurantes gourmet servindo uma variedade de culin\u00e1ria internacional. Atendendo a uma variedade de requisitos alimentares, o Cora Cora Maldives tamb\u00e9m servir\u00e1 uma variedade de op\u00e7\u00f5es saud\u00e1veis e pratos \u00e0 base de plantas, incluindo sorvete vegano caseiro. Tudo isso faz parte do Gourmet Meal Plan.<\/p>\n\n\t\t<\/div>\n\t<\/div>\n<\/div><\/div><\/div><\/div><div class=\"vc_row wpb_row vc_row-fluid\"><div class=\"wpb_column vc_column_container vc_col-sm-12\"><div class=\"vc_column-inner\"><div class=\"wpb_wrapper\">\n\t<div class=\"wpb_text_column wpb_content_element\" >\n\t\t<div class=\"wpb_wrapper\">\n\t\t\t<p><a href=\"http:\/\/maldives-paradise.com\/pt\/marcacao\/vinho-e-jantar-maldivas\/\"><strong>Mais sobre comida, bebidas e restaurantes em Gourmet Hotels &amp; Resorts nas Maldivas<\/strong><\/a><\/p>\n\n\t\t<\/div>\n\t<\/div>\n<\/div><\/div><\/div><\/div>\n<\/div>","protected":false},"excerpt":{"rendered":"<div class=\"mh-excerpt\"><\/div>","protected":false},"author":1,"featured_media":11673,"parent":0,"menu_order":0,"comment_status":"closed","ping_status":"closed","template":"","meta":{"footnotes":""},"class_list":["post-11672","page","type-page","status-publish","has-post-thumbnail"],"aioseo_notices":[],"_links":{"self":[{"href":"http:\/\/maldives-paradise.com\/pt\/wp-json\/wp\/v2\/pages\/11672","targetHints":{"allow":["GET"]}}],"collection":[{"href":"http:\/\/maldives-paradise.com\/pt\/wp-json\/wp\/v2\/pages"}],"about":[{"href":"http:\/\/maldives-paradise.com\/pt\/wp-json\/wp\/v2\/types\/page"}],"author":[{"embeddable":true,"href":"http:\/\/maldives-paradise.com\/pt\/wp-json\/wp\/v2\/users\/1"}],"replies":[{"embeddable":true,"href":"http:\/\/maldives-paradise.com\/pt\/wp-json\/wp\/v2\/comments?post=11672"}],"version-history":[{"count":6,"href":"http:\/\/maldives-paradise.com\/pt\/wp-json\/wp\/v2\/pages\/11672\/revisions"}],"predecessor-version":[{"id":45303,"href":"http:\/\/maldives-paradise.com\/pt\/wp-json\/wp\/v2\/pages\/11672\/revisions\/45303"}],"wp:featuredmedia":[{"embeddable":true,"href":"http:\/\/maldives-paradise.com\/pt\/wp-json\/wp\/v2\/media\/11673"}],"wp:attachment":[{"href":"http:\/\/maldives-paradise.com\/pt\/wp-json\/wp\/v2\/media?parent=11672"}],"curies":[{"name":"wp","href":"https:\/\/api.w.org\/{rel}","templated":true}]}}