{"id":11542,"date":"2024-02-27T18:17:28","date_gmt":"2024-02-27T18:17:28","guid":{"rendered":"http:\/\/maldives-paradise.com\/?page_id=11542"},"modified":"2025-11-26T09:28:07","modified_gmt":"2025-11-26T09:28:07","slug":"os-12-melhores-resorts-de-luxo-nas-maldivas","status":"publish","type":"page","link":"http:\/\/maldives-paradise.com\/pt\/os-12-melhores-resorts-de-luxo-nas-maldivas\/","title":{"rendered":"Os melhores resorts de luxo nas Maldivas"},"content":{"rendered":"<div class=\"wpb-content-wrapper\"><div class=\"vc_row wpb_row vc_row-fluid\"><div class=\"wpb_column vc_column_container vc_col-sm-12\"><div class=\"vc_column-inner\"><div class=\"wpb_wrapper\">\n\t<div class=\"wpb_text_column wpb_content_element\" >\n\t\t<div class=\"wpb_wrapper\">\n\t\t\t<p>As Maldivas s\u00e3o sin\u00f4nimo de luxo, ostentando uma infinidade de resorts de classe mundial que redefinem a extravag\u00e2ncia.<br \/>\nUm destaque \u00e9 o Kudadoo Maldives Private Island, celebrado por suas vilas opulentas, praias imaculadas e servi\u00e7o inigual\u00e1vel. Outra preciosidade \u00e9 o Sun Siyam Vilu Reef, exalando eleg\u00e2ncia com seu design chique, restaurantes com estrelas Michelin e comodidades exclusivas.<br \/>\nPara aqueles que buscam privacidade m\u00e1xima, o Velaa Private Island oferece isolamento incompar\u00e1vel, juntamente com servi\u00e7o personalizado e acomoda\u00e7\u00f5es luxuosas. Esses resorts simbolizam luxo em todos os aspectos, desde seus arredores deslumbrantes at\u00e9 sua hospitalidade impec\u00e1vel, garantindo um retiro inesquec\u00edvel no para\u00edso id\u00edlico das Maldivas.<\/p>\n<p>Reservar um resort de luxo nas Maldivas oferece uma experi\u00eancia incompar\u00e1vel de opul\u00eancia, beleza natural e servi\u00e7o personalizado. Esses resorts oferecem acomoda\u00e7\u00f5es luxuosas, desde vilas sobre a \u00e1gua com piscinas privativas at\u00e9 su\u00edtes de frente para a praia, todas projetadas para oferecer o m\u00e1ximo de conforto e vistas de tirar o f\u00f4lego. Os h\u00f3spedes podem desfrutar de refei\u00e7\u00f5es de classe mundial, tratamentos de spa rejuvenescedores e atividades exclusivas, como excurs\u00f5es de iate particulares e refei\u00e7\u00f5es subaqu\u00e1ticas. A aten\u00e7\u00e3o requintada aos detalhes, os arredores deslumbrantes e a hospitalidade excepcional garantem uma escapada verdadeiramente inesquec\u00edvel, tornando um resort de luxo nas Maldivas a melhor escolha para aqueles que buscam o melhor em relaxamento e aventura.<\/p>\n\n\t\t<\/div>\n\t<\/div>\n<\/div><\/div><\/div><\/div><div class=\"vc_row wpb_row vc_row-fluid\"><div class=\"wpb_column vc_column_container vc_col-sm-3\"><div class=\"vc_column-inner\"><div class=\"wpb_wrapper\">\n\t<div  class=\"wpb_single_image wpb_content_element vc_align_left wpb_content_element\">\n\t\t\n\t\t<figure class=\"wpb_wrapper vc_figure\">\n\t\t\t<a href=\"http:\/\/maldives-paradise.com\/pt\/velaa-ilha-privada-maldivas\/\" target=\"_self\" class=\"vc_single_image-wrapper   vc_box_border_grey\"><img loading=\"lazy\" decoding=\"async\" width=\"150\" height=\"150\" src=\"https:\/\/maldives-paradise.com\/wp-content\/uploads\/2024\/02\/velaa-island-150x150.jpg\" class=\"vc_single_image-img attachment-thumbnail\" alt=\"Ilha Privada Velaa\" title=\"ilha-velaa\" \/><\/a>\n\t\t<\/figure>\n\t<\/div>\n<\/div><\/div><\/div><div class=\"wpb_column vc_column_container vc_col-sm-9\"><div class=\"vc_column-inner\"><div class=\"wpb_wrapper\">\n\t<div class=\"wpb_text_column wpb_content_element\" >\n\t\t<div class=\"wpb_wrapper\">\n\t\t\t<h4><a href=\"http:\/\/maldives-paradise.com\/pt\/velaa-ilha-privada-maldivas\/\">Velaa Private Island Resort<\/a><\/h4>\n<p>Entregue-se ao m\u00e1ximo luxo de fuga no Velaa Private Island Maldives, onde cada momento \u00e9 criado com perfei\u00e7\u00e3o, e cada detalhe \u00e9 um testamento \u00e0 arte da hospitalidade. Reserve sua estadia e descubra um mundo onde o luxo n\u00e3o conhece limites.<\/p>\n\n\t\t<\/div>\n\t<\/div>\n<\/div><\/div><\/div><\/div><div class=\"vc_row wpb_row vc_row-fluid\"><div class=\"wpb_column vc_column_container vc_col-sm-3\"><div class=\"vc_column-inner\"><div class=\"wpb_wrapper\">\n\t<div  class=\"wpb_single_image wpb_content_element vc_align_left wpb_content_element\">\n\t\t\n\t\t<figure class=\"wpb_wrapper vc_figure\">\n\t\t\t<a href=\"https:\/\/lamp.glopss.com\/aff_c?offer_id=264&#038;aff_id=1834&#038;url=https%3A%2F%2Fwww.kudadoo.com%2F\" target=\"_self\" class=\"vc_single_image-wrapper   vc_box_border_grey\"><img loading=\"lazy\" decoding=\"async\" width=\"150\" height=\"150\" src=\"https:\/\/maldives-paradise.com\/wp-content\/uploads\/2024\/01\/kudadoo2-150x150.jpg\" class=\"vc_single_image-img attachment-thumbnail\" alt=\"Ilha Privada Kudadoo Maldivas\" title=\"kudadoo2\" \/><\/a>\n\t\t<\/figure>\n\t<\/div>\n<\/div><\/div><\/div><div class=\"wpb_column vc_column_container vc_col-sm-9\"><div class=\"vc_column-inner\"><div class=\"wpb_wrapper\">\n\t<div class=\"wpb_text_column wpb_content_element\" >\n\t\t<div class=\"wpb_wrapper\">\n\t\t\t<h4><a href=\"https:\/\/lamp.glopss.com\/aff_c?offer_id=264&amp;aff_id=1834&amp;url=https%3A%2F%2Fwww.kudadoo.com%2F\" target=\"_blank\" rel=\"nofollow noopener\">Ilha Privada Kudadoo Maldivas<\/a><\/h4>\n<p>As Ocean Pool Residences de 310 metros quadrados apresentam amplos decks sobre a \u00e1gua, uma piscina infinita privativa, muito espa\u00e7o para relaxar ao ar livre e um sof\u00e1 suspenso. Estas resid\u00eancias privadas de luxo com design requintado em Kudadoo incluem um banheiro espa\u00e7oso com banheira, chuveiro e \u00e1rea de maquiagem. Linhas ex\u00f3ticas e clean com tons terrosos e materiais naturais. <strong>Mordomo pessoal inclu\u00eddo. Qualquer coisa, em qualquer lugar, a qualquer hora.<br \/>\n<span style=\"color: #ff0000;\">Garantia de melhor pre\u00e7o com reserva direta neste hotel.<\/span><br \/>\n<\/strong><\/p>\n\n\t\t<\/div>\n\t<\/div>\n<\/div><\/div><\/div><\/div><div class=\"vc_row wpb_row vc_row-fluid\"><div class=\"wpb_column vc_column_container vc_col-sm-3\"><div class=\"vc_column-inner\"><div class=\"wpb_wrapper\">\n\t<div  class=\"wpb_single_image wpb_content_element vc_align_left wpb_content_element\">\n\t\t\n\t\t<figure class=\"wpb_wrapper vc_figure\">\n\t\t\t<a href=\"https:\/\/lamp.glopss.com\/aff_c?offer_id=1476&#038;aff_id=1834&#038;url=Sun+Siyam+Vilu+Reef\" target=\"_self\" class=\"vc_single_image-wrapper   vc_box_border_grey\"><img loading=\"lazy\" decoding=\"async\" width=\"150\" height=\"150\" src=\"https:\/\/maldives-paradise.com\/wp-content\/uploads\/2024\/01\/Sun-Siyam-Vilu-Reef2-150x150.jpg\" class=\"vc_single_image-img attachment-thumbnail\" alt=\"Recife Sun Siyam Vilu\" title=\"Sol-Siyam-Vilu-Recife2\" \/><\/a>\n\t\t<\/figure>\n\t<\/div>\n<\/div><\/div><\/div><div class=\"wpb_column vc_column_container vc_col-sm-9\"><div class=\"vc_column-inner\"><div class=\"wpb_wrapper\">\n\t<div class=\"wpb_text_column wpb_content_element\" >\n\t\t<div class=\"wpb_wrapper\">\n\t\t\t<h4><a href=\"https:\/\/lamp.glopss.com\/SHUx\" target=\"_blank\" rel=\"nofollow noopener\">Recife Sun Siyam Vilu<\/a><\/h4>\n<p>No Sun Siyam Vilu Reef, cada momento \u00e9 criado com perfei\u00e7\u00e3o, oferecendo uma experi\u00eancia de luxo incompar\u00e1vel nas Maldivas. Das acomoda\u00e7\u00f5es opulentas \u00e0s diversas del\u00edcias culin\u00e1rias e atividades emocionantes, nosso resort promete uma escapada que excede todas as suas expectativas. Reserve sua escapada para o para\u00edso hoje mesmo e deixe o Sun Siyam Vilu Reef redefinir sua defini\u00e7\u00e3o de luxo nas Maldivas.<\/p>\n\n\t\t<\/div>\n\t<\/div>\n<\/div><\/div><\/div><\/div><div class=\"vc_row wpb_row vc_row-fluid\"><div class=\"wpb_column vc_column_container vc_col-sm-3\"><div class=\"vc_column-inner\"><div class=\"wpb_wrapper\">\n\t<div  class=\"wpb_single_image wpb_content_element vc_align_left wpb_content_element\">\n\t\t\n\t\t<figure class=\"wpb_wrapper vc_figure\">\n\t\t\t<a href=\"http:\/\/maldives-paradise.com\/pt\/soneva-jani\/\" target=\"_self\" class=\"vc_single_image-wrapper   vc_box_border_grey\"><img loading=\"lazy\" decoding=\"async\" width=\"150\" height=\"150\" src=\"https:\/\/maldives-paradise.com\/wp-content\/uploads\/2024\/02\/soneva-jani-over-water-villa-slide-400-150x150.jpg\" class=\"vc_single_image-img attachment-thumbnail\" alt=\"Vila sobre a \u00e1gua Soneva Jani com piscina\" title=\"soneva-jani-sobre-a-\u00e1gua-villa-slide-400\" \/><\/a>\n\t\t<\/figure>\n\t<\/div>\n<\/div><\/div><\/div><div class=\"wpb_column vc_column_container vc_col-sm-9\"><div class=\"vc_column-inner\"><div class=\"wpb_wrapper\">\n\t<div class=\"wpb_text_column wpb_content_element\" >\n\t\t<div class=\"wpb_wrapper\">\n\t\t\t<h4><a href=\"http:\/\/maldives-paradise.com\/pt\/soneva-jani\/\">Soneva Jani<\/a><\/h4>\n<p><strong>Soneva Jani<\/strong> \u00e9 um famoso resort de luxo 5 estrelas sobre a \u00e1gua localizado em uma lagoa cristalina de 5,6 quil\u00f4metros no Atol de Noonu, nas Maldivas. Constru\u00eddo em torno de uma lagoa com vista para o oceano, praias de areia branca e vegeta\u00e7\u00e3o tropical. Cruzeiros com golfinhos, mergulho, experi\u00eancias familiares, jantar com estrela Michelin e mordomo pessoal.<\/p>\n\n\t\t<\/div>\n\t<\/div>\n<\/div><\/div><\/div><\/div><div class=\"vc_row wpb_row vc_row-fluid\"><div class=\"wpb_column vc_column_container vc_col-sm-3\"><div class=\"vc_column-inner\"><div class=\"wpb_wrapper\">\n\t<div  class=\"wpb_single_image wpb_content_element vc_align_left wpb_content_element\">\n\t\t\n\t\t<figure class=\"wpb_wrapper vc_figure\">\n\t\t\t<a href=\"http:\/\/maldives-paradise.com\/pt\/o-ritz-carlton-maldivas\/\" target=\"_self\" class=\"vc_single_image-wrapper   vc_box_border_grey\"><img loading=\"lazy\" decoding=\"async\" width=\"150\" height=\"150\" src=\"https:\/\/maldives-paradise.com\/wp-content\/uploads\/2024\/02\/The-Ritz-Carlton-Maldives-Fari-Islands-Lagoon-Pool-Villa-400-150x150.jpg\" class=\"vc_single_image-img attachment-thumbnail\" alt=\"Ilha Ritz-Carlton Fari\" title=\"The-Ritz-Carlton-Maldivas-Fari-Ilhas-Lagoa-Piscina-Villa-400\" \/><\/a>\n\t\t<\/figure>\n\t<\/div>\n<\/div><\/div><\/div><div class=\"wpb_column vc_column_container vc_col-sm-9\"><div class=\"vc_column-inner\"><div class=\"wpb_wrapper\">\n\t<div class=\"wpb_text_column wpb_content_element\" >\n\t\t<div class=\"wpb_wrapper\">\n\t\t\t<h4><a href=\"http:\/\/maldives-paradise.com\/pt\/o-ritz-carlton-maldivas\/\">O Ritz-Carlton Fari Island<\/a><\/h4>\n<p>O Ritz-Carlton Maldives \u00e9 a ep\u00edtome do luxo, oferecendo uma experi\u00eancia inigual\u00e1vel em meio \u00e0 beleza natural das Maldivas. Quer voc\u00ea esteja comemorando uma ocasi\u00e3o especial, embarcando em uma lua de mel ou simplesmente buscando uma fuga inesquec\u00edvel, este resort promete exceder suas expectativas. Com sua localiza\u00e7\u00e3o deslumbrante, acomoda\u00e7\u00f5es luxuosas, refei\u00e7\u00f5es deliciosas e um compromisso com a sustentabilidade, o Ritz-Carlton Maldives \u00e9 um testamento do ep\u00edtome do para\u00edso.<\/p>\n\n\t\t<\/div>\n\t<\/div>\n<\/div><\/div><\/div><\/div><div class=\"vc_row wpb_row vc_row-fluid\"><div class=\"wpb_column vc_column_container vc_col-sm-3\"><div class=\"vc_column-inner\"><div class=\"wpb_wrapper\">\n\t<div  class=\"wpb_single_image wpb_content_element vc_align_left wpb_content_element\">\n\t\t\n\t\t<figure class=\"wpb_wrapper vc_figure\">\n\t\t\t<a href=\"http:\/\/maldives-paradise.com\/pt\/o-nautilus-maldivas\/\" target=\"_self\" class=\"vc_single_image-wrapper   vc_box_border_grey\"><img loading=\"lazy\" decoding=\"async\" width=\"150\" height=\"150\" src=\"https:\/\/maldives-paradise.com\/wp-content\/uploads\/2024\/02\/nautilus-over-water-villa-400-150x150.jpg\" class=\"vc_single_image-img attachment-thumbnail\" alt=\"O Nautilus Maldivas\" title=\"nautilus-sobre-a-agua-villa-400\" \/><\/a>\n\t\t<\/figure>\n\t<\/div>\n<\/div><\/div><\/div><div class=\"wpb_column vc_column_container vc_col-sm-9\"><div class=\"vc_column-inner\"><div class=\"wpb_wrapper\">\n\t<div class=\"wpb_text_column wpb_content_element\" >\n\t\t<div class=\"wpb_wrapper\">\n\t\t\t<h4><a href=\"http:\/\/maldives-paradise.com\/pt\/o-nautilus-maldivas\/\">O Nautilus Maldivas<\/a><\/h4>\n<p>Votado entre os <strong>os 3 melhores resorts do mundo<\/strong> e como o melhor resort no Oceano \u00cdndico pelos leitores da Cond\u00e9 Nast Traveller nos \u00faltimos anos! O Nautilus Maldives \u00e9 a localiza\u00e7\u00e3o inigual\u00e1vel da ilha; situado em sua pr\u00f3pria ilha de areia branca intocada e adornado com flora end\u00eamica verdejante na Biosfera da UNESCO do Atol Baa. O Nautilus \u00e9 seu ref\u00fagio bo\u00eamio de luxo nas Maldivas. O resort 5 estrelas oferece vida sem limites.<\/p>\n\n\t\t<\/div>\n\t<\/div>\n<\/div><\/div><\/div><\/div><div class=\"vc_row wpb_row vc_row-fluid\"><div class=\"wpb_column vc_column_container vc_col-sm-3\"><div class=\"vc_column-inner\"><div class=\"wpb_wrapper\">\n\t<div  class=\"wpb_single_image wpb_content_element vc_align_left wpb_content_element\">\n\t\t\n\t\t<figure class=\"wpb_wrapper vc_figure\">\n\t\t\t<a href=\"https:\/\/lamp.glopss.com\/aff_c?offer_id=9&#038;aff_id=1834&#038;url=https%3A%2F%2Fwww.anantara.com%2Fen%2Fkihavah-maldives\" target=\"_self\" class=\"vc_single_image-wrapper   vc_box_border_grey\"><img loading=\"lazy\" decoding=\"async\" width=\"150\" height=\"150\" src=\"https:\/\/maldives-paradise.com\/wp-content\/uploads\/2024\/02\/anantara_kihavah_over_water_pool_villa_aerial_400px-150x150.jpg\" class=\"vc_single_image-img attachment-thumbnail\" alt=\"Vilas sobre a \u00e1gua Anantara Kihavah Maldivas\" title=\"anantara_kihavah_sobre_a_\u00e1gua_piscina_villa_a\u00e9rea_400px\" \/><\/a>\n\t\t<\/figure>\n\t<\/div>\n<\/div><\/div><\/div><div class=\"wpb_column vc_column_container vc_col-sm-9\"><div class=\"vc_column-inner\"><div class=\"wpb_wrapper\">\n\t<div class=\"wpb_text_column wpb_content_element\" >\n\t\t<div class=\"wpb_wrapper\">\n\t\t\t<h4><a href=\"https:\/\/lamp.glopss.com\/SHUs\" target=\"_blank\" rel=\"nofollow noopener\">Anantara Kihavah Maldivas Villas<\/a><\/h4>\n<p>Cercado por nada al\u00e9m de uma lagoa turquesa que se funde em azul safira, a ilha resort de luxo das Maldivas de Anantara Kihavah e suas areias brancas puras se erguem do oceano como uma miragem. Villas de luxo sobre a \u00e1gua com piscina privativa. Podem acomodar at\u00e9 2 adultos e 2 crian\u00e7as ou 3 adultos. Banheiro ao ar livre com banheira de hidromassagem com fundo de vidro, bicicletas privativas e anfitri\u00e3o particular da villa 24 horas.<br \/>\n<span style=\"color: #ff0000;\"><strong>Garantia de melhor pre\u00e7o com reserva direta neste hotel.<\/strong><\/span><\/p>\n\n\t\t<\/div>\n\t<\/div>\n<\/div><\/div><\/div><\/div><div class=\"vc_row wpb_row vc_row-fluid\"><div class=\"wpb_column vc_column_container vc_col-sm-3\"><div class=\"vc_column-inner\"><div class=\"wpb_wrapper\">\n\t<div  class=\"wpb_single_image wpb_content_element vc_align_left wpb_content_element\">\n\t\t\n\t\t<figure class=\"wpb_wrapper vc_figure\">\n\t\t\t<a href=\"http:\/\/maldives-paradise.com\/pt\/quatro-estacoes-maldivas-landaa-giraavaru\/\" target=\"_self\" class=\"vc_single_image-wrapper   vc_box_border_grey\"><img loading=\"lazy\" decoding=\"async\" width=\"150\" height=\"150\" src=\"https:\/\/maldives-paradise.com\/wp-content\/uploads\/2024\/01\/Four-Seasons-Maldives-Landaa-Giraavaru2-150x150.jpeg\" class=\"vc_single_image-img attachment-thumbnail\" alt=\"Four Seasons Maldivas Landaa Giraavaru\" title=\"Four-Seasons-Maldivas-Landaa-Giraavaru2\" \/><\/a>\n\t\t<\/figure>\n\t<\/div>\n<\/div><\/div><\/div><div class=\"wpb_column vc_column_container vc_col-sm-9\"><div class=\"vc_column-inner\"><div class=\"wpb_wrapper\">\n\t<div class=\"wpb_text_column wpb_content_element\" >\n\t\t<div class=\"wpb_wrapper\">\n\t\t\t<h4><a href=\"http:\/\/maldives-paradise.com\/pt\/quatro-estacoes-maldivas-landaa-giraavaru\/\">Four Seasons Resort Maldivas Landaa Giraavaru<\/a><\/h4>\n<p>Four Seasons Maldives Landaa Giraavaru \u00e9 onde cada momento \u00e9 uma celebra\u00e7\u00e3o de eleg\u00e2ncia inigual\u00e1vel. Mergulhe na beleza natural das Maldivas enquanto experimenta servi\u00e7os e comodidades de classe mundial que redefinem o significado de indulg\u00eancia. Isso \u00e9 mais do que f\u00e9rias; \u00e9 uma sinfonia de luxo, natureza e momentos inesquec\u00edveis.<\/p>\n\n\t\t<\/div>\n\t<\/div>\n<\/div><\/div><\/div><\/div><div class=\"vc_row wpb_row vc_row-fluid\"><div class=\"wpb_column vc_column_container vc_col-sm-3\"><div class=\"vc_column-inner\"><div class=\"wpb_wrapper\">\n\t<div  class=\"wpb_single_image wpb_content_element vc_align_left wpb_content_element\">\n\t\t\n\t\t<figure class=\"wpb_wrapper vc_figure\">\n\t\t\t<a href=\"http:\/\/maldives-paradise.com\/pt\/gili-lanka-fushi-maldivas\/\" target=\"_self\" class=\"vc_single_image-wrapper   vc_box_border_grey\"><img loading=\"lazy\" decoding=\"async\" width=\"150\" height=\"150\" src=\"https:\/\/maldives-paradise.com\/wp-content\/uploads\/2024\/02\/gili-lankanfushiGLM_Old-Wing-Bathroom-400-150x150.jpg\" class=\"vc_single_image-img attachment-thumbnail\" alt=\"Gili Lankanfushi\" title=\"gili-lankanfushiGLM_Old-Wing-Banheiro-400\" \/><\/a>\n\t\t<\/figure>\n\t<\/div>\n<\/div><\/div><\/div><div class=\"wpb_column vc_column_container vc_col-sm-9\"><div class=\"vc_column-inner\"><div class=\"wpb_wrapper\">\n\t<div class=\"wpb_text_column wpb_content_element\" >\n\t\t<div class=\"wpb_wrapper\">\n\t\t\t<h4><a href=\"http:\/\/maldives-paradise.com\/pt\/gili-lanka-fushi-maldivas\/\">Gili Lankanfushi<\/a><\/h4>\n<p>Gili Lankanfushi Maldives n\u00e3o \u00e9 apenas um destino; \u00e9 um retiro para aqueles que buscam uma mistura incompar\u00e1vel de luxo, sustentabilidade e beleza natural. Cada momento neste resort extraordin\u00e1rio \u00e9 um convite para criar mem\u00f3rias duradouras no colo da indulg\u00eancia e tranquilidade. Renda-se ao fasc\u00ednio de Gili Lankanfushi Maldives, onde o para\u00edso aguarda sua chegada.<\/p>\n\n\t\t<\/div>\n\t<\/div>\n<\/div><\/div><\/div><\/div><div class=\"vc_row wpb_row vc_row-fluid\"><div class=\"wpb_column vc_column_container vc_col-sm-3\"><div class=\"vc_column-inner\"><div class=\"wpb_wrapper\">\n\t<div  class=\"wpb_single_image wpb_content_element vc_align_left wpb_content_element\">\n\t\t\n\t\t<figure class=\"wpb_wrapper vc_figure\">\n\t\t\t<a href=\"http:\/\/maldives-paradise.com\/pt\/o-resort-st-regis-maldivas-vommuli\/\" target=\"_self\" class=\"vc_single_image-wrapper   vc_box_border_grey\"><img loading=\"lazy\" decoding=\"async\" width=\"150\" height=\"150\" src=\"https:\/\/maldives-paradise.com\/wp-content\/uploads\/2024\/01\/st-regis-2-150x150.jpg\" class=\"vc_single_image-img attachment-thumbnail\" alt=\"O St. Regis Maldivas Vommuli Resort\" title=\"st-regis-2\" \/><\/a>\n\t\t<\/figure>\n\t<\/div>\n<\/div><\/div><\/div><div class=\"wpb_column vc_column_container vc_col-sm-9\"><div class=\"vc_column-inner\"><div class=\"wpb_wrapper\">\n\t<div class=\"wpb_text_column wpb_content_element\" >\n\t\t<div class=\"wpb_wrapper\">\n\t\t\t<h4><a href=\"http:\/\/maldives-paradise.com\/pt\/o-resort-st-regis-maldivas-vommuli\/\">St. Regis Maldivas Vommuli Resort<\/a><\/h4>\n<p>As espa\u00e7osas vilas e su\u00edtes v\u00eam com piscina privativa, controles de quarto por iPad, cortinas eletr\u00f4nicas, pisos de madeira, banheiro de m\u00e1rmore, janelas do ch\u00e3o ao teto, closet, terra\u00e7o privativo, banheiras independentes, chuveiro de chuva e TV Bang &amp; Olufsen BeoVision. Um servi\u00e7o de mordomo personalizado St. Regis est\u00e1 dispon\u00edvel para todos os quartos.<\/p>\n\n\t\t<\/div>\n\t<\/div>\n<\/div><\/div><\/div><\/div><div class=\"vc_row wpb_row vc_row-fluid\"><div class=\"wpb_column vc_column_container vc_col-sm-3\"><div class=\"vc_column-inner\"><div class=\"wpb_wrapper\">\n\t<div  class=\"wpb_single_image wpb_content_element vc_align_left wpb_content_element\">\n\t\t\n\t\t<figure class=\"wpb_wrapper vc_figure\">\n\t\t\t<a href=\"http:\/\/maldives-paradise.com\/pt\/soneva-fushi\/\" target=\"_self\" class=\"vc_single_image-wrapper   vc_box_border_grey\"><img loading=\"lazy\" decoding=\"async\" width=\"150\" height=\"150\" src=\"https:\/\/maldives-paradise.com\/wp-content\/uploads\/2024\/01\/soneva-fushi2-150x150.jpg\" class=\"vc_single_image-img attachment-thumbnail\" alt=\"Soneva Fushi\" title=\"soneva-fushi2\" \/><\/a>\n\t\t<\/figure>\n\t<\/div>\n<\/div><\/div><\/div><div class=\"wpb_column vc_column_container vc_col-sm-9\"><div class=\"vc_column-inner\"><div class=\"wpb_wrapper\">\n\t<div class=\"wpb_text_column wpb_content_element\" >\n\t\t<div class=\"wpb_wrapper\">\n\t\t\t<h4><a href=\"http:\/\/maldives-paradise.com\/pt\/soneva-fushi\/\">Soneva Fushi<\/a><\/h4>\n<p>Sem not\u00edcias, sem sapatos! Resort ecol\u00f3gico de luxo cinco estrelas na ilha. <strong>Soneva Fushi<\/strong> \u00e9 um resort de luxo em uma bela ilha nas Maldivas, contendo praias de areia branca, \u00e1guas cristalinas e experi\u00eancias \u00fanicas na vida. A ilha do Atol Baa oferece luxo, design ecol\u00f3gico e experi\u00eancias aut\u00eanticas das Maldivas.<\/p>\n\n\t\t<\/div>\n\t<\/div>\n<\/div><\/div><\/div><\/div><div class=\"vc_row wpb_row vc_row-fluid\"><div class=\"wpb_column vc_column_container vc_col-sm-3\"><div class=\"vc_column-inner\"><div class=\"wpb_wrapper\">\n\t<div  class=\"wpb_single_image wpb_content_element vc_align_left wpb_content_element\">\n\t\t\n\t\t<figure class=\"wpb_wrapper vc_figure\">\n\t\t\t<a href=\"https:\/\/lamp.glopss.com\/aff_c?offer_id=1506&#038;aff_id=1834\" target=\"_self\" class=\"vc_single_image-wrapper   vc_box_border_grey\"><img loading=\"lazy\" decoding=\"async\" width=\"150\" height=\"150\" src=\"https:\/\/maldives-paradise.com\/wp-content\/uploads\/2024\/02\/PatinaMaldives5-400-150x150.jpg\" class=\"vc_single_image-img attachment-thumbnail\" alt=\"Patina Maldivas\" title=\"Patina+Maldivas5-400\" \/><\/a>\n\t\t<\/figure>\n\t<\/div>\n<\/div><\/div><\/div><div class=\"wpb_column vc_column_container vc_col-sm-9\"><div class=\"vc_column-inner\"><div class=\"wpb_wrapper\">\n\t<div class=\"wpb_text_column wpb_content_element\" >\n\t\t<div class=\"wpb_wrapper\">\n\t\t\t<h4><a href=\"https:\/\/lamp.glopss.com\/aff_c?offer_id=1506&amp;aff_id=1834\">Patina Maldivas<\/a><\/h4>\n<p>Patina Maldives \u00e9 uma premiada joia, oferecendo aos viajantes exigentes uma luxuosa escapada para o para\u00edso. Com suas deslumbrantes vilas sobre a \u00e1gua, experi\u00eancias gastron\u00f4micas requintadas, comodidades de classe mundial e compromisso com a sustentabilidade, o resort promete um retiro inesquec\u00edvel em um dos destinos mais deslumbrantes do mundo.<\/p>\n\n\t\t<\/div>\n\t<\/div>\n<\/div><\/div><\/div><\/div><div class=\"vc_row wpb_row vc_row-fluid\"><div class=\"wpb_column vc_column_container vc_col-sm-12\"><div class=\"vc_column-inner\"><div class=\"wpb_wrapper\">\n\t<div class=\"wpb_text_column wpb_content_element\" >\n\t\t<div class=\"wpb_wrapper\">\n\t\t\t<h4>Os melhores resorts nas Maldivas por categoria<\/h4>\n<p class=\"has-small-font-size\"><a title=\"Os 12 melhores resorts familiares\" href=\"https:\/\/maldives-paradise.com\/pt\/?page_id=8933\">Os melhores resorts familiares nas Maldivas<\/a><\/p>\n<p class=\"has-small-font-size\"><a title=\"Os melhores resorts somente para adultos\" href=\"https:\/\/maldives-paradise.com\/pt\/?page_id=8790\">Os melhores resorts somente para adultos nas Maldivas<\/a><\/p>\n<p class=\"has-small-font-size\"><a title=\"Os melhores resorts com tudo inclu\u00eddo\" href=\"https:\/\/maldives-paradise.com\/pt\/?page_id=8762\">Os melhores resorts com tudo inclu\u00eddo nas Maldivas<\/a><\/p>\n<p class=\"has-small-font-size\"><a title=\"Os 12 melhores resorts all inclusive somente para adultos\" href=\"https:\/\/maldives-paradise.com\/pt\/os-12-melhores-resorts-all-inclusive-apenas-para-adultos-nas-maldivas\/\">Os melhores resorts all-inclusive somente para adultos<\/a><\/p>\n<p class=\"has-small-font-size\"><a title=\"As 12 melhores villas sobre a \u00e1gua nas Maldivas\" href=\"https:\/\/maldives-paradise.com\/pt\/as-12-melhores-vilas-sobre-a-agua-nas-maldivas\/\">As melhores vilas sobre a \u00e1gua nas Maldivas<\/a><\/p>\n<p class=\"has-small-font-size\"><a title=\"Os 12 melhores resorts de luxo nas Maldivas\" href=\"https:\/\/maldives-paradise.com\/pt\/os-12-melhores-resorts-de-luxo-nas-maldivas\/\">Os melhores resorts de luxo nas Maldivas<\/a><\/p>\n<p class=\"has-small-font-size\"><a title=\"Os 12 melhores resorts gourmet nas Maldivas\" href=\"https:\/\/maldives-paradise.com\/pt\/12-melhores-resorts-gourmet-nas-maldivas\/\">Os melhores resorts gourmet nas Maldivas<\/a><\/p>\n<p class=\"has-small-font-size\"><a title=\"Os 12 melhores resorts spa nas Maldivas\" href=\"https:\/\/maldives-paradise.com\/pt\/os-12-melhores-resorts-spa-nas-maldivas\/\">Os melhores resorts de spa nas Maldivas<\/a><\/p>\n<p class=\"has-small-font-size\"><a title=\"Os 12 resorts com a melhor casa de recife nas Maldivas\" href=\"https:\/\/maldives-paradise.com\/pt\/os-12-resorts-com-o-melhor-recife-de-casa-nas-maldivas\/\">Os Resorts com Melhor Casa de Recife nas Maldivas<\/a><\/p>\n<p class=\"has-small-font-size\"><a title=\"Melhores resorts de mergulho nas Maldivas\" href=\"https:\/\/maldives-paradise.com\/pt\/os-12-resorts-com-o-melhor-recife-de-casa-nas-maldivas\/\">Os melhores resorts de mergulho nas Maldivas<\/a><\/p>\n<p class=\"has-small-font-size\"><a title=\"Os 12 melhores resorts multi-ilhas nas Maldivas\" href=\"https:\/\/maldives-paradise.com\/pt\/os-12-melhores-resorts-multi-ilhas-nas-maldivas\/\">Os melhores resorts multi-ilhas nas Maldivas<\/a><\/p>\n\n\t\t<\/div>\n\t<\/div>\n<\/div><\/div><\/div><\/div>\n<\/div>","protected":false},"excerpt":{"rendered":"<div class=\"mh-excerpt\"><\/div>","protected":false},"author":1,"featured_media":11074,"parent":0,"menu_order":0,"comment_status":"closed","ping_status":"closed","template":"","meta":{"footnotes":""},"class_list":["post-11542","page","type-page","status-publish","has-post-thumbnail"],"aioseo_notices":[],"_links":{"self":[{"href":"http:\/\/maldives-paradise.com\/pt\/wp-json\/wp\/v2\/pages\/11542","targetHints":{"allow":["GET"]}}],"collection":[{"href":"http:\/\/maldives-paradise.com\/pt\/wp-json\/wp\/v2\/pages"}],"about":[{"href":"http:\/\/maldives-paradise.com\/pt\/wp-json\/wp\/v2\/types\/page"}],"author":[{"embeddable":true,"href":"http:\/\/maldives-paradise.com\/pt\/wp-json\/wp\/v2\/users\/1"}],"replies":[{"embeddable":true,"href":"http:\/\/maldives-paradise.com\/pt\/wp-json\/wp\/v2\/comments?post=11542"}],"version-history":[{"count":6,"href":"http:\/\/maldives-paradise.com\/pt\/wp-json\/wp\/v2\/pages\/11542\/revisions"}],"predecessor-version":[{"id":45310,"href":"http:\/\/maldives-paradise.com\/pt\/wp-json\/wp\/v2\/pages\/11542\/revisions\/45310"}],"wp:featuredmedia":[{"embeddable":true,"href":"http:\/\/maldives-paradise.com\/pt\/wp-json\/wp\/v2\/media\/11074"}],"wp:attachment":[{"href":"http:\/\/maldives-paradise.com\/pt\/wp-json\/wp\/v2\/media?parent=11542"}],"curies":[{"name":"wp","href":"https:\/\/api.w.org\/{rel}","templated":true}]}}