{"id":10597,"date":"2024-02-12T20:37:41","date_gmt":"2024-02-12T20:37:41","guid":{"rendered":"http:\/\/maldives-paradise.com\/?page_id=10597"},"modified":"2025-10-15T13:58:54","modified_gmt":"2025-10-15T13:58:54","slug":"resort-na-ilha-de-thulhagiri","status":"publish","type":"page","link":"http:\/\/maldives-paradise.com\/pt\/resort-na-ilha-de-thulhagiri\/","title":{"rendered":"Resort da Ilha Thulhagiri"},"content":{"rendered":"<div class=\"wpb-content-wrapper\"><div class=\"vc_row wpb_row vc_row-fluid\"><div class=\"wpb_column vc_column_container vc_col-sm-12\"><div class=\"vc_column-inner\"><div class=\"wpb_wrapper\">\n\t<div class=\"wpb_text_column wpb_content_element\" >\n\t\t<div class=\"wpb_wrapper\">\n\t\t\t<h3>Explorando as caracter\u00edsticas incompar\u00e1veis do Thulhagiri Island Resort nas Maldivas<\/h3>\n\n\t\t<\/div>\n\t<\/div>\n<\/div><\/div><\/div><\/div><div class=\"vc_row wpb_row vc_row-fluid\"><div class=\"wpb_column vc_column_container vc_col-sm-12\"><div class=\"vc_column-inner\"><div class=\"wpb_wrapper\">\n\t<div class=\"wpb_video_widget wpb_content_element vc_clearfix   vc_video-aspect-ratio-169 vc_video-el-width-100 vc_video-align-left\" >\n\t\t<div class=\"wpb_wrapper\">\n\t\t\t\n\t\t\t<div class=\"wpb_video_wrapper\"><iframe loading=\"lazy\" title=\"Ilha Thulhagiri Maldivas | Drone 4K\" width=\"500\" height=\"281\" src=\"https:\/\/www.youtube.com\/embed\/ZCEJuggtsFg?feature=oembed\" frameborder=\"0\" allow=\"accelerometer; autoplay; clipboard-write; encrypted-media; gyroscope; picture-in-picture; web-share\" allowfullscreen><\/iframe><\/div>\n\t\t<\/div>\n\t<\/div>\n<\/div><\/div><\/div><\/div><div class=\"vc_row wpb_row vc_row-fluid\"><div class=\"wpb_column vc_column_container vc_col-sm-12\"><div class=\"vc_column-inner\"><div class=\"wpb_wrapper\">\n\t<div class=\"wpb_text_column wpb_content_element\" >\n\t\t<div class=\"wpb_wrapper\">\n\t\t\t<p>Thulhagiri Island Resort, um ref\u00fagio de luxo e tranquilidade nas Maldivas. Situado na sua ilha privada no Atol Norte de Mal\u00e9, este requintado resort oferece aos viajantes mais exigentes um retiro inesquec\u00edvel rodeado por uma beleza natural deslumbrante. Vamos nos aprofundar nos principais recursos que tornam <a href=\"https:\/\/trip.tpo.lv\/vz6LY45C\" target=\"_blank\" rel=\"noopener sponsored\"><strong>Resort da Ilha Thulhagiri<\/strong><\/a> um destino de indulg\u00eancia incompar\u00e1vel.<\/p>\n<p><strong>Acomoda\u00e7\u00f5es requintadas:<\/strong><br \/>\nO Thulhagiri Island Resort oferece uma variedade de acomoda\u00e7\u00f5es luxuosas, desde charmosos bangal\u00f4s de praia at\u00e9 elegantes villas sobre a \u00e1gua, cada uma projetada para proporcionar aos h\u00f3spedes o m\u00e1ximo em conforto e relaxamento. Com interiores espa\u00e7osos, comodidades modernas e vistas deslumbrantes do oceano ou dos exuberantes jardins tropicais, cada quarto \u00e9 um santu\u00e1rio de serenidade e isolamento.<\/p>\n<p><strong>Experi\u00eancias gastron\u00f4micas gourmet:<\/strong><br \/>\nDel\u00edcias culin\u00e1rias aguardam voc\u00ea nos diversos restaurantes do Thulhagiri Island Resort, onde chefs talentosos elaboram pratos requintados inspirados em sabores globais. Os h\u00f3spedes podem saborear frutos do mar frescos na churrasqueira \u00e0 beira-mar, desfrutar de refei\u00e7\u00f5es requintadas no restaurante exclusivo do resort ou desfrutar de petiscos casuais e coquet\u00e9is refrescantes no bar da piscina. Com uma variedade de op\u00e7\u00f5es gastron\u00f3micas \u00e0 escolha, cada refei\u00e7\u00e3o \u00e9 uma aventura gastron\u00f3mica inesquec\u00edvel.<\/p>\n<p><strong>Praias privadas imaculadas:<\/strong><br \/>\nAs praias privadas do Thulhagiri Island Resort s\u00e3o um verdadeiro para\u00edso, com areia branca e fina e \u00e1guas cristalinas que convidam os h\u00f3spedes a descontrair e relaxar. Seja relaxando nas praias ensolaradas, nadando na lagoa azul-turquesa ou mergulhando com snorkel em meio a recifes de corais vibrantes, os h\u00f3spedes podem mergulhar na beleza natural das Maldivas e criar mem\u00f3rias inesquec\u00edveis.<\/p>\n<p><strong>Aventuras de Mergulho e Snorkeling:<\/strong><br \/>\nCom a sua proximidade a alguns dos locais de mergulho mais espetaculares do mundo, o Thulhagiri Island Resort \u00e9 um para\u00edso para os entusiastas do mergulho e do snorkeling. Os h\u00f3spedes podem explorar jardins de corais vibrantes, encontrar uma vida marinha fascinante e descobrir cavernas subaqu\u00e1ticas e naufr\u00e1gios. Seja embarcando em uma excurs\u00e3o de mergulho guiada ou praticando snorkeling no recife intocado do resort, cada aventura subaqu\u00e1tica \u00e9 uma experi\u00eancia de tirar o f\u00f4lego.<\/p>\n<p><strong>Spa luxuoso e retiro de bem-estar:<\/strong><br \/>\nO luxuoso spa do resort oferece um santu\u00e1rio de relaxamento e rejuvenescimento, onde os h\u00f3spedes podem escapar do estresse da vida cotidiana e desfrutar de tratamentos inspirados em antigas tradi\u00e7\u00f5es de cura. De massagens relaxantes a esfolia\u00e7\u00f5es corporais revigorantes, os terapeutas qualificados do spa oferecem terapias personalizadas que nutrem o corpo, a mente e a alma.<\/p>\n<p><strong>Cruzeiros rom\u00e2nticos ao p\u00f4r do sol:<\/strong><br \/>\n\u00c0 medida que o sol se p\u00f5e no horizonte, os h\u00f3spedes podem embarcar num cruzeiro rom\u00e2ntico ao p\u00f4r do sol a bordo de um dhoni tradicional das Maldivas, bebendo champanhe e canap\u00e9s enquanto admiram as vistas deslumbrantes. Para aqueles que procuram uma experi\u00eancia verdadeiramente inesquec\u00edvel, o Thulhagiri Island Resort tamb\u00e9m oferece jantares privados ao p\u00f4r do sol em bancos de areia isolados, onde os h\u00f3spedes podem jantar sob as estrelas em meio aos sons do oceano.<\/p>\n<p><strong>Servi\u00e7o e hospitalidade impec\u00e1veis:<\/strong><br \/>\nNo Thulhagiri Island Resort, os h\u00f3spedes s\u00e3o tratados com os mais altos padr\u00f5es de servi\u00e7o e hospitalidade, garantindo uma estadia perfeita e inesquec\u00edvel do come\u00e7o ao fim. A atenciosa equipe do resort faz de tudo para superar as expectativas dos h\u00f3spedes, prestando atendimento personalizado em cada solicita\u00e7\u00e3o e garantindo que todos os detalhes de sua estadia sejam atendidos.<\/p>\n<p>Concluindo, o Thulhagiri Island Resort oferece um retiro luxuoso em um dos destinos mais deslumbrantes do mundo, onde os h\u00f3spedes podem mergulhar na beleza natural e na serenidade das Maldivas. Com suas acomoda\u00e7\u00f5es luxuosas, experi\u00eancias gastron\u00f4micas gourmet, praias imaculadas e servi\u00e7o incompar\u00e1vel, o resort promete uma fuga inesquec\u00edvel ao para\u00edso para viajantes exigentes que buscam a melhor experi\u00eancia nas Maldivas. Seja relaxando na praia, desfrutando de tratamentos de spa ou embarcando em emocionantes aventuras de esportes aqu\u00e1ticos, os h\u00f3spedes s\u00e3o convidados a descobrir a magia do Thulhagiri Island Resort e a criar mem\u00f3rias que durar\u00e3o a vida toda.<\/p>\n\n\t\t<\/div>\n\t<\/div>\n<\/div><\/div><\/div><\/div><div class=\"vc_row wpb_row vc_row-fluid\"><div class=\"wpb_column vc_column_container vc_col-sm-12\"><div class=\"vc_column-inner\"><div class=\"wpb_wrapper\">\n\t<div class=\"wpb_text_column wpb_content_element\" >\n\t\t<div class=\"wpb_wrapper\">\n\t\t\t<h3><a title=\"Resort da Ilha Thulhagiri\" href=\"https:\/\/trip.tpo.lv\/vz6LY45C\" target=\"blanc2\" rel=\"nofollow\">Confira a disponibilidade e o melhor pre\u00e7o no Thulhagiri Island Resort aqui &gt;&gt;<\/a><\/h3>\n\n\t\t<\/div>\n\t<\/div>\n<\/div><\/div><\/div><\/div>\n<\/div>","protected":false},"excerpt":{"rendered":"<div class=\"mh-excerpt\"><\/div>","protected":false},"author":1,"featured_media":10598,"parent":0,"menu_order":0,"comment_status":"closed","ping_status":"closed","template":"","meta":{"footnotes":""},"class_list":["post-10597","page","type-page","status-publish","has-post-thumbnail"],"aioseo_notices":[],"_links":{"self":[{"href":"http:\/\/maldives-paradise.com\/pt\/wp-json\/wp\/v2\/pages\/10597","targetHints":{"allow":["GET"]}}],"collection":[{"href":"http:\/\/maldives-paradise.com\/pt\/wp-json\/wp\/v2\/pages"}],"about":[{"href":"http:\/\/maldives-paradise.com\/pt\/wp-json\/wp\/v2\/types\/page"}],"author":[{"embeddable":true,"href":"http:\/\/maldives-paradise.com\/pt\/wp-json\/wp\/v2\/users\/1"}],"replies":[{"embeddable":true,"href":"http:\/\/maldives-paradise.com\/pt\/wp-json\/wp\/v2\/comments?post=10597"}],"version-history":[{"count":3,"href":"http:\/\/maldives-paradise.com\/pt\/wp-json\/wp\/v2\/pages\/10597\/revisions"}],"predecessor-version":[{"id":43712,"href":"http:\/\/maldives-paradise.com\/pt\/wp-json\/wp\/v2\/pages\/10597\/revisions\/43712"}],"wp:featuredmedia":[{"embeddable":true,"href":"http:\/\/maldives-paradise.com\/pt\/wp-json\/wp\/v2\/media\/10598"}],"wp:attachment":[{"href":"http:\/\/maldives-paradise.com\/pt\/wp-json\/wp\/v2\/media?parent=10597"}],"curies":[{"name":"wp","href":"https:\/\/api.w.org\/{rel}","templated":true}]}}