{"id":10577,"date":"2024-02-12T20:10:16","date_gmt":"2024-02-12T20:10:16","guid":{"rendered":"http:\/\/maldives-paradise.com\/?page_id=10577"},"modified":"2025-10-15T13:33:18","modified_gmt":"2025-10-15T13:33:18","slug":"paraiso-sazonal","status":"publish","type":"page","link":"http:\/\/maldives-paradise.com\/pt\/paraiso-sazonal\/","title":{"rendered":"Temporada Para\u00edso"},"content":{"rendered":"<div class=\"wpb-content-wrapper\"><div class=\"vc_row wpb_row vc_row-fluid\"><div class=\"wpb_column vc_column_container vc_col-sm-12\"><div class=\"vc_column-inner\"><div class=\"wpb_wrapper\">\n\t<div class=\"wpb_text_column wpb_content_element\" >\n\t\t<div class=\"wpb_wrapper\">\n\t\t\t<h3>Explorando as principais caracter\u00edsticas do Season Paradise Resort nas Maldivas<\/h3>\n\n\t\t<\/div>\n\t<\/div>\n<\/div><\/div><\/div><\/div><div class=\"vc_row wpb_row vc_row-fluid\"><div class=\"wpb_column vc_column_container vc_col-sm-12\"><div class=\"vc_column-inner\"><div class=\"wpb_wrapper\">\n\t<div class=\"wpb_video_widget wpb_content_element vc_clearfix   vc_video-aspect-ratio-169 vc_video-el-width-100 vc_video-align-left\" >\n\t\t<div class=\"wpb_wrapper\">\n\t\t\t\n\t\t\t<div class=\"wpb_video_wrapper\"><iframe loading=\"lazy\" title=\"Season Paradise, destino de sonho nas Maldivas\" width=\"500\" height=\"281\" src=\"https:\/\/www.youtube.com\/embed\/lrFeMMiDh-w?feature=oembed\" frameborder=\"0\" allow=\"accelerometer; autoplay; clipboard-write; encrypted-media; gyroscope; picture-in-picture; web-share\" allowfullscreen><\/iframe><\/div>\n\t\t<\/div>\n\t<\/div>\n<\/div><\/div><\/div><\/div><div class=\"vc_row wpb_row vc_row-fluid\"><div class=\"wpb_column vc_column_container vc_col-sm-12\"><div class=\"vc_column-inner\"><div class=\"wpb_wrapper\">\n\t<div class=\"wpb_text_column wpb_content_element\" >\n\t\t<div class=\"wpb_wrapper\">\n\t\t\t<p>Season Paradise, um resort sereno e luxuoso no cora\u00e7\u00e3o das Maldivas. Situado na ilha de Thulusdhoo, no Atol de Mal\u00e9 Norte, o Season Paradise oferece aos viajantes exigentes uma escapada id\u00edlica para o para\u00edso. De praias imaculadas a comodidades de classe mundial, vamos nos aprofundar nos principais recursos que fazem do Season Paradise Resort um destino imperd\u00edvel.<\/p>\n<p><strong>Acomoda\u00e7\u00f5es:<\/strong><br \/>\nO Season Paradise oferece uma variedade de acomoda\u00e7\u00f5es luxuosas, projetadas para atender a todos os gostos e or\u00e7amentos. De espa\u00e7osas vilas \u00e0 beira-mar a elegantes bangal\u00f4s sobre a \u00e1gua, cada quarto \u00e9 elegantemente decorado com comodidades modernas e oferece vistas deslumbrantes do oceano ou dos exuberantes jardins tropicais. Com design contempor\u00e2neo e elegante e mobili\u00e1rio luxuoso, os h\u00f3spedes podem desfrutar de conforto e relaxamento incompar\u00e1veis durante toda a sua estadia.<\/p>\n<p><strong>Experi\u00eancias gastron\u00f4micas requintadas:<\/strong><br \/>\nJantar no Season Paradise \u00e9 um deleite culin\u00e1rio, com uma variedade de restaurantes e bares que oferecem uma variedade de pratos deliciosos e bebidas refrescantes. Da culin\u00e1ria internacional \u00e0s especialidades locais das Maldivas, os h\u00f3spedes podem saborear uma variedade de sabores e experi\u00eancias culin\u00e1rias. Seja apreciando um jantar rom\u00e2ntico na praia ou degustando coquet\u00e9is ex\u00f3ticos ao p\u00f4r do sol, os restaurantes do resort prometem uma jornada gastron\u00f4mica inesquec\u00edvel.<\/p>\n<p><strong>Atividades aqu\u00e1ticas espetaculares:<\/strong><br \/>\nWith its crystal-clear lagoons and vibrant coral reefs, <a href=\"https:\/\/trip.tpo.lv\/vzcwRmRF\" target=\"_blank\" rel=\"noopener sponsored\"><strong>Temporada Para\u00edso<\/strong><\/a> is a haven for water sports enthusiasts. Guests can snorkel amidst colorful marine life, dive to explore underwater caves and shipwrecks, or simply relax on the pristine beaches and soak up the tropical sun. For adrenaline seekers, the resort offers a variety of thrilling activities such as jet-skiing, parasailing, and windsurfing, ensuring endless excitement and adventure.<\/p>\n<p><strong>Relaxamento e bem-estar:<\/strong><br \/>\nO Season Paradise dedica-se a garantir o relaxamento e o bem-estar dos h\u00f3spedes com sua variedade de instala\u00e7\u00f5es de bem-estar e servi\u00e7os de spa. O spa do resort oferece um santu\u00e1rio de tranquilidade e rejuvenescimento, com uma variedade de tratamentos hol\u00edsticos e massagens inspirados nos rituais de cura tradicionais das Maldivas. Os h\u00f3spedes tamb\u00e9m podem desfrutar de sess\u00f5es de ioga na praia, aulas de medita\u00e7\u00e3o e workshops de bem-estar para acalmar a mente, o corpo e a alma.<\/p>\n<p><strong>Explora\u00e7\u00e3o da ilha e experi\u00eancias culturais:<\/strong><br \/>\nAl\u00e9m do resort, o Season Paradise oferece aos h\u00f3spedes a oportunidade de explorar a beleza natural e o patrim\u00f4nio cultural das Maldivas. De passeios guiados pelas ilhas a visitas a vilarejos locais, os h\u00f3spedes podem mergulhar na rica cultura maldiva e criar mem\u00f3rias inesquec\u00edveis. O resort tamb\u00e9m organiza cruzeiros ao p\u00f4r do sol, excurs\u00f5es para observa\u00e7\u00e3o de golfinhos e aulas de culin\u00e1ria tradicional maldiva, permitindo que os h\u00f3spedes vivenciem o charme aut\u00eantico das Maldivas.<\/p>\n<p><strong>Comodidades para fam\u00edlias:<\/strong><br \/>\nO Season Paradise \u00e9 o destino perfeito para fam\u00edlias, com uma variedade de comodidades e atividades projetadas para atender h\u00f3spedes de todas as idades. O resort disp\u00f5e de um clube infantil com atividades e jogos supervisionados, al\u00e9m de uma \u00e1rea de piscina exclusiva para as crian\u00e7as brincarem. Com acomoda\u00e7\u00f5es espa\u00e7osas e adequadas para fam\u00edlias e menus especiais para crian\u00e7as, o Season Paradise garante f\u00e9rias inesquec\u00edveis para toda a fam\u00edlia.<\/p>\n<p><strong>Servi\u00e7o impec\u00e1vel:<\/strong><br \/>\nNo Season Paradise, os h\u00f3spedes s\u00e3o tratados com os mais altos padr\u00f5es de hospitalidade e servi\u00e7o personalizado. A equipe atenciosa do resort se esfor\u00e7a ao m\u00e1ximo para garantir que todos os aspectos da estadia dos h\u00f3spedes sejam impec\u00e1veis, desde a organiza\u00e7\u00e3o de excurs\u00f5es at\u00e9 a antecipa\u00e7\u00e3o de todas as suas necessidades. Com a calorosa hospitalidade das Maldivas e aten\u00e7\u00e3o aos detalhes, o Season Paradise proporciona uma experi\u00eancia verdadeiramente inesquec\u00edvel para todos os visitantes.<\/p>\n<p>Em suma, o Season Paradise Resort oferece um retiro luxuoso em um dos destinos mais deslumbrantes do mundo. Com acomoda\u00e7\u00f5es luxuosas, experi\u00eancias gastron\u00f4micas requintadas, atividades aqu\u00e1ticas espetaculares e servi\u00e7o impec\u00e1vel, o resort promete uma escapada inesquec\u00edvel para o para\u00edso para viajantes exigentes que buscam a experi\u00eancia definitiva nas Maldivas. Seja em busca de relaxamento, aventura ou imers\u00e3o cultural, os h\u00f3spedes s\u00e3o convidados a abra\u00e7ar a magia do Season Paradise e criar mem\u00f3rias para a vida toda.<\/p>\n\n\t\t<\/div>\n\t<\/div>\n<\/div><\/div><\/div><\/div><div class=\"vc_row wpb_row vc_row-fluid\"><div class=\"wpb_column vc_column_container vc_col-sm-12\"><div class=\"vc_column-inner\"><div class=\"wpb_wrapper\">\n\t<div class=\"wpb_text_column wpb_content_element\" >\n\t\t<div class=\"wpb_wrapper\">\n\t\t\t<h3><a title=\"Temporada Para\u00edso\" href=\"https:\/\/trip.tpo.lv\/vzcwRmRF\" target=\"blanc2\" rel=\"nofollow\">Confira a disponibilidade e o melhor pre\u00e7o no Season Paradise aqui &gt;&gt;<\/a><\/h3>\n\n\t\t<\/div>\n\t<\/div>\n<\/div><\/div><\/div><\/div>\n<\/div>","protected":false},"excerpt":{"rendered":"<div class=\"mh-excerpt\"><\/div>","protected":false},"author":1,"featured_media":10578,"parent":0,"menu_order":0,"comment_status":"closed","ping_status":"closed","template":"","meta":{"footnotes":""},"class_list":["post-10577","page","type-page","status-publish","has-post-thumbnail"],"aioseo_notices":[],"_links":{"self":[{"href":"http:\/\/maldives-paradise.com\/pt\/wp-json\/wp\/v2\/pages\/10577","targetHints":{"allow":["GET"]}}],"collection":[{"href":"http:\/\/maldives-paradise.com\/pt\/wp-json\/wp\/v2\/pages"}],"about":[{"href":"http:\/\/maldives-paradise.com\/pt\/wp-json\/wp\/v2\/types\/page"}],"author":[{"embeddable":true,"href":"http:\/\/maldives-paradise.com\/pt\/wp-json\/wp\/v2\/users\/1"}],"replies":[{"embeddable":true,"href":"http:\/\/maldives-paradise.com\/pt\/wp-json\/wp\/v2\/comments?post=10577"}],"version-history":[{"count":4,"href":"http:\/\/maldives-paradise.com\/pt\/wp-json\/wp\/v2\/pages\/10577\/revisions"}],"predecessor-version":[{"id":43703,"href":"http:\/\/maldives-paradise.com\/pt\/wp-json\/wp\/v2\/pages\/10577\/revisions\/43703"}],"wp:featuredmedia":[{"embeddable":true,"href":"http:\/\/maldives-paradise.com\/pt\/wp-json\/wp\/v2\/media\/10578"}],"wp:attachment":[{"href":"http:\/\/maldives-paradise.com\/pt\/wp-json\/wp\/v2\/media?parent=10577"}],"curies":[{"name":"wp","href":"https:\/\/api.w.org\/{rel}","templated":true}]}}