{"id":10441,"date":"2024-02-10T09:59:44","date_gmt":"2024-02-10T09:59:44","guid":{"rendered":"http:\/\/maldives-paradise.com\/?page_id=10441"},"modified":"2024-09-14T08:23:27","modified_gmt":"2024-09-14T08:23:27","slug":"voos-internacionais-para-maldivas","status":"publish","type":"page","link":"http:\/\/maldives-paradise.com\/pt\/voos-internacionais-para-maldivas\/","title":{"rendered":"Voos internacionais para Maldivas"},"content":{"rendered":"<div class=\"wpb-content-wrapper\"><div class=\"vc_row wpb_row vc_row-fluid\"><div class=\"wpb_column vc_column_container vc_col-sm-12\"><div class=\"vc_column-inner\"><div class=\"wpb_wrapper\">\n\t<div class=\"wpb_text_column wpb_content_element\" >\n\t\t<div class=\"wpb_wrapper\">\n\t\t\t<h3>Voos internacionais chegando ao Aeroporto Internacional de Mal\u00e9, Maldivas<\/h3>\n\n\t\t<\/div>\n\t<\/div>\n<\/div><\/div><\/div><\/div><div class=\"vc_row wpb_row vc_row-fluid\"><div class=\"wpb_column vc_column_container vc_col-sm-12\"><div class=\"vc_column-inner\"><div class=\"wpb_wrapper\">\n\t<div  class=\"wpb_single_image wpb_content_element vc_align_left wpb_content_element\">\n\t\t\n\t\t<figure class=\"wpb_wrapper vc_figure\">\n\t\t\t<div class=\"vc_single_image-wrapper   vc_box_border_grey\"><img loading=\"lazy\" decoding=\"async\" width=\"800\" height=\"533\" src=\"https:\/\/maldives-paradise.com\/wp-content\/uploads\/2024\/02\/Emirates-plane-5855534_1280.jpg\" class=\"vc_single_image-img attachment-full\" alt=\"Companhia A\u00e9rea Emirates\" title=\"Emirates-avi\u00e3o-5855534_1280\" srcset=\"https:\/\/maldives-paradise.com\/wp-content\/uploads\/2024\/02\/Emirates-plane-5855534_1280.jpg 800w, https:\/\/maldives-paradise.com\/wp-content\/uploads\/2024\/02\/Emirates-plane-5855534_1280-300x200.jpg 300w, https:\/\/maldives-paradise.com\/wp-content\/uploads\/2024\/02\/Emirates-plane-5855534_1280-768x512.jpg 768w, https:\/\/maldives-paradise.com\/wp-content\/uploads\/2024\/02\/Emirates-plane-5855534_1280-18x12.jpg 18w, https:\/\/maldives-paradise.com\/wp-content\/uploads\/2024\/02\/Emirates-plane-5855534_1280-500x333.jpg 500w\" sizes=\"auto, (max-width: 800px) 100vw, 800px\" \/><\/div>\n\t\t<\/figure>\n\t<\/div>\n<\/div><\/div><\/div><\/div><div class=\"vc_row wpb_row vc_row-fluid\"><div class=\"wpb_column vc_column_container vc_col-sm-12\"><div class=\"vc_column-inner\"><div class=\"wpb_wrapper\">\n\t<div class=\"wpb_text_column wpb_content_element\" >\n\t\t<div class=\"wpb_wrapper\">\n\t\t\t<p>O Aeroporto Internacional de Mal\u00e9, tamb\u00e9m conhecido como Aeroporto Internacional de Velana, est\u00e1 localizado na ilha de Hulhul\u00e9, pr\u00f3ximo \u00e0 capital Mal\u00e9, nas Maldivas, e serve como a principal porta de entrada para as Maldivas.<\/p>\n<p>As Maldivas recebem visitantes de v\u00e1rios cantos do mundo. Voos internacionais para o Aeroporto Internacional de Mal\u00e9 partem de grandes centros, incluindo Dubai, Doha, Abu Dhabi, Cingapura, Istambul, Moscou e Kuala Lumpur. Companhias a\u00e9reas como Emirates, Qatar Airways, Etihad, Singapore Airlines, Turkish Airlines, Aeroflot e Malaysia Airlines operam voos frequentes para este para\u00edso tropical. A Hong Kong Airlines tamb\u00e9m abriu recentemente um voo direto de Hong Kong.<\/p>\n<p>Esses voos internacionais trazem viajantes ao Aeroporto Internacional de Mal\u00e9. Embora o aeroporto seja relativamente pequeno em tamanho, oferece instala\u00e7\u00f5es e servi\u00e7os modernos que atendem \u00e0s necessidades dos passageiros que chegam. De lojas duty-free que oferecem souvenirs e produtos de luxo a restaurantes que servem a deliciosa culin\u00e1ria das Maldivas, os viajantes podem mergulhar na cultura local antes mesmo de pisar nas ilhas.<\/p>\n<p>Ao chegar, os passageiros s\u00e3o recebidos pela calorosa hospitalidade do povo das Maldivas e pelas vistas de tirar o f\u00f4lego das \u00e1guas azul-turquesa cristalinas que cercam o aeroporto. O traslado para os v\u00e1rios resorts da ilha \u00e9 normalmente organizado por lancha ou hidroavi\u00e3o, adicionando um elemento de excita\u00e7\u00e3o \u00e0 viagem.<\/p>\n<p>A popularidade das Maldivas como destino tur\u00edstico tem visto um aumento constante nas chegadas internacionais ao longo dos anos. Antes da pandemia global, o Aeroporto Internacional de Mal\u00e9 registrava mais de 4 milh\u00f5es de passageiros anualmente, com a maioria dos viajantes vindos da Europa, \u00c1sia e Oriente M\u00e9dio. Embora as restri\u00e7\u00f5es de viagem em 2020 e 2021 tenham levado a um decl\u00ednio tempor\u00e1rio no n\u00famero de passageiros, as Maldivas reabriram gradualmente suas fronteiras, recebendo de volta visitantes internacionais com medidas de seguran\u00e7a aprimoradas em vigor.<\/p>\n<p>A Emirates Airline tem v\u00e1rios voos de Dubai para Mal\u00e9 todos os dias. Pesquise voos em <a href=\"https:\/\/lamp.glopss.com\/aff_c?offer_id=199&amp;aff_id=1834\" target=\"_blank\" rel=\"nofollow noopener\">Emirates aqui<\/a>.<\/p>\n\n\t\t<\/div>\n\t<\/div>\n<\/div><\/div><\/div><\/div><div class=\"vc_row wpb_row vc_row-fluid\"><div class=\"wpb_column vc_column_container vc_col-sm-12\"><div class=\"vc_column-inner\"><div class=\"wpb_wrapper\">\n\t<div class=\"wpb_text_column wpb_content_element\" >\n\t\t<div class=\"wpb_wrapper\">\n\t\t\t<h3><a href=\"http:\/\/maldives-paradise.com\/pt\/2024\/02\/voos\/\">Pesquise todos os voos para as Maldivas aqui &gt;&gt;<\/a><\/h3>\n\n\t\t<\/div>\n\t<\/div>\n<\/div><\/div><\/div><\/div>\n<\/div>","protected":false},"excerpt":{"rendered":"<div class=\"mh-excerpt\"><\/div>","protected":false},"author":1,"featured_media":10442,"parent":0,"menu_order":0,"comment_status":"closed","ping_status":"closed","template":"","meta":{"footnotes":""},"class_list":["post-10441","page","type-page","status-publish","has-post-thumbnail"],"aioseo_notices":[],"_links":{"self":[{"href":"http:\/\/maldives-paradise.com\/pt\/wp-json\/wp\/v2\/pages\/10441","targetHints":{"allow":["GET"]}}],"collection":[{"href":"http:\/\/maldives-paradise.com\/pt\/wp-json\/wp\/v2\/pages"}],"about":[{"href":"http:\/\/maldives-paradise.com\/pt\/wp-json\/wp\/v2\/types\/page"}],"author":[{"embeddable":true,"href":"http:\/\/maldives-paradise.com\/pt\/wp-json\/wp\/v2\/users\/1"}],"replies":[{"embeddable":true,"href":"http:\/\/maldives-paradise.com\/pt\/wp-json\/wp\/v2\/comments?post=10441"}],"version-history":[{"count":3,"href":"http:\/\/maldives-paradise.com\/pt\/wp-json\/wp\/v2\/pages\/10441\/revisions"}],"predecessor-version":[{"id":10968,"href":"http:\/\/maldives-paradise.com\/pt\/wp-json\/wp\/v2\/pages\/10441\/revisions\/10968"}],"wp:featuredmedia":[{"embeddable":true,"href":"http:\/\/maldives-paradise.com\/pt\/wp-json\/wp\/v2\/media\/10442"}],"wp:attachment":[{"href":"http:\/\/maldives-paradise.com\/pt\/wp-json\/wp\/v2\/media?parent=10441"}],"curies":[{"name":"wp","href":"https:\/\/api.w.org\/{rel}","templated":true}]}}