{"id":10419,"date":"2024-02-10T08:24:19","date_gmt":"2024-02-10T08:24:19","guid":{"rendered":"http:\/\/maldives-paradise.com\/?page_id=10419"},"modified":"2025-02-21T07:28:15","modified_gmt":"2025-02-21T07:28:15","slug":"hoteis-resorts-4-estrelas-nas-maldivas-3","status":"publish","type":"page","link":"http:\/\/maldives-paradise.com\/pt\/hoteis-resorts-4-estrelas-nas-maldivas-3\/","title":{"rendered":"Hot\u00e9is e resorts 4 estrelas nas Maldivas 3"},"content":{"rendered":"<div class=\"wpb-content-wrapper\"><div class=\"vc_row wpb_row vc_row-fluid\"><div class=\"wpb_column vc_column_container vc_col-sm-12\"><div class=\"vc_column-inner\"><div class=\"wpb_wrapper\">\n\t<div class=\"wpb_text_column wpb_content_element\" >\n\t\t<div class=\"wpb_wrapper\">\n\t\t\t<h3>Uma sele\u00e7\u00e3o de hot\u00e9is e resorts 4 estrelas nas Maldivas<\/h3>\n<p>As Maldivas abrigam in\u00fameras <strong data-start=\"82\" data-end=\"111\">Hot\u00e9is e resorts 4 estrelas<\/strong>, oferecendo um equil\u00edbrio perfeito de <strong data-start=\"143\" data-end=\"181\">luxo, conforto e acessibilidade<\/strong>. Esses resorts oferecem <strong data-start=\"205\" data-end=\"282\">deslumbrantes vilas \u00e0 beira-mar, bangal\u00f4s sobre a \u00e1gua e excelentes instala\u00e7\u00f5es<\/strong>, incluindo <strong data-start=\"294\" data-end=\"338\">piscinas, spas e diversas op\u00e7\u00f5es gastron\u00f4micas<\/strong>.<\/p>\n\n\t\t<\/div>\n\t<\/div>\n<\/div><\/div><\/div><\/div><div class=\"vc_row wpb_row vc_row-fluid\"><div class=\"wpb_column vc_column_container vc_col-sm-3\"><div class=\"vc_column-inner\"><div class=\"wpb_wrapper\">\n\t<div  class=\"wpb_single_image wpb_content_element vc_align_left wpb_content_element\">\n\t\t\n\t\t<figure class=\"wpb_wrapper vc_figure\">\n\t\t\t<a href=\"http:\/\/maldives-paradise.com\/pt\/mercure-maldivas-kooddoo-resort\/\" target=\"_self\" class=\"vc_single_image-wrapper   vc_box_border_grey\"><img loading=\"lazy\" decoding=\"async\" width=\"150\" height=\"150\" src=\"https:\/\/maldives-paradise.com\/wp-content\/uploads\/2024\/02\/mercure-1-150x150.jpg\" class=\"vc_single_image-img attachment-thumbnail\" alt=\"Mercure Maldivas Kooddoo Resort\" title=\"Merc\u00fario\" \/><\/a>\n\t\t<\/figure>\n\t<\/div>\n<\/div><\/div><\/div><div class=\"wpb_column vc_column_container vc_col-sm-9\"><div class=\"vc_column-inner\"><div class=\"wpb_wrapper\">\n\t<div class=\"wpb_text_column wpb_content_element\" >\n\t\t<div class=\"wpb_wrapper\">\n\t\t\t<h4><a href=\"http:\/\/maldives-paradise.com\/pt\/mercure-maldivas-kooddoo-resort\/\">Mercure Maldivas Kooddoo Resort<\/a><\/h4>\n<p>O Mercure Maldives Kooddoo Resort \u00e9 um santu\u00e1rio tropical que promete uma escapada extraordin\u00e1ria. Sua localiza\u00e7\u00e3o remota, acomoda\u00e7\u00f5es confort\u00e1veis, culin\u00e1ria diversificada e dedica\u00e7\u00e3o \u00e0 sustentabilidade fazem dele a escolha ideal para viajantes que buscam relaxamento e aventura.<\/p>\n\n\t\t<\/div>\n\t<\/div>\n<\/div><\/div><\/div><\/div><div class=\"vc_row wpb_row vc_row-fluid\"><div class=\"wpb_column vc_column_container vc_col-sm-3\"><div class=\"vc_column-inner\"><div class=\"wpb_wrapper\">\n\t<div  class=\"wpb_single_image wpb_content_element vc_align_left wpb_content_element\">\n\t\t\n\t\t<figure class=\"wpb_wrapper vc_figure\">\n\t\t\t<a href=\"http:\/\/maldives-paradise.com\/pt\/nakai-alimatha-resort-maldivas\/\" target=\"_self\" class=\"vc_single_image-wrapper   vc_box_border_grey\"><img loading=\"lazy\" decoding=\"async\" width=\"150\" height=\"150\" src=\"https:\/\/maldives-paradise.com\/wp-content\/uploads\/2024\/02\/Nakai-Resort-Maldive-alimatha-Over-Water-1-150x150.jpg\" class=\"vc_single_image-img attachment-thumbnail\" alt=\"Nakai Alimatha Resort\" title=\"Nakai-Resort-Maldive-alimatha-Over-Water\" \/><\/a>\n\t\t<\/figure>\n\t<\/div>\n<\/div><\/div><\/div><div class=\"wpb_column vc_column_container vc_col-sm-9\"><div class=\"vc_column-inner\"><div class=\"wpb_wrapper\">\n\t<div class=\"wpb_text_column wpb_content_element\" >\n\t\t<div class=\"wpb_wrapper\">\n\t\t\t<h4><a href=\"http:\/\/maldives-paradise.com\/pt\/nakai-alimatha-resort-maldivas\/\">Nakai Alimatha Resort<\/a><\/h4>\n<p>As Maldivas, famosas por suas praias imaculadas e vida marinha vibrante, s\u00e3o um destino de sonho para viajantes que buscam a fuga tropical perfeita. Em meio a este arquip\u00e9lago de tirar o f\u00f4lego, fica <strong>Nakai Alimath\u00e0 Resort<\/strong>, uma joia escondida que oferece uma mistura \u00fanica de relaxamento, aventura e charme das Maldivas.<\/p>\n\n\t\t<\/div>\n\t<\/div>\n<\/div><\/div><\/div><\/div><div class=\"vc_row wpb_row vc_row-fluid\"><div class=\"wpb_column vc_column_container vc_col-sm-3\"><div class=\"vc_column-inner\"><div class=\"wpb_wrapper\">\n\t<div  class=\"wpb_single_image wpb_content_element vc_align_left wpb_content_element\">\n\t\t\n\t\t<figure class=\"wpb_wrapper vc_figure\">\n\t\t\t<a href=\"http:\/\/maldives-paradise.com\/pt\/oblu-natureza-helengeli-por-sentido\/\" target=\"_self\" class=\"vc_single_image-wrapper   vc_box_border_grey\"><img loading=\"lazy\" decoding=\"async\" width=\"150\" height=\"150\" src=\"https:\/\/maldives-paradise.com\/wp-content\/uploads\/2024\/02\/OBLU-Helengeli-Maldives-400px-1-150x150.jpg\" class=\"vc_single_image-img attachment-thumbnail\" alt=\"OBLU NATURE Helengeli por SENTIDO\" title=\"OBLU-Helengeli-Maldivas-400px\" \/><\/a>\n\t\t<\/figure>\n\t<\/div>\n<\/div><\/div><\/div><div class=\"wpb_column vc_column_container vc_col-sm-9\"><div class=\"vc_column-inner\"><div class=\"wpb_wrapper\">\n\t<div class=\"wpb_text_column wpb_content_element\" >\n\t\t<div class=\"wpb_wrapper\">\n\t\t\t<h4><a href=\"http:\/\/maldives-paradise.com\/pt\/oblu-natureza-helengeli-por-sentido\/\">OBLU NATURE Helengeli por SENTIDO<\/a><\/h4>\n<p>OBLU NATURE Helengeli by SENTIDO se destaca como um ref\u00fagio excepcional que oferece uma mistura \u00fanica de luxo, beleza natural e o aut\u00eantico charme das Maldivas.<\/p>\n\n\t\t<\/div>\n\t<\/div>\n<\/div><\/div><\/div><\/div><div class=\"vc_row wpb_row vc_row-fluid\"><div class=\"wpb_column vc_column_container vc_col-sm-3\"><div class=\"vc_column-inner\"><div class=\"wpb_wrapper\">\n\t<div  class=\"wpb_single_image wpb_content_element vc_align_left wpb_content_element\">\n\t\t\n\t\t<figure class=\"wpb_wrapper vc_figure\">\n\t\t\t<a href=\"http:\/\/maldives-paradise.com\/pt\/oblu-xperience-ailafushi-maldivas\/\" target=\"_self\" class=\"vc_single_image-wrapper   vc_box_border_grey\"><img loading=\"lazy\" decoding=\"async\" width=\"150\" height=\"150\" src=\"https:\/\/maldives-paradise.com\/wp-content\/uploads\/2024\/02\/oblu-xperience-400px-1-150x150.jpg\" class=\"vc_single_image-img attachment-thumbnail\" alt=\"OBLU XPERIENCE Ailafushi\" title=\"experi\u00eancia-oblu-400px\" \/><\/a>\n\t\t<\/figure>\n\t<\/div>\n<\/div><\/div><\/div><div class=\"wpb_column vc_column_container vc_col-sm-9\"><div class=\"vc_column-inner\"><div class=\"wpb_wrapper\">\n\t<div class=\"wpb_text_column wpb_content_element\" >\n\t\t<div class=\"wpb_wrapper\">\n\t\t\t<h4><a href=\"http:\/\/maldives-paradise.com\/pt\/oblu-xperience-ailafushi-maldivas\/\">OBLU XPERIENCE Ailafushi<\/a><\/h4>\n<p>OBLU XPERIENCE Ailafushi \u00e9 um para\u00edso tropical que promete uma escapada extraordin\u00e1ria. Sua localiza\u00e7\u00e3o de tirar o f\u00f4lego, acomoda\u00e7\u00f5es luxuosas, culin\u00e1ria diversificada e dedica\u00e7\u00e3o \u00e0 sustentabilidade fazem dele a escolha ideal para viajantes que buscam relaxamento e aventura.<\/p>\n\n\t\t<\/div>\n\t<\/div>\n<\/div><\/div><\/div><\/div><div class=\"vc_row wpb_row vc_row-fluid\"><div class=\"wpb_column vc_column_container vc_col-sm-3\"><div class=\"vc_column-inner\"><div class=\"wpb_wrapper\">\n\t<div  class=\"wpb_single_image wpb_content_element vc_align_left wpb_content_element\">\n\t\t\n\t\t<figure class=\"wpb_wrapper vc_figure\">\n\t\t\t<a href=\"http:\/\/maldives-paradise.com\/pt\/resort-e-spa-da-ilha-de-palm-beach\/\" target=\"_self\" class=\"vc_single_image-wrapper   vc_box_border_grey\"><img loading=\"lazy\" decoding=\"async\" width=\"150\" height=\"150\" src=\"https:\/\/maldives-paradise.com\/wp-content\/uploads\/2024\/02\/palm-beach-island-resort-spa-maldives-400-1-150x150.jpg\" class=\"vc_single_image-img attachment-thumbnail\" alt=\"Palm Beach Island Resort &amp; Spa\" title=\"palm-beach-ilha-resort-spa-maldivas-400\" \/><\/a>\n\t\t<\/figure>\n\t<\/div>\n<\/div><\/div><\/div><div class=\"wpb_column vc_column_container vc_col-sm-9\"><div class=\"vc_column-inner\"><div class=\"wpb_wrapper\">\n\t<div class=\"wpb_text_column wpb_content_element\" >\n\t\t<div class=\"wpb_wrapper\">\n\t\t\t<h4><a href=\"http:\/\/maldives-paradise.com\/pt\/resort-e-spa-da-ilha-de-palm-beach\/\">Palm Beach Island Resort &amp; Spa<\/a><\/h4>\n<p>N\u00e3o importa se voc\u00ea est\u00e1 comemorando uma ocasi\u00e3o especial ou buscando uma fuga rejuvenescedora, o Palm Beach Island Resort &amp; Spa oferece uma experi\u00eancia que cria mem\u00f3rias queridas. Reserve sua estadia hoje e embarque em uma jornada inesquec\u00edvel para o para\u00edso nas Maldivas.<\/p>\n\n\t\t<\/div>\n\t<\/div>\n<\/div><\/div><\/div><\/div><div class=\"vc_row wpb_row vc_row-fluid\"><div class=\"wpb_column vc_column_container vc_col-sm-3\"><div class=\"vc_column-inner\"><div class=\"wpb_wrapper\">\n\t<div  class=\"wpb_single_image wpb_content_element vc_align_left wpb_content_element\">\n\t\t\n\t\t<figure class=\"wpb_wrapper vc_figure\">\n\t\t\t<a href=\"http:\/\/maldives-paradise.com\/pt\/pearl-sands-of-maldives\/\" target=\"_self\" class=\"vc_single_image-wrapper   vc_box_border_grey\"><img loading=\"lazy\" decoding=\"async\" width=\"150\" height=\"150\" src=\"https:\/\/maldives-paradise.com\/wp-content\/uploads\/2024\/02\/pearl-sands-maldives-1-150x150.jpg\" class=\"vc_single_image-img attachment-thumbnail\" alt=\"Pearl Sands das Maldivas\" title=\"areias-p\u00e9rolas-maldivas\" \/><\/a>\n\t\t<\/figure>\n\t<\/div>\n<\/div><\/div><\/div><div class=\"wpb_column vc_column_container vc_col-sm-9\"><div class=\"vc_column-inner\"><div class=\"wpb_wrapper\">\n\t<div class=\"wpb_text_column wpb_content_element\" >\n\t\t<div class=\"wpb_wrapper\">\n\t\t\t<h4><a href=\"http:\/\/maldives-paradise.com\/pt\/pearl-sands-of-maldives\/\">Pearl Sands das Maldivas<\/a><\/h4>\n<p>Pearl Sands of Maldives \u00e9 uma joia tropical escondida que promete uma escapada extraordin\u00e1ria. Sua localiza\u00e7\u00e3o remota, acomoda\u00e7\u00f5es luxuosas e culin\u00e1ria diversificada fazem dele a escolha ideal para viajantes que buscam relaxamento e aventura.<\/p>\n\n\t\t<\/div>\n\t<\/div>\n<\/div><\/div><\/div><\/div><div class=\"vc_row wpb_row vc_row-fluid\"><div class=\"wpb_column vc_column_container vc_col-sm-3\"><div class=\"vc_column-inner\"><div class=\"wpb_wrapper\">\n\t<div  class=\"wpb_single_image wpb_content_element vc_align_left wpb_content_element\">\n\t\t\n\t\t<figure class=\"wpb_wrapper vc_figure\">\n\t\t\t<a href=\"http:\/\/maldives-paradise.com\/pt\/plumeria-maldives\/\" target=\"_self\" class=\"vc_single_image-wrapper   vc_box_border_grey\"><img loading=\"lazy\" decoding=\"async\" width=\"150\" height=\"150\" src=\"https:\/\/maldives-paradise.com\/wp-content\/uploads\/2024\/02\/plumeria-maldives-1-150x150.jpg\" class=\"vc_single_image-img attachment-thumbnail\" alt=\"Plumeria Maldivas\" title=\"plumeria-maldivas\" \/><\/a>\n\t\t<\/figure>\n\t<\/div>\n<\/div><\/div><\/div><div class=\"wpb_column vc_column_container vc_col-sm-9\"><div class=\"vc_column-inner\"><div class=\"wpb_wrapper\">\n\t<div class=\"wpb_text_column wpb_content_element\" >\n\t\t<div class=\"wpb_wrapper\">\n\t\t\t<h4><a href=\"http:\/\/maldives-paradise.com\/pt\/plumeria-maldives\/\">Plumeria Maldivas<\/a><\/h4>\n<p>N\u00e3o importa se voc\u00ea est\u00e1 comemorando uma ocasi\u00e3o especial ou buscando uma fuga rejuvenescedora, o Plumeria Maldives oferece uma experi\u00eancia que cria mem\u00f3rias queridas. Reserve sua estadia hoje e embarque em uma jornada inesquec\u00edvel para o para\u00edso nas Maldivas.<\/p>\n\n\t\t<\/div>\n\t<\/div>\n<\/div><\/div><\/div><\/div><div class=\"vc_row wpb_row vc_row-fluid\"><div class=\"wpb_column vc_column_container vc_col-sm-3\"><div class=\"vc_column-inner\"><div class=\"wpb_wrapper\">\n\t<div  class=\"wpb_single_image wpb_content_element vc_align_left wpb_content_element\">\n\t\t\n\t\t<figure class=\"wpb_wrapper vc_figure\">\n\t\t\t<a href=\"http:\/\/maldives-paradise.com\/pt\/rahaa-resort-maldivas\/\" target=\"_self\" class=\"vc_single_image-wrapper   vc_box_border_grey\"><img loading=\"lazy\" decoding=\"async\" width=\"150\" height=\"150\" src=\"https:\/\/maldives-paradise.com\/wp-content\/uploads\/2024\/02\/rahaa-1-150x150.jpg\" class=\"vc_single_image-img attachment-thumbnail\" alt=\"Rahaa Resort Maldivas\" title=\"Rahaa\" \/><\/a>\n\t\t<\/figure>\n\t<\/div>\n<\/div><\/div><\/div><div class=\"wpb_column vc_column_container vc_col-sm-9\"><div class=\"vc_column-inner\"><div class=\"wpb_wrapper\">\n\t<div class=\"wpb_text_column wpb_content_element\" >\n\t\t<div class=\"wpb_wrapper\">\n\t\t\t<h4><a href=\"http:\/\/maldives-paradise.com\/pt\/rahaa-resort-maldivas\/\">Rahaa Resort Maldivas<\/a><\/h4>\n<p>O Rahaa Resort Maldives \u00e9 um resort exclusivo na ilha que oferece uma mistura \u00fanica de luxo, relaxamento e charme das Maldivas. \u00c9 uma escolha de destaque para as f\u00e9rias dos seus sonhos.<\/p>\n\n\t\t<\/div>\n\t<\/div>\n<\/div><\/div><\/div><\/div><div class=\"vc_row wpb_row vc_row-fluid\"><div class=\"wpb_column vc_column_container vc_col-sm-3\"><div class=\"vc_column-inner\"><div class=\"wpb_wrapper\">\n\t<div  class=\"wpb_single_image wpb_content_element vc_align_left wpb_content_element\">\n\t\t\n\t\t<figure class=\"wpb_wrapper vc_figure\">\n\t\t\t<a href=\"http:\/\/maldives-paradise.com\/pt\/resort-na-praia-de-reethi\/\" target=\"_self\" class=\"vc_single_image-wrapper   vc_box_border_grey\"><img loading=\"lazy\" decoding=\"async\" width=\"150\" height=\"150\" src=\"https:\/\/maldives-paradise.com\/wp-content\/uploads\/2024\/02\/reethi-beach-resort-1-150x150.jpg\" class=\"vc_single_image-img attachment-thumbnail\" alt=\"Reethi Beach Resort\" title=\"resort-de-praia-reethi\" \/><\/a>\n\t\t<\/figure>\n\t<\/div>\n<\/div><\/div><\/div><div class=\"wpb_column vc_column_container vc_col-sm-9\"><div class=\"vc_column-inner\"><div class=\"wpb_wrapper\">\n\t<div class=\"wpb_text_column wpb_content_element\" >\n\t\t<div class=\"wpb_wrapper\">\n\t\t\t<h4><a href=\"http:\/\/maldives-paradise.com\/pt\/resort-na-praia-de-reethi\/\">Reethi Beach Resort<\/a><\/h4>\n<p>O Reethi Beach Resort \u00e9 uma ilha resort tropical que promete uma escapada extraordin\u00e1ria. Sua localiza\u00e7\u00e3o id\u00edlica, acomoda\u00e7\u00f5es luxuosas, culin\u00e1ria diversificada e dedica\u00e7\u00e3o fazem dele a escolha ideal para viajantes que buscam relaxamento e aventura.<\/p>\n\n\t\t<\/div>\n\t<\/div>\n<\/div><\/div><\/div><\/div><div class=\"vc_row wpb_row vc_row-fluid\"><div class=\"wpb_column vc_column_container vc_col-sm-3\"><div class=\"vc_column-inner\"><div class=\"wpb_wrapper\">\n\t<div  class=\"wpb_single_image wpb_content_element vc_align_left wpb_content_element\">\n\t\t\n\t\t<figure class=\"wpb_wrapper vc_figure\">\n\t\t\t<a href=\"http:\/\/maldives-paradise.com\/pt\/resort-reethi-faru\/\" target=\"_self\" class=\"vc_single_image-wrapper   vc_box_border_grey\"><img loading=\"lazy\" decoding=\"async\" width=\"150\" height=\"150\" src=\"https:\/\/maldives-paradise.com\/wp-content\/uploads\/2024\/02\/reethi-faru-1-150x150.jpg\" class=\"vc_single_image-img attachment-thumbnail\" alt=\"Reethi Faru Resort\" title=\"reethi-faru\" \/><\/a>\n\t\t<\/figure>\n\t<\/div>\n<\/div><\/div><\/div><div class=\"wpb_column vc_column_container vc_col-sm-9\"><div class=\"vc_column-inner\"><div class=\"wpb_wrapper\">\n\t<div class=\"wpb_text_column wpb_content_element\" >\n\t\t<div class=\"wpb_wrapper\">\n\t\t\t<h4><a href=\"http:\/\/maldives-paradise.com\/pt\/resort-reethi-faru\/\">Reethi Faru Resort<\/a><\/h4>\n<p>Seja voc\u00ea um entusiasta de aventura ou esteja em busca de relaxamento, o resort oferece atividades para todos os gostos. Explore o vibrante mundo subaqu\u00e1tico com aventuras de mergulho com snorkel e cilindro.<\/p>\n\n\t\t<\/div>\n\t<\/div>\n<\/div><\/div><\/div><\/div><div class=\"vc_row wpb_row vc_row-fluid\"><div class=\"wpb_column vc_column_container vc_col-sm-3\"><div class=\"vc_column-inner\"><div class=\"wpb_wrapper\">\n\t<div  class=\"wpb_single_image wpb_content_element vc_align_left wpb_content_element\">\n\t\t\n\t\t<figure class=\"wpb_wrapper vc_figure\">\n\t\t\t<a href=\"http:\/\/maldives-paradise.com\/pt\/resort-rihiveli-maldivas\/\" target=\"_self\" class=\"vc_single_image-wrapper   vc_box_border_grey\"><img loading=\"lazy\" decoding=\"async\" width=\"150\" height=\"150\" src=\"https:\/\/maldives-paradise.com\/wp-content\/uploads\/2024\/02\/Rihiveli-Maldives-Resort-1-150x150.jpeg\" class=\"vc_single_image-img attachment-thumbnail\" alt=\"Rihiveli Maldivas Resort\" title=\"Rihiveli-Maldivas-Resort\" \/><\/a>\n\t\t<\/figure>\n\t<\/div>\n<\/div><\/div><\/div><div class=\"wpb_column vc_column_container vc_col-sm-9\"><div class=\"vc_column-inner\"><div class=\"wpb_wrapper\">\n\t<div class=\"wpb_text_column wpb_content_element\" >\n\t\t<div class=\"wpb_wrapper\">\n\t\t\t<h4><a href=\"http:\/\/maldives-paradise.com\/pt\/resort-rihiveli-maldivas\/\">Rihiveli Maldivas Resort<\/a><\/h4>\n<p>O Rihiveli Maldives Resort \u00e9 um ref\u00fagio atemporal que incorpora a verdadeira ess\u00eancia do para\u00edso insular. Descubra os fatos fascinantes e as caracter\u00edsticas \u00fanicas que fazem do Rihiveli Maldives Resort uma escolha extraordin\u00e1ria para as suas f\u00e9rias dos sonhos.<\/p>\n\n\t\t<\/div>\n\t<\/div>\n<\/div><\/div><\/div><\/div><div class=\"vc_row wpb_row vc_row-fluid\"><div class=\"wpb_column vc_column_container vc_col-sm-3\"><div class=\"vc_column-inner\"><div class=\"wpb_wrapper\">\n\t<div  class=\"wpb_single_image wpb_content_element vc_align_left wpb_content_element\">\n\t\t\n\t\t<figure class=\"wpb_wrapper vc_figure\">\n\t\t\t<a href=\"http:\/\/maldives-paradise.com\/pt\/robinson-resort-maldivas\/\" target=\"_self\" class=\"vc_single_image-wrapper   vc_box_border_grey\"><img loading=\"lazy\" decoding=\"async\" width=\"150\" height=\"150\" src=\"https:\/\/maldives-paradise.com\/wp-content\/uploads\/2024\/02\/robinson-maldives-1-150x150.jpg\" class=\"vc_single_image-img attachment-thumbnail\" alt=\"Robinson Maldivas\" title=\"robinson maldivas\" \/><\/a>\n\t\t<\/figure>\n\t<\/div>\n<\/div><\/div><\/div><div class=\"wpb_column vc_column_container vc_col-sm-9\"><div class=\"vc_column-inner\"><div class=\"wpb_wrapper\">\n\t<div class=\"wpb_text_column wpb_content_element\" >\n\t\t<div class=\"wpb_wrapper\">\n\t\t\t<h4><a href=\"http:\/\/maldives-paradise.com\/pt\/robinson-resort-maldivas\/\">Robinson Maldivas<\/a><\/h4>\n<p>N\u00e3o importa se voc\u00ea est\u00e1 comemorando uma ocasi\u00e3o especial ou buscando uma fuga rejuvenescedora, o Robinson Maldives Resort, somente para adultos, oferece uma experi\u00eancia que cria mem\u00f3rias queridas. Reserve sua estadia hoje e embarque em uma jornada para um para\u00edso encantador nas Maldivas.<\/p>\n\n\t\t<\/div>\n\t<\/div>\n<\/div><\/div><\/div><\/div><div class=\"vc_row wpb_row vc_row-fluid\"><div class=\"wpb_column vc_column_container vc_col-sm-12\"><div class=\"vc_column-inner\"><div class=\"wpb_wrapper\">\n\t<div class=\"wpb_text_column wpb_content_element\" >\n\t\t<div class=\"wpb_wrapper\">\n\t\t\t<h3>Hot\u00e9is e resorts 4 estrelas nas Maldivas\u00a0<a href=\"http:\/\/maldives-paradise.com\/pt\/hoteis-resorts-4-estrelas-nas-maldivas\/\">P\u00e1gina 1<\/a>\u00a0 <a href=\"http:\/\/maldives-paradise.com\/pt\/hoteis-resorts-4-estrelas-nas-maldivas-2\/\">P\u00e1gina 2<\/a>\u00a0 <a href=\"http:\/\/maldives-paradise.com\/pt\/hoteis-resorts-4-estrelas-nas-maldivas-4\/\">P\u00e1gina 4<\/a><\/h3>\n<h3><\/h3>\n<p>&nbsp;<\/p>\n\n\t\t<\/div>\n\t<\/div>\n<\/div><\/div><\/div><\/div>\n<\/div>","protected":false},"excerpt":{"rendered":"<div class=\"mh-excerpt\"><\/div>","protected":false},"author":1,"featured_media":0,"parent":0,"menu_order":0,"comment_status":"closed","ping_status":"closed","template":"","meta":{"footnotes":""},"class_list":["post-10419","page","type-page","status-publish"],"aioseo_notices":[],"_links":{"self":[{"href":"http:\/\/maldives-paradise.com\/pt\/wp-json\/wp\/v2\/pages\/10419","targetHints":{"allow":["GET"]}}],"collection":[{"href":"http:\/\/maldives-paradise.com\/pt\/wp-json\/wp\/v2\/pages"}],"about":[{"href":"http:\/\/maldives-paradise.com\/pt\/wp-json\/wp\/v2\/types\/page"}],"author":[{"embeddable":true,"href":"http:\/\/maldives-paradise.com\/pt\/wp-json\/wp\/v2\/users\/1"}],"replies":[{"embeddable":true,"href":"http:\/\/maldives-paradise.com\/pt\/wp-json\/wp\/v2\/comments?post=10419"}],"version-history":[{"count":6,"href":"http:\/\/maldives-paradise.com\/pt\/wp-json\/wp\/v2\/pages\/10419\/revisions"}],"predecessor-version":[{"id":34286,"href":"http:\/\/maldives-paradise.com\/pt\/wp-json\/wp\/v2\/pages\/10419\/revisions\/34286"}],"wp:attachment":[{"href":"http:\/\/maldives-paradise.com\/pt\/wp-json\/wp\/v2\/media?parent=10419"}],"curies":[{"name":"wp","href":"https:\/\/api.w.org\/{rel}","templated":true}]}}