{"id":10382,"date":"2024-02-09T17:53:58","date_gmt":"2024-02-09T17:53:58","guid":{"rendered":"http:\/\/maldives-paradise.com\/?page_id=10382"},"modified":"2024-09-14T08:20:34","modified_gmt":"2024-09-14T08:20:34","slug":"informacoes-sobre-vistos-e-alfandega","status":"publish","type":"page","link":"http:\/\/maldives-paradise.com\/pt\/informacoes-sobre-vistos-e-alfandega\/","title":{"rendered":"Informa\u00e7\u00f5es sobre vistos e alf\u00e2ndega"},"content":{"rendered":"<div class=\"wpb-content-wrapper\"><div class=\"vc_row wpb_row vc_row-fluid\"><div class=\"wpb_column vc_column_container vc_col-sm-12\"><div class=\"vc_column-inner\"><div class=\"wpb_wrapper\">\n\t<div class=\"wpb_text_column wpb_content_element\" >\n\t\t<div class=\"wpb_wrapper\">\n\t\t\t<h3>Requisitos de visto e informa\u00e7\u00f5es alfandeg\u00e1rias para as Maldivas<\/h3>\n\n\t\t<\/div>\n\t<\/div>\n<\/div><\/div><\/div><\/div><div class=\"vc_row wpb_row vc_row-fluid\"><div class=\"wpb_column vc_column_container vc_col-sm-12\"><div class=\"vc_column-inner\"><div class=\"wpb_wrapper\">\n\t<div  class=\"wpb_single_image wpb_content_element vc_align_left wpb_content_element\">\n\t\t\n\t\t<figure class=\"wpb_wrapper vc_figure\">\n\t\t\t<div class=\"vc_single_image-wrapper   vc_box_border_grey\"><img loading=\"lazy\" decoding=\"async\" width=\"800\" height=\"333\" src=\"https:\/\/maldives-paradise.com\/wp-content\/uploads\/2024\/02\/Passport-Index-Visa-001.jpg\" class=\"vc_single_image-img attachment-full\" alt=\"Exig\u00eancia de visto nas Maldivas\" title=\"Passaporte-\u00cdndice-Visto-001\" srcset=\"https:\/\/maldives-paradise.com\/wp-content\/uploads\/2024\/02\/Passport-Index-Visa-001.jpg 800w, https:\/\/maldives-paradise.com\/wp-content\/uploads\/2024\/02\/Passport-Index-Visa-001-300x125.jpg 300w, https:\/\/maldives-paradise.com\/wp-content\/uploads\/2024\/02\/Passport-Index-Visa-001-768x320.jpg 768w, https:\/\/maldives-paradise.com\/wp-content\/uploads\/2024\/02\/Passport-Index-Visa-001-18x7.jpg 18w, https:\/\/maldives-paradise.com\/wp-content\/uploads\/2024\/02\/Passport-Index-Visa-001-500x208.jpg 500w\" sizes=\"auto, (max-width: 800px) 100vw, 800px\" \/><\/div>\n\t\t<\/figure>\n\t<\/div>\n<\/div><\/div><\/div><\/div><div class=\"vc_row wpb_row vc_row-fluid\"><div class=\"wpb_column vc_column_container vc_col-sm-12\"><div class=\"vc_column-inner\"><div class=\"wpb_wrapper\">\n\t<div class=\"wpb_text_column wpb_content_element\" >\n\t\t<div class=\"wpb_wrapper\">\n\t\t\t<p><strong>Visto<\/strong><\/p>\n<p>Voc\u00ea n\u00e3o precisa solicitar um visto antes de viajar de f\u00e9rias para as Maldivas. Todos os turistas, de todas as nacionalidades, podem receber gratuitamente um visto de 30 dias na chegada \u00e0s Maldivas.<\/p>\n<p>Nenhuma vacina\u00e7\u00e3o espec\u00edfica \u00e9 necess\u00e1ria para entrar nas Maldivas. No entanto, se voc\u00ea chegar de um pa\u00eds da \u00c1frica Central ou da Am\u00e9rica do Sul onde a febre amarela \u00e9 end\u00eamica, voc\u00ea precisar\u00e1 de um certificado internacional de inocula\u00e7\u00e3o contra a febre amarela para entrar nas Maldivas.<\/p>\n<p><strong>Itens proib\u00eddos<\/strong><\/p>\n<p>\u00c9 proibido aos turistas trazer armas de fogo, bebidas alco\u00f3licas, produtos su\u00ednos, pornografia e \u00eddolos de adora\u00e7\u00e3o para as Maldivas. Al\u00e9m disso, aplicam-se penalidades rigorosas \u00e0queles que tentam trazer drogas ilegais para o pa\u00eds. \u00c1lcool e produtos su\u00ednos est\u00e3o dispon\u00edveis apenas nas ilhas tur\u00edsticas sob uma licen\u00e7a especial.<\/p>\n<p><strong>Medicamento<\/strong><\/p>\n<p>A maioria dos medicamentos pode ser transportada consigo ao entrar nas Maldivas, desde que apresente uma receita m\u00e9dica e que a quantidade que transporta n\u00e3o exceda as suas necessidades durante a sua estadia nas Maldivas. No entanto, como os regulamentos mudam ocasionalmente, verifique com o Servi\u00e7o de Alf\u00e2ndega se o seu medicamento \u00e9 permitido nas Maldivas.<\/p>\n<p><strong>Equipamento de Fotografia e Mergulho<\/strong><\/p>\n<p>Se voc\u00ea estiver trazendo muito equipamento fotogr\u00e1fico ou de mergulho, \u00e9 aconselh\u00e1vel informar o seu resort sobre os detalhes antes da sua chegada. Caso contr\u00e1rio, forne\u00e7a uma lista com detalhes sobre os equipamentos (n\u00fameros de s\u00e9rie e assim por diante), para evitar atrasos no aeroporto na chegada. Quaisquer itens deixados para tr\u00e1s estar\u00e3o sujeitos a taxas de importa\u00e7\u00e3o.<\/p>\n<p>&nbsp;<\/p>\n\n\t\t<\/div>\n\t<\/div>\n<\/div><\/div><\/div><\/div><div class=\"vc_row wpb_row vc_row-fluid\"><div class=\"wpb_column vc_column_container vc_col-sm-12\"><div class=\"vc_column-inner\"><div class=\"wpb_wrapper\">\n\t<div class=\"wpb_text_column wpb_content_element\" >\n\t\t<div class=\"wpb_wrapper\">\n\t\t\t<p><a title=\"Voos para as Maldivas\" href=\"https:\/\/maldives-paradise.com\/pt\/2024\/02\/voos\/\"><strong>Pesquisar voos para as Maldivas<\/strong><\/a><\/p>\n\n\t\t<\/div>\n\t<\/div>\n<\/div><\/div><\/div><\/div>\n<\/div>","protected":false},"excerpt":{"rendered":"<div class=\"mh-excerpt\"><\/div>","protected":false},"author":1,"featured_media":10385,"parent":0,"menu_order":0,"comment_status":"closed","ping_status":"closed","template":"","meta":{"footnotes":""},"class_list":["post-10382","page","type-page","status-publish","has-post-thumbnail"],"aioseo_notices":[],"_links":{"self":[{"href":"http:\/\/maldives-paradise.com\/pt\/wp-json\/wp\/v2\/pages\/10382","targetHints":{"allow":["GET"]}}],"collection":[{"href":"http:\/\/maldives-paradise.com\/pt\/wp-json\/wp\/v2\/pages"}],"about":[{"href":"http:\/\/maldives-paradise.com\/pt\/wp-json\/wp\/v2\/types\/page"}],"author":[{"embeddable":true,"href":"http:\/\/maldives-paradise.com\/pt\/wp-json\/wp\/v2\/users\/1"}],"replies":[{"embeddable":true,"href":"http:\/\/maldives-paradise.com\/pt\/wp-json\/wp\/v2\/comments?post=10382"}],"version-history":[{"count":2,"href":"http:\/\/maldives-paradise.com\/pt\/wp-json\/wp\/v2\/pages\/10382\/revisions"}],"predecessor-version":[{"id":24642,"href":"http:\/\/maldives-paradise.com\/pt\/wp-json\/wp\/v2\/pages\/10382\/revisions\/24642"}],"wp:featuredmedia":[{"embeddable":true,"href":"http:\/\/maldives-paradise.com\/pt\/wp-json\/wp\/v2\/media\/10385"}],"wp:attachment":[{"href":"http:\/\/maldives-paradise.com\/pt\/wp-json\/wp\/v2\/media?parent=10382"}],"curies":[{"name":"wp","href":"https:\/\/api.w.org\/{rel}","templated":true}]}}