{"id":10378,"date":"2024-02-09T17:00:02","date_gmt":"2024-02-09T17:00:02","guid":{"rendered":"http:\/\/maldives-paradise.com\/?page_id=10378"},"modified":"2024-09-14T08:09:28","modified_gmt":"2024-09-14T08:09:28","slug":"geografia-e-clima","status":"publish","type":"page","link":"http:\/\/maldives-paradise.com\/pt\/geografia-e-clima\/","title":{"rendered":"Geografia e Clima"},"content":{"rendered":"<div class=\"wpb-content-wrapper\"><div class=\"vc_row wpb_row vc_row-fluid\"><div class=\"wpb_column vc_column_container vc_col-sm-12\"><div class=\"vc_column-inner\"><div class=\"wpb_wrapper\">\n\t<div class=\"wpb_text_column wpb_content_element\" >\n\t\t<div class=\"wpb_wrapper\">\n\t\t\t<h3>Geografia e clima nas Maldivas<\/h3>\n\n\t\t<\/div>\n\t<\/div>\n<\/div><\/div><\/div><\/div><div class=\"vc_row wpb_row vc_row-fluid\"><div class=\"wpb_column vc_column_container vc_col-sm-12\"><div class=\"vc_column-inner\"><div class=\"wpb_wrapper\">\n\t<div  class=\"wpb_single_image wpb_content_element vc_align_left wpb_content_element\">\n\t\t\n\t\t<figure class=\"wpb_wrapper vc_figure\">\n\t\t\t<div class=\"vc_single_image-wrapper   vc_box_border_grey\"><img loading=\"lazy\" decoding=\"async\" width=\"800\" height=\"600\" src=\"https:\/\/maldives-paradise.com\/wp-content\/uploads\/2024\/02\/maldives-1095102_1280.jpg\" class=\"vc_single_image-img attachment-full\" alt=\"Um atol nas Maldivas\" title=\"maldivas-1095102_1280\" srcset=\"https:\/\/maldives-paradise.com\/wp-content\/uploads\/2024\/02\/maldives-1095102_1280.jpg 800w, https:\/\/maldives-paradise.com\/wp-content\/uploads\/2024\/02\/maldives-1095102_1280-300x225.jpg 300w, https:\/\/maldives-paradise.com\/wp-content\/uploads\/2024\/02\/maldives-1095102_1280-768x576.jpg 768w, https:\/\/maldives-paradise.com\/wp-content\/uploads\/2024\/02\/maldives-1095102_1280-16x12.jpg 16w, https:\/\/maldives-paradise.com\/wp-content\/uploads\/2024\/02\/maldives-1095102_1280-678x509.jpg 678w, https:\/\/maldives-paradise.com\/wp-content\/uploads\/2024\/02\/maldives-1095102_1280-326x245.jpg 326w, https:\/\/maldives-paradise.com\/wp-content\/uploads\/2024\/02\/maldives-1095102_1280-80x60.jpg 80w, https:\/\/maldives-paradise.com\/wp-content\/uploads\/2024\/02\/maldives-1095102_1280-500x375.jpg 500w\" sizes=\"auto, (max-width: 800px) 100vw, 800px\" \/><\/div>\n\t\t<\/figure>\n\t<\/div>\n<\/div><\/div><\/div><\/div><div class=\"vc_row wpb_row vc_row-fluid\"><div class=\"wpb_column vc_column_container vc_col-sm-12\"><div class=\"vc_column-inner\"><div class=\"wpb_wrapper\">\n\t<div class=\"wpb_text_column wpb_content_element\" >\n\t\t<div class=\"wpb_wrapper\">\n\t\t\t<p><strong>Geografia<\/strong><\/p>\n<p>As Maldivas s\u00e3o um pa\u00eds e arquip\u00e9lago localizado no Oceano \u00cdndico, cerca de 2000 km ao sul da costa da \u00cdndia e a sudoeste do Sri Lanka. Ela se estende por 900 quil\u00f4metros de norte a sul. Este arquip\u00e9lago deslumbrante, compreendendo 26 at\u00f3is e mais de 1.000 ilhas de corais. Esses at\u00f3is, formados por recifes de corais. \u00c9 conhecido mundialmente por sua beleza natural de tirar o f\u00f4lego e luxo incompar\u00e1vel. As Maldivas s\u00e3o um para\u00edso tropical que acena os viajantes com suas praias imaculadas, \u00e1guas azuis e vida marinha vibrante.<\/p>\n<p><strong>Clima<\/strong><\/p>\n<p>As Maldivas t\u00eam um clima tropical caracterizado por duas esta\u00e7\u00f5es distintas: a esta\u00e7\u00e3o seca (mon\u00e7\u00f5es do nordeste) e a esta\u00e7\u00e3o chuvosa (mon\u00e7\u00f5es do sudoeste).<br \/>\nA esta\u00e7\u00e3o seca, que normalmente vai de dezembro a abril, ostenta c\u00e9us limpos, sol abundante e mares calmos, tornando-se o momento perfeito para os amantes da praia e entusiastas da \u00e1gua visitarem. Durante esse per\u00edodo, as temperaturas variam de 25\u00b0C a 31\u00b0C (77\u00b0F a 88\u00b0F), criando condi\u00e7\u00f5es ideais para mergulho com snorkel, mergulho e outras atividades aqu\u00e1ticas.<\/p>\n<p>Por outro lado, a esta\u00e7\u00e3o chuvosa, que ocorre de maio a novembro, traz chuvas ocasionais e ventos mais fortes. Apesar das chuvas espor\u00e1dicas, as temperaturas permanecem quentes, variando de 26\u00b0C a 30\u00b0C (79\u00b0F a 86\u00b0F). Embora alguns possam evitar visitar durante esse per\u00edodo, a esta\u00e7\u00e3o chuvosa oferece seu pr\u00f3prio charme, incluindo pre\u00e7os mais baixos, menos multid\u00f5es e a chance de testemunhar as Maldivas em um estado mais tranquilo.<\/p>\n<p><a href=\"https:\/\/maldives-paradise.com\/pt\/estacoes-nas-maldivas\/\">Temporadas nas Maldivas<\/a><\/p>\n\n\t\t<\/div>\n\t<\/div>\n<\/div><\/div><\/div><\/div>\n<\/div>","protected":false},"excerpt":{"rendered":"<div class=\"mh-excerpt\"><\/div>","protected":false},"author":1,"featured_media":10379,"parent":0,"menu_order":0,"comment_status":"closed","ping_status":"closed","template":"","meta":{"footnotes":""},"class_list":["post-10378","page","type-page","status-publish","has-post-thumbnail"],"aioseo_notices":[],"_links":{"self":[{"href":"http:\/\/maldives-paradise.com\/pt\/wp-json\/wp\/v2\/pages\/10378","targetHints":{"allow":["GET"]}}],"collection":[{"href":"http:\/\/maldives-paradise.com\/pt\/wp-json\/wp\/v2\/pages"}],"about":[{"href":"http:\/\/maldives-paradise.com\/pt\/wp-json\/wp\/v2\/types\/page"}],"author":[{"embeddable":true,"href":"http:\/\/maldives-paradise.com\/pt\/wp-json\/wp\/v2\/users\/1"}],"replies":[{"embeddable":true,"href":"http:\/\/maldives-paradise.com\/pt\/wp-json\/wp\/v2\/comments?post=10378"}],"version-history":[{"count":2,"href":"http:\/\/maldives-paradise.com\/pt\/wp-json\/wp\/v2\/pages\/10378\/revisions"}],"predecessor-version":[{"id":24639,"href":"http:\/\/maldives-paradise.com\/pt\/wp-json\/wp\/v2\/pages\/10378\/revisions\/24639"}],"wp:featuredmedia":[{"embeddable":true,"href":"http:\/\/maldives-paradise.com\/pt\/wp-json\/wp\/v2\/media\/10379"}],"wp:attachment":[{"href":"http:\/\/maldives-paradise.com\/pt\/wp-json\/wp\/v2\/media?parent=10378"}],"curies":[{"name":"wp","href":"https:\/\/api.w.org\/{rel}","templated":true}]}}