{"id":10260,"date":"2024-02-06T19:47:58","date_gmt":"2024-02-06T19:47:58","guid":{"rendered":"http:\/\/maldives-paradise.com\/?page_id=10260"},"modified":"2025-10-10T14:44:04","modified_gmt":"2025-10-10T14:44:04","slug":"resort-e-spa-da-ilha-de-palm-beach","status":"publish","type":"page","link":"http:\/\/maldives-paradise.com\/pt\/resort-e-spa-da-ilha-de-palm-beach\/","title":{"rendered":"Palm Beach Island Resort &amp; Spa"},"content":{"rendered":"<div class=\"wpb-content-wrapper\"><div class=\"vc_row wpb_row vc_row-fluid\"><div class=\"wpb_column vc_column_container vc_col-sm-12\"><div class=\"vc_column-inner\"><div class=\"wpb_wrapper\">\n\t<div class=\"wpb_text_column wpb_content_element\" >\n\t\t<div class=\"wpb_wrapper\">\n\t\t\t<h3>Palm Beach Island Resort &amp; Spa Maldivas: Um ref\u00fagio tropical de beleza natural<\/h3>\n\n\t\t<\/div>\n\t<\/div>\n<\/div><\/div><\/div><\/div><div class=\"vc_row wpb_row vc_row-fluid\"><div class=\"wpb_column vc_column_container vc_col-sm-12\"><div class=\"vc_column-inner\"><div class=\"wpb_wrapper\">\n\t<div class=\"wpb_video_widget wpb_content_element vc_clearfix   vc_video-aspect-ratio-169 vc_video-el-width-100 vc_video-align-left\" >\n\t\t<div class=\"wpb_wrapper\">\n\t\t\t\n\t\t\t<div class=\"wpb_video_wrapper\"><iframe loading=\"lazy\" title=\"Palm Beach Island Resort &amp; Spa - Viaje com estilo\" width=\"500\" height=\"281\" src=\"https:\/\/www.youtube.com\/embed\/FwcPHo8nsNg?feature=oembed\" frameborder=\"0\" allow=\"accelerometer; autoplay; clipboard-write; encrypted-media; gyroscope; picture-in-picture; web-share\" allowfullscreen><\/iframe><\/div>\n\t\t<\/div>\n\t<\/div>\n<\/div><\/div><\/div><\/div><div class=\"vc_row wpb_row vc_row-fluid\"><div class=\"wpb_column vc_column_container vc_col-sm-12\"><div class=\"vc_column-inner\"><div class=\"wpb_wrapper\">\n\t<div class=\"wpb_text_column wpb_content_element\" >\n\t\t<div class=\"wpb_wrapper\">\n\t\t\t<p>As Maldivas, com seus recifes de corais de tirar o f\u00f4lego, praias imaculadas e \u00e1guas azuis, s\u00e3o um destino de sonho para viajantes em busca da fuga tropical perfeita. Aninhado neste para\u00edso est\u00e1 <strong>Palm Beach Island Resort &amp; Spa<\/strong>, um ref\u00fagio luxuoso que promete uma mistura incompar\u00e1vel de relaxamento, aventura e charme das Maldivas.<\/p>\n<p><strong>Localiza\u00e7\u00e3o e acessibilidade<\/strong><\/p>\n<p>O Palm Beach Island Resort &amp; Spa est\u00e1 perfeitamente localizado na Ilha Madhiriguraidhoo, no Atol Lhaviyani. Os h\u00f3spedes podem chegar convenientemente a este para\u00edso tropical fazendo um passeio pitoresco de hidroavi\u00e3o de 30 minutos do Aeroporto Internacional de Velana. A viagem em si oferece uma vista a\u00e9rea cativante da beleza natural das Maldivas, preparando o cen\u00e1rio para sua escapada tropical.<\/p>\n<p><strong>Alojamento<\/strong><\/p>\n<p>O resort oferece uma variedade de op\u00e7\u00f5es de acomoda\u00e7\u00f5es luxuosas, cada uma meticulosamente projetada para fornecer a mistura perfeita de conforto e luxo moderno. De vilas \u00e0 beira-mar a bangal\u00f4s sobre a \u00e1gua, os h\u00f3spedes podem selecionar seu retiro ideal. Os bangal\u00f4s sobre a \u00e1gua, em particular, oferecem acesso direto \u00e0 lagoa cristalina, mergulhando voc\u00ea na beleza do Oceano \u00cdndico.<\/p>\n<p><strong>Jantar<\/strong><\/p>\n<p>O Palm Beach Island Resort &amp; Spa delicia seu paladar com uma sele\u00e7\u00e3o diversificada de experi\u00eancias culin\u00e1rias. O restaurante principal do resort, Maaniyaa, oferece uma mistura deliciosa de culin\u00e1ria internacional e maldiva. Os h\u00f3spedes tamb\u00e9m podem se deliciar com pratos italianos aut\u00eanticos no Ristorante al Tramonto, o restaurante especializado. O compromisso do resort em oferecer uma ampla variedade de culin\u00e1ria requintada garante que cada refei\u00e7\u00e3o seja uma experi\u00eancia memor\u00e1vel.<\/p>\n<p><strong>Atividades e Aventuras<\/strong><\/p>\n<p>Seja voc\u00ea um entusiasta de aventura ou esteja buscando relaxamento, o resort oferece atividades para todos os gostos. Explore o vibrante mundo subaqu\u00e1tico com aventuras de mergulho com snorkel e cilindro. Pratique v\u00e1rios esportes aqu\u00e1ticos, como windsurf, caiaque e paddleboarding. Para aqueles em busca de relaxamento, o spa do resort oferece uma variedade de tratamentos rejuvenescedores e atividades de bem-estar.<\/p>\n<p><strong>Sustentabilidade e Conserva\u00e7\u00e3o<\/strong><\/p>\n<p>O Palm Beach Island Resort &amp; Spa est\u00e1 profundamente comprometido com pr\u00e1ticas sustent\u00e1veis e conserva\u00e7\u00e3o marinha. O resort participa ativamente de iniciativas de restaura\u00e7\u00e3o de corais, esfor\u00e7os de limpeza marinha e apoia iniciativas ambientais locais. Os h\u00f3spedes s\u00e3o encorajados a participar dessas atividades, contribuindo positivamente para a preserva\u00e7\u00e3o do precioso ecossistema marinho das Maldivas.<\/p>\n<p><strong>Experi\u00eancias \u00fanicas<\/strong><\/p>\n<p>Para tornar sua estadia realmente especial, o resort oferece experi\u00eancias \u00fanicas, como cruzeiros ao p\u00f4r do sol, piqueniques na ilha e excurs\u00f5es guiadas de mergulho com snorkel para recifes de corais pr\u00f3ximos. Quer voc\u00ea queira mergulhar na cultura local, testemunhar pores do sol de tirar o f\u00f4lego ou simplesmente relaxar no para\u00edso, o Palm Beach Island Resort &amp; Spa garante que h\u00e1 algo para todos.<\/p>\n<p><strong>Conclus\u00e3o<\/strong><\/p>\n<p>Concluindo, o Palm Beach Island Resort &amp; Spa \u00e9 um santu\u00e1rio tropical que promete uma escapada extraordin\u00e1ria. Sua localiza\u00e7\u00e3o de tirar o f\u00f4lego, acomoda\u00e7\u00f5es luxuosas, culin\u00e1ria diversificada e dedica\u00e7\u00e3o \u00e0 sustentabilidade fazem dele a escolha ideal para viajantes que buscam relaxamento e aventura. Quer voc\u00ea esteja comemorando uma ocasi\u00e3o especial ou buscando uma fuga rejuvenescedora, o Palm Beach Island Resort &amp; Spa oferece uma experi\u00eancia que cria mem\u00f3rias queridas. Reserve sua estadia hoje e embarque em uma jornada inesquec\u00edvel para o para\u00edso nas Maldivas.<\/p>\n\n\t\t<\/div>\n\t<\/div>\n<\/div><\/div><\/div><\/div><div class=\"vc_row wpb_row vc_row-fluid\"><div class=\"wpb_column vc_column_container vc_col-sm-12\"><div class=\"vc_column-inner\"><div class=\"wpb_wrapper\">\n\t<div class=\"wpb_text_column wpb_content_element\" >\n\t\t<div class=\"wpb_wrapper\">\n\t\t\t<h3><a title=\"Palm Beach Island Resort &amp; Spa\" href=\"https:\/\/trip.tpo.lv\/ReEXW4JK\" target=\"blanc2\" rel=\"nofollow\">Check availability and best price at Palm Beach Island Resort &amp; Spa here &gt;&gt;<\/a><\/h3>\n\n\t\t<\/div>\n\t<\/div>\n<\/div><\/div><\/div><\/div>\n<\/div>","protected":false},"excerpt":{"rendered":"<div class=\"mh-excerpt\"><\/div>","protected":false},"author":1,"featured_media":10261,"parent":0,"menu_order":0,"comment_status":"closed","ping_status":"closed","template":"","meta":{"footnotes":""},"class_list":["post-10260","page","type-page","status-publish","has-post-thumbnail"],"aioseo_notices":[],"_links":{"self":[{"href":"http:\/\/maldives-paradise.com\/pt\/wp-json\/wp\/v2\/pages\/10260","targetHints":{"allow":["GET"]}}],"collection":[{"href":"http:\/\/maldives-paradise.com\/pt\/wp-json\/wp\/v2\/pages"}],"about":[{"href":"http:\/\/maldives-paradise.com\/pt\/wp-json\/wp\/v2\/types\/page"}],"author":[{"embeddable":true,"href":"http:\/\/maldives-paradise.com\/pt\/wp-json\/wp\/v2\/users\/1"}],"replies":[{"embeddable":true,"href":"http:\/\/maldives-paradise.com\/pt\/wp-json\/wp\/v2\/comments?post=10260"}],"version-history":[{"count":3,"href":"http:\/\/maldives-paradise.com\/pt\/wp-json\/wp\/v2\/pages\/10260\/revisions"}],"predecessor-version":[{"id":43496,"href":"http:\/\/maldives-paradise.com\/pt\/wp-json\/wp\/v2\/pages\/10260\/revisions\/43496"}],"wp:featuredmedia":[{"embeddable":true,"href":"http:\/\/maldives-paradise.com\/pt\/wp-json\/wp\/v2\/media\/10261"}],"wp:attachment":[{"href":"http:\/\/maldives-paradise.com\/pt\/wp-json\/wp\/v2\/media?parent=10260"}],"curies":[{"name":"wp","href":"https:\/\/api.w.org\/{rel}","templated":true}]}}