{"id":10054,"date":"2024-02-04T10:24:31","date_gmt":"2024-02-04T10:24:31","guid":{"rendered":"http:\/\/maldives-paradise.com\/?page_id=10054"},"modified":"2025-02-21T07:26:27","modified_gmt":"2025-02-21T07:26:27","slug":"hoteis-resorts-4-estrelas-nas-maldivas-2","status":"publish","type":"page","link":"http:\/\/maldives-paradise.com\/pt\/hoteis-resorts-4-estrelas-nas-maldivas-2\/","title":{"rendered":"Hot\u00e9is e resorts 4 estrelas nas Maldivas 2"},"content":{"rendered":"<div class=\"wpb-content-wrapper\"><div class=\"vc_row wpb_row vc_row-fluid\"><div class=\"wpb_column vc_column_container vc_col-sm-12\"><div class=\"vc_column-inner\"><div class=\"wpb_wrapper\">\n\t<div class=\"wpb_text_column wpb_content_element\" >\n\t\t<div class=\"wpb_wrapper\">\n\t\t\t<h3>Uma sele\u00e7\u00e3o de hot\u00e9is e resorts 4 estrelas nas Maldivas<\/h3>\n<p>As Maldivas abrigam in\u00fameras <strong data-start=\"82\" data-end=\"111\">Hot\u00e9is e resorts 4 estrelas<\/strong>, oferecendo um equil\u00edbrio perfeito de <strong data-start=\"143\" data-end=\"181\">luxo, conforto e acessibilidade<\/strong>. Esses resorts oferecem <strong data-start=\"205\" data-end=\"282\">deslumbrantes vilas \u00e0 beira-mar, bangal\u00f4s sobre a \u00e1gua e excelentes instala\u00e7\u00f5es<\/strong>, incluindo <strong data-start=\"294\" data-end=\"338\">piscinas, spas e diversas op\u00e7\u00f5es gastron\u00f4micas<\/strong>. Os h\u00f3spedes podem desfrutar de <strong data-start=\"362\" data-end=\"404\">mergulho com snorkel, mergulho e cruzeiros ao p\u00f4r do sol<\/strong>, tudo isso enquanto aproveita <strong data-start=\"425\" data-end=\"481\">hospitalidade excepcional e vistas deslumbrantes do oceano<\/strong>. Com uma mistura de <strong data-start=\"499\" data-end=\"538\">comodidades modernas e beleza natural<\/strong>, <strong data-start=\"540\" data-end=\"574\">Resorts 4 estrelas nas Maldivas<\/strong> prometem um retiro inesquec\u00edvel na ilha sem o pre\u00e7o alto dos resorts ultraluxuosos.<\/p>\n\n\t\t<\/div>\n\t<\/div>\n<\/div><\/div><\/div><\/div><div class=\"vc_row wpb_row vc_row-fluid\"><div class=\"wpb_column vc_column_container vc_col-sm-3\"><div class=\"vc_column-inner\"><div class=\"wpb_wrapper\">\n\t<div  class=\"wpb_single_image wpb_content_element vc_align_left wpb_content_element\">\n\t\t\n\t\t<figure class=\"wpb_wrapper vc_figure\">\n\t\t\t<a href=\"http:\/\/maldives-paradise.com\/pt\/fiyavalhu-resort-maldivas\/\" target=\"_self\" class=\"vc_single_image-wrapper   vc_box_border_grey\"><img loading=\"lazy\" decoding=\"async\" width=\"150\" height=\"150\" src=\"https:\/\/maldives-paradise.com\/wp-content\/uploads\/2024\/02\/fiyavalhu-150x150.jpg\" class=\"vc_single_image-img attachment-thumbnail\" alt=\"Fiyavalhu Resort Maldivas\" title=\"fiyavalhu\" \/><\/a>\n\t\t<\/figure>\n\t<\/div>\n<\/div><\/div><\/div><div class=\"wpb_column vc_column_container vc_col-sm-9\"><div class=\"vc_column-inner\"><div class=\"wpb_wrapper\">\n\t<div class=\"wpb_text_column wpb_content_element\" >\n\t\t<div class=\"wpb_wrapper\">\n\t\t\t<h4><a href=\"http:\/\/maldives-paradise.com\/pt\/fiyavalhu-resort-maldivas\/\">Fiyavalhu Resort Maldivas<\/a><\/h4>\n<p>O Fiyavalhu Resort Maldives \u00e9 um para\u00edso tropical que promete uma escapada inesquec\u00edvel. Sua localiza\u00e7\u00e3o deslumbrante, acomoda\u00e7\u00f5es luxuosas, culin\u00e1ria deliciosa e compromisso com a sustentabilidade fazem dele uma escolha ideal para viajantes que buscam escapar para um mundo de beleza natural e serenidade.<\/p>\n\n\t\t<\/div>\n\t<\/div>\n<\/div><\/div><\/div><\/div><div class=\"vc_row wpb_row vc_row-fluid\"><div class=\"wpb_column vc_column_container vc_col-sm-3\"><div class=\"vc_column-inner\"><div class=\"wpb_wrapper\">\n\t<div  class=\"wpb_single_image wpb_content_element vc_align_left wpb_content_element\">\n\t\t\n\t\t<figure class=\"wpb_wrapper vc_figure\">\n\t\t\t<a href=\"http:\/\/maldives-paradise.com\/pt\/resort-de-ferias-kandooma-maldivas\/\" target=\"_self\" class=\"vc_single_image-wrapper   vc_box_border_grey\"><img loading=\"lazy\" decoding=\"async\" width=\"150\" height=\"150\" src=\"https:\/\/maldives-paradise.com\/wp-content\/uploads\/2024\/02\/kandooma2-150x150.jpg\" class=\"vc_single_image-img attachment-thumbnail\" alt=\"O Holiday Inn Resort Kandooma Maldivas\" title=\"kandooma2\" \/><\/a>\n\t\t<\/figure>\n\t<\/div>\n<\/div><\/div><\/div><div class=\"wpb_column vc_column_container vc_col-sm-9\"><div class=\"vc_column-inner\"><div class=\"wpb_wrapper\">\n\t<div class=\"wpb_text_column wpb_content_element\" >\n\t\t<div class=\"wpb_wrapper\">\n\t\t\t<h4><a href=\"http:\/\/maldives-paradise.com\/pt\/resort-de-ferias-kandooma-maldivas\/\">Holiday Inn Resort Kandooma Maldivas<\/a><\/h4>\n<p>Com sua localiza\u00e7\u00e3o de tirar o f\u00f4lego, acomoda\u00e7\u00f5es luxuosas, culin\u00e1ria deliciosa e dedica\u00e7\u00e3o \u00e0 sustentabilidade, \u00e9 a escolha perfeita para viajantes que buscam relaxamento e aventura em igual medida.<\/p>\n\n\t\t<\/div>\n\t<\/div>\n<\/div><\/div><\/div><\/div><div class=\"vc_row wpb_row vc_row-fluid\"><div class=\"wpb_column vc_column_container vc_col-sm-3\"><div class=\"vc_column-inner\"><div class=\"wpb_wrapper\">\n\t<div  class=\"wpb_single_image wpb_content_element vc_align_left wpb_content_element\">\n\t\t\n\t\t<figure class=\"wpb_wrapper vc_figure\">\n\t\t\t<a href=\"http:\/\/maldives-paradise.com\/pt\/resort-de-ferias-na-ilha-maldivas\/\" target=\"_self\" class=\"vc_single_image-wrapper   vc_box_border_grey\"><img loading=\"lazy\" decoding=\"async\" width=\"150\" height=\"150\" src=\"https:\/\/maldives-paradise.com\/wp-content\/uploads\/2024\/02\/holiday-island-resort-slides-7831-150x150.jpg\" class=\"vc_single_image-img attachment-thumbnail\" alt=\"Resort de f\u00e9rias na ilha\" title=\"holiday-island-resort-slides-7831\" \/><\/a>\n\t\t<\/figure>\n\t<\/div>\n<\/div><\/div><\/div><div class=\"wpb_column vc_column_container vc_col-sm-9\"><div class=\"vc_column-inner\"><div class=\"wpb_wrapper\">\n\t<div class=\"wpb_text_column wpb_content_element\" >\n\t\t<div class=\"wpb_wrapper\">\n\t\t\t<h4><a href=\"http:\/\/maldives-paradise.com\/pt\/resort-de-ferias-na-ilha-maldivas\/\">Resort de f\u00e9rias na ilha<\/a><\/h4>\n<p>O Holiday Island Resort nas Maldivas \u00e9 um para\u00edso tropical encantador que promete uma escapada inesquec\u00edvel. Sua localiza\u00e7\u00e3o de tirar o f\u00f4lego, acomoda\u00e7\u00f5es luxuosas, culin\u00e1ria deliciosa e dedica\u00e7\u00e3o \u00e0 sustentabilidade fazem dele a escolha ideal para viajantes que buscam uma mistura harmoniosa de relaxamento e aventura.<\/p>\n\n\t\t<\/div>\n\t<\/div>\n<\/div><\/div><\/div><\/div><div class=\"vc_row wpb_row vc_row-fluid\"><div class=\"wpb_column vc_column_container vc_col-sm-3\"><div class=\"vc_column-inner\"><div class=\"wpb_wrapper\">\n\t<div  class=\"wpb_single_image wpb_content_element vc_align_left wpb_content_element\">\n\t\t\n\t\t<figure class=\"wpb_wrapper vc_figure\">\n\t\t\t<a href=\"http:\/\/maldives-paradise.com\/pt\/hotel-riu-atoll\/\" target=\"_self\" class=\"vc_single_image-wrapper   vc_box_border_grey\"><img loading=\"lazy\" decoding=\"async\" width=\"150\" height=\"150\" src=\"https:\/\/maldives-paradise.com\/wp-content\/uploads\/2024\/01\/Cora-Cora-maldives-2-150x150.jpg\" class=\"vc_single_image-img attachment-thumbnail\" alt=\"Cora Cora Maldivas\" title=\"Cora-Cora-maldivas-2\" \/><\/a>\n\t\t<\/figure>\n\t<\/div>\n<\/div><\/div><\/div><div class=\"wpb_column vc_column_container vc_col-sm-9\"><div class=\"vc_column-inner\"><div class=\"wpb_wrapper\">\n\t<div class=\"wpb_text_column wpb_content_element\" >\n\t\t<div class=\"wpb_wrapper\">\n\t\t\t<h4><a href=\"http:\/\/maldives-paradise.com\/pt\/hotel-riu-atoll\/\">Hotel Riu Atol<\/a><\/h4>\n<p>O Hotel Riu Atoll est\u00e1 estrategicamente situado na Ilha Maafushi, uma parte do Atol de Mal\u00e9 do Sul. O resort \u00e9 acess\u00edvel por um passeio panor\u00e2mico de lancha de 45 minutos do Aeroporto Internacional de Velana, tornando conveniente para os h\u00f3spedes come\u00e7arem suas f\u00e9rias logo ap\u00f3s a chegada.<\/p>\n\n\t\t<\/div>\n\t<\/div>\n<\/div><\/div><\/div><\/div><div class=\"vc_row wpb_row vc_row-fluid\"><div class=\"wpb_column vc_column_container vc_col-sm-3\"><div class=\"vc_column-inner\"><div class=\"wpb_wrapper\">\n\t<div  class=\"wpb_single_image wpb_content_element vc_align_left wpb_content_element\">\n\t\t\n\t\t<figure class=\"wpb_wrapper vc_figure\">\n\t\t\t<a href=\"http:\/\/maldives-paradise.com\/pt\/resort-innahura-maldivas\/\" target=\"_self\" class=\"vc_single_image-wrapper   vc_box_border_grey\"><img loading=\"lazy\" decoding=\"async\" width=\"150\" height=\"150\" src=\"https:\/\/maldives-paradise.com\/wp-content\/uploads\/2024\/02\/innahura-maldives-resort-150x150.jpg\" class=\"vc_single_image-img attachment-thumbnail\" alt=\"Innahura Maldivas Resort\" title=\"innahura-maldives-resort\" \/><\/a>\n\t\t<\/figure>\n\t<\/div>\n<\/div><\/div><\/div><div class=\"wpb_column vc_column_container vc_col-sm-9\"><div class=\"vc_column-inner\"><div class=\"wpb_wrapper\">\n\t<div class=\"wpb_text_column wpb_content_element\" >\n\t\t<div class=\"wpb_wrapper\">\n\t\t\t<h4><a href=\"http:\/\/maldives-paradise.com\/pt\/resort-innahura-maldivas\/\">Innahura Maldivas Resort<\/a><\/h4>\n<p>O resort oferece uma variedade de op\u00e7\u00f5es de acomoda\u00e7\u00f5es confort\u00e1veis e charmosas para atender a todas as prefer\u00eancias. De bangal\u00f4s de praia a vilas sobre a \u00e1gua, cada unidade \u00e9 cuidadosamente projetada para fornecer uma mistura de conforto e luxo no estilo da ilha. Com comodidades modernas e terra\u00e7os privativos com vista para as \u00e1guas azul-turquesa, voc\u00ea encontrar\u00e1 tranquilidade e relaxamento em cada canto.<\/p>\n\n\t\t<\/div>\n\t<\/div>\n<\/div><\/div><\/div><\/div><div class=\"vc_row wpb_row vc_row-fluid\"><div class=\"wpb_column vc_column_container vc_col-sm-3\"><div class=\"vc_column-inner\"><div class=\"wpb_wrapper\">\n\t<div  class=\"wpb_single_image wpb_content_element vc_align_left wpb_content_element\">\n\t\t\n\t\t<figure class=\"wpb_wrapper vc_figure\">\n\t\t\t<a href=\"http:\/\/maldives-paradise.com\/pt\/komandoo-ilha-resort-spa\/\" target=\"_self\" class=\"vc_single_image-wrapper   vc_box_border_grey\"><img loading=\"lazy\" decoding=\"async\" width=\"150\" height=\"150\" src=\"https:\/\/maldives-paradise.com\/wp-content\/uploads\/2024\/01\/komandoo3.-150x150.jpg\" class=\"vc_single_image-img attachment-thumbnail\" alt=\"Komandoo Island Resort &amp; Spa\" title=\"Piscina infinita Komandoo\" \/><\/a>\n\t\t<\/figure>\n\t<\/div>\n<\/div><\/div><\/div><div class=\"wpb_column vc_column_container vc_col-sm-9\"><div class=\"vc_column-inner\"><div class=\"wpb_wrapper\">\n\t<div class=\"wpb_text_column wpb_content_element\" >\n\t\t<div class=\"wpb_wrapper\">\n\t\t\t<h4><a href=\"http:\/\/maldives-paradise.com\/pt\/komandoo-ilha-resort-spa\/\">Komandoo Island Resort &amp; Spa<\/a><\/h4>\n<p>Fuja para um mundo de opul\u00eancia e tranquilidade em <strong>Komandoo Island Resort &amp; Spa<\/strong>, um ref\u00fagio requintado apenas para adultos situado no cora\u00e7\u00e3o das Maldivas. Famoso pela sua beleza incompar\u00e1vel e servi\u00e7o incompar\u00e1vel, este resort de luxo promete um retiro id\u00edlico para aqueles que procuram o ep\u00edtome do para\u00edso tropical.<\/p>\n\n\t\t<\/div>\n\t<\/div>\n<\/div><\/div><\/div><\/div><div class=\"vc_row wpb_row vc_row-fluid\"><div class=\"wpb_column vc_column_container vc_col-sm-3\"><div class=\"vc_column-inner\"><div class=\"wpb_wrapper\">\n\t<div  class=\"wpb_single_image wpb_content_element vc_align_left wpb_content_element\">\n\t\t\n\t\t<figure class=\"wpb_wrapper vc_figure\">\n\t\t\t<a href=\"http:\/\/maldives-paradise.com\/pt\/resort-na-ilha-kuramathi\/\" target=\"_self\" class=\"vc_single_image-wrapper   vc_box_border_grey\"><img loading=\"lazy\" decoding=\"async\" width=\"150\" height=\"150\" src=\"https:\/\/maldives-paradise.com\/wp-content\/uploads\/2024\/02\/Kuramathi_Sandbank-400-150x150.jpg\" class=\"vc_single_image-img attachment-thumbnail\" alt=\"Resort da Ilha Kuramathi\" title=\"Kuramathi_Sandbank-400\" \/><\/a>\n\t\t<\/figure>\n\t<\/div>\n<\/div><\/div><\/div><div class=\"wpb_column vc_column_container vc_col-sm-9\"><div class=\"vc_column-inner\"><div class=\"wpb_wrapper\">\n\t<div class=\"wpb_text_column wpb_content_element\" >\n\t\t<div class=\"wpb_wrapper\">\n\t\t\t<h4><a href=\"http:\/\/maldives-paradise.com\/pt\/resort-na-ilha-kuramathi\/\">Resort da Ilha Kuramathi<\/a><\/h4>\n<p>O Kuramathi Island Resort \u00e9 um santu\u00e1rio de beleza natural, luxo e tranquilidade. \u00c9 um destino irresist\u00edvel para viajantes que anseiam por uma mistura perfeita de relaxamento, aventura e o fasc\u00ednio de tirar o f\u00f4lego do arquip\u00e9lago das Maldivas.<\/p>\n\n\t\t<\/div>\n\t<\/div>\n<\/div><\/div><\/div><\/div><div class=\"vc_row wpb_row vc_row-fluid\"><div class=\"wpb_column vc_column_container vc_col-sm-3\"><div class=\"vc_column-inner\"><div class=\"wpb_wrapper\">\n\t<div  class=\"wpb_single_image wpb_content_element vc_align_left wpb_content_element\">\n\t\t\n\t\t<figure class=\"wpb_wrapper vc_figure\">\n\t\t\t<a href=\"http:\/\/maldives-paradise.com\/pt\/resort-e-spa-da-ilha-de-kuredu\/\" target=\"_self\" class=\"vc_single_image-wrapper   vc_box_border_grey\"><img loading=\"lazy\" decoding=\"async\" width=\"150\" height=\"150\" src=\"https:\/\/maldives-paradise.com\/wp-content\/uploads\/2024\/02\/kuredu3-150x150.jpg\" class=\"vc_single_image-img attachment-thumbnail\" alt=\"Kuredu Island Resort &amp; Spa\" title=\"kuredu3\" \/><\/a>\n\t\t<\/figure>\n\t<\/div>\n<\/div><\/div><\/div><div class=\"wpb_column vc_column_container vc_col-sm-9\"><div class=\"vc_column-inner\"><div class=\"wpb_wrapper\">\n\t<div class=\"wpb_text_column wpb_content_element\" >\n\t\t<div class=\"wpb_wrapper\">\n\t\t\t<h4><a href=\"http:\/\/maldives-paradise.com\/pt\/resort-e-spa-da-ilha-de-kuredu\/\">Kuredu Island Resort &amp; Spa<\/a><\/h4>\n<p>O Kuredu Island Resort &amp; Spa est\u00e1 localizado na pitoresca ilha de Kuredu, situada dentro do Atol Lhaviyani. Para chegar a esta ilha paradis\u00edaca, os h\u00f3spedes podem optar por um transfe de hidroavi\u00e3o panor\u00e2mico de 40 minutos. De bangal\u00f4s \u00e0 beira-mar a vilas sobre a \u00e1gua, cada unidade \u00e9 meticulosamente projetada para fornecer a mistura perfeita de conforto e luxo.<\/p>\n\n\t\t<\/div>\n\t<\/div>\n<\/div><\/div><\/div><\/div><div class=\"vc_row wpb_row vc_row-fluid\"><div class=\"wpb_column vc_column_container vc_col-sm-3\"><div class=\"vc_column-inner\"><div class=\"wpb_wrapper\">\n\t<div  class=\"wpb_single_image wpb_content_element vc_align_left wpb_content_element\">\n\t\t\n\t\t<figure class=\"wpb_wrapper vc_figure\">\n\t\t\t<a href=\"http:\/\/maldives-paradise.com\/pt\/ilha-makunudu\/\" target=\"_self\" class=\"vc_single_image-wrapper   vc_box_border_grey\"><img loading=\"lazy\" decoding=\"async\" width=\"150\" height=\"150\" src=\"https:\/\/maldives-paradise.com\/wp-content\/uploads\/2024\/02\/makundu-island-150x150.jpg\" class=\"vc_single_image-img attachment-thumbnail\" alt=\"Ilha Makunudu\" title=\"makundu-island\" \/><\/a>\n\t\t<\/figure>\n\t<\/div>\n<\/div><\/div><\/div><div class=\"wpb_column vc_column_container vc_col-sm-9\"><div class=\"vc_column-inner\"><div class=\"wpb_wrapper\">\n\t<div class=\"wpb_text_column wpb_content_element\" >\n\t\t<div class=\"wpb_wrapper\">\n\t\t\t<h4><a href=\"http:\/\/maldives-paradise.com\/pt\/ilha-makunudu\/\">Ilha Makunudu<\/a><\/h4>\n<p>Makunudu Island \u00e9 um para\u00edso escondido que promete uma fuga inesquec\u00edvel. Sua localiza\u00e7\u00e3o isolada, acomoda\u00e7\u00f5es r\u00fasticas, culin\u00e1ria deliciosa e dedica\u00e7\u00e3o \u00e0 sustentabilidade fazem dela a escolha ideal para viajantes que buscam uma experi\u00eancia pac\u00edfica e aut\u00eantica nas Maldivas.<\/p>\n\n\t\t<\/div>\n\t<\/div>\n<\/div><\/div><\/div><\/div><div class=\"vc_row wpb_row vc_row-fluid\"><div class=\"wpb_column vc_column_container vc_col-sm-3\"><div class=\"vc_column-inner\"><div class=\"wpb_wrapper\">\n\t<div  class=\"wpb_single_image wpb_content_element vc_align_left wpb_content_element\">\n\t\t\n\t\t<figure class=\"wpb_wrapper vc_figure\">\n\t\t\t<a href=\"http:\/\/maldives-paradise.com\/pt\/resort-malahini-kuda-bandos\/\" target=\"_self\" class=\"vc_single_image-wrapper   vc_box_border_grey\"><img loading=\"lazy\" decoding=\"async\" width=\"150\" height=\"150\" src=\"https:\/\/maldives-paradise.com\/wp-content\/uploads\/2024\/02\/malahini-kuda-bandos400-150x150.jpg\" class=\"vc_single_image-img attachment-thumbnail\" alt=\"Malahini Kuda Bandos Resort\" title=\"malahini-kuda-bandos400\" \/><\/a>\n\t\t<\/figure>\n\t<\/div>\n<\/div><\/div><\/div><div class=\"wpb_column vc_column_container vc_col-sm-9\"><div class=\"vc_column-inner\"><div class=\"wpb_wrapper\">\n\t<div class=\"wpb_text_column wpb_content_element\" >\n\t\t<div class=\"wpb_wrapper\">\n\t\t\t<h4><a href=\"http:\/\/maldives-paradise.com\/pt\/resort-malahini-kuda-bandos\/\">Malahini Kuda Bandos Resort<\/a><\/h4>\n<p>O Malahini Kuda Bandos Resort \u00e9 um santu\u00e1rio tropical que promete uma escapada extraordin\u00e1ria. Sua localiza\u00e7\u00e3o conveniente, acomoda\u00e7\u00f5es confort\u00e1veis, culin\u00e1ria deliciosa e compromisso com a sustentabilidade fazem dele a escolha perfeita para viajantes que buscam relaxamento e aventura.<\/p>\n\n\t\t<\/div>\n\t<\/div>\n<\/div><\/div><\/div><\/div><div class=\"vc_row wpb_row vc_row-fluid\"><div class=\"wpb_column vc_column_container vc_col-sm-3\"><div class=\"vc_column-inner\"><div class=\"wpb_wrapper\">\n\t<div  class=\"wpb_single_image wpb_content_element vc_align_left wpb_content_element\">\n\t\t\n\t\t<figure class=\"wpb_wrapper vc_figure\">\n\t\t\t<a href=\"http:\/\/maldives-paradise.com\/pt\/resort-na-ilha-medhufushi\/\" target=\"_self\" class=\"vc_single_image-wrapper   vc_box_border_grey\"><img loading=\"lazy\" decoding=\"async\" width=\"150\" height=\"150\" src=\"https:\/\/maldives-paradise.com\/wp-content\/uploads\/2024\/02\/medhufushi-island-resort-150x150.jpg\" class=\"vc_single_image-img attachment-thumbnail\" alt=\"Resort da Ilha Medhufushi\" title=\"medhufushi-island-resort\" \/><\/a>\n\t\t<\/figure>\n\t<\/div>\n<\/div><\/div><\/div><div class=\"wpb_column vc_column_container vc_col-sm-9\"><div class=\"vc_column-inner\"><div class=\"wpb_wrapper\">\n\t<div class=\"wpb_text_column wpb_content_element\" >\n\t\t<div class=\"wpb_wrapper\">\n\t\t\t<h4><a href=\"http:\/\/maldives-paradise.com\/pt\/resort-na-ilha-medhufushi\/\">Resort da Ilha Medhufushi<\/a><\/h4>\n<p>Aninhado neste para\u00edso est\u00e1 <strong>Resort da Ilha Medhufushi<\/strong>, um retiro id\u00edlico que promete serenidade, aventura e a beleza inigual\u00e1vel das Maldivas. Neste artigo, exploraremos o que torna o Medhufushi Island Resort um destino irresist\u00edvel para aqueles que anseiam por relaxamento, aventura e um gostinho do para\u00edso.<\/p>\n\n\t\t<\/div>\n\t<\/div>\n<\/div><\/div><\/div><\/div><div class=\"vc_row wpb_row vc_row-fluid\"><div class=\"wpb_column vc_column_container vc_col-sm-3\"><div class=\"vc_column-inner\"><div class=\"wpb_wrapper\">\n\t<div  class=\"wpb_single_image wpb_content_element vc_align_left wpb_content_element\">\n\t\t\n\t\t<figure class=\"wpb_wrapper vc_figure\">\n\t\t\t<a href=\"http:\/\/maldives-paradise.com\/pt\/meeru-ilha-resort-maldivas\/\" target=\"_self\" class=\"vc_single_image-wrapper   vc_box_border_grey\"><img loading=\"lazy\" decoding=\"async\" width=\"150\" height=\"150\" src=\"https:\/\/maldives-paradise.com\/wp-content\/uploads\/2024\/02\/meeru2-150x150.jpg\" class=\"vc_single_image-img attachment-thumbnail\" alt=\"Ilha Resort Meeru Maldivas\" title=\"meeru2\" \/><\/a>\n\t\t<\/figure>\n\t<\/div>\n<\/div><\/div><\/div><div class=\"wpb_column vc_column_container vc_col-sm-9\"><div class=\"vc_column-inner\"><div class=\"wpb_wrapper\">\n\t<div class=\"wpb_text_column wpb_content_element\" >\n\t\t<div class=\"wpb_wrapper\">\n\t\t\t<h4><a href=\"http:\/\/maldives-paradise.com\/pt\/meeru-ilha-resort-maldivas\/\">Ilha Resort Meeru Maldivas<\/a><\/h4>\n<p>Meeru Maldives Resort Island \u00e9 um <strong>Somente adultos<\/strong> e um retiro id\u00edlico que promete uma mistura \u00fanica de relaxamento, aventura e a beleza inigual\u00e1vel das Maldivas. O resort oferece uma ampla gama de op\u00e7\u00f5es de acomoda\u00e7\u00f5es luxuosas para atender a diversos gostos e prefer\u00eancias. De vilas \u00e0 beira-mar a bangal\u00f4s sobre a \u00e1gua.<\/p>\n\n\t\t<\/div>\n\t<\/div>\n<\/div><\/div><\/div><\/div><div class=\"vc_row wpb_row vc_row-fluid\"><div class=\"wpb_column vc_column_container vc_col-sm-12\"><div class=\"vc_column-inner\"><div class=\"wpb_wrapper\">\n\t<div class=\"wpb_text_column wpb_content_element\" >\n\t\t<div class=\"wpb_wrapper\">\n\t\t\t<h3>Hot\u00e9is e resorts 4 estrelas nas Maldivas\u00a0\u00a0<a href=\"http:\/\/maldives-paradise.com\/pt\/hoteis-resorts-4-estrelas-nas-maldivas\/\">P\u00e1gina 1<\/a>\u00a0\u00a0 <a href=\"http:\/\/maldives-paradise.com\/pt\/hoteis-resorts-4-estrelas-nas-maldivas-3\/\">P\u00e1gina 3<\/a>\u00a0 <a href=\"http:\/\/maldives-paradise.com\/pt\/hoteis-resorts-4-estrelas-nas-maldivas-4\/\">P\u00e1gina 4<\/a><\/h3>\n\n\t\t<\/div>\n\t<\/div>\n<\/div><\/div><\/div><\/div>\n<\/div>","protected":false},"excerpt":{"rendered":"<div class=\"mh-excerpt\"><\/div>","protected":false},"author":1,"featured_media":10050,"parent":0,"menu_order":0,"comment_status":"closed","ping_status":"closed","template":"","meta":{"footnotes":""},"class_list":["post-10054","page","type-page","status-publish","has-post-thumbnail"],"aioseo_notices":[],"_links":{"self":[{"href":"http:\/\/maldives-paradise.com\/pt\/wp-json\/wp\/v2\/pages\/10054","targetHints":{"allow":["GET"]}}],"collection":[{"href":"http:\/\/maldives-paradise.com\/pt\/wp-json\/wp\/v2\/pages"}],"about":[{"href":"http:\/\/maldives-paradise.com\/pt\/wp-json\/wp\/v2\/types\/page"}],"author":[{"embeddable":true,"href":"http:\/\/maldives-paradise.com\/pt\/wp-json\/wp\/v2\/users\/1"}],"replies":[{"embeddable":true,"href":"http:\/\/maldives-paradise.com\/pt\/wp-json\/wp\/v2\/comments?post=10054"}],"version-history":[{"count":6,"href":"http:\/\/maldives-paradise.com\/pt\/wp-json\/wp\/v2\/pages\/10054\/revisions"}],"predecessor-version":[{"id":34285,"href":"http:\/\/maldives-paradise.com\/pt\/wp-json\/wp\/v2\/pages\/10054\/revisions\/34285"}],"wp:featuredmedia":[{"embeddable":true,"href":"http:\/\/maldives-paradise.com\/pt\/wp-json\/wp\/v2\/media\/10050"}],"wp:attachment":[{"href":"http:\/\/maldives-paradise.com\/pt\/wp-json\/wp\/v2\/media?parent=10054"}],"curies":[{"name":"wp","href":"https:\/\/api.w.org\/{rel}","templated":true}]}}