{"id":8762,"date":"2024-01-14T14:02:14","date_gmt":"2024-01-14T14:02:14","guid":{"rendered":"http:\/\/maldives-paradise.com\/?page_id=8762"},"modified":"2025-11-26T09:23:24","modified_gmt":"2025-11-26T09:23:24","slug":"de-12-beste-all-inclusive-resorts-op-de-malediven","status":"publish","type":"page","link":"http:\/\/maldives-paradise.com\/nl\/de-12-beste-all-inclusive-resorts-op-de-malediven\/","title":{"rendered":"De beste all-inclusive resorts op de Malediven"},"content":{"rendered":"<div class=\"wpb-content-wrapper\"><div class=\"vc_row wpb_row vc_row-fluid\"><div class=\"wpb_column vc_column_container vc_col-sm-12\"><div class=\"vc_column-inner\"><div class=\"wpb_wrapper\">\n\t<div class=\"wpb_text_column wpb_content_element\" >\n\t\t<div class=\"wpb_wrapper\">\n\t\t\t<p>Het boeken van een all-inclusive resort op de Malediven biedt een zorgeloze, luxueuze vakantie-ervaring. Met alles inbegrepen, van gastronomische maaltijden en premium drankjes tot spannende activiteiten en excursies, kunnen gasten volledig ontspannen en genieten van hun verblijf zonder zich zorgen te hoeven maken over extra kosten. Deze resorts bieden een verscheidenheid aan eetgelegenheden, voorzieningen van wereldklasse en persoonlijke service, waardoor een stressvrij en heerlijk uitje wordt gegarandeerd. Of u nu snorkelt in levendige koraalriffen, geniet van een verkwikkende spabehandeling of gewoon luiert op een ongerept strand, een all-inclusive resort op de Malediven zorgt ervoor dat aan elk aspect van uw vakantie wordt voldaan, zodat u zich kunt concentreren op het cre\u00ebren van onvergetelijke ervaringen. herinneringen.<\/p>\n<p>Hier is een lijst met de beste all-inclusive hotels en resorts op de Malediven, met vijfsterrenbeoordelingen. De beste prijzen rechtstreeks van de hotels.<\/p>\n\n\t\t<\/div>\n\t<\/div>\n<\/div><\/div><\/div><\/div><div class=\"vc_row wpb_row vc_row-fluid\"><div class=\"wpb_column vc_column_container vc_col-sm-3\"><div class=\"vc_column-inner\"><div class=\"wpb_wrapper\">\n\t<div  class=\"wpb_single_image wpb_content_element vc_align_left wpb_content_element\">\n\t\t\n\t\t<figure class=\"wpb_wrapper vc_figure\">\n\t\t\t<a href=\"https:\/\/lamp.glopss.com\/aff_c?offer_id=259&#038;aff_id=1834\" target=\"_self\" class=\"vc_single_image-wrapper   vc_box_border_grey\"><img loading=\"lazy\" decoding=\"async\" width=\"150\" height=\"150\" src=\"https:\/\/maldives-paradise.com\/wp-content\/uploads\/2024\/01\/baros-maldives3-150x150.jpg\" class=\"vc_single_image-img attachment-thumbnail\" alt=\"Baros Malediven\" title=\"baros-maldiven3\" \/><\/a>\n\t\t<\/figure>\n\t<\/div>\n<\/div><\/div><\/div><div class=\"wpb_column vc_column_container vc_col-sm-9\"><div class=\"vc_column-inner\"><div class=\"wpb_wrapper\">\n\t<div class=\"wpb_text_column wpb_content_element\" >\n\t\t<div class=\"wpb_wrapper\">\n\t\t\t<h3><a href=\"https:\/\/lamp.glopss.com\/SHUm\" target=\"_blank\" rel=\"nofollow noopener\">Baros Malediven<\/a><\/h3>\n<p>In tegenstelling tot veel andere resorts op de Malediven biedt Baros verschillende all-inclusive opties, zodat gasten hun verblijf op het Noordelijke Mal\u00e9-atol echt kunnen aanpassen. Misschien wel een van de beste aanbiedingen is het Blissful Baros-pakket van het resort. Met Blissful Baros ontvangen gasten dagelijks ontbijt en diner in Lime, het weelderige restaurant aan de lagune van Baros, een fruitmand en champagne bij aankomst, dagelijkse yoga bij zonsopgang, spa-korting, dinerkorting bij de Cayenne Grill en The Lighthouse Restaurant, en luchthaventransfer. Andere pakketten, zoals de Book Direct, bieden insluitsels zoals gratis snorkeluitrusting en niet-gemotoriseerde watersporten.<\/p>\n\n\t\t<\/div>\n\t<\/div>\n<\/div><\/div><\/div><\/div><div class=\"vc_row wpb_row vc_row-fluid\"><div class=\"wpb_column vc_column_container vc_col-sm-3\"><div class=\"vc_column-inner\"><div class=\"wpb_wrapper\">\n\t<div  class=\"wpb_single_image wpb_content_element vc_align_left wpb_content_element\">\n\t\t\n\t\t<figure class=\"wpb_wrapper vc_figure\">\n\t\t\t<a href=\"http:\/\/maldives-paradise.com\/nl\/nova-malediven\/\" target=\"_self\" class=\"vc_single_image-wrapper   vc_box_border_grey\"><img loading=\"lazy\" decoding=\"async\" width=\"150\" height=\"150\" src=\"https:\/\/maldives-paradise.com\/wp-content\/uploads\/2024\/01\/nova-maldives-4-150x150.jpg\" class=\"vc_single_image-img attachment-thumbnail\" alt=\"Nova Maldives-resort\" title=\"nova-maldiven-4\" \/><\/a>\n\t\t<\/figure>\n\t<\/div>\n<\/div><\/div><\/div><div class=\"wpb_column vc_column_container vc_col-sm-9\"><div class=\"vc_column-inner\"><div class=\"wpb_wrapper\">\n\t<div class=\"wpb_text_column wpb_content_element\" >\n\t\t<div class=\"wpb_wrapper\">\n\t\t\t<h3><a href=\"http:\/\/maldives-paradise.com\/nl\/nova-malediven\/\">Nova Malediven<\/a><\/h3>\n<p>Een modern all-inclusive gemeenschapsconcept, een relaxte plek met een ziel die vreugde uitstraalt en is ontworpen voor echte verbinding. Ergens waar u zich op uw best voelt - en waar het beste voor wordt gezorgd. Of u nu alleen reist, met dierbaren, vrienden of familie: iedereen is welkom in ons thuis weg van huis. Hier kunt u zo veel of zo weinig doen als u wilt, wat uw ziel ook maar wenst. Ga duiken, ga naar de sportschool of ga onder de palmbomen zitten en geniet van iets eenvoudigs en echts. Voel me blij om hier te zijn. Gelukkig in het moment - in een van de beste all-inclusive resorts op de Malediven.<\/p>\n\n\t\t<\/div>\n\t<\/div>\n<\/div><\/div><\/div><\/div><div class=\"vc_row wpb_row vc_row-fluid\"><div class=\"wpb_column vc_column_container vc_col-sm-3\"><div class=\"vc_column-inner\"><div class=\"wpb_wrapper\">\n\t<div  class=\"wpb_single_image wpb_content_element vc_align_left wpb_content_element\">\n\t\t\n\t\t<figure class=\"wpb_wrapper vc_figure\">\n\t\t\t<a href=\"https:\/\/lamp.glopss.com\/aff_c?offer_id=1476&#038;aff_id=1834&#038;url=https%3A%2F%2Fwww.sunsiyam.com%2Fsun-siyam-iru-fushi%2F\" target=\"_self\" class=\"vc_single_image-wrapper   vc_box_border_grey\"><img loading=\"lazy\" decoding=\"async\" width=\"150\" height=\"150\" src=\"https:\/\/maldives-paradise.com\/wp-content\/uploads\/2024\/01\/Sun-Siyam-Iru-Fushi-2-150x150.jpg\" class=\"vc_single_image-img attachment-thumbnail\" alt=\"Zon Siyam Iru Fushi\" title=\"Zon-Siyam-Iru-Fushi-2\" \/><\/a>\n\t\t<\/figure>\n\t<\/div>\n<\/div><\/div><\/div><div class=\"wpb_column vc_column_container vc_col-sm-9\"><div class=\"vc_column-inner\"><div class=\"wpb_wrapper\">\n\t<div class=\"wpb_text_column wpb_content_element\" >\n\t\t<div class=\"wpb_wrapper\">\n\t\t\t<h3><a href=\"https:\/\/lamp.glopss.com\/SHUw\" target=\"_blank\" rel=\"nofollow noopener\">Zon Siyam Iru Fushi<\/a><\/h3>\n<p>Sun Siyam Iru Fushi op de Malediven is een typisch all-inclusive resort dat luxe en rust belichaamt in een tropische oase. Deze oase, genesteld in de azuurblauwe wateren van de Indische Oceaan, biedt een uitgebreide all-inclusive ervaring en biedt gasten luxe accommodatie, uitzonderlijke eetgelegenheden en een groot aantal activiteiten. Het resort beschikt over weelderige villa&#039;s boven het water en aan het strand, die een panoramisch uitzicht en onge\u00ebvenaard comfort bieden.<\/p>\n\n\t\t<\/div>\n\t<\/div>\n<\/div><\/div><\/div><\/div><div class=\"vc_row wpb_row vc_row-fluid\"><div class=\"wpb_column vc_column_container vc_col-sm-3\"><div class=\"vc_column-inner\"><div class=\"wpb_wrapper\">\n\t<div  class=\"wpb_single_image wpb_content_element vc_align_left wpb_content_element\">\n\t\t\n\t\t<figure class=\"wpb_wrapper vc_figure\">\n\t\t\t<a href=\"https:\/\/lamp.glopss.com\/aff_c?offer_id=1085&#038;aff_id=1834\" target=\"_self\" class=\"vc_single_image-wrapper   vc_box_border_grey\"><img loading=\"lazy\" decoding=\"async\" width=\"150\" height=\"150\" src=\"https:\/\/maldives-paradise.com\/wp-content\/uploads\/2020\/11\/maldives-finolhu-fish-crab-shack-restaurant-beach-150x150.jpg\" class=\"vc_single_image-img attachment-thumbnail\" alt=\"finolhu krabhutrestaurant\" title=\"Malediven-finolhu-vis-krab-hut-restaurant-strand\" \/><\/a>\n\t\t<\/figure>\n\t<\/div>\n<\/div><\/div><\/div><div class=\"wpb_column vc_column_container vc_col-sm-9\"><div class=\"vc_column-inner\"><div class=\"wpb_wrapper\">\n\t<div class=\"wpb_text_column wpb_content_element\" >\n\t\t<div class=\"wpb_wrapper\">\n\t\t\t<h3><a href=\"https:\/\/lamp.glopss.com\/SHUE\">Finolhu Malediven<\/a><\/h3>\n<p>Het beste voor sociale types.<br \/>\nMet zijn twee kilometer lange witte zandstrand, tiki-verlichte strandfeesten, uitgestrekte watersportcentrum en kleurrijke villa&#039;s biedt Finolhu veel plezier voor een aangename prijs. Gasten kunnen kiezen uit twee all-inclusive deals: de eerste omvat frisdranken en standaard alcoholmerken; ontbijtbuffet, lunch en diner, plus \u00e9\u00e9n maaltijd in elk van de drie specialiteitenrestaurants per week. Met het all-inclusive Premium-pakket kunnen gasten drankjes kiezen uit een lijst met prestigieuze wijnen en sterke dranken, en eten waar ze maar willen, inclusief het trendy Milk Lab caf\u00e9, waar slow-drip koffie, fruitsmoothies en versgebakken gebakjes worden geserveerd.<\/p>\n\n\t\t<\/div>\n\t<\/div>\n<\/div><\/div><\/div><\/div><div class=\"vc_row wpb_row vc_row-fluid\"><div class=\"wpb_column vc_column_container vc_col-sm-3\"><div class=\"vc_column-inner\"><div class=\"wpb_wrapper\">\n\t<div  class=\"wpb_single_image wpb_content_element vc_align_left wpb_content_element\">\n\t\t\n\t\t<figure class=\"wpb_wrapper vc_figure\">\n\t\t\t<a href=\"https:\/\/lamp.glopss.com\/aff_c?offer_id=366&#038;aff_id=1834\" target=\"_self\" class=\"vc_single_image-wrapper   vc_box_border_grey\"><img loading=\"lazy\" decoding=\"async\" width=\"150\" height=\"150\" src=\"https:\/\/maldives-paradise.com\/wp-content\/uploads\/2024\/01\/one-and-only2-150x150.jpg\" class=\"vc_single_image-img attachment-thumbnail\" alt=\"One&amp;Only Reethi Rah Malediven\" title=\"een-en-slechts2\" \/><\/a>\n\t\t<\/figure>\n\t<\/div>\n<\/div><\/div><\/div><div class=\"wpb_column vc_column_container vc_col-sm-9\"><div class=\"vc_column-inner\"><div class=\"wpb_wrapper\">\n\t<div class=\"wpb_text_column wpb_content_element\" >\n\t\t<div class=\"wpb_wrapper\">\n\t\t\t<h3><a href=\"https:\/\/lamp.glopss.com\/aff_c?offer_id=366&amp;aff_id=1834\">Reethi Faru-resort<\/a><\/h3>\n<p>Reethi Beach Resort ligt op het rustige eiland Fonimagoodhoo en is trots op zijn luxe villa&#039;s en suitekamers. Ruime, goed ingerichte accommodaties in het resort hebben toegang tot het strand of de lagune, terrassen en nog veel meer; familiesuites, vooral geschikt voor grote groepen, omvatten woningen met twee slaapkamers en een gemeenschappelijke woonruimte. Reethi Beach biedt een overvloed aan eclectische eetgelegenheden, waaronder diners aan het strand en bij het zwembad. Het resort heeft ook een eigen duikschool, die gratis lessen aanbiedt aan enthousiaste nieuwe duikers.<\/p>\n\n\t\t<\/div>\n\t<\/div>\n<\/div><\/div><\/div><\/div><div class=\"vc_row wpb_row vc_row-fluid\"><div class=\"wpb_column vc_column_container vc_col-sm-3\"><div class=\"vc_column-inner\"><div class=\"wpb_wrapper\">\n\t<div  class=\"wpb_single_image wpb_content_element vc_align_left wpb_content_element\">\n\t\t\n\t\t<figure class=\"wpb_wrapper vc_figure\">\n\t\t\t<a href=\"https:\/\/lamp.glopss.com\/aff_c?offer_id=9&#038;aff_id=1834&#038;url=https%3A%2F%2Fwww.anantara.com%2Fen%2Fveli-maldives\" target=\"_self\" class=\"vc_single_image-wrapper   vc_box_border_grey\"><img loading=\"lazy\" decoding=\"async\" width=\"150\" height=\"150\" src=\"https:\/\/maldives-paradise.com\/wp-content\/uploads\/2023\/12\/anantara-veli-93-1080x480-1-150x150.jpg\" class=\"vc_single_image-img attachment-thumbnail\" alt=\"Anantara Veli Resort en Spa Malediven\" title=\"anantara-veli-93-1080x480\" \/><\/a>\n\t\t<\/figure>\n\t<\/div>\n<\/div><\/div><\/div><div class=\"wpb_column vc_column_container vc_col-sm-9\"><div class=\"vc_column-inner\"><div class=\"wpb_wrapper\">\n\t<div class=\"wpb_text_column wpb_content_element\" >\n\t\t<div class=\"wpb_wrapper\">\n\t\t\t<h3><a href=\"https:\/\/lamp.glopss.com\/SHUt\" target=\"_blank\" rel=\"nofollow noopener\">Anantara Veli Malediven<\/a><\/h3>\n<p>Op een priv\u00e9-eiland in het Zuidelijke Mal\u00e9-atol ligt Anantara Veli, bereikbaar via een speedbootrit van 30 minuten vanaf Male. Het resort is het alternatief voor alleen volwassenen voor het zusterresort Anantara Dhigu, dat via een brug met elkaar verbonden is en een meer gezinsvriendelijk aanbod biedt, hoewel gasten van Anantara Veli toegang hebben tot de restaurants en recreatiefaciliteiten van beide accommodaties. Eigentijdse nieuwe strandvilla&#039;s die het zoete zand verspreiden en compleet zijn met priv\u00e9zwembaden. Het resort voegde ook een nieuwe Villa Host-service toe voor alle gasten, vernieuwde het ontwerp van de zes restaurants en voegde een Marokkaanse hamam toe aan het wellnessaanbod. Hoewel dit geen speciaal all-inclusive resort op de Malediven is, biedt het wel een All-Inclusive Verwenpakket, dat bestaat uit een dagelijks ontbijtbuffet, een driegangenlunch en -diner plus all-inclusive drankjes. Er zijn ook kortingen voor een verblijf van meer dan drie nachten, en gratis transfers voor degenen die bepaalde kamercategorie\u00ebn boeken.<\/p>\n\n\t\t<\/div>\n\t<\/div>\n<\/div><\/div><\/div><\/div><div class=\"vc_row wpb_row vc_row-fluid\"><div class=\"wpb_column vc_column_container vc_col-sm-3\"><div class=\"vc_column-inner\"><div class=\"wpb_wrapper\">\n\t<div  class=\"wpb_single_image wpb_content_element vc_align_left wpb_content_element\">\n\t\t\n\t\t<figure class=\"wpb_wrapper vc_figure\">\n\t\t\t<a href=\"https:\/\/lamp.glopss.com\/aff_c?offer_id=1471&#038;aff_id=1834&#038;url=https%3A%2F%2Fwww.luxresorts.com%2Fen%2Fmaldives%2Fresort%2Fluxsouthariatoll%3Futm_source%3Dglopss%26utm_medium%3Daffiliate%26utm_campaign%3Dcampaign\" target=\"_self\" class=\"vc_single_image-wrapper   vc_box_border_grey\"><img loading=\"lazy\" decoding=\"async\" width=\"150\" height=\"150\" src=\"https:\/\/maldives-paradise.com\/wp-content\/uploads\/2024\/01\/lux2-150x150.jpg\" class=\"vc_single_image-img attachment-thumbnail\" alt=\"LUX * Malediven Zuid Ari Atoll\" title=\"lux2\" \/><\/a>\n\t\t<\/figure>\n\t<\/div>\n<\/div><\/div><\/div><div class=\"wpb_column vc_column_container vc_col-sm-9\"><div class=\"vc_column-inner\"><div class=\"wpb_wrapper\">\n\t<div class=\"wpb_text_column wpb_content_element\" >\n\t\t<div class=\"wpb_wrapper\">\n\t\t\t<h3><a href=\"https:\/\/lamp.glopss.com\/aff_c?offer_id=1471&amp;aff_id=1834&amp;url=https%3A%2F%2Fwww.luxresorts.com%2Fen%2Fmaldives%2Fresort%2Fluxsouthariatoll%3Futm_source%3Dglopss%26utm_medium%3Daffiliate%26utm_campaign%3Dcampaign\" target=\"_blank\" rel=\"nofollow noopener\">LUX Zuid Ari Atoll<\/a><\/h3>\n<p>Beste voor activiteiten.<br \/>\nLux* strekt zich uit over maar liefst vier kilometer parelmoerzand in het afgelegen Zuid-Ari-atol en profiteert optimaal van de lichtgevende locatie met ruime witgekalkte villa&#039;s en enorm veel sportieve activiteiten, van drijvende yoga tot kitesurfen en stand-up paddleboarden bij zonsondergang. Met het Malediven All Inclusive-pakket van het resort scoor je ontbijt, lunch en diner in drie van de restaurants (met 30 procent korting bij de Japanse en Italiaanse restaurants), evenals gratis ijs en warme dranken in de caf\u00e9, picknickmanden en drankjes bij de strandclub.<\/p>\n\n\t\t<\/div>\n\t<\/div>\n<\/div><\/div><\/div><\/div><div class=\"vc_row wpb_row vc_row-fluid\"><div class=\"wpb_column vc_column_container vc_col-sm-3\"><div class=\"vc_column-inner\"><div class=\"wpb_wrapper\">\n\t<div  class=\"wpb_single_image wpb_content_element vc_align_left wpb_content_element\">\n\t\t\n\t\t<figure class=\"wpb_wrapper vc_figure\">\n\t\t\t<a href=\"https:\/\/lamp.glopss.com\/aff_c?offer_id=264&#038;aff_id=1834&#038;url=https%3A%2F%2Fwww.kudadoo.com%2F\" target=\"_self\" class=\"vc_single_image-wrapper   vc_box_border_grey\"><img loading=\"lazy\" decoding=\"async\" width=\"150\" height=\"150\" src=\"https:\/\/maldives-paradise.com\/wp-content\/uploads\/2024\/01\/kudadoo2-150x150.jpg\" class=\"vc_single_image-img attachment-thumbnail\" alt=\"Kudadoo Malediven priv\u00e9-eiland\" title=\"Kudadoo2\" \/><\/a>\n\t\t<\/figure>\n\t<\/div>\n<\/div><\/div><\/div><div class=\"wpb_column vc_column_container vc_col-sm-9\"><div class=\"vc_column-inner\"><div class=\"wpb_wrapper\">\n\t<div class=\"wpb_text_column wpb_content_element\" >\n\t\t<div class=\"wpb_wrapper\">\n\t\t\t<h3><a href=\"https:\/\/lamp.glopss.com\/aff_c?offer_id=264&amp;aff_id=1834&amp;url=https%3A%2F%2Fwww.kudadoo.com%2F\" target=\"_blank\" rel=\"nofollow noopener\">Kudadoo Malediven<\/a><\/h3>\n<p>Het beste voor het goede leven<br \/>\nChampagne van de tap, proeverijmenu&#039;s, nachtduiken, dolfijncruises bij zonsondergang, pirouettes over de Indische Oceaan in een paar jetboots, priv\u00e9yogalessen, onbeperkte spabehandelingen - als Kudadoo zegt dat het alles omvat, meent het dat ook. Dit resort in zakformaat ligt op het weelderige Lhaviyani-atol en beschikt over slechts 15 villa&#039;s boven het water, elk met op Japanse ryokan ge\u00efnspireerde interieurs, binnen- en buitenbadkamers, prachtige terrassen en priv\u00e9zwembaden. Door de grootte voelt het meer als een chique priv\u00e9ledenclub dan als een hotel.<\/p>\n\n\t\t<\/div>\n\t<\/div>\n<\/div><\/div><\/div><\/div><div class=\"vc_row wpb_row vc_row-fluid\"><div class=\"wpb_column vc_column_container vc_col-sm-3\"><div class=\"vc_column-inner\"><div class=\"wpb_wrapper\">\n\t<div  class=\"wpb_single_image wpb_content_element vc_align_left wpb_content_element\">\n\t\t\n\t\t<figure class=\"wpb_wrapper vc_figure\">\n\t\t\t<a href=\"https:\/\/lamp.glopss.com\/aff_c?offer_id=9&#038;aff_id=1834&#038;url=https%3A%2F%2Fwww.niyama.com%2F\" target=\"_self\" class=\"vc_single_image-wrapper   vc_box_border_grey\"><img loading=\"lazy\" decoding=\"async\" width=\"150\" height=\"150\" src=\"https:\/\/maldives-paradise.com\/wp-content\/uploads\/2024\/01\/niyama2-150x150.jpg\" class=\"vc_single_image-img attachment-thumbnail\" alt=\"Niyama priv\u00e9-eilanden Malediven\" title=\"niyama2\" \/><\/a>\n\t\t<\/figure>\n\t<\/div>\n<\/div><\/div><\/div><div class=\"wpb_column vc_column_container vc_col-sm-9\"><div class=\"vc_column-inner\"><div class=\"wpb_wrapper\">\n\t<div class=\"wpb_text_column wpb_content_element\" >\n\t\t<div class=\"wpb_wrapper\">\n\t\t\t<h3><a href=\"https:\/\/lamp.glopss.com\/SHUv\" target=\"_blank\" rel=\"nofollow noopener\">Niyama priv\u00e9-eilanden Malediven<\/a><\/h3>\n<p>Beste voor surfers<br \/>\nOp 40 minuten met het watervliegtuig van Mal\u00e9 op het nauwelijks ontwikkelde Dhaalu-atol, hebben de belachelijk mooie tweelingeilanden Niyama hun eigen surfstrand aan land, samen met tal van andere wow-waardige attracties: &#039;s werelds eerste onderwaternachtclub, een 24-uurs uur spa, en een van de beste all-inclusive opties die er zijn. De Niyama Luxury Experience is beschikbaar voor een verblijf van meer dan vijf nachten en omvat alle drankjes en maaltijden, inclusief bezoeken aan de bekende restaurants, plus drie gratis activiteiten per verblijf \u2013 dolfijnen spotten, cruises bij zonsondergang, snorkelsafari\u2019s \u2013 en een behandeling van 60 minuten ( massage, bodyscrub, gezichtsbehandeling) in de Drift Spa.<\/p>\n\n\t\t<\/div>\n\t<\/div>\n<\/div><\/div><\/div><\/div><div class=\"vc_row wpb_row vc_row-fluid\"><div class=\"wpb_column vc_column_container vc_col-sm-3\"><div class=\"vc_column-inner\"><div class=\"wpb_wrapper\">\n\t<div  class=\"wpb_single_image wpb_content_element vc_align_left wpb_content_element\">\n\t\t\n\t\t<figure class=\"wpb_wrapper vc_figure\">\n\t\t\t<a href=\"https:\/\/lamp.glopss.com\/aff_c?offer_id=1062&#038;aff_id=1834&#038;url=https%3A%2F%2Ftheozencollection.com%2Fozenlife-maadhoo%2F\" target=\"_self\" class=\"vc_single_image-wrapper   vc_box_border_grey\"><img loading=\"lazy\" decoding=\"async\" width=\"150\" height=\"150\" src=\"https:\/\/maldives-paradise.com\/wp-content\/uploads\/2024\/01\/ozen-life-2-150x150.jpg\" class=\"vc_single_image-img attachment-thumbnail\" alt=\"OZEN Leven Maadhoo\" title=\"Ozen-leven-2\" \/><\/a>\n\t\t<\/figure>\n\t<\/div>\n<\/div><\/div><\/div><div class=\"wpb_column vc_column_container vc_col-sm-9\"><div class=\"vc_column-inner\"><div class=\"wpb_wrapper\">\n\t<div class=\"wpb_text_column wpb_content_element\" >\n\t\t<div class=\"wpb_wrapper\">\n\t\t\t<h3><a href=\"https:\/\/trip.tpo.lv\/i4Tqqyq0\" target=\"_blank\" rel=\"nofollow noopener\">Ozen Leven Maadhoo<\/a><\/h3>\n<p>Beste voor strandliefhebbers.<br \/>\nOzen Life Maadhoo ligt op een natuurlijk eiland, op slechts 30 minuten varen met de speedboot vanaf de luchthaven. Het heeft een van de beste stranden van het Zuid-Mal\u00e9-atol en een strandclub, Hudhu Bay, waar u in stijl kunt genieten. Trek uw meest sprankelende kaftan aan en geniet van champagne, cocktails, snacks, zonsondergangsfeesten en DJ-sets, die allemaal zijn inbegrepen in het Indulgence-plan van het resort. Ook inbegrepen zijn een champagneontbijt, gin-proeverijen, thema-avonden en maaltijden in alle restaurants (inclusief \u00e9\u00e9n lunch of diner in onderwaterrestaurant M6m voor elk verblijf van vijf dagen). Afhankelijk van de duur van het verblijf krijgt elke gast ook een vistocht bij zonsondergang en de keuze uit een behandeling van 60 minuten in de mooie Elena Spa of een duik met korting.<\/p>\n\n\t\t<\/div>\n\t<\/div>\n<\/div><\/div><\/div><\/div><div class=\"vc_row wpb_row vc_row-fluid\"><div class=\"wpb_column vc_column_container vc_col-sm-3\"><div class=\"vc_column-inner\"><div class=\"wpb_wrapper\">\n\t<div  class=\"wpb_single_image wpb_content_element vc_align_left wpb_content_element\">\n\t\t\n\t\t<figure class=\"wpb_wrapper vc_figure\">\n\t\t\t<a href=\"https:\/\/lamp.glopss.com\/aff_c?offer_id=427&#038;aff_id=1834\" target=\"_self\" class=\"vc_single_image-wrapper   vc_box_border_grey\"><img loading=\"lazy\" decoding=\"async\" width=\"150\" height=\"150\" src=\"https:\/\/maldives-paradise.com\/wp-content\/uploads\/2024\/01\/Kandolhu2-150x150.jpg\" class=\"vc_single_image-img attachment-thumbnail\" alt=\"Kandolhu-eiland\" title=\"Kandolhu2\" \/><\/a>\n\t\t<\/figure>\n\t<\/div>\n<\/div><\/div><\/div><div class=\"wpb_column vc_column_container vc_col-sm-9\"><div class=\"vc_column-inner\"><div class=\"wpb_wrapper\">\n\t<div class=\"wpb_text_column wpb_content_element\" >\n\t\t<div class=\"wpb_wrapper\">\n\t\t\t<h3><a href=\"https:\/\/lamp.glopss.com\/SHUW\" target=\"_blank\" rel=\"nofollow noopener\">Kandolhu-eiland<\/a><\/h3>\n<p>Elk van de 30 stijlvolle villa&#039;s in dit intieme resort is een droom voor architectuurliefhebbers, met vijf verschillende plattegronden die profiteren van hun locaties in het hele pand. Geniet van een badkuip achter kamerhoge ramen met niets anders dan blauw in zicht. Als dat nog niet genoeg is om u op het terrein te houden, dekt het Ultimate Inclusions-plan van Kandolhu alle maaltijden in de vijf restaurants van het resort, wijnen uit uw persoonlijke wijnkoeler, spa-korting en meer, inclusief een snorkeltocht of een champagnecruise bij zonsondergang per persoon, per verblijf.<\/p>\n\n\t\t<\/div>\n\t<\/div>\n<\/div><\/div><\/div><\/div><div class=\"vc_row wpb_row vc_row-fluid\"><div class=\"wpb_column vc_column_container vc_col-sm-3\"><div class=\"vc_column-inner\"><div class=\"wpb_wrapper\">\n\t<div  class=\"wpb_single_image wpb_content_element vc_align_left wpb_content_element\">\n\t\t\n\t\t<figure class=\"wpb_wrapper vc_figure\">\n\t\t\t<a href=\"https:\/\/hotellook.tp.st\/NpH0AuWF\" target=\"_self\" class=\"vc_single_image-wrapper   vc_box_border_grey\"><img loading=\"lazy\" decoding=\"async\" width=\"150\" height=\"150\" src=\"https:\/\/maldives-paradise.com\/wp-content\/uploads\/2024\/01\/kihaa-maldives-150x150.jpg\" class=\"vc_single_image-img attachment-thumbnail\" alt=\"Kihaa Malediven\" title=\"kihaa-Malediven\" \/><\/a>\n\t\t<\/figure>\n\t<\/div>\n<\/div><\/div><\/div><div class=\"wpb_column vc_column_container vc_col-sm-9\"><div class=\"vc_column-inner\"><div class=\"wpb_wrapper\">\n\t<div class=\"wpb_text_column wpb_content_element\" >\n\t\t<div class=\"wpb_wrapper\">\n\t\t\t<h3><a href=\"https:\/\/hotellook.tp.st\/NpH0AuWF\" target=\"_blank\" rel=\"nofollow noopener\">Kihaa Malediven<\/a><\/h3>\n<p>Als het om privacy gaat, tilt Kihaa Maldives de zaken naar een geheel nieuw niveau. Dit gezinsvriendelijke resort, gelegen op zijn eigen priv\u00e9-eiland in Baa Atoll, is waar luxe all-inclusive dromen van gemaakt zijn. Degenen die kiezen voor het all-inclusive pakket van het resort kunnen dagelijks ontbijt, lunch, diner en drankjes bestellen in Malaafaiy, het belangrijkste buffetrestaurant van Kihaa. Avontuurlijke gasten kunnen ook snorkelen, duiken, windsurfen en jetski\u00ebn uitproberen, terwijl bezoekers die de voorkeur geven aan zalige ontspanning kunnen genieten van een scala aan massages en schoonheidsbehandelingen in de bekroonde spa boven het water van het resort. Vooral jongere gasten zullen genieten van het leuke en veilige Kids Club-programma, maar het zijn de unieke excursies, zoals dolfijnensafari&#039;s, zonsondergangcruises en uitstapjes naar lokale dorpen die het hele gezin nooit zal vergeten.<\/p>\n\n\t\t<\/div>\n\t<\/div>\n<\/div><\/div><\/div><\/div><div class=\"vc_row wpb_row vc_row-fluid\"><div class=\"wpb_column vc_column_container vc_col-sm-12\"><div class=\"vc_column-inner\"><div class=\"wpb_wrapper\">\n\t<div class=\"wpb_text_column wpb_content_element\" >\n\t\t<div class=\"wpb_wrapper\">\n\t\t\t<p><a href=\"http:\/\/maldives-paradise.com\/nl\/label\/all-inclusive-malediven\/\"><strong>Meer over all-inclusive hotels en resorts op de Malediven<\/strong><\/a><\/p>\n<p><strong><a title=\"De 12 beste familieresorts\" href=\"https:\/\/maldives-paradise.com\/nl\/?page_id=8933\">De beste familieresorts op de Malediven<\/a><\/strong><\/p>\n\n\t\t<\/div>\n\t<\/div>\n<\/div><\/div><\/div><\/div>\n<\/div>","protected":false},"excerpt":{"rendered":"<div class=\"mh-excerpt\"><\/div>","protected":false},"author":1,"featured_media":8662,"parent":0,"menu_order":0,"comment_status":"closed","ping_status":"closed","template":"","meta":{"footnotes":""},"class_list":["post-8762","page","type-page","status-publish","has-post-thumbnail"],"aioseo_notices":[],"_links":{"self":[{"href":"http:\/\/maldives-paradise.com\/nl\/wp-json\/wp\/v2\/pages\/8762","targetHints":{"allow":["GET"]}}],"collection":[{"href":"http:\/\/maldives-paradise.com\/nl\/wp-json\/wp\/v2\/pages"}],"about":[{"href":"http:\/\/maldives-paradise.com\/nl\/wp-json\/wp\/v2\/types\/page"}],"author":[{"embeddable":true,"href":"http:\/\/maldives-paradise.com\/nl\/wp-json\/wp\/v2\/users\/1"}],"replies":[{"embeddable":true,"href":"http:\/\/maldives-paradise.com\/nl\/wp-json\/wp\/v2\/comments?post=8762"}],"version-history":[{"count":6,"href":"http:\/\/maldives-paradise.com\/nl\/wp-json\/wp\/v2\/pages\/8762\/revisions"}],"predecessor-version":[{"id":45306,"href":"http:\/\/maldives-paradise.com\/nl\/wp-json\/wp\/v2\/pages\/8762\/revisions\/45306"}],"wp:featuredmedia":[{"embeddable":true,"href":"http:\/\/maldives-paradise.com\/nl\/wp-json\/wp\/v2\/media\/8662"}],"wp:attachment":[{"href":"http:\/\/maldives-paradise.com\/nl\/wp-json\/wp\/v2\/media?parent=8762"}],"curies":[{"name":"wp","href":"https:\/\/api.w.org\/{rel}","templated":true}]}}