{"id":11055,"date":"2024-02-20T16:49:42","date_gmt":"2024-02-20T16:49:42","guid":{"rendered":"http:\/\/maldives-paradise.com\/?page_id=11055"},"modified":"2025-11-26T09:30:18","modified_gmt":"2025-11-26T09:30:18","slug":"de-12-beste-villas-boven-het-water-op-de-malediven","status":"publish","type":"page","link":"http:\/\/maldives-paradise.com\/nl\/de-12-beste-villas-boven-het-water-op-de-malediven\/","title":{"rendered":"De beste villa&#039;s boven het water op de Malediven"},"content":{"rendered":"<div class=\"wpb-content-wrapper\"><div class=\"vc_row wpb_row vc_row-fluid\"><div class=\"wpb_column vc_column_container vc_col-sm-12\"><div class=\"vc_column-inner\"><div class=\"wpb_wrapper\">\n\t<div class=\"wpb_text_column wpb_content_element\" >\n\t\t<div class=\"wpb_wrapper\">\n\t\t\t<p>De Malediven beschikken over een scala aan voortreffelijke luxe villaresorts boven het water, elk met onge\u00ebvenaarde weelde en adembenemende uitzichten op de Indische Oceaan. Hiervan valt de iconische Soneva Jani op, bekend om zijn ruime villa&#039;s met priv\u00e9zwembaden en glijbanen. Een andere topkeuze is het Kudadoo Maldives Private Island, met elegante villa&#039;s met directe toegang tot de turquoise lagune. Bovendien maakt het Ritz-Carlton Fari Island indruk met zijn verbluffende afmetingen van de villa&#039;s, perfect voor degenen die privacy willen. Deze resorts zijn een voorbeeld van het toppunt van luxe op de Malediven en bieden gasten onvergetelijke ervaringen te midden van de pracht van de natuur.<\/p>\n<p>Het boeken van een villa boven het water in een eilandresort op de Malediven biedt een unieke en luxueuze ervaring als geen ander. Stel je voor dat je wakker wordt met een panoramisch uitzicht op de oceaan, vanaf je priv\u00e9terras direct het kristalheldere water in stapt en geniet van de rust van de zee. Villa&#039;s boven het water bieden onge\u00ebvenaarde privacy en comfort, vaak met priv\u00e9zwembaden, ruime zonnedekken en directe toegang tot levendige koraalriffen. Perfect voor romantiek, ontspanning en avontuur, een villa boven het water belooft een onvergetelijk verblijf in een van de mooiste en meest serene omgevingen ter wereld.<\/p>\n\n\t\t<\/div>\n\t<\/div>\n<\/div><\/div><\/div><\/div><div class=\"vc_row wpb_row vc_row-fluid\"><div class=\"wpb_column vc_column_container vc_col-sm-3\"><div class=\"vc_column-inner\"><div class=\"wpb_wrapper\">\n\t<div  class=\"wpb_single_image wpb_content_element vc_align_left wpb_content_element\">\n\t\t\n\t\t<figure class=\"wpb_wrapper vc_figure\">\n\t\t\t<a href=\"https:\/\/lamp.glopss.com\/aff_c?offer_id=9&#038;aff_id=1834&#038;url=https%3A%2F%2Fwww.anantara.com%2Fen%2Fkihavah-maldives\" target=\"_self\" class=\"vc_single_image-wrapper   vc_box_border_grey\"><img loading=\"lazy\" decoding=\"async\" width=\"150\" height=\"150\" src=\"https:\/\/maldives-paradise.com\/wp-content\/uploads\/2024\/02\/anantara_kihavah_over_water_pool_villa_aerial_400px-150x150.jpg\" class=\"vc_single_image-img attachment-thumbnail\" alt=\"Anantara Kihavah Malediven villa&#039;s boven het water\" title=\"anantara_kihavah_over_water_pool_villa_aerial_400px\" \/><\/a>\n\t\t<\/figure>\n\t<\/div>\n<\/div><\/div><\/div><div class=\"wpb_column vc_column_container vc_col-sm-9\"><div class=\"vc_column-inner\"><div class=\"wpb_wrapper\">\n\t<div class=\"wpb_text_column wpb_content_element\" >\n\t\t<div class=\"wpb_wrapper\">\n\t\t\t<h4><a href=\"https:\/\/lamp.glopss.com\/SHUs\" target=\"_blank\" rel=\"nofollow noopener\">Anantara Kihavah Malediven villa&#039;s<\/a><\/h4>\n<p>Luxe villa&#039;s boven het water met priv\u00e9zwembad. Geschikt voor maximaal 2 volwassenen en 2 kinderen of 3 volwassenen. De villagrootte is 267 vierkante meter. Buitenbadkamer met verzonken bubbelbad met glazen bodem, priv\u00e9fietsen en 24-uurs priv\u00e9villahost.<\/p>\n\n\t\t<\/div>\n\t<\/div>\n<\/div><\/div><\/div><\/div><div class=\"vc_row wpb_row vc_row-fluid\"><div class=\"wpb_column vc_column_container vc_col-sm-3\"><div class=\"vc_column-inner\"><div class=\"wpb_wrapper\">\n\t<div  class=\"wpb_single_image wpb_content_element vc_align_left wpb_content_element\">\n\t\t\n\t\t<figure class=\"wpb_wrapper vc_figure\">\n\t\t\t<a href=\"https:\/\/lamp.glopss.com\/aff_c?offer_id=1062&#038;aff_id=1834&#038;url=https%3A%2F%2Ftheozencollection.com%2Fozenreserve-bolifushi%2F\" target=\"_self\" class=\"vc_single_image-wrapper   vc_box_border_grey\"><img loading=\"lazy\" decoding=\"async\" width=\"150\" height=\"150\" src=\"https:\/\/maldives-paradise.com\/wp-content\/uploads\/2024\/02\/zenReserveBolifushiI-reservewithSlide-400-150x150.jpg\" class=\"vc_single_image-img attachment-thumbnail\" alt=\"OZEN Reserve Bolifushi - villa boven het water met priv\u00e9zwembad en glijbaan\" title=\"zenReserveBolifushiI-reservemetSlide-400\" \/><\/a>\n\t\t<\/figure>\n\t<\/div>\n<\/div><\/div><\/div><div class=\"wpb_column vc_column_container vc_col-sm-9\"><div class=\"vc_column-inner\"><div class=\"wpb_wrapper\">\n\t<div class=\"wpb_text_column wpb_content_element\" >\n\t\t<div class=\"wpb_wrapper\">\n\t\t\t<h4><a href=\"https:\/\/hotellook.tpo.lv\/TS7vvbhE\" target=\"_blank\" rel=\"nofollow noopener\">OZEN Reserveer Bolifushi<\/a><\/h4>\n<p>Een exclusief verblijf boven het water met adembenemend uitzicht op de oceaan. Elke Ocean Pool RESERVE Sunset with Slide beschikt over een eigen overloopzwembad en terras van 35 m2, hangmatten boven het water, een afgelegen strandterras en een waterglijbaan van 23 meter die gasten rechtstreeks de glinsterend azuurblauwe Indische Oceaan in katapulteert.<\/p>\n\n\t\t<\/div>\n\t<\/div>\n<\/div><\/div><\/div><\/div><div class=\"vc_row wpb_row vc_row-fluid\"><div class=\"wpb_column vc_column_container vc_col-sm-3\"><div class=\"vc_column-inner\"><div class=\"wpb_wrapper\">\n\t<div  class=\"wpb_single_image wpb_content_element vc_align_left wpb_content_element\">\n\t\t\n\t\t<figure class=\"wpb_wrapper vc_figure\">\n\t\t\t<a href=\"https:\/\/lamp.glopss.com\/aff_c?offer_id=264&#038;aff_id=1834&#038;url=https%3A%2F%2Fwww.kudadoo.com%2F\" target=\"_self\" class=\"vc_single_image-wrapper   vc_box_border_grey\"><img loading=\"lazy\" decoding=\"async\" width=\"150\" height=\"150\" src=\"https:\/\/maldives-paradise.com\/wp-content\/uploads\/2024\/02\/Kudadoo-Villa-deck-Models-2_4000-150x150.jpg\" class=\"vc_single_image-img attachment-thumbnail\" alt=\"Kudadoo Malediven priv\u00e9-eiland\" title=\"Kudadoo-Villa-deck-Models-2_4000\" \/><\/a>\n\t\t<\/figure>\n\t<\/div>\n<\/div><\/div><\/div><div class=\"wpb_column vc_column_container vc_col-sm-9\"><div class=\"vc_column-inner\"><div class=\"wpb_wrapper\">\n\t<div class=\"wpb_text_column wpb_content_element\" >\n\t\t<div class=\"wpb_wrapper\">\n\t\t\t<h4><a href=\"https:\/\/lamp.glopss.com\/aff_c?offer_id=264&amp;aff_id=1834&amp;url=https%3A%2F%2Fwww.kudadoo.com%2F\" target=\"_blank\" rel=\"nofollow noopener\">Kudadoo Malediven priv\u00e9-eiland<\/a><\/h4>\n<p>Ocean Pool Residences van 310 vierkante meter zijn voorzien van uitgestrekte terrassen boven het water, een eigen overloopzwembad, voldoende loungeruimte in de buitenlucht en een hangende bank. Deze prachtig ontworpen luxe priv\u00e9woningen in Kudadoo beschikken over een ruime badkamer met een ligbad, douche en make-upruimte. Exotische en strakke lijnen met aardse tinten en natuurlijke materialen. <strong>Persoonlijke butler inbegrepen. Alles, overal en altijd.<\/strong><\/p>\n\n\t\t<\/div>\n\t<\/div>\n<\/div><\/div><\/div><\/div><div class=\"vc_row wpb_row vc_row-fluid\"><div class=\"wpb_column vc_column_container vc_col-sm-3\"><div class=\"vc_column-inner\"><div class=\"wpb_wrapper\">\n\t<div  class=\"wpb_single_image wpb_content_element vc_align_left wpb_content_element\">\n\t\t\n\t\t<figure class=\"wpb_wrapper vc_figure\">\n\t\t\t<a href=\"http:\/\/maldives-paradise.com\/nl\/soneva-jani\/\" target=\"_self\" class=\"vc_single_image-wrapper   vc_box_border_grey\"><img loading=\"lazy\" decoding=\"async\" width=\"150\" height=\"150\" src=\"https:\/\/maldives-paradise.com\/wp-content\/uploads\/2024\/02\/soneva-jani-over-water-villa-slide-400-150x150.jpg\" class=\"vc_single_image-img attachment-thumbnail\" alt=\"Soneva Jani villa boven het water met zwembad\" title=\"soneva-jani-over-water-villa-glijbaan-400\" \/><\/a>\n\t\t<\/figure>\n\t<\/div>\n<\/div><\/div><\/div><div class=\"wpb_column vc_column_container vc_col-sm-9\"><div class=\"vc_column-inner\"><div class=\"wpb_wrapper\">\n\t<div class=\"wpb_text_column wpb_content_element\" >\n\t\t<div class=\"wpb_wrapper\">\n\t\t\t<h4><a href=\"http:\/\/maldives-paradise.com\/nl\/soneva-jani\/\">Soneva Jani<\/a><\/h4>\n<p>Alle luxe villa&#039;s boven het water en op het eiland zijn ontworpen om maximale ruimte, privacy en onvergetelijke uitzichten te bieden. Met \u00e9\u00e9n tot vier slaapkamers. 51 watervilla&#039;s hebben allemaal priv\u00e9zwembaden, glijbanen in de lagune en een uitschuifbaar dak boven de hoofdslaapkamer. Onze zeven eilandvilla&#039;s liggen op een steenworp afstand van het strand en beschikken over priv\u00e9zwembaden en uitgestrekte leefruimte binnen en buiten.<\/p>\n\n\t\t<\/div>\n\t<\/div>\n<\/div><\/div><\/div><\/div><div class=\"vc_row wpb_row vc_row-fluid\"><div class=\"wpb_column vc_column_container vc_col-sm-3\"><div class=\"vc_column-inner\"><div class=\"wpb_wrapper\">\n\t<div  class=\"wpb_single_image wpb_content_element vc_align_left wpb_content_element\">\n\t\t\n\t\t<figure class=\"wpb_wrapper vc_figure\">\n\t\t\t<a href=\"https:\/\/lamp.glopss.com\/aff_c?offer_id=264&#038;aff_id=1834&#038;url=https%3A%2F%2Fwww.niyama.com%2F\" target=\"_self\" class=\"vc_single_image-wrapper   vc_box_border_grey\"><img loading=\"lazy\" decoding=\"async\" width=\"150\" height=\"150\" src=\"https:\/\/maldives-paradise.com\/wp-content\/uploads\/2024\/02\/niyama_maldives_water_pool_villa_guest_bedroom_with_ocean_view_400-150x150.jpg\" class=\"vc_single_image-img attachment-thumbnail\" alt=\"Niyama priv\u00e9-eiland Malediven\" title=\"niyama_maldives_water_pool_villa_guest_bedroom_with_ocean_view_400\" \/><\/a>\n\t\t<\/figure>\n\t<\/div>\n<\/div><\/div><\/div><div class=\"wpb_column vc_column_container vc_col-sm-9\"><div class=\"vc_column-inner\"><div class=\"wpb_wrapper\">\n\t<div class=\"wpb_text_column wpb_content_element\" >\n\t\t<div class=\"wpb_wrapper\">\n\t\t\t<h4><a href=\"https:\/\/lamp.glopss.com\/SHUv\" target=\"_blank\" rel=\"nofollow noopener\">Niyama priv\u00e9-eiland Malediven<\/a><\/h4>\n<p>Ontspan op het priv\u00e9terras van uw luxe villa met waterzwembad van 190 m\u00b2 op de Malediven en kijk naar de wonderen van het kristalheldere water daarachter. Vleugjes turkoois, azuurblauw canvas van lucht en zee voordat u reden genoeg bent om de beste keuze voor een zwembadvilla op de Malediven met butlerservice te rechtvaardigen.<\/p>\n\n\t\t<\/div>\n\t<\/div>\n<\/div><\/div><\/div><\/div><div class=\"vc_row wpb_row vc_row-fluid\"><div class=\"wpb_column vc_column_container vc_col-sm-3\"><div class=\"vc_column-inner\"><div class=\"wpb_wrapper\">\n\t<div  class=\"wpb_single_image wpb_content_element vc_align_left wpb_content_element\">\n\t\t\n\t\t<figure class=\"wpb_wrapper vc_figure\">\n\t\t\t<a href=\"https:\/\/lamp.glopss.com\/aff_c?offer_id=1354&#038;aff_id=1834&#038;url=https%3A%2F%2Fwww.comohotels.com%2Fmaldives%2Fcomo-cocoa-island\" target=\"_self\" class=\"vc_single_image-wrapper   vc_box_border_grey\"><img loading=\"lazy\" decoding=\"async\" width=\"150\" height=\"150\" src=\"https:\/\/maldives-paradise.com\/wp-content\/uploads\/2024\/02\/COMO-Cocoa-South-Male-Maldives-10-400-150x150.jpg\" class=\"vc_single_image-img attachment-thumbnail\" alt=\"COMO Cacao-eiland\" title=\"COMO-Cacao-Zuid-Male-Malediven-10-400\" \/><\/a>\n\t\t<\/figure>\n\t<\/div>\n<\/div><\/div><\/div><div class=\"wpb_column vc_column_container vc_col-sm-9\"><div class=\"vc_column-inner\"><div class=\"wpb_wrapper\">\n\t<div class=\"wpb_text_column wpb_content_element\" >\n\t\t<div class=\"wpb_wrapper\">\n\t\t\t<h4><a href=\"https:\/\/lamp.glopss.com\/SHU8\" target=\"_blank\" rel=\"nofollow noopener\">COMO Cacao-eiland<\/a><\/h4>\n<p>Deze watervilla&#039;s met \u00e9\u00e9n slaapkamer van 125 m2 liggen aan de oostkant van het resort, elk met een priv\u00e9zwembad en terras omgeven door de aquamarijn oceaan. Toegewijde butlerservice, priv\u00e9zwembad, uitgestrekt zonnedek met ligstoelen en eettafel en afgelegen locatie op een priv\u00e9steiger.<\/p>\n\n\t\t<\/div>\n\t<\/div>\n<\/div><\/div><\/div><\/div><div class=\"vc_row wpb_row vc_row-fluid\"><div class=\"wpb_column vc_column_container vc_col-sm-3\"><div class=\"vc_column-inner\"><div class=\"wpb_wrapper\">\n\t<div  class=\"wpb_single_image wpb_content_element vc_align_left wpb_content_element\">\n\t\t\n\t\t<figure class=\"wpb_wrapper vc_figure\">\n\t\t\t<a href=\"http:\/\/maldives-paradise.com\/nl\/de-nautilus-malediven\/\" target=\"_self\" class=\"vc_single_image-wrapper   vc_box_border_grey\"><img loading=\"lazy\" decoding=\"async\" width=\"150\" height=\"150\" src=\"https:\/\/maldives-paradise.com\/wp-content\/uploads\/2024\/02\/nautilus-over-water-villa-400-150x150.jpg\" class=\"vc_single_image-img attachment-thumbnail\" alt=\"De Nautilus Malediven\" title=\"nautilus-over-water-villa-400\" \/><\/a>\n\t\t<\/figure>\n\t<\/div>\n<\/div><\/div><\/div><div class=\"wpb_column vc_column_container vc_col-sm-9\"><div class=\"vc_column-inner\"><div class=\"wpb_wrapper\">\n\t<div class=\"wpb_text_column wpb_content_element\" >\n\t\t<div class=\"wpb_wrapper\">\n\t\t\t<h4><a href=\"http:\/\/maldives-paradise.com\/nl\/de-nautilus-malediven\/\">De Nautilus Malediven<\/a><\/h4>\n<p>Luxe oceaanvilla&#039;s van 282 m\u00b2 met priv\u00e9zwembaden. Omarm het leven boven water in uw eigen oceaanvilla op de Malediven, midden in een turquoise lagune. Een zonnedek reikt tot aan de horizon, met trappen die u naar de lagune leiden, terwijl uw eigen priv\u00e9-overloopzwembad samenvloeit met de blauwe oceaan. Geniet van de intieme afzondering van een suite met \u00e9\u00e9n slaapkamer voor twee personen. Priv\u00e9-butlerservice.<\/p>\n\n\t\t<\/div>\n\t<\/div>\n<\/div><\/div><\/div><\/div><div class=\"vc_row wpb_row vc_row-fluid\"><div class=\"wpb_column vc_column_container vc_col-sm-3\"><div class=\"vc_column-inner\"><div class=\"wpb_wrapper\">\n\t<div  class=\"wpb_single_image wpb_content_element vc_align_left wpb_content_element\">\n\t\t\n\t\t<figure class=\"wpb_wrapper vc_figure\">\n\t\t\t<a href=\"https:\/\/lamp.glopss.com\/aff_c?offer_id=261&#038;aff_id=1834\" target=\"_self\" class=\"vc_single_image-wrapper   vc_box_border_grey\"><img loading=\"lazy\" decoding=\"async\" width=\"150\" height=\"150\" src=\"https:\/\/maldives-paradise.com\/wp-content\/uploads\/2024\/02\/Milaidhoo-Water-Poolvilla-400-150x150.jpg\" class=\"vc_single_image-img attachment-thumbnail\" alt=\"Milaidhoo eiland Malediven\" title=\"Milaidhoo-Water-Poolvilla-400\" \/><\/a>\n\t\t<\/figure>\n\t<\/div>\n<\/div><\/div><\/div><div class=\"wpb_column vc_column_container vc_col-sm-9\"><div class=\"vc_column-inner\"><div class=\"wpb_wrapper\">\n\t<div class=\"wpb_text_column wpb_content_element\" >\n\t\t<div class=\"wpb_wrapper\">\n\t\t\t<h4><a href=\"https:\/\/lamp.glopss.com\/SHUd\" target=\"_blank\" rel=\"nofollow noopener\">Milaidhoo Island Resort Malediven<\/a><\/h4>\n<p>Watervilla&#039;s met priv\u00e9zwembad, deze ruime villa&#039;s met rieten daken van 245 m\u00b2 zijn sereen en vol licht en komen uit op een enorm zonnedek omarmd door de zuivere lucht van een frisse zeebries. Het zonnedek is gecre\u00eberd rond een eigen overloopzwembad van 42 m\u00b2 met een schommelbank in Maldivische stijl, ligstoelen, een grote parasol, een eettafel met stoelen en een groot, schaduwrijk ligbed. Een trap leidt naar de lagune, zodat u gemakkelijk toegang heeft tot het nabijgelegen koraalrif.<\/p>\n\n\t\t<\/div>\n\t<\/div>\n<\/div><\/div><\/div><\/div><div class=\"vc_row wpb_row vc_row-fluid\"><div class=\"wpb_column vc_column_container vc_col-sm-3\"><div class=\"vc_column-inner\"><div class=\"wpb_wrapper\">\n\t<div  class=\"wpb_single_image wpb_content_element vc_align_left wpb_content_element\">\n\t\t\n\t\t<figure class=\"wpb_wrapper vc_figure\">\n\t\t\t<a href=\"http:\/\/maldives-paradise.com\/nl\/gili-lankanfushi-malediven\/\" target=\"_self\" class=\"vc_single_image-wrapper   vc_box_border_grey\"><img loading=\"lazy\" decoding=\"async\" width=\"150\" height=\"150\" src=\"https:\/\/maldives-paradise.com\/wp-content\/uploads\/2024\/02\/gili-lankanfushiGLM_Old-Wing-Bathroom-400-150x150.jpg\" class=\"vc_single_image-img attachment-thumbnail\" alt=\"Gili Lankanfushi\" title=\"gili-lankanfushiGLM_Old-Wing-Bathroom-400\" \/><\/a>\n\t\t<\/figure>\n\t<\/div>\n<\/div><\/div><\/div><div class=\"wpb_column vc_column_container vc_col-sm-9\"><div class=\"vc_column-inner\"><div class=\"wpb_wrapper\">\n\t<div class=\"wpb_text_column wpb_content_element\" >\n\t\t<div class=\"wpb_wrapper\">\n\t\t\t<h4><a href=\"http:\/\/maldives-paradise.com\/nl\/gili-lankanfushi-malediven\/\">Gili Lankanfushi<\/a><\/h4>\n<p>Bovenwatervilla&#039;s van 264 m\u00b2. Een uitgebreid zonnedek parallel aan de villa met een overloopzwembad, ligstoelen, twee ligbedden en catamarannetten met uitzicht op de sprankelende turquoise lagune. Ruime hoofdslaapkamer met kingsize bed en ligbed. Dhr.\/mevrouw. Vrijdag service op afroep 24 uur.<\/p>\n\n\t\t<\/div>\n\t<\/div>\n<\/div><\/div><\/div><\/div><div class=\"vc_row wpb_row vc_row-fluid\"><div class=\"wpb_column vc_column_container vc_col-sm-3\"><div class=\"vc_column-inner\"><div class=\"wpb_wrapper\">\n\t<div  class=\"wpb_single_image wpb_content_element vc_align_left wpb_content_element\">\n\t\t\n\t\t<figure class=\"wpb_wrapper vc_figure\">\n\t\t\t<a href=\"http:\/\/maldives-paradise.com\/nl\/slechts-een-reethi-rah-malediven\/\" target=\"_self\" class=\"vc_single_image-wrapper   vc_box_border_grey\"><img loading=\"lazy\" decoding=\"async\" width=\"150\" height=\"150\" src=\"https:\/\/maldives-paradise.com\/wp-content\/uploads\/2024\/02\/oneandonly-over-water-villa-400-150x150.jpg\" class=\"vc_single_image-img attachment-thumbnail\" alt=\"One&amp;Only Reethi-eiland\" title=\"\u00e9\u00e9n-en-slechts-over-water-villa-400\" \/><\/a>\n\t\t<\/figure>\n\t<\/div>\n<\/div><\/div><\/div><div class=\"wpb_column vc_column_container vc_col-sm-9\"><div class=\"vc_column-inner\"><div class=\"wpb_wrapper\">\n\t<div class=\"wpb_text_column wpb_content_element\" >\n\t\t<div class=\"wpb_wrapper\">\n\t\t\t<h4><a href=\"http:\/\/maldives-paradise.com\/nl\/slechts-een-reethi-rah-malediven\/\">One&amp;Only Reethi-eiland<\/a><\/h4>\n<p>Water omringt u in onze zes iconische watervilla&#039;s van 202 m\u00b2 op de Malediven. Uw prachtige priv\u00e9-overloopzwembad zweeft boven de turquoise lagune, met een terras waar u heerlijk kunt zonnebaden. De slaapkamer van uw Watervilla met zwembad kijkt uit op de zee, terwijl uw leefruimte licht, helder en luchtig is, en de hoge badkamer een regenwaterdouche en een bad met diepe bodem onthult.<\/p>\n\n\t\t<\/div>\n\t<\/div>\n<\/div><\/div><\/div><\/div><div class=\"vc_row wpb_row vc_row-fluid\"><div class=\"wpb_column vc_column_container vc_col-sm-3\"><div class=\"vc_column-inner\"><div class=\"wpb_wrapper\">\n\t<div  class=\"wpb_single_image wpb_content_element vc_align_left wpb_content_element\">\n\t\t\n\t\t<figure class=\"wpb_wrapper vc_figure\">\n\t\t\t<a href=\"http:\/\/maldives-paradise.com\/nl\/het-ritz-carlton-malediven\/\" target=\"_self\" class=\"vc_single_image-wrapper   vc_box_border_grey\"><img loading=\"lazy\" decoding=\"async\" width=\"150\" height=\"150\" src=\"https:\/\/maldives-paradise.com\/wp-content\/uploads\/2024\/02\/The-Ritz-Carlton-Maldives-Fari-Islands-Lagoon-Pool-Villa-400-150x150.jpg\" class=\"vc_single_image-img attachment-thumbnail\" alt=\"Ritz-Carlton Fari-eiland\" title=\"The-Ritz-Carlton-Maldiven-Fari-Islands-Lagoon-Pool-Villa-400\" \/><\/a>\n\t\t<\/figure>\n\t<\/div>\n<\/div><\/div><\/div><div class=\"wpb_column vc_column_container vc_col-sm-9\"><div class=\"vc_column-inner\"><div class=\"wpb_wrapper\">\n\t<div class=\"wpb_text_column wpb_content_element\" >\n\t\t<div class=\"wpb_wrapper\">\n\t\t\t<h4><a href=\"http:\/\/maldives-paradise.com\/nl\/het-ritz-carlton-malediven\/\">Ritz-Carlton Fari-eiland<\/a><\/h4>\n<p>De villa&#039;s met 2 slaapkamers van 350 m\u00b2 in The Ritz-Carlton Maldives, Fari Islands, liggen boven azuurblauw water of langs strandbaaien en combineren het leven op een eiland met modern design. Elke villa vervaagt de grens tussen binnen en buiten en biedt uitzicht op het water, een overloopzwembad, een zonnedek en de aandacht van een persoonlijke butler van Aris Meeha.\u200b<\/p>\n\n\t\t<\/div>\n\t<\/div>\n<\/div><\/div><\/div><\/div><div class=\"vc_row wpb_row vc_row-fluid\"><div class=\"wpb_column vc_column_container vc_col-sm-3\"><div class=\"vc_column-inner\"><div class=\"wpb_wrapper\">\n\t<div  class=\"wpb_single_image wpb_content_element vc_align_left wpb_content_element\">\n\t\t\n\t\t<figure class=\"wpb_wrapper vc_figure\">\n\t\t\t<div class=\"vc_single_image-wrapper   vc_box_border_grey\"><img loading=\"lazy\" decoding=\"async\" width=\"150\" height=\"150\" src=\"https:\/\/maldives-paradise.com\/wp-content\/uploads\/2024\/02\/Patina-Maldives_Sunset-Water-Villa_Low-res_400-150x150.jpg\" class=\"vc_single_image-img attachment-thumbnail\" alt=\"Patina Malediven\" title=\"Patina-Maldives_Sunset-Water-Villa_Low-res_400\" \/><\/div>\n\t\t<\/figure>\n\t<\/div>\n<\/div><\/div><\/div><div class=\"wpb_column vc_column_container vc_col-sm-9\"><div class=\"vc_column-inner\"><div class=\"wpb_wrapper\">\n\t<div class=\"wpb_text_column wpb_content_element\" >\n\t\t<div class=\"wpb_wrapper\">\n\t\t\t<h4><a href=\"https:\/\/lamp.glopss.com\/aff_c?offer_id=1506&amp;aff_id=1834\" target=\"_blank\" rel=\"nofollow noopener\">Patina Malediven<\/a><\/h4>\n<p>Sunset Water Pool Villa met 1 slaapkamer van 170 m\u00b2. Villa&#039;s op het westen met \u00e9\u00e9n slaapkamer boven het water, een ruim priv\u00e9terras en een priv\u00e9zwembad van 6,2 meter van waaruit u de majesteit van de zonsondergang kunt vastleggen.<\/p>\n\n\t\t<\/div>\n\t<\/div>\n<\/div><\/div><\/div><\/div><div class=\"vc_row wpb_row vc_row-fluid\"><div class=\"wpb_column vc_column_container vc_col-sm-12\"><div class=\"vc_column-inner\"><div class=\"wpb_wrapper\">\n\t<div class=\"wpb_text_column wpb_content_element\" >\n\t\t<div class=\"wpb_wrapper\">\n\t\t\t<p><a href=\"http:\/\/maldives-paradise.com\/nl\/label\/boven-watervillas\/\"><strong>Meer over Over Water Villa Hotels en Resorts op de Malediven<\/strong><\/a><\/p>\n<p><strong><a title=\"De 12 beste luxe resorts op de Malediven\" href=\"https:\/\/maldives-paradise.com\/nl\/de-12-beste-luxe-resorts-op-de-malediven\/\">De beste luxe resorts op de Malediven<\/a><\/strong><\/p>\n\n\t\t<\/div>\n\t<\/div>\n<\/div><\/div><\/div><\/div>\n<\/div>","protected":false},"excerpt":{"rendered":"<div class=\"mh-excerpt\"><\/div>","protected":false},"author":1,"featured_media":11056,"parent":0,"menu_order":0,"comment_status":"closed","ping_status":"closed","template":"","meta":{"footnotes":""},"class_list":["post-11055","page","type-page","status-publish","has-post-thumbnail"],"aioseo_notices":[],"_links":{"self":[{"href":"http:\/\/maldives-paradise.com\/nl\/wp-json\/wp\/v2\/pages\/11055","targetHints":{"allow":["GET"]}}],"collection":[{"href":"http:\/\/maldives-paradise.com\/nl\/wp-json\/wp\/v2\/pages"}],"about":[{"href":"http:\/\/maldives-paradise.com\/nl\/wp-json\/wp\/v2\/types\/page"}],"author":[{"embeddable":true,"href":"http:\/\/maldives-paradise.com\/nl\/wp-json\/wp\/v2\/users\/1"}],"replies":[{"embeddable":true,"href":"http:\/\/maldives-paradise.com\/nl\/wp-json\/wp\/v2\/comments?post=11055"}],"version-history":[{"count":7,"href":"http:\/\/maldives-paradise.com\/nl\/wp-json\/wp\/v2\/pages\/11055\/revisions"}],"predecessor-version":[{"id":45312,"href":"http:\/\/maldives-paradise.com\/nl\/wp-json\/wp\/v2\/pages\/11055\/revisions\/45312"}],"wp:featuredmedia":[{"embeddable":true,"href":"http:\/\/maldives-paradise.com\/nl\/wp-json\/wp\/v2\/media\/11056"}],"wp:attachment":[{"href":"http:\/\/maldives-paradise.com\/nl\/wp-json\/wp\/v2\/media?parent=11055"}],"curies":[{"name":"wp","href":"https:\/\/api.w.org\/{rel}","templated":true}]}}