{"id":9773,"date":"2024-01-30T07:44:09","date_gmt":"2024-01-30T07:44:09","guid":{"rendered":"http:\/\/maldives-paradise.com\/?page_id=9773"},"modified":"2025-10-10T06:58:21","modified_gmt":"2025-10-10T06:58:21","slug":"resort-sullisola-di-eriyadu","status":"publish","type":"page","link":"http:\/\/maldives-paradise.com\/it\/resort-sullisola-di-eriyadu\/","title":{"rendered":"Ricorso dell&#039;isola di Eriyadu"},"content":{"rendered":"<div class=\"wpb-content-wrapper\"><div class=\"vc_row wpb_row vc_row-fluid\"><div class=\"wpb_column vc_column_container vc_col-sm-12\"><div class=\"vc_column-inner\"><div class=\"wpb_wrapper\">\n\t<div class=\"wpb_text_column wpb_content_element\" >\n\t\t<div class=\"wpb_wrapper\">\n\t\t\t<h3>Eriyadu Island Resort: un tesoro nascosto nel paradiso tropicale<\/h3>\n\n\t\t<\/div>\n\t<\/div>\n<\/div><\/div><\/div><\/div><div class=\"vc_row wpb_row vc_row-fluid\"><div class=\"wpb_column vc_column_container vc_col-sm-12\"><div class=\"vc_column-inner\"><div class=\"wpb_wrapper\">\n\t<div class=\"wpb_video_widget wpb_content_element vc_clearfix   vc_video-aspect-ratio-169 vc_video-el-width-100 vc_video-align-left\" >\n\t\t<div class=\"wpb_wrapper\">\n\t\t\t\n\t\t\t<div class=\"wpb_video_wrapper\"><iframe loading=\"lazy\" title=\"Eriyadu Island Resort, Reethi Rah\" width=\"500\" height=\"281\" src=\"https:\/\/www.youtube.com\/embed\/eeM69RiJwO8?feature=oembed\" frameborder=\"0\" allow=\"accelerometer; autoplay; clipboard-write; encrypted-media; gyroscope; picture-in-picture; web-share\" allowfullscreen><\/iframe><\/div>\n\t\t<\/div>\n\t<\/div>\n<\/div><\/div><\/div><\/div><div class=\"vc_row wpb_row vc_row-fluid\"><div class=\"wpb_column vc_column_container vc_col-sm-12\"><div class=\"vc_column-inner\"><div class=\"wpb_wrapper\">\n\t<div class=\"wpb_text_column wpb_content_element\" >\n\t\t<div class=\"wpb_wrapper\">\n\t\t\t<p>Nascosto nel cuore dell&#039;Oceano Indiano, il <strong>Ricorso dell&#039;isola di Eriyadu<\/strong> \u00e8 un&#039;oasi tranquilla che promette un&#039;indimenticabile vacanza alle Maldive. Situato sull&#039;isolata isola di Eriyadu, questo resort combina bellezza naturale, relax e avventure acquatiche per creare un rifugio idilliaco per i viaggiatori in cerca di serenit\u00e0 alle Maldive.<\/p>\n<p><strong>Arrivo in Paradiso<\/strong><\/p>\n<p>Il tuo viaggio all&#039;Eriyadu Island Resort inizia con un trasferimento panoramico in motoscafo dall&#039;aeroporto internazionale di Mal\u00e9. Avvicinandoti all&#039;isola, verrai accolto da sabbie bianche incontaminate, una lussureggiante vegetazione tropicale e la promessa di una fuga straordinaria.<\/p>\n<p><strong>Sistemazioni accoglienti<\/strong><\/p>\n<p>Il resort offre una gamma di sistemazioni confortevoli progettate per fondersi con l&#039;ambiente naturale circostante fornendo allo stesso tempo comfort moderni. Scegli tra bungalow sulla spiaggia o ville sull&#039;acqua, ciascuno progettato con cura con terrazze private e accesso diretto alla spiaggia o alla laguna. Addormentati con il suono rilassante delle onde dell&#039;oceano e svegliati con il dolce abbraccio della brezza tropicale.<\/p>\n<p><strong>Delizie culinarie<\/strong><\/p>\n<p>L&#039;Eriyadu Island Resort vanta una variet\u00e0 di opzioni ristorative che soddisfano ogni palato. Il ristorante principale, Sufura, offre buffet internazionali con serate a tema, garantendo un&#039;esperienza culinaria diversificata. L&#039;esclusivo ristorante e bar Sunset offre splendide viste sull&#039;oceano e una cucina squisita. Per un&#039;esperienza culinaria romantica, assapora una cena privata a lume di candela sulla spiaggia.<\/p>\n<p><strong>Avventure acquatiche<\/strong><\/p>\n<p>Le Maldive sono rinomate per la loro vivace vita marina e l&#039;Eriyadu Island Resort ti consente di esplorarla da vicino. Il centro immersioni certificato PADI del resort offre esperienze di immersione che rivelano barriere coralline mozzafiato, incontri con la colorata vita marina e persino l&#039;opportunit\u00e0 di nuotare con maestose mante e squali della barriera corallina. Sono inoltre disponibili snorkeling e safari guidati di snorkeling.<\/p>\n<p><strong>Sport acquatici e attivit\u00e0 ricreative<\/strong><\/p>\n<p>Oltre alle immersioni e allo snorkeling, il resort offre una vasta gamma di sport acquatici e attivit\u00e0 a terra. Mettiti alla prova con il windsurf, il paddleboarding o il kayak. Partecipa a una partita amichevole di beach volley o badminton. Mantieni il passo con la tua routine di fitness in palestra o concediti un trattamento termale rilassante presso la Coconut Spa.<\/p>\n<p><strong>Ritiro per famiglie<\/strong><\/p>\n<p>L&#039;Eriyadu Island Resort \u00e8 una destinazione ideale per le famiglie, offrendo sistemazioni adatte alle famiglie, una piscina per bambini e un miniclub con attivit\u00e0 supervisionate. Mentre i genitori intraprendono le proprie avventure, i bambini possono avere la loro parte di divertimento e intrattenimento.<\/p>\n<p><strong>Fughe romantiche<\/strong><\/p>\n<p>Per le coppie in cerca di una fuga romantica, il resort offre esperienze culinarie intime, trattamenti spa per coppie e crociere al tramonto. La serena bellezza naturale dell&#039;isola di Eriyadu pone le basi per momenti preziosi insieme.<\/p>\n<p><strong>Impegno ecologico<\/strong><\/p>\n<p>Il resort \u00e8 dedicato a pratiche di turismo sostenibile, partecipando attivamente a progetti di ripristino del corallo e ad sforzi di conservazione ambientale. Impegnarsi nelle loro iniziative eco-compatibili per contribuire alla conservazione dell&#039;ecosistema marino.<\/p>\n<p><strong>Conclusione<\/strong><\/p>\n<p>L&#039;Eriyadu Island Resort Maldives non \u00e8 solo una destinazione per le vacanze; \u00e8 un invito a riconnettersi con la natura e ad abbracciare la serenit\u00e0 delle Maldive. Che tu stia cercando l&#039;avventura sotto le onde, il relax su spiagge incontaminate o una fuga romantica, questo resort offre tutto. Con una calda ospitalit\u00e0 e un ambiente mozzafiato, l&#039;Eriyadu Island Resort ti invita a creare ricordi duraturi in questo angolo sereno delle Maldive.<\/p>\n<p>Vivi la magia delle Maldive all&#039;Eriyadu Island Resort, dove natura e comfort si uniscono per creare un rifugio senza pari. Trasforma i tuoi sogni di fuga maldiviana in realt\u00e0 e immergiti nella straordinaria bellezza che ti circonda.<\/p>\n\n\t\t<\/div>\n\t<\/div>\n<\/div><\/div><\/div><\/div><div class=\"vc_row wpb_row vc_row-fluid\"><div class=\"wpb_column vc_column_container vc_col-sm-12\"><div class=\"vc_column-inner\"><div class=\"wpb_wrapper\">\n\t<div class=\"wpb_text_column wpb_content_element\" >\n\t\t<div class=\"wpb_wrapper\">\n\t\t\t<h3><a title=\"Ricorso dell&#039;isola di Eriyadu\" href=\"https:\/\/trip.tpo.lv\/tqs16qtu\" target=\"blanc2\" rel=\"nofollow\">Controlla la disponibilit\u00e0 e il miglior prezzo all&#039;Eriyadu Island Resort qui &gt;&gt;<\/a><\/h3>\n\n\t\t<\/div>\n\t<\/div>\n<\/div><\/div><\/div><\/div>\n<\/div>","protected":false},"excerpt":{"rendered":"<div class=\"mh-excerpt\"><\/div>","protected":false},"author":1,"featured_media":9774,"parent":0,"menu_order":0,"comment_status":"closed","ping_status":"closed","template":"","meta":{"footnotes":""},"class_list":["post-9773","page","type-page","status-publish","has-post-thumbnail"],"aioseo_notices":[],"_links":{"self":[{"href":"http:\/\/maldives-paradise.com\/it\/wp-json\/wp\/v2\/pages\/9773","targetHints":{"allow":["GET"]}}],"collection":[{"href":"http:\/\/maldives-paradise.com\/it\/wp-json\/wp\/v2\/pages"}],"about":[{"href":"http:\/\/maldives-paradise.com\/it\/wp-json\/wp\/v2\/types\/page"}],"author":[{"embeddable":true,"href":"http:\/\/maldives-paradise.com\/it\/wp-json\/wp\/v2\/users\/1"}],"replies":[{"embeddable":true,"href":"http:\/\/maldives-paradise.com\/it\/wp-json\/wp\/v2\/comments?post=9773"}],"version-history":[{"count":3,"href":"http:\/\/maldives-paradise.com\/it\/wp-json\/wp\/v2\/pages\/9773\/revisions"}],"predecessor-version":[{"id":43429,"href":"http:\/\/maldives-paradise.com\/it\/wp-json\/wp\/v2\/pages\/9773\/revisions\/43429"}],"wp:featuredmedia":[{"embeddable":true,"href":"http:\/\/maldives-paradise.com\/it\/wp-json\/wp\/v2\/media\/9774"}],"wp:attachment":[{"href":"http:\/\/maldives-paradise.com\/it\/wp-json\/wp\/v2\/media?parent=9773"}],"curies":[{"name":"wp","href":"https:\/\/api.w.org\/{rel}","templated":true}]}}