{"id":9713,"date":"2024-01-29T18:23:53","date_gmt":"2024-01-29T18:23:53","guid":{"rendered":"http:\/\/maldives-paradise.com\/?page_id=9713"},"modified":"2025-11-26T09:20:29","modified_gmt":"2025-11-26T09:20:29","slug":"i-12-migliori-resort-all-inclusive-per-soli-adulti-alle-maldive","status":"publish","type":"page","link":"http:\/\/maldives-paradise.com\/it\/i-12-migliori-resort-all-inclusive-per-soli-adulti-alle-maldive\/","title":{"rendered":"I migliori resort all inclusive per soli adulti alle Maldive"},"content":{"rendered":"<div class=\"wpb-content-wrapper\"><div class=\"vc_row wpb_row vc_row-fluid\"><div class=\"wpb_column vc_column_container vc_col-sm-12\"><div class=\"vc_column-inner\"><div class=\"wpb_wrapper\">\n\t<div class=\"wpb_text_column wpb_content_element\" >\n\t\t<div class=\"wpb_wrapper\">\n\t\t\t<p>Prova il lusso nei resort all-inclusive per soli adulti alle Maldive. Concediti romantiche ville sull&#039;acqua, spiagge private e cene gourmet. Goditi attivit\u00e0 illimitate come lo snorkeling in acque cristalline e trattamenti termali rigeneranti. Sorseggia un cocktail sotto le stelle e assapora la cucina di livello mondiale.<br \/>\nImmergiti nella vibrante vita marina o semplicemente rilassati nella tua piscina privata. Con un servizio personalizzato e panorami mozzafiato, questi resort offrono un paradiso esclusivo per le coppie in cerca di tranquillit\u00e0 e romanticismo in una delle destinazioni pi\u00f9 idilliache del mondo.<\/p>\n<p>Prenotare un resort all-inclusive per soli adulti alle Maldive offre un mix perfetto di tranquillit\u00e0, lusso e comodit\u00e0 per chi cerca una fuga serena. Senza la presenza di bambini, questi resort offrono un&#039;atmosfera tranquilla e sofisticata, ideale per il relax e il romanticismo. L&#039;aspetto all-inclusive garantisce un&#039;esperienza senza preoccupazioni, coprendo cene gourmet, bevande premium e una vasta gamma di attivit\u00e0. Gli ospiti possono godersi un tempo ininterrotto in spiaggia, trattamenti termali indulgenti e romantiche crociere al tramonto. Per coloro che desiderano rilassarsi in un ambiente esclusivo e sereno, un resort all-inclusive per soli adulti alle Maldive \u00e8 la vacanza perfetta.<\/p>\n<p>Ecco i migliori resort di lusso all-inclusive per soli adulti alle Maldive.<\/p>\n\n\t\t<\/div>\n\t<\/div>\n<\/div><\/div><\/div><\/div><div class=\"vc_row wpb_row vc_row-fluid\"><div class=\"wpb_column vc_column_container vc_col-sm-3\"><div class=\"vc_column-inner\"><div class=\"wpb_wrapper\">\n\t<div  class=\"wpb_single_image wpb_content_element vc_align_left wpb_content_element\">\n\t\t\n\t\t<figure class=\"wpb_wrapper vc_figure\">\n\t\t\t<a href=\"https:\/\/lamp.glopss.com\/aff_c?offer_id=372&#038;aff_id=1834\" target=\"_self\" class=\"vc_single_image-wrapper   vc_box_border_grey\"><img loading=\"lazy\" decoding=\"async\" width=\"150\" height=\"150\" src=\"https:\/\/maldives-paradise.com\/wp-content\/uploads\/2024\/01\/huvafen-fushi3-150x150.jpg\" class=\"vc_single_image-img attachment-thumbnail\" alt=\"Huvafen Fushi\" title=\"huvafen-fushi3\" \/><\/a>\n\t\t<\/figure>\n\t<\/div>\n<\/div><\/div><\/div><div class=\"wpb_column vc_column_container vc_col-sm-9\"><div class=\"vc_column-inner\"><div class=\"wpb_wrapper\">\n\t<div class=\"wpb_text_column wpb_content_element\" >\n\t\t<div class=\"wpb_wrapper\">\n\t\t\t<h3><a href=\"https:\/\/lamp.glopss.com\/SHV1\" target=\"_blank\" rel=\"nofollow noopener\">Huvafen Fushi<\/a><\/h3>\n<p><span style=\"color: #ff0000;\"><strong>*Miglior tariffa garantita per questo resort<br \/>\n<\/strong><\/span><strong>Huvafen Fushi<\/strong> \u00e8 un lussuoso resort a 5 stelle situato nell&#039;atollo di Mal\u00e9 Nord alle Maldive. Dispone di bungalow sull&#039;acqua e sulla spiaggia con piscine private e 6 punti ristoro.<br \/>\nSituato all&#039;interno della sua laguna, Huvafen Fushi Maldives \u00e8 un paese delle meraviglie naturalista caratterizzato da un ambiente straordinario, sia sopra che sotto la linea di galleggiamento. Naviga in giro, assapora le migliori cucine fornite da chef globali e concediti i loro trattamenti termali. Un bellissimo, lussuoso e stravagante hotel maldiviano.<\/p>\n\n\t\t<\/div>\n\t<\/div>\n<\/div><\/div><\/div><\/div><div class=\"vc_row wpb_row vc_row-fluid\"><div class=\"wpb_column vc_column_container vc_col-sm-3\"><div class=\"vc_column-inner\"><div class=\"wpb_wrapper\">\n\t<div  class=\"wpb_single_image wpb_content_element vc_align_left wpb_content_element\">\n\t\t\n\t\t<figure class=\"wpb_wrapper vc_figure\">\n\t\t\t<a href=\"https:\/\/lamp.glopss.com\/aff_c?offer_id=9&#038;aff_id=1834&#038;url=https%3A%2F%2Fwww.anantara.com%2Fen%2Fveli-maldives\" target=\"_self\" class=\"vc_single_image-wrapper   vc_box_border_grey\"><img loading=\"lazy\" decoding=\"async\" width=\"150\" height=\"150\" src=\"https:\/\/maldives-paradise.com\/wp-content\/uploads\/2023\/12\/anantara-veli-93-1080x480-1-150x150.jpg\" class=\"vc_single_image-img attachment-thumbnail\" alt=\"Anantara Veli Resort e Spa Maldive\" title=\"anantara-veli-93-1080x480\" \/><\/a>\n\t\t<\/figure>\n\t<\/div>\n<\/div><\/div><\/div><div class=\"wpb_column vc_column_container vc_col-sm-9\"><div class=\"vc_column-inner\"><div class=\"wpb_wrapper\">\n\t<div class=\"wpb_text_column wpb_content_element\" >\n\t\t<div class=\"wpb_wrapper\">\n\t\t\t<h3><a href=\"https:\/\/lamp.glopss.com\/SHUt\" target=\"_blank\" rel=\"nofollow noopener\">Anantara Veli Maldive Resort<\/a><\/h3>\n<p>Questo soggiorno boutique \u00e8 uno dei resort delle Maldive che permetter\u00e0 alle persone di prenotare una seconda luna di miele. L&#039;Anantara Veli Resort alle Maldive incoraggia gli ospiti a oziare nelle loro ville affacciate sull&#039;oceano o a gustare un pasto elegante al tramonto. Ci vuole solo un breve tragitto in motoscafo dall&#039;aeroporto internazionale di Mal\u00e9 per raggiungere questo rifugio a 5 stelle per soli adulti, che offre anche un pacchetto all-inclusive. In questo pacchetto, gli ospiti possono accedere a vantaggi come un buffet giornaliero, un menu di bevande all-inclusive e sconti per soggiorni prolungati.<br \/>\n<strong><span style=\"color: #ff0000;\">Miglior prezzo garantito con prenotazione diretta in questo hotel.<\/span><\/strong><\/p>\n\n\t\t<\/div>\n\t<\/div>\n<\/div><\/div><\/div><\/div><div class=\"vc_row wpb_row vc_row-fluid\"><div class=\"wpb_column vc_column_container vc_col-sm-3\"><div class=\"vc_column-inner\"><div class=\"wpb_wrapper\">\n\t<div  class=\"wpb_single_image wpb_content_element vc_align_left wpb_content_element\">\n\t\t\n\t\t<figure class=\"wpb_wrapper vc_figure\">\n\t\t\t<a href=\"https:\/\/lamp.glopss.com\/aff_c?offer_id=338&#038;aff_id=1834&#038;url=https%3A%2F%2Fwww.adaaran.com%2Fprestigevadoo%2F\" target=\"_self\" class=\"vc_single_image-wrapper   vc_box_border_grey\"><img loading=\"lazy\" decoding=\"async\" width=\"150\" height=\"150\" src=\"https:\/\/maldives-paradise.com\/wp-content\/uploads\/2024\/01\/adaaran-prestige-vadoo2-150x150.jpg\" class=\"vc_single_image-img attachment-thumbnail\" alt=\"Adaaran Prestigio Vadoo\" title=\"adaaran-prestige-vadoo2\" \/><\/a>\n\t\t<\/figure>\n\t<\/div>\n<\/div><\/div><\/div><div class=\"wpb_column vc_column_container vc_col-sm-9\"><div class=\"vc_column-inner\"><div class=\"wpb_wrapper\">\n\t<div class=\"wpb_text_column wpb_content_element\" >\n\t\t<div class=\"wpb_wrapper\">\n\t\t\t<h3><a href=\"https:\/\/lamp.glopss.com\/SHTw\" target=\"_blank\" rel=\"nofollow noopener\">Adaaran Prestigio Vadoo<\/a><\/h3>\n<p><strong>Adaaran Prestigio Vadoo<\/strong>, un lussuoso rifugio immerso nel cuore delle Maldive. Questo esclusivo resort promette un&#039;esperienza indimenticabile e in questo articolo metteremo in evidenza alcune delle sue principali caratteristiche che lo rendono la destinazione perfetta per la tua prossima vacanza.<\/p>\n\n\t\t<\/div>\n\t<\/div>\n<\/div><\/div><\/div><\/div><div class=\"vc_row wpb_row vc_row-fluid\"><div class=\"wpb_column vc_column_container vc_col-sm-3\"><div class=\"vc_column-inner\"><div class=\"wpb_wrapper\">\n\t<div  class=\"wpb_single_image wpb_content_element vc_align_left wpb_content_element\">\n\t\t\n\t\t<figure class=\"wpb_wrapper vc_figure\">\n\t\t\t<a href=\"https:\/\/lamp.glopss.com\/aff_c?offer_id=338&#038;aff_id=1834&#038;url=https%3A%2F%2Fwww.adaaran.com%2Fprestigewatervillas%2F\" target=\"_self\" class=\"vc_single_image-wrapper   vc_box_border_grey\"><img loading=\"lazy\" decoding=\"async\" width=\"150\" height=\"150\" src=\"https:\/\/maldives-paradise.com\/wp-content\/uploads\/2024\/01\/Adaaran-Prestige-Water-Villas-5-150x150.jpg\" class=\"vc_single_image-img attachment-thumbnail\" alt=\"Ville sull&#039;acqua di prestigio di Adaaran\" title=\"Adaaran-Prestige-Water-Villas-5\" \/><\/a>\n\t\t<\/figure>\n\t<\/div>\n<\/div><\/div><\/div><div class=\"wpb_column vc_column_container vc_col-sm-9\"><div class=\"vc_column-inner\"><div class=\"wpb_wrapper\">\n\t<div class=\"wpb_text_column wpb_content_element\" >\n\t\t<div class=\"wpb_wrapper\">\n\t\t\t<h3><a href=\"https:\/\/lamp.glopss.com\/aff_c?offer_id=338&amp;aff_id=1834&amp;url=https%3A%2F%2Fwww.adaaran.com%2Fprestigewatervillas%2F\" target=\"_blank\" rel=\"nofollow noopener\">Ville sull&#039;acqua di prestigio di Adaaran<\/a><\/h3>\n<p>Una destinazione perfetta per la luna di miele, Adaaran Prestige Water Villas \u00e8 un esclusivo resort di lusso situato sull&#039;isola di Meedhupparu nell&#039;atollo maldiviano di Raa. L&#039;isola privata \u00e8 condivisa con la struttura gemella dell&#039;Adaaran Resort, ma l&#039;Adaaran Prestige Water Villas \u00e8 pi\u00f9 esclusiva.<br \/>\nDotate di 20 ville sull&#039;acqua che offrono interni lussuosi, moderni e spaziosi, queste ville offrono anche una grande privacy, rendendole una scelta eccellente se stai cercando una vacanza tranquilla. Ognuno viene fornito anche con un servizio di maggiordomo personale.<br \/>\n<strong><span style=\"color: #ff0000;\">Miglior prezzo garantito con prenotazione diretta in questo hotel.<\/span><\/strong><\/p>\n\n\t\t<\/div>\n\t<\/div>\n<\/div><\/div><\/div><\/div><div class=\"vc_row wpb_row vc_row-fluid\"><div class=\"wpb_column vc_column_container vc_col-sm-3\"><div class=\"vc_column-inner\"><div class=\"wpb_wrapper\">\n\t<div  class=\"wpb_single_image wpb_content_element vc_align_left wpb_content_element\">\n\t\t\n\t\t<figure class=\"wpb_wrapper vc_figure\">\n\t\t\t<a href=\"https:\/\/lamp.glopss.com\/aff_c?offer_id=1442&#038;aff_id=1834&#038;url=https%3A%2F%2Fwww.centarahotelsresorts.com%2Fcentara%2Fcrf\" target=\"_self\" class=\"vc_single_image-wrapper   vc_box_border_grey\"><img loading=\"lazy\" decoding=\"async\" width=\"150\" height=\"150\" src=\"https:\/\/maldives-paradise.com\/wp-content\/uploads\/2024\/01\/centara-ras-fushi-150x150.jpg\" class=\"vc_single_image-img attachment-thumbnail\" alt=\"Centara Ras Fushi Resort &amp; Spa\" title=\"centara-ras-fushi\" \/><\/a>\n\t\t<\/figure>\n\t<\/div>\n<\/div><\/div><\/div><div class=\"wpb_column vc_column_container vc_col-sm-9\"><div class=\"vc_column-inner\"><div class=\"wpb_wrapper\">\n\t<div class=\"wpb_text_column wpb_content_element\" >\n\t\t<div class=\"wpb_wrapper\">\n\t\t\t<h3><a href=\"https:\/\/lamp.glopss.com\/aff_c?offer_id=1442&amp;aff_id=1834&amp;url=https%3A%2F%2Fwww.centarahotelsresorts.com%2Fcentara%2Fcrf\" target=\"_blank\" rel=\"nofollow noopener\">Centara Ras Fushi Resort &amp; Spa<\/a><\/h3>\n<p>Godetevi il lusso al Centara Ras Fushi Resort &amp; Spa con qualcuno di speciale! Questo rifugio per soli adulti comprende ville sulla spiaggia e sull&#039;acqua per godersi le bellezze delle Maldive. Il resort dispone di opzioni per i pasti per incoraggiare una vacanza spensierata, comprese le opzioni di mezza pensione e pensione completa. Gli ospiti possono anche optare per l&#039;opzione del piano pasti all-inclusive del resort, che comprende il piano pasti in pensione completa, crediti del resort per mangiare in altri ristoranti in loco e molto altro ancora.<\/p>\n\n\t\t<\/div>\n\t<\/div>\n<\/div><\/div><\/div><\/div><div class=\"vc_row wpb_row vc_row-fluid\"><div class=\"wpb_column vc_column_container vc_col-sm-3\"><div class=\"vc_column-inner\"><div class=\"wpb_wrapper\">\n\t<div  class=\"wpb_single_image wpb_content_element vc_align_left wpb_content_element\">\n\t\t\n\t\t<figure class=\"wpb_wrapper vc_figure\">\n\t\t\t<a href=\"https:\/\/lamp.glopss.com\/aff_c?offer_id=1354&#038;aff_id=1834&#038;url=https%3A%2F%2Fwww.comohotels.com%2Fmaldives%2Fcomo-cocoa-island%2F\" target=\"_self\" class=\"vc_single_image-wrapper   vc_box_border_grey\"><img loading=\"lazy\" decoding=\"async\" width=\"150\" height=\"150\" src=\"https:\/\/maldives-paradise.com\/wp-content\/uploads\/2024\/01\/como-cocoa-island2-150x150.jpg\" class=\"vc_single_image-img attachment-thumbnail\" alt=\"COMO Isola del Cacao\" title=\"como-isola-del-cacao2\" \/><\/a>\n\t\t<\/figure>\n\t<\/div>\n<\/div><\/div><\/div><div class=\"wpb_column vc_column_container vc_col-sm-9\"><div class=\"vc_column-inner\"><div class=\"wpb_wrapper\">\n\t<div class=\"wpb_text_column wpb_content_element\" >\n\t\t<div class=\"wpb_wrapper\">\n\t\t\t<h3><a href=\"https:\/\/lamp.glopss.com\/SHU8\" target=\"_blank\" rel=\"nofollow noopener\">Como Isola del Cacao<\/a><\/h3>\n<p>Considerato uno dei migliori resort per coppie in luna di miele, COMO Cocoa Island si trova a soli 40 minuti di motoscafo dall&#039;aeroporto di Mal\u00e9 e dispone di una selezione esclusiva di sole 33 romantiche ville sull&#039;acqua e 3 eleganti suite. Le ville sull&#039;acqua vantano un&#039;eccellente privacy e sono progettate per assomigliare a una tradizionale barca da pesca maldiviana, rendendolo l&#039;unico resort nel suo genere. Il resort vanta una cucina eccezionale, uno splendido bar, immersioni e snorkeling, una spa in loco.<br \/>\n<span style=\"color: #ff0000;\"><strong>Miglior prezzo garantito con prenotazione diretta in questo hotel.<\/strong><\/span><\/p>\n\n\t\t<\/div>\n\t<\/div>\n<\/div><\/div><\/div><\/div><div class=\"vc_row wpb_row vc_row-fluid\"><div class=\"wpb_column vc_column_container vc_col-sm-3\"><div class=\"vc_column-inner\"><div class=\"wpb_wrapper\">\n\t<div  class=\"wpb_single_image wpb_content_element vc_align_left wpb_content_element\">\n\t\t\n\t\t<figure class=\"wpb_wrapper vc_figure\">\n\t\t\t<a href=\"https:\/\/lamp.glopss.com\/aff_c?offer_id=264&#038;aff_id=1834&#038;url=https%3A%2F%2Fwww.hurawalhi.com%2F\" target=\"_self\" class=\"vc_single_image-wrapper   vc_box_border_grey\"><img loading=\"lazy\" decoding=\"async\" width=\"150\" height=\"150\" src=\"https:\/\/maldives-paradise.com\/wp-content\/uploads\/2024\/01\/Hurawalhi-Island2-150x150.jpg\" class=\"vc_single_image-img attachment-thumbnail\" alt=\"Isola di Hurawalhi \u2013 Resort per soli adulti e tutto compreso\" title=\"Hurawalhi-Isola2\" \/><\/a>\n\t\t<\/figure>\n\t<\/div>\n<\/div><\/div><\/div><div class=\"wpb_column vc_column_container vc_col-sm-9\"><div class=\"vc_column-inner\"><div class=\"wpb_wrapper\">\n\t<div class=\"wpb_text_column wpb_content_element\" >\n\t\t<div class=\"wpb_wrapper\">\n\t\t\t<h3><a href=\"https:\/\/hotellook.tp.st\/6FluoLuO\" target=\"_blank\" rel=\"nofollow noopener\">Resort dell&#039;isola di Hurawalhi<\/a><\/h3>\n<p>Non c&#039;\u00e8 niente di pi\u00f9 romantico che godersi la compagnia della propria dolce met\u00e0 sulle coste sabbiose delle Maldive, nello splendido atollo di Lhavaiyani. IL <strong>Resort dell&#039;isola di Hurawalhi<\/strong> ha familiarit\u00e0 con la creazione di un&#039;atmosfera romantica! Questo resort per soli adulti garantisce inoltre agli ospiti di godersi l&#039;isola senza stress con il loro piano all-inclusive. Con il piano, i viaggiatori possono accedere al centro fitness del resort e ad altre strutture sportive, pasti a buffet presso il ristorante Canneli, bevande illimitate (escluse alcune bevande) e One Sunset Dolphin Cruise.<\/p>\n\n\t\t<\/div>\n\t<\/div>\n<\/div><\/div><\/div><\/div><div class=\"vc_row wpb_row vc_row-fluid\"><div class=\"wpb_column vc_column_container vc_col-sm-3\"><div class=\"vc_column-inner\"><div class=\"wpb_wrapper\">\n\t<div  class=\"wpb_single_image wpb_content_element vc_align_left wpb_content_element\">\n\t\t\n\t\t<figure class=\"wpb_wrapper vc_figure\">\n\t\t\t<a href=\"https:\/\/lamp.glopss.com\/aff_c?offer_id=1062&#038;aff_id=1834&#038;url=https%3A%2F%2Fwww.coloursofoblu.com%2Foblu-select-lobigili\" target=\"_self\" class=\"vc_single_image-wrapper   vc_box_border_grey\"><img loading=\"lazy\" decoding=\"async\" width=\"150\" height=\"150\" src=\"https:\/\/maldives-paradise.com\/wp-content\/uploads\/2024\/01\/oblu-select-lobigili-150x150.jpg\" class=\"vc_single_image-img attachment-thumbnail\" alt=\"OBLU SELEZIONA Lobigili\" title=\"oblu-select-lobigili\" \/><\/a>\n\t\t<\/figure>\n\t<\/div>\n<\/div><\/div><\/div><div class=\"wpb_column vc_column_container vc_col-sm-9\"><div class=\"vc_column-inner\"><div class=\"wpb_wrapper\">\n\t<div class=\"wpb_text_column wpb_content_element\" >\n\t\t<div class=\"wpb_wrapper\">\n\t\t\t<h3><a href=\"https:\/\/trip.tpo.lv\/dzh7lpnI\" target=\"_blank\" rel=\"nofollow noopener\">OBLU SELEZIONA Lobigili<\/a><\/h3>\n<p>Sentiti come un naufrago all&#039;Oblu Select Lobigili, un resort a 5 stelle per soli adulti annidato nei tropici dell&#039;atollo di Male Nord. Godersi il paradiso in questo resort \u00e8 facile, poich\u00e9 \u00e8 a soli pochi minuti dall&#039;aeroporto internazionale di Mal\u00e9! Inoltre, i visitatori possono usufruire del Lobi Plan del resort per godere di una serie di privilegi. Con il piano, gli ospiti possono accedere a varie esperienze culinarie, ordini illimitati di cocktail esclusivi presso lo Swing Bar e uso gratuito delle attrezzature per sport acquatici.<\/p>\n\n\t\t<\/div>\n\t<\/div>\n<\/div><\/div><\/div><\/div><div class=\"vc_row wpb_row vc_row-fluid\"><div class=\"wpb_column vc_column_container vc_col-sm-3\"><div class=\"vc_column-inner\"><div class=\"wpb_wrapper\">\n\t<div  class=\"wpb_single_image wpb_content_element vc_align_left wpb_content_element\">\n\t\t\n\t\t<figure class=\"wpb_wrapper vc_figure\">\n\t\t\t<a href=\"https:\/\/lamp.glopss.com\/aff_c?offer_id=264&#038;aff_id=1834&#038;url=https%3A%2F%2Fkagimaldives.com%2F\" target=\"_self\" class=\"vc_single_image-wrapper   vc_box_border_grey\"><img loading=\"lazy\" decoding=\"async\" width=\"150\" height=\"150\" src=\"https:\/\/maldives-paradise.com\/wp-content\/uploads\/2024\/01\/Kagi-Maldives3-150x150.jpg\" class=\"vc_single_image-img attachment-thumbnail\" alt=\"Kagi Maldive Resort &amp; Spa\" title=\"Kagi-Maldive3\" \/><\/a>\n\t\t<\/figure>\n\t<\/div>\n<\/div><\/div><\/div><div class=\"wpb_column vc_column_container vc_col-sm-9\"><div class=\"vc_column-inner\"><div class=\"wpb_wrapper\">\n\t<div class=\"wpb_text_column wpb_content_element\" >\n\t\t<div class=\"wpb_wrapper\">\n\t\t\t<h3><a href=\"https:\/\/lamp.glopss.com\/SHUk\" target=\"_blank\" rel=\"nofollow noopener\">Isola termale di Kagi Maldive<\/a><\/h3>\n<p>Kagi Maldives Spa Island \u00e8 un boutique resort a 5 stelle per soli adulti, il primo del suo genere alle Maldive. Questo esclusivo rifugio sull&#039;isola del benessere si trova nell&#039;atollo di Mal\u00e9 Nord.<br \/>\nQuesto resort vanta un&#039;attenzione al benessere in tutti gli aspetti di questo resort, dalle 50 ville spaziose e ariose sia sull&#039;acqua che sulla spiaggia, il loro design fonde aspetti tradizionali e contemporanei per offrire agli ospiti un totale relax in tutte le aree del resort . Ci sono due ristoranti e tre bar tra cui scegliere in questo resort, e ci sono molte attivit\u00e0 e strutture per il benessere da scoprire, tra cui un centro immersioni PADI in loco, il complesso Baani Spa e un&#039;eccezionale palestra all&#039;avanguardia. .<br \/>\n<strong><span style=\"color: #ff0000;\">Miglior prezzo garantito con prenotazione diretta in questo hotel.<\/span><\/strong><\/p>\n\n\t\t<\/div>\n\t<\/div>\n<\/div><\/div><\/div><\/div><div class=\"vc_row wpb_row vc_row-fluid\"><div class=\"wpb_column vc_column_container vc_col-sm-3\"><div class=\"vc_column-inner\"><div class=\"wpb_wrapper\">\n\t<div  class=\"wpb_single_image wpb_content_element vc_align_left wpb_content_element\">\n\t\t\n\t\t<figure class=\"wpb_wrapper vc_figure\">\n\t\t\t<a href=\"https:\/\/lamp.glopss.com\/aff_c?offer_id=264&#038;aff_id=1834&#038;url=https%3A%2F%2Fwww.komandoo.com%2F\" target=\"_self\" class=\"vc_single_image-wrapper   vc_box_border_grey\"><img loading=\"lazy\" decoding=\"async\" width=\"150\" height=\"150\" src=\"https:\/\/maldives-paradise.com\/wp-content\/uploads\/2024\/01\/komandoo3.-150x150.jpg\" class=\"vc_single_image-img attachment-thumbnail\" alt=\"Resort e spa dell&#039;isola di Komandoo\" title=\"Piscina a sfioro Komandoo\" \/><\/a>\n\t\t<\/figure>\n\t<\/div>\n<\/div><\/div><\/div><div class=\"wpb_column vc_column_container vc_col-sm-9\"><div class=\"vc_column-inner\"><div class=\"wpb_wrapper\">\n\t<div class=\"wpb_text_column wpb_content_element\" >\n\t\t<div class=\"wpb_wrapper\">\n\t\t\t<h3><a href=\"https:\/\/hotellook.tp.st\/m18hEKIZ\" target=\"_blank\" rel=\"nofollow noopener\">Resort e spa dell&#039;isola di Komandoo<\/a><\/h3>\n<p>Il Komandoo Island Resort &amp; Spa \u00e8 uno dei resort per soli adulti pi\u00f9 apprezzati delle Maldive. Le coppie possono godersi la reciproca compagnia in questo resort pluripremiato in un ambiente intimo immerso nella bellezza dell&#039;atollo di Lhaviyani. I viaggiatori adoreranno anche i pacchetti all-inclusive di Komandoo. I pacchetti plus e gold del resort includono vantaggi come pasti a buffet durante la colazione, il pranzo e la cena, bevande a volont\u00e0, accesso al minibar, uso gratuito del centro fitness del resort e attrezzature ricreative selezionate.<\/p>\n\n\t\t<\/div>\n\t<\/div>\n<\/div><\/div><\/div><\/div><div class=\"vc_row wpb_row vc_row-fluid\"><div class=\"wpb_column vc_column_container vc_col-sm-3\"><div class=\"vc_column-inner\"><div class=\"wpb_wrapper\">\n\t<div  class=\"wpb_single_image wpb_content_element vc_align_left wpb_content_element\">\n\t\t\n\t\t<figure class=\"wpb_wrapper vc_figure\">\n\t\t\t<a href=\"https:\/\/lamp.glopss.com\/aff_c?offer_id=1019&#038;aff_id=1834\" target=\"_self\" class=\"vc_single_image-wrapper   vc_box_border_grey\"><img loading=\"lazy\" decoding=\"async\" width=\"150\" height=\"150\" src=\"https:\/\/maldives-paradise.com\/wp-content\/uploads\/2019\/01\/Nothing-quite-prepares-you-for-a-view-like-this-150x150.jpg\" class=\"vc_single_image-img attachment-thumbnail\" alt=\"Io e te Cocoon Maldive\" title=\"Niente-ti-prepara-per-una-visione-come-questa.jpg\" \/><\/a>\n\t\t<\/figure>\n\t<\/div>\n<\/div><\/div><\/div><div class=\"wpb_column vc_column_container vc_col-sm-9\"><div class=\"vc_column-inner\"><div class=\"wpb_wrapper\">\n\t<div class=\"wpb_text_column wpb_content_element\" >\n\t\t<div class=\"wpb_wrapper\">\n\t\t\t<h3><a href=\"https:\/\/lamp.glopss.com\/aff_c?offer_id=1019&amp;aff_id=1834\" target=\"_blank\" rel=\"nofollow noopener\">Io e te di Cocoon Maldives<\/a><\/h3>\n<p>I viaggiatori possono assaporare un assaggio di lusso allo You &amp; Me Resort Maldives, che comprende rustici bungalow sull&#039;acqua e un ristorante sottomarino. Gli ospiti possono godersi la propria esperienza culinaria presso il resort con diversi piani pasto, dalla mezza pensione all&#039;opzione all-inclusive. Con queste opzioni, gli ospiti possono scegliere dove desiderano pranzare e cenare (eccetto presso l&#039;H2O Underwater Restaurant), con colazione presso il ristorante principale del resort. Dal 2021, il piano pasti \u201cExtreme All-inclusive\u201d del resort comprende anche il set per la preparazione di t\u00e8\/caff\u00e8 in camera, il servizio di bevande e acqua in bottiglia e t\u00e8 o snack pomeridiani.<\/p>\n\n\t\t<\/div>\n\t<\/div>\n<\/div><\/div><\/div><\/div><div class=\"vc_row wpb_row vc_row-fluid\"><div class=\"wpb_column vc_column_container vc_col-sm-3\"><div class=\"vc_column-inner\"><div class=\"wpb_wrapper\">\n\t<div  class=\"wpb_single_image wpb_content_element vc_align_left wpb_content_element\">\n\t\t\n\t\t<figure class=\"wpb_wrapper vc_figure\">\n\t\t\t<a href=\"https:\/\/lamp.glopss.com\/aff_c?offer_id=427&#038;aff_id=1834\" target=\"_self\" class=\"vc_single_image-wrapper   vc_box_border_grey\"><img loading=\"lazy\" decoding=\"async\" width=\"150\" height=\"150\" src=\"https:\/\/maldives-paradise.com\/wp-content\/uploads\/2024\/01\/Kandolhu2-150x150.jpg\" class=\"vc_single_image-img attachment-thumbnail\" alt=\"Isola di Kandolhu\" title=\"Kandolhu2\" \/><\/a>\n\t\t<\/figure>\n\t<\/div>\n<\/div><\/div><\/div><div class=\"wpb_column vc_column_container vc_col-sm-9\"><div class=\"vc_column-inner\"><div class=\"wpb_wrapper\">\n\t<div class=\"wpb_text_column wpb_content_element\" >\n\t\t<div class=\"wpb_wrapper\">\n\t\t\t<h3><a href=\"https:\/\/lamp.glopss.com\/SHUW\" target=\"_blank\" rel=\"nofollow noopener\">Isola di Kandolhu<\/a><\/h3>\n<p>Ognuna delle 30 eleganti ville di questo intimo resort \u00e8 un sogno per gli appassionati di architettura, con cinque planimetrie distinte che sfruttano la loro posizione in tutta la propriet\u00e0. Immergiti in una vasca da bagno situata dietro finestre dal pavimento al soffitto con nient&#039;altro che blu in vista. Se ci\u00f2 non bastasse a tenerti a terra, il piano Ultimate Inclusions di Kandolhu copre tutti i pasti nei cinque ristoranti del resort, i vini trovati nel tuo refrigeratore personale, uno sconto sulla spa e altro ancora, incluso un tour di snorkeling o una crociera al tramonto con champagne per persona, per soggiorno.<\/p>\n\n\t\t<\/div>\n\t<\/div>\n<\/div><\/div><\/div><\/div><div class=\"vc_row wpb_row vc_row-fluid\"><div class=\"wpb_column vc_column_container vc_col-sm-12\"><div class=\"vc_column-inner\"><div class=\"wpb_wrapper\">\n\t<div class=\"wpb_text_column wpb_content_element\" >\n\t\t<div class=\"wpb_wrapper\">\n\t\t\t<p>Guarda anche <a title=\"I 12 migliori resort all-inclusive per soli adulti\" href=\"http:\/\/maldives-paradise.com\/it\/i-12-migliori-resort-all-inclusive-per-soli-adulti-alle-maldive\/\"><strong>I 12 migliori resort all-inclusive per soli adulti<\/strong><\/a><\/p>\n\n\t\t<\/div>\n\t<\/div>\n<\/div><\/div><\/div><\/div>\n<\/div>","protected":false},"excerpt":{"rendered":"<div class=\"mh-excerpt\"><\/div>","protected":false},"author":1,"featured_media":9224,"parent":0,"menu_order":0,"comment_status":"closed","ping_status":"closed","template":"","meta":{"footnotes":""},"class_list":["post-9713","page","type-page","status-publish","has-post-thumbnail"],"aioseo_notices":[],"_links":{"self":[{"href":"http:\/\/maldives-paradise.com\/it\/wp-json\/wp\/v2\/pages\/9713","targetHints":{"allow":["GET"]}}],"collection":[{"href":"http:\/\/maldives-paradise.com\/it\/wp-json\/wp\/v2\/pages"}],"about":[{"href":"http:\/\/maldives-paradise.com\/it\/wp-json\/wp\/v2\/types\/page"}],"author":[{"embeddable":true,"href":"http:\/\/maldives-paradise.com\/it\/wp-json\/wp\/v2\/users\/1"}],"replies":[{"embeddable":true,"href":"http:\/\/maldives-paradise.com\/it\/wp-json\/wp\/v2\/comments?post=9713"}],"version-history":[{"count":7,"href":"http:\/\/maldives-paradise.com\/it\/wp-json\/wp\/v2\/pages\/9713\/revisions"}],"predecessor-version":[{"id":45304,"href":"http:\/\/maldives-paradise.com\/it\/wp-json\/wp\/v2\/pages\/9713\/revisions\/45304"}],"wp:featuredmedia":[{"embeddable":true,"href":"http:\/\/maldives-paradise.com\/it\/wp-json\/wp\/v2\/media\/9224"}],"wp:attachment":[{"href":"http:\/\/maldives-paradise.com\/it\/wp-json\/wp\/v2\/media?parent=9713"}],"curies":[{"name":"wp","href":"https:\/\/api.w.org\/{rel}","templated":true}]}}