{"id":9605,"date":"2024-01-28T14:06:46","date_gmt":"2024-01-28T14:06:46","guid":{"rendered":"http:\/\/maldives-paradise.com\/?page_id=9605"},"modified":"2025-10-09T16:06:39","modified_gmt":"2025-10-09T16:06:39","slug":"centro-termale-del-resort-dellisola-di-angaga","status":"publish","type":"page","link":"http:\/\/maldives-paradise.com\/it\/centro-termale-del-resort-dellisola-di-angaga\/","title":{"rendered":"Angaga Island Resort &amp; Spa"},"content":{"rendered":"<div class=\"wpb-content-wrapper\"><div class=\"vc_row wpb_row vc_row-fluid\"><div class=\"wpb_column vc_column_container vc_col-sm-12\"><div class=\"vc_column-inner\"><div class=\"wpb_wrapper\">\n\t<div class=\"wpb_text_column wpb_content_element\" >\n\t\t<div class=\"wpb_wrapper\">\n\t\t\t<h3>Angaga Island Resort &amp; Spa: il paradiso terrestre<\/h3>\n\n\t\t<\/div>\n\t<\/div>\n<\/div><\/div><\/div><\/div><div class=\"vc_row wpb_row vc_row-fluid\"><div class=\"wpb_column vc_column_container vc_col-sm-12\"><div class=\"vc_column-inner\"><div class=\"wpb_wrapper\">\n\t<div class=\"wpb_video_widget wpb_content_element vc_clearfix   vc_video-aspect-ratio-169 vc_video-el-width-100 vc_video-align-left\" >\n\t\t<div class=\"wpb_wrapper\">\n\t\t\t\n\t\t\t<div class=\"wpb_video_wrapper\"><iframe loading=\"lazy\" title=\"Angaga Island Resort &amp; Spa - Atollo di Ari Sud - Maldive 4K 2019\" width=\"500\" height=\"281\" src=\"https:\/\/www.youtube.com\/embed\/JXPAbd_WetA?feature=oembed\" frameborder=\"0\" allow=\"accelerometer; autoplay; clipboard-write; encrypted-media; gyroscope; picture-in-picture; web-share\" allowfullscreen><\/iframe><\/div>\n\t\t<\/div>\n\t<\/div>\n<\/div><\/div><\/div><\/div><div class=\"vc_row wpb_row vc_row-fluid\"><div class=\"wpb_column vc_column_container vc_col-sm-12\"><div class=\"vc_column-inner\"><div class=\"wpb_wrapper\">\n\t<div class=\"wpb_text_column wpb_content_element\" >\n\t\t<div class=\"wpb_wrapper\">\n\t\t\t<p>L&#039;Angaga Island Resort &amp; Spa alle Maldive \u00e8 un paradiso tropicale che promette una fuga indimenticabile. Con le sue incontaminate spiagge di sabbia bianca, acque turchesi e vegetazione lussureggiante, questo resort ecologico offre un angolo di paradiso per i viaggiatori in cerca di tranquillit\u00e0 e bellezza naturale.<\/p>\n<p><strong>Isola paradiso<\/strong><\/p>\n<p>L&#039;Angaga Island Resort &amp; Spa \u00e8 situato nell&#039;atollo di Ari Sud, noto per le sue barriere coralline mozzafiato e la diversificata vita marina. Il resort \u00e8 facilmente raggiungibile tramite un giro in idrovolante dall&#039;aeroporto internazionale di Mal\u00e9, rendendolo una scelta conveniente per i viaggiatori in cerca di una vacanza idilliaca.<\/p>\n<p><strong>Alloggi<\/strong><\/p>\n<p>Il resort offre una gamma di sistemazioni per soddisfare varie preferenze, dagli accoglienti bungalow sulla spiaggia alle ville sull&#039;acqua. Ogni camera \u00e8 progettata pensando al comfort e al lusso, dotata di servizi moderni, spazi esterni privati e accesso diretto alla spiaggia o alla laguna. Svegliati al suono delle dolci onde e goditi le splendide viste dell&#039;alba direttamente da casa tua.<\/p>\n<p><strong>Esperienza culinaria<\/strong><\/p>\n<p><strong>Angaga Island Resort &amp; Spa<\/strong> vanta diverse opzioni per la ristorazione, consentendo agli ospiti di assaporare una vasta gamma di delizie culinarie. Il ristorante principale propone pasti internazionali a buffet con serate a tema, garantendo una variet\u00e0 di sapori in grado di soddisfare ogni palato. Per un&#039;esperienza culinaria romantica e intima, il ristorante sull&#039;acqua serve squisiti piatti di pesce e vini pregiati.<\/p>\n<p><strong>Paradiso sottomarino<\/strong><\/p>\n<p>Uno dei punti di forza del resort \u00e8 la sua vicinanza ad alcuni dei migliori siti di immersione delle Maldive. Le acque limpide che circondano Angaga pullulano di una vivace vita marina, tra cui colorate barriere coralline, squali, mante e tartarughe. Che tu sia un subacqueo esperto o un principiante, il resort offre un centro immersioni certificato PADI con istruttori esperti che ti guideranno attraverso le meraviglie sottomarine.<\/p>\n<p><strong>Sport acquatici e attivit\u00e0<\/strong><\/p>\n<p>Oltre alle immersioni, gli ospiti possono praticare una vasta gamma di sport e attivit\u00e0 acquatici, tra cui snorkeling, windsurf, canoa e pesca. Il resort offre anche escursioni come l&#039;osservazione dei delfini, crociere al tramonto e da un&#039;isola all&#039;altra, permettendoti di esplorare la bellezza naturale delle Maldive.<\/p>\n<p><strong>Terme e Benessere<\/strong><\/p>\n<p>L&#039;Angaga Island Resort &amp; Spa dispone di una tranquilla spa dove gli ospiti possono concedersi trattamenti e massaggi rigeneranti. L&#039;ambiente tranquillo della spa, circondato da lussureggianti giardini tropicali, migliora l&#039;esperienza di relax, lasciandoti rinfrescato e rivitalizzato.<\/p>\n<p><strong>Iniziative ecologiche<\/strong><\/p>\n<p>Il resort si impegna a preservare l&#039;ambiente naturale delle Maldive. Hanno implementato varie iniziative eco-compatibili, come il risparmio energetico, la riduzione dei rifiuti e gli sforzi di conservazione del mare, inclusa la protezione dei siti di nidificazione delle tartarughe marine locali.<\/p>\n<p><strong>Conclusione<\/strong><\/p>\n<p>L&#039;Angaga Island Resort &amp; Spa alle Maldive \u00e8 molto pi\u00f9 di una semplice destinazione per le vacanze; \u00e8 un&#039;opportunit\u00e0 per immergersi nella bellezza e nella tranquillit\u00e0 della natura. Che tu stia cercando l&#039;avventura nel mondo sottomarino, il relax su spiagge incontaminate o una fuga romantica, questo resort ecologico offre tutto. Con la sua calorosa ospitalit\u00e0 e il suo impegno per la sostenibilit\u00e0, l&#039;Angaga Island Resort &amp; Spa ti invita a vivere il paradiso sulla Terra come mai prima d&#039;ora. Crea ricordi che dureranno tutta la vita in questo santuario maldiviano mozzafiato.<\/p>\n\n\t\t<\/div>\n\t<\/div>\n<\/div><\/div><\/div><\/div><div class=\"vc_row wpb_row vc_row-fluid\"><div class=\"wpb_column vc_column_container vc_col-sm-12\"><div class=\"vc_column-inner\"><div class=\"wpb_wrapper\">\n\t<div class=\"wpb_text_column wpb_content_element\" >\n\t\t<div class=\"wpb_wrapper\">\n\t\t\t<h3><a title=\"Angaga Island Resort &amp; Spa\" href=\"https:\/\/trip.tpo.lv\/2WRkt9yh\" target=\"blanc2\" rel=\"nofollow\">Controlla la disponibilit\u00e0 e il miglior prezzo all&#039;Angaga Island Resort &amp; Spa qui &gt;&gt;<\/a><\/h3>\n\n\t\t<\/div>\n\t<\/div>\n<\/div><\/div><\/div><\/div>\n<\/div>","protected":false},"excerpt":{"rendered":"<div class=\"mh-excerpt\"><\/div>","protected":false},"author":1,"featured_media":9606,"parent":0,"menu_order":0,"comment_status":"closed","ping_status":"closed","template":"","meta":{"footnotes":""},"class_list":["post-9605","page","type-page","status-publish","has-post-thumbnail"],"aioseo_notices":[],"_links":{"self":[{"href":"http:\/\/maldives-paradise.com\/it\/wp-json\/wp\/v2\/pages\/9605","targetHints":{"allow":["GET"]}}],"collection":[{"href":"http:\/\/maldives-paradise.com\/it\/wp-json\/wp\/v2\/pages"}],"about":[{"href":"http:\/\/maldives-paradise.com\/it\/wp-json\/wp\/v2\/types\/page"}],"author":[{"embeddable":true,"href":"http:\/\/maldives-paradise.com\/it\/wp-json\/wp\/v2\/users\/1"}],"replies":[{"embeddable":true,"href":"http:\/\/maldives-paradise.com\/it\/wp-json\/wp\/v2\/comments?post=9605"}],"version-history":[{"count":4,"href":"http:\/\/maldives-paradise.com\/it\/wp-json\/wp\/v2\/pages\/9605\/revisions"}],"predecessor-version":[{"id":43385,"href":"http:\/\/maldives-paradise.com\/it\/wp-json\/wp\/v2\/pages\/9605\/revisions\/43385"}],"wp:featuredmedia":[{"embeddable":true,"href":"http:\/\/maldives-paradise.com\/it\/wp-json\/wp\/v2\/media\/9606"}],"wp:attachment":[{"href":"http:\/\/maldives-paradise.com\/it\/wp-json\/wp\/v2\/media?parent=9605"}],"curies":[{"name":"wp","href":"https:\/\/api.w.org\/{rel}","templated":true}]}}