{"id":8933,"date":"2024-01-16T19:55:53","date_gmt":"2024-01-16T19:55:53","guid":{"rendered":"http:\/\/maldives-paradise.com\/?page_id=8933"},"modified":"2025-11-26T09:26:14","modified_gmt":"2025-11-26T09:26:14","slug":"i-12-migliori-resort-per-famiglie-alle-maldive","status":"publish","type":"page","link":"http:\/\/maldives-paradise.com\/it\/i-12-migliori-resort-per-famiglie-alle-maldive\/","title":{"rendered":"The Best Family Resorts in the Maldives"},"content":{"rendered":"<div class=\"wpb-content-wrapper\"><div class=\"vc_row wpb_row vc_row-fluid\"><div class=\"wpb_column vc_column_container vc_col-sm-12\"><div class=\"vc_column-inner\"><div class=\"wpb_wrapper\">\n\t<div class=\"wpb_text_column wpb_content_element\" >\n\t\t<div class=\"wpb_wrapper\">\n\t\t\t<p>Vivi indimenticabili momenti in famiglia nei lussuosi resort per famiglie alle Maldive. Goditi le spiagge incontaminate e le emozionanti attivit\u00e0 per bambini. Immergiti nel vibrante mondo marino, assapora una cucina gourmet e crea ricordi indelebili in questo paradiso tropicale. Ideale per le famiglie che cercano un mix di relax e avventura in un ambiente lussuoso.<\/p>\n<p>I resort alle Maldive si rivolgono alle famiglie con ville spaziose, molte delle quali dotate di piscina privata e accesso diretto alla spiaggia. I bambini possono godersi una variet\u00e0 di attivit\u00e0 come lo snorkeling nelle vivaci barriere coralline, crociere per l&#039;osservazione dei delfini e divertenti sport acquatici. Molti resort offrono club per bambini dedicati con programmi coinvolgenti, consentendo ai genitori di rilassarsi mentre i bambini si divertono. Con il suo ambiente sicuro, la straordinaria bellezza naturale e un servizio eccezionale, le Maldive offrono uno scenario perfetto per creare ricordi familiari duraturi.<\/p>\n\n\t\t<\/div>\n\t<\/div>\n<\/div><\/div><\/div><\/div><div class=\"vc_row wpb_row vc_row-fluid\"><div class=\"wpb_column vc_column_container vc_col-sm-3\"><div class=\"vc_column-inner\"><div class=\"wpb_wrapper\">\n\t<div  class=\"wpb_single_image wpb_content_element vc_align_left wpb_content_element\">\n\t\t\n\t\t<figure class=\"wpb_wrapper vc_figure\">\n\t\t\t<a href=\"https:\/\/lamp.glopss.com\/aff_c?offer_id=9&#038;aff_id=1834&#038;url=https%3A%2F%2Fwww.anantara.com%2Fen%2Fdhigu-maldives\" target=\"_self\" class=\"vc_single_image-wrapper   vc_box_border_grey\"><img loading=\"lazy\" decoding=\"async\" width=\"150\" height=\"150\" src=\"https:\/\/maldives-paradise.com\/wp-content\/uploads\/2024\/01\/anantara-dhigu-150x150.jpg\" class=\"vc_single_image-img attachment-thumbnail\" alt=\"Anantara Dhigu Resort alle Maldive\" title=\"anantara-dhigu\" \/><\/a>\n\t\t<\/figure>\n\t<\/div>\n<\/div><\/div><\/div><div class=\"wpb_column vc_column_container vc_col-sm-9\"><div class=\"vc_column-inner\"><div class=\"wpb_wrapper\">\n\t<div class=\"wpb_text_column wpb_content_element\" >\n\t\t<div class=\"wpb_wrapper\">\n\t\t\t<h3><a href=\"https:\/\/lamp.glopss.com\/SHUr\" target=\"_blank\" rel=\"nofollow noopener\">Anantara Dhigu Resort alle Maldive<\/a><\/h3>\n<p>Anantara Dhigu Maldives Resort \u00e8 la destinazione perfetta per i turisti che viaggiano con le loro famiglie. Il resort offre ville lussuose e spaziose, un fantastico miniclub e molteplici attivit\u00e0 acquatiche per i pi\u00f9 piccoli.<br \/>\nQuesto resort far\u00e0 s\u00ec che i tuoi bambini trascorrano la vacanza dei loro sogni! Il luogo offre attivit\u00e0 acquatiche tra cui l&#039;osservazione di pesci palla e piccoli squali della barriera corallina, una piscina per bambini, un giro sul molo e quant&#039;altro!<br \/>\nL&#039;Anantara Dhigu Maldives Resort offre anche uno speciale menu per bambini ricco di deliziose opzioni. Il luogo offre vari pacchetti vacanza convenienti per le famiglie.<br \/>\n<span style=\"color: #ff0000;\"><strong>Miglior prezzo garantito con prenotazione diretta in questo hotel.<\/strong><\/span><\/p>\n\n\t\t<\/div>\n\t<\/div>\n<\/div><\/div><\/div><\/div><div class=\"vc_row wpb_row vc_row-fluid\"><div class=\"wpb_column vc_column_container vc_col-sm-3\"><div class=\"vc_column-inner\"><div class=\"wpb_wrapper\">\n\t<div  class=\"wpb_single_image wpb_content_element vc_align_left wpb_content_element\">\n\t\t\n\t\t<figure class=\"wpb_wrapper vc_figure\">\n\t\t\t<a href=\"https:\/\/lamp.glopss.com\/aff_c?offer_id=1062&#038;aff_id=1834&#038;url=https%3A%2F%2Fatmosphere-kanifushi.com%2F\" target=\"_self\" class=\"vc_single_image-wrapper   vc_box_border_grey\"><img loading=\"lazy\" decoding=\"async\" width=\"150\" height=\"150\" src=\"https:\/\/maldives-paradise.com\/wp-content\/uploads\/2023\/12\/atmosphere-kanifushi2-150x150.jpg\" class=\"vc_single_image-img attachment-thumbnail\" alt=\"Atmosfera Kanifushi Maldive\" title=\"atmosfera-kanifushi2\" \/><\/a>\n\t\t<\/figure>\n\t<\/div>\n<\/div><\/div><\/div><div class=\"wpb_column vc_column_container vc_col-sm-9\"><div class=\"vc_column-inner\"><div class=\"wpb_wrapper\">\n\t<div class=\"wpb_text_column wpb_content_element\" >\n\t\t<div class=\"wpb_wrapper\">\n\t\t\t<h3><a href=\"https:\/\/trip.tpo.lv\/FjeSQCnR\" target=\"_blank\" rel=\"nofollow noopener\">Atmosfera Kanifushi Maldive<\/a><\/h3>\n<p>Questo resort all-inclusive a cinque stelle non \u00e8 solo straordinariamente bello ma anche di prim&#039;ordine nel servizio. \u00c8 molto adatto alle famiglie e le ville del Kanifushi Residence del resort sono progettate pensando alle esigenze sia dei bambini che degli adulti. Al di fuori delle ville c&#039;\u00e8 molto da fare per tenervi occupati, tra cui un rilassante centro benessere, sport acquatici e un ristorante, il primo del suo genere alle Maldive, che serve piatti rispettosi dell&#039;ambiente. C&#039;\u00e8 anche un fantastico miniclub, un parco giochi, un asilo nido e servizi di babysitter per quelle serate in cui desideri una cena romantica per soli adulti.<\/p>\n\n\t\t<\/div>\n\t<\/div>\n<\/div><\/div><\/div><\/div><div class=\"vc_row wpb_row vc_row-fluid\"><div class=\"wpb_column vc_column_container vc_col-sm-3\"><div class=\"vc_column-inner\"><div class=\"wpb_wrapper\">\n\t<div  class=\"wpb_single_image wpb_content_element vc_align_left wpb_content_element\">\n\t\t\n\t\t<figure class=\"wpb_wrapper vc_figure\">\n\t\t\t<a href=\"https:\/\/lamp.glopss.com\/aff_c?offer_id=1354&#038;aff_id=1834&#038;url=https%3A%2F%2Fwww.comohotels.com%2Fmaldives%2Fcomo-maalifushi\" target=\"_self\" class=\"vc_single_image-wrapper   vc_box_border_grey\"><img loading=\"lazy\" decoding=\"async\" width=\"150\" height=\"150\" src=\"https:\/\/maldives-paradise.com\/wp-content\/uploads\/2024\/01\/COMO-Maalifushi2-150x150.jpg\" class=\"vc_single_image-img attachment-thumbnail\" alt=\"COMO Maalifushi\" title=\"COMO-Maalifushi2\" \/><\/a>\n\t\t<\/figure>\n\t<\/div>\n<\/div><\/div><\/div><div class=\"wpb_column vc_column_container vc_col-sm-9\"><div class=\"vc_column-inner\"><div class=\"wpb_wrapper\">\n\t<div class=\"wpb_text_column wpb_content_element\" >\n\t\t<div class=\"wpb_wrapper\">\n\t\t\t<h3><a href=\"https:\/\/lamp.glopss.com\/SHU9\" target=\"_blank\" rel=\"nofollow noopener\">COMO Maalifushi<\/a><\/h3>\n<p>Il meglio per i pi\u00f9 piccoli!<br \/>\nPlay by COMO punta sui giovani del jet set! Il loro programma dedicato offre incredibili menu benessere (per bambini!) e tantissime attivit\u00e0 familiari uniche come lo snorkeling con un biologo marino, crociere con i delfini in rete e surf. Il loro dedicato Play by COMO Space \u00e8 progettato per ispirare giochi mirati e creativi diretti ai bambini dai 4 ai 12 anni, con giocattoli, libri, giochi e materiali artistici accuratamente selezionati.<\/p>\n\n\t\t<\/div>\n\t<\/div>\n<\/div><\/div><\/div><\/div><div class=\"vc_row wpb_row vc_row-fluid\"><div class=\"wpb_column vc_column_container vc_col-sm-3\"><div class=\"vc_column-inner\"><div class=\"wpb_wrapper\">\n\t<div  class=\"wpb_single_image wpb_content_element vc_align_left wpb_content_element\">\n\t\t\n\t\t<figure class=\"wpb_wrapper vc_figure\">\n\t\t\t<a href=\"https:\/\/lamp.glopss.com\/aff_c?offer_id=1085&#038;aff_id=1834\" target=\"_self\" class=\"vc_single_image-wrapper   vc_box_border_grey\"><img loading=\"lazy\" decoding=\"async\" width=\"150\" height=\"150\" src=\"https:\/\/maldives-paradise.com\/wp-content\/uploads\/2023\/12\/finolhu-maldives-150x150.jpeg\" class=\"vc_single_image-img attachment-thumbnail\" alt=\"Finolhu Maldive\" title=\"finolhu-maldive\" \/><\/a>\n\t\t<\/figure>\n\t<\/div>\n<\/div><\/div><\/div><div class=\"wpb_column vc_column_container vc_col-sm-9\"><div class=\"vc_column-inner\"><div class=\"wpb_wrapper\">\n\t<div class=\"wpb_text_column wpb_content_element\" >\n\t\t<div class=\"wpb_wrapper\">\n\t\t\t<h3><a href=\"https:\/\/lamp.glopss.com\/SHUE\" rel=\"nofollow \">Finolhu<\/a><\/h3>\n<p>Il meglio per lo snorkeling!<br \/>\nPrendi secchiello e paletta: la grande attrazione di questo sgargiante resort \u00e8 la sua magnifica spiaggia di sabbia bianca e il banco di sabbia, che piomba sull&#039;atollo di Baa come una cometa. C&#039;\u00e8 un parco acquatico gonfiabile situato appena al largo, una piscina a forma di laguna e una fantastica vita marina con coralli colorati e turbinii di pesci tropicali nella barriera corallina e delfini stenella, tartarughe marine e mante tutte nelle vicinanze. L&#039;Oceaneer&#039;s Club offre una lunga lista di attivit\u00e0 quotidiane (laboratori sui pirati, arte con la sabbia, gare di kayak) e pu\u00f2 organizzare feste di compleanno con regali, giochi e torte.<\/p>\n\n\t\t<\/div>\n\t<\/div>\n<\/div><\/div><\/div><\/div><div class=\"vc_row wpb_row vc_row-fluid\"><div class=\"wpb_column vc_column_container vc_col-sm-3\"><div class=\"vc_column-inner\"><div class=\"wpb_wrapper\">\n\t<div  class=\"wpb_single_image wpb_content_element vc_align_left wpb_content_element\">\n\t\t\n\t\t<figure class=\"wpb_wrapper vc_figure\">\n\t\t\t<a href=\"https:\/\/lamp.glopss.com\/aff_c?offer_id=1384&#038;aff_id=1834\" target=\"_self\" class=\"vc_single_image-wrapper   vc_box_border_grey\"><img loading=\"lazy\" decoding=\"async\" width=\"150\" height=\"150\" src=\"https:\/\/maldives-paradise.com\/wp-content\/uploads\/2023\/12\/Hideaway-Beach-Resort-Spa-Shines-as-the-Most-Picturesque-Resort-in-the-Maldives-at-TTM-Awards-2023-1-1024x576-1-150x150.jpg\" class=\"vc_single_image-img attachment-thumbnail\" alt=\"Rifugio sulla spiaggia e spa\" title=\"Hideaway-Beach-Resort-Spa-risplende-come-il-pi\u00f9-pittoresco-resort-delle-Maldive-ai-TTM-Awards-2023-1-1024x576.jpg\" \/><\/a>\n\t\t<\/figure>\n\t<\/div>\n<\/div><\/div><\/div><div class=\"wpb_column vc_column_container vc_col-sm-9\"><div class=\"vc_column-inner\"><div class=\"wpb_wrapper\">\n\t<div class=\"wpb_text_column wpb_content_element\" >\n\t\t<div class=\"wpb_wrapper\">\n\t\t\t<h3><a href=\"https:\/\/lamp.glopss.com\/aff_c?offer_id=1384&amp;aff_id=1834\" target=\"_blank\" rel=\"nofollow noopener\">Rifugio sulla spiaggia e spa<\/a><\/h3>\n<p>Vincitore del premio Travellers&#039; Choice Best of the Best 2022 di Tripadvisor. Se gli adulti hanno bisogno di una pausa dai loro figli, il resort ha la soluzione: l&#039;eccellente Tender Hearts Kids&#039; Club. Lascia che i tuoi piccoli si scatenino nel miniclub di 50 mq e guardali partecipare alle attivit\u00e0 curate che sicuramente stupiranno. Questi includono creazione di castelli di sabbia, lezioni di pesca, cacce al tesoro, pittura, disegno, lezioni di cucina, ciclismo, nascondino, tour educativi e molto altro ancora.<\/p>\n\n\t\t<\/div>\n\t<\/div>\n<\/div><\/div><\/div><\/div><div class=\"vc_row wpb_row vc_row-fluid\"><div class=\"wpb_column vc_column_container vc_col-sm-3\"><div class=\"vc_column-inner\"><div class=\"wpb_wrapper\">\n\t<div  class=\"wpb_single_image wpb_content_element vc_align_left wpb_content_element\">\n\t\t\n\t\t<figure class=\"wpb_wrapper vc_figure\">\n\t\t\t<div class=\"vc_single_image-wrapper   vc_box_border_grey\"><img loading=\"lazy\" decoding=\"async\" width=\"150\" height=\"150\" src=\"https:\/\/maldives-paradise.com\/wp-content\/uploads\/2024\/01\/Kandima-150x150.jpg\" class=\"vc_single_image-img attachment-thumbnail\" alt=\"Kandima Maldive\" title=\"Kandima.jpg\" \/><\/div>\n\t\t<\/figure>\n\t<\/div>\n<\/div><\/div><\/div><div class=\"wpb_column vc_column_container vc_col-sm-9\"><div class=\"vc_column-inner\"><div class=\"wpb_wrapper\">\n\t<div class=\"wpb_text_column wpb_content_element\" >\n\t\t<div class=\"wpb_wrapper\">\n\t\t\t<h3><a href=\"https:\/\/lamp.glopss.com\/SHUV\" target=\"_blank\" rel=\"nofollow noopener\">Kandima Maldive<\/a><\/h3>\n<p>L&#039;entusiasmante hotel per famiglie, Kandima, spacca con la sua atmosfera fresca e moderna, l&#039;etica rilassata e un enorme parco giochi e un&#039;area splash per bambini. Sono tutti incentrati sui loro piccoli VIP e hanno un Kandiland dedicato, il Kandima Kids Club gestito da un team multilingue di assistenti all&#039;infanzia certificati e offre attivit\u00e0 oltre a un parco giochi avventuroso, trampolino, parete da arrampicata, ping pong e aree giochi al coperto. L&#039;isola offre oltre tre chilometri di spiaggia e due piscine di cui una di 100 metri, la pi\u00f9 grande delle Maldive.<\/p>\n\n\t\t<\/div>\n\t<\/div>\n<\/div><\/div><\/div><\/div><div class=\"vc_row wpb_row vc_row-fluid\"><div class=\"wpb_column vc_column_container vc_col-sm-3\"><div class=\"vc_column-inner\"><div class=\"wpb_wrapper\">\n\t<div  class=\"wpb_single_image wpb_content_element vc_align_left wpb_content_element\">\n\t\t\n\t\t<figure class=\"wpb_wrapper vc_figure\">\n\t\t\t<a href=\"https:\/\/lamp.glopss.com\/aff_c?offer_id=1471&#038;aff_id=1834&#038;url=https%3A%2F%2Fwww.luxresorts.com%2Fen%2Fmaldives%2Fresort%2Fluxsouthariatoll%3Futm_source%3Dglopss%26utm_medium%3Daffiliate%26utm_campaign%3Dcampaign\" target=\"_self\" class=\"vc_single_image-wrapper   vc_box_border_grey\"><img loading=\"lazy\" decoding=\"async\" width=\"150\" height=\"150\" src=\"https:\/\/maldives-paradise.com\/wp-content\/uploads\/2024\/01\/lux2-150x150.jpg\" class=\"vc_single_image-img attachment-thumbnail\" alt=\"LUX * Maldive Atollo di Ari Sud\" title=\"lux2\" \/><\/a>\n\t\t<\/figure>\n\t<\/div>\n<\/div><\/div><\/div><div class=\"wpb_column vc_column_container vc_col-sm-9\"><div class=\"vc_column-inner\"><div class=\"wpb_wrapper\">\n\t<div class=\"wpb_text_column wpb_content_element\" >\n\t\t<div class=\"wpb_wrapper\">\n\t\t\t<h3><a href=\"https:\/\/lamp.glopss.com\/aff_c?offer_id=1471&amp;aff_id=1834&amp;url=https%3A%2F%2Fwww.luxresorts.com%2Fen%2Fmaldives%2Fresort%2Fluxsouthariatoll%3Futm_source%3Dglopss%26utm_medium%3Daffiliate%26utm_campaign%3Dcampaign\" target=\"_blank\" rel=\"nofollow noopener\">LUX* Resort &amp; Villas dell&#039;Atollo di Ari Sud<\/a><\/h3>\n<p>Ideale per i tipi sportivi.<br \/>\nI genitori adoreranno il design alla moda in stile Ibiza, i piacevoli trattamenti termali e la scelta tra cinque diversi bar. I bambini, nel frattempo, adoreranno le club house (una per i pi\u00f9 piccoli e una per gli adolescenti), gli sport da spiaggia e i viaggi avventurosi. \u00c8 probabile che il trattamento all-inclusive faccia sorridere tutti; copre di tutto, dalle lezioni di tennis e yoga ai minibar in camera e al caff\u00e8 preparato dal barista, oltre a gelati illimitati e sport acquatici non motorizzati. Le ville familiari sulla laguna sono la sistemazione preferita, che si estende direttamente sulla spiaggia bianca brillante e nelle placide acque blu Tiffany.<\/p>\n\n\t\t<\/div>\n\t<\/div>\n<\/div><\/div><\/div><\/div><div class=\"vc_row wpb_row vc_row-fluid\"><div class=\"wpb_column vc_column_container vc_col-sm-3\"><div class=\"vc_column-inner\"><div class=\"wpb_wrapper\">\n\t<div  class=\"wpb_single_image wpb_content_element vc_align_left wpb_content_element\">\n\t\t\n\t\t<figure class=\"wpb_wrapper vc_figure\">\n\t\t\t<a href=\"https:\/\/lamp.glopss.com\/aff_c?offer_id=264&#038;aff_id=1834&#038;url=https%3A%2F%2Fwww.meeru.com%2F\" target=\"_self\" class=\"vc_single_image-wrapper   vc_box_border_grey\"><img loading=\"lazy\" decoding=\"async\" width=\"150\" height=\"150\" src=\"https:\/\/maldives-paradise.com\/wp-content\/uploads\/2023\/08\/Jawakara-Maldives-Island-Hero-800x467-1-150x150.jpg\" class=\"vc_single_image-img attachment-thumbnail\" alt=\"meeru isola resort alle maldive\" title=\"Jawakara-Maldive-Island-Hero-800x467\" \/><\/a>\n\t\t<\/figure>\n\t<\/div>\n<\/div><\/div><\/div><div class=\"wpb_column vc_column_container vc_col-sm-9\"><div class=\"vc_column-inner\"><div class=\"wpb_wrapper\">\n\t<div class=\"wpb_text_column wpb_content_element\" >\n\t\t<div class=\"wpb_wrapper\">\n\t\t\t<h3><a href=\"https:\/\/lamp.glopss.com\/SHUg\" target=\"_blank\" rel=\"nofollow noopener\">Meeru Island Resort &amp; Spa<\/a><\/h3>\n<p>Meeru Island Resort &amp; Spa Maldives \u00e8 un&#039;isola turistica ideale per famiglie con bambini piccoli. Il piano famiglia di Meeru rende la vacanza pi\u00f9 conveniente. Le tariffe per la camera dei bambini, il piano pasti e il trasferimento in motoscafo sono ridotte a 50% della tariffa per adulti. Le tariffe del Piano Famiglia sono applicabili ai bambini di et\u00e0 inferiore a 15 anni. C&#039;\u00e8 una sala giochi per bambini. Vicino al Dhoni Bar Pool, c&#039;\u00e8 una piscina per bambini, un&#039;area giochi all&#039;aperto e il Komas Kid&#039;s Club, strutture separate, giocattoli, giochi e divertimento per bambini (3-12) e adolescenti (13-17).<br \/>\n<span style=\"color: #ff0000;\"><strong>Miglior prezzo garantito con prenotazione diretta in questo hotel.<\/strong><\/span><\/p>\n\n\t\t<\/div>\n\t<\/div>\n<\/div><\/div><\/div><\/div><div class=\"vc_row wpb_row vc_row-fluid\"><div class=\"wpb_column vc_column_container vc_col-sm-3\"><div class=\"vc_column-inner\"><div class=\"wpb_wrapper\">\n\t<div  class=\"wpb_single_image wpb_content_element vc_align_left wpb_content_element\">\n\t\t\n\t\t<figure class=\"wpb_wrapper vc_figure\">\n\t\t\t<a href=\"https:\/\/lamp.glopss.com\/aff_c?offer_id=9&#038;aff_id=1834&#038;url=https%3A%2F%2Fwww.niyama.com%2F\" target=\"_self\" class=\"vc_single_image-wrapper   vc_box_border_grey\"><img loading=\"lazy\" decoding=\"async\" width=\"150\" height=\"150\" src=\"https:\/\/maldives-paradise.com\/wp-content\/uploads\/2024\/01\/niyama2-150x150.jpg\" class=\"vc_single_image-img attachment-thumbnail\" alt=\"Niyama Isole Private Maldive\" title=\"niyama2\" \/><\/a>\n\t\t<\/figure>\n\t<\/div>\n<\/div><\/div><\/div><div class=\"wpb_column vc_column_container vc_col-sm-9\"><div class=\"vc_column-inner\"><div class=\"wpb_wrapper\">\n\t<div class=\"wpb_text_column wpb_content_element\" >\n\t\t<div class=\"wpb_wrapper\">\n\t\t\t<h3><a href=\"https:\/\/lamp.glopss.com\/SHUv\" target=\"_blank\" rel=\"nofollow noopener\">Niyama Isole Private Maldive<\/a><\/h3>\n<p>Ideale per la scuola di surf.<br \/>\nQuesto resort per famiglie su due isole nell&#039;atollo meridionale di Dhaalu dispone di un proprio surf break a breve distanza dalla riva. Le lezioni coprono ogni livello e ogni membro della famiglia, iniziando con le nozioni di base nella tranquilla laguna blu di Niyama per poi passare ai tuffi con le anatre e ai tagli in mare aperto. Sulla terraferma, troverai anche un miniclub dove si cantano e ballano, un ristorante in una casa sull&#039;albero, un ristorante sottomarino, una spa sull&#039;acqua e grandi ville familiari, sia sulla spiaggia che a picco sull&#039;Oceano Indiano.<br \/>\n<span style=\"color: #ff0000;\"><strong>Miglior prezzo garantito con prenotazione diretta in questo hotel.<\/strong><\/span><\/p>\n\n\t\t<\/div>\n\t<\/div>\n<\/div><\/div><\/div><\/div><div class=\"vc_row wpb_row vc_row-fluid\"><div class=\"wpb_column vc_column_container vc_col-sm-3\"><div class=\"vc_column-inner\"><div class=\"wpb_wrapper\">\n\t<div  class=\"wpb_single_image wpb_content_element vc_align_left wpb_content_element\">\n\t\t\n\t\t<figure class=\"wpb_wrapper vc_figure\">\n\t\t\t<a href=\"https:\/\/lamp.glopss.com\/aff_c?offer_id=1062&#038;aff_id=1834&#038;url=https%3A%2F%2Ftheozencollection.com%2Fozenlife-maadhoo%2F\" target=\"_self\" class=\"vc_single_image-wrapper   vc_box_border_grey\"><img loading=\"lazy\" decoding=\"async\" width=\"150\" height=\"150\" src=\"https:\/\/maldives-paradise.com\/wp-content\/uploads\/2024\/01\/ozen-life-2-150x150.jpg\" class=\"vc_single_image-img attachment-thumbnail\" alt=\"OZEN Vita Maadhoo\" title=\"ozen-vita-2\" \/><\/a>\n\t\t<\/figure>\n\t<\/div>\n<\/div><\/div><\/div><div class=\"wpb_column vc_column_container vc_col-sm-9\"><div class=\"vc_column-inner\"><div class=\"wpb_wrapper\">\n\t<div class=\"wpb_text_column wpb_content_element\" >\n\t\t<div class=\"wpb_wrapper\">\n\t\t\t<h3><a href=\"https:\/\/trip.tpo.lv\/i4Tqqyq0\" target=\"_blank\" rel=\"nofollow noopener\">Ozen Vita Maadhoo<\/a><\/h3>\n<p>Ideale per uno sportivo all-inclusive.<br \/>\nL&#039;incredibile programma resort all-inclusive di OZEN Life Maadhoo assicura che tutta la famiglia sorrida e si goda le Maldive a modo suo. Goditi il vantaggio di una favolosa esperienza avventurosa e di un&#039;autentica escursione di pesca al tramonto inclusa come parte dell&#039;offerta all-inclusive. Avrai inoltre accesso a sport acquatici non motorizzati gratuiti ed escursioni di snorkeling. I genitori, nel frattempo, ricevono un trattamento spa gratuito per ogni soggiorno di quattro o cinque notti.<\/p>\n\n\t\t<\/div>\n\t<\/div>\n<\/div><\/div><\/div><\/div><div class=\"vc_row wpb_row vc_row-fluid\"><div class=\"wpb_column vc_column_container vc_col-sm-3\"><div class=\"vc_column-inner\"><div class=\"wpb_wrapper\">\n\t<div  class=\"wpb_single_image wpb_content_element vc_align_left wpb_content_element\">\n\t\t\n\t\t<figure class=\"wpb_wrapper vc_figure\">\n\t\t\t<a href=\"https:\/\/lamp.glopss.com\/aff_c?offer_id=1506&#038;aff_id=1834\" target=\"_self\" class=\"vc_single_image-wrapper   vc_box_border_grey\"><img loading=\"lazy\" decoding=\"async\" width=\"150\" height=\"150\" src=\"https:\/\/maldives-paradise.com\/wp-content\/uploads\/2023\/11\/Patina-150x150.jpg\" class=\"vc_single_image-img attachment-thumbnail\" alt=\"Patina Maldive\" title=\"Patina.jpg\" \/><\/a>\n\t\t<\/figure>\n\t<\/div>\n<\/div><\/div><\/div><div class=\"wpb_column vc_column_container vc_col-sm-9\"><div class=\"vc_column-inner\"><div class=\"wpb_wrapper\">\n\t<div class=\"wpb_text_column wpb_content_element\" >\n\t\t<div class=\"wpb_wrapper\">\n\t\t\t<h3><a href=\"https:\/\/lamp.glopss.com\/aff_c?offer_id=1506&amp;aff_id=1834\" rel=\"nofollow \">Patina Maldive<\/a><\/h3>\n<p>Molte cose per i bambini. Footprints \u00e8 il centro di attivit\u00e0 ispirato all&#039;educazione dei bambini situato in splendidi giardini con strutture per l&#039;arrampicata e una piscina per bambini. Le attivit\u00e0 indoor includono tecnologia di stampa 3D e taglio laser, lezioni di cucina, ecc. I bambini possono anche vivere esperienze interattive sull&#039;isola e la conservazione marina. I genitori saranno felicissimi di sapere che i loro figli possono trascorrere innumerevoli ore occupandosi.<\/p>\n\n\t\t<\/div>\n\t<\/div>\n<\/div><\/div><\/div><\/div><div class=\"vc_row wpb_row vc_row-fluid\"><div class=\"wpb_column vc_column_container vc_col-sm-3\"><div class=\"vc_column-inner\"><div class=\"wpb_wrapper\">\n\t<div  class=\"wpb_single_image wpb_content_element vc_align_left wpb_content_element\">\n\t\t\n\t\t<figure class=\"wpb_wrapper vc_figure\">\n\t\t\t<a href=\"https:\/\/lamp.glopss.com\/aff_c?offer_id=1476&#038;aff_id=1834&#038;url=https%3A%2F%2Fwww.sunsiyam.com%2Fsiyam-world%2F\" target=\"_self\" class=\"vc_single_image-wrapper   vc_box_border_grey\"><img loading=\"lazy\" decoding=\"async\" width=\"150\" height=\"150\" src=\"https:\/\/maldives-paradise.com\/wp-content\/uploads\/2024\/01\/sun-siyam-world-150x150.jpg\" class=\"vc_single_image-img attachment-thumbnail\" alt=\"Il mondo di Sun Siyam\" title=\"sun-siyam-mondo\" \/><\/a>\n\t\t<\/figure>\n\t<\/div>\n<\/div><\/div><\/div><div class=\"wpb_column vc_column_container vc_col-sm-9\"><div class=\"vc_column-inner\"><div class=\"wpb_wrapper\">\n\t<div class=\"wpb_text_column wpb_content_element\" >\n\t\t<div class=\"wpb_wrapper\">\n\t\t\t<h3><a href=\"https:\/\/lamp.glopss.com\/SHUy\" target=\"_blank\" rel=\"nofollow noopener\">Siyam Mondo Maldive<\/a><\/h3>\n<p>Siyam World \u00e8 il nuovo arrivato nel quartiere in cui i bambini vengono prima di tutto! Tuttavia, sappiamo tutti che i bambini sono di tutte le forme e dimensioni e quando a tutte le ville sull&#039;acqua \u00e8 collegato uno scivolo nell&#039;oceano, arrivano anche di tutte le et\u00e0!<br \/>\nQuesto resort all-inclusive, inaugurato nell&#039;ottobre 2021, offre 19 categorie di alloggi eleganti, tutte con piscina privata - ville, camere, padiglioni e residence - che vanno da 89 a 3.000 metri quadrati sia sulla terraferma che sull&#039;acqua.<\/p>\n\n\t\t<\/div>\n\t<\/div>\n<\/div><\/div><\/div><\/div><div class=\"vc_row wpb_row vc_row-fluid\"><div class=\"wpb_column vc_column_container vc_col-sm-12\"><div class=\"vc_column-inner\"><div class=\"wpb_wrapper\">\n\t<div class=\"wpb_text_column wpb_content_element\" >\n\t\t<div class=\"wpb_wrapper\">\n\t\t\t<p><a href=\"http:\/\/maldives-paradise.com\/it\/etichetta\/resort-per-famiglie\/\"><strong>Maggiori informazioni sugli hotel e resort per famiglie alle Maldive<\/strong><\/a><\/p>\n<p><strong><a title=\"I migliori resort all inclusive\" href=\"https:\/\/maldives-paradise.com\/it\/?page_id=8762\">I migliori resort all inclusive alle Maldive<\/a><\/strong><\/p>\n\n\t\t<\/div>\n\t<\/div>\n<\/div><\/div><\/div><\/div>\n<\/div>","protected":false},"excerpt":{"rendered":"<div class=\"mh-excerpt\"><\/div>","protected":false},"author":1,"featured_media":8934,"parent":0,"menu_order":0,"comment_status":"closed","ping_status":"closed","template":"","meta":{"footnotes":""},"class_list":["post-8933","page","type-page","status-publish","has-post-thumbnail"],"aioseo_notices":[],"_links":{"self":[{"href":"http:\/\/maldives-paradise.com\/it\/wp-json\/wp\/v2\/pages\/8933","targetHints":{"allow":["GET"]}}],"collection":[{"href":"http:\/\/maldives-paradise.com\/it\/wp-json\/wp\/v2\/pages"}],"about":[{"href":"http:\/\/maldives-paradise.com\/it\/wp-json\/wp\/v2\/types\/page"}],"author":[{"embeddable":true,"href":"http:\/\/maldives-paradise.com\/it\/wp-json\/wp\/v2\/users\/1"}],"replies":[{"embeddable":true,"href":"http:\/\/maldives-paradise.com\/it\/wp-json\/wp\/v2\/comments?post=8933"}],"version-history":[{"count":7,"href":"http:\/\/maldives-paradise.com\/it\/wp-json\/wp\/v2\/pages\/8933\/revisions"}],"predecessor-version":[{"id":45308,"href":"http:\/\/maldives-paradise.com\/it\/wp-json\/wp\/v2\/pages\/8933\/revisions\/45308"}],"wp:featuredmedia":[{"embeddable":true,"href":"http:\/\/maldives-paradise.com\/it\/wp-json\/wp\/v2\/media\/8934"}],"wp:attachment":[{"href":"http:\/\/maldives-paradise.com\/it\/wp-json\/wp\/v2\/media?parent=8933"}],"curies":[{"name":"wp","href":"https:\/\/api.w.org\/{rel}","templated":true}]}}