{"id":8384,"date":"2024-01-07T06:41:38","date_gmt":"2024-01-07T06:41:38","guid":{"rendered":"http:\/\/maldives-paradise.com\/?page_id=8384"},"modified":"2025-02-22T09:15:19","modified_gmt":"2025-02-22T09:15:19","slug":"hotel-5-stelle-resort-alle-maldive-7","status":"publish","type":"page","link":"http:\/\/maldives-paradise.com\/it\/hotel-5-stelle-resort-alle-maldive-7\/","title":{"rendered":"Hotel e resort a 5 stelle alle Maldive 7"},"content":{"rendered":"<div class=\"wpb-content-wrapper\"><div class=\"vc_row wpb_row vc_row-fluid\"><div class=\"wpb_column vc_column_container vc_col-sm-12\"><div class=\"vc_column-inner\"><div class=\"wpb_wrapper\">\n\t<div class=\"wpb_text_column wpb_content_element\" >\n\t\t<div class=\"wpb_wrapper\">\n\t\t\t<h3>Una selezione di hotel e resort 5 stelle alle Maldive<\/h3>\n<p>Le Maldive sono rinomate per la loro <strong data-start=\"82\" data-end=\"121\">lussuosi hotel e resort a 5 stelle<\/strong>, offrendo impareggiabile <strong data-start=\"145\" data-end=\"191\">eleganza, riservatezza e servizio di prima classe<\/strong>Questi ritiri esclusivi sono caratterizzati <strong data-start=\"226\" data-end=\"316\">ville sull&#039;acqua, piscine a sfioro, ristoranti raffinati e servizi di maggiordomo privato<\/strong>Gli ospiti possono godere <strong data-start=\"335\" data-end=\"354\">Esperienze VIP<\/strong> such as personalized spa treatments, underwater dining, and private yacht excursions.<\/p>\n\n\t\t<\/div>\n\t<\/div>\n<\/div><\/div><\/div><\/div><div class=\"vc_row wpb_row vc_row-fluid\"><div class=\"wpb_column vc_column_container vc_col-sm-3\"><div class=\"vc_column-inner\"><div class=\"wpb_wrapper\">\n\t<div  class=\"wpb_single_image wpb_content_element vc_align_left wpb_content_element\">\n\t\t\n\t\t<figure class=\"wpb_wrapper vc_figure\">\n\t\t\t<a href=\"http:\/\/maldives-paradise.com\/it\/?page_id=7665\" target=\"_self\" class=\"vc_single_image-wrapper   vc_box_border_grey\"><img loading=\"lazy\" decoding=\"async\" width=\"150\" height=\"150\" src=\"https:\/\/maldives-paradise.com\/wp-content\/uploads\/2024\/01\/taj-exotica2-150x150.jpg\" class=\"vc_single_image-img attachment-thumbnail\" alt=\"Taj Coral Reef Resort &amp; Spa\" title=\"taj-exotica2\" \/><\/a>\n\t\t<\/figure>\n\t<\/div>\n<\/div><\/div><\/div><div class=\"wpb_column vc_column_container vc_col-sm-9\"><div class=\"vc_column-inner\"><div class=\"wpb_wrapper\">\n\t<div class=\"wpb_text_column wpb_content_element\" >\n\t\t<div class=\"wpb_wrapper\">\n\t\t\t<h4><a href=\"http:\/\/maldives-paradise.com\/it\/?page_id=7665\">Taj Coral Reef Resort &amp; Spa<\/a><\/h4>\n<p>Concedetevi il lusso di <strong>Taj Coral Reef Resort<\/strong>, dove ogni dettaglio \u00e8 meticolosamente realizzato per elevare la tua fuga alle Maldive. Rilassati in un paradiso di opulenza, dove la bellezza delle Maldive converge con un&#039;ospitalit\u00e0 di livello mondiale per creare un&#039;esperienza oltre ogni immaginazione. Il tuo viaggio verso il paradiso inizia qui: prenota oggi stesso la tua fetta di felicit\u00e0.<\/p>\n\n\t\t<\/div>\n\t<\/div>\n<\/div><\/div><\/div><\/div><div class=\"vc_row wpb_row vc_row-fluid\"><div class=\"wpb_column vc_column_container vc_col-sm-3\"><div class=\"vc_column-inner\"><div class=\"wpb_wrapper\">\n\t<div  class=\"wpb_single_image wpb_content_element vc_align_left wpb_content_element\">\n\t\t\n\t\t<figure class=\"wpb_wrapper vc_figure\">\n\t\t\t<a href=\"http:\/\/maldives-paradise.com\/it\/?page_id=7669\" target=\"_self\" class=\"vc_single_image-wrapper   vc_box_border_grey\"><img loading=\"lazy\" decoding=\"async\" width=\"150\" height=\"150\" src=\"https:\/\/maldives-paradise.com\/wp-content\/uploads\/2024\/01\/taj-exotica3-150x150.jpg\" class=\"vc_single_image-img attachment-thumbnail\" alt=\"Taj Exotica Resort &amp; Spa Maldive\" title=\"taj-exotica3\" \/><\/a>\n\t\t<\/figure>\n\t<\/div>\n<\/div><\/div><\/div><div class=\"wpb_column vc_column_container vc_col-sm-9\"><div class=\"vc_column-inner\"><div class=\"wpb_wrapper\">\n\t<div class=\"wpb_text_column wpb_content_element\" >\n\t\t<div class=\"wpb_wrapper\">\n\t\t\t<h4><a href=\"http:\/\/maldives-paradise.com\/it\/?page_id=7669\">Taj Exotica Resort &amp; Spa Maldive<\/a><\/h4>\n<p><strong>Taj Exotica Resort e Spa<\/strong>, Le Maldive sono un resort esclusivo, privato e romantico su un&#039;isola con piante tropicali e circondato da acque cristalline. Situato sull&#039;incontaminata isola di Emboodhu Finolhu, questo squisito resort fonde perfettamente bellezza naturale mozzafiato con lusso di prima classe, offrendo una fuga senza precedenti per i viaggiatori pi\u00f9 esigenti.<\/p>\n\n\t\t<\/div>\n\t<\/div>\n<\/div><\/div><\/div><\/div><div class=\"vc_row wpb_row vc_row-fluid\"><div class=\"wpb_column vc_column_container vc_col-sm-3\"><div class=\"vc_column-inner\"><div class=\"wpb_wrapper\">\n\t<div  class=\"wpb_single_image wpb_content_element vc_align_left wpb_content_element\">\n\t\t\n\t\t<figure class=\"wpb_wrapper vc_figure\">\n\t\t\t<a href=\"http:\/\/maldives-paradise.com\/it\/?page_id=7673\" target=\"_self\" class=\"vc_single_image-wrapper   vc_box_border_grey\"><img loading=\"lazy\" decoding=\"async\" width=\"150\" height=\"150\" src=\"https:\/\/maldives-paradise.com\/wp-content\/uploads\/2024\/01\/Vakkaru-Overwater-Residence2-150x150.jpg\" class=\"vc_single_image-img attachment-thumbnail\" alt=\"Vakkuru Maldive\" title=\"Vakkaru-Overwater-Residence2\" \/><\/a>\n\t\t<\/figure>\n\t<\/div>\n<\/div><\/div><\/div><div class=\"wpb_column vc_column_container vc_col-sm-9\"><div class=\"vc_column-inner\"><div class=\"wpb_wrapper\">\n\t<div class=\"wpb_text_column wpb_content_element\" >\n\t\t<div class=\"wpb_wrapper\">\n\t\t\t<h4><a href=\"http:\/\/maldives-paradise.com\/it\/?page_id=7673\">Vakkuru Maldive<\/a><\/h4>\n<p>Vakkaru Maldives Resort, un resort di lusso a 5 stelle nell&#039;isola di Vakkaru. Non \u00e8 solo una destinazione; \u00e8 un&#039;esperienza trascendente che combina un lusso senza pari con lo splendore naturale delle Maldive. Fuggi in un mondo dove il tempo si ferma e ogni momento \u00e8 una celebrazione dello straordinario.<\/p>\n\n\t\t<\/div>\n\t<\/div>\n<\/div><\/div><\/div><\/div><div class=\"vc_row wpb_row vc_row-fluid\"><div class=\"wpb_column vc_column_container vc_col-sm-3\"><div class=\"vc_column-inner\"><div class=\"wpb_wrapper\">\n\t<div  class=\"wpb_single_image wpb_content_element vc_align_left wpb_content_element\">\n\t\t\n\t\t<figure class=\"wpb_wrapper vc_figure\">\n\t\t\t<a href=\"http:\/\/maldives-paradise.com\/it\/?page_id=7688\" target=\"_self\" class=\"vc_single_image-wrapper   vc_box_border_grey\"><img loading=\"lazy\" decoding=\"async\" width=\"150\" height=\"150\" src=\"https:\/\/maldives-paradise.com\/wp-content\/uploads\/2024\/01\/veela-private-island2-150x150.jpg\" class=\"vc_single_image-img attachment-thumbnail\" alt=\"Velaa Isola Privata Maldive\" title=\"veela-isola-privata2\" \/><\/a>\n\t\t<\/figure>\n\t<\/div>\n<\/div><\/div><\/div><div class=\"wpb_column vc_column_container vc_col-sm-9\"><div class=\"vc_column-inner\"><div class=\"wpb_wrapper\">\n\t<div class=\"wpb_text_column wpb_content_element\" >\n\t\t<div class=\"wpb_wrapper\">\n\t\t\t<h4><a href=\"http:\/\/maldives-paradise.com\/it\/?page_id=7688\">Velaa Isola Privata Maldive<\/a><\/h4>\n<p>Concedetevi la fuga di lusso definitiva a <strong>Velaa Isola Privata Maldive<\/strong>, dove ogni momento \u00e8 realizzato alla perfezione e ogni dettaglio \u00e8 testimonianza dell&#039;arte dell&#039;ospitalit\u00e0. Prenota il tuo soggiorno e scopri un mondo dove il lusso non conosce confini.<\/p>\n\n\t\t<\/div>\n\t<\/div>\n<\/div><\/div><\/div><\/div><div class=\"vc_row wpb_row vc_row-fluid\"><div class=\"wpb_column vc_column_container vc_col-sm-3\"><div class=\"vc_column-inner\"><div class=\"wpb_wrapper\">\n\t<div  class=\"wpb_single_image wpb_content_element vc_align_left wpb_content_element\">\n\t\t\n\t\t<figure class=\"wpb_wrapper vc_figure\">\n\t\t\t<a href=\"http:\/\/maldives-paradise.com\/it\/?page_id=7692\" target=\"_self\" class=\"vc_single_image-wrapper   vc_box_border_grey\"><img loading=\"lazy\" decoding=\"async\" width=\"150\" height=\"150\" src=\"https:\/\/maldives-paradise.com\/wp-content\/uploads\/2024\/01\/velassaru-maldives_2-150x150.jpg\" class=\"vc_single_image-img attachment-thumbnail\" alt=\"Velassaru Maldive\" title=\"velassaru-maldives_2\" \/><\/a>\n\t\t<\/figure>\n\t<\/div>\n<\/div><\/div><\/div><div class=\"wpb_column vc_column_container vc_col-sm-9\"><div class=\"vc_column-inner\"><div class=\"wpb_wrapper\">\n\t<div class=\"wpb_text_column wpb_content_element\" >\n\t\t<div class=\"wpb_wrapper\">\n\t\t\t<h4><a href=\"http:\/\/maldives-paradise.com\/it\/?page_id=7692\">Velassaru Maldive<\/a><\/h4>\n<p>Godetevi una vacanza rilassante a <strong>Velassaru Maldive<\/strong> resort una vacanza ideale con alloggi di lusso in un&#039;isola corallina privata. Immergiti nel grembo del lusso, dove la bellezza naturale delle Maldive converge con servizi di prima classe per creare una fuga senza precedenti nel cuore dell&#039;Oceano Indiano.<\/p>\n\n\t\t<\/div>\n\t<\/div>\n<\/div><\/div><\/div><\/div><div class=\"vc_row wpb_row vc_row-fluid\"><div class=\"wpb_column vc_column_container vc_col-sm-3\"><div class=\"vc_column-inner\"><div class=\"wpb_wrapper\">\n\t<div  class=\"wpb_single_image wpb_content_element vc_align_left wpb_content_element\">\n\t\t\n\t\t<figure class=\"wpb_wrapper vc_figure\">\n\t\t\t<a href=\"http:\/\/maldives-paradise.com\/it\/?page_id=7696\" target=\"_self\" class=\"vc_single_image-wrapper   vc_box_border_grey\"><img loading=\"lazy\" decoding=\"async\" width=\"150\" height=\"150\" src=\"https:\/\/maldives-paradise.com\/wp-content\/uploads\/2024\/01\/w-maldives-2-150x150.jpg\" class=\"vc_single_image-img attachment-thumbnail\" alt=\"W Maldive\" title=\"w-maldive-2\" \/><\/a>\n\t\t<\/figure>\n\t<\/div>\n<\/div><\/div><\/div><div class=\"wpb_column vc_column_container vc_col-sm-9\"><div class=\"vc_column-inner\"><div class=\"wpb_wrapper\">\n\t<div class=\"wpb_text_column wpb_content_element\" >\n\t\t<div class=\"wpb_wrapper\">\n\t\t\t<h4><a href=\"http:\/\/maldives-paradise.com\/it\/?page_id=7696\">W Maldive<\/a><\/h4>\n<p>W Maldive \u2013 Un resort privato di lusso a 5 stelle su un&#039;isola. Spiagge di sabbia bianca e lagune turchesi, <strong>W Maldive<\/strong> \u00e8 un lussuoso resort privato su un&#039;isola. Puoi esplorare la barriera corallina privata dell&#039;isola, rilassarti sulle spiagge, fare snorkeling o praticare sport acquatici.<\/p>\n\n\t\t<\/div>\n\t<\/div>\n<\/div><\/div><\/div><\/div><div class=\"vc_row wpb_row vc_row-fluid\"><div class=\"wpb_column vc_column_container vc_col-sm-3\"><div class=\"vc_column-inner\"><div class=\"wpb_wrapper\">\n\t<div  class=\"wpb_single_image wpb_content_element vc_align_left wpb_content_element\">\n\t\t\n\t\t<figure class=\"wpb_wrapper vc_figure\">\n\t\t\t<a href=\"http:\/\/maldives-paradise.com\/it\/?page_id=7700\" target=\"_self\" class=\"vc_single_image-wrapper   vc_box_border_grey\"><img loading=\"lazy\" decoding=\"async\" width=\"150\" height=\"150\" src=\"https:\/\/maldives-paradise.com\/wp-content\/uploads\/2024\/01\/WALDORF-ASTORIA-MALDIVES-2-150x150.jpg\" class=\"vc_single_image-img attachment-thumbnail\" alt=\"Waldorf Astoria Maldive Ithaafushi\" title=\"WALDORF-ASTORIA-MALDIVE-2\" srcset=\"https:\/\/maldives-paradise.com\/wp-content\/uploads\/2024\/01\/WALDORF-ASTORIA-MALDIVES-2-150x150.jpg 150w, https:\/\/maldives-paradise.com\/wp-content\/uploads\/2024\/01\/WALDORF-ASTORIA-MALDIVES-2-800x800.jpg 800w\" sizes=\"auto, (max-width: 150px) 100vw, 150px\" \/><\/a>\n\t\t<\/figure>\n\t<\/div>\n<\/div><\/div><\/div><div class=\"wpb_column vc_column_container vc_col-sm-9\"><div class=\"vc_column-inner\"><div class=\"wpb_wrapper\">\n\t<div class=\"wpb_text_column wpb_content_element\" >\n\t\t<div class=\"wpb_wrapper\">\n\t\t\t<h4><a href=\"http:\/\/maldives-paradise.com\/it\/?page_id=7700\">Waldorf Astoria Maldive Ithaafushi<\/a><\/h4>\n<p>Situato in un paradiso tropicale, il resort e le ville sulla spiaggia, sulla barriera corallina e sull&#039;acqua si estendono su tre isole con una ricchezza di lussi ed esperienze. <strong>Waldorf Astoria Maldive<\/strong> offre un&#039;oasi per i viaggiatori che desiderano sedersi e rilassarsi durante la loro vacanza nell&#039;Oceano Indiano.<\/p>\n\n\t\t<\/div>\n\t<\/div>\n<\/div><\/div><\/div><\/div><div class=\"vc_row wpb_row vc_row-fluid\"><div class=\"wpb_column vc_column_container vc_col-sm-3\"><div class=\"vc_column-inner\"><div class=\"wpb_wrapper\">\n\t<div  class=\"wpb_single_image wpb_content_element vc_align_left wpb_content_element\">\n\t\t\n\t\t<figure class=\"wpb_wrapper vc_figure\">\n\t\t\t<a href=\"http:\/\/maldives-paradise.com\/it\/il-ritz-carlton-maldive\/\" target=\"_self\" class=\"vc_single_image-wrapper   vc_box_border_grey\"><img loading=\"lazy\" decoding=\"async\" width=\"150\" height=\"150\" src=\"https:\/\/maldives-paradise.com\/wp-content\/uploads\/2024\/01\/ritz-carlton-maldives-400x-150x150.jpg\" class=\"vc_single_image-img attachment-thumbnail\" alt=\"Il Ritz-Carlton Maldive\" title=\"ritz-carlton-maldive-400x\" \/><\/a>\n\t\t<\/figure>\n\t<\/div>\n<\/div><\/div><\/div><div class=\"wpb_column vc_column_container vc_col-sm-9\"><div class=\"vc_column-inner\"><div class=\"wpb_wrapper\">\n\t<div class=\"wpb_text_column wpb_content_element\" >\n\t\t<div class=\"wpb_wrapper\">\n\t\t\t<h3><a href=\"http:\/\/maldives-paradise.com\/it\/il-ritz-carlton-maldive\/\">Il Ritz-Carlton Maldive<\/a><\/h3>\n<p>Situato sulle Isole Fari, un atollo appartato nell&#039;atollo di Mal\u00e9 Nord, il Ritz-Carlton Maldives vanta una posizione impareggiabile. A solo un breve tragitto in barca dall&#039;aeroporto internazionale di Mal\u00e9, questo lussuoso rifugio offre un facile accesso alla vivace vita marina e alle barriere coralline per cui le Maldive sono famose. L&#039;impostazione del resort offre un senso di esclusivit\u00e0 e isolamento, rendendolo perfetto per coppie in luna di miele, coppie e viaggiatori esigenti.<\/p>\n\n\t\t<\/div>\n\t<\/div>\n<\/div><\/div><\/div><\/div><div class=\"vc_row wpb_row vc_row-fluid\"><div class=\"wpb_column vc_column_container vc_col-sm-3\"><div class=\"vc_column-inner\"><div class=\"wpb_wrapper\">\n\t<div  class=\"wpb_single_image wpb_content_element vc_align_left wpb_content_element\">\n\t\t\n\t\t<figure class=\"wpb_wrapper vc_figure\">\n\t\t\t<a href=\"http:\/\/maldives-paradise.com\/it\/adaaran-prestigio-vadoo\/\" target=\"_self\" class=\"vc_single_image-wrapper   vc_box_border_grey\"><img loading=\"lazy\" decoding=\"async\" width=\"150\" height=\"150\" src=\"https:\/\/maldives-paradise.com\/wp-content\/uploads\/2024\/01\/adaaran-prestige-vadoo-maldives-150x150.jpg\" class=\"vc_single_image-img attachment-thumbnail\" alt=\"Adaaran Prestigio Vadoo\" title=\"adaaran-prestige-vadoo-maldive\" \/><\/a>\n\t\t<\/figure>\n\t<\/div>\n<\/div><\/div><\/div><div class=\"wpb_column vc_column_container vc_col-sm-9\"><div class=\"vc_column-inner\"><div class=\"wpb_wrapper\">\n\t<div class=\"wpb_text_column wpb_content_element\" >\n\t\t<div class=\"wpb_wrapper\">\n\t\t\t<h3><a href=\"http:\/\/maldives-paradise.com\/it\/adaaran-prestigio-vadoo\/\">Adaaran Prestigio Vadoo<\/a><\/h3>\n<p>Stai sognando una vacanza tropicale che offra non solo bellezze naturali mozzafiato ma anche l&#039;emblema del lusso e del relax? Non guardare oltre <strong>Adaaran Prestigio Vadoo<\/strong>, un lussuoso rifugio immerso nel cuore delle Maldive. Questo resort esclusivo promette un&#039;esperienza indimenticabile e alcune delle sue caratteristiche principali lo rendono la destinazione perfetta per la tua prossima vacanza.<\/p>\n\n\t\t<\/div>\n\t<\/div>\n<\/div><\/div><\/div><\/div><div class=\"vc_row wpb_row vc_row-fluid\"><div class=\"wpb_column vc_column_container vc_col-sm-3\"><div class=\"vc_column-inner\"><div class=\"wpb_wrapper\">\n\t<div  class=\"wpb_single_image wpb_content_element vc_align_left wpb_content_element\">\n\t\t\n\t\t<figure class=\"wpb_wrapper vc_figure\">\n\t\t\t<a href=\"http:\/\/maldives-paradise.com\/it\/adaaran-ville-sullacqua-di-prestigio\/\" target=\"_self\" class=\"vc_single_image-wrapper   vc_box_border_grey\"><img loading=\"lazy\" decoding=\"async\" width=\"150\" height=\"150\" src=\"https:\/\/maldives-paradise.com\/wp-content\/uploads\/2024\/01\/Adaaran-Prestige-Water-Villas-5-1-150x150.jpg\" class=\"vc_single_image-img attachment-thumbnail\" alt=\"Ville sull&#039;acqua di prestigio di Adaaran\" title=\"Adaaran-Prestige-Water-Villas-5\" \/><\/a>\n\t\t<\/figure>\n\t<\/div>\n<\/div><\/div><\/div><div class=\"wpb_column vc_column_container vc_col-sm-9\"><div class=\"vc_column-inner\"><div class=\"wpb_wrapper\">\n\t<div class=\"wpb_text_column wpb_content_element\" >\n\t\t<div class=\"wpb_wrapper\">\n\t\t\t<h3><a href=\"http:\/\/maldives-paradise.com\/it\/adaaran-ville-sullacqua-di-prestigio\/\">Ville sull&#039;acqua di prestigio di Adaaran<\/a><\/h3>\n<p>Sei alla ricerca della vacanza tropicale definitiva che combini lusso, tranquillit\u00e0 e straordinaria bellezza naturale? Non guardare oltre il <strong>Ville sull&#039;acqua di prestigio di Adaaran<\/strong> alle Maldive. Questo resort di lusso all-inclusive a 5 stelle \u00e8 un paradiso in terra e offre un&#039;esperienza indimenticabile che ti lascer\u00e0 ringiovanito e stupito. Immergiamoci nelle principali caratteristiche che rendono questo resort una destinazione da sogno.<\/p>\n\n\t\t<\/div>\n\t<\/div>\n<\/div><\/div><\/div><\/div><div class=\"vc_row wpb_row vc_row-fluid\"><div class=\"wpb_column vc_column_container vc_col-sm-3\"><div class=\"vc_column-inner\"><div class=\"wpb_wrapper\">\n\t<div  class=\"wpb_single_image wpb_content_element vc_align_left wpb_content_element\">\n\t\t\n\t\t<figure class=\"wpb_wrapper vc_figure\">\n\t\t\t<a href=\"http:\/\/maldives-paradise.com\/it\/patina-maldive\/\" target=\"_self\" class=\"vc_single_image-wrapper   vc_box_border_grey\"><img loading=\"lazy\" decoding=\"async\" width=\"150\" height=\"150\" src=\"https:\/\/maldives-paradise.com\/wp-content\/uploads\/2024\/02\/PatinaMaldives5-400-150x150.jpg\" class=\"vc_single_image-img attachment-thumbnail\" alt=\"Patina Maldive\" title=\"Patina+Maldive5-400\" \/><\/a>\n\t\t<\/figure>\n\t<\/div>\n<\/div><\/div><\/div><div class=\"wpb_column vc_column_container vc_col-sm-9\"><div class=\"vc_column-inner\"><div class=\"wpb_wrapper\">\n\t<div class=\"wpb_text_column wpb_content_element\" >\n\t\t<div class=\"wpb_wrapper\">\n\t\t\t<h4><a href=\"http:\/\/maldives-paradise.com\/it\/patina-maldive\/\">Patina Maldive<\/a><\/h4>\n<p>Patina Maldives \u00e8 un gioiello pluripremiato, che offre ai viaggiatori pi\u00f9 esigenti una lussuosa fuga in paradiso. Con le sue splendide ville sull&#039;acqua, squisite esperienze culinarie, servizi di prima classe e impegno per la sostenibilit\u00e0, il resort promette un rifugio indimenticabile in una delle destinazioni pi\u00f9 mozzafiato del mondo.<\/p>\n\n\t\t<\/div>\n\t<\/div>\n<\/div><\/div><\/div><\/div><div class=\"vc_row wpb_row vc_row-fluid\"><div class=\"wpb_column vc_column_container vc_col-sm-3\"><div class=\"vc_column-inner\"><div class=\"wpb_wrapper\">\n\t<div  class=\"wpb_single_image wpb_content_element vc_align_left wpb_content_element\">\n\t\t\n\t\t<figure class=\"wpb_wrapper vc_figure\">\n\t\t\t<a href=\"http:\/\/maldives-paradise.com\/it\/kandima-maldive\/\" target=\"_self\" class=\"vc_single_image-wrapper   vc_box_border_grey\"><img loading=\"lazy\" decoding=\"async\" width=\"150\" height=\"150\" src=\"https:\/\/maldives-paradise.com\/wp-content\/uploads\/2024\/02\/kandima-maldives400-150x150.jpg\" class=\"vc_single_image-img attachment-thumbnail\" alt=\"Kandima Maldive\" title=\"Galleria fotografica Kandima Maldive\" \/><\/a>\n\t\t<\/figure>\n\t<\/div>\n<\/div><\/div><\/div><div class=\"wpb_column vc_column_container vc_col-sm-9\"><div class=\"vc_column-inner\"><div class=\"wpb_wrapper\">\n\t<div class=\"wpb_text_column wpb_content_element\" >\n\t\t<div class=\"wpb_wrapper\">\n\t\t\t<h4><a href=\"http:\/\/maldives-paradise.com\/it\/kandima-maldive\/\">Kandima Maldive<\/a><\/h4>\n<p>Kandima Maldives \u00e8 un lussuoso resort all-inclusive che promette una fuga indimenticabile in paradiso. Situato sulla lussureggiante isola tropicale dell&#039;atollo di Dhaalu, <strong>Kandima Maldive<\/strong> offre ai viaggiatori pi\u00f9 esigenti una miscela perfetta di lusso, avventura e relax.<\/p>\n\n\t\t<\/div>\n\t<\/div>\n<\/div><\/div><\/div><\/div><div class=\"vc_row wpb_row vc_row-fluid\"><div class=\"wpb_column vc_column_container vc_col-sm-12\"><div class=\"vc_column-inner\"><div class=\"wpb_wrapper\">\n\t<div class=\"wpb_text_column wpb_content_element\" >\n\t\t<div class=\"wpb_wrapper\">\n\t\t\t<h3>Hotel e resort a 5 stelle alle Maldive\u00a0 <a href=\"http:\/\/maldives-paradise.com\/it\/?page_id=4124\">Pagina 1<\/a> <a href=\"http:\/\/maldives-paradise.com\/it\/?page_id=7968\">Pagina 2<\/a> \u00a0 <a href=\"http:\/\/maldives-paradise.com\/it\/?page_id=7996\">Pagina 3<\/a>\u00a0 <a href=\"http:\/\/maldives-paradise.com\/it\/?page_id=8053\">Pagina 4<\/a>\u00a0 <a href=\"http:\/\/maldives-paradise.com\/it\/?page_id=8128\">Pagina 5<\/a>\u00a0\u00a0 <a href=\"http:\/\/maldives-paradise.com\/it\/?page_id=8170\">Pagina 6<\/a> \u00a0<a href=\"http:\/\/maldives-paradise.com\/it\/resort-hotel-5-stelle-alle-maldive-8\/\">Pagina 8<\/a>\u00a0\u00a0<a href=\"https:\/\/maldives-paradise.com\/it\/hotel-resort-a-5-stelle-alle-maldive-9\/\">Pagina 9<\/a><\/h3>\n\n\t\t<\/div>\n\t<\/div>\n<\/div><\/div><\/div><\/div>\n<\/div>","protected":false},"excerpt":{"rendered":"<div class=\"mh-excerpt\"><\/div>","protected":false},"author":1,"featured_media":8400,"parent":0,"menu_order":0,"comment_status":"closed","ping_status":"closed","template":"","meta":{"footnotes":""},"class_list":["post-8384","page","type-page","status-publish","has-post-thumbnail"],"aioseo_notices":[],"_links":{"self":[{"href":"http:\/\/maldives-paradise.com\/it\/wp-json\/wp\/v2\/pages\/8384","targetHints":{"allow":["GET"]}}],"collection":[{"href":"http:\/\/maldives-paradise.com\/it\/wp-json\/wp\/v2\/pages"}],"about":[{"href":"http:\/\/maldives-paradise.com\/it\/wp-json\/wp\/v2\/types\/page"}],"author":[{"embeddable":true,"href":"http:\/\/maldives-paradise.com\/it\/wp-json\/wp\/v2\/users\/1"}],"replies":[{"embeddable":true,"href":"http:\/\/maldives-paradise.com\/it\/wp-json\/wp\/v2\/comments?post=8384"}],"version-history":[{"count":6,"href":"http:\/\/maldives-paradise.com\/it\/wp-json\/wp\/v2\/pages\/8384\/revisions"}],"predecessor-version":[{"id":34302,"href":"http:\/\/maldives-paradise.com\/it\/wp-json\/wp\/v2\/pages\/8384\/revisions\/34302"}],"wp:featuredmedia":[{"embeddable":true,"href":"http:\/\/maldives-paradise.com\/it\/wp-json\/wp\/v2\/media\/8400"}],"wp:attachment":[{"href":"http:\/\/maldives-paradise.com\/it\/wp-json\/wp\/v2\/media?parent=8384"}],"curies":[{"name":"wp","href":"https:\/\/api.w.org\/{rel}","templated":true}]}}