{"id":7996,"date":"2024-01-02T18:17:30","date_gmt":"2024-01-02T18:17:30","guid":{"rendered":"http:\/\/maldives-paradise.com\/?page_id=7996"},"modified":"2025-02-22T09:07:32","modified_gmt":"2025-02-22T09:07:32","slug":"hotel-5-stelle-resort-alle-maldive-3","status":"publish","type":"page","link":"http:\/\/maldives-paradise.com\/it\/hotel-5-stelle-resort-alle-maldive-3\/","title":{"rendered":"Hotel e resort a 5 stelle alle Maldive 3"},"content":{"rendered":"<div class=\"wpb-content-wrapper\"><div class=\"vc_row wpb_row vc_row-fluid\"><div class=\"wpb_column vc_column_container vc_col-sm-12\"><div class=\"vc_column-inner\"><div class=\"wpb_wrapper\">\n\t<div class=\"wpb_text_column wpb_content_element\" >\n\t\t<div class=\"wpb_wrapper\">\n\t\t\t<h3>Una selezione di hotel e resort a 5 stelle alle Maldive pagina 3<\/h3>\n<p>Le Maldive sono rinomate per la loro <strong data-start=\"82\" data-end=\"121\">lussuosi hotel e resort a 5 stelle<\/strong>, offrendo impareggiabile <strong data-start=\"145\" data-end=\"191\">eleganza, riservatezza e servizio di prima classe<\/strong>Questi ritiri esclusivi sono caratterizzati <strong data-start=\"226\" data-end=\"316\">ville sull&#039;acqua, piscine a sfioro, ristoranti raffinati e servizi di maggiordomo privato<\/strong>.<\/p>\n\n\t\t<\/div>\n\t<\/div>\n<\/div><\/div><\/div><\/div><div class=\"vc_row wpb_row vc_row-fluid\"><div class=\"wpb_column vc_column_container vc_col-sm-3\"><div class=\"vc_column-inner\"><div class=\"wpb_wrapper\">\n\t<div  class=\"wpb_single_image wpb_content_element vc_align_left wpb_content_element\">\n\t\t\n\t\t<figure class=\"wpb_wrapper vc_figure\">\n\t\t\t<a href=\"http:\/\/maldives-paradise.com\/it\/?page_id=7002\" target=\"_self\" class=\"vc_single_image-wrapper   vc_box_border_grey\"><img loading=\"lazy\" decoding=\"async\" width=\"150\" height=\"150\" src=\"https:\/\/maldives-paradise.com\/wp-content\/uploads\/2024\/01\/Dusit-Thani-Maldives2-150x150.jpg\" class=\"vc_single_image-img attachment-thumbnail\" alt=\"Dusit Thani Maldive\" title=\"Dusit-Thani-Maldive2\" \/><\/a>\n\t\t<\/figure>\n\t<\/div>\n<\/div><\/div><\/div><div class=\"wpb_column vc_column_container vc_col-sm-9\"><div class=\"vc_column-inner\"><div class=\"wpb_wrapper\">\n\t<div class=\"wpb_text_column wpb_content_element\" >\n\t\t<div class=\"wpb_wrapper\">\n\t\t\t<h4><a href=\"http:\/\/maldives-paradise.com\/it\/?page_id=7002\">Dusit Thani Maldive<\/a><\/h4>\n<p>Concedetevi l&#039;epitome del lusso a <strong>Dusit Thani Maldive,<\/strong> un&#039;isola paradisiaca incontaminata che combina perfettamente l&#039;opulenza con la bellezza naturale delle Maldive. Immerso nel cuore dell&#039;Oceano Indiano, questo resort di prima classe attira i viaggiatori pi\u00f9 esigenti con la sua impareggiabile miscela di design sofisticato, servizio impeccabile e dintorni mozzafiato.<\/p>\n\n\t\t<\/div>\n\t<\/div>\n<\/div><\/div><\/div><\/div><div class=\"vc_row wpb_row vc_row-fluid\"><div class=\"wpb_column vc_column_container vc_col-sm-3\"><div class=\"vc_column-inner\"><div class=\"wpb_wrapper\">\n\t<div  class=\"wpb_single_image wpb_content_element vc_align_left wpb_content_element\">\n\t\t\n\t\t<figure class=\"wpb_wrapper vc_figure\">\n\t\t\t<a href=\"http:\/\/maldives-paradise.com\/it\/?page_id=7009\" target=\"_self\" class=\"vc_single_image-wrapper   vc_box_border_grey\"><img loading=\"lazy\" decoding=\"async\" width=\"150\" height=\"150\" src=\"https:\/\/maldives-paradise.com\/wp-content\/uploads\/2024\/01\/Emerald-Maldives-Service-at-the-Main-Pool-150x150.jpg\" class=\"vc_single_image-img attachment-thumbnail\" alt=\"Resort &amp; Spa Smeraldo Maldives\" title=\"Emerald-Maldive---Servizio-nella-piscina-principale\" \/><\/a>\n\t\t<\/figure>\n\t<\/div>\n<\/div><\/div><\/div><div class=\"wpb_column vc_column_container vc_col-sm-9\"><div class=\"vc_column-inner\"><div class=\"wpb_wrapper\">\n\t<div class=\"wpb_text_column wpb_content_element\" >\n\t\t<div class=\"wpb_wrapper\">\n\t\t\t<h4><a href=\"http:\/\/maldives-paradise.com\/it\/?page_id=7009\">Resort &amp; Spa Smeraldo Maldives<\/a><\/h4>\n<p><strong>Resort &amp; Spa Smeraldo Maldives<\/strong> \u00e8 un santuario di serenit\u00e0 immerso nel cuore dell&#039;Oceano Indiano. Questo resort di lusso \u00e8 una testimonianza di raffinata eleganza, offrendo un&#039;esperienza senza precedenti che combina bellezza naturale mozzafiato con servizi di prima classe. Ecco le principali caratteristiche che rendono Emerald Maldives un paradiso per i viaggiatori pi\u00f9 esigenti.<\/p>\n\n\t\t<\/div>\n\t<\/div>\n<\/div><\/div><\/div><\/div><div class=\"vc_row wpb_row vc_row-fluid\"><div class=\"wpb_column vc_column_container vc_col-sm-3\"><div class=\"vc_column-inner\"><div class=\"wpb_wrapper\">\n\t<div  class=\"wpb_single_image wpb_content_element vc_align_left wpb_content_element\">\n\t\t\n\t\t<figure class=\"wpb_wrapper vc_figure\">\n\t\t\t<a href=\"http:\/\/maldives-paradise.com\/it\/?page_id=7014\" target=\"_self\" class=\"vc_single_image-wrapper   vc_box_border_grey\"><img loading=\"lazy\" decoding=\"async\" width=\"150\" height=\"150\" src=\"https:\/\/maldives-paradise.com\/wp-content\/uploads\/2024\/01\/Fairmont-Maldives-Sirru-Fen-Fushi2-150x150.jpg\" class=\"vc_single_image-img attachment-thumbnail\" alt=\"Fairmont Maldive Sirru Fen Fushi\" title=\"Fairmont-Maldive-Sirru-Fen-Fushi2\" \/><\/a>\n\t\t<\/figure>\n\t<\/div>\n<\/div><\/div><\/div><div class=\"wpb_column vc_column_container vc_col-sm-9\"><div class=\"vc_column-inner\"><div class=\"wpb_wrapper\">\n\t<div class=\"wpb_text_column wpb_content_element\" >\n\t\t<div class=\"wpb_wrapper\">\n\t\t\t<h4><a href=\"http:\/\/maldives-paradise.com\/it\/?page_id=7014\">Fairmont Maldive Sirru Fen Fushi<\/a><\/h4>\n<p>Lusso a <strong>Fairmont Maldive Sirru Fen Fushi<\/strong> \u00e8 un resort incontaminato composto da sole ville nel cuore delle Maldive. Questo resort esclusivo attira i viaggiatori che cercano una fuga senza precedenti con la sua squisita miscela di opulenza, bellezza naturale e servizi di prima classe.<\/p>\n\n\t\t<\/div>\n\t<\/div>\n<\/div><\/div><\/div><\/div><div class=\"vc_row wpb_row vc_row-fluid\"><div class=\"wpb_column vc_column_container vc_col-sm-3\"><div class=\"vc_column-inner\"><div class=\"wpb_wrapper\">\n\t<div  class=\"wpb_single_image wpb_content_element vc_align_left wpb_content_element\">\n\t\t\n\t\t<figure class=\"wpb_wrapper vc_figure\">\n\t\t\t<a href=\"http:\/\/maldives-paradise.com\/it\/?page_id=7073\" target=\"_self\" class=\"vc_single_image-wrapper   vc_box_border_grey\"><img loading=\"lazy\" decoding=\"async\" width=\"150\" height=\"150\" src=\"https:\/\/maldives-paradise.com\/wp-content\/uploads\/2024\/01\/Finolhu-Baa-Atoll-Maldives-150x150.jpg\" class=\"vc_single_image-img attachment-thumbnail\" alt=\"Atollo di Finolhu Baa Maldive\" title=\"Finolhu-Baa-Atollo-Maldive\" \/><\/a>\n\t\t<\/figure>\n\t<\/div>\n<\/div><\/div><\/div><div class=\"wpb_column vc_column_container vc_col-sm-9\"><div class=\"vc_column-inner\"><div class=\"wpb_wrapper\">\n\t<div class=\"wpb_text_column wpb_content_element\" >\n\t\t<div class=\"wpb_wrapper\">\n\t\t\t<h4><a href=\"http:\/\/maldives-paradise.com\/it\/?page_id=7073\">Atollo di Finolhu Baa Maldive<\/a><\/h4>\n<p>Fuggi in un mondo di lusso senza pari e bellezza mozzafiato <strong>Atollo di Finolhu Baa Maldive<\/strong>. Immerso nel cuore della Riserva della Biosfera dell&#039;UNESCO, questo esclusivo resort ridefinisce il significato di una vacanza tropicale. Vantando una fusione di design contemporaneo e splendore naturale, Finolhu \u00e8 un paradiso per chi cerca il massimo del lusso e del relax.<\/p>\n\n\t\t<\/div>\n\t<\/div>\n<\/div><\/div><\/div><\/div><div class=\"vc_row wpb_row vc_row-fluid\"><div class=\"wpb_column vc_column_container vc_col-sm-3\"><div class=\"vc_column-inner\"><div class=\"wpb_wrapper\">\n\t<div  class=\"wpb_single_image wpb_content_element vc_align_left wpb_content_element\">\n\t\t\n\t\t<figure class=\"wpb_wrapper vc_figure\">\n\t\t\t<a href=\"http:\/\/maldives-paradise.com\/it\/?page_id=7079\" target=\"_self\" class=\"vc_single_image-wrapper   vc_box_border_grey\"><img loading=\"lazy\" decoding=\"async\" width=\"150\" height=\"150\" src=\"https:\/\/maldives-paradise.com\/wp-content\/uploads\/2024\/01\/Four-Seasons-Maldives-Kuda-Huraa2-150x150.jpg\" class=\"vc_single_image-img attachment-thumbnail\" alt=\"Quattro Stagioni Maldive Kuda Huraa\" title=\"Quattro Stagioni-Maldive-Kuda-Huraa2\" \/><\/a>\n\t\t<\/figure>\n\t<\/div>\n<\/div><\/div><\/div><div class=\"wpb_column vc_column_container vc_col-sm-9\"><div class=\"vc_column-inner\"><div class=\"wpb_wrapper\">\n\t<div class=\"wpb_text_column wpb_content_element\" >\n\t\t<div class=\"wpb_wrapper\">\n\t\t\t<h4><a href=\"http:\/\/maldives-paradise.com\/it\/?page_id=7079\">Quattro Stagioni Maldive Kuda Huraa<\/a><\/h4>\n<p><strong>Quattro Stagioni Maldive Kuda Huraa<\/strong> si erge come un faro di opulenza e tranquillit\u00e0, offrendo una fuga senza precedenti in paradiso. Questo resort di lusso \u00e8 una testimonianza dell&#039;arte dell&#039;ospitalit\u00e0, fondendo il tradizionale fascino maldiviano con la raffinatezza del marchio Four Seasons. Con la sua splendida cornice, il servizio impeccabile e una miriade di servizi di prima classe, il Four Seasons Maldives Kuda Huraa \u00e8 l&#039;emblema di una vacanza da sogno.<\/p>\n\n\t\t<\/div>\n\t<\/div>\n<\/div><\/div><\/div><\/div><div class=\"vc_row wpb_row vc_row-fluid\"><div class=\"wpb_column vc_column_container vc_col-sm-3\"><div class=\"vc_column-inner\"><div class=\"wpb_wrapper\">\n\t<div  class=\"wpb_single_image wpb_content_element vc_align_left wpb_content_element\">\n\t\t\n\t\t<figure class=\"wpb_wrapper vc_figure\">\n\t\t\t<a href=\"http:\/\/maldives-paradise.com\/it\/?page_id=7083\" target=\"_self\" class=\"vc_single_image-wrapper   vc_box_border_grey\"><img loading=\"lazy\" decoding=\"async\" width=\"150\" height=\"150\" src=\"https:\/\/maldives-paradise.com\/wp-content\/uploads\/2024\/01\/Four-Seasons-Maldives-Landaa-Giraavaru2-150x150.jpeg\" class=\"vc_single_image-img attachment-thumbnail\" alt=\"Four Seasons Maldive Landaa Giraavaru\" title=\"Four-Seasons-Maldive-Landaa-Giraavaru2\" \/><\/a>\n\t\t<\/figure>\n\t<\/div>\n<\/div><\/div><\/div><div class=\"wpb_column vc_column_container vc_col-sm-9\"><div class=\"vc_column-inner\"><div class=\"wpb_wrapper\">\n\t<div class=\"wpb_text_column wpb_content_element\" >\n\t\t<div class=\"wpb_wrapper\">\n\t\t\t<h4><a href=\"http:\/\/maldives-paradise.com\/it\/?page_id=7083\">Four Seasons Maldive Landaa Giraavaru<\/a><\/h4>\n<p>Fuggi in un mondo di opulenza e serenit\u00e0 allo squisito <strong>Four Seasons Maldive Landaa Giraavaru<\/strong>, dove il lusso incontra la natura in perfetta armonia. Immerso nel cuore dell&#039;atollo di Baa, questo idilliaco resort ridefinisce il significato di paradiso tropicale, offrendo ai viaggiatori pi\u00f9 esigenti un&#039;esperienza senza precedenti di felicit\u00e0 e raffinatezza.<\/p>\n\n\t\t<\/div>\n\t<\/div>\n<\/div><\/div><\/div><\/div><div class=\"vc_row wpb_row vc_row-fluid\"><div class=\"wpb_column vc_column_container vc_col-sm-3\"><div class=\"vc_column-inner\"><div class=\"wpb_wrapper\">\n\t<div  class=\"wpb_single_image wpb_content_element vc_align_left wpb_content_element\">\n\t\t\n\t\t<figure class=\"wpb_wrapper vc_figure\">\n\t\t\t<a href=\"http:\/\/maldives-paradise.com\/it\/?page_id=7087\" target=\"_self\" class=\"vc_single_image-wrapper   vc_box_border_grey\"><img loading=\"lazy\" decoding=\"async\" width=\"150\" height=\"150\" src=\"https:\/\/maldives-paradise.com\/wp-content\/uploads\/2024\/01\/Fushifaru-Maldives2-150x150.jpg\" class=\"vc_single_image-img attachment-thumbnail\" alt=\"Fushifaru Maldive\" title=\"Fushifaru-Maldive2\" \/><\/a>\n\t\t<\/figure>\n\t<\/div>\n<\/div><\/div><\/div><div class=\"wpb_column vc_column_container vc_col-sm-9\"><div class=\"vc_column-inner\"><div class=\"wpb_wrapper\">\n\t<div class=\"wpb_text_column wpb_content_element\" >\n\t\t<div class=\"wpb_wrapper\">\n\t\t\t<h4><a href=\"http:\/\/maldives-paradise.com\/it\/?page_id=7087\">Fushifaru Maldive<\/a><\/h4>\n<p><strong>Fushifaru Maldive <\/strong>\u00e8 un&#039;oasi di tranquillit\u00e0 immersa nel cuore dell&#039;Oceano Indiano. Questo esclusivo resort di lusso offre una perfetta combinazione di bellezza naturale mozzafiato e ospitalit\u00e0 senza pari, rendendolo la destinazione definitiva per chi cerca una fuga straordinaria.<\/p>\n\n\t\t<\/div>\n\t<\/div>\n<\/div><\/div><\/div><\/div><div class=\"vc_row wpb_row vc_row-fluid\"><div class=\"wpb_column vc_column_container vc_col-sm-3\"><div class=\"vc_column-inner\"><div class=\"wpb_wrapper\">\n\t<div  class=\"wpb_single_image wpb_content_element vc_align_left wpb_content_element\">\n\t\t\n\t\t<figure class=\"wpb_wrapper vc_figure\">\n\t\t\t<a href=\"http:\/\/maldives-paradise.com\/it\/?page_id=7096\" target=\"_self\" class=\"vc_single_image-wrapper   vc_box_border_grey\"><img loading=\"lazy\" decoding=\"async\" width=\"150\" height=\"150\" src=\"https:\/\/maldives-paradise.com\/wp-content\/uploads\/2024\/01\/Gili-ankanfushi-Maldives2-150x150.jpg\" class=\"vc_single_image-img attachment-thumbnail\" alt=\"Gili Lankanfushi Maldive\" title=\"Gili-ankanfushi-Maldive2\" \/><\/a>\n\t\t<\/figure>\n\t<\/div>\n<\/div><\/div><\/div><div class=\"wpb_column vc_column_container vc_col-sm-9\"><div class=\"vc_column-inner\"><div class=\"wpb_wrapper\">\n\t<div class=\"wpb_text_column wpb_content_element\" >\n\t\t<div class=\"wpb_wrapper\">\n\t\t\t<h4><a href=\"http:\/\/maldives-paradise.com\/it\/?page_id=7096\">Gili Lankanfushi Maldive<\/a><\/h4>\n<p>Fuggi in un mondo di lusso senza pari e bellezza mozzafiato <strong>Gili Lankanfushi Maldive<\/strong>, dove ogni momento \u00e8 una celebrazione di opulenza e serenit\u00e0. Immerso nel cuore dell&#039;Oceano Indiano, questo esclusivo resort ridefinisce il concetto di indulgenza, offrendo un&#039;esperienza impareggiabile che fonde perfettamente natura, lusso e servizio personalizzato.<\/p>\n\n\t\t<\/div>\n\t<\/div>\n<\/div><\/div><\/div><\/div><div class=\"vc_row wpb_row vc_row-fluid\"><div class=\"wpb_column vc_column_container vc_col-sm-3\"><div class=\"vc_column-inner\"><div class=\"wpb_wrapper\">\n\t<div  class=\"wpb_single_image wpb_content_element vc_align_left wpb_content_element\">\n\t\t\n\t\t<figure class=\"wpb_wrapper vc_figure\">\n\t\t\t<a href=\"http:\/\/maldives-paradise.com\/it\/?page_id=7100\" target=\"_self\" class=\"vc_single_image-wrapper   vc_box_border_grey\"><img loading=\"lazy\" decoding=\"async\" width=\"150\" height=\"150\" src=\"https:\/\/maldives-paradise.com\/wp-content\/uploads\/2024\/01\/hard-rock-hotel-maldives2-150x150.jpg\" class=\"vc_single_image-img attachment-thumbnail\" alt=\"Hard Rock Hotel Maldive\" title=\"hard-rock-hotel-maldive2\" \/><\/a>\n\t\t<\/figure>\n\t<\/div>\n<\/div><\/div><\/div><div class=\"wpb_column vc_column_container vc_col-sm-9\"><div class=\"vc_column-inner\"><div class=\"wpb_wrapper\">\n\t<div class=\"wpb_text_column wpb_content_element\" >\n\t\t<div class=\"wpb_wrapper\">\n\t\t\t<h4><a href=\"http:\/\/maldives-paradise.com\/it\/?page_id=7100\">Hard Rock Hotel Maldive<\/a><\/h4>\n<p>Il tutto compreso <strong>Hard Rock Hotel Maldive<\/strong> invita i viaggiatori pi\u00f9 esigenti a sperimentare l&#039;epitome del lusso e dell&#039;indulgenza. Questo resort idilliaco fonde perfettamente l&#039;iconico marchio Hard Rock con la bellezza mozzafiato delle Maldive, creando un paradiso dove l&#039;opulenza incontra lo splendore tropicale.<\/p>\n\n\t\t<\/div>\n\t<\/div>\n<\/div><\/div><\/div><\/div><div class=\"vc_row wpb_row vc_row-fluid\"><div class=\"wpb_column vc_column_container vc_col-sm-3\"><div class=\"vc_column-inner\"><div class=\"wpb_wrapper\">\n\t<div  class=\"wpb_single_image wpb_content_element vc_align_left wpb_content_element\">\n\t\t\n\t\t<figure class=\"wpb_wrapper vc_figure\">\n\t\t\t<a href=\"http:\/\/maldives-paradise.com\/it\/?page_id=7104\" target=\"_self\" class=\"vc_single_image-wrapper   vc_box_border_grey\"><img loading=\"lazy\" decoding=\"async\" width=\"150\" height=\"150\" src=\"https:\/\/maldives-paradise.com\/wp-content\/uploads\/2024\/01\/heritance-aarah-maldives-ocean-suite-6-150x150.jpg\" class=\"vc_single_image-img attachment-thumbnail\" alt=\"Heritance Aarah \u2013 Resort di lusso tutto compreso\" title=\"eredit\u00e0-aarah-maldive-ocean-suite-6\" \/><\/a>\n\t\t<\/figure>\n\t<\/div>\n<\/div><\/div><\/div><div class=\"wpb_column vc_column_container vc_col-sm-9\"><div class=\"vc_column-inner\"><div class=\"wpb_wrapper\">\n\t<div class=\"wpb_text_column wpb_content_element\" >\n\t\t<div class=\"wpb_wrapper\">\n\t\t\t<h4><a href=\"http:\/\/maldives-paradise.com\/it\/?page_id=7104\">Heritance Aarah \u2013 Resort di lusso tutto compreso<\/a><\/h4>\n<p>Nel cuore delle affascinanti Maldive, il resort premium all-inclusive <strong>Eredit\u00e0 Aarah<\/strong> rappresenta l&#039;epitome del lusso e dell&#039;indulgenza. Questo splendido resort \u00e8 un paradiso per coloro che cercano una fuga tropicale senza precedenti, dove acque cristalline, spiagge incontaminate e sistemazioni opulente convergono per creare un&#039;esperienza davvero indimenticabile.<\/p>\n\n\t\t<\/div>\n\t<\/div>\n<\/div><\/div><\/div><\/div><div class=\"vc_row wpb_row vc_row-fluid\"><div class=\"wpb_column vc_column_container vc_col-sm-3\"><div class=\"vc_column-inner\"><div class=\"wpb_wrapper\">\n\t<div  class=\"wpb_single_image wpb_content_element vc_align_left wpb_content_element\">\n\t\t\n\t\t<figure class=\"wpb_wrapper vc_figure\">\n\t\t\t<a href=\"http:\/\/maldives-paradise.com\/it\/?page_id=7108\" target=\"_self\" class=\"vc_single_image-wrapper   vc_box_border_grey\"><img loading=\"lazy\" decoding=\"async\" width=\"150\" height=\"150\" src=\"https:\/\/maldives-paradise.com\/wp-content\/uploads\/2024\/01\/HiltonMaldives-Amingiri-Resort2-150x150.jpg\" class=\"vc_single_image-img attachment-thumbnail\" alt=\"Hilton Maldive Amingiri Resort &amp; Spa\" title=\"HiltonMaldives-Amingiri-Resort2\" \/><\/a>\n\t\t<\/figure>\n\t<\/div>\n<\/div><\/div><\/div><div class=\"wpb_column vc_column_container vc_col-sm-9\"><div class=\"vc_column-inner\"><div class=\"wpb_wrapper\">\n\t<div class=\"wpb_text_column wpb_content_element\" >\n\t\t<div class=\"wpb_wrapper\">\n\t\t\t<h4><a href=\"http:\/\/maldives-paradise.com\/it\/?page_id=7108\">Hilton Maldive Amingiri Resort &amp; Spa<\/a><\/h4>\n<p>Il resort di lusso tutto compreso, <strong>Hilton Maldive Amingiri Resort &amp; Spa<\/strong> invita i viaggiatori pi\u00f9 esigenti a sperimentare un paradiso di lusso senza pari. Questa oasi tropicale, sullo sfondo di acque turchesi cristalline e spiagge incontaminate di sabbia bianca, \u00e8 una testimonianza di opulenza e tranquillit\u00e0. Ecco alcune delle caratteristiche principali che rendono questo resort un vero gioiello alle Maldive.<\/p>\n\n\t\t<\/div>\n\t<\/div>\n<\/div><\/div><\/div><\/div><div class=\"vc_row wpb_row vc_row-fluid\"><div class=\"wpb_column vc_column_container vc_col-sm-3\"><div class=\"vc_column-inner\"><div class=\"wpb_wrapper\">\n\t<div  class=\"wpb_single_image wpb_content_element vc_align_left wpb_content_element\">\n\t\t\n\t\t<figure class=\"wpb_wrapper vc_figure\">\n\t\t\t<a href=\"http:\/\/maldives-paradise.com\/it\/?page_id=7112\" target=\"_self\" class=\"vc_single_image-wrapper   vc_box_border_grey\"><img loading=\"lazy\" decoding=\"async\" width=\"150\" height=\"150\" src=\"https:\/\/maldives-paradise.com\/wp-content\/uploads\/2024\/01\/Hurawalhi-Island2-150x150.jpg\" class=\"vc_single_image-img attachment-thumbnail\" alt=\"Isola di Hurawalhi \u2013 Resort per soli adulti e tutto compreso\" title=\"Hurawalhi-Isola2\" \/><\/a>\n\t\t<\/figure>\n\t<\/div>\n<\/div><\/div><\/div><div class=\"wpb_column vc_column_container vc_col-sm-9\"><div class=\"vc_column-inner\"><div class=\"wpb_wrapper\">\n\t<div class=\"wpb_text_column wpb_content_element\" >\n\t\t<div class=\"wpb_wrapper\">\n\t\t\t<h4><a href=\"http:\/\/maldives-paradise.com\/it\/?page_id=7112\">Isola di Hurawalhi \u2013 Resort per soli adulti e tutto compreso<\/a><\/h4>\n<p>Scopri il Paradiso: svelare il fascino di <strong>Isola di Hurawalhi Maldive.<br \/>\n<\/strong>Fuggi in un mondo di opulenza e tranquillit\u00e0 sull&#039;isola di Hurawalhi, un lussuoso rifugio immerso nel cuore delle Maldive. Rinomato per la sua impareggiabile bellezza e i suoi lussuosi servizi, questo esclusivo resort promette un rifugio indimenticabile che trascende l&#039;ordinario.<\/p>\n\n\t\t<\/div>\n\t<\/div>\n<\/div><\/div><\/div><\/div><div class=\"vc_row wpb_row vc_row-fluid\"><div class=\"wpb_column vc_column_container vc_col-sm-12\"><div class=\"vc_column-inner\"><div class=\"wpb_wrapper\">\n\t<div class=\"wpb_text_column wpb_content_element\" >\n\t\t<div class=\"wpb_wrapper\">\n\t\t\t<h3>Hotel e resort a 5 stelle alle Maldive\u00a0 <a href=\"http:\/\/maldives-paradise.com\/it\/?page_id=4124\">Pagina 1<\/a>\u00a0 <a href=\"http:\/\/maldives-paradise.com\/it\/?page_id=7968\">Pagina 2<\/a> \u00a0 <a href=\"http:\/\/maldives-paradise.com\/it\/?page_id=8053\">Pagina 4<\/a> \u00a0 <a href=\"http:\/\/maldives-paradise.com\/it\/?page_id=8128\">Pagina 5<\/a> \u00a0 <a href=\"http:\/\/maldives-paradise.com\/it\/?page_id=8170\">Pagina 6<\/a>\u00a0\u00a0 <a href=\"http:\/\/maldives-paradise.com\/it\/?page_id=8384\">Pagina 7<\/a> \u00a0<a href=\"http:\/\/maldives-paradise.com\/it\/resort-hotel-5-stelle-alle-maldive-8\/\">Pagina 8<\/a>\u00a0\u00a0<a href=\"https:\/\/maldives-paradise.com\/it\/hotel-resort-a-5-stelle-alle-maldive-9\/\">Pagina 9<\/a><\/h3>\n\n\t\t<\/div>\n\t<\/div>\n<\/div><\/div><\/div><\/div>\n<\/div>","protected":false},"excerpt":{"rendered":"<div class=\"mh-excerpt\"><\/div>","protected":false},"author":1,"featured_media":0,"parent":0,"menu_order":0,"comment_status":"closed","ping_status":"closed","template":"","meta":{"footnotes":""},"class_list":["post-7996","page","type-page","status-publish"],"aioseo_notices":[],"_links":{"self":[{"href":"http:\/\/maldives-paradise.com\/it\/wp-json\/wp\/v2\/pages\/7996","targetHints":{"allow":["GET"]}}],"collection":[{"href":"http:\/\/maldives-paradise.com\/it\/wp-json\/wp\/v2\/pages"}],"about":[{"href":"http:\/\/maldives-paradise.com\/it\/wp-json\/wp\/v2\/types\/page"}],"author":[{"embeddable":true,"href":"http:\/\/maldives-paradise.com\/it\/wp-json\/wp\/v2\/users\/1"}],"replies":[{"embeddable":true,"href":"http:\/\/maldives-paradise.com\/it\/wp-json\/wp\/v2\/comments?post=7996"}],"version-history":[{"count":6,"href":"http:\/\/maldives-paradise.com\/it\/wp-json\/wp\/v2\/pages\/7996\/revisions"}],"predecessor-version":[{"id":34298,"href":"http:\/\/maldives-paradise.com\/it\/wp-json\/wp\/v2\/pages\/7996\/revisions\/34298"}],"wp:attachment":[{"href":"http:\/\/maldives-paradise.com\/it\/wp-json\/wp\/v2\/media?parent=7996"}],"curies":[{"name":"wp","href":"https:\/\/api.w.org\/{rel}","templated":true}]}}